{"id":259,"date":"2023-02-21T21:13:32","date_gmt":"2023-02-21T21:13:32","guid":{"rendered":"https:\/\/new.vwdtest.com\/si\/?page_id=259"},"modified":"2026-05-04T16:58:55","modified_gmt":"2026-05-04T16:58:55","slug":"hcp-vwd","status":"publish","type":"page","link":"https:\/\/vwdtest.com\/si\/hcp-vwd\/","title":{"rendered":"HCP &amp; VWD"},"content":{"rendered":"\r\n\r\n<div class=\"container hb\">\r\n\t<div class=\"row\">\r\n\t\t<div class=\"col-12 col-lg-6 rtl\">\t\t<div class=\"hb__video ltr\">\r\n\t\t\t<div class=\"hb__video-img play_video\" data-video=\"video_hba\"><img decoding=\"async\" src=\"https:\/\/vwdtest.com\/si\/wp-content\/uploads\/sites\/77\/2023\/12\/VWD-thumbs-Corrales-English.png\"\r\n\t\t\t\t\tclass=\"hb__video-image\"><\/div>\r\n\t\t\t<div class=\"hb__video-text\">\r\n\t\t\t\t<h3 class=\"hb__video-title\">\r\n\t\t\t\t\tPou\u010dite se o iniciativi za <br \/>\r\nVWD test\t\t\t\t<\/h3>\r\n\t\t\t\t<button id=\"hcp_video\" class=\"hb__video-button button__large play_video\" data-video=\"video_hba\">\r\n\t\t\t\t\tOgled\t\t\t\t<\/button>\r\n\t\t\t<\/div>\r\n\t\t<\/div>\r\n\t\t<div class=\"hb__add-text\">\r\n\t\t\t<h3><strong>vwdtest.com\/si so razvili Dr. Fernando Corrales-Medina (Pridru\u017eeni Profesor Klini\u010dne pediatrije, Univerza Miami-Miller-jeve medicinske \u0161ole, ZDA), Profesor Erik Berntorp (Profesor klini\u010dnih raziskav koagulacije, Univerza v Lundu, \u0160vedska) in njuna ekipa mednarodnih strokovnjakov za motnje strjevanja krvi, da bi odgovorili na va\u0161a vpra\u0161anja o nenormalnih simptomih krvavitev in <a href=\"https:\/\/vwdtest.com\/si\/von-willebrand-disease\/\">von Willebrandovi bolezni <\/a>(VWD).<\/strong><\/h3>\n\t\t<\/div>\r\n\t\t<h1>\r\n\t\t\tVsi skupaj: Skrb za ljudi z VWD\t\t<\/h1>\r\n\t\t<ul>\n<li>Je kateri izmed va\u0161ih bolnikov zaskrbljen zaradi pogostih krvavitev iz nosu ali mo\u010dnih menstrualnih krvavitev?<\/li>\n<li>Ali star\u0161a skrbi, ker njegov otrok tako hitro dobi modrice?<\/li>\n<li>Vas je kontaktiral bolnik s von Willebrandovo boleznijo, ki i\u0161\u010de zdravljenje, ali so kateremu izmed va\u0161ih dolgoletnih bolnikov pred kratkim diagnosticirali to bolezen?<\/li>\n<li>Ali se spra\u0161ujete, \u010de krvavitev med pred kratkim izvedenim kirur\u0161kim posegom nakazuje na nediagnosticirano motnjo strjevanja krvi?<\/li>\n<\/ul>\n<h4>Mnogi bolniki s <a href=\"https:\/\/vwdtest.com\/si\/von-willebrand-disease\/\">Von Willebrandovo boleznijo<\/a> (VWD) se ne zavedajo svojega stanja in njihova diagnoza ostaja odprta. vwdtest.com\/si predstavlja podporo za dolo\u010ditev in diagnozo bolnikov z motnjami strjevanja krvi. Na\u0161li boste tudi navodila za va\u0161o vlogo na popotovanju va\u0161ega bolnika in nasvet strokovnjakov glede zdravljenja VWD. Diagnoza in zdravljenje VWD sta vedno multidisciplinarni trud in va\u0161 prispevek in znanje sta nujna za zagotovitev, da bolnik dobi skrb, ki si jo zaslu\u017ei.<\/h4>\n\t<\/div>\r\n\t<div class=\"col-12 col-lg-6\">\r\n\t<div class=\"hb__persons row\">\r\n\t\t\t\t\t\t\t\t\r\n\t\t\t\t<div class=\"hb__person col-6\" id=\"person_1\">\r\n\t\t\t\t\t<img decoding=\"async\" class=\"hb__person-image hbi\" src=\"https:\/\/vwdtest.com\/si\/wp-content\/uploads\/sites\/77\/2023\/02\/gynaecologist.png\"\r\n\t\t\t\t\t\talt=\"GINEKOLOG&lt;br&gt;\/ PORODNI\u010cAR\">\r\n\t\t\t\t\t<a href=\"https:\/\/vwdtest.com\/si\/vwd-and-gynaecology-obstetrics\/\" class=\"hb__person-button hbb\">\r\n\t\t\t\t\t\t<div class=\"hb__person-text\">\r\n\t\t\t\t\t\t\t<span class=\"hb__person-content\">\r\n\t\t\t\t\t\t\t\tGINEKOLOG<br>\/ PORODNI\u010cAR<span class=\"hb__person-content-arrow\"><\/span>\r\n\t\t\t\t\t\t\t<\/span>\r\n\t\t\t\t\t\t\t<span class=\"hb__person-bg\">\r\n\t\t\t\t\t\t\t\t<span class=\"hb__person-arrow triangle up hba\"><\/span>\r\n\t\t\t\t\t\t\t<\/span>\r\n\t\t\t\t\t\t<\/div>\r\n\t\t\t\t\t<\/a>\r\n\t\t\t\t<\/div>\r\n\t\t\t\t\t\t\t\r\n\t\t\t\t<div class=\"hb__person col-6\" id=\"person_2\">\r\n\t\t\t\t\t<img decoding=\"async\" class=\"hb__person-image hbi\" src=\"https:\/\/vwdtest.com\/si\/wp-content\/uploads\/sites\/77\/2023\/02\/dentist.png\"\r\n\t\t\t\t\t\talt=\"ZOBOZDRAVNIK\">\r\n\t\t\t\t\t<a href=\"https:\/\/vwdtest.com\/si\/vwd-and-denstistry\/\" class=\"hb__person-button hbb\">\r\n\t\t\t\t\t\t<div class=\"hb__person-text\">\r\n\t\t\t\t\t\t\t<span class=\"hb__person-content\">\r\n\t\t\t\t\t\t\t\tZOBOZDRAVNIK<span class=\"hb__person-content-arrow\"><\/span>\r\n\t\t\t\t\t\t\t<\/span>\r\n\t\t\t\t\t\t\t<span class=\"hb__person-bg\">\r\n\t\t\t\t\t\t\t\t<span class=\"hb__person-arrow triangle up hba\"><\/span>\r\n\t\t\t\t\t\t\t<\/span>\r\n\t\t\t\t\t\t<\/div>\r\n\t\t\t\t\t<\/a>\r\n\t\t\t\t<\/div>\r\n\t\t\t\t\t\t\t\r\n\t\t\t\t<div class=\"hb__person col-6\" id=\"person_3\">\r\n\t\t\t\t\t<img decoding=\"async\" class=\"hb__person-image hbi\" src=\"https:\/\/vwdtest.com\/si\/wp-content\/uploads\/sites\/77\/2023\/02\/family-doctor.png\"\r\n\t\t\t\t\t\talt=\"DRU\u017dINSKI ZDRAVNIK \/ &lt;br&gt;PEDIATER\">\r\n\t\t\t\t\t<a href=\"https:\/\/vwdtest.com\/si\/family-doctor-paediatrician\/\" class=\"hb__person-button hbb\">\r\n\t\t\t\t\t\t<div class=\"hb__person-text\">\r\n\t\t\t\t\t\t\t<span class=\"hb__person-content\">\r\n\t\t\t\t\t\t\t\tDRU\u017dINSKI ZDRAVNIK \/ <br>PEDIATER<span class=\"hb__person-content-arrow\"><\/span>\r\n\t\t\t\t\t\t\t<\/span>\r\n\t\t\t\t\t\t\t<span class=\"hb__person-bg\">\r\n\t\t\t\t\t\t\t\t<span class=\"hb__person-arrow triangle up hba\"><\/span>\r\n\t\t\t\t\t\t\t<\/span>\r\n\t\t\t\t\t\t<\/div>\r\n\t\t\t\t\t<\/a>\r\n\t\t\t\t<\/div>\r\n\t\t\t\t\t\t\t\r\n\t\t\t\t<div class=\"hb__person col-6\" id=\"person_4\">\r\n\t\t\t\t\t<img decoding=\"async\" class=\"hb__person-image hbi\" src=\"https:\/\/vwdtest.com\/si\/wp-content\/uploads\/sites\/77\/2023\/02\/resources.png\"\r\n\t\t\t\t\t\talt=\"Viri&lt;br&gt;za klinike\">\r\n\t\t\t\t\t<a href=\"https:\/\/vwdtest.com\/si\/clinician-materials\/\" class=\"hb__person-button hbb\">\r\n\t\t\t\t\t\t<div class=\"hb__person-text\">\r\n\t\t\t\t\t\t\t<span class=\"hb__person-content\">\r\n\t\t\t\t\t\t\t\tViri<br>za klinike<span class=\"hb__person-content-arrow\"><\/span>\r\n\t\t\t\t\t\t\t<\/span>\r\n\t\t\t\t\t\t\t<span class=\"hb__person-bg\">\r\n\t\t\t\t\t\t\t\t<span class=\"hb__person-arrow triangle up hba\"><\/span>\r\n\t\t\t\t\t\t\t<\/span>\r\n\t\t\t\t\t\t<\/div>\r\n\t\t\t\t\t<\/a>\r\n\t\t\t\t<\/div>\r\n\t\t\t\t\t\t\t\t\t\t<\/div>\r\n<\/div>\r\n<!-- <div class=\"row\">\r\n\t<div class=\"col-12 col-lg-5\">\r\n\t\t<div class=\"hb__video\">\r\n\t\t\t<div class=\"hb__video-img play_video\" data-video=\"video_hba\"><img decoding=\"async\" src=\"https:\/\/vwdtest.com\/si\/wp-content\/uploads\/sites\/77\/2023\/12\/VWD-thumbs-Corrales-English.png\"\r\n\t\t\t\t\tclass=\"hb__video-image\"><\/div>\r\n\t\t\t<div class=\"hb__video-text\">\r\n\t\t\t\t<h3 class=\"hb__video-title\">\r\n\t\t\t\t\tPou\u010dite se o iniciativi za <br \/>\r\nVWD test\t\t\t\t<\/h3>\r\n\t\t\t\t<button class=\"hb__video-button button__large play_video\" data-video=\"video_hba\">\r\n\t\t\t\t\tOgled\t\t\t\t<\/button>\r\n\t\t\t<\/div>\r\n\t\t<\/div>\r\n\t<\/div>\r\n\t<div class=\"col-12 col-lg-7\">\r\n\t\t<div class=\"hb__add-text\">\r\n\t\t\t<h3><strong>vwdtest.com\/si so razvili Dr. Fernando Corrales-Medina (Pridru\u017eeni Profesor Klini\u010dne pediatrije, Univerza Miami-Miller-jeve medicinske \u0161ole, ZDA), Profesor Erik Berntorp (Profesor klini\u010dnih raziskav koagulacije, Univerza v Lundu, \u0160vedska) in njuna ekipa mednarodnih strokovnjakov za motnje strjevanja krvi, da bi odgovorili na va\u0161a vpra\u0161anja o nenormalnih simptomih krvavitev in <a href=\"https:\/\/vwdtest.com\/si\/von-willebrand-disease\/\">von Willebrandovi bolezni <\/a>(VWD).<\/strong><\/h3>\n\t\t<\/div>\r\n\t<\/div>\r\n<\/div> -->\r\n<\/div>\r\n\r\n<div class=\"video\" id=\"video_hba\">\r\n\t<div class=\"video__box\">\r\n\t\t<div class=\"popup-close-icon\"><img\r\n\t\t\t\tsrc=\"https:\/\/vwdtest.com\/fr\/wp-content\/uploads\/sites\/22\/2023\/09\/cross-icon1.svg\" alt=\"cross-icon\">\r\n\t\t<\/div>\r\n\t\t<video width=\"320\" height=\"240\" controls>\r\n\t\t\t<source src=\"https:\/\/vwdtest.com\/si\/wp-content\/uploads\/sites\/77\/2023\/12\/VWD-Test-Main-Video_12_Corrales-EN.mp4\" type=\"video\/mp4\">\r\n\t\t\tYour browser does not support the video tag.\r\n\t\t\t\t\t<\/video>\r\n\t<\/div>\r\n<\/div>","protected":false},"excerpt":{"rendered":"","protected":false},"author":1,"featured_media":0,"parent":0,"menu_order":0,"comment_status":"closed","ping_status":"closed","template":"front-page.php","meta":{"inline_featured_image":false},"acf":[],"yoast_head":"<!-- This site is optimized with the Yoast SEO plugin v20.4 - https:\/\/yoast.com\/wordpress\/plugins\/seo\/ -->\n<title>HCP &amp; VWD - Slovenian<\/title>\n<meta name=\"robots\" content=\"index, follow, max-snippet:-1, max-image-preview:large, max-video-preview:-1\" \/>\n<link rel=\"canonical\" href=\"https:\/\/vwdtest.com\/si\/hcp-vwd\/\" \/>\n<meta property=\"og:locale\" content=\"en_US\" \/>\n<meta property=\"og:type\" content=\"article\" \/>\n<meta property=\"og:title\" content=\"HCP &amp; VWD - Slovenian\" \/>\n<meta property=\"og:url\" content=\"https:\/\/vwdtest.com\/si\/hcp-vwd\/\" \/>\n<meta property=\"og:site_name\" content=\"Slovenian\" \/>\n<meta property=\"article:modified_time\" content=\"2026-05-04T16:58:55+00:00\" \/>\n<meta name=\"twitter:card\" content=\"summary_large_image\" \/>\n<script type=\"application\/ld+json\" class=\"yoast-schema-graph\">{\"@context\":\"https:\/\/schema.org\",\"@graph\":[{\"@type\":\"WebPage\",\"@id\":\"https:\/\/vwdtest.com\/si\/hcp-vwd\/\",\"url\":\"https:\/\/vwdtest.com\/si\/hcp-vwd\/\",\"name\":\"HCP &amp; VWD - Slovenian\",\"isPartOf\":{\"@id\":\"https:\/\/vwdtest.com\/si\/#website\"},\"datePublished\":\"2023-02-21T21:13:32+00:00\",\"dateModified\":\"2026-05-04T16:58:55+00:00\",\"breadcrumb\":{\"@id\":\"https:\/\/vwdtest.com\/si\/hcp-vwd\/#breadcrumb\"},\"inLanguage\":\"en-US\",\"potentialAction\":[{\"@type\":\"ReadAction\",\"target\":[\"https:\/\/vwdtest.com\/si\/hcp-vwd\/\"]}]},{\"@type\":\"BreadcrumbList\",\"@id\":\"https:\/\/vwdtest.com\/si\/hcp-vwd\/#breadcrumb\",\"itemListElement\":[{\"@type\":\"ListItem\",\"position\":1,\"name\":\"Home\",\"item\":\"https:\/\/vwdtest.com\/si\/\"},{\"@type\":\"ListItem\",\"position\":2,\"name\":\"HCP &amp; VWD\"}]},{\"@type\":\"WebSite\",\"@id\":\"https:\/\/vwdtest.com\/si\/#website\",\"url\":\"https:\/\/vwdtest.com\/si\/\",\"name\":\"Slovenian\",\"description\":\"\",\"potentialAction\":[{\"@type\":\"SearchAction\",\"target\":{\"@type\":\"EntryPoint\",\"urlTemplate\":\"https:\/\/vwdtest.com\/si\/?s={search_term_string}\"},\"query-input\":\"required name=search_term_string\"}],\"inLanguage\":\"en-US\"}]}<\/script>\n<!-- \/ Yoast SEO plugin. -->","yoast_head_json":{"title":"HCP &amp; VWD - Slovenian","robots":{"index":"index","follow":"follow","max-snippet":"max-snippet:-1","max-image-preview":"max-image-preview:large","max-video-preview":"max-video-preview:-1"},"canonical":"https:\/\/vwdtest.com\/si\/hcp-vwd\/","og_locale":"en_US","og_type":"article","og_title":"HCP &amp; VWD - Slovenian","og_url":"https:\/\/vwdtest.com\/si\/hcp-vwd\/","og_site_name":"Slovenian","article_modified_time":"2026-05-04T16:58:55+00:00","twitter_card":"summary_large_image","schema":{"@context":"https:\/\/schema.org","@graph":[{"@type":"WebPage","@id":"https:\/\/vwdtest.com\/si\/hcp-vwd\/","url":"https:\/\/vwdtest.com\/si\/hcp-vwd\/","name":"HCP &amp; VWD - Slovenian","isPartOf":{"@id":"https:\/\/vwdtest.com\/si\/#website"},"datePublished":"2023-02-21T21:13:32+00:00","dateModified":"2026-05-04T16:58:55+00:00","breadcrumb":{"@id":"https:\/\/vwdtest.com\/si\/hcp-vwd\/#breadcrumb"},"inLanguage":"en-US","potentialAction":[{"@type":"ReadAction","target":["https:\/\/vwdtest.com\/si\/hcp-vwd\/"]}]},{"@type":"BreadcrumbList","@id":"https:\/\/vwdtest.com\/si\/hcp-vwd\/#breadcrumb","itemListElement":[{"@type":"ListItem","position":1,"name":"Home","item":"https:\/\/vwdtest.com\/si\/"},{"@type":"ListItem","position":2,"name":"HCP &amp; VWD"}]},{"@type":"WebSite","@id":"https:\/\/vwdtest.com\/si\/#website","url":"https:\/\/vwdtest.com\/si\/","name":"Slovenian","description":"","potentialAction":[{"@type":"SearchAction","target":{"@type":"EntryPoint","urlTemplate":"https:\/\/vwdtest.com\/si\/?s={search_term_string}"},"query-input":"required name=search_term_string"}],"inLanguage":"en-US"}]}},"_links":{"self":[{"href":"https:\/\/vwdtest.com\/si\/wp-json\/wp\/v2\/pages\/259"}],"collection":[{"href":"https:\/\/vwdtest.com\/si\/wp-json\/wp\/v2\/pages"}],"about":[{"href":"https:\/\/vwdtest.com\/si\/wp-json\/wp\/v2\/types\/page"}],"author":[{"embeddable":true,"href":"https:\/\/vwdtest.com\/si\/wp-json\/wp\/v2\/users\/1"}],"replies":[{"embeddable":true,"href":"https:\/\/vwdtest.com\/si\/wp-json\/wp\/v2\/comments?post=259"}],"version-history":[{"count":69,"href":"https:\/\/vwdtest.com\/si\/wp-json\/wp\/v2\/pages\/259\/revisions"}],"predecessor-version":[{"id":3008,"href":"https:\/\/vwdtest.com\/si\/wp-json\/wp\/v2\/pages\/259\/revisions\/3008"}],"wp:attachment":[{"href":"https:\/\/vwdtest.com\/si\/wp-json\/wp\/v2\/media?parent=259"}],"curies":[{"name":"wp","href":"https:\/\/api.w.org\/{rel}","templated":true}]}}