{"id":811,"date":"2023-04-27T13:02:19","date_gmt":"2023-04-27T13:02:19","guid":{"rendered":"https:\/\/new.vwdtest.com\/se\/?page_id=811"},"modified":"2024-03-27T09:36:11","modified_gmt":"2024-03-27T09:36:11","slug":"i-am-a-worried-parent","status":"publish","type":"page","link":"https:\/\/vwdtest.com\/rs\/i-am-a-worried-parent\/","title":{"rendered":"Zabrinuti sam roditelj"},"content":{"rendered":"<div class=\"default-block container\">\n<h2 class=\"worried-parent\">Krvari li moje dete previ\u0161e?<\/h2>\n<\/div>\n\n<div class=\"default-block container\">\n<h5 class=\"bleeding-symptoms-title worried\">Jeste li zabrinuti zbog ponavljaju\u0107eg krvarenja iz nosa Va\u0161eg djeteta? Dobija li Va\u0161e dete modrice lak\u0161e i \u010de\u0161\u0107e od svojih vr\u0161njaka? Je li Va\u0161e dete krvarilo du\u017ee od o\u010dekivanog nakon nedavne posete stomatologu ili manje operacije? Jeste li zabrinuti da bi menstruacije Va\u0161e k\u0107erke mogle biti preobilne?<\/h5>\n<\/div>\n\n<div class=\"default-block container\">\n<p class=\"full\">Mnogo je razloga za\u0161to Va\u0161e dete povremeno mo\u017ee krvariti. Deca se igraju i istra\u017euju svet oko sebe. Pritom su nezgode neizbe\u017ene, a ponekad \u0107e dete nakon takve nezgode dobiti modrice ili manju ranu. Ponekad \u0107e povreda nastala usled nezgode dovesti i do krvarenja. U ve\u0107ini \u0107e slu\u010dajeva telo brzo zaustaviti krvarenje procesom koji se naziva zgru\u0161avanje krvi. Nekoj deci, me\u0111utim, modrice nastaju lak\u0161e i ta deca \u010de\u0161\u0107e krvare od druge dece. Sre\u0107om, ova se vrsta krvarenja \u010desto mo\u017ee le\u010diti ili spre\u010diti. Ako ste zabrinuti jer Vam se \u010dini da Va\u0161e dete u\u010destalo i prelako krvari, va\u017eno je najpre utvrditi uzrok, a zatim odabrati odgovaraju\u0107e le\u010denje.<\/p>\n<\/div>\n\n<div class=\"default-block container\">\n<h2>Uzroci \u010destih krvarenja kod dece<\/h2>\n<\/div>\n\n<div class=\"default-block container\">\n<p class=\"full\">Pronala\u017eenje razloga za simptome krvarenja Va\u0161eg deteta nije uvek jednostavno, jer postoji toliko mnogo mogu\u0107ih razloga za krvarenje. <a href=\"https:\/\/vwdtest.com\/rs\/bleeding-symptoms\/#nosebleed\">Krvarenje iz nosa<\/a>, na primer, mo\u017ee biti uzrokovano kopanjem nosa, suvim vazduhom, povredom, prehladom ili alergijom ili jednostavno prejakim izduvavanjem nosa.<sup>1<\/sup> <a href=\"https:\/\/vwdtest.com\/rs\/bleeding-symptoms\/#oral-bleed\">Kvarenje iz usta<\/a> tako\u0111e mo\u017ee biti uzrokovano nezgodom, gubitkom me\u010dnog zuba, ugrizom ili upalom desni.<sup>2<\/sup> U\u010destala krvarenja iz nosa i desni tako\u0111e mogu biti simptom ozbiljnijeg zdravstvenog stanja, npr. osnovnog poreme\u0107aja krvarenja. Uglavnom su poreme\u0107aji krvarenja retki. Na\u017ealost, naj\u010de\u0161\u0107i nasledni poreme\u0107aj krvarenja, <a href=\"https:\/\/vwdtest.com\/rs\/von-willebrand-disease\/\">a to je von Willebrandova bolest (VWD)<\/a>, \u010desto se ne dijagnostikuje. Bez dijagnoze i le\u010denja, kod dece s VWD-om mo\u017ee nastupiti ozbiljno krvarenje. Osim u\u010destalog krvarenja iz nosa i desni, naj\u010de\u0161\u0107i su simptomi krvarenja u dece s VWD-om <a href=\"https:\/\/vwdtest.com\/rs\/bleeding-symptoms\/#easy-bruising\">lako stvaranje modrica<\/a> i du\u017ee krvarenje iz <a href=\"https:\/\/vwdtest.com\/rs\/bleeding-symptoms\/#minor-wounds\">manjih rana<\/a> i nakon <a href=\"https:\/\/vwdtest.com\/rs\/i-live-with-vwd\/#surgery\">va\u0111enje zuba ili operacije.<\/a> Kako devojke s VWD-om ulaze u pubertet, <a href=\"https:\/\/vwdtest.com\/rs\/bleeding-symptoms\/#hmb\">obilno menstrualno krvarenje<\/a> postaje naj\u010de\u0161\u0107i simptom.<sup>3<\/sup><\/p>\n<\/div>\n\n<div class=\"default-block container\">\n<h2>Simptomi krvarenja u porodici<\/h2>\n<\/div>\n\n<div class=\"default-block container\">\n<p class=\"full\">Nasledni poreme\u0107aji krvarenja \u010desto generacijama poga\u0111aju vi\u0161e \u010dlanova porodice. Ako roditelj, baka ili deka ili drugi ro\u0111aci tako\u0111e pokazuju znakove prekomernog krvarenja, mo\u017eete se zapitati da li je krvarenje koje ste primetili kod svog deteta normalno. Me\u0111utim, ako krvarenje ili modrice uti\u010du na op\u0161te zdravlje Va\u0161eg deteta, trebali bi o <a href=\"https:\/\/vwdtest.com\/rs\/bleeding-symptoms\/\" target=\"_blank\" rel=\"noreferrer noopener\">simptomima<\/a> porazgovarati sa svojim lekarom.<\/p>\n<\/div>\n\n<div class=\"default-block container\">\n<h2>Saznajte da li je krvarenje Va\u0161eg deteta normalno<\/h2>\n<\/div>\n\n<div class=\"default-block container\">\n<p class=\"full\">Kada se krvarenje smatra prekomernim? S obzirom na to da je na ovo pitanje te\u0161ko odgovoriti, lekari su razvili testove koji mogu pomo\u0107i u proceni simptoma krvarenja. Tim testovima mo\u017eete pristupiti na VWDtest.com. Ako Va\u0161e dete ima ponavljaju\u0107e krvarenje iz nosa, ako mu lako nastaju modrice ili ako mu je prisutan bilo koji od gore navedenih simptoma krvarenja, preporu\u010dujemo Vam da odvojite nekoliko minuta za testiranje. Radi se o kratkom upitniku o znakovima i simptomima mogu\u0107eg poreme\u0107aja krvarenja, a ishodom rezultata sazna\u0107ete da li treba da odvedete dete kod lekara.<\/p>\n<\/div>\n\n<div class=\"default-block container\">\n<div class=\"is-content-justification-right is-layout-flex wp-container-1 wp-block-buttons\">\n<div class=\"wp-block-button take-test\"><a class=\"wp-block-button__link wp-element-button\" href=\"https:\/\/vwdtest.com\/rs\/take-test\/\">Ispunite test<\/a><\/div>\n<\/div>\n<\/div>\n\n<div class=\"default-block container\">\n<h6>Literatura<\/h6>\n<\/div>\n\n<div class=\"default-block container\">\n<ol><div class=\"default-block container\">\n<li><a href=\"https:\/\/www.hopkinsmedicine.org\/health\/conditions-and-diseases\/nosebleeds\" target=\"_blank\" rel=\"noopener\">https:\/\/www.hopkinsmedicine.org\/health\/conditions-and-diseases\/nosebleeds<\/a> poslednji put pristupljeno u martu 2023.<\/li>\n<\/div>\n\n<div class=\"default-block container\">\n<li><a href=\"https:\/\/www.childrensmn.org\/educationmaterials\/childrensmn\/article\/15581\/mouth-bleeding-with-a-bleeding-disorder\/\" target=\"_blank\" rel=\"noopener\">https:\/\/www.childrensmn.org\/educationmaterials\/childrensmn\/article\/15581\/mouth-bleeding-with-a-bleeding-disorder\/<\/a> poslednji put pristupljeno u martu 2023.<\/li>\n<\/div>\n\n<div class=\"default-block container\">\n<li>Corrales-Medina FF et al. Blood Rev 2022; 58:101018.<\/li>\n<\/div><\/ol>\n<\/div>","protected":false},"excerpt":{"rendered":"<p>Krvari li moje dete previ\u0161e? Jeste li zabrinuti zbog ponavljaju\u0107eg krvarenja iz nosa Va\u0161eg djeteta? Dobija li Va\u0161e dete modrice lak\u0161e i \u010de\u0161\u0107e od svojih vr\u0161njaka? Je li Va\u0161e dete krvarilo du\u017ee od o\u010dekivanog nakon nedavne posete stomatologu ili manje operacije? Jeste li zabrinuti da bi menstruacije Va\u0161e k\u0107erke mogle biti preobilne? Mnogo je razloga [&hellip;]<\/p>\n","protected":false},"author":1,"featured_media":996,"parent":0,"menu_order":0,"comment_status":"closed","ping_status":"closed","template":"","meta":{"inline_featured_image":false},"acf":[],"yoast_head":"<!-- This site is optimized with the Yoast SEO plugin v20.4 - https:\/\/yoast.com\/wordpress\/plugins\/seo\/ -->\n<title>Zabrinuti sam roditelj - Serbia<\/title>\n<meta name=\"robots\" content=\"index, follow, max-snippet:-1, max-image-preview:large, max-video-preview:-1\" \/>\n<link rel=\"canonical\" href=\"https:\/\/vwdtest.com\/rs\/i-am-a-worried-parent\/\" \/>\n<meta property=\"og:locale\" content=\"en_US\" \/>\n<meta property=\"og:type\" content=\"article\" \/>\n<meta property=\"og:title\" content=\"Zabrinuti sam roditelj - Serbia\" \/>\n<meta property=\"og:description\" content=\"Krvari li moje dete previ\u0161e? Jeste li zabrinuti zbog ponavljaju\u0107eg krvarenja iz nosa Va\u0161eg djeteta? Dobija li Va\u0161e dete modrice lak\u0161e i \u010de\u0161\u0107e od svojih vr\u0161njaka? Je li Va\u0161e dete krvarilo du\u017ee od o\u010dekivanog nakon nedavne posete stomatologu ili manje operacije? Jeste li zabrinuti da bi menstruacije Va\u0161e k\u0107erke mogle biti preobilne? Mnogo je razloga [&hellip;]\" \/>\n<meta property=\"og:url\" content=\"https:\/\/vwdtest.com\/rs\/i-am-a-worried-parent\/\" \/>\n<meta property=\"og:site_name\" content=\"Serbia\" \/>\n<meta property=\"article:modified_time\" content=\"2024-03-27T09:36:11+00:00\" \/>\n<meta property=\"og:image\" content=\"https:\/\/vwdtest.com\/rs\/wp-content\/uploads\/sites\/57\/2023\/07\/Worried-patients-1-1.png\" \/>\n\t<meta property=\"og:image:width\" content=\"828\" \/>\n\t<meta property=\"og:image:height\" content=\"982\" \/>\n\t<meta property=\"og:image:type\" content=\"image\/png\" \/>\n<meta name=\"twitter:card\" content=\"summary_large_image\" \/>\n<meta name=\"twitter:label1\" content=\"Est. reading time\" \/>\n\t<meta name=\"twitter:data1\" content=\"3 minutes\" \/>\n<script type=\"application\/ld+json\" class=\"yoast-schema-graph\">{\"@context\":\"https:\/\/schema.org\",\"@graph\":[{\"@type\":\"WebPage\",\"@id\":\"https:\/\/vwdtest.com\/rs\/i-am-a-worried-parent\/\",\"url\":\"https:\/\/vwdtest.com\/rs\/i-am-a-worried-parent\/\",\"name\":\"Zabrinuti sam roditelj - Serbia\",\"isPartOf\":{\"@id\":\"https:\/\/vwdtest.com\/rs\/#website\"},\"datePublished\":\"2023-04-27T13:02:19+00:00\",\"dateModified\":\"2024-03-27T09:36:11+00:00\",\"breadcrumb\":{\"@id\":\"https:\/\/vwdtest.com\/rs\/i-am-a-worried-parent\/#breadcrumb\"},\"inLanguage\":\"en-US\",\"potentialAction\":[{\"@type\":\"ReadAction\",\"target\":[\"https:\/\/vwdtest.com\/rs\/i-am-a-worried-parent\/\"]}]},{\"@type\":\"BreadcrumbList\",\"@id\":\"https:\/\/vwdtest.com\/rs\/i-am-a-worried-parent\/#breadcrumb\",\"itemListElement\":[{\"@type\":\"ListItem\",\"position\":1,\"name\":\"Home\",\"item\":\"https:\/\/vwdtest.com\/rs\/\"},{\"@type\":\"ListItem\",\"position\":2,\"name\":\"Zabrinuti sam roditelj\"}]},{\"@type\":\"WebSite\",\"@id\":\"https:\/\/vwdtest.com\/rs\/#website\",\"url\":\"https:\/\/vwdtest.com\/rs\/\",\"name\":\"Serbia\",\"description\":\"\",\"potentialAction\":[{\"@type\":\"SearchAction\",\"target\":{\"@type\":\"EntryPoint\",\"urlTemplate\":\"https:\/\/vwdtest.com\/rs\/?s={search_term_string}\"},\"query-input\":\"required name=search_term_string\"}],\"inLanguage\":\"en-US\"}]}<\/script>\n<!-- \/ Yoast SEO plugin. -->","yoast_head_json":{"title":"Zabrinuti sam roditelj - Serbia","robots":{"index":"index","follow":"follow","max-snippet":"max-snippet:-1","max-image-preview":"max-image-preview:large","max-video-preview":"max-video-preview:-1"},"canonical":"https:\/\/vwdtest.com\/rs\/i-am-a-worried-parent\/","og_locale":"en_US","og_type":"article","og_title":"Zabrinuti sam roditelj - Serbia","og_description":"Krvari li moje dete previ\u0161e? Jeste li zabrinuti zbog ponavljaju\u0107eg krvarenja iz nosa Va\u0161eg djeteta? Dobija li Va\u0161e dete modrice lak\u0161e i \u010de\u0161\u0107e od svojih vr\u0161njaka? Je li Va\u0161e dete krvarilo du\u017ee od o\u010dekivanog nakon nedavne posete stomatologu ili manje operacije? Jeste li zabrinuti da bi menstruacije Va\u0161e k\u0107erke mogle biti preobilne? Mnogo je razloga [&hellip;]","og_url":"https:\/\/vwdtest.com\/rs\/i-am-a-worried-parent\/","og_site_name":"Serbia","article_modified_time":"2024-03-27T09:36:11+00:00","og_image":[{"width":828,"height":982,"url":"https:\/\/vwdtest.com\/rs\/wp-content\/uploads\/sites\/57\/2023\/07\/Worried-patients-1-1.png","type":"image\/png"}],"twitter_card":"summary_large_image","twitter_misc":{"Est. reading time":"3 minutes"},"schema":{"@context":"https:\/\/schema.org","@graph":[{"@type":"WebPage","@id":"https:\/\/vwdtest.com\/rs\/i-am-a-worried-parent\/","url":"https:\/\/vwdtest.com\/rs\/i-am-a-worried-parent\/","name":"Zabrinuti sam roditelj - Serbia","isPartOf":{"@id":"https:\/\/vwdtest.com\/rs\/#website"},"datePublished":"2023-04-27T13:02:19+00:00","dateModified":"2024-03-27T09:36:11+00:00","breadcrumb":{"@id":"https:\/\/vwdtest.com\/rs\/i-am-a-worried-parent\/#breadcrumb"},"inLanguage":"en-US","potentialAction":[{"@type":"ReadAction","target":["https:\/\/vwdtest.com\/rs\/i-am-a-worried-parent\/"]}]},{"@type":"BreadcrumbList","@id":"https:\/\/vwdtest.com\/rs\/i-am-a-worried-parent\/#breadcrumb","itemListElement":[{"@type":"ListItem","position":1,"name":"Home","item":"https:\/\/vwdtest.com\/rs\/"},{"@type":"ListItem","position":2,"name":"Zabrinuti sam roditelj"}]},{"@type":"WebSite","@id":"https:\/\/vwdtest.com\/rs\/#website","url":"https:\/\/vwdtest.com\/rs\/","name":"Serbia","description":"","potentialAction":[{"@type":"SearchAction","target":{"@type":"EntryPoint","urlTemplate":"https:\/\/vwdtest.com\/rs\/?s={search_term_string}"},"query-input":"required name=search_term_string"}],"inLanguage":"en-US"}]}},"_links":{"self":[{"href":"https:\/\/vwdtest.com\/rs\/wp-json\/wp\/v2\/pages\/811"}],"collection":[{"href":"https:\/\/vwdtest.com\/rs\/wp-json\/wp\/v2\/pages"}],"about":[{"href":"https:\/\/vwdtest.com\/rs\/wp-json\/wp\/v2\/types\/page"}],"author":[{"embeddable":true,"href":"https:\/\/vwdtest.com\/rs\/wp-json\/wp\/v2\/users\/1"}],"replies":[{"embeddable":true,"href":"https:\/\/vwdtest.com\/rs\/wp-json\/wp\/v2\/comments?post=811"}],"version-history":[{"count":51,"href":"https:\/\/vwdtest.com\/rs\/wp-json\/wp\/v2\/pages\/811\/revisions"}],"predecessor-version":[{"id":2699,"href":"https:\/\/vwdtest.com\/rs\/wp-json\/wp\/v2\/pages\/811\/revisions\/2699"}],"wp:featuredmedia":[{"embeddable":true,"href":"https:\/\/vwdtest.com\/rs\/wp-json\/wp\/v2\/media\/996"}],"wp:attachment":[{"href":"https:\/\/vwdtest.com\/rs\/wp-json\/wp\/v2\/media?parent=811"}],"curies":[{"name":"wp","href":"https:\/\/api.w.org\/{rel}","templated":true}]}}