{"id":795,"date":"2023-04-27T12:33:04","date_gmt":"2023-04-27T12:33:04","guid":{"rendered":"https:\/\/new.vwdtest.com\/se\/?page_id=795"},"modified":"2024-03-27T09:05:26","modified_gmt":"2024-03-27T09:05:26","slug":"i-bleed-a-lot","status":"publish","type":"page","link":"https:\/\/vwdtest.com\/rs\/i-bleed-a-lot\/","title":{"rendered":"Puno krvarim"},"content":{"rendered":"<div class=\"default-block container\">\n<h2>Krvarite li previ\u0161e?<\/h2>\n<\/div>\n\n<div class=\"default-block container\">\n<h5 class=\"bleeding-symptoms-title helpful live\">Pitate li se za\u0161to toliko \u010desto krvarite iz nosa? Krvare li Vam desni nakon \u010di\u0161\u0107enja koncem ili pranja zuba? \u010cesto otkrivate modrice na telu, a ne se\u0107ate se kako su mogle nastati? Jeste li nedavno prekomerno krvarili nakon manje nezgode ili poseta zubaru?<\/h5> <p class=\"full\">Ve\u0107ina ljudi povremeno krvari. Postoje razni uzroci krvarenja, ali u ve\u0107ini slu\u010dajeva telo brzo zaustavlja krvarenje procesom koji se naziva zgru\u0161avanje krvi. Neki ljudi, me\u0111utim, krvare \u010de\u0161\u0107e i du\u017ee od drugih, a ova vrsta krvarenja \u010desto se mo\u017ee le\u010diti ili spre\u010diti. Dakle, ako je Va\u0161 odgovor na barem jedno od gore navedenih pitanja &#8220;da&#8221;, Va\u0161e krvarenje mo\u017eda zahteva dalje ispitivanje.<\/p>\n<\/div>\n\n<div class=\"default-block container\">\n<h2>Uzroci prekomernog ili dugotrajnog krvarenja<\/h2>\n<\/div>\n\n<div class=\"default-block container\">\n<p class=\"full push-text\">Postoji mnogo mogu\u0107ih uzroka prekomernog ili dugotrajnog krvarenja. Utvr\u0111ivanje uzroka simptoma krvarenja vrlo je va\u017eno za odre\u0111ivanje odgovaraju\u0107eg le\u010denja. Krvarenje mogu uzrokovati odre\u0111eni lekovi, na primer lekovi protiv bolova poput aspirina ili lekovi za razre\u0111ivanje krvi (antikoagulansi). Neka medicinska stanja, poput bolesti jetre ili bubrega i raka, tako\u0111e mogu uzrokovati krvarenje.<sup>1,2<\/sup> Mogu\u0107e je i da Vam je krvarenje uzrokovano poreme\u0107ajem krvarenja. Poreme\u0107aji krvarenja retke su bolesti i mogu biti nasledni ili ste\u010deni. Naj\u010de\u0161\u0107i nasledni poreme\u0107aj krvarenja je <a href=\"https:\/\/vwdtest.com\/rs\/von-willebrand-disease\/\">von Willebrandova bolest<\/a> (VWD). VWD se \u010desto ne dijagnostikuje. Bez dijagnoze i le\u010denja, osobe s VWD-om izlo\u017eene su riziku od ozbiljnog krvarenja. Osobe s VWD-om \u010desto imaju u\u010destala <a href=\"https:\/\/vwdtest.com\/rs\/bleeding-symptoms\/#nosebleed\">krvarenja iz nosa<\/a> i <a href=\"https:\/\/vwdtest.com\/rs\/bleeding-symptoms\/#oral-bleed\">i desni krvare<\/a>, <a href=\"https:\/\/vwdtest.com\/rs\/bleeding-symptoms\/#easy-bruising\">lako im nastaju modrice<\/a>, a prekomerno krvarenje mo\u017ee im nastupiti nakon <a href=\"https:\/\/vwdtest.com\/rs\/i-live-with-vwd\/#surgery\">va\u0111enja zuba<\/a>, <a href=\"https:\/\/vwdtest.com\/rs\/bleeding-symptoms\/#bleed-surgery\">operacije ili manje nezgode<\/a>. Kod \u017eena s VWD-om <a href=\"https:\/\/vwdtest.com\/rs\/bleeding-symptoms\/#hmb\">obilno menstrualno krvarenje<\/a> naj\u010de\u0161\u0107i je simptom.<sup>3<\/sup><\/p>\n<\/div>\n\n<div class=\"default-block container\">\n<h2>Mo\u017eda jo\u0161 neko u porodici ima simptome krvarenja<\/h2>\n<\/div>\n\n<div class=\"default-block container\">\n<p class=\"full push-text\">Ako Va\u0161a bra\u0107a i sestre, roditelji ili drugi ro\u0111aci tako\u0111e imaju simptome krvarenja, mo\u017eda smatrate da je to normalno. To, me\u0111utim, nije uvek ta\u010dno. Va\u0161e krvarenje mo\u017ee biti uzrokovano naslednim poreme\u0107ajem krvarenja, koji \u010desto poga\u0111a vi\u0161e \u010dlanova porodice. Ako krvarenje uti\u010de na Va\u0161 svakodnevni \u017eivot i zdravlje, preporu\u010dujemo Vam da o tome porazgovarate sa svojim lekarom.<\/p>\n<\/div>\n\n<div class=\"default-block container\">\n<h2>Saznajte da li je Va\u0161e krvarenje normalno<\/h2>\n<\/div>\n\n<div class=\"default-block container\">\n<p class=\"full push-text\">Da li je moje krvarenje normalno? Prona\u0107i odgovor na ovo pitanje nije uvek jednostavno. Kako bi olak\u0161ali procenu simptoma krvarenja, nau\u010dnici su razvili testove krvarenja.<sup>3<\/sup> Jedan od tih testova dostupan je na ovoj web stranici. Ako imate nedoumice u vezi bilo kojeg simptoma krvarenja, toplo Vam preporu\u010dujemo da ispunite test krvarenja. To bi moglo biti posebno va\u017eno ako se spremate za operaciju. Test traje samo nekoliko minuta i pokaza\u0107e Vam da li treba da posetite lekara zbog krvarenja.<\/p>\n<\/div>\n\n<div class=\"default-block container\">\n<h6>Literatura<\/h6>\n<\/div>\n\n<div class=\"default-block container\">\n<ol><div class=\"default-block container\">\n<li><a href=\"https:\/\/my.clevelandclinic.org\/health\/symptoms\/21654-hemorrhage\" target=\"_blank\" rel=\"noopener\">https:\/\/my.clevelandclinic.org\/health\/symptoms\/21654-hemorrhage <\/a>; poslednji put pristupljeno u martu 2023.<\/li>\n<\/div>\n\n<div class=\"default-block container\">\n<li><a href=\"https:\/\/www.drugs.com\/cg\/postoperative-bleeding.html\" target=\"_blank\" rel=\"noreferrer noopener\">https:\/\/www.drugs.com\/cg\/postoperative-bleeding.html<\/a> ;poslednji put pristupljeno u martu 2023.<\/li>\n<\/div>\n\n<div class=\"default-block container\">\n<li>Corrales-Medina FF et al. Blood Rev 2022; 58:101018.<\/li>\n<\/div><\/ol>\n<\/div>","protected":false},"excerpt":{"rendered":"<p>Krvarite li previ\u0161e? Pitate li se za\u0161to toliko \u010desto krvarite iz nosa? Krvare li Vam desni nakon \u010di\u0161\u0107enja koncem ili pranja zuba? \u010cesto otkrivate modrice na telu, a ne se\u0107ate se kako su mogle nastati? Jeste li nedavno prekomerno krvarili nakon manje nezgode ili poseta zubaru? Ve\u0107ina ljudi povremeno krvari. Postoje razni uzroci krvarenja, ali [&hellip;]<\/p>\n","protected":false},"author":1,"featured_media":788,"parent":0,"menu_order":0,"comment_status":"closed","ping_status":"closed","template":"","meta":{"inline_featured_image":false},"acf":[],"yoast_head":"<!-- This site is optimized with the Yoast SEO plugin v20.4 - https:\/\/yoast.com\/wordpress\/plugins\/seo\/ -->\n<title>Puno krvarim - Serbia<\/title>\n<meta name=\"robots\" content=\"index, follow, max-snippet:-1, max-image-preview:large, max-video-preview:-1\" \/>\n<link rel=\"canonical\" href=\"https:\/\/vwdtest.com\/rs\/i-bleed-a-lot\/\" \/>\n<meta property=\"og:locale\" content=\"en_US\" \/>\n<meta property=\"og:type\" content=\"article\" \/>\n<meta property=\"og:title\" content=\"Puno krvarim - Serbia\" \/>\n<meta property=\"og:description\" content=\"Krvarite li previ\u0161e? Pitate li se za\u0161to toliko \u010desto krvarite iz nosa? Krvare li Vam desni nakon \u010di\u0161\u0107enja koncem ili pranja zuba? \u010cesto otkrivate modrice na telu, a ne se\u0107ate se kako su mogle nastati? Jeste li nedavno prekomerno krvarili nakon manje nezgode ili poseta zubaru? Ve\u0107ina ljudi povremeno krvari. Postoje razni uzroci krvarenja, ali [&hellip;]\" \/>\n<meta property=\"og:url\" content=\"https:\/\/vwdtest.com\/rs\/i-bleed-a-lot\/\" \/>\n<meta property=\"og:site_name\" content=\"Serbia\" \/>\n<meta property=\"article:modified_time\" content=\"2024-03-27T09:05:26+00:00\" \/>\n<meta property=\"og:image\" content=\"https:\/\/vwdtest.com\/rs\/wp-content\/uploads\/sites\/57\/2023\/04\/Person-who-bleads-1.png\" \/>\n\t<meta property=\"og:image:width\" content=\"679\" \/>\n\t<meta property=\"og:image:height\" content=\"976\" \/>\n\t<meta property=\"og:image:type\" content=\"image\/png\" \/>\n<meta name=\"twitter:card\" content=\"summary_large_image\" \/>\n<meta name=\"twitter:label1\" content=\"Est. reading time\" \/>\n\t<meta name=\"twitter:data1\" content=\"2 minutes\" \/>\n<script type=\"application\/ld+json\" class=\"yoast-schema-graph\">{\"@context\":\"https:\/\/schema.org\",\"@graph\":[{\"@type\":\"WebPage\",\"@id\":\"https:\/\/vwdtest.com\/rs\/i-bleed-a-lot\/\",\"url\":\"https:\/\/vwdtest.com\/rs\/i-bleed-a-lot\/\",\"name\":\"Puno krvarim - Serbia\",\"isPartOf\":{\"@id\":\"https:\/\/vwdtest.com\/rs\/#website\"},\"datePublished\":\"2023-04-27T12:33:04+00:00\",\"dateModified\":\"2024-03-27T09:05:26+00:00\",\"breadcrumb\":{\"@id\":\"https:\/\/vwdtest.com\/rs\/i-bleed-a-lot\/#breadcrumb\"},\"inLanguage\":\"en-US\",\"potentialAction\":[{\"@type\":\"ReadAction\",\"target\":[\"https:\/\/vwdtest.com\/rs\/i-bleed-a-lot\/\"]}]},{\"@type\":\"BreadcrumbList\",\"@id\":\"https:\/\/vwdtest.com\/rs\/i-bleed-a-lot\/#breadcrumb\",\"itemListElement\":[{\"@type\":\"ListItem\",\"position\":1,\"name\":\"Home\",\"item\":\"https:\/\/vwdtest.com\/rs\/\"},{\"@type\":\"ListItem\",\"position\":2,\"name\":\"Puno krvarim\"}]},{\"@type\":\"WebSite\",\"@id\":\"https:\/\/vwdtest.com\/rs\/#website\",\"url\":\"https:\/\/vwdtest.com\/rs\/\",\"name\":\"Serbia\",\"description\":\"\",\"potentialAction\":[{\"@type\":\"SearchAction\",\"target\":{\"@type\":\"EntryPoint\",\"urlTemplate\":\"https:\/\/vwdtest.com\/rs\/?s={search_term_string}\"},\"query-input\":\"required name=search_term_string\"}],\"inLanguage\":\"en-US\"}]}<\/script>\n<!-- \/ Yoast SEO plugin. -->","yoast_head_json":{"title":"Puno krvarim - Serbia","robots":{"index":"index","follow":"follow","max-snippet":"max-snippet:-1","max-image-preview":"max-image-preview:large","max-video-preview":"max-video-preview:-1"},"canonical":"https:\/\/vwdtest.com\/rs\/i-bleed-a-lot\/","og_locale":"en_US","og_type":"article","og_title":"Puno krvarim - Serbia","og_description":"Krvarite li previ\u0161e? Pitate li se za\u0161to toliko \u010desto krvarite iz nosa? Krvare li Vam desni nakon \u010di\u0161\u0107enja koncem ili pranja zuba? \u010cesto otkrivate modrice na telu, a ne se\u0107ate se kako su mogle nastati? Jeste li nedavno prekomerno krvarili nakon manje nezgode ili poseta zubaru? Ve\u0107ina ljudi povremeno krvari. Postoje razni uzroci krvarenja, ali [&hellip;]","og_url":"https:\/\/vwdtest.com\/rs\/i-bleed-a-lot\/","og_site_name":"Serbia","article_modified_time":"2024-03-27T09:05:26+00:00","og_image":[{"width":679,"height":976,"url":"https:\/\/vwdtest.com\/rs\/wp-content\/uploads\/sites\/57\/2023\/04\/Person-who-bleads-1.png","type":"image\/png"}],"twitter_card":"summary_large_image","twitter_misc":{"Est. reading time":"2 minutes"},"schema":{"@context":"https:\/\/schema.org","@graph":[{"@type":"WebPage","@id":"https:\/\/vwdtest.com\/rs\/i-bleed-a-lot\/","url":"https:\/\/vwdtest.com\/rs\/i-bleed-a-lot\/","name":"Puno krvarim - Serbia","isPartOf":{"@id":"https:\/\/vwdtest.com\/rs\/#website"},"datePublished":"2023-04-27T12:33:04+00:00","dateModified":"2024-03-27T09:05:26+00:00","breadcrumb":{"@id":"https:\/\/vwdtest.com\/rs\/i-bleed-a-lot\/#breadcrumb"},"inLanguage":"en-US","potentialAction":[{"@type":"ReadAction","target":["https:\/\/vwdtest.com\/rs\/i-bleed-a-lot\/"]}]},{"@type":"BreadcrumbList","@id":"https:\/\/vwdtest.com\/rs\/i-bleed-a-lot\/#breadcrumb","itemListElement":[{"@type":"ListItem","position":1,"name":"Home","item":"https:\/\/vwdtest.com\/rs\/"},{"@type":"ListItem","position":2,"name":"Puno krvarim"}]},{"@type":"WebSite","@id":"https:\/\/vwdtest.com\/rs\/#website","url":"https:\/\/vwdtest.com\/rs\/","name":"Serbia","description":"","potentialAction":[{"@type":"SearchAction","target":{"@type":"EntryPoint","urlTemplate":"https:\/\/vwdtest.com\/rs\/?s={search_term_string}"},"query-input":"required name=search_term_string"}],"inLanguage":"en-US"}]}},"_links":{"self":[{"href":"https:\/\/vwdtest.com\/rs\/wp-json\/wp\/v2\/pages\/795"}],"collection":[{"href":"https:\/\/vwdtest.com\/rs\/wp-json\/wp\/v2\/pages"}],"about":[{"href":"https:\/\/vwdtest.com\/rs\/wp-json\/wp\/v2\/types\/page"}],"author":[{"embeddable":true,"href":"https:\/\/vwdtest.com\/rs\/wp-json\/wp\/v2\/users\/1"}],"replies":[{"embeddable":true,"href":"https:\/\/vwdtest.com\/rs\/wp-json\/wp\/v2\/comments?post=795"}],"version-history":[{"count":58,"href":"https:\/\/vwdtest.com\/rs\/wp-json\/wp\/v2\/pages\/795\/revisions"}],"predecessor-version":[{"id":2693,"href":"https:\/\/vwdtest.com\/rs\/wp-json\/wp\/v2\/pages\/795\/revisions\/2693"}],"wp:featuredmedia":[{"embeddable":true,"href":"https:\/\/vwdtest.com\/rs\/wp-json\/wp\/v2\/media\/788"}],"wp:attachment":[{"href":"https:\/\/vwdtest.com\/rs\/wp-json\/wp\/v2\/media?parent=795"}],"curies":[{"name":"wp","href":"https:\/\/api.w.org\/{rel}","templated":true}]}}