{"id":3,"date":"2023-02-13T11:33:55","date_gmt":"2023-02-13T11:33:55","guid":{"rendered":"https:\/\/new.vwdtest.com\/se\/?page_id=3"},"modified":"2024-03-27T09:54:08","modified_gmt":"2024-03-27T09:54:08","slug":"privacy-policy","status":"publish","type":"page","link":"https:\/\/vwdtest.com\/rs\/privacy-policy\/","title":{"rendered":"Politika privatnosti"},"content":{"rendered":"<div class=\"default-block container\">\n<p><a href=\"https:\/\/vwdtest.com\/rs\/\">www.vwdtest.com<\/a> je onlajn usluga koju finansira i omogu\u0107ava Octapharma AG, Seidenstrasse 2, 8853 Lachen SZ, \u0160vajcarska (u daljem tekstu \u201eOctapharma\u201c ili \u201emi\u201c ili \u201enas\u201c), pod pokroviteljstvom namenske komisije koja se sastoji od VWD specijalista i stru\u010dnjaka.&nbsp;<\/p>\n<\/div>\n\n<div class=\"default-block container\">\n<p>Ova imenovana komisija, uklju\u010duju\u0107i Octapharmu, po\u0161tuje pravo pojedinaca u vezi sa njihovim li\u010dnim podacima. Ova Izjava o privatnosti podataka (\u201eizjava\u201c) opisuje na\u010din na koji se va\u0161i li\u010dni podaci obra\u0111uju kada posetite <a href=\"https:\/\/vwdtest.com\/rs\/\">www.vwdtest.com<\/a>.&nbsp;<\/p>\n<\/div>\n\n<div class=\"default-block container\">\n<p>Octapharma Pharmazeutika Produktionsgesellschaft m.b.H., Oberlaaer Strasse 235, 1100 Be\u010d, Austrija je imenovana za na\u0161eg predstavnika u EU\/EEA u skladu sa \u010dlanom 27 GDPR.&nbsp;<\/p>\n<\/div>\n\n<div class=\"default-block container\">\n<h2>Prikupljanje informacija <\/h2>\n<\/div>\n\n<div class=\"default-block container\">\n<p>Da bi se pravilno upravljalo www.vwdtest.com, informacije se mogu evidentirati i posete kategorisati prema stavkama kao \u0161to su ime domena, tip i verzija pretra\u017eiva\u010da, stranice koje su posec\u0301ene na web lokaciji vwdtest.com i URL na koji korisnik odlazi kada napusti vwdtest.com, za kontinuirano pobolj\u0161anje performansi web lokacije. Ove informacije se koriste samo u zbirnom obliku i li\u010dni podaci su stoga anonimizovani.<\/p>\n<\/div>\n\n<div class=\"default-block container\">\n<h2>Otkrivanje i kori\u0161\u0107enje li\u010dnih podataka<\/h2>\n<\/div>\n\n<div class=\"default-block container\">\n<p>Informacije ne\u0107e biti otkrivene tre\u0107im licima osim ako je tre\u0107a strana dobavlja\u010d ili ugovara\u010d koji je uklju\u010den u ispunjavanje zahteva pojedinca za informacijama sa vwdtest.com, ili dobavlja\u010d ili izvo\u0111a\u010d koji je uklju\u010den u razvoj i upravljanje www.vwdtest .com.&nbsp;<\/p>\n<\/div>\n\n<div class=\"default-block container\">\n<h2>Va\u0161a prava <\/h2>\n<\/div>\n\n<div class=\"default-block container\">\n<p>Ako imate bilo kakvih nedoumica u vezi sa va\u0161im li\u010dnim podacima kada posetite <a href=\"https:\/\/vwdtest.com\/rs\/\">www.vwdtest.com<\/a>, mo\u017eete zatra\u017eiti da vam se dostave informacije o podacima koji se \u010duvaju\/obra\u0111uju o vama. Pored toga, imate pravo na blokiranje ili brisanje svih li\u010dnih podataka (osim ako va\u017ee\u0107i zakoni i propisi ne obavezuju da se ti podaci \u010duvaju), na prigovor na obradu va\u0161ih podataka, da se svi neta\u010dni podaci isprave i pravo da va\u0161i podaci budu preneti tre\u0107oj strani. Tako\u0111e imate pravo da ulo\u017eite \u017ealbu nadzornom organu, ako je primenljivo.&nbsp;<\/p>\n<\/div>\n\n<div class=\"default-block container\">\n<p>Ako imate drugih pitanja ili nedoumica u vezi sa ovom izjavom o privatnosti ili \u017eelite da se va\u0161i podaci izbri\u0161u iz na\u0161e baze podataka, po\u0161aljite e-mail na: <a href=\"mailto:dataprivacy@octapharma.com\">dataprivacy@octapharma.com<\/a>&nbsp;<\/p>\n<\/div>\n\n<div class=\"default-block container\">\n<p>Ovu izjavu mo\u017eemo a\u017eurirati ili izmeniti u bilo kom trenutku objavljivanjem izmenjene izjave na web lokaciji.&nbsp;<\/p>\n<\/div>","protected":false},"excerpt":{"rendered":"<p>www.vwdtest.com je onlajn usluga koju finansira i omogu\u0107ava Octapharma AG, Seidenstrasse 2, 8853 Lachen SZ, \u0160vajcarska (u daljem tekstu \u201eOctapharma\u201c ili \u201emi\u201c ili \u201enas\u201c), pod pokroviteljstvom namenske komisije koja se sastoji od VWD specijalista i stru\u010dnjaka.&nbsp; Ova imenovana komisija, uklju\u010duju\u0107i Octapharmu, po\u0161tuje pravo pojedinaca u vezi sa njihovim li\u010dnim podacima. Ova Izjava o privatnosti podataka [&hellip;]<\/p>\n","protected":false},"author":1,"featured_media":0,"parent":0,"menu_order":0,"comment_status":"closed","ping_status":"open","template":"front-page.php","meta":{"inline_featured_image":false},"acf":[],"yoast_head":"<!-- This site is optimized with the Yoast SEO plugin v20.4 - https:\/\/yoast.com\/wordpress\/plugins\/seo\/ -->\n<title>Politika privatnosti - Serbia<\/title>\n<meta name=\"robots\" content=\"index, follow, max-snippet:-1, max-image-preview:large, max-video-preview:-1\" \/>\n<link rel=\"canonical\" href=\"https:\/\/vwdtest.com\/rs\/privacy-policy\/\" \/>\n<meta property=\"og:locale\" content=\"en_US\" \/>\n<meta property=\"og:type\" content=\"article\" \/>\n<meta property=\"og:title\" content=\"Politika privatnosti - Serbia\" \/>\n<meta property=\"og:description\" content=\"www.vwdtest.com je onlajn usluga koju finansira i omogu\u0107ava Octapharma AG, Seidenstrasse 2, 8853 Lachen SZ, \u0160vajcarska (u daljem tekstu \u201eOctapharma\u201c ili \u201emi\u201c ili \u201enas\u201c), pod pokroviteljstvom namenske komisije koja se sastoji od VWD specijalista i stru\u010dnjaka.&nbsp; Ova imenovana komisija, uklju\u010duju\u0107i Octapharmu, po\u0161tuje pravo pojedinaca u vezi sa njihovim li\u010dnim podacima. Ova Izjava o privatnosti podataka [&hellip;]\" \/>\n<meta property=\"og:url\" content=\"https:\/\/vwdtest.com\/rs\/privacy-policy\/\" \/>\n<meta property=\"og:site_name\" content=\"Serbia\" \/>\n<meta property=\"article:modified_time\" content=\"2024-03-27T09:54:08+00:00\" \/>\n<meta name=\"twitter:card\" content=\"summary_large_image\" \/>\n<meta name=\"twitter:label1\" content=\"Est. reading time\" \/>\n\t<meta name=\"twitter:data1\" content=\"2 minutes\" \/>\n<script type=\"application\/ld+json\" class=\"yoast-schema-graph\">{\"@context\":\"https:\/\/schema.org\",\"@graph\":[{\"@type\":\"WebPage\",\"@id\":\"https:\/\/vwdtest.com\/rs\/privacy-policy\/\",\"url\":\"https:\/\/vwdtest.com\/rs\/privacy-policy\/\",\"name\":\"Politika privatnosti - Serbia\",\"isPartOf\":{\"@id\":\"https:\/\/vwdtest.com\/rs\/#website\"},\"datePublished\":\"2023-02-13T11:33:55+00:00\",\"dateModified\":\"2024-03-27T09:54:08+00:00\",\"breadcrumb\":{\"@id\":\"https:\/\/vwdtest.com\/rs\/privacy-policy\/#breadcrumb\"},\"inLanguage\":\"en-US\",\"potentialAction\":[{\"@type\":\"ReadAction\",\"target\":[\"https:\/\/vwdtest.com\/rs\/privacy-policy\/\"]}]},{\"@type\":\"BreadcrumbList\",\"@id\":\"https:\/\/vwdtest.com\/rs\/privacy-policy\/#breadcrumb\",\"itemListElement\":[{\"@type\":\"ListItem\",\"position\":1,\"name\":\"Home\",\"item\":\"https:\/\/vwdtest.com\/rs\/\"},{\"@type\":\"ListItem\",\"position\":2,\"name\":\"Politika privatnosti\"}]},{\"@type\":\"WebSite\",\"@id\":\"https:\/\/vwdtest.com\/rs\/#website\",\"url\":\"https:\/\/vwdtest.com\/rs\/\",\"name\":\"Serbia\",\"description\":\"\",\"potentialAction\":[{\"@type\":\"SearchAction\",\"target\":{\"@type\":\"EntryPoint\",\"urlTemplate\":\"https:\/\/vwdtest.com\/rs\/?s={search_term_string}\"},\"query-input\":\"required name=search_term_string\"}],\"inLanguage\":\"en-US\"}]}<\/script>\n<!-- \/ Yoast SEO plugin. -->","yoast_head_json":{"title":"Politika privatnosti - Serbia","robots":{"index":"index","follow":"follow","max-snippet":"max-snippet:-1","max-image-preview":"max-image-preview:large","max-video-preview":"max-video-preview:-1"},"canonical":"https:\/\/vwdtest.com\/rs\/privacy-policy\/","og_locale":"en_US","og_type":"article","og_title":"Politika privatnosti - Serbia","og_description":"www.vwdtest.com je onlajn usluga koju finansira i omogu\u0107ava Octapharma AG, Seidenstrasse 2, 8853 Lachen SZ, \u0160vajcarska (u daljem tekstu \u201eOctapharma\u201c ili \u201emi\u201c ili \u201enas\u201c), pod pokroviteljstvom namenske komisije koja se sastoji od VWD specijalista i stru\u010dnjaka.&nbsp; Ova imenovana komisija, uklju\u010duju\u0107i Octapharmu, po\u0161tuje pravo pojedinaca u vezi sa njihovim li\u010dnim podacima. Ova Izjava o privatnosti podataka [&hellip;]","og_url":"https:\/\/vwdtest.com\/rs\/privacy-policy\/","og_site_name":"Serbia","article_modified_time":"2024-03-27T09:54:08+00:00","twitter_card":"summary_large_image","twitter_misc":{"Est. reading time":"2 minutes"},"schema":{"@context":"https:\/\/schema.org","@graph":[{"@type":"WebPage","@id":"https:\/\/vwdtest.com\/rs\/privacy-policy\/","url":"https:\/\/vwdtest.com\/rs\/privacy-policy\/","name":"Politika privatnosti - Serbia","isPartOf":{"@id":"https:\/\/vwdtest.com\/rs\/#website"},"datePublished":"2023-02-13T11:33:55+00:00","dateModified":"2024-03-27T09:54:08+00:00","breadcrumb":{"@id":"https:\/\/vwdtest.com\/rs\/privacy-policy\/#breadcrumb"},"inLanguage":"en-US","potentialAction":[{"@type":"ReadAction","target":["https:\/\/vwdtest.com\/rs\/privacy-policy\/"]}]},{"@type":"BreadcrumbList","@id":"https:\/\/vwdtest.com\/rs\/privacy-policy\/#breadcrumb","itemListElement":[{"@type":"ListItem","position":1,"name":"Home","item":"https:\/\/vwdtest.com\/rs\/"},{"@type":"ListItem","position":2,"name":"Politika privatnosti"}]},{"@type":"WebSite","@id":"https:\/\/vwdtest.com\/rs\/#website","url":"https:\/\/vwdtest.com\/rs\/","name":"Serbia","description":"","potentialAction":[{"@type":"SearchAction","target":{"@type":"EntryPoint","urlTemplate":"https:\/\/vwdtest.com\/rs\/?s={search_term_string}"},"query-input":"required name=search_term_string"}],"inLanguage":"en-US"}]}},"_links":{"self":[{"href":"https:\/\/vwdtest.com\/rs\/wp-json\/wp\/v2\/pages\/3"}],"collection":[{"href":"https:\/\/vwdtest.com\/rs\/wp-json\/wp\/v2\/pages"}],"about":[{"href":"https:\/\/vwdtest.com\/rs\/wp-json\/wp\/v2\/types\/page"}],"author":[{"embeddable":true,"href":"https:\/\/vwdtest.com\/rs\/wp-json\/wp\/v2\/users\/1"}],"replies":[{"embeddable":true,"href":"https:\/\/vwdtest.com\/rs\/wp-json\/wp\/v2\/comments?post=3"}],"version-history":[{"count":11,"href":"https:\/\/vwdtest.com\/rs\/wp-json\/wp\/v2\/pages\/3\/revisions"}],"predecessor-version":[{"id":2705,"href":"https:\/\/vwdtest.com\/rs\/wp-json\/wp\/v2\/pages\/3\/revisions\/2705"}],"wp:attachment":[{"href":"https:\/\/vwdtest.com\/rs\/wp-json\/wp\/v2\/media?parent=3"}],"curies":[{"name":"wp","href":"https:\/\/api.w.org\/{rel}","templated":true}]}}