{"id":266,"date":"2023-02-21T21:23:10","date_gmt":"2023-02-21T21:23:10","guid":{"rendered":"https:\/\/new.vwdtest.com\/se\/?page_id=266"},"modified":"2025-07-10T05:19:39","modified_gmt":"2025-07-10T05:19:39","slug":"cookie-preferences","status":"publish","type":"page","link":"https:\/\/vwdtest.com\/rs\/cookie-preferences\/","title":{"rendered":"Politika kola\u010di\u0107a"},"content":{"rendered":"<div class=\"default-block container\">\n<h2>Informacije o kola\u010di\u0107ima<\/h2>\n<\/div>\n\n<div class=\"default-block container\">\n<p>Kola\u010di\u0107i su delovi podataka koje web stranica mo\u017ee preneti u web pretra\u017eiva\u010d korisnika. Kada posetite\u00a0<a href=\"http:\/\/www.vwdtest.com\/rs\/\">www.vwdtest.com<\/a>, ako va\u0161 pretra\u017eiva\u010d koristi standardne postavke i prihvata kola\u010di\u0107e, dajete saglasnost da kola\u010di\u0107e s ove stranice uskladi\u0161tite na va\u0161em ra\u010dunaru. Uskladi\u0161teni kola\u010di\u0107i mogu ostati na va\u0161em ra\u010dunaru nakon \u0161to napustite\u00a0 <a href=\"http:\/\/www.vwdtest.com\/rs\">www.vwdtest.com<\/a>.<\/p>\n<\/div>\n\n<div class=\"default-block container\">\n<p>Ako ne \u017eelite da se to dogodi, mo\u017eete podesiti svoj web pretra\u017eiva\u010d da odbija kola\u010di\u0107e ili da vas upozorava kada se kola\u010di\u0107i koriste. Mo\u017eete ih i ru\u010dno izbrisati u postavkama pretra\u017eiva\u010da. Ve\u0107ina elemenata&nbsp;<a href=\"http:\/\/www.vwdtest.com\/rs\">www.vwdtest.com<\/a>&nbsp;i dalje \u0107e funkcionisati ako onemogu\u0107ite kola\u010di\u0107e u postavkama web pretra\u017eiva\u010da.<\/p>\n<\/div>\n\n<div class=\"default-block container\">\n<p>Mo\u017eete prona\u0107i vi\u0161e informacija o kola\u010di\u0107ima, uklju\u010duju\u0107i kako videti koji su kola\u010di\u0107i postavljeni na va\u0161em ure\u0111aju, kao i kako njima upravljati i brisati ih na&nbsp;<a href=\"https:\/\/www.aboutcookies.org\/\" target=\"_blank\" rel=\"noreferrer noopener\">www.aboutcookies.org<\/a>.<\/p>\n<\/div>\n\n<div class=\"default-block container\">\n<p>Na&nbsp;<a href=\"https:\/\/www.vwdtest.com\/rs\">www.vwdtest.com<\/a>&nbsp;koriste se razli\u010dite vrste kola\u010di\u0107a:<\/p>\n<\/div>\n\n<div class=\"default-block container\">\n<p><strong>Strogo potrebno<\/strong><\/p>\n<\/div>\n\n<div class=\"default-block container\">\n<figure class=\"wp-block-table\"><table><thead><tr><th>Vrsta kola\u010di\u0107a<\/th><th>Ime<\/th><th>Svrha<\/th><th>Isti\u010de<\/th><\/tr><\/thead><tbody><tr><td>Matomo<\/td><td>mtm_cookie_consent<\/td><td>Ovo se skladi\u0161ti kako bi se zapamtilo da je dozvolu za skladi\u0161tenje i kori\u0161\u0107enje kola\u010di\u0107a dao korisnik.<\/td><td>30 godina<\/td><\/tr><\/tbody><\/table><\/figure>\n<\/div>\n\n<div class=\"default-block container\">\n<p><strong>Kola\u010di\u0107i performansi<\/strong><\/p>\n<\/div>\n\n<div class=\"default-block container\">\n<figure class=\"wp-block-table\"><table><thead><tr><th>Vrsta kola\u010di\u0107a<\/th><th>Ime<\/th><th>Svrha<\/th><th>Isti\u010de<\/th><\/tr><\/thead><tbody><tr><td>Matomo<\/td><td>_pk_id<\/td><td>Ovo se koristi za skladi\u0161tenje nekoliko pojedinosti o korisniku kao \u0161to je jedinstveni ID posetioca.<\/td><td>1 godina, 1 mesec<\/td><\/tr><tr><td>_pk_ref<\/td><td>Ovo se koristi za skladi\u0161tenje informacija o atribuciji, preporuke koja se prvobitno koristila za posetu web stranici.<\/td><td>6 meseci<\/td><\/tr><tr><td>_pk_ses<\/td><td>Ovo se koristi za skladi\u0161tenje jedinstvenog ID-a sesije.<\/td><td>30 minuta<\/td><\/tr><tr><td>_pk_cvar<\/td><td>Ovo se koristi za skladi\u0161tenje jedinstvenog ID-a sesije.<\/td><td>30 minuta<\/td><\/tr><tr><td>_pk_hsr<\/td><td>Ovo se koristi za skladi\u0161tenje jedinstvenog ID-a sesije.<\/td><td>30 minuta<\/td><\/tr><tr><td>_pk_testcookie<\/td><td>Ovo se koristi za proveru da li pretra\u017eiva\u010d posetioca podr\u017eava kola\u010di\u0107e.<\/td><td>Sesija<\/td><\/tr><tr><td>Matomo_sessid<\/td><td>Ovo se koristi za skladi\u0161tenje jedinstvenog ID-a sesije.<\/td><td>Sesija<\/td><\/tr><tr><\/tr><\/tbody><\/table><\/figure>\n<\/div>\n\n<div class=\"default-block container\">\n<p>Ako aktivno menjate postavke kako biste omogu\u0107ili kola\u010di\u0107e performanse, dajete svoj pristanak da Matomo prikuplja informacije o tome kako koristite na\u0161u stranicu i kako se kre\u0107ete njome. Tokom ovog procesa va\u0161a IP adresa \u0107e biti anonimizovana. Ove informacije koristimo za pobolj\u0161anje korisni\u010dkog iskustva za sve posetioce na\u0161e po\u010detne stranice.<\/p>\n<\/div>\n\n<div class=\"default-block container\">\n<p><strong>Funkcionalni kola\u010di\u0107i<\/strong><\/p>\n<\/div>\n\n<div class=\"default-block container\">\n<p>Ovo su kola\u010di\u0107i koji nisu bitni, ali pobolj\u0161avaju va\u0161u upotrebu&nbsp;<a href=\"https:\/\/www.vwdtest.com\/rs\/\">www.vwdtest.com<\/a>:<\/p>\n<\/div>\n\n<div class=\"default-block container\">\n<figure class=\"wp-block-table\"><table><thead><tr><th>Vrsta kola\u010di\u0107a<\/th><th>Ime<\/th><th>Isti\u010de<\/th><th>Svrha<\/th><\/tr><\/thead><tbody><tr><td>Trajni kola\u010di\u0107<\/td><td>cookieconsent_status<\/td><td>1 godina<\/td><td>Ovaj kola\u010di\u0107 povezan je sa skriptom koja na web stranici prikazuje obave\u0161tenje o upozorenju o kola\u010di\u0107ima. Koristi se za bele\u017eenje kada je korisnik odbacio obave\u0161tenje kako bi se spre\u010dilo ponovno pojavljivanje pri ponovnim posetama.<\/td><\/tr><\/tbody><\/table><\/figure>\n<\/div>","protected":false},"excerpt":{"rendered":"<p>Informacije o kola\u010di\u0107ima Kola\u010di\u0107i su delovi podataka koje web stranica mo\u017ee preneti u web pretra\u017eiva\u010d korisnika. Kada posetite\u00a0www.vwdtest.com, ako va\u0161 pretra\u017eiva\u010d koristi standardne postavke i prihvata kola\u010di\u0107e, dajete saglasnost da kola\u010di\u0107e s ove stranice uskladi\u0161tite na va\u0161em ra\u010dunaru. Uskladi\u0161teni kola\u010di\u0107i mogu ostati na va\u0161em ra\u010dunaru nakon \u0161to napustite\u00a0 www.vwdtest.com. Ako ne \u017eelite da se to [&hellip;]<\/p>\n","protected":false},"author":1,"featured_media":0,"parent":0,"menu_order":0,"comment_status":"closed","ping_status":"closed","template":"front-page.php","meta":{"inline_featured_image":false},"acf":[],"yoast_head":"<!-- This site is optimized with the Yoast SEO plugin v20.4 - https:\/\/yoast.com\/wordpress\/plugins\/seo\/ -->\n<title>Politika kola\u010di\u0107a - Serbia<\/title>\n<meta name=\"robots\" content=\"index, follow, max-snippet:-1, max-image-preview:large, max-video-preview:-1\" \/>\n<link rel=\"canonical\" href=\"https:\/\/vwdtest.com\/rs\/cookie-preferences\/\" \/>\n<meta property=\"og:locale\" content=\"en_US\" \/>\n<meta property=\"og:type\" content=\"article\" \/>\n<meta property=\"og:title\" content=\"Politika kola\u010di\u0107a - Serbia\" \/>\n<meta property=\"og:description\" content=\"Informacije o kola\u010di\u0107ima Kola\u010di\u0107i su delovi podataka koje web stranica mo\u017ee preneti u web pretra\u017eiva\u010d korisnika. Kada posetite\u00a0www.vwdtest.com, ako va\u0161 pretra\u017eiva\u010d koristi standardne postavke i prihvata kola\u010di\u0107e, dajete saglasnost da kola\u010di\u0107e s ove stranice uskladi\u0161tite na va\u0161em ra\u010dunaru. Uskladi\u0161teni kola\u010di\u0107i mogu ostati na va\u0161em ra\u010dunaru nakon \u0161to napustite\u00a0 www.vwdtest.com. Ako ne \u017eelite da se to [&hellip;]\" \/>\n<meta property=\"og:url\" content=\"https:\/\/vwdtest.com\/rs\/cookie-preferences\/\" \/>\n<meta property=\"og:site_name\" content=\"Serbia\" \/>\n<meta property=\"article:modified_time\" content=\"2025-07-10T05:19:39+00:00\" \/>\n<meta name=\"twitter:card\" content=\"summary_large_image\" \/>\n<meta name=\"twitter:label1\" content=\"Est. reading time\" \/>\n\t<meta name=\"twitter:data1\" content=\"2 minutes\" \/>\n<script type=\"application\/ld+json\" class=\"yoast-schema-graph\">{\"@context\":\"https:\/\/schema.org\",\"@graph\":[{\"@type\":\"WebPage\",\"@id\":\"https:\/\/vwdtest.com\/rs\/cookie-preferences\/\",\"url\":\"https:\/\/vwdtest.com\/rs\/cookie-preferences\/\",\"name\":\"Politika kola\u010di\u0107a - Serbia\",\"isPartOf\":{\"@id\":\"https:\/\/vwdtest.com\/rs\/#website\"},\"datePublished\":\"2023-02-21T21:23:10+00:00\",\"dateModified\":\"2025-07-10T05:19:39+00:00\",\"breadcrumb\":{\"@id\":\"https:\/\/vwdtest.com\/rs\/cookie-preferences\/#breadcrumb\"},\"inLanguage\":\"en-US\",\"potentialAction\":[{\"@type\":\"ReadAction\",\"target\":[\"https:\/\/vwdtest.com\/rs\/cookie-preferences\/\"]}]},{\"@type\":\"BreadcrumbList\",\"@id\":\"https:\/\/vwdtest.com\/rs\/cookie-preferences\/#breadcrumb\",\"itemListElement\":[{\"@type\":\"ListItem\",\"position\":1,\"name\":\"Home\",\"item\":\"https:\/\/vwdtest.com\/rs\/\"},{\"@type\":\"ListItem\",\"position\":2,\"name\":\"Politika kola\u010di\u0107a\"}]},{\"@type\":\"WebSite\",\"@id\":\"https:\/\/vwdtest.com\/rs\/#website\",\"url\":\"https:\/\/vwdtest.com\/rs\/\",\"name\":\"Serbia\",\"description\":\"\",\"potentialAction\":[{\"@type\":\"SearchAction\",\"target\":{\"@type\":\"EntryPoint\",\"urlTemplate\":\"https:\/\/vwdtest.com\/rs\/?s={search_term_string}\"},\"query-input\":\"required name=search_term_string\"}],\"inLanguage\":\"en-US\"}]}<\/script>\n<!-- \/ Yoast SEO plugin. -->","yoast_head_json":{"title":"Politika kola\u010di\u0107a - Serbia","robots":{"index":"index","follow":"follow","max-snippet":"max-snippet:-1","max-image-preview":"max-image-preview:large","max-video-preview":"max-video-preview:-1"},"canonical":"https:\/\/vwdtest.com\/rs\/cookie-preferences\/","og_locale":"en_US","og_type":"article","og_title":"Politika kola\u010di\u0107a - Serbia","og_description":"Informacije o kola\u010di\u0107ima Kola\u010di\u0107i su delovi podataka koje web stranica mo\u017ee preneti u web pretra\u017eiva\u010d korisnika. Kada posetite\u00a0www.vwdtest.com, ako va\u0161 pretra\u017eiva\u010d koristi standardne postavke i prihvata kola\u010di\u0107e, dajete saglasnost da kola\u010di\u0107e s ove stranice uskladi\u0161tite na va\u0161em ra\u010dunaru. Uskladi\u0161teni kola\u010di\u0107i mogu ostati na va\u0161em ra\u010dunaru nakon \u0161to napustite\u00a0 www.vwdtest.com. Ako ne \u017eelite da se to [&hellip;]","og_url":"https:\/\/vwdtest.com\/rs\/cookie-preferences\/","og_site_name":"Serbia","article_modified_time":"2025-07-10T05:19:39+00:00","twitter_card":"summary_large_image","twitter_misc":{"Est. reading time":"2 minutes"},"schema":{"@context":"https:\/\/schema.org","@graph":[{"@type":"WebPage","@id":"https:\/\/vwdtest.com\/rs\/cookie-preferences\/","url":"https:\/\/vwdtest.com\/rs\/cookie-preferences\/","name":"Politika kola\u010di\u0107a - Serbia","isPartOf":{"@id":"https:\/\/vwdtest.com\/rs\/#website"},"datePublished":"2023-02-21T21:23:10+00:00","dateModified":"2025-07-10T05:19:39+00:00","breadcrumb":{"@id":"https:\/\/vwdtest.com\/rs\/cookie-preferences\/#breadcrumb"},"inLanguage":"en-US","potentialAction":[{"@type":"ReadAction","target":["https:\/\/vwdtest.com\/rs\/cookie-preferences\/"]}]},{"@type":"BreadcrumbList","@id":"https:\/\/vwdtest.com\/rs\/cookie-preferences\/#breadcrumb","itemListElement":[{"@type":"ListItem","position":1,"name":"Home","item":"https:\/\/vwdtest.com\/rs\/"},{"@type":"ListItem","position":2,"name":"Politika kola\u010di\u0107a"}]},{"@type":"WebSite","@id":"https:\/\/vwdtest.com\/rs\/#website","url":"https:\/\/vwdtest.com\/rs\/","name":"Serbia","description":"","potentialAction":[{"@type":"SearchAction","target":{"@type":"EntryPoint","urlTemplate":"https:\/\/vwdtest.com\/rs\/?s={search_term_string}"},"query-input":"required name=search_term_string"}],"inLanguage":"en-US"}]}},"_links":{"self":[{"href":"https:\/\/vwdtest.com\/rs\/wp-json\/wp\/v2\/pages\/266"}],"collection":[{"href":"https:\/\/vwdtest.com\/rs\/wp-json\/wp\/v2\/pages"}],"about":[{"href":"https:\/\/vwdtest.com\/rs\/wp-json\/wp\/v2\/types\/page"}],"author":[{"embeddable":true,"href":"https:\/\/vwdtest.com\/rs\/wp-json\/wp\/v2\/users\/1"}],"replies":[{"embeddable":true,"href":"https:\/\/vwdtest.com\/rs\/wp-json\/wp\/v2\/comments?post=266"}],"version-history":[{"count":14,"href":"https:\/\/vwdtest.com\/rs\/wp-json\/wp\/v2\/pages\/266\/revisions"}],"predecessor-version":[{"id":2771,"href":"https:\/\/vwdtest.com\/rs\/wp-json\/wp\/v2\/pages\/266\/revisions\/2771"}],"wp:attachment":[{"href":"https:\/\/vwdtest.com\/rs\/wp-json\/wp\/v2\/media?parent=266"}],"curies":[{"name":"wp","href":"https:\/\/api.w.org\/{rel}","templated":true}]}}