{"id":263,"date":"2023-02-21T21:22:33","date_gmt":"2023-02-21T21:22:33","guid":{"rendered":"https:\/\/new.vwdtest.com\/se\/?page_id=263"},"modified":"2024-03-27T09:51:58","modified_gmt":"2024-03-27T09:51:58","slug":"legal-statement","status":"publish","type":"page","link":"https:\/\/vwdtest.com\/rs\/legal-statement\/","title":{"rendered":"Pravna izjava"},"content":{"rendered":"<div class=\"default-block container\">\n<h2>Uslovi kori\u0161\u0107enja<\/h2>\n<\/div>\n\n<div class=\"default-block container\">\n<p>Ovu web stranicu finansira Octapharma AG, Seidenstrasse 2, 8853 Lachen SZ, \u0160vajcarska i razvijena je u saradnji sa medicinskim stru\u010dnjacima dr. Fernando Corrales-Medina (vanredni profesor klini\u010dke pedijatrije, Medicinski fakultet Univerziteta Miami-Miller, SAD) i prof. Erik Berntorp (profesor klini\u010dkog istra\u017eivanja koagulacije, Univerzitet Lund, \u0160vedska) i njihovog tima me\u0111unarodnih stru\u010dnjaka za poreme\u0107enje krvarenja (u daljem tekstu \u201eMe\u0111unarodna ekspertska grupa\u201c).<\/p>\n<\/div>\n\n<div class=\"default-block container\">\n<p>Ovo je nepromotivna web stranica, kao podr\u0161ka kampanji podizanja svesti o bolestima koju vodi Me\u0111unarodna ekspertska grupa i namenjena je samo za op\u0161te informativne svrhe. Ni\u0161ta na ovoj web stranici ne treba tuma\u010diti kao promociju ili reklamu za bilo koji proizvod ili za kori\u0161\u0107enje bilo kog proizvoda grupe kompanije Octapharma.<\/p>\n<\/div>\n\n<div class=\"default-block container\">\n<p>Octapharma AG zajedno sa svojim pokreta\u010dima podr\u017eava odr\u017eavanje i upravljanje web stranicama. Kori\u0161\u0107enjem ove web stranice saglasni ste da \u0107ete se pridr\u017eavati dole navedenih odredbi i uslova i svih va\u017enih zakona. Ako se ne sla\u017eete da se pridr\u017eavate ovih uslova, nemojte koristiti ovu web stranicu.<\/p>\n<\/div>\n\n<div class=\"default-block container\">\n<h2>Izmena web stranica i Uslova kori\u0161\u0107enja<\/h2>\n<\/div>\n\n<div class=\"default-block container\">\n<p>Octapharma AG zadr\u017eava pravo izmene, modifikacije, dodavanja, brisanja i ispravki na ovoj web stranici u bilo koje vreme i bez prethodne najave. Octapharma AG tako\u0111e mo\u017ee povu\u0107i pristup ovoj web stranici u bilo kom trenutku bez prethodnog obave\u0161tenja.<\/p>\n<\/div>\n\n<div class=\"default-block container\">\n<p>Octapharma AG mo\u017ee u bilo kom trenutku da revidira ove Uslove kori\u0161\u0107enja s vremena na vreme i a\u017eurira ove objave. Ako nastavite da pristupate ovoj web stranici, obavezuju vas sve takve revizije i treba da periodi\u010dno pose\u0107ujete ovu stranicu da biste pregledali Uslove kori\u0161\u0107enja kako biste bili sigurni da razumete uslove koji trenutno va\u017ee.<\/p>\n<\/div>\n\n<div class=\"default-block container\">\n<h2>Za\u0161tita od virusa<\/h2>\n<\/div>\n\n<div class=\"default-block container\">\n<p>Octapharma AG ne garantuje niti izjavljuje da \u0107e ova web stranica ili e-po\u0161ta primljena od Octapharma AG u skladu s popisom za slanje biti neprekinuta ili bez virusa ili bez drugih \u0161tetnih komponenti. Octapharma AG (uklju\u010duju\u0107i  njene direktore, filijale, slu\u017ebenike, zaposlene, agente, izvo\u0111a\u010de, naslednike i punomo\u0107nike) ne snosi nikakvu odgovornost za bilo kakvu \u0161tetu nastalu na va\u0161oj opremi kao rezultat pristupa ovoj web stranici, preuzimanja bilo kojeg sadr\u017eaja s ove web stranice ili primanje e-po\u0161te od strane Octapharma AG u skladu s popisom adresara.<\/p>\n<\/div>\n\n<div class=\"default-block container\">\n<h2>Medicinske informacije<\/h2>\n<\/div>\n\n<div class=\"default-block container\">\n<p>Medicinski sadr\u017eaj stranice razvila je i odobrila Me\u0111unarodna ekspertska grupa. Ove informacije nisu namenjene pru\u017eanju potpunih medicinskih informacija. Uvek bi trebalo dobiti potpune medicinske informacije o va\u0161im lekovima na recept ili medicinskim sredstvima (uklju\u010duju\u0107i njihovu korisnu medicinsku upotrebu i mogu\u0107e \u0161tetne efekte) tako \u0161to \u0107ete razgovarati o odgovaraju\u0107oj upotrebi bilo kojeg leka\/medicinskog ure\u0111aja direktno sa svojim lekarom koji vam je propisao lek ili, gde je prikladno, drugim medicinskim savetnikom . Dostavljene medicinske informacije ne predstavljaju i nemaju za cilj da predstavljaju bilo kakav podsticaj za preporuku, kupovinu, propisivanje, prodaju ili primenu odre\u0111enog proizvoda grupe kompanija Octapharma.<\/p>\n<\/div>\n\n<div class=\"default-block container\">\n<h2>Za\u0161tita autorskih prava<\/h2>\n<\/div>\n\n<div class=\"default-block container\">\n<p>Autorska prava na sav materijal sadr\u017ean na ovoj web stranici u vlasni\u0161tvu su Octapharma AG, osim ako nije druga\u010dije nazna\u010deno.<\/p>\n<\/div>\n\n<div class=\"default-block container\">\n<p>Octapharma AG zadr\u017eava sva prava na sadr\u017eaj i dizajn ove web stranice. Osim ukoliko vam Octapharma AG nije dopustila u pisanoj formi, ne smete reprodukovatu, koristiti ili kopirati bilo koji sadr\u017eaj s ove web stranice, uklju\u010duju\u0107i imena, logo, dizajn, informacije o proizvodu i bilo koji drugi materijal\/informacije upotrebljene na ovoj web stranici (u daljnjem tekstu zajedno &#8220;Informacije&#8221; ). Ne smete komercijalno koristiti bilo koje Podatke i ne smete uzrokovati da se bilo koji od Podataka uokviri ili ugradi u drugu web stranicu bez prethodnog pismenog dopu\u0161tenja Octapharma AG.<\/p>\n<\/div>\n\n<div class=\"default-block container\">\n<p>Sve informacije navedene na ovoj web stranici vlasni\u0161tvo su njihovih vlasnika i ne smeju se koristiti u celosti ili delimi\u010dno u bilo kojoj jurisdikciji bez prethodnog pisanog pristanka vlasnika. Niti sme da se koristi bili koji grafi\u010dki prikaz koji je zna\u010dajno sli\u010dan bilo kom za\u0161titnom znaku, logou ili nazivu koji se spominje na ovoj web stranici.<\/p>\n<\/div>\n\n<div class=\"default-block container\">\n<h2>Bez garancije ili zastupanja<\/h2>\n<\/div>\n\n<div class=\"default-block container\">\n<p>Podaci se daju &#8220;kakvi jesu&#8221; i bez bilo kakvih garancija, izri\u010ditih ili podrazumevanih.<\/p>\n<\/div>\n\n<div class=\"default-block container\">\n<p>U najve\u0107oj meri dopu\u0161tenoj zakonom, Octapharma AG se izri\u010dito odri\u010de svih izjava i garancija, izri\u010ditih ili implicitnih, u vezi s ovom web stranicom ili u vezi s njom \u2013 uklju\u010duju\u0107i, bez ograni\u010denja, bilo koju izjavu ili garanciju bilo koje vrste u vezi s:<\/p>\n<\/div>\n\n<div class=\"default-block container\">\n<ul><div class=\"default-block container\">\n<li>Ta\u010dno\u0161\u0107u ili potpunosti bilo koje informacije sadr\u017eane na ovoj web stranici;<\/li>\n<\/div>\n\n<div class=\"default-block container\">\n<li>Ta\u010dno\u0161\u0107u ili potpunosti bilo koje informacije sadr\u017eane na bilo kojoj web stranici sa hiperlinkom na ovu web stranicu.<\/li>\n<\/div>\n\n<div class=\"default-block container\">\n<li>Informacije su date na osnovu toga da sve osobe koje pristupaju web stranici preuzimaju odgovornost za procenu ta\u010dnosti sadr\u017eaja, kao i da se na njih oslanjaju u potpunosti na vlastitu odgovornost. Octapharma AG (uklju\u010duju\u0107i njene direktore, filijale, slu\u017ebenike, zaposlene, agente, izvo\u0111a\u010de, naslednike i punomo\u0107nike) ne snosi nikakvu odgovornost za gubitke ili \u0161tete koje je pretrpela bilo koja osoba kao rezultat oslanjanja na Informacije ili bilo koje druge informacije uklju\u010dene referencom.<\/li>\n<\/div><\/ul>\n<\/div>\n\n<div class=\"default-block container\">\n<h2>Primenjivi kodeks pona\u0161anja<\/h2>\n<\/div>\n\n<div class=\"default-block container\">\n<p>Octapharma AG nastoji da se pridr\u017eava odredbi IFPMA kodeksa prakse. Najnoviju verziju navedenog koda mo\u017eete prona\u0107i na slede\u0107em linku:&nbsp;<a href=\"https:\/\/www.ifpma.org\/resource-centre\/ifpma-code-of-practice\/\" target=\"_blank\" rel=\"noreferrer noopener\">https:\/\/www.ifpma.org\/resource-centre\/ifpma-code-of-practice\/<\/a><\/p>\n<\/div>\n\n<div class=\"default-block container\">\n<h2>Ograni\u010denje obaveza<\/h2>\n<\/div>\n\n<div class=\"default-block container\">\n<p>Ni u kom slu\u010daju Octapharma AG (uklju\u010duju\u0107i njene direktore, filijale, slu\u017ebenike, zaposlene, agente, izvo\u0111a\u010de, naslednike i punomo\u0107nike) ne\u0107e biti odgovorna za bilo kakvu direktnu, indirektnu, kaznenu, slu\u010dajnu, posebnu, posledi\u010dnu \u0161tetu ili bilo kakvu \u0161tetu uklju\u010duju\u0107i, bez ograni\u010denja, \u0161tete zbog gubitka kori\u0161\u0107enja, podataka, zarade ili izgubljenih prilika, koje proizlaze iz ili su na bilo koji na\u010din povezane s kori\u0161\u0107enjem ili u\u010dinkom ove web stranice.<\/p>\n<\/div>\n\n<div class=\"default-block container\">\n<h2>Web stranica tre\u0107e strane<\/h2>\n<\/div>\n\n<div class=\"default-block container\">\n<p>Kako bi vam bilo lak\u0161e, Octapharma AG mo\u017ee na ovoj web stranici pru\u017eiti linkove za web stranice kojima upravljaju drugi entiteti. Ako koristite ove web stranice, napusti\u0107ete ovu web stranicu. Ako odlu\u010dite posetiti bilo koju povezanu web stranicu, \u010dinite to na vlastiti rizik i va\u0161a je odgovornost da preuzmete sve mere za\u0161tite od virusa ili drugih destruktivnih elemenata.<\/p>\n<\/div>\n\n<div class=\"default-block container\">\n<p>Octapharma AG (uklju\u010duju\u0107i njene direktore, filijale, slu\u017ebenike, zaposlene, agente, izvo\u0111a\u010de, naslednike i punomo\u0107nike) ne daje nikakve garancije niti izjave u vezi s bilo kojim povezanim web stranicama ili informacijama koje se na njima pojavljuju ili bilo kojim proizvodima ili tamo opisanim uslugama.<\/p>\n<\/div>\n\n<div class=\"default-block container\">\n<p>Veze ne impliciraju da je Octapharma AG pridru\u017eena ili povezana s, ili da je zakonski ovla\u0161\u0107ena za kori\u0161\u0107enje bilo kog za\u0161titnog znaka, trgova\u010dkog imena, logoa ili simbola autorskog prava prikazanog ili dostupnog preko linkova, ili da je bilo koja povezana web stranica ovla\u0161\u0107ena za kori\u0161\u0107enje bilo kog za\u0161titnog znaka, trgova\u010dkog naziva, logoa ili simbola autorskih prava Octapharma AG.<\/p>\n<\/div>\n\n<div class=\"default-block container\">\n<p>Sve linkove ka ovoj web stranici mora odobriti Octapharma AG. Octapharma AG pridr\u017eava pravo opozivanja ovog pristanka za povezivanje u bilo kom trenutku prema vlastitom naho\u0111enju.<\/p>\n<\/div>\n\n<div class=\"default-block container\">\n<h2>Merodavno pravo<\/h2>\n<\/div>\n\n<div class=\"default-block container\">\n<p>Ovi uslovi kori\u0161\u0107enja, kao i izjava privatnosti i re\u0161avanja bilo kog spora tuma\u010di\u0107e se u skladu sa zakonima \u0160vajcarske. Isklju\u010divo mesto jurisdikcije bi\u0107e Lachen, SZ, \u0160vajcarska.<\/p>\n<\/div>","protected":false},"excerpt":{"rendered":"<p>Uslovi kori\u0161\u0107enja Ovu web stranicu finansira Octapharma AG, Seidenstrasse 2, 8853 Lachen SZ, \u0160vajcarska i razvijena je u saradnji sa medicinskim stru\u010dnjacima dr. Fernando Corrales-Medina (vanredni profesor klini\u010dke pedijatrije, Medicinski fakultet Univerziteta Miami-Miller, SAD) i prof. Erik Berntorp (profesor klini\u010dkog istra\u017eivanja koagulacije, Univerzitet Lund, \u0160vedska) i njihovog tima me\u0111unarodnih stru\u010dnjaka za poreme\u0107enje krvarenja (u daljem [&hellip;]<\/p>\n","protected":false},"author":1,"featured_media":0,"parent":0,"menu_order":0,"comment_status":"closed","ping_status":"closed","template":"front-page.php","meta":{"inline_featured_image":false},"acf":[],"yoast_head":"<!-- This site is optimized with the Yoast SEO plugin v20.4 - https:\/\/yoast.com\/wordpress\/plugins\/seo\/ -->\n<title>Pravna izjava - Serbia<\/title>\n<meta name=\"robots\" content=\"index, follow, max-snippet:-1, max-image-preview:large, max-video-preview:-1\" \/>\n<link rel=\"canonical\" href=\"https:\/\/vwdtest.com\/rs\/legal-statement\/\" \/>\n<meta property=\"og:locale\" content=\"en_US\" \/>\n<meta property=\"og:type\" content=\"article\" \/>\n<meta property=\"og:title\" content=\"Pravna izjava - Serbia\" \/>\n<meta property=\"og:description\" content=\"Uslovi kori\u0161\u0107enja Ovu web stranicu finansira Octapharma AG, Seidenstrasse 2, 8853 Lachen SZ, \u0160vajcarska i razvijena je u saradnji sa medicinskim stru\u010dnjacima dr. Fernando Corrales-Medina (vanredni profesor klini\u010dke pedijatrije, Medicinski fakultet Univerziteta Miami-Miller, SAD) i prof. Erik Berntorp (profesor klini\u010dkog istra\u017eivanja koagulacije, Univerzitet Lund, \u0160vedska) i njihovog tima me\u0111unarodnih stru\u010dnjaka za poreme\u0107enje krvarenja (u daljem [&hellip;]\" \/>\n<meta property=\"og:url\" content=\"https:\/\/vwdtest.com\/rs\/legal-statement\/\" \/>\n<meta property=\"og:site_name\" content=\"Serbia\" \/>\n<meta property=\"article:modified_time\" content=\"2024-03-27T09:51:58+00:00\" \/>\n<meta name=\"twitter:card\" content=\"summary_large_image\" \/>\n<meta name=\"twitter:label1\" content=\"Est. reading time\" \/>\n\t<meta name=\"twitter:data1\" content=\"5 minutes\" \/>\n<script type=\"application\/ld+json\" class=\"yoast-schema-graph\">{\"@context\":\"https:\/\/schema.org\",\"@graph\":[{\"@type\":\"WebPage\",\"@id\":\"https:\/\/vwdtest.com\/rs\/legal-statement\/\",\"url\":\"https:\/\/vwdtest.com\/rs\/legal-statement\/\",\"name\":\"Pravna izjava - Serbia\",\"isPartOf\":{\"@id\":\"https:\/\/vwdtest.com\/rs\/#website\"},\"datePublished\":\"2023-02-21T21:22:33+00:00\",\"dateModified\":\"2024-03-27T09:51:58+00:00\",\"breadcrumb\":{\"@id\":\"https:\/\/vwdtest.com\/rs\/legal-statement\/#breadcrumb\"},\"inLanguage\":\"en-US\",\"potentialAction\":[{\"@type\":\"ReadAction\",\"target\":[\"https:\/\/vwdtest.com\/rs\/legal-statement\/\"]}]},{\"@type\":\"BreadcrumbList\",\"@id\":\"https:\/\/vwdtest.com\/rs\/legal-statement\/#breadcrumb\",\"itemListElement\":[{\"@type\":\"ListItem\",\"position\":1,\"name\":\"Home\",\"item\":\"https:\/\/vwdtest.com\/rs\/\"},{\"@type\":\"ListItem\",\"position\":2,\"name\":\"Pravna izjava\"}]},{\"@type\":\"WebSite\",\"@id\":\"https:\/\/vwdtest.com\/rs\/#website\",\"url\":\"https:\/\/vwdtest.com\/rs\/\",\"name\":\"Serbia\",\"description\":\"\",\"potentialAction\":[{\"@type\":\"SearchAction\",\"target\":{\"@type\":\"EntryPoint\",\"urlTemplate\":\"https:\/\/vwdtest.com\/rs\/?s={search_term_string}\"},\"query-input\":\"required name=search_term_string\"}],\"inLanguage\":\"en-US\"}]}<\/script>\n<!-- \/ Yoast SEO plugin. -->","yoast_head_json":{"title":"Pravna izjava - Serbia","robots":{"index":"index","follow":"follow","max-snippet":"max-snippet:-1","max-image-preview":"max-image-preview:large","max-video-preview":"max-video-preview:-1"},"canonical":"https:\/\/vwdtest.com\/rs\/legal-statement\/","og_locale":"en_US","og_type":"article","og_title":"Pravna izjava - Serbia","og_description":"Uslovi kori\u0161\u0107enja Ovu web stranicu finansira Octapharma AG, Seidenstrasse 2, 8853 Lachen SZ, \u0160vajcarska i razvijena je u saradnji sa medicinskim stru\u010dnjacima dr. Fernando Corrales-Medina (vanredni profesor klini\u010dke pedijatrije, Medicinski fakultet Univerziteta Miami-Miller, SAD) i prof. Erik Berntorp (profesor klini\u010dkog istra\u017eivanja koagulacije, Univerzitet Lund, \u0160vedska) i njihovog tima me\u0111unarodnih stru\u010dnjaka za poreme\u0107enje krvarenja (u daljem [&hellip;]","og_url":"https:\/\/vwdtest.com\/rs\/legal-statement\/","og_site_name":"Serbia","article_modified_time":"2024-03-27T09:51:58+00:00","twitter_card":"summary_large_image","twitter_misc":{"Est. reading time":"5 minutes"},"schema":{"@context":"https:\/\/schema.org","@graph":[{"@type":"WebPage","@id":"https:\/\/vwdtest.com\/rs\/legal-statement\/","url":"https:\/\/vwdtest.com\/rs\/legal-statement\/","name":"Pravna izjava - Serbia","isPartOf":{"@id":"https:\/\/vwdtest.com\/rs\/#website"},"datePublished":"2023-02-21T21:22:33+00:00","dateModified":"2024-03-27T09:51:58+00:00","breadcrumb":{"@id":"https:\/\/vwdtest.com\/rs\/legal-statement\/#breadcrumb"},"inLanguage":"en-US","potentialAction":[{"@type":"ReadAction","target":["https:\/\/vwdtest.com\/rs\/legal-statement\/"]}]},{"@type":"BreadcrumbList","@id":"https:\/\/vwdtest.com\/rs\/legal-statement\/#breadcrumb","itemListElement":[{"@type":"ListItem","position":1,"name":"Home","item":"https:\/\/vwdtest.com\/rs\/"},{"@type":"ListItem","position":2,"name":"Pravna izjava"}]},{"@type":"WebSite","@id":"https:\/\/vwdtest.com\/rs\/#website","url":"https:\/\/vwdtest.com\/rs\/","name":"Serbia","description":"","potentialAction":[{"@type":"SearchAction","target":{"@type":"EntryPoint","urlTemplate":"https:\/\/vwdtest.com\/rs\/?s={search_term_string}"},"query-input":"required name=search_term_string"}],"inLanguage":"en-US"}]}},"_links":{"self":[{"href":"https:\/\/vwdtest.com\/rs\/wp-json\/wp\/v2\/pages\/263"}],"collection":[{"href":"https:\/\/vwdtest.com\/rs\/wp-json\/wp\/v2\/pages"}],"about":[{"href":"https:\/\/vwdtest.com\/rs\/wp-json\/wp\/v2\/types\/page"}],"author":[{"embeddable":true,"href":"https:\/\/vwdtest.com\/rs\/wp-json\/wp\/v2\/users\/1"}],"replies":[{"embeddable":true,"href":"https:\/\/vwdtest.com\/rs\/wp-json\/wp\/v2\/comments?post=263"}],"version-history":[{"count":10,"href":"https:\/\/vwdtest.com\/rs\/wp-json\/wp\/v2\/pages\/263\/revisions"}],"predecessor-version":[{"id":2704,"href":"https:\/\/vwdtest.com\/rs\/wp-json\/wp\/v2\/pages\/263\/revisions\/2704"}],"wp:attachment":[{"href":"https:\/\/vwdtest.com\/rs\/wp-json\/wp\/v2\/media?parent=263"}],"curies":[{"name":"wp","href":"https:\/\/api.w.org\/{rel}","templated":true}]}}