{"id":138,"date":"2023-02-16T10:15:43","date_gmt":"2023-02-16T10:15:43","guid":{"rendered":"https:\/\/new.vwdtest.com\/se\/?page_id=138"},"modified":"2025-09-26T12:24:25","modified_gmt":"2025-09-26T12:24:25","slug":"heavy-periods","status":"publish","type":"page","link":"https:\/\/vwdtest.com\/rs\/heavy-periods\/","title":{"rendered":"Imam obilne menstruacije"},"content":{"rendered":"<div class=\"default-block container\">\n<h3>Da li su va\u0161e menstruacije preobilne ili predugo traju?<\/h3>\n<\/div>\n\n<div class=\"default-block container\">\n<h5 class=\"bleeding-symptoms-title helpful live\">Dok imate menstruaciju, ose\u0107ate li se stalno umorno i te\u0161ko vam je da se skoncentri\u0161ete tokom nastave ili na poslu? Ose\u0107ate li se toliko iscrpljeno da izbegavate izlazak iz ku\u0107e? Ose\u0107ate li bolne gr\u010deve tokom menstruacije? Zadi\u0161ete li se nakon laganog ve\u017ebanja? Bojite li se da leti nosite belu ode\u0107u zbog menstruacije?<\/h5>\n<\/div>\n\n<div class=\"default-block container\">\n<p class=\"full\">Ako je va\u0161 odgovor na bilo koje od ovih pitanja &#8220;da&#8221;, postoji mogu\u0107nost da \u0107e va\u0161e <a href=\"https:\/\/vwdtest.com\/rs\/bleeding-symptoms\/#hmb\" data-id=\"69\">menstrualno krvarenje biti obilno<\/a>. Obilno menstrualno krvarenje ili menoragija prili\u010dno je \u010desta pojava i mo\u017ee zna\u010dajno uticati na svakodnevni \u017eivot, kao i <a href=\"https:\/\/vwdtest.com\/rs\/i-live-with-vwd\/#mental-health\">fizi\u010dko ili mentalno zdravlje<\/a>. Otprilike 1 od 4 \u017eene i devojke tokom \u017eivota ima simptome obilnog menstrualnog krvarenja. Iako je obilno menstrualno krvarenje \u010desto, isto se tako \u010desto zanemaruje. To zna\u010di da mnoge \u017eene i devojke nepotrebno pate jer se obilno menstrualno krvarenje mo\u017ee le\u010diti.<sup>1-3<\/sup><\/p>\n<\/div>\n\n<img decoding=\"async\" src=\"https:\/\/vwdtest.com\/rs\/wp-content\/uploads\/sites\/57\/2023\/02\/periods.webp\" alt=\"Imam obilne menstruacije\" class=\"page_thumbnail d-xl-none\">\r\n\n\n<div class=\"default-block container\">\n<h3>Uzroci obilnih menstruacija<\/h3>\n<\/div>\n\n<div class=\"default-block container\">\n<p class=\"full\">Postoji niz mogu\u0107ih uzroka <a data-type=\"page\" data-id=\"69\" href=\"https:\/\/vwdtest.com\/rs\/bleeding-symptoms\/#hmb\">obilnog menstrualnog krvarenja<\/a>. Utvr\u0111ivanje ta\u010dnog uzroka va\u017eno je za izbor odgovaraju\u0107eg le\u010denja.<sup>3<\/sup> Otprilike 1 od 5 \u017eena s obilnim menstrualnim krvarenjem ima nepoznat osnovni poreme\u0107aj krvarenja. Naj\u010de\u0161\u0107i poreme\u0107aj krvarenja je <a href=\"https:\/\/vwdtest.com\/rs\/von-willebrand-disease\/\" target=\"_blank\" rel=\"noreferrer noopener\">von Willebrandova bolest<\/a> (VWD) . Gotovo sve \u017eene s VWD-om imaju obilno menstrualno krvarenje. Na\u017ealost, VWD se pre\u010desto zanemaruje kao uzrok obilnog menstrualnog krvarenja. Osim toga, neke terapije za kontrolu obilnog menstrualnog krvarenja ne\u0107e za\u0161tititi \u017eene s VWD-om od drugih komplikacija te bolesti. Bez dijagnoze, ove \u017eene ostaju u opasnosti od prekomernog krvarenja tokom trudno\u0107e, kao i tokom i nakon <a href=\"https:\/\/vwdtest.com\/rs\/i-live-with-vwd\/#childbirth\">poro\u0111aja<\/a>. VWD se mo\u017ee le\u010diti, a ako je dijagnoza poznata pre trudno\u0107e, krvarenje se mo\u017ee kontrolisati i \u017eene s VWD-om mogu imati normalnu trudno\u0107u.<sup>2,4<\/sup><\/p>\n<\/div>\n\n<div class=\"default-block container\">\n<h3>Mo\u017eda niste jedina u porodici s obilnim menstruacijama<\/h3>\n<\/div>\n\n<div class=\"default-block container\">\n<p class=\"full\">Ako imate nedoumica u vezi svoje mentruacije, mo\u017eda ste o tome razgovarali s drugim \u017eenama u svojoj porodici. Mo\u017eda se i kod majke, tetke ili sestre pojavljuje sli\u010dno krvarenje i rekle su vam da su va\u0161e menstruacije normalne. To, me\u0111utim, nije uvek ta\u010dno. Me\u0111u ostalim uzrocima, obilno menstrualno krvarenje mo\u017ee biti posledica naslednih poreme\u0107aja krvarenja.<sup>2,3<\/sup> Ovi poreme\u0107aji mogu biti prisutni kod vi\u0161e \u010dlanova porodice. Ako va\u0161e menstruacije uti\u010du na svakodnevni \u017eivot i dobrobit, preporu\u010dujemo vam da o krvarenju porazgovarate sa svojim lekarom.<\/p>\n<\/div>\n\n<div class=\"default-block container\">\n<h3>Saznajte da li je Va\u0161e krvarenje normalno<\/h3>\n<\/div>\n\n<div class=\"default-block container\">\n<p class=\"full\">Kada se krvarenje smatra prekomernim? Na ovo pitanje je ponekad te\u0161ko odgovoriti. Tipi\u010dni znakovi obilnog menstrualnog krvarenja obuhvataju krvarenje du\u017ee od sedam dana, potrebu menjanja ulo\u0161ka ili tampona svakih nekoliko sati, krvarenje kroz ode\u0107u ili posteljinu i izlu\u010divanje velikih krvnih ugru\u0161aka.<sup>5<\/sup> Kako bi mogli da vam pomognu da saznate vi\u0161e o menstrualnom krvarenju, nau\u010dnici su razvili jednostavnu <a href=\"#\" id=\"showPdf\"> karticu za ocenjivanje menstruacije<\/a>. Na ovoj kartici mo\u017eete zabele\u017eiti koliko higijenskih proizvoda koristite svakoga dana. Ove informacije mogu da pomognu vama i va\u0161em lekaru da otkrijete da li imate obilno menstrualno krvarenje.<sup>6<\/sup><\/p>\n\n<div class=\"video test\">\n\n    <div class=\"video__box\">\n        <div class=\"popup-main-wrapper\">\n            <div class=\"popup-wrapper\">\n                <div class=\"popup-close-icon\"><img decoding=\"async\" src=\"https:\/\/vwdtest.com\/fr\/wp-content\/uploads\/sites\/22\/2023\/09\/cross-icon1.svg\" alt=\"cross-icon\">\n                <\/div>\n                \n            <\/div>\n        <\/div>\n\n    <\/div>\n<\/div>\n<\/div>\n\n<div class=\"default-block container\">\n<div style=\"height:30px\" aria-hidden=\"true\" class=\"wp-block-spacer\"><\/div>\n<\/div>\n\n<div class=\"default-block container\">\n<div class=\"is-content-justification-right is-layout-flex wp-container-1 wp-block-buttons\">\n<div class=\"wp-block-button download increase_download_count\"><a class=\"wp-block-button__link wp-element-button\" href=\"https:\/\/vwdtest.com\/rs\/wp-content\/uploads\/sites\/57\/2025\/09\/PBAC-0025-RS.pdf\" target=\"_blank\" rel=\"noreferrer noopener\" download>Preuzmite karticu<\/a><\/div>\n<\/div>\n<\/div>\n\n<div class=\"default-block container\">\n<div style=\"height:30px\" aria-hidden=\"true\" class=\"wp-block-spacer\"><\/div>\n<\/div>\n\n<div class=\"default-block container\">\n<div style=\"height:60px\" aria-hidden=\"true\" class=\"wp-block-spacer\"><\/div>\n<\/div>\n\n<div class=\"default-block container\">\n<p class=\"full\">Ponekad \u017eene i djevojke s obilnim menstrualnim krvarenjem \u010desto krvare i iz <a data-type=\"page\" data-id=\"69\" href=\"https:\/\/vwdtest.com\/rs\/bleeding-symptoms\/#nosebleed\">nosa<\/a> ili iz <a data-type=\"page\" data-id=\"69\" href=\"https:\/\/vwdtest.com\/rs\/bleeding-symptoms\/#oral-bleed\">desni<\/a>. Gubitak krvi mo\u017ee dovesti do <a data-type=\"page\" data-id=\"69\" href=\"https:\/\/vwdtest.com\/rs\/bleeding-symptoms\/#fatigue\">nedostatka gvo\u017e\u0111a i anemije<\/a> i uzrokovati da se ose\u0107ate umorno i iscrpljeno. Ako ste osetili bilo koji od ovih simptoma ili ste krvarili nakon va\u0111enja zuba ili drugog manjeg hirur\u0161kog zahvata, preporu\u010dujemo Vam da preuzmete na\u0161 <a data-type=\"page\" data-id=\"58\" href=\"https:\/\/vwdtest.com\/rs\/take-test\/\">test krvarenja<\/a>. Nau\u010dnici su ovaj test razvili kako bi Vam pomogli da saznate da li je Va\u0161e krvarenje normalno.<sup>2<\/sup> Za ispunjavanje je potrebno nekoliko minuta, a nakon ispunjavanja \u0107ete saznati da li treba da odete kod lekara zbog krvarenja. To mo\u017ee biti posebno va\u017eno ako se spremate na operaciju.<\/p>\n<\/div>\n\n<div class=\"default-block container\">\n<div class=\"is-content-justification-right is-layout-flex wp-container-2 wp-block-buttons\">\n<div class=\"wp-block-button take-test\"><a class=\"wp-block-button__link wp-element-button\" href=\"\/rs\/take-test\/\">Ispunite test<\/a><\/div>\n<\/div>\n<\/div>\n\n<div class=\"default-block container\">\n<h6>Literatura<\/h6>\n<\/div>\n\n<div class=\"default-block container\">\n<ol type=\"1\"><div class=\"default-block container\">\n<li>Fraser IS et al. <em>Int J Gynaecol Obstet <\/em>2015; 128:196-200.<\/li>\n<\/div>\n\n<div class=\"default-block container\">\n<li>Corrales-Medina FF et al. <em>Blood Rev <\/em>2022; 101018. <\/li>\n<\/div>\n\n<div class=\"default-block container\">\n<li><a href=\"https:\/\/www.acog.org\/womens-health\/faqs\/heavy-menstrual-bleeding\" target=\"_blank\" rel=\"noopener\">https:\/\/www.acog.org\/womens-health\/faqs\/heavy-menstrual-bleeding<\/a>; poslednji put pristupljeno u januaru 2023.<\/li>\n<\/div>\n\n<div class=\"default-block container\">\n<li><a href=\"https:\/\/www.cdc.gov\/ncbddd\/vwd\/women.html\" target=\"_blank\" rel=\"noopener\">https:\/\/www.cdc.gov\/ncbddd\/vwd\/women.html<\/a>; poslednji put pristupljeno u januaru 2023.<\/li>\n<\/div>\n\n<div class=\"default-block container\">\n<li><a href=\"https:\/\/www.nhs.uk\/conditions\/heavy-periods\/\" target=\"_blank\" rel=\"noopener\">https:\/\/www.nhs.uk\/conditions\/heavy-periods\/<\/a>; poslednji put pristupljeno u januaru 2023.<\/li>\n<\/div>\n\n<div class=\"default-block container\">\n<li>Higham JM et al. <em>Br J Obstet Gynaecol <\/em>1990; 97:734-9.<\/li>\n<\/div><\/ol>\n<\/div>","protected":false},"excerpt":{"rendered":"<p>Da li su va\u0161e menstruacije preobilne ili predugo traju? Dok imate menstruaciju, ose\u0107ate li se stalno umorno i te\u0161ko vam je da se skoncentri\u0161ete tokom nastave ili na poslu? Ose\u0107ate li se toliko iscrpljeno da izbegavate izlazak iz ku\u0107e? Ose\u0107ate li bolne gr\u010deve tokom menstruacije? Zadi\u0161ete li se nakon laganog ve\u017ebanja? Bojite li se da [&hellip;]<\/p>\n","protected":false},"author":1,"featured_media":227,"parent":0,"menu_order":0,"comment_status":"closed","ping_status":"closed","template":"","meta":{"inline_featured_image":false},"acf":[],"yoast_head":"<!-- This site is optimized with the Yoast SEO plugin v20.4 - https:\/\/yoast.com\/wordpress\/plugins\/seo\/ -->\n<title>Imam obilne menstruacije - Serbia<\/title>\n<meta name=\"robots\" content=\"index, follow, max-snippet:-1, max-image-preview:large, max-video-preview:-1\" \/>\n<link rel=\"canonical\" href=\"https:\/\/vwdtest.com\/rs\/heavy-periods\/\" \/>\n<meta property=\"og:locale\" content=\"en_US\" \/>\n<meta property=\"og:type\" content=\"article\" \/>\n<meta property=\"og:title\" content=\"Imam obilne menstruacije - Serbia\" \/>\n<meta property=\"og:description\" content=\"Da li su va\u0161e menstruacije preobilne ili predugo traju? Dok imate menstruaciju, ose\u0107ate li se stalno umorno i te\u0161ko vam je da se skoncentri\u0161ete tokom nastave ili na poslu? Ose\u0107ate li se toliko iscrpljeno da izbegavate izlazak iz ku\u0107e? Ose\u0107ate li bolne gr\u010deve tokom menstruacije? Zadi\u0161ete li se nakon laganog ve\u017ebanja? Bojite li se da [&hellip;]\" \/>\n<meta property=\"og:url\" content=\"https:\/\/vwdtest.com\/rs\/heavy-periods\/\" \/>\n<meta property=\"og:site_name\" content=\"Serbia\" \/>\n<meta property=\"article:modified_time\" content=\"2025-09-26T12:24:25+00:00\" \/>\n<meta property=\"og:image\" content=\"https:\/\/vwdtest.com\/rs\/wp-content\/uploads\/sites\/57\/2023\/02\/periods.webp\" \/>\n\t<meta property=\"og:image:width\" content=\"674\" \/>\n\t<meta property=\"og:image:height\" content=\"929\" \/>\n\t<meta property=\"og:image:type\" content=\"image\/webp\" \/>\n<meta name=\"twitter:card\" content=\"summary_large_image\" \/>\n<meta name=\"twitter:label1\" content=\"Est. reading time\" \/>\n\t<meta name=\"twitter:data1\" content=\"3 minutes\" \/>\n<script type=\"application\/ld+json\" class=\"yoast-schema-graph\">{\"@context\":\"https:\/\/schema.org\",\"@graph\":[{\"@type\":\"WebPage\",\"@id\":\"https:\/\/vwdtest.com\/rs\/heavy-periods\/\",\"url\":\"https:\/\/vwdtest.com\/rs\/heavy-periods\/\",\"name\":\"Imam obilne menstruacije - Serbia\",\"isPartOf\":{\"@id\":\"https:\/\/vwdtest.com\/rs\/#website\"},\"datePublished\":\"2023-02-16T10:15:43+00:00\",\"dateModified\":\"2025-09-26T12:24:25+00:00\",\"breadcrumb\":{\"@id\":\"https:\/\/vwdtest.com\/rs\/heavy-periods\/#breadcrumb\"},\"inLanguage\":\"en-US\",\"potentialAction\":[{\"@type\":\"ReadAction\",\"target\":[\"https:\/\/vwdtest.com\/rs\/heavy-periods\/\"]}]},{\"@type\":\"BreadcrumbList\",\"@id\":\"https:\/\/vwdtest.com\/rs\/heavy-periods\/#breadcrumb\",\"itemListElement\":[{\"@type\":\"ListItem\",\"position\":1,\"name\":\"Home\",\"item\":\"https:\/\/vwdtest.com\/rs\/\"},{\"@type\":\"ListItem\",\"position\":2,\"name\":\"Imam obilne menstruacije\"}]},{\"@type\":\"WebSite\",\"@id\":\"https:\/\/vwdtest.com\/rs\/#website\",\"url\":\"https:\/\/vwdtest.com\/rs\/\",\"name\":\"Serbia\",\"description\":\"\",\"potentialAction\":[{\"@type\":\"SearchAction\",\"target\":{\"@type\":\"EntryPoint\",\"urlTemplate\":\"https:\/\/vwdtest.com\/rs\/?s={search_term_string}\"},\"query-input\":\"required name=search_term_string\"}],\"inLanguage\":\"en-US\"}]}<\/script>\n<!-- \/ Yoast SEO plugin. -->","yoast_head_json":{"title":"Imam obilne menstruacije - Serbia","robots":{"index":"index","follow":"follow","max-snippet":"max-snippet:-1","max-image-preview":"max-image-preview:large","max-video-preview":"max-video-preview:-1"},"canonical":"https:\/\/vwdtest.com\/rs\/heavy-periods\/","og_locale":"en_US","og_type":"article","og_title":"Imam obilne menstruacije - Serbia","og_description":"Da li su va\u0161e menstruacije preobilne ili predugo traju? Dok imate menstruaciju, ose\u0107ate li se stalno umorno i te\u0161ko vam je da se skoncentri\u0161ete tokom nastave ili na poslu? Ose\u0107ate li se toliko iscrpljeno da izbegavate izlazak iz ku\u0107e? Ose\u0107ate li bolne gr\u010deve tokom menstruacije? Zadi\u0161ete li se nakon laganog ve\u017ebanja? Bojite li se da [&hellip;]","og_url":"https:\/\/vwdtest.com\/rs\/heavy-periods\/","og_site_name":"Serbia","article_modified_time":"2025-09-26T12:24:25+00:00","og_image":[{"width":674,"height":929,"url":"https:\/\/vwdtest.com\/rs\/wp-content\/uploads\/sites\/57\/2023\/02\/periods.webp","type":"image\/webp"}],"twitter_card":"summary_large_image","twitter_misc":{"Est. reading time":"3 minutes"},"schema":{"@context":"https:\/\/schema.org","@graph":[{"@type":"WebPage","@id":"https:\/\/vwdtest.com\/rs\/heavy-periods\/","url":"https:\/\/vwdtest.com\/rs\/heavy-periods\/","name":"Imam obilne menstruacije - Serbia","isPartOf":{"@id":"https:\/\/vwdtest.com\/rs\/#website"},"datePublished":"2023-02-16T10:15:43+00:00","dateModified":"2025-09-26T12:24:25+00:00","breadcrumb":{"@id":"https:\/\/vwdtest.com\/rs\/heavy-periods\/#breadcrumb"},"inLanguage":"en-US","potentialAction":[{"@type":"ReadAction","target":["https:\/\/vwdtest.com\/rs\/heavy-periods\/"]}]},{"@type":"BreadcrumbList","@id":"https:\/\/vwdtest.com\/rs\/heavy-periods\/#breadcrumb","itemListElement":[{"@type":"ListItem","position":1,"name":"Home","item":"https:\/\/vwdtest.com\/rs\/"},{"@type":"ListItem","position":2,"name":"Imam obilne menstruacije"}]},{"@type":"WebSite","@id":"https:\/\/vwdtest.com\/rs\/#website","url":"https:\/\/vwdtest.com\/rs\/","name":"Serbia","description":"","potentialAction":[{"@type":"SearchAction","target":{"@type":"EntryPoint","urlTemplate":"https:\/\/vwdtest.com\/rs\/?s={search_term_string}"},"query-input":"required name=search_term_string"}],"inLanguage":"en-US"}]}},"_links":{"self":[{"href":"https:\/\/vwdtest.com\/rs\/wp-json\/wp\/v2\/pages\/138"}],"collection":[{"href":"https:\/\/vwdtest.com\/rs\/wp-json\/wp\/v2\/pages"}],"about":[{"href":"https:\/\/vwdtest.com\/rs\/wp-json\/wp\/v2\/types\/page"}],"author":[{"embeddable":true,"href":"https:\/\/vwdtest.com\/rs\/wp-json\/wp\/v2\/users\/1"}],"replies":[{"embeddable":true,"href":"https:\/\/vwdtest.com\/rs\/wp-json\/wp\/v2\/comments?post=138"}],"version-history":[{"count":104,"href":"https:\/\/vwdtest.com\/rs\/wp-json\/wp\/v2\/pages\/138\/revisions"}],"predecessor-version":[{"id":2800,"href":"https:\/\/vwdtest.com\/rs\/wp-json\/wp\/v2\/pages\/138\/revisions\/2800"}],"wp:featuredmedia":[{"embeddable":true,"href":"https:\/\/vwdtest.com\/rs\/wp-json\/wp\/v2\/media\/227"}],"wp:attachment":[{"href":"https:\/\/vwdtest.com\/rs\/wp-json\/wp\/v2\/media?parent=138"}],"curies":[{"name":"wp","href":"https:\/\/api.w.org\/{rel}","templated":true}]}}