{"id":1091,"date":"2023-08-14T07:57:20","date_gmt":"2023-08-14T07:57:20","guid":{"rendered":"https:\/\/new.vwdtest.com\/se\/?page_id=1091"},"modified":"2025-10-09T12:38:51","modified_gmt":"2025-10-09T12:38:51","slug":"family-doctor-paediatrician","status":"publish","type":"page","link":"https:\/\/vwdtest.com\/rs\/family-doctor-paediatrician\/","title":{"rendered":"PORODI\u010cNI LEKAR \/ PEDIJATAR"},"content":{"rendered":"<div class=\"default-block container\">\n<p><\/p><h5 class=\"bleeding-symptoms-title vwd\">Deca s VWD-om tako\u0111e mogu do\u017eiveti emocionalne probleme i probleme u pona\u0161anju u \u0161koli i u porodi\u010dnom \u017eivotu zbog straha od krvarenja, a u\u010destalo krvarenje mo\u017ee dovesti i do izostanka iz \u0161kole. <sup>4 <\/sup>\u0160tavi\u0161e, strah od krvarenja mo\u017ee predstavljati i zna\u010dajan <a href=\"https:\/\/vwdtest.com\/rs\/i-live-with-vwd\/#mental-health\">psiholo\u0161ki teret <\/a> za roditelje deteta i podstaknuti ih da ograni\u010de fizi\u010dke i dru\u0161tvene aktivnosti koje su va\u017ene za normalan razvoj deteta.<sup>5<\/sup><\/h5><p><\/p>\n<\/div>\n\n<img decoding=\"async\" src=\"https:\/\/vwdtest.com\/rs\/wp-content\/uploads\/sites\/57\/2023\/08\/paediatrician-img.png\" alt=\"PORODI\u010cNI LEKAR \/ PEDIJATAR\" class=\"page_thumbnail d-xl-none\">\r\n\n\n<div class=\"default-block container\">\n<h3>Uloga porodi\u010dnog lekara i pedijatara<\/h3>\n<\/div>\n\n<div class=\"default-block container\">\n<p class=\"full\">VWD je naj\u010de\u0161\u0107i poreme\u0107aj krvarenja kod dece.<sup>6 <\/sup>\u010cesti simptomi krvarenja kod dece s VWD-om uklju\u010duju <a href=\"https:\/\/vwdtest.com\/rs\/bleeding-symptoms\/#easy-bruising\">lako stvaranje modrica<\/a>, krvarenje iz usta i <a href=\"https:\/\/vwdtest.com\/rs\/bleeding-symptoms\/#nosebleed\">nosa<\/a>, i dugotrajno krvarenje iz manjih rana i nakon operacije.<sup>2 <\/sup>Kao porodi\u010dni lekar ili pedijatar, \u010desto \u0107ete biti prvi medicinski stru\u010dnjak koji \u0107e pregledati decu s takvim simptomima i va\u0161 je zadatak da utvrdite da li dete ima abnormalni obrazac krvarenja koji zahteva dalju stru\u010dnu analizu.<sup>7 <\/sup>I za odrasle i za decu s mogu\u0107im poreme\u0107ajem krvarenja utvr\u0111ivanje istorije krvarenja je prvi korak u dijagnozi. Pri proceni istorije krvarenja deteta klju\u010dno je uzeti u obzir starost i razvojne sposobnosti pacijenta. Odoj\u010dad koja jo\u0161 nisu pokretna retko pokazuju znakove modrica, ali mo\u017ee im se pojaviti neuobi\u010dajeno krvarenje nakon obrezivanja ili va\u0111enja krvi.<sup>2,7 <\/sup>Kako deca postaju pokretljivija, manje ogrebotine i modrice od udaraca ili padova postaju sve \u010de\u0161\u0107e. Me\u0111utim, modrice koje su ve\u0107e ili se pojavljuju \u010de\u0161\u0107e nego o\u010dekivano mogu probuditi sumnju u poreme\u0107aj krvarenja. Kod dece s VWD-om modrice se mogu pojaviti i na neuobi\u010dajenim mestima, kao \u0161to su le\u0111a ili trbuh. Takve modrice mogu se pogre\u0161no protuma\u010diti kao znakovi zlostavljanja deteta i roditelji bi se mogli zabrinuti zbog toga.<sup>8 <\/sup>Kona\u010dno, kako devoj\u010dice ulaze u pubertet, <a href=\"https:\/\/vwdtest.com\/rs\/bleeding-symptoms\/#hmb\">obilno menstrualno krvarenje<\/a> postaje naj\u010de\u0161\u0107i simptom krvarenja VWD-a. Kad s pacijentima i njihovim roditeljima razgovarate o ovim simptomima, va\u017eno je obuhvatiti i porodi\u010dnu istoriju krvarenja, jer se ponavljaju\u0107e abnormalno krvarenje mo\u017ee zanemariti unutar porodice.<sup>2,9<\/sup><\/p>\n<\/div>\n\n<div class=\"default-block container\">\n<p class=\"full\">Nekada je te\u0161ko odrediti jesu li simptomi krvarenja neuobi\u010dajeni.<sup>7 <\/sup>Za prvu procenu simptoma krvarenja, a posebno za pacijente kojima je zakazana operacija, preporu\u010dujemo vam da s pacijentom uradite na\u0161 <a href=\"\/rs\/take-test\">test krvarenja<\/a>. Test \u0107e pokazati da li su indikovane dalje analize, a pacijentu bi mogao promeniti \u017eivot!<\/p>\n<\/div>\n\n<div class=\"default-block container\">\n<p class=\"full\">Kona\u010dna dijagnoza VWD-a rezultat je razra\u0111enog procesa.<sup>2<\/sup> Stoga vam preporu\u010dujemo da se obratite najbli\u017eem <a href=\"https:\/\/vwdtest.com\/rs\/helpful-resources\/\">centru za le\u010denje hemofilije<\/a> ako je indikovana dalja dijagnosti\u010dka analiza. Multidisciplinarni timovi u centru za le\u010denje pru\u017eaju optimalnu brigu za pacijente s poreme\u0107ajima krvarenja. VWDtest nudi i dodatne informacije o <a href=\"https:\/\/vwdtest.com\/rs\/i-live-with-vwd\/\">etiologiji<\/a>, <a href=\"https:\/\/vwdtest.com\/rs\/i-live-with-vwd\/\">dijagnost<\/a>ikovanju i <a href=\"https:\/\/vwdtest.com\/rs\/i-live-with-vwd\/\">le\u010denju VWD-a<\/a>, kao i uvid u tipi\u010dan <a href=\"https:\/\/vwdtest.com\/rs\/\/helpful-resources\/#journey\">put <\/a>pacijenta s VWD-om.<\/p>\n<\/div>\n\n<div class=\"default-block container\">\n<h6>Literatura<\/h6>\n<\/div>\n\n<div class=\"default-block container\">\n<ol type=\"1\"><div class=\"default-block container\">\n<li>Atiq F et al. <em>EClinicalMedicine<\/em> 2021; 32:100726.<\/li>\n<\/div>\n\n<div class=\"default-block container\">\n<li>Corrales-Medina FF et al. <em>Blood Rev <\/em>2023; 58:101018.<\/li>\n<\/div>\n\n<div class=\"default-block container\">\n<li>Patel PN et al. Int J <em>Pediatr Otorhinolaryngol<\/em> 2017; 100:216-22.<\/li>\n<\/div>\n\n<div class=\"default-block container\">\n<li>de Wee EM et al. <em>J Thromb Haemost<\/em> 2011; 9:502-9.<\/li>\n<\/div>\n\n<div class=\"default-block container\">\n<li><a target=\"_blank\" href=\"https:\/\/www.hemophilia.org\/sites\/default\/files\/document\/files\/nurses-guide-chapter-13a-child-development-with-bleeding-disorder-transition.pdf\" rel=\"noopener\">https:\/\/www.hemophilia.org\/sites\/default\/files\/document\/files\/nurses-guide-chapter-13a-child-development-with-bleeding-disorder-transition.pdf<\/a>; posljednji put pristupljeno u o\u017eujku 2023.<\/li>\n<\/div>\n\n<div class=\"default-block container\">\n<li>Klaassen R and Halton <em>JM Paediatr Child Health<\/em> 2002; 7:245-9.<\/li>\n<\/div>\n\n<div class=\"default-block container\">\n<li>Van Ommen CH and Peters M. <em>Eur J Pediatr<\/em> 2012; 171:1-10.<\/li>\n<\/div>\n\n<div class=\"default-block container\">\n<li>Jackson J et al. <em>Child Abuse Negl<\/em> 2012; 36:127-34.<\/li>\n<\/div>\n\n<div class=\"default-block container\">\n<li>VanderMeulen H, et al. <em>Hematology Am Soc Hematol Educ Program<\/em> 2022 1: 631-6.<\/li>\n<\/div><\/ol>\n<\/div>","protected":false},"excerpt":{"rendered":"<p>Deca s VWD-om tako\u0111e mogu do\u017eiveti emocionalne probleme i probleme u pona\u0161anju u \u0161koli i u porodi\u010dnom \u017eivotu zbog straha od krvarenja, a u\u010destalo krvarenje mo\u017ee dovesti i do izostanka iz \u0161kole. 4 \u0160tavi\u0161e, strah od krvarenja mo\u017ee predstavljati i zna\u010dajan psiholo\u0161ki teret za roditelje deteta i podstaknuti ih da ograni\u010de fizi\u010dke i dru\u0161tvene aktivnosti [&hellip;]<\/p>\n","protected":false},"author":1,"featured_media":1095,"parent":0,"menu_order":0,"comment_status":"closed","ping_status":"closed","template":"","meta":{"inline_featured_image":false},"acf":[],"yoast_head":"<!-- This site is optimized with the Yoast SEO plugin v20.4 - https:\/\/yoast.com\/wordpress\/plugins\/seo\/ -->\n<title>PORODI\u010cNI LEKAR \/ PEDIJATAR - Serbia<\/title>\n<meta name=\"robots\" content=\"index, follow, max-snippet:-1, max-image-preview:large, max-video-preview:-1\" \/>\n<link rel=\"canonical\" href=\"https:\/\/vwdtest.com\/rs\/family-doctor-paediatrician\/\" \/>\n<meta property=\"og:locale\" content=\"en_US\" \/>\n<meta property=\"og:type\" content=\"article\" \/>\n<meta property=\"og:title\" content=\"PORODI\u010cNI LEKAR \/ PEDIJATAR - Serbia\" \/>\n<meta property=\"og:description\" content=\"Deca s VWD-om tako\u0111e mogu do\u017eiveti emocionalne probleme i probleme u pona\u0161anju u \u0161koli i u porodi\u010dnom \u017eivotu zbog straha od krvarenja, a u\u010destalo krvarenje mo\u017ee dovesti i do izostanka iz \u0161kole. 4 \u0160tavi\u0161e, strah od krvarenja mo\u017ee predstavljati i zna\u010dajan psiholo\u0161ki teret za roditelje deteta i podstaknuti ih da ograni\u010de fizi\u010dke i dru\u0161tvene aktivnosti [&hellip;]\" \/>\n<meta property=\"og:url\" content=\"https:\/\/vwdtest.com\/rs\/family-doctor-paediatrician\/\" \/>\n<meta property=\"og:site_name\" content=\"Serbia\" \/>\n<meta property=\"article:modified_time\" content=\"2025-10-09T12:38:51+00:00\" \/>\n<meta property=\"og:image\" content=\"https:\/\/vwdtest.com\/rs\/wp-content\/uploads\/sites\/57\/2023\/08\/paediatrician-img.png\" \/>\n\t<meta property=\"og:image:width\" content=\"687\" \/>\n\t<meta property=\"og:image:height\" content=\"799\" \/>\n\t<meta property=\"og:image:type\" content=\"image\/png\" \/>\n<meta name=\"twitter:card\" content=\"summary_large_image\" \/>\n<meta name=\"twitter:label1\" content=\"Est. reading time\" \/>\n\t<meta name=\"twitter:data1\" content=\"3 minutes\" \/>\n<script type=\"application\/ld+json\" class=\"yoast-schema-graph\">{\"@context\":\"https:\/\/schema.org\",\"@graph\":[{\"@type\":\"WebPage\",\"@id\":\"https:\/\/vwdtest.com\/rs\/family-doctor-paediatrician\/\",\"url\":\"https:\/\/vwdtest.com\/rs\/family-doctor-paediatrician\/\",\"name\":\"PORODI\u010cNI LEKAR \/ PEDIJATAR - Serbia\",\"isPartOf\":{\"@id\":\"https:\/\/vwdtest.com\/rs\/#website\"},\"datePublished\":\"2023-08-14T07:57:20+00:00\",\"dateModified\":\"2025-10-09T12:38:51+00:00\",\"breadcrumb\":{\"@id\":\"https:\/\/vwdtest.com\/rs\/family-doctor-paediatrician\/#breadcrumb\"},\"inLanguage\":\"en-US\",\"potentialAction\":[{\"@type\":\"ReadAction\",\"target\":[\"https:\/\/vwdtest.com\/rs\/family-doctor-paediatrician\/\"]}]},{\"@type\":\"BreadcrumbList\",\"@id\":\"https:\/\/vwdtest.com\/rs\/family-doctor-paediatrician\/#breadcrumb\",\"itemListElement\":[{\"@type\":\"ListItem\",\"position\":1,\"name\":\"Home\",\"item\":\"https:\/\/vwdtest.com\/rs\/\"},{\"@type\":\"ListItem\",\"position\":2,\"name\":\"PORODI\u010cNI LEKAR \/ PEDIJATAR\"}]},{\"@type\":\"WebSite\",\"@id\":\"https:\/\/vwdtest.com\/rs\/#website\",\"url\":\"https:\/\/vwdtest.com\/rs\/\",\"name\":\"Serbia\",\"description\":\"\",\"potentialAction\":[{\"@type\":\"SearchAction\",\"target\":{\"@type\":\"EntryPoint\",\"urlTemplate\":\"https:\/\/vwdtest.com\/rs\/?s={search_term_string}\"},\"query-input\":\"required name=search_term_string\"}],\"inLanguage\":\"en-US\"}]}<\/script>\n<!-- \/ Yoast SEO plugin. -->","yoast_head_json":{"title":"PORODI\u010cNI LEKAR \/ PEDIJATAR - Serbia","robots":{"index":"index","follow":"follow","max-snippet":"max-snippet:-1","max-image-preview":"max-image-preview:large","max-video-preview":"max-video-preview:-1"},"canonical":"https:\/\/vwdtest.com\/rs\/family-doctor-paediatrician\/","og_locale":"en_US","og_type":"article","og_title":"PORODI\u010cNI LEKAR \/ PEDIJATAR - Serbia","og_description":"Deca s VWD-om tako\u0111e mogu do\u017eiveti emocionalne probleme i probleme u pona\u0161anju u \u0161koli i u porodi\u010dnom \u017eivotu zbog straha od krvarenja, a u\u010destalo krvarenje mo\u017ee dovesti i do izostanka iz \u0161kole. 4 \u0160tavi\u0161e, strah od krvarenja mo\u017ee predstavljati i zna\u010dajan psiholo\u0161ki teret za roditelje deteta i podstaknuti ih da ograni\u010de fizi\u010dke i dru\u0161tvene aktivnosti [&hellip;]","og_url":"https:\/\/vwdtest.com\/rs\/family-doctor-paediatrician\/","og_site_name":"Serbia","article_modified_time":"2025-10-09T12:38:51+00:00","og_image":[{"width":687,"height":799,"url":"https:\/\/vwdtest.com\/rs\/wp-content\/uploads\/sites\/57\/2023\/08\/paediatrician-img.png","type":"image\/png"}],"twitter_card":"summary_large_image","twitter_misc":{"Est. reading time":"3 minutes"},"schema":{"@context":"https:\/\/schema.org","@graph":[{"@type":"WebPage","@id":"https:\/\/vwdtest.com\/rs\/family-doctor-paediatrician\/","url":"https:\/\/vwdtest.com\/rs\/family-doctor-paediatrician\/","name":"PORODI\u010cNI LEKAR \/ PEDIJATAR - Serbia","isPartOf":{"@id":"https:\/\/vwdtest.com\/rs\/#website"},"datePublished":"2023-08-14T07:57:20+00:00","dateModified":"2025-10-09T12:38:51+00:00","breadcrumb":{"@id":"https:\/\/vwdtest.com\/rs\/family-doctor-paediatrician\/#breadcrumb"},"inLanguage":"en-US","potentialAction":[{"@type":"ReadAction","target":["https:\/\/vwdtest.com\/rs\/family-doctor-paediatrician\/"]}]},{"@type":"BreadcrumbList","@id":"https:\/\/vwdtest.com\/rs\/family-doctor-paediatrician\/#breadcrumb","itemListElement":[{"@type":"ListItem","position":1,"name":"Home","item":"https:\/\/vwdtest.com\/rs\/"},{"@type":"ListItem","position":2,"name":"PORODI\u010cNI LEKAR \/ PEDIJATAR"}]},{"@type":"WebSite","@id":"https:\/\/vwdtest.com\/rs\/#website","url":"https:\/\/vwdtest.com\/rs\/","name":"Serbia","description":"","potentialAction":[{"@type":"SearchAction","target":{"@type":"EntryPoint","urlTemplate":"https:\/\/vwdtest.com\/rs\/?s={search_term_string}"},"query-input":"required name=search_term_string"}],"inLanguage":"en-US"}]}},"_links":{"self":[{"href":"https:\/\/vwdtest.com\/rs\/wp-json\/wp\/v2\/pages\/1091"}],"collection":[{"href":"https:\/\/vwdtest.com\/rs\/wp-json\/wp\/v2\/pages"}],"about":[{"href":"https:\/\/vwdtest.com\/rs\/wp-json\/wp\/v2\/types\/page"}],"author":[{"embeddable":true,"href":"https:\/\/vwdtest.com\/rs\/wp-json\/wp\/v2\/users\/1"}],"replies":[{"embeddable":true,"href":"https:\/\/vwdtest.com\/rs\/wp-json\/wp\/v2\/comments?post=1091"}],"version-history":[{"count":54,"href":"https:\/\/vwdtest.com\/rs\/wp-json\/wp\/v2\/pages\/1091\/revisions"}],"predecessor-version":[{"id":2805,"href":"https:\/\/vwdtest.com\/rs\/wp-json\/wp\/v2\/pages\/1091\/revisions\/2805"}],"wp:featuredmedia":[{"embeddable":true,"href":"https:\/\/vwdtest.com\/rs\/wp-json\/wp\/v2\/media\/1095"}],"wp:attachment":[{"href":"https:\/\/vwdtest.com\/rs\/wp-json\/wp\/v2\/media?parent=1091"}],"curies":[{"name":"wp","href":"https:\/\/api.w.org\/{rel}","templated":true}]}}