{"id":811,"date":"2023-04-27T13:02:19","date_gmt":"2023-04-27T13:02:19","guid":{"rendered":"https:\/\/new.vwdtest.com\/ro\/?page_id=811"},"modified":"2024-06-07T11:31:06","modified_gmt":"2024-06-07T11:31:06","slug":"i-am-a-worried-parent","status":"publish","type":"page","link":"https:\/\/vwdtest.com\/ro\/i-am-a-worried-parent\/","title":{"rendered":"Sunt un p\u0103rinte \u00eengrijorat"},"content":{"rendered":"<div class=\"default-block container\">\n<h2 class=\"worried-parent\">Copilul meu s\u00e2ngereaz\u0103 excesiv? <\/h2>\n<\/div>\n\n<div class=\"default-block container\">\n<h5 class=\"bleeding-symptoms-title worried\">Te \u00eengrijoreaz\u0103 s\u00e2nger\u0103rile nazale recurente ale copilului t\u0103u? Copilul t\u0103u se \u00eenvine\u021be\u0219te mai u\u0219or \u0219i mai des dec\u00e2t restul celor din jurul s\u0103u? Copilul a s\u00e2ngerat mai mult dec\u00e2t ar fi normal dup\u0103 o vizit\u0103 recent\u0103 la dentist sau dup\u0103 o interven\u021bie chirurgical\u0103 minor\u0103? E\u0219ti \u00eengrijorat c\u0103 menstrua\u021bia fiicei tale poate fi prea abundent\u0103?<\/h5>\n<\/div>\n\n<div class=\"default-block container\">\n<p class=\"full\">Exist\u0103 multe motive pentru care copilul t\u0103u poate s\u00e2ngera din c\u00e2nd \u00een c\u00e2nd. Copiii se joac\u0103 \u0219i exploreaz\u0103 lumea din jurul lor. Accident\u0103rile sunt inevitabile \u0219i, uneori, copilul t\u0103u va avea v\u00e2n\u0103t\u0103i sau o ran\u0103 mic\u0103 dup\u0103 un astfel de accident. Ocazional, o ran\u0103 care nu are la baz\u0103 o accidentare, poate duce, de asemenea, la s\u00e2ngerare. \u00cen cele mai multe cazuri, corpul nostru va opri s\u00e2ngerarea rapid printr-un proces numit coagularea s\u00e2ngelui. Cu toate acestea, unii copii se \u00eenvine\u021besc mai u\u0219or \u0219i s\u00e2ngereaz\u0103 mai des dec\u00e2t al\u021bii. Din fericire, acest tip de s\u00e2ngerare poate fi adesea tratat sau prevenit. Dac\u0103 e\u0219ti \u00eengrijorat deoarece copilul t\u0103u pare s\u0103 s\u00e2ngereze prea des \u0219i prea u\u0219or, este important s\u0103 identifici mai \u00eent\u00e2i cauza \u0219i apoi s\u0103 alegi tratamentul potrivit.<\/p>\n<\/div>\n\n<div class=\"default-block container\">\n<h2>Cauzele s\u00e2nger\u0103rilor frecvente la copii<\/h2>\n<\/div>\n\n<div class=\"default-block container\">\n<p class=\"full\">Identificarea cauzei pentru simptomele de s\u00e2ngerare ale copilului nu este \u00eentotdeauna simpl\u0103, deoarece exist\u0103 at\u00e2t de multe motive posibile pentru s\u00e2ngerare. Spre exemplu, <a href=\"https:\/\/vwdtest.com\/ro\/bleeding-symptoms\/#nosebleed\">s\u00e2nger\u0103rile nazale<\/a> pot fi cauzate de scobitul nasului, aerul uscat, o r\u0103nire, o r\u0103ceal\u0103 sau o alergie sau pur \u0219i simplu din suflarea prea puternic\u0103 a nasului.<sup>1<\/sup> <a href=\"https:\/\/vwdtest.com\/ro\/bleeding-symptoms\/#oral-bleed\">S\u00e2ngerarea oral\u0103<\/a> poate fi cauzat\u0103 de o accidentare, de pierderea unui dinte de lapte, de mu\u0219carea limbii sau o inflamare a gingiilor.<sup>2<\/sup> S\u00e2nger\u0103rile nazale \u0219i gingivale frecvente pot fi, de asemenea, un simptom al unei afec\u021biuni medicale mai grave, de exemplu o tulburare de s\u00e2ngerare. \u00cen general, tulbur\u0103rile de s\u00e2ngerare sunt rare. Din p\u0103cate, cea mai frecvent\u0103 tulburare de s\u00e2ngerare ereditar\u0103, boala von Willebrand (VWD), este adesea nediagnosticat\u0103. F\u0103r\u0103 diagnostic \u0219i tratament, copiii cu VWD pot prezenta s\u00e2nger\u0103ri grave. Pe l\u00e2ng\u0103 s\u00e2nger\u0103rile nazale \u0219i gingivale frecvente, cele mai des \u00eent\u00e2lnite simptome de s\u00e2ngerare la copiii cu VWD sunt <a href=\"https:\/\/vwdtest.com\/ro\/bleeding-symptoms\/#easy-bruising\">\u00eenvine\u021birea cu u\u0219urin\u021b\u0103<\/a> \u0219i s\u00e2nger\u0103rile prelungite de la <a href=\"https:\/\/vwdtest.com\/ro\/bleeding-symptoms\/#minor-wounds\">r\u0103ni minore<\/a> \u0219i dup\u0103 <a href=\"https:\/\/vwdtest.com\/ro\/i-live-with-vwd\/#surgery\">extrac\u021bii dentare sau interven\u021bii chirurgicale<\/a>. Pe m\u0103sur\u0103 ce fetele cu VWD ajung la pubertate, s\u00e2ngerarea menstrual\u0103 abundent\u0103 devine cel mai frecvent simptom.<sup>3<\/sup><\/p>\n<\/div>\n\n<div class=\"default-block container\">\n<h2>Simptome de s\u00e2ngerare \u00een familie <\/h2>\n<\/div>\n\n<div class=\"default-block container\">\n<p class=\"full\">Tulbur\u0103rile de s\u00e2ngerare ereditare afecteaz\u0103 adesea mai mul\u021bi membri ai unei familii, de-a lungul genera\u021biilor. Dac\u0103 unul dintre p\u0103rin\u021bi, bunici sau alte rude prezint\u0103 semne de s\u00e2ngerare excesiv\u0103, ai putea s\u0103 te \u00eentrebi dac\u0103 s\u00e2ngerarea pe care o observi la copilul t\u0103u este normal\u0103. Cu toate acestea, dac\u0103 s\u00e2ngerarea sau v\u00e2n\u0103t\u0103ile afecteaz\u0103 bun\u0103starea copilului, ar trebui s\u0103 discuta\u021bi <a href=\"https:\/\/vwdtest.com\/ro\/bleeding-symptoms\/\">simptomele<\/a> cu medicul vostru.<\/p>\n<\/div>\n\n<div class=\"default-block container\">\n<h2>Afl\u0103 dac\u0103 s\u00e2ngerarea copilului t\u0103u este normal\u0103<\/h2>\n<\/div>\n\n<div class=\"default-block container\">\n<p class=\"full\">Ce s\u00e2ngerare este prea mare? Pentru c\u0103 r\u0103spunsul la aceast\u0103 \u00eentrebare este dificil de dat, medicii au dezvoltat teste care ajut\u0103 la evaluarea simptomelor de s\u00e2ngerare. Pe website-ul VWDtest.com, po\u021bi face unul dintre aceste teste. \u00cen cazul \u00een care copilul t\u0103u se confrunt\u0103 cu s\u00e2nger\u0103ri nazale frecvente, se \u00eenvine\u021be\u0219te u\u0219or sau prezint\u0103 alte simptome dintre cele de mai sus, \u00ee\u021bi recomand\u0103m s\u0103 aloci c\u00e2teva minute pentru acest test. Testul const\u0103 \u00eentr-un chestionar privind semnele \u0219i simptomele unei posibile tulbur\u0103ri de s\u00e2ngerare, iar rezultatul \u00ee\u021bi va indica dac\u0103 ar trebui s\u0103 mergi cu copilul t\u0103u la medic.<\/p>\n<\/div>\n\n<div class=\"default-block container\">\n<div class=\"is-content-justification-right is-layout-flex wp-container-1 wp-block-buttons\">\n<div class=\"wp-block-button take-test\"><a class=\"wp-block-button__link wp-element-button\" href=\"https:\/\/vwdtest.com\/ro\/take-test\/\">Acceseaz\u0103 testul<\/a><\/div>\n<\/div>\n<\/div>\n\n<div class=\"default-block container\">\n<h6>References<\/h6>\n<\/div>\n\n<div class=\"default-block container\">\n<ol><div class=\"default-block container\">\n<li><a href=\"https:\/\/www.hopkinsmedicine.org\/health\/conditions-and-diseases\/nosebleeds\" target=\"_blank\" rel=\"noreferrer noopener\">https:\/\/www.hopkinsmedicine.org\/health\/conditions-and-diseases\/nosebleeds<\/a> data ultimei acces\u0103ri &#8211; Mar 2023.<\/li>\n<\/div>\n\n<div class=\"default-block container\">\n<li><a href=\"https:\/\/www.childrensmn.org\/educationmaterials\/childrensmn\/article\/15581\/mouth-bleeding-with-a-bleeding-disorder\/\" target=\"_blank\" rel=\"noreferrer noopener\">https:\/\/www.childrensmn.org\/educationmaterials\/childrensmn\/article\/15581\/mouth-bleeding-with-a-bleeding-disorder\/<\/a> data ultimei acces\u0103ri &#8211; Mar 2023.<\/li>\n<\/div>\n\n<div class=\"default-block container\">\n<li><a href=\"https:\/\/pubmed.ncbi.nlm.nih.gov\/36210240\/\" target=\"_blank\" rel=\"noreferrer noopener\">Corrales-Medina FF et al. Blood Rev<\/a> 2023; 58:101018.<\/li>\n<\/div><\/ol>\n<\/div>","protected":false},"excerpt":{"rendered":"<p>Copilul meu s\u00e2ngereaz\u0103 excesiv? Te \u00eengrijoreaz\u0103 s\u00e2nger\u0103rile nazale recurente ale copilului t\u0103u? Copilul t\u0103u se \u00eenvine\u021be\u0219te mai u\u0219or \u0219i mai des dec\u00e2t restul celor din jurul s\u0103u? Copilul a s\u00e2ngerat mai mult dec\u00e2t ar fi normal dup\u0103 o vizit\u0103 recent\u0103 la dentist sau dup\u0103 o interven\u021bie chirurgical\u0103 minor\u0103? E\u0219ti \u00eengrijorat c\u0103 menstrua\u021bia fiicei tale poate [&hellip;]<\/p>\n","protected":false},"author":1,"featured_media":996,"parent":0,"menu_order":0,"comment_status":"closed","ping_status":"closed","template":"","meta":{"inline_featured_image":false},"acf":[],"yoast_head":"<!-- This site is optimized with the Yoast SEO plugin v20.4 - https:\/\/yoast.com\/wordpress\/plugins\/seo\/ -->\n<title>Sunt un p\u0103rinte \u00eengrijorat - Romania<\/title>\n<meta name=\"robots\" content=\"noindex, follow\" \/>\n<meta property=\"og:locale\" content=\"en_US\" \/>\n<meta property=\"og:type\" content=\"article\" \/>\n<meta property=\"og:title\" content=\"Sunt un p\u0103rinte \u00eengrijorat - Romania\" \/>\n<meta property=\"og:description\" content=\"Copilul meu s\u00e2ngereaz\u0103 excesiv? Te \u00eengrijoreaz\u0103 s\u00e2nger\u0103rile nazale recurente ale copilului t\u0103u? Copilul t\u0103u se \u00eenvine\u021be\u0219te mai u\u0219or \u0219i mai des dec\u00e2t restul celor din jurul s\u0103u? Copilul a s\u00e2ngerat mai mult dec\u00e2t ar fi normal dup\u0103 o vizit\u0103 recent\u0103 la dentist sau dup\u0103 o interven\u021bie chirurgical\u0103 minor\u0103? E\u0219ti \u00eengrijorat c\u0103 menstrua\u021bia fiicei tale poate [&hellip;]\" \/>\n<meta property=\"og:url\" content=\"https:\/\/vwdtest.com\/ro\/i-am-a-worried-parent\/\" \/>\n<meta property=\"og:site_name\" content=\"Romania\" \/>\n<meta property=\"article:modified_time\" content=\"2024-06-07T11:31:06+00:00\" \/>\n<meta property=\"og:image\" content=\"https:\/\/vwdtest.com\/ro\/wp-content\/uploads\/sites\/53\/2023\/07\/Worried-patients-1-1.png\" \/>\n\t<meta property=\"og:image:width\" content=\"828\" \/>\n\t<meta property=\"og:image:height\" content=\"982\" \/>\n\t<meta property=\"og:image:type\" content=\"image\/png\" \/>\n<meta name=\"twitter:card\" content=\"summary_large_image\" \/>\n<meta name=\"twitter:label1\" content=\"Est. reading time\" \/>\n\t<meta name=\"twitter:data1\" content=\"3 minutes\" \/>\n<script type=\"application\/ld+json\" class=\"yoast-schema-graph\">{\"@context\":\"https:\/\/schema.org\",\"@graph\":[{\"@type\":\"WebPage\",\"@id\":\"https:\/\/vwdtest.com\/ro\/i-am-a-worried-parent\/\",\"url\":\"https:\/\/vwdtest.com\/ro\/i-am-a-worried-parent\/\",\"name\":\"Sunt un p\u0103rinte \u00eengrijorat - Romania\",\"isPartOf\":{\"@id\":\"https:\/\/vwdtest.com\/ro\/#website\"},\"datePublished\":\"2023-04-27T13:02:19+00:00\",\"dateModified\":\"2024-06-07T11:31:06+00:00\",\"breadcrumb\":{\"@id\":\"https:\/\/vwdtest.com\/ro\/i-am-a-worried-parent\/#breadcrumb\"},\"inLanguage\":\"en-US\",\"potentialAction\":[{\"@type\":\"ReadAction\",\"target\":[\"https:\/\/vwdtest.com\/ro\/i-am-a-worried-parent\/\"]}]},{\"@type\":\"BreadcrumbList\",\"@id\":\"https:\/\/vwdtest.com\/ro\/i-am-a-worried-parent\/#breadcrumb\",\"itemListElement\":[{\"@type\":\"ListItem\",\"position\":1,\"name\":\"Home\",\"item\":\"https:\/\/vwdtest.com\/ro\/\"},{\"@type\":\"ListItem\",\"position\":2,\"name\":\"Sunt un p\u0103rinte \u00eengrijorat\"}]},{\"@type\":\"WebSite\",\"@id\":\"https:\/\/vwdtest.com\/ro\/#website\",\"url\":\"https:\/\/vwdtest.com\/ro\/\",\"name\":\"Romania\",\"description\":\"\",\"potentialAction\":[{\"@type\":\"SearchAction\",\"target\":{\"@type\":\"EntryPoint\",\"urlTemplate\":\"https:\/\/vwdtest.com\/ro\/?s={search_term_string}\"},\"query-input\":\"required name=search_term_string\"}],\"inLanguage\":\"en-US\"}]}<\/script>\n<!-- \/ Yoast SEO plugin. -->","yoast_head_json":{"title":"Sunt un p\u0103rinte \u00eengrijorat - Romania","robots":{"index":"noindex","follow":"follow"},"og_locale":"en_US","og_type":"article","og_title":"Sunt un p\u0103rinte \u00eengrijorat - Romania","og_description":"Copilul meu s\u00e2ngereaz\u0103 excesiv? Te \u00eengrijoreaz\u0103 s\u00e2nger\u0103rile nazale recurente ale copilului t\u0103u? Copilul t\u0103u se \u00eenvine\u021be\u0219te mai u\u0219or \u0219i mai des dec\u00e2t restul celor din jurul s\u0103u? Copilul a s\u00e2ngerat mai mult dec\u00e2t ar fi normal dup\u0103 o vizit\u0103 recent\u0103 la dentist sau dup\u0103 o interven\u021bie chirurgical\u0103 minor\u0103? E\u0219ti \u00eengrijorat c\u0103 menstrua\u021bia fiicei tale poate [&hellip;]","og_url":"https:\/\/vwdtest.com\/ro\/i-am-a-worried-parent\/","og_site_name":"Romania","article_modified_time":"2024-06-07T11:31:06+00:00","og_image":[{"width":828,"height":982,"url":"https:\/\/vwdtest.com\/ro\/wp-content\/uploads\/sites\/53\/2023\/07\/Worried-patients-1-1.png","type":"image\/png"}],"twitter_card":"summary_large_image","twitter_misc":{"Est. reading time":"3 minutes"},"schema":{"@context":"https:\/\/schema.org","@graph":[{"@type":"WebPage","@id":"https:\/\/vwdtest.com\/ro\/i-am-a-worried-parent\/","url":"https:\/\/vwdtest.com\/ro\/i-am-a-worried-parent\/","name":"Sunt un p\u0103rinte \u00eengrijorat - Romania","isPartOf":{"@id":"https:\/\/vwdtest.com\/ro\/#website"},"datePublished":"2023-04-27T13:02:19+00:00","dateModified":"2024-06-07T11:31:06+00:00","breadcrumb":{"@id":"https:\/\/vwdtest.com\/ro\/i-am-a-worried-parent\/#breadcrumb"},"inLanguage":"en-US","potentialAction":[{"@type":"ReadAction","target":["https:\/\/vwdtest.com\/ro\/i-am-a-worried-parent\/"]}]},{"@type":"BreadcrumbList","@id":"https:\/\/vwdtest.com\/ro\/i-am-a-worried-parent\/#breadcrumb","itemListElement":[{"@type":"ListItem","position":1,"name":"Home","item":"https:\/\/vwdtest.com\/ro\/"},{"@type":"ListItem","position":2,"name":"Sunt un p\u0103rinte \u00eengrijorat"}]},{"@type":"WebSite","@id":"https:\/\/vwdtest.com\/ro\/#website","url":"https:\/\/vwdtest.com\/ro\/","name":"Romania","description":"","potentialAction":[{"@type":"SearchAction","target":{"@type":"EntryPoint","urlTemplate":"https:\/\/vwdtest.com\/ro\/?s={search_term_string}"},"query-input":"required name=search_term_string"}],"inLanguage":"en-US"}]}},"_links":{"self":[{"href":"https:\/\/vwdtest.com\/ro\/wp-json\/wp\/v2\/pages\/811"}],"collection":[{"href":"https:\/\/vwdtest.com\/ro\/wp-json\/wp\/v2\/pages"}],"about":[{"href":"https:\/\/vwdtest.com\/ro\/wp-json\/wp\/v2\/types\/page"}],"author":[{"embeddable":true,"href":"https:\/\/vwdtest.com\/ro\/wp-json\/wp\/v2\/users\/1"}],"replies":[{"embeddable":true,"href":"https:\/\/vwdtest.com\/ro\/wp-json\/wp\/v2\/comments?post=811"}],"version-history":[{"count":51,"href":"https:\/\/vwdtest.com\/ro\/wp-json\/wp\/v2\/pages\/811\/revisions"}],"predecessor-version":[{"id":3491,"href":"https:\/\/vwdtest.com\/ro\/wp-json\/wp\/v2\/pages\/811\/revisions\/3491"}],"wp:featuredmedia":[{"embeddable":true,"href":"https:\/\/vwdtest.com\/ro\/wp-json\/wp\/v2\/media\/996"}],"wp:attachment":[{"href":"https:\/\/vwdtest.com\/ro\/wp-json\/wp\/v2\/media?parent=811"}],"curies":[{"name":"wp","href":"https:\/\/api.w.org\/{rel}","templated":true}]}}