{"id":795,"date":"2023-04-27T12:33:04","date_gmt":"2023-04-27T12:33:04","guid":{"rendered":"https:\/\/new.vwdtest.com\/ro\/?page_id=795"},"modified":"2024-06-07T11:33:47","modified_gmt":"2024-06-07T11:33:47","slug":"i-bleed-a-lot","status":"publish","type":"page","link":"https:\/\/vwdtest.com\/ro\/i-bleed-a-lot\/","title":{"rendered":"S\u00e2ngerez excesiv"},"content":{"rendered":"<div class=\"default-block container\">\n<h2>Te confrun\u021bi cu s\u00e2nger\u0103ri abundente?<\/h2>\n<\/div>\n\n<div class=\"default-block container\">\n<h5 class=\"bleeding-symptoms-title helpful live\">Te \u00eentrebi de ce te confrun\u021bi \u00een mod frecvent cu s\u00e2nger\u0103ri nazale? \u00ce\u021bi s\u00e2ngereaz\u0103 gingiile atunci c\u00e2nd folose\u0219ti a\u021b\u0103 dentar\u0103 sau \u00een timpul periajului? Descoperi adesea v\u00e2n\u0103t\u0103i \u0219i nu \u00ee\u021bi aminte\u0219ti cauza producerii acestora? Te-ai confruntat recent cu s\u00e2nger\u0103ri abundente \u00een urma unei accident\u0103ri minore sau dup\u0103 o vizit\u0103 la dentist? <\/h5> <p class=\"full\">Majoritatea oamenilor s\u00e2ngereaz\u0103 din c\u00e2nd \u00een c\u00e2nd. Cauza s\u00e2nger\u0103rii variaz\u0103, dar, \u00een cele mai multe cazuri, corpul va  opri rapid s\u00e2ngerarea prin intermediul procesului de coagulare a s\u00e2ngelui. Cu toate acestea, unele  persoane s\u00e2ngereaz\u0103 mai des \u0219i pentru o durat\u0103 mai \u00eendelungat\u0103, iar acest tip de s\u00e2ngerare poate fi adesea tratat sau prevenit. A\u0219adar, dac\u0103 ai r\u0103spuns afirmativ la cel pu\u021bin una dintre \u00eentreb\u0103rile de mai sus, ar putea fi necesare investiga\u021bii suplimentare cu privire la s\u00e2ngerarea cu care te confrun\u021bi.<\/p>\n<\/div>\n\n<div class=\"default-block container\">\n<h2>Cauzele s\u00e2nger\u0103rii excesive sau prelungite<\/h2>\n<\/div>\n\n<div class=\"default-block container\">\n<p class=\"full push-text\">Exist\u0103 multiple cauze posibile pentru s\u00e2ngerarea excesiv\u0103 sau prelungit\u0103. Identificarea cauzei simptomelor de s\u00e2ngerare este foarte important\u0103 pentru determinarea tratamentului adecvat. S\u00e2ngerarea poate fi cauzat\u0103 de anumite medicamente, de exemplu analgezice, cum ar fi aspirina sau medicamente pentru prevenirea coagul\u0103rii s\u00e2ngelui (anticoagulante). Unele afec\u021biuni medicale, cum ar fi bolile hepatice sau renale \u0219i cancerul, pot provoca, de asemenea, s\u00e2ngerare.<sup>1,2<\/sup> De asemenea, exist\u0103 posibilitatea ca s\u00e2ngerarea s\u0103 aib\u0103 la baz\u0103 o tulburare de s\u00e2ngerare. Tulbur\u0103rile de s\u00e2ngerare sunt boli rare \u0219i pot fi ereditare sau dob\u00e2ndite. Cea mai frecvent\u0103 tulburare de s\u00e2ngerare ereditar\u0103 este <a href=\"https:\/\/vwdtest.com\/ro\/von-willebrand-disease\/\">Boala von Willebrand<\/a> (VWD). VWD este adesea nediagnosticat\u0103. F\u0103r\u0103 diagnostic \u0219i tratament, persoanele cu VWD sunt expuse riscului de s\u00e2ngerare grav\u0103. Persoanele cu VWD au adesea s\u00e2nger\u0103ri <a href=\"https:\/\/vwdtest.com\/ro\/bleeding-symptoms\/#nosebleed\">nazale<\/a> \u0219i <a href=\"https:\/\/vwdtest.com\/ro\/bleeding-symptoms\/#oral-bleed\">gingivale<\/a> frecvente, se <a href=\"https:\/\/vwdtest.com\/ro\/bleeding-symptoms\/#easy-bruising\">\u00eenvine\u021besc cu u\u0219urin\u021b\u0103 <\/a>\u0219i pot prezenta s\u00e2nger\u0103ri excesive dup\u0103 <a href=\"https:\/\/vwdtest.com\/ro\/i-live-with-vwd\/#surgery\">extrac\u021bii dentare<\/a>,<a href=\"https:\/\/vwdtest.com\/ro\/bleeding-symptoms\/#bleed-surgery\"> interven\u021bii chirurgicale sau accident\u0103ri minore<\/a>. <a href=\"https:\/\/vwdtest.com\/ro\/bleeding-symptoms\/#hmb\">S\u00e2ngerarea menstrual\u0103 abundent\u0103<\/a> este cel mai frecvent simptom \u00een r\u00e2ndul femeilor cu VWD.<sup>3<\/sup><\/p>\n<\/div>\n\n<div class=\"default-block container\">\n<h2>Este posibil s\u0103 nu fii singurul din familia ta cu simptome de s\u00e2ngerare<\/h2>\n<\/div>\n\n<div class=\"default-block container\">\n<p class=\"full push-text\">\u00cen cazul \u00een care fra\u021bii, p\u0103rin\u021bii sau alte rude prezint\u0103 \u0219i ei simptome de s\u00e2ngerare, ai putea crede c\u0103 acestea sunt normale. Cu toate acestea, acest lucru nu este \u00eentotdeauna adev\u0103rat. S\u00e2ngerarea cu care te confrun\u021bi poate fi cauzat\u0103 de o tulburare de s\u00e2ngerare ereditar\u0103, care afecteaz\u0103 adesea mai mult de un membru al familiei. Dac\u0103 s\u00e2ngerarea \u00ee\u021bi afecteaz\u0103 via\u021ba cotidian\u0103, \u00ee\u021bi recomand\u0103m s\u0103 te adresezi medicului.<\/p>\n<\/div>\n\n<div class=\"default-block container\">\n<h2>Afl\u0103 dac\u0103 s\u00e2ngerarea este normal\u0103 <\/h2>\n<\/div>\n\n<div class=\"default-block container\">\n<p class=\"full push-text\">S\u00e2ngerarea mea este sau nu normal\u0103? G\u0103sirea r\u0103spunsului la aceast\u0103 \u00eentrebare nu este \u00eentotdeauna o sarcin\u0103 simpl\u0103. Pentru a facilita evaluarea simptomelor de s\u00e2ngerare, cercet\u0103torii au dezvoltat teste de s\u00e2ngerare.<sup>3<\/sup> Unul dintre aceste teste este disponibil pe acest website. Dac\u0103 ai dubii cu privire la orice simptom de s\u00e2ngerare cu care te confrun\u021bi, \u00ee\u021bi recomand\u0103m s\u0103 faci testul de s\u00e2ngerare. Acest lucru poate fi chiar mai important dac\u0103 urmeaz\u0103 s\u0103 treci printr-o interven\u021bie chirurgical\u0103. Testul dureaz\u0103 doar c\u00e2teva minute \u0219i \u00ee\u021bi va spune dac\u0103 ar trebui s\u0103 mergi la medic din cauza s\u00e2nger\u0103rii tale.<\/p>\n<\/div>\n\n<div class=\"default-block container\">\n<h6>Referin\u021be<\/h6>\n<\/div>\n\n<div class=\"default-block container\">\n<ol><div class=\"default-block container\">\n<li><a href=\"https:\/\/my.clevelandclinic.org\/health\/symptoms\/21654-hemorrhage\" target=\"_blank\" rel=\"noreferrer noopener\">https:\/\/my.clevelandclinic.org\/health\/symptoms\/21654-hemorrhage<\/a>; data ultimei acces\u0103ri &#8211; Mar 2023.<\/li>\n<\/div>\n\n<div class=\"default-block container\">\n<li><a href=\"https:\/\/www.drugs.com\/cg\/postoperative-bleeding.html\" target=\"_blank\" rel=\"noreferrer noopener\">https:\/\/www.drugs.com\/cg\/postoperative-bleeding.html<\/a>; data ultimei acces\u0103ri &#8211; Mar 2023.<\/li>\n<\/div>\n\n<div class=\"default-block container\">\n<li><a href=\"https:\/\/pubmed.ncbi.nlm.nih.gov\/36210240\/\" target=\"_blank\" rel=\"noreferrer noopener\">Corrales-Medina FF et al. Blood Rev<\/a> 2023; 58:101018.<\/li>\n<\/div><\/ol>\n<\/div>","protected":false},"excerpt":{"rendered":"<p>Te confrun\u021bi cu s\u00e2nger\u0103ri abundente? Te \u00eentrebi de ce te confrun\u021bi \u00een mod frecvent cu s\u00e2nger\u0103ri nazale? \u00ce\u021bi s\u00e2ngereaz\u0103 gingiile atunci c\u00e2nd folose\u0219ti a\u021b\u0103 dentar\u0103 sau \u00een timpul periajului? Descoperi adesea v\u00e2n\u0103t\u0103i \u0219i nu \u00ee\u021bi aminte\u0219ti cauza producerii acestora? Te-ai confruntat recent cu s\u00e2nger\u0103ri abundente \u00een urma unei accident\u0103ri minore sau dup\u0103 o vizit\u0103 la [&hellip;]<\/p>\n","protected":false},"author":1,"featured_media":788,"parent":0,"menu_order":0,"comment_status":"closed","ping_status":"closed","template":"","meta":{"inline_featured_image":false},"acf":[],"yoast_head":"<!-- This site is optimized with the Yoast SEO plugin v20.4 - https:\/\/yoast.com\/wordpress\/plugins\/seo\/ -->\n<title>S\u00e2ngerez excesiv - Romania<\/title>\n<meta name=\"robots\" content=\"noindex, follow\" \/>\n<meta property=\"og:locale\" content=\"en_US\" \/>\n<meta property=\"og:type\" content=\"article\" \/>\n<meta property=\"og:title\" content=\"S\u00e2ngerez excesiv - Romania\" \/>\n<meta property=\"og:description\" content=\"Te confrun\u021bi cu s\u00e2nger\u0103ri abundente? Te \u00eentrebi de ce te confrun\u021bi \u00een mod frecvent cu s\u00e2nger\u0103ri nazale? \u00ce\u021bi s\u00e2ngereaz\u0103 gingiile atunci c\u00e2nd folose\u0219ti a\u021b\u0103 dentar\u0103 sau \u00een timpul periajului? Descoperi adesea v\u00e2n\u0103t\u0103i \u0219i nu \u00ee\u021bi aminte\u0219ti cauza producerii acestora? Te-ai confruntat recent cu s\u00e2nger\u0103ri abundente \u00een urma unei accident\u0103ri minore sau dup\u0103 o vizit\u0103 la [&hellip;]\" \/>\n<meta property=\"og:url\" content=\"https:\/\/vwdtest.com\/ro\/i-bleed-a-lot\/\" \/>\n<meta property=\"og:site_name\" content=\"Romania\" \/>\n<meta property=\"article:modified_time\" content=\"2024-06-07T11:33:47+00:00\" \/>\n<meta property=\"og:image\" content=\"https:\/\/vwdtest.com\/ro\/wp-content\/uploads\/sites\/53\/2023\/04\/Person-who-bleads-1.png\" \/>\n\t<meta property=\"og:image:width\" content=\"679\" \/>\n\t<meta property=\"og:image:height\" content=\"976\" \/>\n\t<meta property=\"og:image:type\" content=\"image\/png\" \/>\n<meta name=\"twitter:card\" content=\"summary_large_image\" \/>\n<meta name=\"twitter:label1\" content=\"Est. reading time\" \/>\n\t<meta name=\"twitter:data1\" content=\"3 minutes\" \/>\n<script type=\"application\/ld+json\" class=\"yoast-schema-graph\">{\"@context\":\"https:\/\/schema.org\",\"@graph\":[{\"@type\":\"WebPage\",\"@id\":\"https:\/\/vwdtest.com\/ro\/i-bleed-a-lot\/\",\"url\":\"https:\/\/vwdtest.com\/ro\/i-bleed-a-lot\/\",\"name\":\"S\u00e2ngerez excesiv - Romania\",\"isPartOf\":{\"@id\":\"https:\/\/vwdtest.com\/ro\/#website\"},\"datePublished\":\"2023-04-27T12:33:04+00:00\",\"dateModified\":\"2024-06-07T11:33:47+00:00\",\"breadcrumb\":{\"@id\":\"https:\/\/vwdtest.com\/ro\/i-bleed-a-lot\/#breadcrumb\"},\"inLanguage\":\"en-US\",\"potentialAction\":[{\"@type\":\"ReadAction\",\"target\":[\"https:\/\/vwdtest.com\/ro\/i-bleed-a-lot\/\"]}]},{\"@type\":\"BreadcrumbList\",\"@id\":\"https:\/\/vwdtest.com\/ro\/i-bleed-a-lot\/#breadcrumb\",\"itemListElement\":[{\"@type\":\"ListItem\",\"position\":1,\"name\":\"Home\",\"item\":\"https:\/\/vwdtest.com\/ro\/\"},{\"@type\":\"ListItem\",\"position\":2,\"name\":\"S\u00e2ngerez excesiv\"}]},{\"@type\":\"WebSite\",\"@id\":\"https:\/\/vwdtest.com\/ro\/#website\",\"url\":\"https:\/\/vwdtest.com\/ro\/\",\"name\":\"Romania\",\"description\":\"\",\"potentialAction\":[{\"@type\":\"SearchAction\",\"target\":{\"@type\":\"EntryPoint\",\"urlTemplate\":\"https:\/\/vwdtest.com\/ro\/?s={search_term_string}\"},\"query-input\":\"required name=search_term_string\"}],\"inLanguage\":\"en-US\"}]}<\/script>\n<!-- \/ Yoast SEO plugin. -->","yoast_head_json":{"title":"S\u00e2ngerez excesiv - Romania","robots":{"index":"noindex","follow":"follow"},"og_locale":"en_US","og_type":"article","og_title":"S\u00e2ngerez excesiv - Romania","og_description":"Te confrun\u021bi cu s\u00e2nger\u0103ri abundente? Te \u00eentrebi de ce te confrun\u021bi \u00een mod frecvent cu s\u00e2nger\u0103ri nazale? \u00ce\u021bi s\u00e2ngereaz\u0103 gingiile atunci c\u00e2nd folose\u0219ti a\u021b\u0103 dentar\u0103 sau \u00een timpul periajului? Descoperi adesea v\u00e2n\u0103t\u0103i \u0219i nu \u00ee\u021bi aminte\u0219ti cauza producerii acestora? Te-ai confruntat recent cu s\u00e2nger\u0103ri abundente \u00een urma unei accident\u0103ri minore sau dup\u0103 o vizit\u0103 la [&hellip;]","og_url":"https:\/\/vwdtest.com\/ro\/i-bleed-a-lot\/","og_site_name":"Romania","article_modified_time":"2024-06-07T11:33:47+00:00","og_image":[{"width":679,"height":976,"url":"https:\/\/vwdtest.com\/ro\/wp-content\/uploads\/sites\/53\/2023\/04\/Person-who-bleads-1.png","type":"image\/png"}],"twitter_card":"summary_large_image","twitter_misc":{"Est. reading time":"3 minutes"},"schema":{"@context":"https:\/\/schema.org","@graph":[{"@type":"WebPage","@id":"https:\/\/vwdtest.com\/ro\/i-bleed-a-lot\/","url":"https:\/\/vwdtest.com\/ro\/i-bleed-a-lot\/","name":"S\u00e2ngerez excesiv - Romania","isPartOf":{"@id":"https:\/\/vwdtest.com\/ro\/#website"},"datePublished":"2023-04-27T12:33:04+00:00","dateModified":"2024-06-07T11:33:47+00:00","breadcrumb":{"@id":"https:\/\/vwdtest.com\/ro\/i-bleed-a-lot\/#breadcrumb"},"inLanguage":"en-US","potentialAction":[{"@type":"ReadAction","target":["https:\/\/vwdtest.com\/ro\/i-bleed-a-lot\/"]}]},{"@type":"BreadcrumbList","@id":"https:\/\/vwdtest.com\/ro\/i-bleed-a-lot\/#breadcrumb","itemListElement":[{"@type":"ListItem","position":1,"name":"Home","item":"https:\/\/vwdtest.com\/ro\/"},{"@type":"ListItem","position":2,"name":"S\u00e2ngerez excesiv"}]},{"@type":"WebSite","@id":"https:\/\/vwdtest.com\/ro\/#website","url":"https:\/\/vwdtest.com\/ro\/","name":"Romania","description":"","potentialAction":[{"@type":"SearchAction","target":{"@type":"EntryPoint","urlTemplate":"https:\/\/vwdtest.com\/ro\/?s={search_term_string}"},"query-input":"required name=search_term_string"}],"inLanguage":"en-US"}]}},"_links":{"self":[{"href":"https:\/\/vwdtest.com\/ro\/wp-json\/wp\/v2\/pages\/795"}],"collection":[{"href":"https:\/\/vwdtest.com\/ro\/wp-json\/wp\/v2\/pages"}],"about":[{"href":"https:\/\/vwdtest.com\/ro\/wp-json\/wp\/v2\/types\/page"}],"author":[{"embeddable":true,"href":"https:\/\/vwdtest.com\/ro\/wp-json\/wp\/v2\/users\/1"}],"replies":[{"embeddable":true,"href":"https:\/\/vwdtest.com\/ro\/wp-json\/wp\/v2\/comments?post=795"}],"version-history":[{"count":63,"href":"https:\/\/vwdtest.com\/ro\/wp-json\/wp\/v2\/pages\/795\/revisions"}],"predecessor-version":[{"id":3494,"href":"https:\/\/vwdtest.com\/ro\/wp-json\/wp\/v2\/pages\/795\/revisions\/3494"}],"wp:featuredmedia":[{"embeddable":true,"href":"https:\/\/vwdtest.com\/ro\/wp-json\/wp\/v2\/media\/788"}],"wp:attachment":[{"href":"https:\/\/vwdtest.com\/ro\/wp-json\/wp\/v2\/media?parent=795"}],"curies":[{"name":"wp","href":"https:\/\/api.w.org\/{rel}","templated":true}]}}