{"id":3,"date":"2023-02-13T11:33:55","date_gmt":"2023-02-13T11:33:55","guid":{"rendered":"https:\/\/new.vwdtest.com\/ro\/?page_id=3"},"modified":"2024-05-31T11:13:28","modified_gmt":"2024-05-31T11:13:28","slug":"privacy-policy","status":"publish","type":"page","link":"https:\/\/vwdtest.com\/ro\/privacy-policy\/","title":{"rendered":"Politica de Confiden\u021bialitate"},"content":{"rendered":"<div class=\"default-block container\">\n<p><a href=\"https:\/\/www.vwdtest.com\/ro\" target=\"_blank\" rel=\"noreferrer noopener\">www.vwdtest.com<\/a>\u00a0este un serviciu online finan\u021bat \u0219i facilitat de Octapharma AG, Seidenstrasse 2, 8853 Lachen SZ, Elve\u021bia (denumit\u0103 \u00een continuare \u201eOctapharma\u201d sau \u201enoi\u201d, sub auspiciile unui comitet dedicat care cuprinde speciali\u0219ti exper\u021bi \u00een VWD.<\/p>\n<\/div>\n\n<div class=\"default-block container\">\n<p>Acest comitet dedicat, inclusiv Octapharma, respect\u0103 dreptul persoanelor cu privire la datele lor personale. Aceast\u0103 Politica de confiden\u021bialitate a datelor (\u201edeclara\u021bia\u201d) de fa\u021b\u0103 descrie modul \u00een care informa\u021biile tale personale sunt procesate atunci c\u00e2nd vizitezi\u00a0<a href=\"https:\/\/www.vwdtest.com\/ro\" target=\"_blank\" rel=\"noreferrer noopener\">www.vwdtest.com.<\/a><\/p>\n<\/div>\n\n<div class=\"default-block container\">\n<p>Octapharma Pharmazeutika Produktionsgesellschaft m.b.H., Oberlaaer Strasse 235, 1100 Viena, Austria este desemnat\u0103 reprezentantul nostru \u00een UE\/SEE \u00een conformitate cu Articolul 27 GDPR.<\/p>\n<\/div>\n\n<div class=\"default-block container\">\n<h2>Colectarea de informa\u021bii <\/h2>\n<\/div>\n\n<div class=\"default-block container\">\n<p>Pentru a gestiona corect www.vwdtest.com, informa\u021biile pot fi \u00eenregistrate \u0219i vizitele pot fi clasificate \u00een func\u021bie de elemente precum numele domeniului, tipul browserului \u0219i versiunea, paginile vizitate din site-ul vwdtest.com \u0219i adresa URL pe care o acceseaz\u0103 utilizatorul la p\u0103r\u0103sirea vwdtest.com, pentru a \u00eembun\u0103t\u0103\u021bi continuu performan\u021ba site-ului web. Aceste informa\u021bii sunt utilizate numai \u00eentr-o form\u0103 agregat\u0103 \u0219i, prin urmare, datele personale sunt anonimizate.<\/p>\n<\/div>\n\n<div class=\"default-block container\">\n<h2>Dezv\u0103luirea \u0219i utilizarea informa\u021biilor personale<\/h2>\n<\/div>\n\n<div class=\"default-block container\">\n<p>Informa\u021biile nu vor fi dezv\u0103luite ter\u021bilor, cu excep\u021bia cazului \u00een care ter\u021bul este un furnizor sau un contractant care este implicat \u00een \u00eendeplinirea cererii individuale de informa\u021bii de la vwdtest.com sau un furnizor sau contractant care este implicat \u00een dezvoltarea \u0219i gestionarea site-ului www.vwdtest.com.<\/p>\n<\/div>\n\n<div class=\"default-block container\">\n<h2>Drepturile tale<\/h2>\n<\/div>\n\n<div class=\"default-block container\">\n<p>Dac\u0103 ave\u021bi \u00eengrijor\u0103ri cu privire la datele personale atunci c\u00e2nd vizita\u021bi\u00a0<a href=\"https:\/\/www.vwdtest.com\/ro\" target=\"_blank\" rel=\"noreferrer noopener\">www.vwdtest.com<\/a>,\u00a0pute\u021bi solicita furnizarea de informa\u021bii despre datele dvs. care sunt stocate\/prelucrate. \u00cen plus, ave\u021bi dreptul de a ob\u021bine blocarea sau \u0219tergerea oric\u0103ror date cu caracter personal (cu excep\u021bia cazului \u00een care legile \u0219i reglement\u0103rile aplicabile oblig\u0103 ca datele respective s\u0103 fie stocate), s\u0103 v\u0103 opune\u021bi prelucr\u0103rii datelor tale, s\u0103 cere\u021bi se corecteze orice date incorecte \u0219i dreptul de a transfera datele dvs. unui ter\u021b. De asemenea, ave\u021bi dreptul de a depune o pl\u00e2ngere la o autoritate de supraveghere, dac\u0103 este cazul.<\/p>\n<\/div>\n\n<div class=\"default-block container\">\n<p>Dac\u0103 ave\u021bi alte \u00eentreb\u0103ri sau nel\u0103muriri cu privire la aceast\u0103 declara\u021bie de confiden\u021bialitate sau dac\u0103 dori\u021bi \u0219tergerea datelor din baza noastr\u0103 de date, v\u0103 rug\u0103m s\u0103 trimite\u021bi un e-mail la:&nbsp;dataprivacy@octapharma.com<\/p>\n<\/div>\n\n<div class=\"default-block container\">\n<p>Ne rezerv\u0103m dreptul de a actualiza sau modifica aceast\u0103 declara\u021bie \u00een orice moment, prin publicarea declara\u021biei modificate pe site.<\/p>\n<\/div>","protected":false},"excerpt":{"rendered":"<p>www.vwdtest.com\u00a0este un serviciu online finan\u021bat \u0219i facilitat de Octapharma AG, Seidenstrasse 2, 8853 Lachen SZ, Elve\u021bia (denumit\u0103 \u00een continuare \u201eOctapharma\u201d sau \u201enoi\u201d, sub auspiciile unui comitet dedicat care cuprinde speciali\u0219ti exper\u021bi \u00een VWD. Acest comitet dedicat, inclusiv Octapharma, respect\u0103 dreptul persoanelor cu privire la datele lor personale. Aceast\u0103 Politica de confiden\u021bialitate a datelor (\u201edeclara\u021bia\u201d) de [&hellip;]<\/p>\n","protected":false},"author":1,"featured_media":0,"parent":0,"menu_order":0,"comment_status":"closed","ping_status":"open","template":"front-page.php","meta":{"inline_featured_image":false},"acf":[],"yoast_head":"<!-- This site is optimized with the Yoast SEO plugin v20.4 - https:\/\/yoast.com\/wordpress\/plugins\/seo\/ -->\n<title>Politica de Confiden\u021bialitate - Romania<\/title>\n<meta name=\"robots\" content=\"noindex, follow\" \/>\n<meta property=\"og:locale\" content=\"en_US\" \/>\n<meta property=\"og:type\" content=\"article\" \/>\n<meta property=\"og:title\" content=\"Politica de Confiden\u021bialitate - Romania\" \/>\n<meta property=\"og:description\" content=\"www.vwdtest.com\u00a0este un serviciu online finan\u021bat \u0219i facilitat de Octapharma AG, Seidenstrasse 2, 8853 Lachen SZ, Elve\u021bia (denumit\u0103 \u00een continuare \u201eOctapharma\u201d sau \u201enoi\u201d, sub auspiciile unui comitet dedicat care cuprinde speciali\u0219ti exper\u021bi \u00een VWD. Acest comitet dedicat, inclusiv Octapharma, respect\u0103 dreptul persoanelor cu privire la datele lor personale. Aceast\u0103 Politica de confiden\u021bialitate a datelor (\u201edeclara\u021bia\u201d) de [&hellip;]\" \/>\n<meta property=\"og:url\" content=\"https:\/\/vwdtest.com\/ro\/privacy-policy\/\" \/>\n<meta property=\"og:site_name\" content=\"Romania\" \/>\n<meta property=\"article:modified_time\" content=\"2024-05-31T11:13:28+00:00\" \/>\n<meta name=\"twitter:card\" content=\"summary_large_image\" \/>\n<meta name=\"twitter:label1\" content=\"Est. reading time\" \/>\n\t<meta name=\"twitter:data1\" content=\"2 minutes\" \/>\n<script type=\"application\/ld+json\" class=\"yoast-schema-graph\">{\"@context\":\"https:\/\/schema.org\",\"@graph\":[{\"@type\":\"WebPage\",\"@id\":\"https:\/\/vwdtest.com\/ro\/privacy-policy\/\",\"url\":\"https:\/\/vwdtest.com\/ro\/privacy-policy\/\",\"name\":\"Politica de Confiden\u021bialitate - Romania\",\"isPartOf\":{\"@id\":\"https:\/\/vwdtest.com\/ro\/#website\"},\"datePublished\":\"2023-02-13T11:33:55+00:00\",\"dateModified\":\"2024-05-31T11:13:28+00:00\",\"breadcrumb\":{\"@id\":\"https:\/\/vwdtest.com\/ro\/privacy-policy\/#breadcrumb\"},\"inLanguage\":\"en-US\",\"potentialAction\":[{\"@type\":\"ReadAction\",\"target\":[\"https:\/\/vwdtest.com\/ro\/privacy-policy\/\"]}]},{\"@type\":\"BreadcrumbList\",\"@id\":\"https:\/\/vwdtest.com\/ro\/privacy-policy\/#breadcrumb\",\"itemListElement\":[{\"@type\":\"ListItem\",\"position\":1,\"name\":\"Home\",\"item\":\"https:\/\/vwdtest.com\/ro\/\"},{\"@type\":\"ListItem\",\"position\":2,\"name\":\"Politica de Confiden\u021bialitate\"}]},{\"@type\":\"WebSite\",\"@id\":\"https:\/\/vwdtest.com\/ro\/#website\",\"url\":\"https:\/\/vwdtest.com\/ro\/\",\"name\":\"Romania\",\"description\":\"\",\"potentialAction\":[{\"@type\":\"SearchAction\",\"target\":{\"@type\":\"EntryPoint\",\"urlTemplate\":\"https:\/\/vwdtest.com\/ro\/?s={search_term_string}\"},\"query-input\":\"required name=search_term_string\"}],\"inLanguage\":\"en-US\"}]}<\/script>\n<!-- \/ Yoast SEO plugin. -->","yoast_head_json":{"title":"Politica de Confiden\u021bialitate - Romania","robots":{"index":"noindex","follow":"follow"},"og_locale":"en_US","og_type":"article","og_title":"Politica de Confiden\u021bialitate - Romania","og_description":"www.vwdtest.com\u00a0este un serviciu online finan\u021bat \u0219i facilitat de Octapharma AG, Seidenstrasse 2, 8853 Lachen SZ, Elve\u021bia (denumit\u0103 \u00een continuare \u201eOctapharma\u201d sau \u201enoi\u201d, sub auspiciile unui comitet dedicat care cuprinde speciali\u0219ti exper\u021bi \u00een VWD. Acest comitet dedicat, inclusiv Octapharma, respect\u0103 dreptul persoanelor cu privire la datele lor personale. Aceast\u0103 Politica de confiden\u021bialitate a datelor (\u201edeclara\u021bia\u201d) de [&hellip;]","og_url":"https:\/\/vwdtest.com\/ro\/privacy-policy\/","og_site_name":"Romania","article_modified_time":"2024-05-31T11:13:28+00:00","twitter_card":"summary_large_image","twitter_misc":{"Est. reading time":"2 minutes"},"schema":{"@context":"https:\/\/schema.org","@graph":[{"@type":"WebPage","@id":"https:\/\/vwdtest.com\/ro\/privacy-policy\/","url":"https:\/\/vwdtest.com\/ro\/privacy-policy\/","name":"Politica de Confiden\u021bialitate - Romania","isPartOf":{"@id":"https:\/\/vwdtest.com\/ro\/#website"},"datePublished":"2023-02-13T11:33:55+00:00","dateModified":"2024-05-31T11:13:28+00:00","breadcrumb":{"@id":"https:\/\/vwdtest.com\/ro\/privacy-policy\/#breadcrumb"},"inLanguage":"en-US","potentialAction":[{"@type":"ReadAction","target":["https:\/\/vwdtest.com\/ro\/privacy-policy\/"]}]},{"@type":"BreadcrumbList","@id":"https:\/\/vwdtest.com\/ro\/privacy-policy\/#breadcrumb","itemListElement":[{"@type":"ListItem","position":1,"name":"Home","item":"https:\/\/vwdtest.com\/ro\/"},{"@type":"ListItem","position":2,"name":"Politica de Confiden\u021bialitate"}]},{"@type":"WebSite","@id":"https:\/\/vwdtest.com\/ro\/#website","url":"https:\/\/vwdtest.com\/ro\/","name":"Romania","description":"","potentialAction":[{"@type":"SearchAction","target":{"@type":"EntryPoint","urlTemplate":"https:\/\/vwdtest.com\/ro\/?s={search_term_string}"},"query-input":"required name=search_term_string"}],"inLanguage":"en-US"}]}},"_links":{"self":[{"href":"https:\/\/vwdtest.com\/ro\/wp-json\/wp\/v2\/pages\/3"}],"collection":[{"href":"https:\/\/vwdtest.com\/ro\/wp-json\/wp\/v2\/pages"}],"about":[{"href":"https:\/\/vwdtest.com\/ro\/wp-json\/wp\/v2\/types\/page"}],"author":[{"embeddable":true,"href":"https:\/\/vwdtest.com\/ro\/wp-json\/wp\/v2\/users\/1"}],"replies":[{"embeddable":true,"href":"https:\/\/vwdtest.com\/ro\/wp-json\/wp\/v2\/comments?post=3"}],"version-history":[{"count":5,"href":"https:\/\/vwdtest.com\/ro\/wp-json\/wp\/v2\/pages\/3\/revisions"}],"predecessor-version":[{"id":3450,"href":"https:\/\/vwdtest.com\/ro\/wp-json\/wp\/v2\/pages\/3\/revisions\/3450"}],"wp:attachment":[{"href":"https:\/\/vwdtest.com\/ro\/wp-json\/wp\/v2\/media?parent=3"}],"curies":[{"name":"wp","href":"https:\/\/api.w.org\/{rel}","templated":true}]}}