{"id":266,"date":"2023-02-21T21:23:10","date_gmt":"2023-02-21T21:23:10","guid":{"rendered":"https:\/\/new.vwdtest.com\/ro\/?page_id=266"},"modified":"2024-05-31T11:14:26","modified_gmt":"2024-05-31T11:14:26","slug":"cookie-preferences","status":"publish","type":"page","link":"https:\/\/vwdtest.com\/ro\/cookie-preferences\/","title":{"rendered":"Politica privind cookie-urile"},"content":{"rendered":"<div class=\"default-block container\">\n<h2>Informa\u021bii despre cookie-uri<\/h2>\n<\/div>\n\n<div class=\"default-block container\">\n<p>Cookie-urile sunt fragmente de date pe care un site web le poate transfera c\u0103tre browserul web al unui utilizator. C\u00e2nd vizita\u021bi\u00a0<a href=\"http:\/\/www.vwdtest.com\/ro\">www.vwdtest.com<\/a>, dac\u0103 browserul dvs. utilizeaz\u0103 set\u0103rile standard \u0219i accept\u0103 cookie-uri, v\u0103 da\u021bi acordul ca cookie-urile de pe acest site s\u0103 fie stocate pe computerul dvs. Cookie-urile stocate pot r\u0103m\u00e2ne pe computerul dvs. dup\u0103 ce p\u0103r\u0103si\u021bi\u00a0<a href=\"http:\/\/www.vwdtest.com\/ro\">www.vwdtest.com<\/a>.<\/p>\n<\/div>\n\n<div class=\"default-block container\">\n<p>Dac\u0103 nu dori\u021bi ca acest lucru s\u0103 se \u00eent\u00e2mple, v\u0103 pute\u021bi regla browserul web pentru a refuza cookie-urile sau pentru a v\u0103 avertiza c\u00e2nd sunt utilizate cookie-uri. De asemenea, le pute\u021bi \u0219terge manual din set\u0103rile browserului. Majoritatea elementelor\u00a0<a href=\"http:\/\/www.vwdtest.com\/ro\">www.vwdtest.com<\/a>\u00a0vor func\u021biona \u00een continuare dac\u0103 dezactiva\u021bi cookie-urile \u00een set\u0103rile browserului dvs. web.<\/p>\n<\/div>\n\n<div class=\"default-block container\">\n<p>Pute\u021bi g\u0103si mai multe informa\u021bii despre cookie-uri, inclusiv despre cum s\u0103 vede\u021bi ce cookie-uri au fost setate pe dispozitivul dvs. \u0219i cum s\u0103 le gestiona\u021bi \u0219i s\u0103 le \u0219terge\u021bi la&nbsp;<a href=\"https:\/\/www.aboutcookies.org\/\" target=\"_blank\" rel=\"noreferrer noopener\">www.aboutcookies.org<\/a>.<\/p>\n<\/div>\n\n<div class=\"default-block container\">\n<p>Pe\u00a0<a href=\"http:\/\/www.vwdtest.com\/ro\">www.vwdtest.com<\/a>\u00a0se folosesc diferite tipuri de cookie-uri:<\/p>\n<\/div>\n\n<div class=\"default-block container\">\n<p><strong>Cookie-uri necesare<\/strong><\/p>\n<\/div>\n\n<div class=\"default-block container\">\n<figure class=\"wp-block-table\"><table><thead><tr><th>Tip de Cookie<\/th><th>Denumire<\/th><th>Scop<\/th><th>Expirare<\/th><\/tr><\/thead><tbody><tr><td>Matomo<\/td><td>mtm_cookie_consent<\/td><td>Acest cookie este stocat pentru a ne aminti c\u0103 utilizatorul \u0219i-a dat consim\u021b\u0103m\u00e2ntul pentru stocarea \u0219i utilizarea cookie-urilor.<\/td><td>30 ani<\/td><\/tr><\/tbody><\/table><\/figure>\n<\/div>\n\n<div class=\"default-block container\">\n<p><strong>Cookie-uri de performan\u021b\u0103<\/strong><\/p>\n<\/div>\n\n<div class=\"default-block container\">\n<figure class=\"wp-block-table\"><table><thead><tr><th>Tip de Cookie<\/th><th>Denumire<\/th><th>Scop<\/th><th>Expirare<\/th><\/tr><\/thead><tbody><tr><td>Matomo<\/td><td>_pk_id<\/td><td>Acest cookie este folosit pentru a stoca c\u00e2teva detalii despre utilizator, cum ar fi ID-ul unic al vizitatorului.<\/td><td>1 an, 1 lun\u0103<\/td><\/tr><tr><td>_pk_ref<\/td><td>Acesta este folosit pentru a stoca informa\u021biile de atribuire, referitor folosit ini\u021bial pentru a vizita site-ul web.<\/td><td>6 luni<\/td><\/tr><tr><td>_pk_ses<\/td><td>Acesta este folosit pentru a stoca un ID unic de sesiune.<\/td><td>30 minute<\/td><\/tr><tr><td>_pk_cvar<\/td><td>Acesta este folosit pentru a stoca un ID unic de sesiune.<\/td><td>30 minute<\/td><\/tr><tr><td>_pk_hsr<\/td><td>Acesta este folosit pentru a stoca un ID unic de sesiune.<\/td><td>30 minute<\/td><\/tr><tr><td>_pk_testcookie<\/td><td>Acesta este folosit pentru a verifica dac\u0103 browserul vizitatorului accept\u0103 cookie-uri.<\/td><td>Sesiune<\/td><\/tr><tr><td>Matomo_sessid<\/td><td>Acesta este folosit pentru a stoca un ID unic de sesiune.<\/td><td>Sesiune<\/td><\/tr><tr><\/tr><\/tbody><\/table><\/figure>\n<\/div>\n\n<div class=\"default-block container\">\n<p>Dac\u0103 modifica\u021bi \u00een mod activ set\u0103rile pentru a permite cookie-uri de performan\u021b\u0103, v\u0103 da\u021bi acordul ca Matomo s\u0103 colecteze informa\u021bii despre modul \u00een care utiliza\u021bi \u0219i naviga\u021bi pe site-ul nostru. \u00cen timpul acestui proces, adresa dumneavoastr\u0103 IP va fi anonimizat\u0103. Folosim aceste informa\u021bii pentru a \u00eembun\u0103t\u0103\u021bi experien\u021ba utilizatorului pentru to\u021bi vizitatorii paginii noastre de pornire.<\/p>\n<\/div>\n\n<div class=\"default-block container\">\n<p><strong>Cookie-uri de func\u021bionalitate<\/strong><\/p>\n<\/div>\n\n<div class=\"default-block container\">\n<p>Acestea sunt cookie-uri care nu sunt esen\u021biale, dar v\u0103 \u00eembun\u0103t\u0103\u021besc utilizarea <a href=\"https:\/\/www.vwdtest.com\/ro\">www.vwdtest.com<\/a>:<\/p>\n<\/div>\n\n<div class=\"default-block container\">\n<figure class=\"wp-block-table\"><table><thead><tr><th>Tip de Cookie<\/th><th>Denumire<\/th><th>Expirare<\/th><th>Scop<\/th><\/tr><\/thead><tbody><tr><td>Cookie persistent<\/td><td>cookieconsent_status<\/td><td>1 an<\/td><td>Acest cookie este asociat cu un script care afi\u0219eaz\u0103 o notificare de alert\u0103 privind cookie-urile pe site. Este folosit pentru a \u00eenregistra c\u00e2nd utilizatorul a respins notificarea pentru a preveni reapari\u021bia acesteia la vizitele de \u00eentoarcere.<\/td><\/tr><\/tbody><\/table><\/figure>\n<\/div>","protected":false},"excerpt":{"rendered":"<p>Informa\u021bii despre cookie-uri Cookie-urile sunt fragmente de date pe care un site web le poate transfera c\u0103tre browserul web al unui utilizator. C\u00e2nd vizita\u021bi\u00a0www.vwdtest.com, dac\u0103 browserul dvs. utilizeaz\u0103 set\u0103rile standard \u0219i accept\u0103 cookie-uri, v\u0103 da\u021bi acordul ca cookie-urile de pe acest site s\u0103 fie stocate pe computerul dvs. Cookie-urile stocate pot r\u0103m\u00e2ne pe computerul dvs. [&hellip;]<\/p>\n","protected":false},"author":1,"featured_media":0,"parent":0,"menu_order":0,"comment_status":"closed","ping_status":"closed","template":"front-page.php","meta":{"inline_featured_image":false},"acf":[],"yoast_head":"<!-- This site is optimized with the Yoast SEO plugin v20.4 - https:\/\/yoast.com\/wordpress\/plugins\/seo\/ -->\n<title>Politica privind cookie-urile - Romania<\/title>\n<meta name=\"robots\" content=\"noindex, follow\" \/>\n<meta property=\"og:locale\" content=\"en_US\" \/>\n<meta property=\"og:type\" content=\"article\" \/>\n<meta property=\"og:title\" content=\"Politica privind cookie-urile - Romania\" \/>\n<meta property=\"og:description\" content=\"Informa\u021bii despre cookie-uri Cookie-urile sunt fragmente de date pe care un site web le poate transfera c\u0103tre browserul web al unui utilizator. C\u00e2nd vizita\u021bi\u00a0www.vwdtest.com, dac\u0103 browserul dvs. utilizeaz\u0103 set\u0103rile standard \u0219i accept\u0103 cookie-uri, v\u0103 da\u021bi acordul ca cookie-urile de pe acest site s\u0103 fie stocate pe computerul dvs. Cookie-urile stocate pot r\u0103m\u00e2ne pe computerul dvs. [&hellip;]\" \/>\n<meta property=\"og:url\" content=\"https:\/\/vwdtest.com\/ro\/cookie-preferences\/\" \/>\n<meta property=\"og:site_name\" content=\"Romania\" \/>\n<meta property=\"article:modified_time\" content=\"2024-05-31T11:14:26+00:00\" \/>\n<meta name=\"twitter:card\" content=\"summary_large_image\" \/>\n<meta name=\"twitter:label1\" content=\"Est. reading time\" \/>\n\t<meta name=\"twitter:data1\" content=\"2 minutes\" \/>\n<script type=\"application\/ld+json\" class=\"yoast-schema-graph\">{\"@context\":\"https:\/\/schema.org\",\"@graph\":[{\"@type\":\"WebPage\",\"@id\":\"https:\/\/vwdtest.com\/ro\/cookie-preferences\/\",\"url\":\"https:\/\/vwdtest.com\/ro\/cookie-preferences\/\",\"name\":\"Politica privind cookie-urile - Romania\",\"isPartOf\":{\"@id\":\"https:\/\/vwdtest.com\/ro\/#website\"},\"datePublished\":\"2023-02-21T21:23:10+00:00\",\"dateModified\":\"2024-05-31T11:14:26+00:00\",\"breadcrumb\":{\"@id\":\"https:\/\/vwdtest.com\/ro\/cookie-preferences\/#breadcrumb\"},\"inLanguage\":\"en-US\",\"potentialAction\":[{\"@type\":\"ReadAction\",\"target\":[\"https:\/\/vwdtest.com\/ro\/cookie-preferences\/\"]}]},{\"@type\":\"BreadcrumbList\",\"@id\":\"https:\/\/vwdtest.com\/ro\/cookie-preferences\/#breadcrumb\",\"itemListElement\":[{\"@type\":\"ListItem\",\"position\":1,\"name\":\"Home\",\"item\":\"https:\/\/vwdtest.com\/ro\/\"},{\"@type\":\"ListItem\",\"position\":2,\"name\":\"Politica privind cookie-urile\"}]},{\"@type\":\"WebSite\",\"@id\":\"https:\/\/vwdtest.com\/ro\/#website\",\"url\":\"https:\/\/vwdtest.com\/ro\/\",\"name\":\"Romania\",\"description\":\"\",\"potentialAction\":[{\"@type\":\"SearchAction\",\"target\":{\"@type\":\"EntryPoint\",\"urlTemplate\":\"https:\/\/vwdtest.com\/ro\/?s={search_term_string}\"},\"query-input\":\"required name=search_term_string\"}],\"inLanguage\":\"en-US\"}]}<\/script>\n<!-- \/ Yoast SEO plugin. -->","yoast_head_json":{"title":"Politica privind cookie-urile - Romania","robots":{"index":"noindex","follow":"follow"},"og_locale":"en_US","og_type":"article","og_title":"Politica privind cookie-urile - Romania","og_description":"Informa\u021bii despre cookie-uri Cookie-urile sunt fragmente de date pe care un site web le poate transfera c\u0103tre browserul web al unui utilizator. C\u00e2nd vizita\u021bi\u00a0www.vwdtest.com, dac\u0103 browserul dvs. utilizeaz\u0103 set\u0103rile standard \u0219i accept\u0103 cookie-uri, v\u0103 da\u021bi acordul ca cookie-urile de pe acest site s\u0103 fie stocate pe computerul dvs. Cookie-urile stocate pot r\u0103m\u00e2ne pe computerul dvs. [&hellip;]","og_url":"https:\/\/vwdtest.com\/ro\/cookie-preferences\/","og_site_name":"Romania","article_modified_time":"2024-05-31T11:14:26+00:00","twitter_card":"summary_large_image","twitter_misc":{"Est. reading time":"2 minutes"},"schema":{"@context":"https:\/\/schema.org","@graph":[{"@type":"WebPage","@id":"https:\/\/vwdtest.com\/ro\/cookie-preferences\/","url":"https:\/\/vwdtest.com\/ro\/cookie-preferences\/","name":"Politica privind cookie-urile - Romania","isPartOf":{"@id":"https:\/\/vwdtest.com\/ro\/#website"},"datePublished":"2023-02-21T21:23:10+00:00","dateModified":"2024-05-31T11:14:26+00:00","breadcrumb":{"@id":"https:\/\/vwdtest.com\/ro\/cookie-preferences\/#breadcrumb"},"inLanguage":"en-US","potentialAction":[{"@type":"ReadAction","target":["https:\/\/vwdtest.com\/ro\/cookie-preferences\/"]}]},{"@type":"BreadcrumbList","@id":"https:\/\/vwdtest.com\/ro\/cookie-preferences\/#breadcrumb","itemListElement":[{"@type":"ListItem","position":1,"name":"Home","item":"https:\/\/vwdtest.com\/ro\/"},{"@type":"ListItem","position":2,"name":"Politica privind cookie-urile"}]},{"@type":"WebSite","@id":"https:\/\/vwdtest.com\/ro\/#website","url":"https:\/\/vwdtest.com\/ro\/","name":"Romania","description":"","potentialAction":[{"@type":"SearchAction","target":{"@type":"EntryPoint","urlTemplate":"https:\/\/vwdtest.com\/ro\/?s={search_term_string}"},"query-input":"required name=search_term_string"}],"inLanguage":"en-US"}]}},"_links":{"self":[{"href":"https:\/\/vwdtest.com\/ro\/wp-json\/wp\/v2\/pages\/266"}],"collection":[{"href":"https:\/\/vwdtest.com\/ro\/wp-json\/wp\/v2\/pages"}],"about":[{"href":"https:\/\/vwdtest.com\/ro\/wp-json\/wp\/v2\/types\/page"}],"author":[{"embeddable":true,"href":"https:\/\/vwdtest.com\/ro\/wp-json\/wp\/v2\/users\/1"}],"replies":[{"embeddable":true,"href":"https:\/\/vwdtest.com\/ro\/wp-json\/wp\/v2\/comments?post=266"}],"version-history":[{"count":6,"href":"https:\/\/vwdtest.com\/ro\/wp-json\/wp\/v2\/pages\/266\/revisions"}],"predecessor-version":[{"id":3451,"href":"https:\/\/vwdtest.com\/ro\/wp-json\/wp\/v2\/pages\/266\/revisions\/3451"}],"wp:attachment":[{"href":"https:\/\/vwdtest.com\/ro\/wp-json\/wp\/v2\/media?parent=266"}],"curies":[{"name":"wp","href":"https:\/\/api.w.org\/{rel}","templated":true}]}}