{"id":263,"date":"2023-02-21T21:22:33","date_gmt":"2023-02-21T21:22:33","guid":{"rendered":"https:\/\/new.vwdtest.com\/ro\/?page_id=263"},"modified":"2024-04-15T15:43:22","modified_gmt":"2024-04-15T15:43:22","slug":"legal-statement","status":"publish","type":"page","link":"https:\/\/vwdtest.com\/ro\/legal-statement\/","title":{"rendered":"Declara\u021bie legal\u0103"},"content":{"rendered":"<div class=\"default-block container\">\n<h2>Termeni de utilizare<\/h2>\n<\/div>\n\n<div class=\"default-block container\">\n<p>Acest site web este finan\u021bat de Octapharma AG, Seidenstrasse 2, 8853 Lachen SZ, Elve\u021bia \u0219i dezvoltat \u00een colaborare cu exper\u021bii medicali Prof. Dr. Fernando Corrales-Medina (Conferen\u021biar Universitar, Catedra de Pediatrie, Facultatea de Medicin\u0103, Universitatea Miami-Miller, SUA), Prof. Dr. Erik Berntorp (Profesor de Cercetare Clinic\u0103 a Coagul\u0103rii, Universitatea Lund, Suedia) \u0219i echipa lor de exper\u021bi interna\u021bionali \u00een tulbur\u0103ri de s\u00e2ngerare (denumi\u021bi \u00een continuare \u201eGrupul de exper\u021bi interna\u021bionali\u201d).<\/p>\n<\/div>\n\n<div class=\"default-block container\">\n<p>Acesta este un site web non-promo\u021bional menit s\u0103 sprijine o campanie de con\u0219tientizare a bolii condus\u0103 de grupul interna\u021bional de exper\u021bi \u0219i destinat doar \u00een scopuri de informare general\u0103. Nicio informa\u021bie din acest site nu trebuie interpretat\u0103 ca fiind o promovare sau reclam\u0103 pentru vreun produs sau pentru utilizarea oric\u0103rui produs al grupului de companii Octapharma.<\/p>\n<\/div>\n\n<div class=\"default-block container\">\n<p>Octapharma AG \u00eempreun\u0103 cu subcontractan\u021bii asigur\u0103 mentenan\u021ba \u0219i gestionarea site-ului web. Prin utilizarea acestui site web sunte\u021bi de acord s\u0103 respecta\u021bi termenii \u0219i condi\u021biile stabilite mai jos \u0219i toate legile aplicabile. Dac\u0103 nu sunte\u021bi de acord s\u0103 respecta\u021bi ace\u0219ti termeni \u0219i condi\u021bii, v\u0103 rug\u0103m s\u0103 nu utiliza\u021bi acest site web.<\/p>\n<\/div>\n\n<div class=\"default-block container\">\n<h2>Amendamente la site-ul web \u0219i termenii de utilizare <\/h2>\n<\/div>\n\n<div class=\"default-block container\">\n<p>Octapharma AG \u00ee\u0219i rezerv\u0103 dreptul de a face modific\u0103ri, complet\u0103ri, \u0219tergeri \u0219i corec\u021bii acestui site \u00een orice moment \u0219i f\u0103r\u0103 notificare. Octapharma AG poate, de asemenea, s\u0103 retrag\u0103 accesul la acest site web \u00een orice moment, f\u0103r\u0103 notificare.<\/p>\n<\/div>\n\n<div class=\"default-block container\">\n<p>Octapharma AG poate oric\u00e2nd s\u0103 revizuiasc\u0103 ace\u0219ti Termeni de utilizare prin actualizarea periodic\u0103 a acestei post\u0103ri. Continu\u00e2nd s\u0103 accesa\u021bi acest site web, sunte\u021bi obligat s\u0103 respecta\u021bi astfel de revizuiri \u0219i, prin urmare, ar trebui s\u0103 vizita\u021bi periodic aceast\u0103 pagin\u0103 pentru a revizui Termenii de utilizare pentru a v\u0103 asigura c\u0103 \u00een\u021belege\u021bi termenii care se aplic\u0103 \u00een acel moment.<\/p>\n<\/div>\n\n<div class=\"default-block container\">\n<h2>Protec\u021bie anti-virus <\/h2>\n<\/div>\n\n<div class=\"default-block container\">\n<p>Octapharma AG nu garanteaz\u0103 \u0219i nu declar\u0103 c\u0103 acest site web sau e-mailurile primite de la Octapharma AG \u00een conformitate cu facilitatea listei de coresponden\u021b\u0103 vor fi ne\u00eentrerupte sau f\u0103r\u0103 viru\u0219i sau f\u0103r\u0103 alte componente d\u0103un\u0103toare. Octapharma AG (inclusiv directorii, afilia\u021bii, ofi\u021berii, angaja\u021bii, agen\u021bii, contractan\u021bii, succesorii \u0219i mandatarii s\u0103i) nu poart\u0103 nicio responsabilitate pentru niciuna din daunele cauzate echipamentelor dumneavoastr\u0103, ca urmare a acces\u0103rii acestui site web, a desc\u0103rc\u0103rii oric\u0103rui con\u021binut de pe acest site web sau primirea de e-mailuri de la Octapharma AG \u00een conformitate cu facilitatea listei de coresponden\u021b\u0103.<\/p>\n<\/div>\n\n<div class=\"default-block container\">\n<h2>Informa\u021bii medicale<\/h2>\n<\/div>\n\n<div class=\"default-block container\">\n<p>Con\u021binutul medical al site-ului web a fost dezvoltat \u0219i aprobat de\u00a0grupul interna\u021bional de exper\u021bi. \u00cen plus, informa\u021biile nu au scopul de a oferi informa\u021bii medicale complete. Ar trebui s\u0103 ob\u021bine\u021bi \u00eentotdeauna informa\u021bii medicale complete despre medicamentele sau dispozitivele medicale eliberate pe baz\u0103 de re\u021bet\u0103 (inclusiv utiliz\u0103rile lor medicale benefice \u0219i posibilele efecte adverse) discut\u00e2nd despre utilizarea adecvat\u0103 a oric\u0103rui medicament\/dispozitiv medical direct cu medicul care v\u0103 prescrie sau, dac\u0103 este cazul, cu alt consilier medical. Informa\u021biile medicale furnizate nu constituie \u0219i nu inten\u021bioneaz\u0103 s\u0103 constituie un stimulent pentru a recomanda, cump\u0103ra, prescrie, vinde sau administra un anumit produs al grupului de companii Octapharma.<\/p>\n<\/div>\n\n<div class=\"default-block container\">\n<h2>Copyright<\/h2>\n<\/div>\n\n<div class=\"default-block container\">\n<p>Drepturile de autor asupra tuturor materialelor con\u021binute pe acest site sunt de\u021binute de Octapharma AG, dac\u0103 nu se indic\u0103 altfel.<\/p>\n<\/div>\n\n<div class=\"default-block container\">\n<p>Octapharma AG \u00ee\u0219i rezerv\u0103 toate drepturile asupra con\u021binutului \u0219i designului acestui site web. Cu excep\u021bia cazului \u00een care este ob\u021binut\u0103 o permisiune scris\u0103 din partea Octapharma AG, nu pute\u021bi reproduce, utiliza sau copia niciun con\u021binut de pe acest site web, inclusiv nume, logo-uri, modele, informa\u021bii despre produse \u0219i orice alt material\/informa\u021bii utilizate pe acest site web (denumite \u00een continuare \u201eInforma\u021bii\u201d ). Nu pute\u021bi utiliza \u00een scopuri comerciale nicio informa\u021bie \u0219i nu pute\u021bi determina ca informa\u021biile s\u0103 fie \u00eencadrate sau \u00eencorporate \u00eentr-un alt site web f\u0103r\u0103 permisiunea prealabil\u0103 scris\u0103 din partea Octapharma AG.<\/p>\n<\/div>\n\n<div class=\"default-block container\">\n<p>Toate informa\u021biile la care se face referire \u00een acest site web sunt proprietatea proprietarului respectiv \u0219i nu ar trebui utilizate \u00een totalitate sau par\u021bial \u00een nicio jurisdic\u021bie f\u0103r\u0103 acordul prealabil scris al proprietarului s\u0103u. Nici o imagine care este \u00een mod substan\u021bial similar\u0103 cu orice marc\u0103 comercial\u0103, logo sau nume la care se face referire pe acest site web nu trebuie utilizat\u0103 astfel.<\/p>\n<\/div>\n\n<div class=\"default-block container\">\n<h2>F\u0103r\u0103 garan\u021bii sau reprezentare<\/h2>\n<\/div>\n\n<div class=\"default-block container\">\n<p>Informa\u021biile sunt furnizate \u201eca atare\u201d \u0219i f\u0103r\u0103 garan\u021bii de niciun fel, exprese sau implicite.<\/p>\n<\/div>\n\n<div class=\"default-block container\">\n<p>\u00cen m\u0103sura permis\u0103 de lege, Octapharma AG declin\u0103 \u00een mod expres toate declara\u021biile \u0219i garan\u021biile, exprese sau implicite, \u00een leg\u0103tur\u0103 cu sau \u00een ceea ce prive\u0219te acest site web \u2013 inclusiv, f\u0103r\u0103 limitare, orice declara\u021bii sau garan\u021bii de orice fel \u00een leg\u0103tur\u0103 cu:<\/p>\n<\/div>\n\n<div class=\"default-block container\">\n<ul><div class=\"default-block container\">\n<li>Acurate\u021bea sau completitudinea oric\u0103rei informa\u021bii con\u021binute \u00een acest site web;<\/li>\n<\/div>\n\n<div class=\"default-block container\">\n<li>Acurate\u021bea sau completitudinea oric\u0103rei informa\u021bii con\u021binute \u00een orice site web cu hyperlink la acest site web.<\/li>\n<\/div>\n\n<div class=\"default-block container\">\n<li>Informa\u021biile sunt furnizate pe baza faptului c\u0103 toate persoanele care acceseaz\u0103 site-ul \u00ee\u0219i asum\u0103 responsabilitatea de a evalua acurate\u021bea con\u021binutului acestuia \u0219i se bazeaz\u0103 pe acesta \u00een \u00eentregime pe propriul risc. Octapharma AG (inclusiv directorii, afilia\u021bii, ofi\u021berii, angaja\u021bii, agen\u021bii, contractan\u021bii, succesorii \u0219i cesionarii s\u0103i) nu poart\u0103 nicio r\u0103spundere pentru pierderile sau daunele suferite de vreo persoan\u0103 ca urmare a \u00eencrederii acordate informa\u021biilor sau oric\u0103rei alte informa\u021bii \u00eencorporate prin referin\u021b\u0103.<\/li>\n<\/div><\/ul>\n<\/div>\n\n<div class=\"default-block container\">\n<h2>Cod de conduit\u0103 aplicabil<\/h2>\n<\/div>\n\n<div class=\"default-block container\">\n<p>Octapharma AG se str\u0103duie\u0219te s\u0103 adere la prevederile codului de practic\u0103 IFPMA. Cea mai recent\u0103 versiune a codului men\u021bionat poate fi g\u0103sit\u0103 la urm\u0103torul link:\u00a0<a href=\"https:\/\/www.ifpma.org\/resource-centre\/ifpma-code-of-practice\/\" target=\"_blank\" rel=\"noreferrer noopener\">https:\/\/www.ifpma.org\/resource-centre\/ifpma-code-of-practice\/<\/a><\/p>\n<\/div>\n\n<div class=\"default-block container\">\n<h2>Limitarea r\u0103spunderii<\/h2>\n<\/div>\n\n<div class=\"default-block container\">\n<p>\u00cen niciun caz, Octapharma AG (inclusiv directorii, afilia\u021bii, ofi\u021berii, angaja\u021bii, agen\u021bii, contractorii, succesorii \u0219i cesionarii s\u0103i) nu va fi r\u0103spunz\u0103toare pentru orice daune directe, indirecte, punitive, incidente, daune speciale, consecutive sau orice daune, inclusiv, f\u0103r\u0103 limitare, daune pentru pierderea utiliz\u0103rii, a datelor, a c\u00e2\u0219tigurilor de profit sau a oportunit\u0103\u021bilor pierdute, care decurg din sau sunt legate \u00een orice fel de utilizarea sau performan\u021ba acestui site web.<\/p>\n<\/div>\n\n<div class=\"default-block container\">\n<h2>Site-uri web ale unei ter\u021be p\u0103r\u021bi<\/h2>\n<\/div>\n\n<div class=\"default-block container\">\n<p>Pentru comoditatea dvs., Octapharma AG poate furniza, pe acest site web, link-uri c\u0103tre site-uri web operate de alte entit\u0103\u021bi. Dac\u0103 utiliza\u021bi aceste site-uri web, ve\u021bi p\u0103r\u0103si acest site. Dac\u0103 decide\u021bi s\u0103 vizita\u021bi orice site web legat, o face\u021bi pe propriul risc \u0219i este responsabilitatea dumneavoastr\u0103 s\u0103 lua\u021bi toate m\u0103surile de protec\u021bie pentru a v\u0103 proteja \u00eempotriva viru\u0219ilor sau a altor elemente distructive.<\/p>\n<\/div>\n\n<div class=\"default-block container\">\n<p>Octapharma AG (inclusiv directorii, afilia\u021bii, ofi\u021berii, angaja\u021bii, agen\u021bii, contractorii, succesorii \u0219i cesionarii s\u0103i) nu ofer\u0103 nicio garan\u021bie sau reprezentare cu privire la \u0219i nu aprob\u0103 niciun site web conectat sau informa\u021biile care apar pe acestea sau oricare dintre produsele sau serviciile descrise pe acestea.<\/p>\n<\/div>\n\n<div class=\"default-block container\">\n<p>Leg\u0103turile nu implic\u0103 faptul c\u0103 Octapharma AG este afiliat\u0103 sau asociat\u0103 sau este autorizat\u0103 legal s\u0103 utilizeze orice marc\u0103 comercial\u0103, nume comercial, logo sau simbol de drept de autor afi\u0219at sau accesibil prin link-uri sau c\u0103 orice site web legat este autorizat s\u0103 utilizeze orice marc\u0103 comercial\u0103, denumire comercial\u0103, sigl\u0103 sau simbol al dreptului de autor al Octapharma AG.<\/p>\n<\/div>\n\n<div class=\"default-block container\">\n<p>Toate linkurile c\u0103tre acest site web trebuie s\u0103 fie aprobate de Octapharma AG. Octapharma AG \u00ee\u0219i rezerv\u0103 dreptul de a revoca acest consim\u021b\u0103m\u00e2nt \u00een orice moment, la discre\u021bia sa.<\/p>\n<\/div>\n\n<div class=\"default-block container\">\n<h2>Legea aplicabil\u0103 <\/h2>\n<\/div>\n\n<div class=\"default-block container\">\n<p>Ace\u0219ti termeni de utilizare, precum \u0219i declara\u021bia de confiden\u021bialitate \u0219i solu\u021bionarea oric\u0103rei dispute legate de ace\u0219ti termeni de utilizare \u0219i\/sau declara\u021bia de confiden\u021bialitate vor fi interpretate \u00een conformitate cu legile Elve\u021biei. Locul de jurisdic\u021bie exclusiv este Lachen, SZ, Elve\u021bia.<\/p>\n<\/div>","protected":false},"excerpt":{"rendered":"<p>Termeni de utilizare Acest site web este finan\u021bat de Octapharma AG, Seidenstrasse 2, 8853 Lachen SZ, Elve\u021bia \u0219i dezvoltat \u00een colaborare cu exper\u021bii medicali Prof. Dr. Fernando Corrales-Medina (Conferen\u021biar Universitar, Catedra de Pediatrie, Facultatea de Medicin\u0103, Universitatea Miami-Miller, SUA), Prof. Dr. Erik Berntorp (Profesor de Cercetare Clinic\u0103 a Coagul\u0103rii, Universitatea Lund, Suedia) \u0219i echipa lor [&hellip;]<\/p>\n","protected":false},"author":1,"featured_media":0,"parent":0,"menu_order":0,"comment_status":"closed","ping_status":"closed","template":"front-page.php","meta":{"inline_featured_image":false},"acf":[],"yoast_head":"<!-- This site is optimized with the Yoast SEO plugin v20.4 - https:\/\/yoast.com\/wordpress\/plugins\/seo\/ -->\n<title>Declara\u021bie legal\u0103 - Romania<\/title>\n<meta name=\"robots\" content=\"noindex, follow\" \/>\n<meta property=\"og:locale\" content=\"en_US\" \/>\n<meta property=\"og:type\" content=\"article\" \/>\n<meta property=\"og:title\" content=\"Declara\u021bie legal\u0103 - Romania\" \/>\n<meta property=\"og:description\" content=\"Termeni de utilizare Acest site web este finan\u021bat de Octapharma AG, Seidenstrasse 2, 8853 Lachen SZ, Elve\u021bia \u0219i dezvoltat \u00een colaborare cu exper\u021bii medicali Prof. Dr. Fernando Corrales-Medina (Conferen\u021biar Universitar, Catedra de Pediatrie, Facultatea de Medicin\u0103, Universitatea Miami-Miller, SUA), Prof. Dr. Erik Berntorp (Profesor de Cercetare Clinic\u0103 a Coagul\u0103rii, Universitatea Lund, Suedia) \u0219i echipa lor [&hellip;]\" \/>\n<meta property=\"og:url\" content=\"https:\/\/vwdtest.com\/ro\/legal-statement\/\" \/>\n<meta property=\"og:site_name\" content=\"Romania\" \/>\n<meta property=\"article:modified_time\" content=\"2024-04-15T15:43:22+00:00\" \/>\n<meta name=\"twitter:card\" content=\"summary_large_image\" \/>\n<meta name=\"twitter:label1\" content=\"Est. reading time\" \/>\n\t<meta name=\"twitter:data1\" content=\"6 minutes\" \/>\n<script type=\"application\/ld+json\" class=\"yoast-schema-graph\">{\"@context\":\"https:\/\/schema.org\",\"@graph\":[{\"@type\":\"WebPage\",\"@id\":\"https:\/\/vwdtest.com\/ro\/legal-statement\/\",\"url\":\"https:\/\/vwdtest.com\/ro\/legal-statement\/\",\"name\":\"Declara\u021bie legal\u0103 - Romania\",\"isPartOf\":{\"@id\":\"https:\/\/vwdtest.com\/ro\/#website\"},\"datePublished\":\"2023-02-21T21:22:33+00:00\",\"dateModified\":\"2024-04-15T15:43:22+00:00\",\"breadcrumb\":{\"@id\":\"https:\/\/vwdtest.com\/ro\/legal-statement\/#breadcrumb\"},\"inLanguage\":\"en-US\",\"potentialAction\":[{\"@type\":\"ReadAction\",\"target\":[\"https:\/\/vwdtest.com\/ro\/legal-statement\/\"]}]},{\"@type\":\"BreadcrumbList\",\"@id\":\"https:\/\/vwdtest.com\/ro\/legal-statement\/#breadcrumb\",\"itemListElement\":[{\"@type\":\"ListItem\",\"position\":1,\"name\":\"Home\",\"item\":\"https:\/\/vwdtest.com\/ro\/\"},{\"@type\":\"ListItem\",\"position\":2,\"name\":\"Declara\u021bie legal\u0103\"}]},{\"@type\":\"WebSite\",\"@id\":\"https:\/\/vwdtest.com\/ro\/#website\",\"url\":\"https:\/\/vwdtest.com\/ro\/\",\"name\":\"Romania\",\"description\":\"\",\"potentialAction\":[{\"@type\":\"SearchAction\",\"target\":{\"@type\":\"EntryPoint\",\"urlTemplate\":\"https:\/\/vwdtest.com\/ro\/?s={search_term_string}\"},\"query-input\":\"required name=search_term_string\"}],\"inLanguage\":\"en-US\"}]}<\/script>\n<!-- \/ Yoast SEO plugin. -->","yoast_head_json":{"title":"Declara\u021bie legal\u0103 - Romania","robots":{"index":"noindex","follow":"follow"},"og_locale":"en_US","og_type":"article","og_title":"Declara\u021bie legal\u0103 - Romania","og_description":"Termeni de utilizare Acest site web este finan\u021bat de Octapharma AG, Seidenstrasse 2, 8853 Lachen SZ, Elve\u021bia \u0219i dezvoltat \u00een colaborare cu exper\u021bii medicali Prof. Dr. Fernando Corrales-Medina (Conferen\u021biar Universitar, Catedra de Pediatrie, Facultatea de Medicin\u0103, Universitatea Miami-Miller, SUA), Prof. Dr. Erik Berntorp (Profesor de Cercetare Clinic\u0103 a Coagul\u0103rii, Universitatea Lund, Suedia) \u0219i echipa lor [&hellip;]","og_url":"https:\/\/vwdtest.com\/ro\/legal-statement\/","og_site_name":"Romania","article_modified_time":"2024-04-15T15:43:22+00:00","twitter_card":"summary_large_image","twitter_misc":{"Est. reading time":"6 minutes"},"schema":{"@context":"https:\/\/schema.org","@graph":[{"@type":"WebPage","@id":"https:\/\/vwdtest.com\/ro\/legal-statement\/","url":"https:\/\/vwdtest.com\/ro\/legal-statement\/","name":"Declara\u021bie legal\u0103 - Romania","isPartOf":{"@id":"https:\/\/vwdtest.com\/ro\/#website"},"datePublished":"2023-02-21T21:22:33+00:00","dateModified":"2024-04-15T15:43:22+00:00","breadcrumb":{"@id":"https:\/\/vwdtest.com\/ro\/legal-statement\/#breadcrumb"},"inLanguage":"en-US","potentialAction":[{"@type":"ReadAction","target":["https:\/\/vwdtest.com\/ro\/legal-statement\/"]}]},{"@type":"BreadcrumbList","@id":"https:\/\/vwdtest.com\/ro\/legal-statement\/#breadcrumb","itemListElement":[{"@type":"ListItem","position":1,"name":"Home","item":"https:\/\/vwdtest.com\/ro\/"},{"@type":"ListItem","position":2,"name":"Declara\u021bie legal\u0103"}]},{"@type":"WebSite","@id":"https:\/\/vwdtest.com\/ro\/#website","url":"https:\/\/vwdtest.com\/ro\/","name":"Romania","description":"","potentialAction":[{"@type":"SearchAction","target":{"@type":"EntryPoint","urlTemplate":"https:\/\/vwdtest.com\/ro\/?s={search_term_string}"},"query-input":"required name=search_term_string"}],"inLanguage":"en-US"}]}},"_links":{"self":[{"href":"https:\/\/vwdtest.com\/ro\/wp-json\/wp\/v2\/pages\/263"}],"collection":[{"href":"https:\/\/vwdtest.com\/ro\/wp-json\/wp\/v2\/pages"}],"about":[{"href":"https:\/\/vwdtest.com\/ro\/wp-json\/wp\/v2\/types\/page"}],"author":[{"embeddable":true,"href":"https:\/\/vwdtest.com\/ro\/wp-json\/wp\/v2\/users\/1"}],"replies":[{"embeddable":true,"href":"https:\/\/vwdtest.com\/ro\/wp-json\/wp\/v2\/comments?post=263"}],"version-history":[{"count":5,"href":"https:\/\/vwdtest.com\/ro\/wp-json\/wp\/v2\/pages\/263\/revisions"}],"predecessor-version":[{"id":3203,"href":"https:\/\/vwdtest.com\/ro\/wp-json\/wp\/v2\/pages\/263\/revisions\/3203"}],"wp:attachment":[{"href":"https:\/\/vwdtest.com\/ro\/wp-json\/wp\/v2\/media?parent=263"}],"curies":[{"name":"wp","href":"https:\/\/api.w.org\/{rel}","templated":true}]}}