{"id":259,"date":"2023-02-21T21:13:32","date_gmt":"2023-02-21T21:13:32","guid":{"rendered":"https:\/\/new.vwdtest.com\/ro\/?page_id=259"},"modified":"2024-06-07T10:04:53","modified_gmt":"2024-06-07T10:04:53","slug":"hcp-vwd","status":"publish","type":"page","link":"https:\/\/vwdtest.com\/ro\/hcp-vwd\/","title":{"rendered":"HCP &amp; VWD"},"content":{"rendered":"\r\n\r\n<div class=\"container hb\">\r\n\t<div class=\"row\">\r\n\t\t<div class=\"col-12 col-lg-6 rtl\">\t\t<div class=\"hb__video ltr\">\r\n\t\t\t<div class=\"hb__video-img play_video\" data-video=\"video_hba\"><img decoding=\"async\" src=\"https:\/\/vwdtest.com\/ro\/wp-content\/uploads\/sites\/53\/2023\/12\/VWD-thumbs-Corrales-English.png\"\r\n\t\t\t\t\tclass=\"hb__video-image\"><\/div>\r\n\t\t\t<div class=\"hb__video-text\">\r\n\t\t\t\t<h3 class=\"hb__video-title\">\r\n\t\t\t\t\tAfl\u0103 mai multe despre<br \/>\r\nini\u021biativa VWDtest\t\t\t\t<\/h3>\r\n\t\t\t\t<button id=\"hcp_video\" class=\"hb__video-button button__large play_video\" data-video=\"video_hba\">\r\n\t\t\t\t\tAcceseaz\u0103\t\t\t\t<\/button>\r\n\t\t\t<\/div>\r\n\t\t<\/div>\r\n\t\t<div class=\"hb__add-text\">\r\n\t\t\t<h3><strong>VWDtest.com a fost dezvoltat de Dr. Fernando Corrales-Medina (Conferen\u021biar Universitar, Catedra de Pediatrie, Facultatea de Medicin\u0103, Universitatea Miami-Miller, SUA), Prof. Dr. Erik Berntorp (Profesor de Cercetare Clinic\u0103 a Coagul\u0103rii, Universitatea Lund, Suedia) \u0219i echipa lor de exper\u021bi interna\u021bionali \u00een tulbur\u0103ri de s\u00e2ngerare, pentru a r\u0103spunde \u00eentreb\u0103rilor legate de simptomele de s\u00e2ngerare \u0219i <a href=\"https:\/\/vwdtest.com\/ro\/von-willebrand-disease\/\">Boala von Willebrand <\/a>(VWD).<\/strong><\/h3>\n\t\t<\/div>\r\n\t\t<h1>\r\n\t\t\t\u00cempreun\u0103 pentru \u00eengrijirea persoanelor cu VWD\t\t<\/h1>\r\n\t\t<ul>\n<li>Ai un pacient cu \u00eengrijor\u0103ri legate de s\u00e2nger\u0103ri nazale frecvente sau menstrua\u021bie abundent\u0103?<\/li>\n<li>Un p\u0103rinte este \u00eengrijorat de \u00eenvine\u021birea cu u\u0219urin\u021b\u0103 a copilului s\u0103u?<\/li>\n<li>Ai fost contactat de un pacient cu VWD \u00een c\u0103utare de tratament sau vreunul dintre pacien\u021bii t\u0103i a fost diagnosticat cu aceast\u0103 afec\u021biune?<\/li>\n<li>Te \u00eentrebi dac\u0103 hemoragia prezent\u0103 \u00een timpul unei proceduri pe care ai efectuat-o recent poate fi un semn al unei tulbur\u0103ri de s\u00e2ngerare nediagnosticate?<\/li>\n<\/ul>\n<h4>Mul\u021bi pacien\u021bi cu <a href=\"https:\/\/vwdtest.com\/ro\/von-willebrand-disease\/\">Boala Von Willebrand<\/a> (VWD) nu sunt con\u0219tien\u021bi de afec\u021biunea de care sufer\u0103, iar diagnosticarea lor r\u0103m\u00e2ne o provocare. Website-ul VWDtest.com ofer\u0103 sprijin pentru identificarea \u0219i diagnosticarea persoanelor cu tulbur\u0103ri de s\u00e2ngerare. De asemenea, aici vei g\u0103si \u00eendrumare cu privire la rolul t\u0103u \u00een via\u021ba pacientului, precum \u0219i sfaturi de la exper\u021bi cu privire la gestionarea VWD. Diagnosticarea \u0219i gestionarea VWD reprezint\u0103 eforturi multidisciplinare, iar contribu\u021bia \u0219i expertiza ta sunt esen\u021biale pentru a asigura pacien\u021bilor \u00eengrijirea necesar\u0103.<\/h4>\n\t<\/div>\r\n\t<div class=\"col-12 col-lg-6\">\r\n\t<div class=\"hb__persons row\">\r\n\t\t\t\t\t\t\t\t\r\n\t\t\t\t<div class=\"hb__person col-6\" id=\"person_1\">\r\n\t\t\t\t\t<img decoding=\"async\" class=\"hb__person-image hbi\" src=\"https:\/\/vwdtest.com\/ro\/wp-content\/uploads\/sites\/53\/2023\/02\/gynaecologist.png\"\r\n\t\t\t\t\t\talt=\"OBSTETRICIAN &lt;br&gt;\/ GINECOLOG\">\r\n\t\t\t\t\t<a href=\"https:\/\/vwdtest.com\/ro\/vwd-and-gynaecology-obstetrics\/\" class=\"hb__person-button hbb\">\r\n\t\t\t\t\t\t<div class=\"hb__person-text\">\r\n\t\t\t\t\t\t\t<span class=\"hb__person-content\">\r\n\t\t\t\t\t\t\t\tOBSTETRICIAN <br>\/ GINECOLOG<span class=\"hb__person-content-arrow\"><\/span>\r\n\t\t\t\t\t\t\t<\/span>\r\n\t\t\t\t\t\t\t<span class=\"hb__person-bg\">\r\n\t\t\t\t\t\t\t\t<span class=\"hb__person-arrow triangle up hba\"><\/span>\r\n\t\t\t\t\t\t\t<\/span>\r\n\t\t\t\t\t\t<\/div>\r\n\t\t\t\t\t<\/a>\r\n\t\t\t\t<\/div>\r\n\t\t\t\t\t\t\t\r\n\t\t\t\t<div class=\"hb__person col-6\" id=\"person_2\">\r\n\t\t\t\t\t<img decoding=\"async\" class=\"hb__person-image hbi\" src=\"https:\/\/vwdtest.com\/ro\/wp-content\/uploads\/sites\/53\/2023\/02\/dentist.png\"\r\n\t\t\t\t\t\talt=\"DENTIST\">\r\n\t\t\t\t\t<a href=\"https:\/\/vwdtest.com\/ro\/vwd-and-denstistry\/\" class=\"hb__person-button hbb\">\r\n\t\t\t\t\t\t<div class=\"hb__person-text\">\r\n\t\t\t\t\t\t\t<span class=\"hb__person-content\">\r\n\t\t\t\t\t\t\t\tDENTIST<span class=\"hb__person-content-arrow\"><\/span>\r\n\t\t\t\t\t\t\t<\/span>\r\n\t\t\t\t\t\t\t<span class=\"hb__person-bg\">\r\n\t\t\t\t\t\t\t\t<span class=\"hb__person-arrow triangle up hba\"><\/span>\r\n\t\t\t\t\t\t\t<\/span>\r\n\t\t\t\t\t\t<\/div>\r\n\t\t\t\t\t<\/a>\r\n\t\t\t\t<\/div>\r\n\t\t\t\t\t\t\t\r\n\t\t\t\t<div class=\"hb__person col-6\" id=\"person_3\">\r\n\t\t\t\t\t<img decoding=\"async\" class=\"hb__person-image hbi\" src=\"https:\/\/vwdtest.com\/ro\/wp-content\/uploads\/sites\/53\/2023\/02\/family-doctor.png\"\r\n\t\t\t\t\t\talt=\"MEDIC DE FAMILIE \/ &lt;br&gt;PEDIATRU\">\r\n\t\t\t\t\t<a href=\"https:\/\/vwdtest.com\/ro\/family-doctor-paediatrician\/\" class=\"hb__person-button hbb\">\r\n\t\t\t\t\t\t<div class=\"hb__person-text\">\r\n\t\t\t\t\t\t\t<span class=\"hb__person-content\">\r\n\t\t\t\t\t\t\t\tMEDIC DE FAMILIE \/ <br>PEDIATRU<span class=\"hb__person-content-arrow\"><\/span>\r\n\t\t\t\t\t\t\t<\/span>\r\n\t\t\t\t\t\t\t<span class=\"hb__person-bg\">\r\n\t\t\t\t\t\t\t\t<span class=\"hb__person-arrow triangle up hba\"><\/span>\r\n\t\t\t\t\t\t\t<\/span>\r\n\t\t\t\t\t\t<\/div>\r\n\t\t\t\t\t<\/a>\r\n\t\t\t\t<\/div>\r\n\t\t\t\t\t\t\t\r\n\t\t\t\t<div class=\"hb__person col-6\" id=\"person_4\">\r\n\t\t\t\t\t<img decoding=\"async\" class=\"hb__person-image hbi\" src=\"https:\/\/vwdtest.com\/ro\/wp-content\/uploads\/sites\/53\/2023\/02\/resources.png\"\r\n\t\t\t\t\t\talt=\"Resurse&lt;br&gt; pentru medici\">\r\n\t\t\t\t\t<a href=\"https:\/\/vwdtest.com\/ro\/clinician-materials\/\" class=\"hb__person-button hbb\">\r\n\t\t\t\t\t\t<div class=\"hb__person-text\">\r\n\t\t\t\t\t\t\t<span class=\"hb__person-content\">\r\n\t\t\t\t\t\t\t\tResurse<br> pentru medici<span class=\"hb__person-content-arrow\"><\/span>\r\n\t\t\t\t\t\t\t<\/span>\r\n\t\t\t\t\t\t\t<span class=\"hb__person-bg\">\r\n\t\t\t\t\t\t\t\t<span class=\"hb__person-arrow triangle up hba\"><\/span>\r\n\t\t\t\t\t\t\t<\/span>\r\n\t\t\t\t\t\t<\/div>\r\n\t\t\t\t\t<\/a>\r\n\t\t\t\t<\/div>\r\n\t\t\t\t\t\t\t\t\t\t<\/div>\r\n<\/div>\r\n<!-- <div class=\"row\">\r\n\t<div class=\"col-12 col-lg-5\">\r\n\t\t<div class=\"hb__video\">\r\n\t\t\t<div class=\"hb__video-img play_video\" data-video=\"video_hba\"><img decoding=\"async\" src=\"https:\/\/vwdtest.com\/ro\/wp-content\/uploads\/sites\/53\/2023\/12\/VWD-thumbs-Corrales-English.png\"\r\n\t\t\t\t\tclass=\"hb__video-image\"><\/div>\r\n\t\t\t<div class=\"hb__video-text\">\r\n\t\t\t\t<h3 class=\"hb__video-title\">\r\n\t\t\t\t\tAfl\u0103 mai multe despre<br \/>\r\nini\u021biativa VWDtest\t\t\t\t<\/h3>\r\n\t\t\t\t<button class=\"hb__video-button button__large play_video\" data-video=\"video_hba\">\r\n\t\t\t\t\tAcceseaz\u0103\t\t\t\t<\/button>\r\n\t\t\t<\/div>\r\n\t\t<\/div>\r\n\t<\/div>\r\n\t<div class=\"col-12 col-lg-7\">\r\n\t\t<div class=\"hb__add-text\">\r\n\t\t\t<h3><strong>VWDtest.com a fost dezvoltat de Dr. Fernando Corrales-Medina (Conferen\u021biar Universitar, Catedra de Pediatrie, Facultatea de Medicin\u0103, Universitatea Miami-Miller, SUA), Prof. Dr. Erik Berntorp (Profesor de Cercetare Clinic\u0103 a Coagul\u0103rii, Universitatea Lund, Suedia) \u0219i echipa lor de exper\u021bi interna\u021bionali \u00een tulbur\u0103ri de s\u00e2ngerare, pentru a r\u0103spunde \u00eentreb\u0103rilor legate de simptomele de s\u00e2ngerare \u0219i <a href=\"https:\/\/vwdtest.com\/ro\/von-willebrand-disease\/\">Boala von Willebrand <\/a>(VWD).<\/strong><\/h3>\n\t\t<\/div>\r\n\t<\/div>\r\n<\/div> -->\r\n<\/div>\r\n\r\n<div class=\"video\" id=\"video_hba\">\r\n\t<div class=\"video__box\">\r\n\t\t<div class=\"popup-close-icon\"><img\r\n\t\t\t\tsrc=\"https:\/\/vwdtest.com\/fr\/wp-content\/uploads\/sites\/22\/2023\/09\/cross-icon1.svg\" alt=\"cross-icon\">\r\n\t\t<\/div>\r\n\t\t<video width=\"320\" height=\"240\" controls>\r\n\t\t\t<source src=\"https:\/\/vwdtest.com\/ro\/wp-content\/uploads\/sites\/53\/2023\/12\/VWD-Test-Main-Video_12_Corrales-EN.mp4\" type=\"video\/mp4\">\r\n\t\t\tYour browser does not support the video tag.\r\n\t\t\t\t\t\t\t<track label=\"Selecteaz\u0103 \u021bara\/regiunea \" kind=\"subtitles\"\r\n\t\t\t\t\tsrclang=\"ro\" src=\"https:\/\/vwdtest.com\/ro\/wp-content\/uploads\/sites\/53\/2024\/06\/VWD-Test-Main-Video_12_Corrales-EN_ro-final_2.vtt\" default \/>\r\n\t\t\t\t\t<\/video>\r\n\t<\/div>\r\n<\/div>","protected":false},"excerpt":{"rendered":"","protected":false},"author":1,"featured_media":0,"parent":0,"menu_order":0,"comment_status":"closed","ping_status":"closed","template":"front-page.php","meta":{"inline_featured_image":false},"acf":[],"yoast_head":"<!-- This site is optimized with the Yoast SEO plugin v20.4 - https:\/\/yoast.com\/wordpress\/plugins\/seo\/ -->\n<title>HCP &amp; VWD - Romania<\/title>\n<meta name=\"robots\" content=\"noindex, follow\" \/>\n<meta property=\"og:locale\" content=\"en_US\" \/>\n<meta property=\"og:type\" content=\"article\" \/>\n<meta property=\"og:title\" content=\"HCP &amp; VWD - Romania\" \/>\n<meta property=\"og:url\" content=\"https:\/\/vwdtest.com\/ro\/hcp-vwd\/\" \/>\n<meta property=\"og:site_name\" content=\"Romania\" \/>\n<meta property=\"article:modified_time\" content=\"2024-06-07T10:04:53+00:00\" \/>\n<meta name=\"twitter:card\" content=\"summary_large_image\" \/>\n<script type=\"application\/ld+json\" class=\"yoast-schema-graph\">{\"@context\":\"https:\/\/schema.org\",\"@graph\":[{\"@type\":\"WebPage\",\"@id\":\"https:\/\/vwdtest.com\/ro\/hcp-vwd\/\",\"url\":\"https:\/\/vwdtest.com\/ro\/hcp-vwd\/\",\"name\":\"HCP &amp; VWD - Romania\",\"isPartOf\":{\"@id\":\"https:\/\/vwdtest.com\/ro\/#website\"},\"datePublished\":\"2023-02-21T21:13:32+00:00\",\"dateModified\":\"2024-06-07T10:04:53+00:00\",\"breadcrumb\":{\"@id\":\"https:\/\/vwdtest.com\/ro\/hcp-vwd\/#breadcrumb\"},\"inLanguage\":\"en-US\",\"potentialAction\":[{\"@type\":\"ReadAction\",\"target\":[\"https:\/\/vwdtest.com\/ro\/hcp-vwd\/\"]}]},{\"@type\":\"BreadcrumbList\",\"@id\":\"https:\/\/vwdtest.com\/ro\/hcp-vwd\/#breadcrumb\",\"itemListElement\":[{\"@type\":\"ListItem\",\"position\":1,\"name\":\"Home\",\"item\":\"https:\/\/vwdtest.com\/ro\/\"},{\"@type\":\"ListItem\",\"position\":2,\"name\":\"HCP &amp; VWD\"}]},{\"@type\":\"WebSite\",\"@id\":\"https:\/\/vwdtest.com\/ro\/#website\",\"url\":\"https:\/\/vwdtest.com\/ro\/\",\"name\":\"Romania\",\"description\":\"\",\"potentialAction\":[{\"@type\":\"SearchAction\",\"target\":{\"@type\":\"EntryPoint\",\"urlTemplate\":\"https:\/\/vwdtest.com\/ro\/?s={search_term_string}\"},\"query-input\":\"required name=search_term_string\"}],\"inLanguage\":\"en-US\"}]}<\/script>\n<!-- \/ Yoast SEO plugin. -->","yoast_head_json":{"title":"HCP &amp; VWD - Romania","robots":{"index":"noindex","follow":"follow"},"og_locale":"en_US","og_type":"article","og_title":"HCP &amp; VWD - Romania","og_url":"https:\/\/vwdtest.com\/ro\/hcp-vwd\/","og_site_name":"Romania","article_modified_time":"2024-06-07T10:04:53+00:00","twitter_card":"summary_large_image","schema":{"@context":"https:\/\/schema.org","@graph":[{"@type":"WebPage","@id":"https:\/\/vwdtest.com\/ro\/hcp-vwd\/","url":"https:\/\/vwdtest.com\/ro\/hcp-vwd\/","name":"HCP &amp; VWD - Romania","isPartOf":{"@id":"https:\/\/vwdtest.com\/ro\/#website"},"datePublished":"2023-02-21T21:13:32+00:00","dateModified":"2024-06-07T10:04:53+00:00","breadcrumb":{"@id":"https:\/\/vwdtest.com\/ro\/hcp-vwd\/#breadcrumb"},"inLanguage":"en-US","potentialAction":[{"@type":"ReadAction","target":["https:\/\/vwdtest.com\/ro\/hcp-vwd\/"]}]},{"@type":"BreadcrumbList","@id":"https:\/\/vwdtest.com\/ro\/hcp-vwd\/#breadcrumb","itemListElement":[{"@type":"ListItem","position":1,"name":"Home","item":"https:\/\/vwdtest.com\/ro\/"},{"@type":"ListItem","position":2,"name":"HCP &amp; VWD"}]},{"@type":"WebSite","@id":"https:\/\/vwdtest.com\/ro\/#website","url":"https:\/\/vwdtest.com\/ro\/","name":"Romania","description":"","potentialAction":[{"@type":"SearchAction","target":{"@type":"EntryPoint","urlTemplate":"https:\/\/vwdtest.com\/ro\/?s={search_term_string}"},"query-input":"required name=search_term_string"}],"inLanguage":"en-US"}]}},"_links":{"self":[{"href":"https:\/\/vwdtest.com\/ro\/wp-json\/wp\/v2\/pages\/259"}],"collection":[{"href":"https:\/\/vwdtest.com\/ro\/wp-json\/wp\/v2\/pages"}],"about":[{"href":"https:\/\/vwdtest.com\/ro\/wp-json\/wp\/v2\/types\/page"}],"author":[{"embeddable":true,"href":"https:\/\/vwdtest.com\/ro\/wp-json\/wp\/v2\/users\/1"}],"replies":[{"embeddable":true,"href":"https:\/\/vwdtest.com\/ro\/wp-json\/wp\/v2\/comments?post=259"}],"version-history":[{"count":74,"href":"https:\/\/vwdtest.com\/ro\/wp-json\/wp\/v2\/pages\/259\/revisions"}],"predecessor-version":[{"id":3482,"href":"https:\/\/vwdtest.com\/ro\/wp-json\/wp\/v2\/pages\/259\/revisions\/3482"}],"wp:attachment":[{"href":"https:\/\/vwdtest.com\/ro\/wp-json\/wp\/v2\/media?parent=259"}],"curies":[{"name":"wp","href":"https:\/\/api.w.org\/{rel}","templated":true}]}}