{"id":138,"date":"2023-02-16T10:15:43","date_gmt":"2023-02-16T10:15:43","guid":{"rendered":"https:\/\/new.vwdtest.com\/ro\/?page_id=138"},"modified":"2025-09-26T12:34:50","modified_gmt":"2025-09-26T12:34:50","slug":"heavy-periods","status":"publish","type":"page","link":"https:\/\/vwdtest.com\/ro\/heavy-periods\/","title":{"rendered":"Am menstrua\u021bii abundente"},"content":{"rendered":"<div class=\"default-block container\">\n<h3>Te confrun\u021bi cu menstrua\u021bii prea abundente sau prelungite?<\/h3>\n<\/div>\n\n<div class=\"default-block container\">\n<h5 class=\"bleeding-symptoms-title helpful live\">\u00cen timpul menstrua\u021biei, te sim\u021bi \u00een mod constant obosit\u0103 \u0219i \u00ee\u021bi este greu s\u0103 te concentrezi la \u0219coal\u0103 sau la serviciu? Te sim\u021bi at\u00e2t de epuizat\u0103 \u00eenc\u00e2t evi\u021bi ie\u0219irile \u00een ora\u0219? Ai crampe dureroase \u00een timpul menstrua\u021biei? R\u0103m\u00e2i f\u0103r\u0103 r\u0103suflare dup\u0103 exerci\u021bii fizice u\u0219oare? \u021ai-e team\u0103 s\u0103 por\u021bi haine albe vara din cauza s\u00e2nger\u0103rii menstruale?<\/h5>\n<\/div>\n\n<div class=\"default-block container\">\n<p class=\"full\">Dac\u0103 ai r\u0103spuns afirmativ la oricare dintre \u00eentreb\u0103rile de mai sus, exist\u0103 posibilitatea s\u0103 te confrun\u021bi cu <a href=\"https:\/\/vwdtest.com\/ro\/bleeding-symptoms\/#hmb\" data-type=\"page\" data-id=\"69\">s\u00e2ngerare menstrual\u0103 abundent\u0103<\/a>. S\u00e2ngerarea menstrual\u0103 abundent\u0103, sau menoragia, este relativ comun\u0103 \u0219i \u00ee\u021bi poate afecta via\u021ba cotidian\u0103 \u0219i <a href=\"https:\/\/vwdtest.com\/ro\/i-live-with-vwd\/#mental-health\">s\u0103n\u0103tatea fizic\u0103 \u0219i psihic\u0103<\/a>. Aproximativ 1 din 4 femei \u0219i fete prezint\u0103 simptome de s\u00e2ngerare menstrual\u0103 abundent\u0103 de-a lungul vie\u021bii. De\u0219i s\u00e2ngerarea menstrual\u0103 abundent\u0103 este des \u00eent\u00e2lnit\u0103, este adesea trecut\u0103 cu vederea, astfel c\u0103 multe femei \u0219i fete sufer\u0103 inutil, deoarece s\u00e2ngerarea menstrual\u0103 abundent\u0103 este tratabil\u0103.<sup>1-3<\/sup><\/p>\n<\/div>\n\n<img decoding=\"async\" src=\"https:\/\/vwdtest.com\/ro\/wp-content\/uploads\/sites\/53\/2023\/02\/periods.webp\" alt=\"Am menstrua\u021bii abundente\" class=\"page_thumbnail d-xl-none\">\r\n\n\n<div class=\"default-block container\">\n<h3>Cauze ale s\u00e2nger\u0103rii menstruale abundente<\/h3>\n<\/div>\n\n<div class=\"default-block container\">\n<p class=\"full\">Exist\u0103 o varietate de cauze posibile pentru <a data-type=\"page\" data-id=\"69\" href=\"https:\/\/vwdtest.com\/ro\/bleeding-symptoms\/#hmb\">s\u00e2ngerarea menstrual\u0103 abundent\u0103<\/a>. Cunoa\u0219terea cauzei exacte este important\u0103 pentru alegerea tratamentului potrivit.<sup>3<\/sup> La aproximativ 1 din 5 femei cu s\u00e2nger\u0103ri menstruale abundente exist\u0103 o tulburare de s\u00e2ngerare la baz\u0103. Cea mai frecvent\u0103 tulburare de s\u00e2ngerare este <a href=\"https:\/\/vwdtest.com\/ro\/von-willebrand-disease\/\" rel=\"noreferrer noopener\">Boala von Willebrand<\/a> (VWD). Aproape toate femeile cu VWD se confrunt\u0103 cu s\u00e2nger\u0103ri menstruale abundente. Din nefericire, VWD este adesea trecut\u0103 cu vederea ca fiind o cauz\u0103 a s\u00e2nger\u0103rii menstruale abundente. \u00cen plus, unele tratamente care controleaz\u0103 s\u00e2ngerarea menstrual\u0103 abundent\u0103 nu vor oferi femeilor cu VWD protec\u021bie \u00eempotriva celorlate complica\u021bii ale bolii. F\u0103r\u0103 diagnostic, aceste femei r\u0103m\u00e2n expuse riscului de s\u00e2ngerare excesiv\u0103 \u00een timpul sarcinii, precum \u0219i \u00een timpul \u0219i dup\u0103 <a href=\"https:\/\/vwdtest.com\/ro\/i-live-with-vwd\/#childbirth\">na\u0219tere<\/a>. VWD este tratabil\u0103, a\u0219a c\u0103 dac\u0103 diagnosticul este cunoscut \u00eenainte de sarcin\u0103, s\u00e2ngerarea poate fi controlat\u0103 \u0219i femeile cu VWD pot avea sarcini normale.<sup>2,4<\/sup><\/p>\n<\/div>\n\n<div class=\"default-block container\">\n<h3>Exist\u0103 posibilitatea s\u0103 nu fi singura din familia ta cu menstrua\u021bii abundente <\/h3>\n<\/div>\n\n<div class=\"default-block container\">\n<p class=\"full\">Dac\u0103 ai incertitudini legate de menstrua\u021bie, este posibil s\u0103 le fi discutat cu alte femei din familia ta. Mama ta, o m\u0103tu\u0219\u0103 sau o sor\u0103 pot experimenta s\u00e2nger\u0103ri similare \u0219i \u00ee\u021bi pot spune c\u0103 menstrua\u021bia ta este normal\u0103. Cu toate acestea, acest lucru nu este \u00eentotdeauna adev\u0103rat. S\u00e2nger\u0103rile menstruale abundente se pot datora, printre altele, unor tulbur\u0103ri de s\u00e2ngerare ereditare.<sup>2,3<\/sup>Aceste tulbur\u0103ri pot afecta mai mul\u021bi membri ai unei familii. Dac\u0103 menstrua\u021bia \u00ee\u021bi afecteaz\u0103 via\u021ba de zi cu zi, \u00ee\u021bi recomand\u0103m s\u0103 discu\u021bi cu medicul despre s\u00e2ngerare.<\/p>\n<\/div>\n\n<div class=\"default-block container\">\n<h3>Afl\u0103 dac\u0103 s\u00e2ngerarea ta este normal\u0103 <\/h3>\n<\/div>\n\n<div class=\"default-block container\">\n<p class=\"full\">C\u00e2t de mult s\u00e2nge este prea mult? R\u0103spunsul la aceast\u0103 \u00eentrebare este uneori greu de dat. Semnele tipice ale s\u00e2nger\u0103rii menstruale abundente includ s\u00e2ngerare pentru mai mult de o s\u0103pt\u0103m\u00e2n\u0103, nevoia de a v\u0103 schimba absorbantul sau tamponul la fiecare c\u00e2teva ore, s\u00e2ngerarea prin haine sau lenjeria de pat \u0219i eliminarea de cheaguri de s\u00e2nge mari.<sup>5<\/sup> Pentru a te ajuta s\u0103 afli mai multe despre s\u00e2ngerarea menstrual\u0103, oamenii de \u0219tiin\u021b\u0103 au dezvoltat o <a href=\"#\" id=\"showPdf\">fi\u0219\u0103 simpl\u0103 de evaluare a menstrua\u021biei<\/a>. Pe aceast\u0103 fi\u0219\u0103 po\u021bi nota c\u00e2te produse de igien\u0103 intim\u0103 folose\u0219ti \u00eentr-o zi. Aceast\u0103 informa\u021bie v\u0103 va ajuta pe tine \u0219i medicul t\u0103u s\u0103 afla\u021bi dac\u0103 te confrun\u021bi cu s\u00e2nger\u0103ri menstruale abundente.<sup>6<\/sup><\/p>\n<div class=\"video test\" id=\"\">\n\n    <div class=\"video__box\">\n        <div class=\"popup-main-wrapper\">\n            <div class=\"popup-wrapper\">\n                <div class=\"popup-close-icon\"><img decoding=\"async\" src=\"https:\/\/vwdtest.com\/fr\/wp-content\/uploads\/sites\/22\/2023\/09\/cross-icon1.svg\" alt=\"cross-icon\">\n                <\/div>\n                <object style=\"width:100%;height:100%\" type=\"application\/pdf\" data=\"https:\/\/vwdtest.com\/ro\/wp-content\/uploads\/sites\/53\/2024\/06\/VWD-PBAC-Scoring-chart-RO.pdf\">\nUnable to open the PDF file. <\/object>\n            <\/div>\n        <\/div>\n\n    <\/div>\n<\/div>\n<\/div>\n\n<div class=\"default-block container\">\n<div style=\"height:30px\" aria-hidden=\"true\" class=\"wp-block-spacer\"><\/div>\n<\/div>\n\n<div class=\"default-block container\">\n<div class=\"is-content-justification-right is-layout-flex wp-container-1 wp-block-buttons\">\n<div class=\"wp-block-button download increase_download_count\"><a class=\"wp-block-button__link wp-element-button\" href=\"https:\/\/vwdtest.com\/ro\/wp-content\/uploads\/sites\/53\/2025\/09\/PBAC-0025-RO.pdf\" target=\"_blank\" rel=\"noreferrer noopener\" download>Descarc\u0103 fi\u0219a de evaluare a menstrua\u021biei<\/a><\/div>\n<\/div>\n<\/div>\n\n<div class=\"default-block container\">\n<div style=\"height:30px\" aria-hidden=\"true\" class=\"wp-block-spacer\"><\/div>\n<\/div>\n\n<div class=\"default-block container\">\n<div style=\"height:60px\" aria-hidden=\"true\" class=\"wp-block-spacer\"><\/div>\n<\/div>\n\n<div class=\"default-block container\">\n<p class=\"full\">Uneori, femeile \u0219i fetele cu s\u00e2nger\u0103ri menstruale abundente se confrunt\u0103, de asemenea, cu s\u00e2nger\u0103ri <a data-type=\"page\" data-id=\"69\" href=\"https:\/\/vwdtest.com\/ro\/bleeding-symptoms\/#nosebleed\">nazale<\/a> \u0219i <a data-type=\"page\" data-id=\"69\" href=\"https:\/\/vwdtest.com\/ro\/bleeding-symptoms\/#oral-bleed\">gingivale<\/a> frecvente. Pierderile de s\u00e2nge pot duce la deficit de <a data-type=\"page\" data-id=\"69\" href=\"https:\/\/vwdtest.com\/ro\/bleeding-symptoms\/#fatigue\">fier \u0219i anemie<\/a> \u0219i te pot face s\u0103 te sim\u021bi obosit\u0103 \u0219i epuizat\u0103. Dac\u0103 te-ai confruntat cu aceste simptome sau s\u00e2ngerezi dup\u0103 o extrac\u021bie dentar\u0103 sau dup\u0103 o interve\u021bie chirugical\u0103 minor\u0103, \u00ee\u021bi recomand\u0103m s\u0103 faci <a data-type=\"page\" data-id=\"58\" href=\"https:\/\/vwdtest.com\/ro\/take-test\/\">testul de s\u00e2ngerare<\/a>. Cercet\u0103torii au dezvoltat acest test pentru a te ajuta s\u0103 descoperi dac\u0103 s\u00e2ngerarea ta este sau nu normal\u0103.<sup>2<\/sup> Dureaz\u0103 doar c\u00e2teva minute s\u0103 completezi chestionarul, iar rezultatul \u00ee\u021bi va ar\u0103ta dac\u0103 ar trebui s\u0103 discu\u021bi cu un medic despre s\u00e2ngerarea ta. Acest lucru poate fi chiar mai important atunci c\u00e2nd urmeaz\u0103 s\u0103 treci printr-o interven\u021bie chirugical\u0103.<\/p>\n<\/div>\n\n<div class=\"default-block container\">\n<div class=\"is-content-justification-right is-layout-flex wp-container-2 wp-block-buttons\">\n<div class=\"wp-block-button take-test\"><a class=\"wp-block-button__link wp-element-button\" href=\"\/ro\/take-test\">F\u0103-\u021bi testul<\/a><\/div>\n<\/div>\n<\/div>\n\n<div class=\"default-block container\">\n<h6>Referin\u021be<\/h6>\n<\/div>\n\n<div class=\"default-block container\">\n<ol type=\"1\"><div class=\"default-block container\">\n<li>Fraser IS et al. Int J Gynaecol Obstet 2015; 128:196-200.<\/li>\n<\/div>\n\n<div class=\"default-block container\">\n<li><a href=\"https:\/\/pubmed.ncbi.nlm.nih.gov\/36210240\/\" target=\"_blank\" rel=\"noreferrer noopener\">Corrales-Medina FF et al. <em>Blood Rev<\/em><\/a><em> <\/em>2023; 58:101018. <\/li>\n<\/div>\n\n<div class=\"default-block container\">\n<li><a href=\"https:\/\/www.acog.org\/womens-health\/faqs\/heavy-menstrual-bleeding\" target=\"_blank\" rel=\"noreferrer noopener\">https:\/\/www.acog.org\/womens-health\/faqs\/heavy-menstrual-bleeding<\/a>; data ultimei acces\u0103ri \u2013 Ian 2023.<\/li>\n<\/div>\n\n<div class=\"default-block container\">\n<li><a href=\"https:\/\/www.cdc.gov\/ncbddd\/vwd\/women.html\" target=\"_blank\" rel=\"noreferrer noopener\">https:\/\/www.cdc.gov\/ncbddd\/vwd\/women.html<\/a>; data ultimei acces\u0103ri \u2013 Ian 2023.<\/li>\n<\/div>\n\n<div class=\"default-block container\">\n<li><a href=\"https:\/\/www.nhs.uk\/conditions\/heavy-periods\/\" target=\"_blank\" rel=\"noreferrer noopener\">https:\/\/www.nhs.uk\/conditions\/heavy-periods\/<\/a>; data ultimei acces\u0103ri \u2013 Ian 2023.<\/li>\n<\/div>\n\n<div class=\"default-block container\">\n<li>Higham JM et al. Br J Obstet Gynaecol 1990; 97:734-9.<\/li>\n<\/div><\/ol>\n<\/div>","protected":false},"excerpt":{"rendered":"<p>Te confrun\u021bi cu menstrua\u021bii prea abundente sau prelungite? \u00cen timpul menstrua\u021biei, te sim\u021bi \u00een mod constant obosit\u0103 \u0219i \u00ee\u021bi este greu s\u0103 te concentrezi la \u0219coal\u0103 sau la serviciu? Te sim\u021bi at\u00e2t de epuizat\u0103 \u00eenc\u00e2t evi\u021bi ie\u0219irile \u00een ora\u0219? Ai crampe dureroase \u00een timpul menstrua\u021biei? R\u0103m\u00e2i f\u0103r\u0103 r\u0103suflare dup\u0103 exerci\u021bii fizice u\u0219oare? \u021ai-e team\u0103 s\u0103 [&hellip;]<\/p>\n","protected":false},"author":1,"featured_media":227,"parent":0,"menu_order":0,"comment_status":"closed","ping_status":"closed","template":"","meta":{"inline_featured_image":false},"acf":[],"yoast_head":"<!-- This site is optimized with the Yoast SEO plugin v20.4 - https:\/\/yoast.com\/wordpress\/plugins\/seo\/ -->\n<title>Am menstrua\u021bii abundente - Romania<\/title>\n<meta name=\"robots\" content=\"noindex, follow\" \/>\n<meta property=\"og:locale\" content=\"en_US\" \/>\n<meta property=\"og:type\" content=\"article\" \/>\n<meta property=\"og:title\" content=\"Am menstrua\u021bii abundente - Romania\" \/>\n<meta property=\"og:description\" content=\"Te confrun\u021bi cu menstrua\u021bii prea abundente sau prelungite? \u00cen timpul menstrua\u021biei, te sim\u021bi \u00een mod constant obosit\u0103 \u0219i \u00ee\u021bi este greu s\u0103 te concentrezi la \u0219coal\u0103 sau la serviciu? Te sim\u021bi at\u00e2t de epuizat\u0103 \u00eenc\u00e2t evi\u021bi ie\u0219irile \u00een ora\u0219? Ai crampe dureroase \u00een timpul menstrua\u021biei? R\u0103m\u00e2i f\u0103r\u0103 r\u0103suflare dup\u0103 exerci\u021bii fizice u\u0219oare? \u021ai-e team\u0103 s\u0103 [&hellip;]\" \/>\n<meta property=\"og:url\" content=\"https:\/\/vwdtest.com\/ro\/heavy-periods\/\" \/>\n<meta property=\"og:site_name\" content=\"Romania\" \/>\n<meta property=\"article:modified_time\" content=\"2025-09-26T12:34:50+00:00\" \/>\n<meta property=\"og:image\" content=\"https:\/\/vwdtest.com\/ro\/wp-content\/uploads\/sites\/53\/2023\/02\/periods.webp\" \/>\n\t<meta property=\"og:image:width\" content=\"674\" \/>\n\t<meta property=\"og:image:height\" content=\"929\" \/>\n\t<meta property=\"og:image:type\" content=\"image\/webp\" \/>\n<meta name=\"twitter:card\" content=\"summary_large_image\" \/>\n<meta name=\"twitter:label1\" content=\"Est. reading time\" \/>\n\t<meta name=\"twitter:data1\" content=\"4 minutes\" \/>\n<script type=\"application\/ld+json\" class=\"yoast-schema-graph\">{\"@context\":\"https:\/\/schema.org\",\"@graph\":[{\"@type\":\"WebPage\",\"@id\":\"https:\/\/vwdtest.com\/ro\/heavy-periods\/\",\"url\":\"https:\/\/vwdtest.com\/ro\/heavy-periods\/\",\"name\":\"Am menstrua\u021bii abundente - Romania\",\"isPartOf\":{\"@id\":\"https:\/\/vwdtest.com\/ro\/#website\"},\"datePublished\":\"2023-02-16T10:15:43+00:00\",\"dateModified\":\"2025-09-26T12:34:50+00:00\",\"breadcrumb\":{\"@id\":\"https:\/\/vwdtest.com\/ro\/heavy-periods\/#breadcrumb\"},\"inLanguage\":\"en-US\",\"potentialAction\":[{\"@type\":\"ReadAction\",\"target\":[\"https:\/\/vwdtest.com\/ro\/heavy-periods\/\"]}]},{\"@type\":\"BreadcrumbList\",\"@id\":\"https:\/\/vwdtest.com\/ro\/heavy-periods\/#breadcrumb\",\"itemListElement\":[{\"@type\":\"ListItem\",\"position\":1,\"name\":\"Home\",\"item\":\"https:\/\/vwdtest.com\/ro\/\"},{\"@type\":\"ListItem\",\"position\":2,\"name\":\"Am menstrua\u021bii abundente\"}]},{\"@type\":\"WebSite\",\"@id\":\"https:\/\/vwdtest.com\/ro\/#website\",\"url\":\"https:\/\/vwdtest.com\/ro\/\",\"name\":\"Romania\",\"description\":\"\",\"potentialAction\":[{\"@type\":\"SearchAction\",\"target\":{\"@type\":\"EntryPoint\",\"urlTemplate\":\"https:\/\/vwdtest.com\/ro\/?s={search_term_string}\"},\"query-input\":\"required name=search_term_string\"}],\"inLanguage\":\"en-US\"}]}<\/script>\n<!-- \/ Yoast SEO plugin. -->","yoast_head_json":{"title":"Am menstrua\u021bii abundente - Romania","robots":{"index":"noindex","follow":"follow"},"og_locale":"en_US","og_type":"article","og_title":"Am menstrua\u021bii abundente - Romania","og_description":"Te confrun\u021bi cu menstrua\u021bii prea abundente sau prelungite? \u00cen timpul menstrua\u021biei, te sim\u021bi \u00een mod constant obosit\u0103 \u0219i \u00ee\u021bi este greu s\u0103 te concentrezi la \u0219coal\u0103 sau la serviciu? Te sim\u021bi at\u00e2t de epuizat\u0103 \u00eenc\u00e2t evi\u021bi ie\u0219irile \u00een ora\u0219? Ai crampe dureroase \u00een timpul menstrua\u021biei? R\u0103m\u00e2i f\u0103r\u0103 r\u0103suflare dup\u0103 exerci\u021bii fizice u\u0219oare? \u021ai-e team\u0103 s\u0103 [&hellip;]","og_url":"https:\/\/vwdtest.com\/ro\/heavy-periods\/","og_site_name":"Romania","article_modified_time":"2025-09-26T12:34:50+00:00","og_image":[{"width":674,"height":929,"url":"https:\/\/vwdtest.com\/ro\/wp-content\/uploads\/sites\/53\/2023\/02\/periods.webp","type":"image\/webp"}],"twitter_card":"summary_large_image","twitter_misc":{"Est. reading time":"4 minutes"},"schema":{"@context":"https:\/\/schema.org","@graph":[{"@type":"WebPage","@id":"https:\/\/vwdtest.com\/ro\/heavy-periods\/","url":"https:\/\/vwdtest.com\/ro\/heavy-periods\/","name":"Am menstrua\u021bii abundente - Romania","isPartOf":{"@id":"https:\/\/vwdtest.com\/ro\/#website"},"datePublished":"2023-02-16T10:15:43+00:00","dateModified":"2025-09-26T12:34:50+00:00","breadcrumb":{"@id":"https:\/\/vwdtest.com\/ro\/heavy-periods\/#breadcrumb"},"inLanguage":"en-US","potentialAction":[{"@type":"ReadAction","target":["https:\/\/vwdtest.com\/ro\/heavy-periods\/"]}]},{"@type":"BreadcrumbList","@id":"https:\/\/vwdtest.com\/ro\/heavy-periods\/#breadcrumb","itemListElement":[{"@type":"ListItem","position":1,"name":"Home","item":"https:\/\/vwdtest.com\/ro\/"},{"@type":"ListItem","position":2,"name":"Am menstrua\u021bii abundente"}]},{"@type":"WebSite","@id":"https:\/\/vwdtest.com\/ro\/#website","url":"https:\/\/vwdtest.com\/ro\/","name":"Romania","description":"","potentialAction":[{"@type":"SearchAction","target":{"@type":"EntryPoint","urlTemplate":"https:\/\/vwdtest.com\/ro\/?s={search_term_string}"},"query-input":"required name=search_term_string"}],"inLanguage":"en-US"}]}},"_links":{"self":[{"href":"https:\/\/vwdtest.com\/ro\/wp-json\/wp\/v2\/pages\/138"}],"collection":[{"href":"https:\/\/vwdtest.com\/ro\/wp-json\/wp\/v2\/pages"}],"about":[{"href":"https:\/\/vwdtest.com\/ro\/wp-json\/wp\/v2\/types\/page"}],"author":[{"embeddable":true,"href":"https:\/\/vwdtest.com\/ro\/wp-json\/wp\/v2\/users\/1"}],"replies":[{"embeddable":true,"href":"https:\/\/vwdtest.com\/ro\/wp-json\/wp\/v2\/comments?post=138"}],"version-history":[{"count":147,"href":"https:\/\/vwdtest.com\/ro\/wp-json\/wp\/v2\/pages\/138\/revisions"}],"predecessor-version":[{"id":3673,"href":"https:\/\/vwdtest.com\/ro\/wp-json\/wp\/v2\/pages\/138\/revisions\/3673"}],"wp:featuredmedia":[{"embeddable":true,"href":"https:\/\/vwdtest.com\/ro\/wp-json\/wp\/v2\/media\/227"}],"wp:attachment":[{"href":"https:\/\/vwdtest.com\/ro\/wp-json\/wp\/v2\/media?parent=138"}],"curies":[{"name":"wp","href":"https:\/\/api.w.org\/{rel}","templated":true}]}}