{"id":1091,"date":"2023-08-14T07:57:20","date_gmt":"2023-08-14T07:57:20","guid":{"rendered":"https:\/\/new.vwdtest.com\/ro\/?page_id=1091"},"modified":"2025-10-09T12:30:53","modified_gmt":"2025-10-09T12:30:53","slug":"family-doctor-paediatrician","status":"publish","type":"page","link":"https:\/\/vwdtest.com\/ro\/family-doctor-paediatrician\/","title":{"rendered":"MEDIC DE FAMILIE \/ PEDIATRU"},"content":{"rendered":"<div class=\"default-block container\">\n<p><\/p>\n<\/div>\n\n<img decoding=\"async\" src=\"https:\/\/vwdtest.com\/ro\/wp-content\/uploads\/sites\/53\/2023\/08\/paediatrician-img.png\" alt=\"MEDIC DE FAMILIE \/ PEDIATRU\" class=\"page_thumbnail d-xl-none\">\r\n\n\n<div class=\"default-block container\">\n<p><\/p><h5 class=\"bleeding-symptoms-title vwd\">Copiii cu VWD pot experimenta, de asemenea, provoc\u0103ri emo\u021bionale \u0219i comportamentale la \u0219coal\u0103 \u0219i \u00een cadrul vie\u021bii lor de familie, din cauza fricii de s\u00e2ngerare, iar s\u00e2ngerarea frecvent\u0103 poate duce la absen\u021be de la \u0219coal\u0103.<sup>4 <\/sup> \u00cen plus, teama de s\u00e2ngerare poate reprezenta \u0219i o <a href=\"https:\/\/vwdtest.com\/ro\/i-live-with-vwd\/#mental-health\">povar\u0103 psihologic\u0103<\/a> substan\u021bial\u0103 pentru \u00eengrijitorii copilului \u0219i \u00eei poate determina s\u0103 limiteze activit\u0103\u021bile fizice \u0219i sociale importante pentru dezvoltarea normal\u0103 a copilului.<sup>5<\/sup><\/h5><p><\/p>\n<\/div>\n\n<div class=\"default-block container\">\n<h3>Rolul medicilor de familie \u0219i al pediatrilor<\/h3>\n<\/div>\n\n<div class=\"default-block container\">\n<p class=\"full\">VWD este cea mai frecvent\u0103 tulburare de s\u00e2ngerare la copii.<sup>6<\/sup> Simptomele hemoragice frecvente la copiii cu VWD includ <a href=\"https:\/\/vwdtest.com\/ro\/bleeding-symptoms\/#easy-bruising\">\u00eenvine\u021birea cu u\u0219urin\u021b\u0103<\/a>, s\u00e2nger\u0103ri orale \u0219i <a href=\"https:\/\/vwdtest.com\/ro\/bleeding-symptoms\/#nosebleed\">nazale<\/a> \u0219i s\u00e2ngerare prelungit\u0103 de la r\u0103ni minore \u0219i dup\u0103 interven\u021bii chirugicale.<sup>2<\/sup> \u00cen calitate de medic de familie sau pediatru, vei fi adesea primul profesionist \u00een domeniul s\u0103n\u0103t\u0103\u021bii care va vedea copiii cu astfel de simptome \u0219i sarcina ta va fi s\u0103 determini dac\u0103 acesta prezint\u0103 o s\u00e2ngerare anormal\u0103 care necesit\u0103 investiga\u021bii suplimentare efectuate de c\u0103tre un specialist.<sup>7<\/sup> At\u00e2t pentru adul\u021bii c\u00e2t \u0219i pentru copiii cu o posibil\u0103 tulburare de s\u00e2ngerare, evaluarea istoricului de s\u00e2ngerare este primul pas c\u0103tre diagnosticare. Atunci c\u00e2nd se evalueaz\u0103 istoricul de s\u00e2ngerare al unui copil, este esen\u021bial s\u0103 fie luate \u00een considerare v\u00e2rsta \u0219i abilit\u0103\u021bile de dezvoltare ale pacientului. Sugarii care nu sunt \u00eenc\u0103 mobili prezint\u0103 rareori semne de v\u00e2n\u0103t\u0103i, dar pot prezenta s\u00e2nger\u0103ri neobi\u0219nuite dup\u0103 circumcizie sau prelev\u0103ri de s\u00e2nge.<sup>2,7<\/sup> Pe m\u0103sur\u0103 ce copiii devin mai mobili, zg\u00e2rieturile minore \u0219i v\u00e2n\u0103t\u0103ile de la lovituri sau c\u0103deri devin mai frecvente. Cu toate acestea, v\u00e2n\u0103t\u0103ile care sunt considerate mai mari sau mai frecvente dec\u00e2t \u00een mod obi\u0219nuit pot ridica suspiciunea unei tulbur\u0103ri de s\u00e2ngerare. V\u00e2n\u0103t\u0103ile ap\u0103rute \u00een locuri neobi\u0219nuite, cum ar fi spatele sau abdomenul, pot ap\u0103rea \u0219i la copiii cu VWD. Astfel de v\u00e2n\u0103t\u0103i pot fi confundate ca fiind semne de abuz asupra copiilor, iar p\u0103rin\u021bii pot fi \u00eengrijora\u021bi de aceast\u0103 posibilitate.<sup>8<\/sup> Pe m\u0103sur\u0103 ce fetele ajung la pubertate, <a href=\"https:\/\/vwdtest.com\/ro\/bleeding-symptoms\/#hmb\">s\u00e2ngerarea menstrual\u0103 abundent\u0103<\/a> devine cel mai frecvent simptom de s\u00e2ngerare \u00een VWD. C\u00e2nd se discut\u0103 despre aceste simptome cu pacien\u021bii \u0219i cu \u00eengrijitorii lor, este important s\u0103 fie luat \u00een considerare \u0219i istoricul de s\u00e2ngerare familial\u0103, deoarece s\u00e2ngerarea anormal\u0103 recurent\u0103 poate fi trivializat \u00een cadrul familiei.<sup>2,9<\/sup><\/p>\n<\/div>\n\n<div class=\"default-block container\">\n<p class=\"full\">Stabilirea faptului c\u0103 simptomele de s\u00e2ngerare sunt anormale poate fi o provocare.<sup>7<\/sup> Pentru o evaluare ini\u021bial\u0103 a simptomelor de s\u00e2ngerare, \u00een special \u00een cazul pacien\u021bilor care au programat\u0103 o interven\u021bie chirurgical\u0103, recomandarea noastr\u0103 este s\u0103 \u00eei sugerezi s\u0103 face\u021bi \u00eempreun\u0103&nbsp;<a href=\"https:\/\/vwdtest.com\/ro\/take-test\/\">testul nostru de s\u00e2ngerare<\/a>. Acest test te va ajuta s\u0103 iei o prim\u0103 decizie \u00een ceea ce prive\u0219te necesitatea efectu\u0103rii unor investiga\u021bii suplimentare \u0219i i-ar putea schimba via\u021ba pacientului t\u0103u!<\/p>\n<\/div>\n\n<div class=\"default-block container\">\n<p class=\"full\">Un diagnostic definitiv de VWD este rezultatul unui proces elaborat.<sup>2<\/sup> Prin urmare, \u00een cazul \u00een care este indicat\u0103 o evaluare suplimentar\u0103 \u00een vederea diagnostic\u0103rii, \u00ee\u021bi recomand\u0103m s\u0103 contactezi un <a href=\"https:\/\/vwdtest.com\/ro\/helpful-resources\/#region\">centru apropiat de tratament<\/a> al hemofiliei. Echipele multidisciplinare din cadrul centrului vor putea oferi \u00eengrijirea optim\u0103 pentru pacien\u021bii cu tulbur\u0103ri de s\u00e2ngerare. De asemenea, website-ul VWDtest ofer\u0103 informa\u021bii suplimentare despre&nbsp;<a href=\"https:\/\/vwdtest.com\/ro\/von-willebrand-disease\/\">etiologia<\/a>,&nbsp;<a href=\"https:\/\/vwdtest.com\/ro\/von-willebrand-disease\/\">diagnosticarea<\/a>&nbsp;\u0219i&nbsp;<a href=\"https:\/\/vwdtest.com\/ro\/i-live-with-vwd\/#vwd-management\">gestionarea VWD<\/a>, precum \u0219i o perspectiv\u0103 \u00een ceea ce prive\u0219te&nbsp;<a href=\"https:\/\/vwdtest.com\/ro\/helpful-resources\/#journey\">parcursul specific<\/a>&nbsp;pacien\u021bilor cu VWD.&nbsp;<\/p>\n<\/div>\n\n<div class=\"default-block container\">\n<h6>Referin\u021be<\/h6>\n<\/div>\n\n<div class=\"default-block container\">\n<ol type=\"1\"><div class=\"default-block container\">\n<li>Atiq F et al. <em>EClinicalMedicine<\/em> 2021; 32:100726.<\/li>\n<\/div>\n\n<div class=\"default-block container\">\n<li><a href=\"https:\/\/pubmed.ncbi.nlm.nih.gov\/36210240\/\" target=\"_blank\" rel=\"noreferrer noopener\">Corrales-Medina FF et al. <em>Blood Rev <\/em><\/a>2023; 58:101018.<\/li>\n<\/div>\n\n<div class=\"default-block container\">\n<li>Patel PN et al. Int J <em>Pediatr Otorhinolaryngol<\/em> 2017; 100:216-22.<\/li>\n<\/div>\n\n<div class=\"default-block container\">\n<li>de Wee EM et al. <em>J Thromb Haemost<\/em> 2011; 9:502-9.<\/li>\n<\/div>\n\n<div class=\"default-block container\">\n<li><a href=\"https:\/\/www.hemophilia.org\/sites\/default\/files\/document\/files\/nurses-guide-chapter-13a-child-development-with-bleeding-disorder-transition.pdf\" target=\"_blank\" rel=\"noreferrer noopener\">https:\/\/www.hemophilia.org\/sites\/default\/files\/document\/files\/nurses-guide-chapter-13a-child-development-with-bleeding-disorder-transition.pdf<\/a>; data ultimei acces\u0103ri &#8211; Mar 2023.<\/li>\n<\/div>\n\n<div class=\"default-block container\">\n<li>Klaassen R and Halton <em>JM Paediatr Child Health<\/em> 2002; 7:245-9.<\/li>\n<\/div>\n\n<div class=\"default-block container\">\n<li>Van Ommen CH and Peters M. <em>Eur J Pediatr<\/em> 2012; 171:1-10.<\/li>\n<\/div>\n\n<div class=\"default-block container\">\n<li>Jackson J et al. <em>Child Abuse Negl<\/em> 2012; 36:127-34.<\/li>\n<\/div>\n\n<div class=\"default-block container\">\n<li>VanderMeulen H, et al. <em>Hematology Am Soc Hematol Educ Program<\/em> 2022 1: 631-6.<\/li>\n<\/div><\/ol>\n<\/div>","protected":false},"excerpt":{"rendered":"<p>Copiii cu VWD pot experimenta, de asemenea, provoc\u0103ri emo\u021bionale \u0219i comportamentale la \u0219coal\u0103 \u0219i \u00een cadrul vie\u021bii lor de familie, din cauza fricii de s\u00e2ngerare, iar s\u00e2ngerarea frecvent\u0103 poate duce la absen\u021be de la \u0219coal\u0103.4 \u00cen plus, teama de s\u00e2ngerare poate reprezenta \u0219i o povar\u0103 psihologic\u0103 substan\u021bial\u0103 pentru \u00eengrijitorii copilului \u0219i \u00eei poate determina s\u0103 [&hellip;]<\/p>\n","protected":false},"author":1,"featured_media":1095,"parent":0,"menu_order":0,"comment_status":"closed","ping_status":"closed","template":"","meta":{"inline_featured_image":false},"acf":[],"yoast_head":"<!-- This site is optimized with the Yoast SEO plugin v20.4 - https:\/\/yoast.com\/wordpress\/plugins\/seo\/ -->\n<title>MEDIC DE FAMILIE \/ PEDIATRU - Romania<\/title>\n<meta name=\"robots\" content=\"noindex, follow\" \/>\n<meta property=\"og:locale\" content=\"en_US\" \/>\n<meta property=\"og:type\" content=\"article\" \/>\n<meta property=\"og:title\" content=\"MEDIC DE FAMILIE \/ PEDIATRU - Romania\" \/>\n<meta property=\"og:description\" content=\"Copiii cu VWD pot experimenta, de asemenea, provoc\u0103ri emo\u021bionale \u0219i comportamentale la \u0219coal\u0103 \u0219i \u00een cadrul vie\u021bii lor de familie, din cauza fricii de s\u00e2ngerare, iar s\u00e2ngerarea frecvent\u0103 poate duce la absen\u021be de la \u0219coal\u0103.4 \u00cen plus, teama de s\u00e2ngerare poate reprezenta \u0219i o povar\u0103 psihologic\u0103 substan\u021bial\u0103 pentru \u00eengrijitorii copilului \u0219i \u00eei poate determina s\u0103 [&hellip;]\" \/>\n<meta property=\"og:url\" content=\"https:\/\/vwdtest.com\/ro\/family-doctor-paediatrician\/\" \/>\n<meta property=\"og:site_name\" content=\"Romania\" \/>\n<meta property=\"article:modified_time\" content=\"2025-10-09T12:30:53+00:00\" \/>\n<meta property=\"og:image\" content=\"https:\/\/vwdtest.com\/ro\/wp-content\/uploads\/sites\/53\/2023\/08\/paediatrician-img.png\" \/>\n\t<meta property=\"og:image:width\" content=\"687\" \/>\n\t<meta property=\"og:image:height\" content=\"799\" \/>\n\t<meta property=\"og:image:type\" content=\"image\/png\" \/>\n<meta name=\"twitter:card\" content=\"summary_large_image\" \/>\n<meta name=\"twitter:label1\" content=\"Est. reading time\" \/>\n\t<meta name=\"twitter:data1\" content=\"3 minutes\" \/>\n<script type=\"application\/ld+json\" class=\"yoast-schema-graph\">{\"@context\":\"https:\/\/schema.org\",\"@graph\":[{\"@type\":\"WebPage\",\"@id\":\"https:\/\/vwdtest.com\/ro\/family-doctor-paediatrician\/\",\"url\":\"https:\/\/vwdtest.com\/ro\/family-doctor-paediatrician\/\",\"name\":\"MEDIC DE FAMILIE \/ PEDIATRU - Romania\",\"isPartOf\":{\"@id\":\"https:\/\/vwdtest.com\/ro\/#website\"},\"datePublished\":\"2023-08-14T07:57:20+00:00\",\"dateModified\":\"2025-10-09T12:30:53+00:00\",\"breadcrumb\":{\"@id\":\"https:\/\/vwdtest.com\/ro\/family-doctor-paediatrician\/#breadcrumb\"},\"inLanguage\":\"en-US\",\"potentialAction\":[{\"@type\":\"ReadAction\",\"target\":[\"https:\/\/vwdtest.com\/ro\/family-doctor-paediatrician\/\"]}]},{\"@type\":\"BreadcrumbList\",\"@id\":\"https:\/\/vwdtest.com\/ro\/family-doctor-paediatrician\/#breadcrumb\",\"itemListElement\":[{\"@type\":\"ListItem\",\"position\":1,\"name\":\"Home\",\"item\":\"https:\/\/vwdtest.com\/ro\/\"},{\"@type\":\"ListItem\",\"position\":2,\"name\":\"MEDIC DE FAMILIE \/ PEDIATRU\"}]},{\"@type\":\"WebSite\",\"@id\":\"https:\/\/vwdtest.com\/ro\/#website\",\"url\":\"https:\/\/vwdtest.com\/ro\/\",\"name\":\"Romania\",\"description\":\"\",\"potentialAction\":[{\"@type\":\"SearchAction\",\"target\":{\"@type\":\"EntryPoint\",\"urlTemplate\":\"https:\/\/vwdtest.com\/ro\/?s={search_term_string}\"},\"query-input\":\"required name=search_term_string\"}],\"inLanguage\":\"en-US\"}]}<\/script>\n<!-- \/ Yoast SEO plugin. -->","yoast_head_json":{"title":"MEDIC DE FAMILIE \/ PEDIATRU - Romania","robots":{"index":"noindex","follow":"follow"},"og_locale":"en_US","og_type":"article","og_title":"MEDIC DE FAMILIE \/ PEDIATRU - Romania","og_description":"Copiii cu VWD pot experimenta, de asemenea, provoc\u0103ri emo\u021bionale \u0219i comportamentale la \u0219coal\u0103 \u0219i \u00een cadrul vie\u021bii lor de familie, din cauza fricii de s\u00e2ngerare, iar s\u00e2ngerarea frecvent\u0103 poate duce la absen\u021be de la \u0219coal\u0103.4 \u00cen plus, teama de s\u00e2ngerare poate reprezenta \u0219i o povar\u0103 psihologic\u0103 substan\u021bial\u0103 pentru \u00eengrijitorii copilului \u0219i \u00eei poate determina s\u0103 [&hellip;]","og_url":"https:\/\/vwdtest.com\/ro\/family-doctor-paediatrician\/","og_site_name":"Romania","article_modified_time":"2025-10-09T12:30:53+00:00","og_image":[{"width":687,"height":799,"url":"https:\/\/vwdtest.com\/ro\/wp-content\/uploads\/sites\/53\/2023\/08\/paediatrician-img.png","type":"image\/png"}],"twitter_card":"summary_large_image","twitter_misc":{"Est. reading time":"3 minutes"},"schema":{"@context":"https:\/\/schema.org","@graph":[{"@type":"WebPage","@id":"https:\/\/vwdtest.com\/ro\/family-doctor-paediatrician\/","url":"https:\/\/vwdtest.com\/ro\/family-doctor-paediatrician\/","name":"MEDIC DE FAMILIE \/ PEDIATRU - Romania","isPartOf":{"@id":"https:\/\/vwdtest.com\/ro\/#website"},"datePublished":"2023-08-14T07:57:20+00:00","dateModified":"2025-10-09T12:30:53+00:00","breadcrumb":{"@id":"https:\/\/vwdtest.com\/ro\/family-doctor-paediatrician\/#breadcrumb"},"inLanguage":"en-US","potentialAction":[{"@type":"ReadAction","target":["https:\/\/vwdtest.com\/ro\/family-doctor-paediatrician\/"]}]},{"@type":"BreadcrumbList","@id":"https:\/\/vwdtest.com\/ro\/family-doctor-paediatrician\/#breadcrumb","itemListElement":[{"@type":"ListItem","position":1,"name":"Home","item":"https:\/\/vwdtest.com\/ro\/"},{"@type":"ListItem","position":2,"name":"MEDIC DE FAMILIE \/ PEDIATRU"}]},{"@type":"WebSite","@id":"https:\/\/vwdtest.com\/ro\/#website","url":"https:\/\/vwdtest.com\/ro\/","name":"Romania","description":"","potentialAction":[{"@type":"SearchAction","target":{"@type":"EntryPoint","urlTemplate":"https:\/\/vwdtest.com\/ro\/?s={search_term_string}"},"query-input":"required name=search_term_string"}],"inLanguage":"en-US"}]}},"_links":{"self":[{"href":"https:\/\/vwdtest.com\/ro\/wp-json\/wp\/v2\/pages\/1091"}],"collection":[{"href":"https:\/\/vwdtest.com\/ro\/wp-json\/wp\/v2\/pages"}],"about":[{"href":"https:\/\/vwdtest.com\/ro\/wp-json\/wp\/v2\/types\/page"}],"author":[{"embeddable":true,"href":"https:\/\/vwdtest.com\/ro\/wp-json\/wp\/v2\/users\/1"}],"replies":[{"embeddable":true,"href":"https:\/\/vwdtest.com\/ro\/wp-json\/wp\/v2\/comments?post=1091"}],"version-history":[{"count":60,"href":"https:\/\/vwdtest.com\/ro\/wp-json\/wp\/v2\/pages\/1091\/revisions"}],"predecessor-version":[{"id":3679,"href":"https:\/\/vwdtest.com\/ro\/wp-json\/wp\/v2\/pages\/1091\/revisions\/3679"}],"wp:featuredmedia":[{"embeddable":true,"href":"https:\/\/vwdtest.com\/ro\/wp-json\/wp\/v2\/media\/1095"}],"wp:attachment":[{"href":"https:\/\/vwdtest.com\/ro\/wp-json\/wp\/v2\/media?parent=1091"}],"curies":[{"name":"wp","href":"https:\/\/api.w.org\/{rel}","templated":true}]}}