{"id":89,"date":"2023-02-14T13:03:21","date_gmt":"2023-02-14T13:03:21","guid":{"rendered":"https:\/\/new.vwdtest.com\/pt\/?page_id=89"},"modified":"2025-10-09T12:12:36","modified_gmt":"2025-10-09T12:12:36","slug":"vwd-and-denstistry","status":"publish","type":"page","link":"https:\/\/vwdtest.com\/pt\/vwd-and-denstistry\/","title":{"rendered":"A DVW E A MEDICINA DENT\u00c1RIA"},"content":{"rendered":"<div class=\"default-block container\">\n<h5 class=\"bleeding-symptoms-title dentist\">Os doentes com dist\u00farbios hemorr\u00e1gicos, como a hemofilia ou a doen\u00e7a de von Willebrand (DVW) apresentam um risco elevado de hemorragia oral, mesmo durante uma consulta de medicina dent\u00e1ria de rotina.<sup>1,2<\/sup> A hemorragia pode ocorrer ap\u00f3s a escovagem dos dentes ou quando utiliza o fio dental, e o receio de sangrar pode impedir os doentes de manter uma boa higiene oral e at\u00e9 de consultar um dentista regularmente.<sup>2-4<\/sup> Mesmo aqueles que v\u00e3o ao dentista podem ficar apreensivos com os procedimentos m\u00e9dicos devido a m\u00e1s experi\u00eancias anteriores ou ao facto de poderem n\u00e3o ser tratados.<sup>4<\/sup> Para al\u00e9m disso, muitos doentes com a DVW n\u00e3o s\u00e3o diagnosticados e n\u00e3o sabem que a sua hemorragia n\u00e3o \u00e9 normal.<sup>5<\/sup><\/h5>\n<\/div>\n\n<img decoding=\"async\" src=\"https:\/\/vwdtest.com\/pt\/wp-content\/uploads\/sites\/33\/2023\/02\/Dentist-button.png\" alt=\"A DVW E A MEDICINA DENT\u00c1RIA\" class=\"page_thumbnail d-xl-none\">\r\n\n\n<div class=\"default-block container\">\n<p class=\"full\">O risco de hemorragia e a ansiedade resultante da doen\u00e7a contribuem para problemas de sa\u00fade oral em crian\u00e7as e adolescentes com dist\u00farbios hemorr\u00e1gicos.<sup>2<\/sup> Sem educa\u00e7\u00e3o e tratamento adequados, estes doentes podem entrar num ciclo vicioso de hemorragias frequentes das gengivas, de cuidados dent\u00e1rios negligenciados e de deteriora\u00e7\u00e3o da sa\u00fade oral.<sup>3<\/sup> Para proteger a sa\u00fade oral e a qualidade de vida, estes doentes e os seus cuidadores dependem de um m\u00e9dico dentista de confian\u00e7a que lhes fale dos cuidados preventivos a ter e que garanta que v\u00e3o a consultas regulares.<\/p>\n<\/div>\n\n<div class=\"default-block container\">\n<h3>O papel dos m\u00e9dicos dentistas<\/h3>\n<\/div>\n\n<div class=\"default-block container\">\n<p>Enquanto profissional de medicina dent\u00e1ria, est\u00e1 numa posi\u00e7\u00e3o \u00fanica para ajudar a identificar doentes que podem beneficiar de uma avalia\u00e7\u00e3o de um dist\u00farbio hemorr\u00e1gico. Para muitas pessoas, uma visita ao dentista \u00e9 o \u00fanico contacto regular com o sistema de sa\u00fade local.<sup>2<\/sup> Contudo, uma extra\u00e7\u00e3o dent\u00e1ria pode muitas vezes ser a primeira cirurgia \u2013 e, portanto, um grande desafio hemost\u00e1tico \u2013 para muitos doentes. Portanto, a hemorragia excessiva durante ou ap\u00f3s tal procedimento pode ser a primeira oportunidade para o diagn\u00f3stico de um dist\u00farbio hemorr\u00e1gico n\u00e3o conhecido.<\/p>\n<\/div>\n\n<div class=\"default-block container\">\n<p>Diagnosticar a DVW continua a ser um desafio devido \u00e0 falta de conhecimento e \u00e0 complexidade do diagn\u00f3stico.<sup>5<\/sup> Se observou recentemente uma hemorragia inesperada em algum dos seus doentes, recomendamos que fa\u00e7a o nosso teste hemorr\u00e1gico com o seu doente. O teste ir\u00e1 ajud\u00e1-lo a tomar uma primeira decis\u00e3o sobre a necessidade de fazer estudos adicionais \u2013 e poder\u00e1 mudar a vida do seu doente!<\/p>\n<\/div>\n\n<div class=\"default-block container\">\n<p>Uma vez que os doentes com dist\u00farbios hemorr\u00e1gicos evitam visitas ao dentistas devido ao receio de hemorragias, as consultas regulares de acompanhamento devem ser incentivadas para proteger a sa\u00fade oral e a qualidade de vida destes doentes.<sup>4<\/sup> Para os dentistas que desejam tratar doentes com dist\u00farbios hemorr\u00e1gicos, est\u00e3o dispon\u00edveis recomenda\u00e7\u00f5es para gerir esta situa\u00e7\u00e3o.<sup>3,6<\/sup> Geralmente, a gest\u00e3o de doentes com a DVW em consulta dent\u00e1ria \u00e9 semelhante \u00e0 de doentes com hemofilia.<sup>3<\/sup> A maior parte do tratamento n\u00e3o cir\u00fargico na pr\u00e1tica da medicina dent\u00e1ria de rotina pode ser efetuado ap\u00f3s uma consulta com um hematologista, especialmente em doentes com a DVW ligeira.<sup>3<\/sup> Apenas em doentes com doen\u00e7a moderada ou grave \u00e9 que o tratamento dent\u00e1rio invasivo deve ser realizado em ambiente hospitalar e de acordo com um plano de tratamento.<sup>3,6<\/sup><\/p>\n<\/div>\n\n<div class=\"default-block container\">\n<p>De modo a encontrar o centro de refer\u00eancia mais pr\u00f3ximo, clique aqui. <\/p>\n<\/div>\n\n<div class=\"default-block container\">\n<p>VWDtest.com tamb\u00e9m oferece mais informa\u00e7\u00f5es sobre a etiologia, o diagn\u00f3stico e o tratamento da DVW, bem como informa\u00e7\u00f5es sobre o percurso dos doentes com a DVW.<\/p>\n<\/div>\n\n<div class=\"default-block container\">\n<h6>Refer\u00eancias<\/h6>\n<\/div>\n\n<div class=\"default-block container\">\n<ol type=\"1\"><div class=\"default-block container\">\n<li>de Wee EM, et al. <em>Thromb Haemost<\/em> 2012; 108:683-92.<\/li>\n<\/div>\n\n<div class=\"default-block container\">\n<li>Brown MC et al. <em>Haemophilia <\/em>2022; 28:73-9.<\/li>\n<\/div>\n\n<div class=\"default-block container\">\n<li>Anderson JAM et al. <em>Br Dent J<\/em> 2013; 215:497-504.<\/li>\n<\/div>\n\n<div class=\"default-block container\">\n<li>Kalsi H et al. <em>Haemophilia<\/em> 2012; 18:510-5.<\/li>\n<\/div>\n\n<div class=\"default-block container\">\n<li>Corrales-Medina FF et al. <em>Blood Rev<a> <\/a><\/em>2022; 101018.<\/li>\n<\/div>\n\n<div class=\"default-block container\">\n<li>Diretrizes da FMH para tratamento odontol\u00f3gico de doentes com dist\u00farbios hemorr\u00e1gicos heredit\u00e1rios;<\/li>\n<\/div>\n\n<div class=\"default-block container\">\n<li><a target=\"_blank\" href=\"https:\/\/elearning.wfh.org\/resource\/guidelines-for-dental-treatment-of-patients-with-inherited-bleeding-disorders\/\" rel=\"noopener\">https:\/\/elearning.wfh.org\/resource\/guidelines-for-dental-treatment-of-patients-with-inherited-bleeding-disorders\/<\/a>; \u00faltimo acesso em novembro de 2022.<\/li>\n<\/div><\/ol>\n<\/div>","protected":false},"excerpt":{"rendered":"<p>Os doentes com dist\u00farbios hemorr\u00e1gicos, como a hemofilia ou a doen\u00e7a de von Willebrand (DVW) apresentam um risco elevado de hemorragia oral, mesmo durante uma consulta de medicina dent\u00e1ria de rotina.1,2 A hemorragia pode ocorrer ap\u00f3s a escovagem dos dentes ou quando utiliza o fio dental, e o receio de sangrar pode impedir os doentes [&hellip;]<\/p>\n","protected":false},"author":1,"featured_media":233,"parent":0,"menu_order":0,"comment_status":"closed","ping_status":"closed","template":"","meta":{"inline_featured_image":false},"acf":[],"yoast_head":"<!-- This site is optimized with the Yoast SEO plugin v20.4 - https:\/\/yoast.com\/wordpress\/plugins\/seo\/ -->\n<title>A DVW E A MEDICINA DENT\u00c1RIA - Portugal<\/title>\n<meta name=\"robots\" content=\"index, follow, max-snippet:-1, max-image-preview:large, max-video-preview:-1\" \/>\n<link rel=\"canonical\" href=\"https:\/\/vwdtest.com\/pt\/vwd-and-denstistry\/\" \/>\n<meta property=\"og:locale\" content=\"en_US\" \/>\n<meta property=\"og:type\" content=\"article\" \/>\n<meta property=\"og:title\" content=\"A DVW E A MEDICINA DENT\u00c1RIA - Portugal\" \/>\n<meta property=\"og:description\" content=\"Os doentes com dist\u00farbios hemorr\u00e1gicos, como a hemofilia ou a doen\u00e7a de von Willebrand (DVW) apresentam um risco elevado de hemorragia oral, mesmo durante uma consulta de medicina dent\u00e1ria de rotina.1,2 A hemorragia pode ocorrer ap\u00f3s a escovagem dos dentes ou quando utiliza o fio dental, e o receio de sangrar pode impedir os doentes [&hellip;]\" \/>\n<meta property=\"og:url\" content=\"https:\/\/vwdtest.com\/pt\/vwd-and-denstistry\/\" \/>\n<meta property=\"og:site_name\" content=\"Portugal\" \/>\n<meta property=\"article:modified_time\" content=\"2025-10-09T12:12:36+00:00\" \/>\n<meta property=\"og:image\" content=\"https:\/\/vwdtest.com\/pt\/wp-content\/uploads\/sites\/33\/2023\/02\/Dentist-button.png\" \/>\n\t<meta property=\"og:image:width\" content=\"772\" \/>\n\t<meta property=\"og:image:height\" content=\"1021\" \/>\n\t<meta property=\"og:image:type\" content=\"image\/png\" \/>\n<meta name=\"twitter:card\" content=\"summary_large_image\" \/>\n<meta name=\"twitter:label1\" content=\"Est. reading time\" \/>\n\t<meta name=\"twitter:data1\" content=\"3 minutes\" \/>\n<script type=\"application\/ld+json\" class=\"yoast-schema-graph\">{\"@context\":\"https:\/\/schema.org\",\"@graph\":[{\"@type\":\"WebPage\",\"@id\":\"https:\/\/vwdtest.com\/pt\/vwd-and-denstistry\/\",\"url\":\"https:\/\/vwdtest.com\/pt\/vwd-and-denstistry\/\",\"name\":\"A DVW E A MEDICINA DENT\u00c1RIA - Portugal\",\"isPartOf\":{\"@id\":\"https:\/\/vwdtest.com\/pt\/#website\"},\"datePublished\":\"2023-02-14T13:03:21+00:00\",\"dateModified\":\"2025-10-09T12:12:36+00:00\",\"breadcrumb\":{\"@id\":\"https:\/\/vwdtest.com\/pt\/vwd-and-denstistry\/#breadcrumb\"},\"inLanguage\":\"en-US\",\"potentialAction\":[{\"@type\":\"ReadAction\",\"target\":[\"https:\/\/vwdtest.com\/pt\/vwd-and-denstistry\/\"]}]},{\"@type\":\"BreadcrumbList\",\"@id\":\"https:\/\/vwdtest.com\/pt\/vwd-and-denstistry\/#breadcrumb\",\"itemListElement\":[{\"@type\":\"ListItem\",\"position\":1,\"name\":\"Home\",\"item\":\"https:\/\/vwdtest.com\/pt\/\"},{\"@type\":\"ListItem\",\"position\":2,\"name\":\"A DVW E A MEDICINA DENT\u00c1RIA\"}]},{\"@type\":\"WebSite\",\"@id\":\"https:\/\/vwdtest.com\/pt\/#website\",\"url\":\"https:\/\/vwdtest.com\/pt\/\",\"name\":\"Portugal\",\"description\":\"\",\"potentialAction\":[{\"@type\":\"SearchAction\",\"target\":{\"@type\":\"EntryPoint\",\"urlTemplate\":\"https:\/\/vwdtest.com\/pt\/?s={search_term_string}\"},\"query-input\":\"required name=search_term_string\"}],\"inLanguage\":\"en-US\"}]}<\/script>\n<!-- \/ Yoast SEO plugin. -->","yoast_head_json":{"title":"A DVW E A MEDICINA DENT\u00c1RIA - Portugal","robots":{"index":"index","follow":"follow","max-snippet":"max-snippet:-1","max-image-preview":"max-image-preview:large","max-video-preview":"max-video-preview:-1"},"canonical":"https:\/\/vwdtest.com\/pt\/vwd-and-denstistry\/","og_locale":"en_US","og_type":"article","og_title":"A DVW E A MEDICINA DENT\u00c1RIA - Portugal","og_description":"Os doentes com dist\u00farbios hemorr\u00e1gicos, como a hemofilia ou a doen\u00e7a de von Willebrand (DVW) apresentam um risco elevado de hemorragia oral, mesmo durante uma consulta de medicina dent\u00e1ria de rotina.1,2 A hemorragia pode ocorrer ap\u00f3s a escovagem dos dentes ou quando utiliza o fio dental, e o receio de sangrar pode impedir os doentes [&hellip;]","og_url":"https:\/\/vwdtest.com\/pt\/vwd-and-denstistry\/","og_site_name":"Portugal","article_modified_time":"2025-10-09T12:12:36+00:00","og_image":[{"width":772,"height":1021,"url":"https:\/\/vwdtest.com\/pt\/wp-content\/uploads\/sites\/33\/2023\/02\/Dentist-button.png","type":"image\/png"}],"twitter_card":"summary_large_image","twitter_misc":{"Est. reading time":"3 minutes"},"schema":{"@context":"https:\/\/schema.org","@graph":[{"@type":"WebPage","@id":"https:\/\/vwdtest.com\/pt\/vwd-and-denstistry\/","url":"https:\/\/vwdtest.com\/pt\/vwd-and-denstistry\/","name":"A DVW E A MEDICINA DENT\u00c1RIA - Portugal","isPartOf":{"@id":"https:\/\/vwdtest.com\/pt\/#website"},"datePublished":"2023-02-14T13:03:21+00:00","dateModified":"2025-10-09T12:12:36+00:00","breadcrumb":{"@id":"https:\/\/vwdtest.com\/pt\/vwd-and-denstistry\/#breadcrumb"},"inLanguage":"en-US","potentialAction":[{"@type":"ReadAction","target":["https:\/\/vwdtest.com\/pt\/vwd-and-denstistry\/"]}]},{"@type":"BreadcrumbList","@id":"https:\/\/vwdtest.com\/pt\/vwd-and-denstistry\/#breadcrumb","itemListElement":[{"@type":"ListItem","position":1,"name":"Home","item":"https:\/\/vwdtest.com\/pt\/"},{"@type":"ListItem","position":2,"name":"A DVW E A MEDICINA DENT\u00c1RIA"}]},{"@type":"WebSite","@id":"https:\/\/vwdtest.com\/pt\/#website","url":"https:\/\/vwdtest.com\/pt\/","name":"Portugal","description":"","potentialAction":[{"@type":"SearchAction","target":{"@type":"EntryPoint","urlTemplate":"https:\/\/vwdtest.com\/pt\/?s={search_term_string}"},"query-input":"required name=search_term_string"}],"inLanguage":"en-US"}]}},"_links":{"self":[{"href":"https:\/\/vwdtest.com\/pt\/wp-json\/wp\/v2\/pages\/89"}],"collection":[{"href":"https:\/\/vwdtest.com\/pt\/wp-json\/wp\/v2\/pages"}],"about":[{"href":"https:\/\/vwdtest.com\/pt\/wp-json\/wp\/v2\/types\/page"}],"author":[{"embeddable":true,"href":"https:\/\/vwdtest.com\/pt\/wp-json\/wp\/v2\/users\/1"}],"replies":[{"embeddable":true,"href":"https:\/\/vwdtest.com\/pt\/wp-json\/wp\/v2\/comments?post=89"}],"version-history":[{"count":52,"href":"https:\/\/vwdtest.com\/pt\/wp-json\/wp\/v2\/pages\/89\/revisions"}],"predecessor-version":[{"id":2782,"href":"https:\/\/vwdtest.com\/pt\/wp-json\/wp\/v2\/pages\/89\/revisions\/2782"}],"wp:featuredmedia":[{"embeddable":true,"href":"https:\/\/vwdtest.com\/pt\/wp-json\/wp\/v2\/media\/233"}],"wp:attachment":[{"href":"https:\/\/vwdtest.com\/pt\/wp-json\/wp\/v2\/media?parent=89"}],"curies":[{"name":"wp","href":"https:\/\/api.w.org\/{rel}","templated":true}]}}