{"id":811,"date":"2023-04-27T13:02:19","date_gmt":"2023-04-27T13:02:19","guid":{"rendered":"https:\/\/new.vwdtest.com\/pt\/?page_id=811"},"modified":"2024-06-12T10:52:18","modified_gmt":"2024-06-12T10:52:18","slug":"i-am-a-worried-parent","status":"publish","type":"page","link":"https:\/\/vwdtest.com\/pt\/i-am-a-worried-parent\/","title":{"rendered":"Sou um pai preocupado"},"content":{"rendered":"<div class=\"default-block container\">\n<h2 class=\"worried-parent\">Ter\u00e1 o meu filho demasiadas hemorragias?<\/h2>\n<\/div>\n\n<div class=\"default-block container\">\n<h5 class=\"bleeding-symptoms-title worried has-medium-font-size\">Est\u00e1 preocupado com as hemorragias nasais recorrentes do seu filho? O seu filho faz n\u00f3doas negras com muita facilidade e com mais frequ\u00eancia que os colegas? O seu filho sangrou mais do que devia quando foi ao dentista ou numa pequena cirurgia? Est\u00e1 preocupado que a menstrua\u00e7\u00e3o da sua filha possa ser abundante?&nbsp;<\/h5>\n<\/div>\n\n<div class=\"default-block container\">\n<p class=\"full\">Existem v\u00e1rias raz\u00f5es para o facto de o seu filho ter por vezes hemorragias. As crian\u00e7as brincam e exploram o mundo \u00e0 sua volta. Ao faz\u00ea-lo, os acidentes s\u00e3o inevit\u00e1veis, e muitas vezes as crian\u00e7as podem fazer n\u00f3doas negras e pequenos hematomas ap\u00f3s os mesmos. Ocasionalmente, um ferimento que ocorra sem um acidente poder\u00e1 provocar uma hemorragia. Na maior parte dos casos, o nosso corpo estanca rapidamente a hemorragia atrav\u00e9s do processo da coagula\u00e7\u00e3o do sangue. No entanto, existem crian\u00e7as que fazem n\u00f3doas negras com mais frequ\u00eancia e t\u00eam mais hemorragias do que outras. Felizmente, este tipo de hemorragia pode ser prevenida ou tratada. Se est\u00e1 preocupado porque o seu filho parece sangrar com muita frequ\u00eancia e facilidade, \u00e9 importante identificar primeiro a causa e depois escolher o tratamento adequado.<\/p>\n<\/div>\n\n<div class=\"default-block container\">\n<h2>Causas frequentes das hemorragias nas crian\u00e7as<\/h2>\n<\/div>\n\n<div class=\"default-block container\">\n<p class=\"full\">Nem sempre \u00e9 simples encontrar a raz\u00e3o para as hemorragias do seu filho porque existem diversas causas poss\u00edveis. As hemorragias nasais, por exemplo, podem ser provocadas por colocar o dedo dentro do nariz, por causa do tempo seco, de uma ferida, de uma constipa\u00e7\u00e3o ou alergia, ou simplesmente por assoar o nariz com muita for\u00e7a. <sup>1<\/sup> Ter hemorragias na boca pode tamb\u00e9m ser provocado por um acidente, pela perda de um dente de leite, uma mordida ou uma inflama\u00e7\u00e3o da pr\u00f3pria gengiva.<sup>2<\/sup> As hemorragias nasais e das gengivas frequentes podem tamb\u00e9m ser sintomas de uma condi\u00e7\u00e3o cl\u00ednica mais grave, por exemplo um dist\u00farbio hemorr\u00e1gico heredit\u00e1rio. Em geral, os dist\u00farbios hemorr\u00e1gicos s\u00e3o raros. Infelizmente, o dist\u00farbio hemorr\u00e1gico heredit\u00e1rio mais comum, a Doen\u00e7a de von Willebrand (DVW) \u00e9 muitas vezes subdiagnosticada. Sem diagn\u00f3stico e tratamento, as crian\u00e7as com a DVW \u00a0podem sofrer de hemorragias abundantes. Para al\u00e9m de hemorragias nasais e das gengivas, os sintomas mais comuns da crian\u00e7a com DVW s\u00e3o a facilidade com que fazem hematomas e t\u00eam hemorragias mais prolongadas em feridas pequenas ou ap\u00f3s uma extra\u00e7\u00e3o dent\u00e1ria ou uma cirurgia. Quando as meninas com a DVW entram na puberdade, as hemorragias menstruais abundantes s\u00e3o o sintoma mais comum.<sup>3<\/sup><\/p>\n<\/div>\n\n<div class=\"default-block container\">\n<h2>Sintomas hemorr\u00e1gicos na fam\u00edlia<\/h2>\n<\/div>\n\n<div class=\"default-block container\">\n<p class=\"full\">Os dist\u00farbios hemorr\u00e1gicos heredit\u00e1rios afetam muitas vezes v\u00e1rios membros de uma fam\u00edlia ao longo de gera\u00e7\u00f5es. Se um dos pais, av\u00f3s ou outro familiar sofrer de hemorragias, pode perguntar-se se a hemorragia que observa no seu filho \u00e9 normal. No entanto, caso a hemorragia ou o hematoma afete o bem-estar do seu filho, dever\u00e1 falar deste tema com o seu m\u00e9dico.<\/p>\n<\/div>\n\n<div class=\"default-block container\">\n<h2>Descubra se a hemorragia do seu filho \u00e9 normal<\/h2>\n<\/div>\n\n<div class=\"default-block container\">\n<p class=\"full\">Como sabemos quando a hemorragia \u00e9 excessiva? Como esta \u00e9 uma pergunta dif\u00edcil de responder, os m\u00e9dicos desenvolveram testes que ajudam a avaliar os sintomas hemorr\u00e1gicos. No VWDtest.com, poder\u00e1 fazer um destes testes. Se o seu filho sofrer de hemorragias nasais recorrentes, fizer facilmente n\u00f3doas negras ou se apresentar quaisquer sintomas dos acima descritos, recomendamos que perca uns minutos e fa\u00e7a o teste. O teste \u00e9 um pequeno question\u00e1rio sobre os sinais e sintomas de um poss\u00edvel dist\u00farbio hemorr\u00e1gico, e o resultado dir-lhe-\u00e1 se dever\u00e1 consultar um m\u00e9dico.<\/p>\n<\/div>\n\n<div class=\"default-block container\">\n<div class=\"is-content-justification-right is-layout-flex wp-container-1 wp-block-buttons\">\n<div class=\"wp-block-button take-test\"><a class=\"wp-block-button__link wp-element-button\" href=\"https:\/\/vwdtest.com\/pt\/take-test\/\">Fa\u00e7a o teste<\/a><\/div>\n<\/div>\n<\/div>\n\n<div class=\"default-block container\">\n<h6>Refer\u00eancias<\/h6>\n<\/div>\n\n<div class=\"default-block container\">\n<p>https:\/\/www.hopkinsmedicine.org\/health\/conditions-and-diseases\/nosebleeds &#8211; \u00faltimo acesso mar\u00e7o 2023<\/p>\n<\/div>\n\n<div class=\"default-block container\">\n<p>https:\/\/www.childrensmn.org\/educationmaterials\/childrensmn\/article\/15581\/mouth-bleeding-with-a-bleeding-disorder\/ &#8211; \u00faltimo acesso mar\u00e7o 2023<\/p>\n<\/div>\n\n<div class=\"default-block container\">\n<p>Corrales-Medina FF et al. <em>Blood Rev<\/em> 2023; 58:101018.<\/p>\n<\/div>","protected":false},"excerpt":{"rendered":"<p>Ter\u00e1 o meu filho demasiadas hemorragias? Est\u00e1 preocupado com as hemorragias nasais recorrentes do seu filho? O seu filho faz n\u00f3doas negras com muita facilidade e com mais frequ\u00eancia que os colegas? O seu filho sangrou mais do que devia quando foi ao dentista ou numa pequena cirurgia? Est\u00e1 preocupado que a menstrua\u00e7\u00e3o da sua [&hellip;]<\/p>\n","protected":false},"author":1,"featured_media":996,"parent":0,"menu_order":0,"comment_status":"closed","ping_status":"closed","template":"","meta":{"inline_featured_image":false},"acf":[],"yoast_head":"<!-- This site is optimized with the Yoast SEO plugin v20.4 - https:\/\/yoast.com\/wordpress\/plugins\/seo\/ -->\n<title>Sou um pai preocupado - Portugal<\/title>\n<meta name=\"robots\" content=\"index, follow, max-snippet:-1, max-image-preview:large, max-video-preview:-1\" \/>\n<link rel=\"canonical\" href=\"https:\/\/vwdtest.com\/pt\/i-am-a-worried-parent\/\" \/>\n<meta property=\"og:locale\" content=\"en_US\" \/>\n<meta property=\"og:type\" content=\"article\" \/>\n<meta property=\"og:title\" content=\"Sou um pai preocupado - Portugal\" \/>\n<meta property=\"og:description\" content=\"Ter\u00e1 o meu filho demasiadas hemorragias? Est\u00e1 preocupado com as hemorragias nasais recorrentes do seu filho? O seu filho faz n\u00f3doas negras com muita facilidade e com mais frequ\u00eancia que os colegas? O seu filho sangrou mais do que devia quando foi ao dentista ou numa pequena cirurgia? Est\u00e1 preocupado que a menstrua\u00e7\u00e3o da sua [&hellip;]\" \/>\n<meta property=\"og:url\" content=\"https:\/\/vwdtest.com\/pt\/i-am-a-worried-parent\/\" \/>\n<meta property=\"og:site_name\" content=\"Portugal\" \/>\n<meta property=\"article:modified_time\" content=\"2024-06-12T10:52:18+00:00\" \/>\n<meta property=\"og:image\" content=\"https:\/\/vwdtest.com\/pt\/wp-content\/uploads\/sites\/33\/2023\/07\/Worried-patients-1-1.png\" \/>\n\t<meta property=\"og:image:width\" content=\"828\" \/>\n\t<meta property=\"og:image:height\" content=\"982\" \/>\n\t<meta property=\"og:image:type\" content=\"image\/png\" \/>\n<meta name=\"twitter:card\" content=\"summary_large_image\" \/>\n<meta name=\"twitter:label1\" content=\"Est. reading time\" \/>\n\t<meta name=\"twitter:data1\" content=\"3 minutes\" \/>\n<script type=\"application\/ld+json\" class=\"yoast-schema-graph\">{\"@context\":\"https:\/\/schema.org\",\"@graph\":[{\"@type\":\"WebPage\",\"@id\":\"https:\/\/vwdtest.com\/pt\/i-am-a-worried-parent\/\",\"url\":\"https:\/\/vwdtest.com\/pt\/i-am-a-worried-parent\/\",\"name\":\"Sou um pai preocupado - Portugal\",\"isPartOf\":{\"@id\":\"https:\/\/vwdtest.com\/pt\/#website\"},\"datePublished\":\"2023-04-27T13:02:19+00:00\",\"dateModified\":\"2024-06-12T10:52:18+00:00\",\"breadcrumb\":{\"@id\":\"https:\/\/vwdtest.com\/pt\/i-am-a-worried-parent\/#breadcrumb\"},\"inLanguage\":\"en-US\",\"potentialAction\":[{\"@type\":\"ReadAction\",\"target\":[\"https:\/\/vwdtest.com\/pt\/i-am-a-worried-parent\/\"]}]},{\"@type\":\"BreadcrumbList\",\"@id\":\"https:\/\/vwdtest.com\/pt\/i-am-a-worried-parent\/#breadcrumb\",\"itemListElement\":[{\"@type\":\"ListItem\",\"position\":1,\"name\":\"Home\",\"item\":\"https:\/\/vwdtest.com\/pt\/\"},{\"@type\":\"ListItem\",\"position\":2,\"name\":\"Sou um pai preocupado\"}]},{\"@type\":\"WebSite\",\"@id\":\"https:\/\/vwdtest.com\/pt\/#website\",\"url\":\"https:\/\/vwdtest.com\/pt\/\",\"name\":\"Portugal\",\"description\":\"\",\"potentialAction\":[{\"@type\":\"SearchAction\",\"target\":{\"@type\":\"EntryPoint\",\"urlTemplate\":\"https:\/\/vwdtest.com\/pt\/?s={search_term_string}\"},\"query-input\":\"required name=search_term_string\"}],\"inLanguage\":\"en-US\"}]}<\/script>\n<!-- \/ Yoast SEO plugin. -->","yoast_head_json":{"title":"Sou um pai preocupado - Portugal","robots":{"index":"index","follow":"follow","max-snippet":"max-snippet:-1","max-image-preview":"max-image-preview:large","max-video-preview":"max-video-preview:-1"},"canonical":"https:\/\/vwdtest.com\/pt\/i-am-a-worried-parent\/","og_locale":"en_US","og_type":"article","og_title":"Sou um pai preocupado - Portugal","og_description":"Ter\u00e1 o meu filho demasiadas hemorragias? Est\u00e1 preocupado com as hemorragias nasais recorrentes do seu filho? O seu filho faz n\u00f3doas negras com muita facilidade e com mais frequ\u00eancia que os colegas? O seu filho sangrou mais do que devia quando foi ao dentista ou numa pequena cirurgia? Est\u00e1 preocupado que a menstrua\u00e7\u00e3o da sua [&hellip;]","og_url":"https:\/\/vwdtest.com\/pt\/i-am-a-worried-parent\/","og_site_name":"Portugal","article_modified_time":"2024-06-12T10:52:18+00:00","og_image":[{"width":828,"height":982,"url":"https:\/\/vwdtest.com\/pt\/wp-content\/uploads\/sites\/33\/2023\/07\/Worried-patients-1-1.png","type":"image\/png"}],"twitter_card":"summary_large_image","twitter_misc":{"Est. reading time":"3 minutes"},"schema":{"@context":"https:\/\/schema.org","@graph":[{"@type":"WebPage","@id":"https:\/\/vwdtest.com\/pt\/i-am-a-worried-parent\/","url":"https:\/\/vwdtest.com\/pt\/i-am-a-worried-parent\/","name":"Sou um pai preocupado - Portugal","isPartOf":{"@id":"https:\/\/vwdtest.com\/pt\/#website"},"datePublished":"2023-04-27T13:02:19+00:00","dateModified":"2024-06-12T10:52:18+00:00","breadcrumb":{"@id":"https:\/\/vwdtest.com\/pt\/i-am-a-worried-parent\/#breadcrumb"},"inLanguage":"en-US","potentialAction":[{"@type":"ReadAction","target":["https:\/\/vwdtest.com\/pt\/i-am-a-worried-parent\/"]}]},{"@type":"BreadcrumbList","@id":"https:\/\/vwdtest.com\/pt\/i-am-a-worried-parent\/#breadcrumb","itemListElement":[{"@type":"ListItem","position":1,"name":"Home","item":"https:\/\/vwdtest.com\/pt\/"},{"@type":"ListItem","position":2,"name":"Sou um pai preocupado"}]},{"@type":"WebSite","@id":"https:\/\/vwdtest.com\/pt\/#website","url":"https:\/\/vwdtest.com\/pt\/","name":"Portugal","description":"","potentialAction":[{"@type":"SearchAction","target":{"@type":"EntryPoint","urlTemplate":"https:\/\/vwdtest.com\/pt\/?s={search_term_string}"},"query-input":"required name=search_term_string"}],"inLanguage":"en-US"}]}},"_links":{"self":[{"href":"https:\/\/vwdtest.com\/pt\/wp-json\/wp\/v2\/pages\/811"}],"collection":[{"href":"https:\/\/vwdtest.com\/pt\/wp-json\/wp\/v2\/pages"}],"about":[{"href":"https:\/\/vwdtest.com\/pt\/wp-json\/wp\/v2\/types\/page"}],"author":[{"embeddable":true,"href":"https:\/\/vwdtest.com\/pt\/wp-json\/wp\/v2\/users\/1"}],"replies":[{"embeddable":true,"href":"https:\/\/vwdtest.com\/pt\/wp-json\/wp\/v2\/comments?post=811"}],"version-history":[{"count":50,"href":"https:\/\/vwdtest.com\/pt\/wp-json\/wp\/v2\/pages\/811\/revisions"}],"predecessor-version":[{"id":2664,"href":"https:\/\/vwdtest.com\/pt\/wp-json\/wp\/v2\/pages\/811\/revisions\/2664"}],"wp:featuredmedia":[{"embeddable":true,"href":"https:\/\/vwdtest.com\/pt\/wp-json\/wp\/v2\/media\/996"}],"wp:attachment":[{"href":"https:\/\/vwdtest.com\/pt\/wp-json\/wp\/v2\/media?parent=811"}],"curies":[{"name":"wp","href":"https:\/\/api.w.org\/{rel}","templated":true}]}}