{"id":795,"date":"2023-04-27T12:33:04","date_gmt":"2023-04-27T12:33:04","guid":{"rendered":"https:\/\/new.vwdtest.com\/pt\/?page_id=795"},"modified":"2024-06-17T10:20:18","modified_gmt":"2024-06-17T10:20:18","slug":"i-bleed-a-lot","status":"publish","type":"page","link":"https:\/\/vwdtest.com\/pt\/i-bleed-a-lot\/","title":{"rendered":"Tenho hemorragias abundantes"},"content":{"rendered":"<div class=\"default-block container\">\n<h2>Tenho hemorragias abundantes?<\/h2>\n<\/div>\n\n<div class=\"default-block container\">\n<h5 class=\"bleeding-symptoms-title helpful live\">Questiona-se por que raz\u00e3o tem hemorragias nasais frequentes? Ou por que raz\u00e3o as suas gengivas sangram ap\u00f3s usar o fio dental ou escovar os dentes? Costuma encontrar n\u00f3doas negras no seu corpo e n\u00e3o se lembra onde as ter\u00e1 feito? Teve recentemente alguma hemorragia abundante ap\u00f3s um pequeno acidente ou numa ida ao dentista?\nA maior parte das pessoas tem ocasionalmente hemorragias. A causa das hemorragias pode variar, mas na maioria dos casos o nosso organismo controla rapidamente a hemorragia atrav\u00e9s de um processo que se chama coagula\u00e7\u00e3o do sangue. No entanto, algumas pessoas t\u00eam hemorragias com mais frequ\u00eancia e por um per\u00edodo de tempo mais prolongado do que outras, e este tipo de hemorragias pode ser tratado ou prevenido. Assim, caso responda &#8220;sim&#8221; a pelo menos uma das quest\u00f5es descritas em cima, a sua hemorragia deveria ser investigada.<\/p>\n<\/div>\n\n<div class=\"default-block container\">\n<h2>Causas das hemorragias abundantes ou prolongadas<\/h2>\n<\/div>\n\n<div class=\"default-block container\">\n<p class=\"full push-text\">Existem muitas causas poss\u00edveis para as hemorragias abundantes ou prolongadas. \u00c9 muito importante identificar as causas da sua hemorragia para determinar o tratamento adequado. A hemorragia pode ser causada por alguns medicamentos, por exemplo analg\u00e9sicos como a aspirina ou anticoagulantes. Algumas condi\u00e7\u00f5es cl\u00ednicas, como as doen\u00e7as do f\u00edgado e dos rins ou o cancro tamb\u00e9m podem causar hemorragias. 1,2 Existe tamb\u00e9m a possibilidade de que a sua hemorragia possa ser devido a um dist\u00farbio hemorr\u00e1gico. Os dist\u00farbios hemorr\u00e1gicos s\u00e3o doen\u00e7as raras que podem ser heredit\u00e1rias ou adquiridas. O dist\u00farbio hemorr\u00e1gico heredit\u00e1rio mais comum \u00e9 a doen\u00e7a de von Willebrand (DVW). A DVW est\u00e1 muitas vezes subdiagnosticada. Sem um diagn\u00f3stico e um tratamento adequados, as pessoas com a DVW correm o risco de terem hemorragias abundantes. As pessoas com a DVW t\u00eam frequentemente hemorragias nasais e nas gengivas, fazem mais facilmente n\u00f3doas negras, e podem tamb\u00e9m sofrer hemorragias abundantes ap\u00f3s uma extra\u00e7\u00e3o de dentes, uma cirurgia ou um pequeno acidente. Em mulheres com a DVW, a hemorragia menstrual abundante \u00e9 o sintoma mais comum.<sup>3<\/sup><\/p>\n<\/div>\n\n<div class=\"default-block container\">\n<h2>Poder\u00e1 n\u00e3o ser a \u00fanica pessoa na sua fam\u00edlia com sintomas hemorr\u00e1gicos<\/h2>\n<\/div>\n\n<div class=\"default-block container\">\n<p class=\"full push-text\">Se os seus irm\u00e3os, pais ou outros familiares sofrem de sintomas hemorr\u00e1gicos, poder\u00e1 considerar que os mesmos s\u00e3o normais. No entanto, isso pode nem sempre ser verdade. As suas hemorragias poder\u00e3o ser causadas por um dist\u00farbio hemorr\u00e1gico heredit\u00e1rio, que muitas vezes afeta mais de um membro da sua fam\u00edlia. Se as suas hemorragias afetam o seu dia-a-dia e o seu bem-estar, recomendamos que consulte um m\u00e9dico.&nbsp;<\/p>\n<\/div>\n\n<div class=\"default-block container\">\n<h2>Descubra se as suas hemorragias s\u00e3o normais<\/h2>\n<\/div>\n\n<div class=\"default-block container\">\n<p class=\"full push-text\">As minhas hemorragias s\u00e3o, ou n\u00e3o,\u00a0normais? Encontrar a resposta a esta pergunta nem sempre \u00e9 f\u00e1cil. Para facilitar a avalia\u00e7\u00e3o dos sintomas hemorr\u00e1gicos, os investigadores desenvolveram alguns testes hemorr\u00e1gicos. Um destes testes encontra-se dispon\u00edvel neste website.<sup>3<\/sup> Se desconfia de algum sintoma hemorr\u00e1gico que tenha tido, recomendamos que fa\u00e7a o teste. Poder\u00e1 ser ainda mais importante, no caso de ir submeter-se a uma cirurgia. O teste demorar\u00e1 apenas alguns minutos a ser conclu\u00eddo e dir-lhe-\u00e1 se necessita de consultar um m\u00e9dico por causa das suas hemorragias.<\/p>\n<\/div>\n\n<div class=\"default-block container\">\n<h6>Refer\u00eancias<\/h6>\n<\/div>\n\n<div class=\"default-block container\">\n<ol><div class=\"default-block container\">\n<li><a href=\"https:\/\/my.clevelandclinic.org\/health\/symptoms\/21654-hemorrhage\" target=\"_blank\" rel=\"noreferrer noopener\">https:\/\/my.clevelandclinic.org\/health\/symptoms\/21654-hemorrhage<\/a> ; \u00faltimo acesso em mar\u00e7o de 2023.<\/li>\n<\/div>\n\n<div class=\"default-block container\">\n<li><a href=\"https:\/\/www.drugs.com\/cg\/postoperative-bleeding.html\" target=\"_blank\" rel=\"noreferrer noopener\">https:\/\/www.drugs.com\/cg\/postoperative-bleeding.html<\/a> ; \u00faltimo acesso em mar\u00e7o de 2023.<\/li>\n<\/div>\n\n<div class=\"default-block container\">\n<li>Corrales-Medina FF et al. <em>Blood Rev<\/em> 2022; 58:101018.<\/li>\n<\/div><\/ol>\n<\/div>","protected":false},"excerpt":{"rendered":"<p>Tenho hemorragias abundantes? Questiona-se por que raz\u00e3o tem hemorragias nasais frequentes? Ou por que raz\u00e3o as suas gengivas sangram ap\u00f3s usar o fio dental ou escovar os dentes? Costuma encontrar n\u00f3doas negras no seu corpo e n\u00e3o se lembra onde as ter\u00e1 feito? Teve recentemente alguma hemorragia abundante ap\u00f3s um pequeno acidente ou numa ida [&hellip;]<\/p>\n","protected":false},"author":1,"featured_media":788,"parent":0,"menu_order":0,"comment_status":"closed","ping_status":"closed","template":"","meta":{"inline_featured_image":false},"acf":[],"yoast_head":"<!-- This site is optimized with the Yoast SEO plugin v20.4 - https:\/\/yoast.com\/wordpress\/plugins\/seo\/ -->\n<title>Tenho hemorragias abundantes - Portugal<\/title>\n<meta name=\"robots\" content=\"index, follow, max-snippet:-1, max-image-preview:large, max-video-preview:-1\" \/>\n<link rel=\"canonical\" href=\"https:\/\/vwdtest.com\/pt\/i-bleed-a-lot\/\" \/>\n<meta property=\"og:locale\" content=\"en_US\" \/>\n<meta property=\"og:type\" content=\"article\" \/>\n<meta property=\"og:title\" content=\"Tenho hemorragias abundantes - Portugal\" \/>\n<meta property=\"og:description\" content=\"Tenho hemorragias abundantes? Questiona-se por que raz\u00e3o tem hemorragias nasais frequentes? Ou por que raz\u00e3o as suas gengivas sangram ap\u00f3s usar o fio dental ou escovar os dentes? Costuma encontrar n\u00f3doas negras no seu corpo e n\u00e3o se lembra onde as ter\u00e1 feito? Teve recentemente alguma hemorragia abundante ap\u00f3s um pequeno acidente ou numa ida [&hellip;]\" \/>\n<meta property=\"og:url\" content=\"https:\/\/vwdtest.com\/pt\/i-bleed-a-lot\/\" \/>\n<meta property=\"og:site_name\" content=\"Portugal\" \/>\n<meta property=\"article:modified_time\" content=\"2024-06-17T10:20:18+00:00\" \/>\n<meta property=\"og:image\" content=\"https:\/\/vwdtest.com\/pt\/wp-content\/uploads\/sites\/33\/2023\/04\/Person-who-bleads-1.png\" \/>\n\t<meta property=\"og:image:width\" content=\"679\" \/>\n\t<meta property=\"og:image:height\" content=\"976\" \/>\n\t<meta property=\"og:image:type\" content=\"image\/png\" \/>\n<meta name=\"twitter:card\" content=\"summary_large_image\" \/>\n<meta name=\"twitter:label1\" content=\"Est. reading time\" \/>\n\t<meta name=\"twitter:data1\" content=\"3 minutes\" \/>\n<script type=\"application\/ld+json\" class=\"yoast-schema-graph\">{\"@context\":\"https:\/\/schema.org\",\"@graph\":[{\"@type\":\"WebPage\",\"@id\":\"https:\/\/vwdtest.com\/pt\/i-bleed-a-lot\/\",\"url\":\"https:\/\/vwdtest.com\/pt\/i-bleed-a-lot\/\",\"name\":\"Tenho hemorragias abundantes - Portugal\",\"isPartOf\":{\"@id\":\"https:\/\/vwdtest.com\/pt\/#website\"},\"datePublished\":\"2023-04-27T12:33:04+00:00\",\"dateModified\":\"2024-06-17T10:20:18+00:00\",\"breadcrumb\":{\"@id\":\"https:\/\/vwdtest.com\/pt\/i-bleed-a-lot\/#breadcrumb\"},\"inLanguage\":\"en-US\",\"potentialAction\":[{\"@type\":\"ReadAction\",\"target\":[\"https:\/\/vwdtest.com\/pt\/i-bleed-a-lot\/\"]}]},{\"@type\":\"BreadcrumbList\",\"@id\":\"https:\/\/vwdtest.com\/pt\/i-bleed-a-lot\/#breadcrumb\",\"itemListElement\":[{\"@type\":\"ListItem\",\"position\":1,\"name\":\"Home\",\"item\":\"https:\/\/vwdtest.com\/pt\/\"},{\"@type\":\"ListItem\",\"position\":2,\"name\":\"Tenho hemorragias abundantes\"}]},{\"@type\":\"WebSite\",\"@id\":\"https:\/\/vwdtest.com\/pt\/#website\",\"url\":\"https:\/\/vwdtest.com\/pt\/\",\"name\":\"Portugal\",\"description\":\"\",\"potentialAction\":[{\"@type\":\"SearchAction\",\"target\":{\"@type\":\"EntryPoint\",\"urlTemplate\":\"https:\/\/vwdtest.com\/pt\/?s={search_term_string}\"},\"query-input\":\"required name=search_term_string\"}],\"inLanguage\":\"en-US\"}]}<\/script>\n<!-- \/ Yoast SEO plugin. -->","yoast_head_json":{"title":"Tenho hemorragias abundantes - Portugal","robots":{"index":"index","follow":"follow","max-snippet":"max-snippet:-1","max-image-preview":"max-image-preview:large","max-video-preview":"max-video-preview:-1"},"canonical":"https:\/\/vwdtest.com\/pt\/i-bleed-a-lot\/","og_locale":"en_US","og_type":"article","og_title":"Tenho hemorragias abundantes - Portugal","og_description":"Tenho hemorragias abundantes? Questiona-se por que raz\u00e3o tem hemorragias nasais frequentes? Ou por que raz\u00e3o as suas gengivas sangram ap\u00f3s usar o fio dental ou escovar os dentes? Costuma encontrar n\u00f3doas negras no seu corpo e n\u00e3o se lembra onde as ter\u00e1 feito? Teve recentemente alguma hemorragia abundante ap\u00f3s um pequeno acidente ou numa ida [&hellip;]","og_url":"https:\/\/vwdtest.com\/pt\/i-bleed-a-lot\/","og_site_name":"Portugal","article_modified_time":"2024-06-17T10:20:18+00:00","og_image":[{"width":679,"height":976,"url":"https:\/\/vwdtest.com\/pt\/wp-content\/uploads\/sites\/33\/2023\/04\/Person-who-bleads-1.png","type":"image\/png"}],"twitter_card":"summary_large_image","twitter_misc":{"Est. reading time":"3 minutes"},"schema":{"@context":"https:\/\/schema.org","@graph":[{"@type":"WebPage","@id":"https:\/\/vwdtest.com\/pt\/i-bleed-a-lot\/","url":"https:\/\/vwdtest.com\/pt\/i-bleed-a-lot\/","name":"Tenho hemorragias abundantes - Portugal","isPartOf":{"@id":"https:\/\/vwdtest.com\/pt\/#website"},"datePublished":"2023-04-27T12:33:04+00:00","dateModified":"2024-06-17T10:20:18+00:00","breadcrumb":{"@id":"https:\/\/vwdtest.com\/pt\/i-bleed-a-lot\/#breadcrumb"},"inLanguage":"en-US","potentialAction":[{"@type":"ReadAction","target":["https:\/\/vwdtest.com\/pt\/i-bleed-a-lot\/"]}]},{"@type":"BreadcrumbList","@id":"https:\/\/vwdtest.com\/pt\/i-bleed-a-lot\/#breadcrumb","itemListElement":[{"@type":"ListItem","position":1,"name":"Home","item":"https:\/\/vwdtest.com\/pt\/"},{"@type":"ListItem","position":2,"name":"Tenho hemorragias abundantes"}]},{"@type":"WebSite","@id":"https:\/\/vwdtest.com\/pt\/#website","url":"https:\/\/vwdtest.com\/pt\/","name":"Portugal","description":"","potentialAction":[{"@type":"SearchAction","target":{"@type":"EntryPoint","urlTemplate":"https:\/\/vwdtest.com\/pt\/?s={search_term_string}"},"query-input":"required name=search_term_string"}],"inLanguage":"en-US"}]}},"_links":{"self":[{"href":"https:\/\/vwdtest.com\/pt\/wp-json\/wp\/v2\/pages\/795"}],"collection":[{"href":"https:\/\/vwdtest.com\/pt\/wp-json\/wp\/v2\/pages"}],"about":[{"href":"https:\/\/vwdtest.com\/pt\/wp-json\/wp\/v2\/types\/page"}],"author":[{"embeddable":true,"href":"https:\/\/vwdtest.com\/pt\/wp-json\/wp\/v2\/users\/1"}],"replies":[{"embeddable":true,"href":"https:\/\/vwdtest.com\/pt\/wp-json\/wp\/v2\/comments?post=795"}],"version-history":[{"count":60,"href":"https:\/\/vwdtest.com\/pt\/wp-json\/wp\/v2\/pages\/795\/revisions"}],"predecessor-version":[{"id":2692,"href":"https:\/\/vwdtest.com\/pt\/wp-json\/wp\/v2\/pages\/795\/revisions\/2692"}],"wp:featuredmedia":[{"embeddable":true,"href":"https:\/\/vwdtest.com\/pt\/wp-json\/wp\/v2\/media\/788"}],"wp:attachment":[{"href":"https:\/\/vwdtest.com\/pt\/wp-json\/wp\/v2\/media?parent=795"}],"curies":[{"name":"wp","href":"https:\/\/api.w.org\/{rel}","templated":true}]}}