{"id":3,"date":"2023-02-13T11:33:55","date_gmt":"2023-02-13T11:33:55","guid":{"rendered":"https:\/\/new.vwdtest.com\/pt\/?page_id=3"},"modified":"2024-06-07T14:51:57","modified_gmt":"2024-06-07T14:51:57","slug":"privacy-policy","status":"publish","type":"page","link":"https:\/\/vwdtest.com\/pt\/privacy-policy\/","title":{"rendered":"Pol\u00edtica de Privacidade"},"content":{"rendered":"<div class=\"default-block container\">\n<p>O <a href=\"https:\/\/vwdtest.com\/pt\/\">www.vwdtest.com<\/a> \u00e9 um servi\u00e7o online financiado e fornecido pela Octapharma AG, Seidenstrasse 2, 8853 Lachen, Su\u00ed\u00e7a (doravante \u201cOctapharma\u201d ou \u201cn\u00f3s\u201d ou \u201cnos\u201d), sob os ausp\u00edcios de um comit\u00ea dedicado composto por especialistas em VWD e especialistas.<\/p>\n<\/div>\n\n<div class=\"default-block container\">\n<p>A Octapharma adota as medidas necess\u00e1rias \u00e0 prote\u00e7\u00e3o da privacidade dos dados pessoais dos clientes. Esta Pol\u00edtica de Privacidade de Dados (\u201cpol\u00edtica\u201d) descreve a forma como as suas informa\u00e7\u00f5es pessoais s\u00e3o processadas quando visita o <a href=\"https:\/\/vwdtest.com\/pt\/\">www.vwdtest.com<\/a>.<\/p>\n<\/div>\n\n<div class=\"default-block container\">\n<p>A Octapharma Pharmazeutika Produktionsgesellschaft m.b.H., Oberlaaer Strasse 235, 1100 Viena, \u00c1ustria, \u00e9 nomeada como representante na UE\/EEE, de acordo com o Artigo 27 do RGPD.<\/p>\n<\/div>\n\n<div class=\"default-block container\">\n<h2>Levantamento de informa\u00e7\u00f5es<\/h2>\n<\/div>\n\n<div class=\"default-block container\">\n<p>Para gerir adequadamente o www.vwdtest.com, as informa\u00e7\u00f5es podem ser registadas e as visitas categorizadas por itens como nome de dom\u00ednio, tipo e vers\u00e3o do utilizador, as p\u00e1ginas visitadas do website vwdtest.com e a URL que o utilizador acede ao sair do vwdtest.com s\u00e3o para melhorar continuamente o desempenho do website. Esta informa\u00e7\u00e3o \u00e9 utilizada apenas de forma agregada e os dados pessoais s\u00e3o, portanto, an\u00f3nimos.<\/p>\n<\/div>\n\n<div class=\"default-block container\">\n<h2>Divulga\u00e7\u00e3o e utiliza\u00e7\u00e3o de informa\u00e7\u00f5es pessoais<\/h2>\n<\/div>\n\n<div class=\"default-block container\">\n<p>As informa\u00e7\u00f5es n\u00e3o ser\u00e3o divulgadas a terceiros, exceto quando o terceiro for um fornecedor ou contratado com a finalidade de atender a uma solicita\u00e7\u00e3o de informa\u00e7\u00e3o relativa ao utilizador do vwdtest.com, ou um fornecedor ou contratado com a finalidade de desenvolver e gerir o www.vwdtest.com.<\/p>\n<\/div>\n\n<div class=\"default-block container\">\n<h2>Direitos do utilizador<\/h2>\n<\/div>\n\n<div class=\"default-block container\">\n<p>Se tiver alguma d\u00favida sobre seus dados pessoais ao visitar o <a href=\"https:\/\/vwdtest.com\/pt\/\">www.vwdtest.com<\/a>, poder\u00e1 solicitar toda a informa\u00e7\u00e3o sobre os seus dados armazenados\/processados  Para al\u00e9m disso, tem o direito de bloquear ou cancelar quaisquer dados pessoais (a menos que as leis e regulamentos aplic\u00e1veis \u200b\u200bobriguem o armazenamento desses dados), de se opor ao processamento dos seus dados pessoais, de corrigir quaisquer dados incorretos e o direito de ter os seus dados transferidos para terceiros. Tem tamb\u00e9m o direito de apresentar uma reclama\u00e7\u00e3o \u00e0 autoridade competente, se aplic\u00e1vel.<\/p>\n<\/div>\n\n<div class=\"default-block container\">\n<p>Caso tenha outras d\u00favidas ou preocupa\u00e7\u00f5es sobre esta pol\u00edtica de privacidade ou queira que os seus dados sejam retirados da nossa base de dados, envie um e-mail para: <a href=\"mailto:dataprivacy@octapharma.com\">dataprivacy@octapharma.com<\/a><\/p>\n<\/div>\n\n<div class=\"default-block container\">\n<p>\u00c9 poss\u00edvel atualizar ou alterar esta pol\u00edtica a qualquer momento, quando esta for alterada no website.<\/p>\n<\/div>","protected":false},"excerpt":{"rendered":"<p>O www.vwdtest.com \u00e9 um servi\u00e7o online financiado e fornecido pela Octapharma AG, Seidenstrasse 2, 8853 Lachen, Su\u00ed\u00e7a (doravante \u201cOctapharma\u201d ou \u201cn\u00f3s\u201d ou \u201cnos\u201d), sob os ausp\u00edcios de um comit\u00ea dedicado composto por especialistas em VWD e especialistas. A Octapharma adota as medidas necess\u00e1rias \u00e0 prote\u00e7\u00e3o da privacidade dos dados pessoais dos clientes. Esta Pol\u00edtica de [&hellip;]<\/p>\n","protected":false},"author":1,"featured_media":0,"parent":0,"menu_order":0,"comment_status":"closed","ping_status":"open","template":"front-page.php","meta":{"inline_featured_image":false},"acf":[],"yoast_head":"<!-- This site is optimized with the Yoast SEO plugin v20.4 - https:\/\/yoast.com\/wordpress\/plugins\/seo\/ -->\n<title>Pol\u00edtica de Privacidade - Portugal<\/title>\n<meta name=\"robots\" content=\"index, follow, max-snippet:-1, max-image-preview:large, max-video-preview:-1\" \/>\n<link rel=\"canonical\" href=\"https:\/\/vwdtest.com\/pt\/privacy-policy\/\" \/>\n<meta property=\"og:locale\" content=\"en_US\" \/>\n<meta property=\"og:type\" content=\"article\" \/>\n<meta property=\"og:title\" content=\"Pol\u00edtica de Privacidade - Portugal\" \/>\n<meta property=\"og:description\" content=\"O www.vwdtest.com \u00e9 um servi\u00e7o online financiado e fornecido pela Octapharma AG, Seidenstrasse 2, 8853 Lachen, Su\u00ed\u00e7a (doravante \u201cOctapharma\u201d ou \u201cn\u00f3s\u201d ou \u201cnos\u201d), sob os ausp\u00edcios de um comit\u00ea dedicado composto por especialistas em VWD e especialistas. A Octapharma adota as medidas necess\u00e1rias \u00e0 prote\u00e7\u00e3o da privacidade dos dados pessoais dos clientes. Esta Pol\u00edtica de [&hellip;]\" \/>\n<meta property=\"og:url\" content=\"https:\/\/vwdtest.com\/pt\/privacy-policy\/\" \/>\n<meta property=\"og:site_name\" content=\"Portugal\" \/>\n<meta property=\"article:modified_time\" content=\"2024-06-07T14:51:57+00:00\" \/>\n<meta name=\"twitter:card\" content=\"summary_large_image\" \/>\n<meta name=\"twitter:label1\" content=\"Est. reading time\" \/>\n\t<meta name=\"twitter:data1\" content=\"2 minutes\" \/>\n<script type=\"application\/ld+json\" class=\"yoast-schema-graph\">{\"@context\":\"https:\/\/schema.org\",\"@graph\":[{\"@type\":\"WebPage\",\"@id\":\"https:\/\/vwdtest.com\/pt\/privacy-policy\/\",\"url\":\"https:\/\/vwdtest.com\/pt\/privacy-policy\/\",\"name\":\"Pol\u00edtica de Privacidade - Portugal\",\"isPartOf\":{\"@id\":\"https:\/\/vwdtest.com\/pt\/#website\"},\"datePublished\":\"2023-02-13T11:33:55+00:00\",\"dateModified\":\"2024-06-07T14:51:57+00:00\",\"breadcrumb\":{\"@id\":\"https:\/\/vwdtest.com\/pt\/privacy-policy\/#breadcrumb\"},\"inLanguage\":\"en-US\",\"potentialAction\":[{\"@type\":\"ReadAction\",\"target\":[\"https:\/\/vwdtest.com\/pt\/privacy-policy\/\"]}]},{\"@type\":\"BreadcrumbList\",\"@id\":\"https:\/\/vwdtest.com\/pt\/privacy-policy\/#breadcrumb\",\"itemListElement\":[{\"@type\":\"ListItem\",\"position\":1,\"name\":\"Home\",\"item\":\"https:\/\/vwdtest.com\/pt\/\"},{\"@type\":\"ListItem\",\"position\":2,\"name\":\"Pol\u00edtica de Privacidade\"}]},{\"@type\":\"WebSite\",\"@id\":\"https:\/\/vwdtest.com\/pt\/#website\",\"url\":\"https:\/\/vwdtest.com\/pt\/\",\"name\":\"Portugal\",\"description\":\"\",\"potentialAction\":[{\"@type\":\"SearchAction\",\"target\":{\"@type\":\"EntryPoint\",\"urlTemplate\":\"https:\/\/vwdtest.com\/pt\/?s={search_term_string}\"},\"query-input\":\"required name=search_term_string\"}],\"inLanguage\":\"en-US\"}]}<\/script>\n<!-- \/ Yoast SEO plugin. -->","yoast_head_json":{"title":"Pol\u00edtica de Privacidade - Portugal","robots":{"index":"index","follow":"follow","max-snippet":"max-snippet:-1","max-image-preview":"max-image-preview:large","max-video-preview":"max-video-preview:-1"},"canonical":"https:\/\/vwdtest.com\/pt\/privacy-policy\/","og_locale":"en_US","og_type":"article","og_title":"Pol\u00edtica de Privacidade - Portugal","og_description":"O www.vwdtest.com \u00e9 um servi\u00e7o online financiado e fornecido pela Octapharma AG, Seidenstrasse 2, 8853 Lachen, Su\u00ed\u00e7a (doravante \u201cOctapharma\u201d ou \u201cn\u00f3s\u201d ou \u201cnos\u201d), sob os ausp\u00edcios de um comit\u00ea dedicado composto por especialistas em VWD e especialistas. A Octapharma adota as medidas necess\u00e1rias \u00e0 prote\u00e7\u00e3o da privacidade dos dados pessoais dos clientes. Esta Pol\u00edtica de [&hellip;]","og_url":"https:\/\/vwdtest.com\/pt\/privacy-policy\/","og_site_name":"Portugal","article_modified_time":"2024-06-07T14:51:57+00:00","twitter_card":"summary_large_image","twitter_misc":{"Est. reading time":"2 minutes"},"schema":{"@context":"https:\/\/schema.org","@graph":[{"@type":"WebPage","@id":"https:\/\/vwdtest.com\/pt\/privacy-policy\/","url":"https:\/\/vwdtest.com\/pt\/privacy-policy\/","name":"Pol\u00edtica de Privacidade - Portugal","isPartOf":{"@id":"https:\/\/vwdtest.com\/pt\/#website"},"datePublished":"2023-02-13T11:33:55+00:00","dateModified":"2024-06-07T14:51:57+00:00","breadcrumb":{"@id":"https:\/\/vwdtest.com\/pt\/privacy-policy\/#breadcrumb"},"inLanguage":"en-US","potentialAction":[{"@type":"ReadAction","target":["https:\/\/vwdtest.com\/pt\/privacy-policy\/"]}]},{"@type":"BreadcrumbList","@id":"https:\/\/vwdtest.com\/pt\/privacy-policy\/#breadcrumb","itemListElement":[{"@type":"ListItem","position":1,"name":"Home","item":"https:\/\/vwdtest.com\/pt\/"},{"@type":"ListItem","position":2,"name":"Pol\u00edtica de Privacidade"}]},{"@type":"WebSite","@id":"https:\/\/vwdtest.com\/pt\/#website","url":"https:\/\/vwdtest.com\/pt\/","name":"Portugal","description":"","potentialAction":[{"@type":"SearchAction","target":{"@type":"EntryPoint","urlTemplate":"https:\/\/vwdtest.com\/pt\/?s={search_term_string}"},"query-input":"required name=search_term_string"}],"inLanguage":"en-US"}]}},"_links":{"self":[{"href":"https:\/\/vwdtest.com\/pt\/wp-json\/wp\/v2\/pages\/3"}],"collection":[{"href":"https:\/\/vwdtest.com\/pt\/wp-json\/wp\/v2\/pages"}],"about":[{"href":"https:\/\/vwdtest.com\/pt\/wp-json\/wp\/v2\/types\/page"}],"author":[{"embeddable":true,"href":"https:\/\/vwdtest.com\/pt\/wp-json\/wp\/v2\/users\/1"}],"replies":[{"embeddable":true,"href":"https:\/\/vwdtest.com\/pt\/wp-json\/wp\/v2\/comments?post=3"}],"version-history":[{"count":7,"href":"https:\/\/vwdtest.com\/pt\/wp-json\/wp\/v2\/pages\/3\/revisions"}],"predecessor-version":[{"id":2576,"href":"https:\/\/vwdtest.com\/pt\/wp-json\/wp\/v2\/pages\/3\/revisions\/2576"}],"wp:attachment":[{"href":"https:\/\/vwdtest.com\/pt\/wp-json\/wp\/v2\/media?parent=3"}],"curies":[{"name":"wp","href":"https:\/\/api.w.org\/{rel}","templated":true}]}}