{"id":266,"date":"2023-02-21T21:23:10","date_gmt":"2023-02-21T21:23:10","guid":{"rendered":"https:\/\/new.vwdtest.com\/pt\/?page_id=266"},"modified":"2024-06-07T14:53:33","modified_gmt":"2024-06-07T14:53:33","slug":"cookie-preferences","status":"publish","type":"page","link":"https:\/\/vwdtest.com\/pt\/cookie-preferences\/","title":{"rendered":"Prefer\u00eancia de cookies"},"content":{"rendered":"<div class=\"default-block container\">\n<h2>Informa\u00e7\u00f5es sobre cookies<\/h2>\n<\/div>\n\n<div class=\"default-block container\">\n<p>Os cookies s\u00e3o dados que um website pode transferir para o navegador do utilizador. Ao visitar o <a href=\"http:\/\/www.vwdtest.com\/pt\">www.vwdtest.com<\/a>, se o seu navegador estiver a utilizar as configura\u00e7\u00f5es padr\u00e3o e a aceita os cookies, o utilizador est\u00e1 a dar consentimento ao armazenamento de cookies no seu computador. Os cookies armazenados podem permanecer no seu computador ap\u00f3s sair do <a href=\"http:\/\/www.vwdtest.com\/pt\">www.vwdtest.com<\/a>.<\/p>\n<\/div>\n\n<div class=\"default-block container\">\n<p>Se n\u00e3o desejar que isto aconte\u00e7a, pode ajustar seu navegador para recusar cookies ou para avis\u00e1-lo quando os cookies estiverem a ser utilizados. Pode tamb\u00e9m exclu\u00ed-los manualmente nas configura\u00e7\u00f5es do seu navegador. A maior parte das informa\u00e7\u00f5es e conte\u00fados do<a href=\"https:\/\/www.vwdtest.com\/pt\"> www.vwdtest.com<\/a> ainda funcionar\u00e3o se desativar os cookies nas configura\u00e7\u00f5es do seu navegador.<\/p>\n<\/div>\n\n<div class=\"default-block container\">\n<p>Saiba mais informa\u00e7\u00f5es sobre cookies, incluindo como ver que cookies foram definidos no seu dispositivo e como os gerir ou cancelar em&nbsp;<a href=\"https:\/\/www.aboutcookies .org\/\" target=\"_blank\" rel=\"noreferrer noopener\">www.aboutcookies.org<\/a>.<\/p>\n<\/div>\n\n<div class=\"default-block container\">\n<p>Em <a href=\"https:\/\/www.vwdtest.com\/pt\">www.vwdtest.com<\/a> s\u00e3o utilizados \u200b\u200bdiferentes tipos de cookies:<\/p>\n<\/div>\n\n<div class=\"default-block container\">\n<p><strong>Estritamente necess\u00e1rio<\/strong><\/p>\n<\/div>\n\n<div class=\"default-block container\">\n<figure class=\"wp-block-table\"><table><thead><tr><th>Tipo de cookie<\/th><th>Nome<\/th><th>Prop\u00f3sito<\/th><th>Expira<\/th><\/tr><\/thead><tbody><tr><td>Matomo<\/td><td>mtm_cookie_consent<\/td><td>armazenado para lembrar ao utilizador o seu consentimento no armazenamento e utiliza\u00e7\u00e3o de cookies.<\/td><td>30 anos<\/td><\/tr><\/tbody><\/table><\/figure>\n<\/div>\n\n<div class=\"default-block container\">\n<p><strong>Performance cookies<\/strong><\/p>\n<\/div>\n\n<div class=\"default-block container\">\n<figure class=\"wp-block-table\"><table><thead><tr><th>Tipo de cookie<\/th><th>Nome<\/th><th>Prop\u00f3sito<\/th><th>Expira<\/th><\/tr><\/thead><tbody><tr><td>Matomo<\/td><td>_pk_id<\/td><td>utilizado para armazenar alguns detalhes sobre o utilizador, como o ID exclusivo do utilizador.<\/td><td>1 ano, 1 m\u00eas<\/td><\/tr><tr><td>_pk_ref<\/td><td>utilizado para armazenar as informa\u00e7\u00f5es de atribui\u00e7\u00e3o, o referenciador inicialmente utilizado para visitar o website.<\/td><td>6 meses<\/td><\/tr><tr><td>_pk_ses<\/td><td>utilizado para armazenar o ID de uma sess\u00e3o.<\/td><td>30 minutos<\/td><\/tr><tr><td>_pk_cvar<\/td><td>utilizado para armazenar o ID de uma sess\u00e3o.<\/td><td>30 minutos<\/td><\/tr><tr><td>_pk_hsr<\/td><td>utilizado para armazenar o ID de uma sess\u00e3o.<\/td><td>30 minutos<\/td><\/tr><tr><td>_pk_testcookie<\/td><td>utilizado para verificar se o navegador do utilizador suporta cookies.<\/td><td>Sess\u00e3o<\/td><\/tr><tr><td>Matomo_sessid<\/td><td>utilizado para armazenar o ID de uma sess\u00e3o.<\/td><td>Sess\u00e3o<\/td><\/tr><tr><\/tr><\/tbody><\/table><\/figure>\n<\/div>\n\n<div class=\"default-block container\">\n<p>Se necessitar de alterar as suas configura\u00e7\u00f5es para permitir cookies de desempenho, estar\u00e1 a dar o seu consentimento para que o Matomo recolha informa\u00e7\u00f5es sobre como utiliza e navega no nosso website. Durante este processo, o seu endere\u00e7o IP ser\u00e1 an\u00f3nimo. Utilizamos estas informa\u00e7\u00f5es para melhorar a experi\u00eancia do utilizador.<\/p>\n<\/div>\n\n<div class=\"default-block container\">\n<p><strong>Cookies de funcionalidade<\/strong><\/p>\n<\/div>\n\n<div class=\"default-block container\">\n<p>Estes s\u00e3o os cookies que n\u00e3o s\u00e3o essenciais, mas que melhoram a utiliza\u00e7\u00e3o do&nbsp;<a href=\"https:\/\/www.vwdtest.com\/pt\">www.vwdtest.com<\/a>:<\/p>\n<\/div>\n\n<div class=\"default-block container\">\n<figure class=\"wp-block-table\"><table><thead><tr><th>Tipo de cookie<\/th><th>Nome<\/th><th>Expira<\/th><th>Prop\u00f3sito<\/th><\/tr><\/thead><tbody><tr><td>Cookie persistente<\/td><td>cookieconsent_status<\/td><td>1 anos<\/td><td>Este cookie est\u00e1 associado a um script que mostra um aviso de alerta de cookie no website. \u00c9 utilizado para registar quando o utilizador cancelou o aviso para evitar que ele reapare\u00e7a em futuras visitas.<\/td><\/tr><\/tbody><\/table><\/figure>\n<\/div>","protected":false},"excerpt":{"rendered":"<p>Informa\u00e7\u00f5es sobre cookies Os cookies s\u00e3o dados que um website pode transferir para o navegador do utilizador. Ao visitar o www.vwdtest.com, se o seu navegador estiver a utilizar as configura\u00e7\u00f5es padr\u00e3o e a aceita os cookies, o utilizador est\u00e1 a dar consentimento ao armazenamento de cookies no seu computador. Os cookies armazenados podem permanecer no [&hellip;]<\/p>\n","protected":false},"author":1,"featured_media":0,"parent":0,"menu_order":0,"comment_status":"closed","ping_status":"closed","template":"front-page.php","meta":{"inline_featured_image":false},"acf":[],"yoast_head":"<!-- This site is optimized with the Yoast SEO plugin v20.4 - https:\/\/yoast.com\/wordpress\/plugins\/seo\/ -->\n<title>Prefer\u00eancia de cookies - Portugal<\/title>\n<meta name=\"robots\" content=\"index, follow, max-snippet:-1, max-image-preview:large, max-video-preview:-1\" \/>\n<link rel=\"canonical\" href=\"https:\/\/vwdtest.com\/pt\/cookie-preferences\/\" \/>\n<meta property=\"og:locale\" content=\"en_US\" \/>\n<meta property=\"og:type\" content=\"article\" \/>\n<meta property=\"og:title\" content=\"Prefer\u00eancia de cookies - Portugal\" \/>\n<meta property=\"og:description\" content=\"Informa\u00e7\u00f5es sobre cookies Os cookies s\u00e3o dados que um website pode transferir para o navegador do utilizador. Ao visitar o www.vwdtest.com, se o seu navegador estiver a utilizar as configura\u00e7\u00f5es padr\u00e3o e a aceita os cookies, o utilizador est\u00e1 a dar consentimento ao armazenamento de cookies no seu computador. Os cookies armazenados podem permanecer no [&hellip;]\" \/>\n<meta property=\"og:url\" content=\"https:\/\/vwdtest.com\/pt\/cookie-preferences\/\" \/>\n<meta property=\"og:site_name\" content=\"Portugal\" \/>\n<meta property=\"article:modified_time\" content=\"2024-06-07T14:53:33+00:00\" \/>\n<meta name=\"twitter:card\" content=\"summary_large_image\" \/>\n<meta name=\"twitter:label1\" content=\"Est. reading time\" \/>\n\t<meta name=\"twitter:data1\" content=\"2 minutes\" \/>\n<script type=\"application\/ld+json\" class=\"yoast-schema-graph\">{\"@context\":\"https:\/\/schema.org\",\"@graph\":[{\"@type\":\"WebPage\",\"@id\":\"https:\/\/vwdtest.com\/pt\/cookie-preferences\/\",\"url\":\"https:\/\/vwdtest.com\/pt\/cookie-preferences\/\",\"name\":\"Prefer\u00eancia de cookies - Portugal\",\"isPartOf\":{\"@id\":\"https:\/\/vwdtest.com\/pt\/#website\"},\"datePublished\":\"2023-02-21T21:23:10+00:00\",\"dateModified\":\"2024-06-07T14:53:33+00:00\",\"breadcrumb\":{\"@id\":\"https:\/\/vwdtest.com\/pt\/cookie-preferences\/#breadcrumb\"},\"inLanguage\":\"en-US\",\"potentialAction\":[{\"@type\":\"ReadAction\",\"target\":[\"https:\/\/vwdtest.com\/pt\/cookie-preferences\/\"]}]},{\"@type\":\"BreadcrumbList\",\"@id\":\"https:\/\/vwdtest.com\/pt\/cookie-preferences\/#breadcrumb\",\"itemListElement\":[{\"@type\":\"ListItem\",\"position\":1,\"name\":\"Home\",\"item\":\"https:\/\/vwdtest.com\/pt\/\"},{\"@type\":\"ListItem\",\"position\":2,\"name\":\"Prefer\u00eancia de cookies\"}]},{\"@type\":\"WebSite\",\"@id\":\"https:\/\/vwdtest.com\/pt\/#website\",\"url\":\"https:\/\/vwdtest.com\/pt\/\",\"name\":\"Portugal\",\"description\":\"\",\"potentialAction\":[{\"@type\":\"SearchAction\",\"target\":{\"@type\":\"EntryPoint\",\"urlTemplate\":\"https:\/\/vwdtest.com\/pt\/?s={search_term_string}\"},\"query-input\":\"required name=search_term_string\"}],\"inLanguage\":\"en-US\"}]}<\/script>\n<!-- \/ Yoast SEO plugin. -->","yoast_head_json":{"title":"Prefer\u00eancia de cookies - Portugal","robots":{"index":"index","follow":"follow","max-snippet":"max-snippet:-1","max-image-preview":"max-image-preview:large","max-video-preview":"max-video-preview:-1"},"canonical":"https:\/\/vwdtest.com\/pt\/cookie-preferences\/","og_locale":"en_US","og_type":"article","og_title":"Prefer\u00eancia de cookies - Portugal","og_description":"Informa\u00e7\u00f5es sobre cookies Os cookies s\u00e3o dados que um website pode transferir para o navegador do utilizador. Ao visitar o www.vwdtest.com, se o seu navegador estiver a utilizar as configura\u00e7\u00f5es padr\u00e3o e a aceita os cookies, o utilizador est\u00e1 a dar consentimento ao armazenamento de cookies no seu computador. Os cookies armazenados podem permanecer no [&hellip;]","og_url":"https:\/\/vwdtest.com\/pt\/cookie-preferences\/","og_site_name":"Portugal","article_modified_time":"2024-06-07T14:53:33+00:00","twitter_card":"summary_large_image","twitter_misc":{"Est. reading time":"2 minutes"},"schema":{"@context":"https:\/\/schema.org","@graph":[{"@type":"WebPage","@id":"https:\/\/vwdtest.com\/pt\/cookie-preferences\/","url":"https:\/\/vwdtest.com\/pt\/cookie-preferences\/","name":"Prefer\u00eancia de cookies - Portugal","isPartOf":{"@id":"https:\/\/vwdtest.com\/pt\/#website"},"datePublished":"2023-02-21T21:23:10+00:00","dateModified":"2024-06-07T14:53:33+00:00","breadcrumb":{"@id":"https:\/\/vwdtest.com\/pt\/cookie-preferences\/#breadcrumb"},"inLanguage":"en-US","potentialAction":[{"@type":"ReadAction","target":["https:\/\/vwdtest.com\/pt\/cookie-preferences\/"]}]},{"@type":"BreadcrumbList","@id":"https:\/\/vwdtest.com\/pt\/cookie-preferences\/#breadcrumb","itemListElement":[{"@type":"ListItem","position":1,"name":"Home","item":"https:\/\/vwdtest.com\/pt\/"},{"@type":"ListItem","position":2,"name":"Prefer\u00eancia de cookies"}]},{"@type":"WebSite","@id":"https:\/\/vwdtest.com\/pt\/#website","url":"https:\/\/vwdtest.com\/pt\/","name":"Portugal","description":"","potentialAction":[{"@type":"SearchAction","target":{"@type":"EntryPoint","urlTemplate":"https:\/\/vwdtest.com\/pt\/?s={search_term_string}"},"query-input":"required name=search_term_string"}],"inLanguage":"en-US"}]}},"_links":{"self":[{"href":"https:\/\/vwdtest.com\/pt\/wp-json\/wp\/v2\/pages\/266"}],"collection":[{"href":"https:\/\/vwdtest.com\/pt\/wp-json\/wp\/v2\/pages"}],"about":[{"href":"https:\/\/vwdtest.com\/pt\/wp-json\/wp\/v2\/types\/page"}],"author":[{"embeddable":true,"href":"https:\/\/vwdtest.com\/pt\/wp-json\/wp\/v2\/users\/1"}],"replies":[{"embeddable":true,"href":"https:\/\/vwdtest.com\/pt\/wp-json\/wp\/v2\/comments?post=266"}],"version-history":[{"count":8,"href":"https:\/\/vwdtest.com\/pt\/wp-json\/wp\/v2\/pages\/266\/revisions"}],"predecessor-version":[{"id":2636,"href":"https:\/\/vwdtest.com\/pt\/wp-json\/wp\/v2\/pages\/266\/revisions\/2636"}],"wp:attachment":[{"href":"https:\/\/vwdtest.com\/pt\/wp-json\/wp\/v2\/media?parent=266"}],"curies":[{"name":"wp","href":"https:\/\/api.w.org\/{rel}","templated":true}]}}