{"id":263,"date":"2023-02-21T21:22:33","date_gmt":"2023-02-21T21:22:33","guid":{"rendered":"https:\/\/new.vwdtest.com\/pt\/?page_id=263"},"modified":"2024-05-27T16:26:51","modified_gmt":"2024-05-27T16:26:51","slug":"legal-statement","status":"publish","type":"page","link":"https:\/\/vwdtest.com\/pt\/legal-statement\/","title":{"rendered":"Declara\u00e7\u00e3o Legal"},"content":{"rendered":"<div class=\"default-block container\">\n<h2>Termos de utiliza\u00e7\u00e3o<\/h2>\n<\/div>\n\n<div class=\"default-block container\">\n<p>Este website \u00e9 financiado pela Octapharma AG, Seidenstrasse 2, 8853 Lachen, Su\u00ed\u00e7a e \u00e9 desenvolvido em colabora\u00e7\u00e3o com os m\u00e9dicos especialistas Dr. Fernando Corrales-Medina (Professor Associado de Pediatria Cl\u00ednica, Universidade de  Miami-Miller, Faculdade de Medicina, EUA), Professor Erik Berntorp (Professor de Investiga\u00e7\u00e3o Cl\u00ednica em Coagula\u00e7\u00e3o, Universidade de Lund, Su\u00e9cia) e sua equipa de especialistas internacionais em dist\u00farbios hemorr\u00e1gicos (doravante denominado \u201cGrupo Internacional de Especialistas\u201d).<\/p>\n<\/div>\n\n<div class=\"default-block container\">\n<p>Este \u00e9 um website n\u00e3o promocional destinado a apoiar uma campanha de consciencializa\u00e7\u00e3o sobre doen\u00e7as hemorr\u00e1gicas liderada pelo Grupo Internacional de Especialistas e destinado apenas para fins de informa\u00e7\u00e3o geral. Este website n\u00e3o tem um car\u00e1ter promocional ou de propaganda de qualquer produto nem visa a utiliza\u00e7\u00e3o de qualquer produto da Octapharma.<\/p>\n<\/div>\n\n<div class=\"default-block container\">\n<p>A Octapharma AG, juntamente com os seus subcontratados, apoia a manuten\u00e7\u00e3o e gest\u00e3o do website. Ao utilizar este website concorda com os termos e condi\u00e7\u00f5es estabelecidos abaixo e todas as leis aplic\u00e1veis. Se n\u00e3o concordar com estes termos e condi\u00e7\u00f5es, n\u00e3o utilize este website.<\/p>\n<\/div>\n\n<div class=\"default-block container\">\n<h2>Altera\u00e7\u00f5es ao website e termos de utiliza\u00e7\u00e3o<\/h2>\n<\/div>\n\n<div class=\"default-block container\">\n<p>A Octapharma AG reserva-se o direito de fazer altera\u00e7\u00f5es, modifica\u00e7\u00f5es, adi\u00e7\u00f5es, exclus\u00f5es e corre\u00e7\u00f5es neste website, a qualquer momento e sem aviso pr\u00e9vio. A Octapharma AG tamb\u00e9m poder\u00e1 retirar o acesso a este website a qualquer momento, sem aviso pr\u00e9vio.<\/p>\n<\/div>\n\n<div class=\"default-block container\">\n<p>A Octapharma AG pode, a qualquer momento, rever os Termos de utiliza\u00e7\u00e3o, atualizando as suas publica\u00e7\u00f5es. Ao ter acesso ao VWDtest.com, est\u00e1 sujeito a estas atualiza\u00e7\u00f5es e dever\u00e1, portanto, visitar periodicamente esta p\u00e1gina para rever os termos de utiliza\u00e7\u00e3o e garantir que entende os termos que se aplicam naquele momento.<\/p>\n<\/div>\n\n<div class=\"default-block container\">\n<h2>Prote\u00e7\u00e3o contra os v\u00edrus<\/h2>\n<\/div>\n\n<div class=\"default-block container\">\n<p>A Octapharma AG n\u00e3o garante nem declara que este website ou e-mails recebidos por parte da Octapharma AG ser\u00e3o cont\u00ednuos ou livres de v\u00edrus ou de outros situa\u00e7\u00f5es nocivas ao utilizador. A Octapharma AG (incluindo os seus diretores, empresas afiliadas, executivos, colaboradores, agentes, contratados, sucessores e mandat\u00e1rios) n\u00e3o assume a responsabilidade por qualquer dano causado ao equipamento do utilizador, resultando do acesso a este website, da transfer\u00eancia de qualquer conte\u00fado ou caso receba e-mails por parte da Octapharma AG. <\/p>\n<\/div>\n\n<div class=\"default-block container\">\n<h2>Informa\u00e7\u00e3o m\u00e9dica<\/h2>\n<\/div>\n\n<div class=\"default-block container\">\n<p>O conte\u00fado m\u00e9dico do website foi desenvolvido e aprovado pelo Grupo Internacional de Especialistas. Para al\u00e9m disso, as informa\u00e7\u00f5es n\u00e3o se destinam a fornecer informa\u00e7\u00f5es m\u00e9dicas completas. Dever\u00e1 consultar sempre o seu m\u00e9dico de modo a ter toda a informa\u00e7\u00e3o m\u00e9dica necess\u00e1ria sobre os medicamentos ou dispositivos m\u00e9dicos prescritos (incluindo os benef\u00edcios e poss\u00edveis efeitos adversos), e dever\u00e1 discutir qual a melhor utiliza\u00e7\u00e3o de qualquer medicamento\/dispositivo m\u00e9dico diretamente com seu m\u00e9dico prescritor ou outro profissional de sa\u00fade. A informa\u00e7\u00e3o m\u00e9dica fornecida n\u00e3o constitui e n\u00e3o pretende constituir qualquer incentivo \u00e0 aquisi\u00e7\u00e3o, compra, prescri\u00e7\u00e3o, venda ou administra\u00e7\u00e3o de qualquer produto da Octapharma.<\/p>\n<\/div>\n\n<div class=\"default-block container\">\n<h2>Prote\u00e7\u00e3o de direitos de autor<\/h2>\n<\/div>\n\n<div class=\"default-block container\">\n<p>Os direitos de autor de todo o conte\u00fado t\u00e9cnico-cient\u00edfico presente neste website s\u00e3o propriedade da Octapharma AG, salvo indica\u00e7\u00e3o em contr\u00e1rio.<\/p>\n<\/div>\n\n<div class=\"default-block container\">\n<p>A Octapharma AG reserva-se a todos os direitos sobre o conte\u00fado e design deste website. Salvo nas ocasi\u00f5es em que haja uma autoriza\u00e7\u00e3o por escrito por parte da Octapharma AG, n\u00e3o poder\u00e3o ser reproduzidos, utilizados ou copiados quaisquer conte\u00fados deste website, incluindo nomes, logotipos, designs, informa\u00e7\u00f5es de produtos e qualquer outro material\/informa\u00e7\u00e3o utilizado neste website (doravante denominados \u201cInforma\u00e7\u00f5es\u201d ). N\u00e3o \u00e9 permitida a utiliza\u00e7\u00e3o de nenhuma Informa\u00e7\u00e3o para fins comerciais, nem \u00e9 permitido que qualquer Informa\u00e7\u00e3o seja retirada ou incorporada noutro website sem permiss\u00e3o pr\u00e9via por escrito da Octapharma AG.<\/p>\n<\/div>\n\n<div class=\"default-block container\">\n<p>Todas as Informa\u00e7\u00f5es referidas neste website s\u00e3o propriedade da Octapharma AG e n\u00e3o dever\u00e3o ser utilizadas, no todo ou em parte, em qualquer jurisdi\u00e7\u00e3o sem o consentimento pr\u00e9vio por escrito da Octapharma AG. Assim, tamb\u00e9m n\u00e3o dever\u00e3o ser utilizados quaisquer gr\u00e1ficos que sejam substancialmente semelhantes a qualquer marca, logotipo ou nome mencionado neste website.<\/p>\n<\/div>\n\n<div class=\"default-block container\">\n<h2>Sem garantias ou representa\u00e7\u00e3o<\/h2>\n<\/div>\n\n<div class=\"default-block container\">\n<p>As informa\u00e7\u00f5es s\u00e3o fornecidas \u201ccomo est\u00e3o\u201d e sem garantias de qualquer tipo, expressas ou impl\u00edcitas.<\/p>\n<\/div>\n\n<div class=\"default-block container\">\n<p>Em toda a extens\u00e3o permitida por lei, a Octapharma AG isenta-se expressamente de todas as representa\u00e7\u00f5es e garantias, expressas ou impl\u00edcitas, em conex\u00e3o com ou em rela\u00e7\u00e3o a este site &#8211; incluindo, sem limita\u00e7\u00e3o, quaisquer representa\u00e7\u00f5es ou garantias de qualquer tipo em rela\u00e7\u00e3o a:<\/p>\n<\/div>\n\n<div class=\"default-block container\">\n<ul>\n\n\n\n<\/ul>\n<\/div>\n\n<div class=\"default-block container\">\n<h2>C\u00f3digo de conduta aplic\u00e1vel<\/h2>\n<\/div>\n\n<div class=\"default-block container\">\n<p>A Octapharma AG est\u00e1 empenhada em cumprir as disposi\u00e7\u00f5es do C\u00f3digo de Pr\u00e1ticas da IFPMA. A vers\u00e3o mais recente do referido c\u00f3digo pode ser encontrada no seguinte link:<a href=\"https:\/\/www.ifpma.org\/resource-centre\/ifpma-code-of-practice\/\" target=\"_blank\" rel=\"noreferrer noopener\">https:\/\/www.ifpma.org\/resource-centre\/ifpma-code-of-practice\/<\/a><\/p>\n<\/div>\n\n<div class=\"default-block container\">\n<h2>Limita\u00e7\u00e3o de responsabilidades<\/h2>\n<\/div>\n\n<div class=\"default-block container\">\n<p>Em nenhum caso a Octapharma AG (incluindo seus diretores, afiliados, executivos, funcion\u00e1rios, agentes, contratados, sucessores e cession\u00e1rios) ser\u00e1 respons\u00e1vel por quaisquer danos diretos, indiretos, punitivos, incidentais, especiais, consequenciais ou quaisquer danos de qualquer natureza, incluindo, sem limita\u00e7\u00e3o, danos por perda de uso, dados, lucros ou oportunidades perdidas, decorrentes ou de alguma forma relacionados ao uso ou desempenho deste site.<\/p>\n<\/div>\n\n<div class=\"default-block container\">\n<h2>Site de terceiros<\/h2>\n<\/div>\n\n<div class=\"default-block container\">\n<p>Para sua conveni\u00eancia, a Octapharma AG poder\u00e1 fornecer, neste site, links para sites operados por outras entidades. Se usar esses sites, sair\u00e1 deste. Se decidir visitar qualquer site vinculado, f\u00e1-lo-\u00e1 por sua pr\u00f3pria conta e risco e \u00e9 da sua responsabilidade tomar todas as medidas de prote\u00e7\u00e3o contra v\u00edrus ou outros elementos destrutivos.<\/p>\n<\/div>\n\n<div class=\"default-block container\">\n<p>A Octapharma AG (incluindo seus diretores, afiliados, executivos, funcion\u00e1rios, agentes, contratados, sucessores e cession\u00e1rios) n\u00e3o oferece nenhuma garantia ou representa\u00e7\u00e3o em rela\u00e7\u00e3o a, e n\u00e3o endossa, quaisquer sites vinculados ou as informa\u00e7\u00f5es neles exibidas ou qualquer um dos produtos ou servi\u00e7os neles descritos. <\/p>\n<\/div>\n\n<div class=\"default-block container\">\n<p>Os links n\u00e3o implicam que a Octapharma AG seja afiliada ou associada, ou esteja legalmente autorizada a usar qualquer marca registrada, nome comercial, logotipo ou s\u00edmbolo de direitos autorais exibido ou acess\u00edvel atrav\u00e9s dos links, ou que qualquer site vinculado esteja autorizado a usar qualquer marca registrada, nome comercial, logotipo ou s\u00edmbolo de direitos autorais da Octapharma AG.<\/p>\n<\/div>\n\n<div class=\"default-block container\">\n<p>Todos os links para este site devem ser aprovados pela Octapharma AG. A Octapharma AG reserva-se o direito de revogar este consentimento de vincula\u00e7\u00e3o a qualquer momento, a seu exclusivo crit\u00e9rio.<\/p>\n<\/div>\n\n<div class=\"default-block container\">\n<h2>Lei aplic\u00e1vel<\/h2>\n<\/div>\n\n<div class=\"default-block container\">\n<p>Estes termos de uso, bem como a declara\u00e7\u00e3o de privacidade e a resolu\u00e7\u00e3o de qualquer disputa relacionada a estes termos de uso e\/ou \u00e0 declara\u00e7\u00e3o de privacidade ser\u00e3o interpretados de acordo com as leis da Su\u00ed\u00e7a. O local de jurisdi\u00e7\u00e3o exclusivo ser\u00e1 Lachen, SZ, Su\u00ed\u00e7a.<\/p>\n<\/div>","protected":false},"excerpt":{"rendered":"<p>Termos de utiliza\u00e7\u00e3o Este website \u00e9 financiado pela Octapharma AG, Seidenstrasse 2, 8853 Lachen, Su\u00ed\u00e7a e \u00e9 desenvolvido em colabora\u00e7\u00e3o com os m\u00e9dicos especialistas Dr. Fernando Corrales-Medina (Professor Associado de Pediatria Cl\u00ednica, Universidade de Miami-Miller, Faculdade de Medicina, EUA), Professor Erik Berntorp (Professor de Investiga\u00e7\u00e3o Cl\u00ednica em Coagula\u00e7\u00e3o, Universidade de Lund, Su\u00e9cia) e sua equipa [&hellip;]<\/p>\n","protected":false},"author":1,"featured_media":0,"parent":0,"menu_order":0,"comment_status":"closed","ping_status":"closed","template":"front-page.php","meta":{"inline_featured_image":false},"acf":[],"yoast_head":"<!-- This site is optimized with the Yoast SEO plugin v20.4 - https:\/\/yoast.com\/wordpress\/plugins\/seo\/ -->\n<title>Declara\u00e7\u00e3o Legal - Portugal<\/title>\n<meta name=\"robots\" content=\"index, follow, max-snippet:-1, max-image-preview:large, max-video-preview:-1\" \/>\n<link rel=\"canonical\" href=\"https:\/\/vwdtest.com\/pt\/legal-statement\/\" \/>\n<meta property=\"og:locale\" content=\"en_US\" \/>\n<meta property=\"og:type\" content=\"article\" \/>\n<meta property=\"og:title\" content=\"Declara\u00e7\u00e3o Legal - Portugal\" \/>\n<meta property=\"og:description\" content=\"Termos de utiliza\u00e7\u00e3o Este website \u00e9 financiado pela Octapharma AG, Seidenstrasse 2, 8853 Lachen, Su\u00ed\u00e7a e \u00e9 desenvolvido em colabora\u00e7\u00e3o com os m\u00e9dicos especialistas Dr. Fernando Corrales-Medina (Professor Associado de Pediatria Cl\u00ednica, Universidade de Miami-Miller, Faculdade de Medicina, EUA), Professor Erik Berntorp (Professor de Investiga\u00e7\u00e3o Cl\u00ednica em Coagula\u00e7\u00e3o, Universidade de Lund, Su\u00e9cia) e sua equipa [&hellip;]\" \/>\n<meta property=\"og:url\" content=\"https:\/\/vwdtest.com\/pt\/legal-statement\/\" \/>\n<meta property=\"og:site_name\" content=\"Portugal\" \/>\n<meta property=\"article:modified_time\" content=\"2024-05-27T16:26:51+00:00\" \/>\n<meta name=\"twitter:card\" content=\"summary_large_image\" \/>\n<meta name=\"twitter:label1\" content=\"Est. reading time\" \/>\n\t<meta name=\"twitter:data1\" content=\"5 minutes\" \/>\n<script type=\"application\/ld+json\" class=\"yoast-schema-graph\">{\"@context\":\"https:\/\/schema.org\",\"@graph\":[{\"@type\":\"WebPage\",\"@id\":\"https:\/\/vwdtest.com\/pt\/legal-statement\/\",\"url\":\"https:\/\/vwdtest.com\/pt\/legal-statement\/\",\"name\":\"Declara\u00e7\u00e3o Legal - Portugal\",\"isPartOf\":{\"@id\":\"https:\/\/vwdtest.com\/pt\/#website\"},\"datePublished\":\"2023-02-21T21:22:33+00:00\",\"dateModified\":\"2024-05-27T16:26:51+00:00\",\"breadcrumb\":{\"@id\":\"https:\/\/vwdtest.com\/pt\/legal-statement\/#breadcrumb\"},\"inLanguage\":\"en-US\",\"potentialAction\":[{\"@type\":\"ReadAction\",\"target\":[\"https:\/\/vwdtest.com\/pt\/legal-statement\/\"]}]},{\"@type\":\"BreadcrumbList\",\"@id\":\"https:\/\/vwdtest.com\/pt\/legal-statement\/#breadcrumb\",\"itemListElement\":[{\"@type\":\"ListItem\",\"position\":1,\"name\":\"Home\",\"item\":\"https:\/\/vwdtest.com\/pt\/\"},{\"@type\":\"ListItem\",\"position\":2,\"name\":\"Declara\u00e7\u00e3o Legal\"}]},{\"@type\":\"WebSite\",\"@id\":\"https:\/\/vwdtest.com\/pt\/#website\",\"url\":\"https:\/\/vwdtest.com\/pt\/\",\"name\":\"Portugal\",\"description\":\"\",\"potentialAction\":[{\"@type\":\"SearchAction\",\"target\":{\"@type\":\"EntryPoint\",\"urlTemplate\":\"https:\/\/vwdtest.com\/pt\/?s={search_term_string}\"},\"query-input\":\"required name=search_term_string\"}],\"inLanguage\":\"en-US\"}]}<\/script>\n<!-- \/ Yoast SEO plugin. -->","yoast_head_json":{"title":"Declara\u00e7\u00e3o Legal - Portugal","robots":{"index":"index","follow":"follow","max-snippet":"max-snippet:-1","max-image-preview":"max-image-preview:large","max-video-preview":"max-video-preview:-1"},"canonical":"https:\/\/vwdtest.com\/pt\/legal-statement\/","og_locale":"en_US","og_type":"article","og_title":"Declara\u00e7\u00e3o Legal - Portugal","og_description":"Termos de utiliza\u00e7\u00e3o Este website \u00e9 financiado pela Octapharma AG, Seidenstrasse 2, 8853 Lachen, Su\u00ed\u00e7a e \u00e9 desenvolvido em colabora\u00e7\u00e3o com os m\u00e9dicos especialistas Dr. Fernando Corrales-Medina (Professor Associado de Pediatria Cl\u00ednica, Universidade de Miami-Miller, Faculdade de Medicina, EUA), Professor Erik Berntorp (Professor de Investiga\u00e7\u00e3o Cl\u00ednica em Coagula\u00e7\u00e3o, Universidade de Lund, Su\u00e9cia) e sua equipa [&hellip;]","og_url":"https:\/\/vwdtest.com\/pt\/legal-statement\/","og_site_name":"Portugal","article_modified_time":"2024-05-27T16:26:51+00:00","twitter_card":"summary_large_image","twitter_misc":{"Est. reading time":"5 minutes"},"schema":{"@context":"https:\/\/schema.org","@graph":[{"@type":"WebPage","@id":"https:\/\/vwdtest.com\/pt\/legal-statement\/","url":"https:\/\/vwdtest.com\/pt\/legal-statement\/","name":"Declara\u00e7\u00e3o Legal - Portugal","isPartOf":{"@id":"https:\/\/vwdtest.com\/pt\/#website"},"datePublished":"2023-02-21T21:22:33+00:00","dateModified":"2024-05-27T16:26:51+00:00","breadcrumb":{"@id":"https:\/\/vwdtest.com\/pt\/legal-statement\/#breadcrumb"},"inLanguage":"en-US","potentialAction":[{"@type":"ReadAction","target":["https:\/\/vwdtest.com\/pt\/legal-statement\/"]}]},{"@type":"BreadcrumbList","@id":"https:\/\/vwdtest.com\/pt\/legal-statement\/#breadcrumb","itemListElement":[{"@type":"ListItem","position":1,"name":"Home","item":"https:\/\/vwdtest.com\/pt\/"},{"@type":"ListItem","position":2,"name":"Declara\u00e7\u00e3o Legal"}]},{"@type":"WebSite","@id":"https:\/\/vwdtest.com\/pt\/#website","url":"https:\/\/vwdtest.com\/pt\/","name":"Portugal","description":"","potentialAction":[{"@type":"SearchAction","target":{"@type":"EntryPoint","urlTemplate":"https:\/\/vwdtest.com\/pt\/?s={search_term_string}"},"query-input":"required name=search_term_string"}],"inLanguage":"en-US"}]}},"_links":{"self":[{"href":"https:\/\/vwdtest.com\/pt\/wp-json\/wp\/v2\/pages\/263"}],"collection":[{"href":"https:\/\/vwdtest.com\/pt\/wp-json\/wp\/v2\/pages"}],"about":[{"href":"https:\/\/vwdtest.com\/pt\/wp-json\/wp\/v2\/types\/page"}],"author":[{"embeddable":true,"href":"https:\/\/vwdtest.com\/pt\/wp-json\/wp\/v2\/users\/1"}],"replies":[{"embeddable":true,"href":"https:\/\/vwdtest.com\/pt\/wp-json\/wp\/v2\/comments?post=263"}],"version-history":[{"count":10,"href":"https:\/\/vwdtest.com\/pt\/wp-json\/wp\/v2\/pages\/263\/revisions"}],"predecessor-version":[{"id":2604,"href":"https:\/\/vwdtest.com\/pt\/wp-json\/wp\/v2\/pages\/263\/revisions\/2604"}],"wp:attachment":[{"href":"https:\/\/vwdtest.com\/pt\/wp-json\/wp\/v2\/media?parent=263"}],"curies":[{"name":"wp","href":"https:\/\/api.w.org\/{rel}","templated":true}]}}