{"id":259,"date":"2023-02-21T21:13:32","date_gmt":"2023-02-21T21:13:32","guid":{"rendered":"https:\/\/new.vwdtest.com\/pt\/?page_id=259"},"modified":"2024-06-07T14:58:21","modified_gmt":"2024-06-07T14:58:21","slug":"hcp-vwd","status":"publish","type":"page","link":"https:\/\/vwdtest.com\/pt\/hcp-vwd\/","title":{"rendered":"Profissionais de Sa\u00fade &amp; DVW"},"content":{"rendered":"\r\n\r\n<div class=\"container hb\">\r\n\t<div class=\"row\">\r\n\t\t<div class=\"col-12 col-lg-6 rtl\">\t\t<div class=\"hb__video ltr\">\r\n\t\t\t<div class=\"hb__video-img play_video\" data-video=\"video_hba\"><img decoding=\"async\" src=\"https:\/\/vwdtest.com\/pt\/wp-content\/uploads\/sites\/33\/2023\/12\/VWD-thumbs-Corrales-English.png\"\r\n\t\t\t\t\tclass=\"hb__video-image\"><\/div>\r\n\t\t\t<div class=\"hb__video-text\">\r\n\t\t\t\t<h3 class=\"hb__video-title\">\r\n\t\t\t\t\tSaiba mais sobre o VWDtest\t\t\t\t<\/h3>\r\n\t\t\t\t<button id=\"hcp_video\" class=\"hb__video-button button__large play_video\" data-video=\"video_hba\">\r\n\t\t\t\t\tVisualizar\t\t\t\t<\/button>\r\n\t\t\t<\/div>\r\n\t\t<\/div>\r\n\t\t<div class=\"hb__add-text\">\r\n\t\t\t<p>O VWDtest.com foi desenvolvido pelo Dr. Fernando Corrales-Medina (Professor Associado de Pediatria Cl\u00ednica, Universidade de Miami-Miller School of Medicine, EUA), pelo Professor Erik Berntorp (Professor de Investiga\u00e7\u00e3o Cl\u00ednica na \u00e1rea da Coagula\u00e7\u00e3o, Universidade de Lund, Su\u00e9cia) e pela sua equipa de especialistas internacionais em dist\u00farbios hemorr\u00e1gicos, para responder \u00e0s suas perguntas sobre sintomas hemorr\u00e1gicos an\u00f3malos e doen\u00e7a de von Willebrand (DVW).<\/p>\n\t\t<\/div>\r\n\t\t<h1>\r\n\t\t\tEM CONJUNTO: CUIDAR DAS PESSOAS COM A DVW\t\t<\/h1>\r\n\t\t<ul>\n<li>Os seus doentes est\u00e3o preocupados com hemorragias nasais ou per\u00edodos menstruais abundantes?<\/li>\n<li>Os pais est\u00e3o preocupados com o facto dos seus filhos se magoarem mais facilmente?<\/li>\n<li>Foi contactado por algum doente com a doen\u00e7a de von Willebrand que necessitava de tratamento, ou por um doente de longa data que foi recentemente diagnosticado com a doen\u00e7a?<\/li>\n<li>Questiona-se se, durante uma cirurgia realizada recentemente, o facto de ter ocorrido uma hemorragia, poder\u00e1 sugerir que o doente tem um dist\u00farbio hemorr\u00e1gico n\u00e3o diagnosticado?<\/li>\n<\/ul>\n<p>Muitos doentes com a DVW n\u00e3o est\u00e3o conscientes da sua doen\u00e7a e o seu diagn\u00f3stico \u00e9 um desafio para todos. O VWDtest.com poder\u00e1 ajud\u00e1-lo na identifica\u00e7\u00e3o e no diagn\u00f3stico dos doentes com dist\u00farbios hemorr\u00e1gicos. Poder\u00e1 tamb\u00e9m encontrar orienta\u00e7\u00e3o sobre qual \u00e9 o seu papel em todas as etapas do percurso do doente e aconselhamento por parte de especialistas na DVW. O diagn\u00f3stico e a gest\u00e3o da DVW s\u00e3o sempre esfor\u00e7os multidisciplinares, e a sua contribui\u00e7\u00e3o e conhecimentos s\u00e3o essenciais para garantir que os doentes tenham o melhor tratamento poss\u00edvel.<\/p>\n\t<\/div>\r\n\t<div class=\"col-12 col-lg-6\">\r\n\t<div class=\"hb__persons row\">\r\n\t\t\t\t\t\t\t\t\r\n\t\t\t\t<div class=\"hb__person col-6\" id=\"person_1\">\r\n\t\t\t\t\t<img decoding=\"async\" class=\"hb__person-image hbi\" src=\"https:\/\/vwdtest.com\/pt\/wp-content\/uploads\/sites\/33\/2023\/02\/gynaecologist.png\"\r\n\t\t\t\t\t\talt=\"DVW E A GINECOLOGIA \/ OBSTETR\u00cdCIA\">\r\n\t\t\t\t\t<a href=\"https:\/\/vwdtest.com\/pt\/vwd-and-gynaecology-obstetrics\/\" class=\"hb__person-button hbb\">\r\n\t\t\t\t\t\t<div class=\"hb__person-text\">\r\n\t\t\t\t\t\t\t<span class=\"hb__person-content\">\r\n\t\t\t\t\t\t\t\tDVW E A GINECOLOGIA \/ OBSTETR\u00cdCIA<span class=\"hb__person-content-arrow\"><\/span>\r\n\t\t\t\t\t\t\t<\/span>\r\n\t\t\t\t\t\t\t<span class=\"hb__person-bg\">\r\n\t\t\t\t\t\t\t\t<span class=\"hb__person-arrow triangle up hba\"><\/span>\r\n\t\t\t\t\t\t\t<\/span>\r\n\t\t\t\t\t\t<\/div>\r\n\t\t\t\t\t<\/a>\r\n\t\t\t\t<\/div>\r\n\t\t\t\t\t\t\t\r\n\t\t\t\t<div class=\"hb__person col-6\" id=\"person_2\">\r\n\t\t\t\t\t<img decoding=\"async\" class=\"hb__person-image hbi\" src=\"https:\/\/vwdtest.com\/pt\/wp-content\/uploads\/sites\/33\/2023\/02\/dentist.png\"\r\n\t\t\t\t\t\talt=\"A DVW E A MEDICINA DENT\u00c1RIA\">\r\n\t\t\t\t\t<a href=\"https:\/\/vwdtest.com\/pt\/vwd-and-denstistry\/\" class=\"hb__person-button hbb\">\r\n\t\t\t\t\t\t<div class=\"hb__person-text\">\r\n\t\t\t\t\t\t\t<span class=\"hb__person-content\">\r\n\t\t\t\t\t\t\t\tA DVW E A MEDICINA DENT\u00c1RIA<span class=\"hb__person-content-arrow\"><\/span>\r\n\t\t\t\t\t\t\t<\/span>\r\n\t\t\t\t\t\t\t<span class=\"hb__person-bg\">\r\n\t\t\t\t\t\t\t\t<span class=\"hb__person-arrow triangle up hba\"><\/span>\r\n\t\t\t\t\t\t\t<\/span>\r\n\t\t\t\t\t\t<\/div>\r\n\t\t\t\t\t<\/a>\r\n\t\t\t\t<\/div>\r\n\t\t\t\t\t\t\t\r\n\t\t\t\t<div class=\"hb__person col-6\" id=\"person_3\">\r\n\t\t\t\t\t<img decoding=\"async\" class=\"hb__person-image hbi\" src=\"https:\/\/vwdtest.com\/pt\/wp-content\/uploads\/sites\/33\/2023\/02\/family-doctor.png\"\r\n\t\t\t\t\t\talt=\"M\u00c9DICO DE FAM\u00cdLIA \/ PEDIATRA\">\r\n\t\t\t\t\t<a href=\"https:\/\/vwdtest.com\/pt\/family-doctor-paediatrician\/\" class=\"hb__person-button hbb\">\r\n\t\t\t\t\t\t<div class=\"hb__person-text\">\r\n\t\t\t\t\t\t\t<span class=\"hb__person-content\">\r\n\t\t\t\t\t\t\t\tM\u00c9DICO DE FAM\u00cdLIA \/ PEDIATRA<span class=\"hb__person-content-arrow\"><\/span>\r\n\t\t\t\t\t\t\t<\/span>\r\n\t\t\t\t\t\t\t<span class=\"hb__person-bg\">\r\n\t\t\t\t\t\t\t\t<span class=\"hb__person-arrow triangle up hba\"><\/span>\r\n\t\t\t\t\t\t\t<\/span>\r\n\t\t\t\t\t\t<\/div>\r\n\t\t\t\t\t<\/a>\r\n\t\t\t\t<\/div>\r\n\t\t\t\t\t\t\t\r\n\t\t\t\t<div class=\"hb__person col-6\" id=\"person_4\">\r\n\t\t\t\t\t<img decoding=\"async\" class=\"hb__person-image hbi\" src=\"https:\/\/vwdtest.com\/pt\/wp-content\/uploads\/sites\/33\/2023\/02\/resources.png\"\r\n\t\t\t\t\t\talt=\"Recursos para cl\u00ednicos\">\r\n\t\t\t\t\t<a href=\"https:\/\/vwdtest.com\/pt\/clinician-materials\/\" class=\"hb__person-button hbb\">\r\n\t\t\t\t\t\t<div class=\"hb__person-text\">\r\n\t\t\t\t\t\t\t<span class=\"hb__person-content\">\r\n\t\t\t\t\t\t\t\tRecursos para cl\u00ednicos<span class=\"hb__person-content-arrow\"><\/span>\r\n\t\t\t\t\t\t\t<\/span>\r\n\t\t\t\t\t\t\t<span class=\"hb__person-bg\">\r\n\t\t\t\t\t\t\t\t<span class=\"hb__person-arrow triangle up hba\"><\/span>\r\n\t\t\t\t\t\t\t<\/span>\r\n\t\t\t\t\t\t<\/div>\r\n\t\t\t\t\t<\/a>\r\n\t\t\t\t<\/div>\r\n\t\t\t\t\t\t\t\t\t\t<\/div>\r\n<\/div>\r\n<!-- <div class=\"row\">\r\n\t<div class=\"col-12 col-lg-5\">\r\n\t\t<div class=\"hb__video\">\r\n\t\t\t<div class=\"hb__video-img play_video\" data-video=\"video_hba\"><img decoding=\"async\" src=\"https:\/\/vwdtest.com\/pt\/wp-content\/uploads\/sites\/33\/2023\/12\/VWD-thumbs-Corrales-English.png\"\r\n\t\t\t\t\tclass=\"hb__video-image\"><\/div>\r\n\t\t\t<div class=\"hb__video-text\">\r\n\t\t\t\t<h3 class=\"hb__video-title\">\r\n\t\t\t\t\tSaiba mais sobre o VWDtest\t\t\t\t<\/h3>\r\n\t\t\t\t<button class=\"hb__video-button button__large play_video\" data-video=\"video_hba\">\r\n\t\t\t\t\tVisualizar\t\t\t\t<\/button>\r\n\t\t\t<\/div>\r\n\t\t<\/div>\r\n\t<\/div>\r\n\t<div class=\"col-12 col-lg-7\">\r\n\t\t<div class=\"hb__add-text\">\r\n\t\t\t<p>O VWDtest.com foi desenvolvido pelo Dr. Fernando Corrales-Medina (Professor Associado de Pediatria Cl\u00ednica, Universidade de Miami-Miller School of Medicine, EUA), pelo Professor Erik Berntorp (Professor de Investiga\u00e7\u00e3o Cl\u00ednica na \u00e1rea da Coagula\u00e7\u00e3o, Universidade de Lund, Su\u00e9cia) e pela sua equipa de especialistas internacionais em dist\u00farbios hemorr\u00e1gicos, para responder \u00e0s suas perguntas sobre sintomas hemorr\u00e1gicos an\u00f3malos e doen\u00e7a de von Willebrand (DVW).<\/p>\n\t\t<\/div>\r\n\t<\/div>\r\n<\/div> -->\r\n<\/div>\r\n\r\n<div class=\"video\" id=\"video_hba\">\r\n\t<div class=\"video__box\">\r\n\t\t<div class=\"popup-close-icon\"><img\r\n\t\t\t\tsrc=\"https:\/\/vwdtest.com\/fr\/wp-content\/uploads\/sites\/22\/2023\/09\/cross-icon1.svg\" alt=\"cross-icon\">\r\n\t\t<\/div>\r\n\t\t<video width=\"320\" height=\"240\" controls>\r\n\t\t\t<source src=\"https:\/\/vwdtest.com\/pt\/wp-content\/uploads\/sites\/33\/2024\/02\/VWD-Test_Main-Video_Corrales_English-PT-sub.mp4\" type=\"video\/mp4\">\r\n\t\t\tYour browser does not support the video tag.\r\n\t\t\t\t\t<\/video>\r\n\t<\/div>\r\n<\/div>","protected":false},"excerpt":{"rendered":"","protected":false},"author":1,"featured_media":0,"parent":0,"menu_order":0,"comment_status":"closed","ping_status":"closed","template":"front-page.php","meta":{"inline_featured_image":false},"acf":[],"yoast_head":"<!-- This site is optimized with the Yoast SEO plugin v20.4 - https:\/\/yoast.com\/wordpress\/plugins\/seo\/ -->\n<title>Profissionais de Sa\u00fade &amp; DVW - Portugal<\/title>\n<meta name=\"robots\" content=\"index, follow, max-snippet:-1, max-image-preview:large, max-video-preview:-1\" \/>\n<link rel=\"canonical\" href=\"https:\/\/vwdtest.com\/pt\/hcp-vwd\/\" \/>\n<meta property=\"og:locale\" content=\"en_US\" \/>\n<meta property=\"og:type\" content=\"article\" \/>\n<meta property=\"og:title\" content=\"Profissionais de Sa\u00fade &amp; DVW - Portugal\" \/>\n<meta property=\"og:url\" content=\"https:\/\/vwdtest.com\/pt\/hcp-vwd\/\" \/>\n<meta property=\"og:site_name\" content=\"Portugal\" \/>\n<meta property=\"article:modified_time\" content=\"2024-06-07T14:58:21+00:00\" \/>\n<meta name=\"twitter:card\" content=\"summary_large_image\" \/>\n<script type=\"application\/ld+json\" class=\"yoast-schema-graph\">{\"@context\":\"https:\/\/schema.org\",\"@graph\":[{\"@type\":\"WebPage\",\"@id\":\"https:\/\/vwdtest.com\/pt\/hcp-vwd\/\",\"url\":\"https:\/\/vwdtest.com\/pt\/hcp-vwd\/\",\"name\":\"Profissionais de Sa\u00fade &amp; DVW - Portugal\",\"isPartOf\":{\"@id\":\"https:\/\/vwdtest.com\/pt\/#website\"},\"datePublished\":\"2023-02-21T21:13:32+00:00\",\"dateModified\":\"2024-06-07T14:58:21+00:00\",\"breadcrumb\":{\"@id\":\"https:\/\/vwdtest.com\/pt\/hcp-vwd\/#breadcrumb\"},\"inLanguage\":\"en-US\",\"potentialAction\":[{\"@type\":\"ReadAction\",\"target\":[\"https:\/\/vwdtest.com\/pt\/hcp-vwd\/\"]}]},{\"@type\":\"BreadcrumbList\",\"@id\":\"https:\/\/vwdtest.com\/pt\/hcp-vwd\/#breadcrumb\",\"itemListElement\":[{\"@type\":\"ListItem\",\"position\":1,\"name\":\"Home\",\"item\":\"https:\/\/vwdtest.com\/pt\/\"},{\"@type\":\"ListItem\",\"position\":2,\"name\":\"Profissionais de Sa\u00fade &amp; DVW\"}]},{\"@type\":\"WebSite\",\"@id\":\"https:\/\/vwdtest.com\/pt\/#website\",\"url\":\"https:\/\/vwdtest.com\/pt\/\",\"name\":\"Portugal\",\"description\":\"\",\"potentialAction\":[{\"@type\":\"SearchAction\",\"target\":{\"@type\":\"EntryPoint\",\"urlTemplate\":\"https:\/\/vwdtest.com\/pt\/?s={search_term_string}\"},\"query-input\":\"required name=search_term_string\"}],\"inLanguage\":\"en-US\"}]}<\/script>\n<!-- \/ Yoast SEO plugin. -->","yoast_head_json":{"title":"Profissionais de Sa\u00fade &amp; DVW - Portugal","robots":{"index":"index","follow":"follow","max-snippet":"max-snippet:-1","max-image-preview":"max-image-preview:large","max-video-preview":"max-video-preview:-1"},"canonical":"https:\/\/vwdtest.com\/pt\/hcp-vwd\/","og_locale":"en_US","og_type":"article","og_title":"Profissionais de Sa\u00fade &amp; DVW - Portugal","og_url":"https:\/\/vwdtest.com\/pt\/hcp-vwd\/","og_site_name":"Portugal","article_modified_time":"2024-06-07T14:58:21+00:00","twitter_card":"summary_large_image","schema":{"@context":"https:\/\/schema.org","@graph":[{"@type":"WebPage","@id":"https:\/\/vwdtest.com\/pt\/hcp-vwd\/","url":"https:\/\/vwdtest.com\/pt\/hcp-vwd\/","name":"Profissionais de Sa\u00fade &amp; DVW - Portugal","isPartOf":{"@id":"https:\/\/vwdtest.com\/pt\/#website"},"datePublished":"2023-02-21T21:13:32+00:00","dateModified":"2024-06-07T14:58:21+00:00","breadcrumb":{"@id":"https:\/\/vwdtest.com\/pt\/hcp-vwd\/#breadcrumb"},"inLanguage":"en-US","potentialAction":[{"@type":"ReadAction","target":["https:\/\/vwdtest.com\/pt\/hcp-vwd\/"]}]},{"@type":"BreadcrumbList","@id":"https:\/\/vwdtest.com\/pt\/hcp-vwd\/#breadcrumb","itemListElement":[{"@type":"ListItem","position":1,"name":"Home","item":"https:\/\/vwdtest.com\/pt\/"},{"@type":"ListItem","position":2,"name":"Profissionais de Sa\u00fade &amp; DVW"}]},{"@type":"WebSite","@id":"https:\/\/vwdtest.com\/pt\/#website","url":"https:\/\/vwdtest.com\/pt\/","name":"Portugal","description":"","potentialAction":[{"@type":"SearchAction","target":{"@type":"EntryPoint","urlTemplate":"https:\/\/vwdtest.com\/pt\/?s={search_term_string}"},"query-input":"required name=search_term_string"}],"inLanguage":"en-US"}]}},"_links":{"self":[{"href":"https:\/\/vwdtest.com\/pt\/wp-json\/wp\/v2\/pages\/259"}],"collection":[{"href":"https:\/\/vwdtest.com\/pt\/wp-json\/wp\/v2\/pages"}],"about":[{"href":"https:\/\/vwdtest.com\/pt\/wp-json\/wp\/v2\/types\/page"}],"author":[{"embeddable":true,"href":"https:\/\/vwdtest.com\/pt\/wp-json\/wp\/v2\/users\/1"}],"replies":[{"embeddable":true,"href":"https:\/\/vwdtest.com\/pt\/wp-json\/wp\/v2\/comments?post=259"}],"version-history":[{"count":62,"href":"https:\/\/vwdtest.com\/pt\/wp-json\/wp\/v2\/pages\/259\/revisions"}],"predecessor-version":[{"id":2641,"href":"https:\/\/vwdtest.com\/pt\/wp-json\/wp\/v2\/pages\/259\/revisions\/2641"}],"wp:attachment":[{"href":"https:\/\/vwdtest.com\/pt\/wp-json\/wp\/v2\/media?parent=259"}],"curies":[{"name":"wp","href":"https:\/\/api.w.org\/{rel}","templated":true}]}}