{"id":19,"date":"2023-02-13T13:51:56","date_gmt":"2023-02-13T13:51:56","guid":{"rendered":"https:\/\/new.vwdtest.com\/pt\/?page_id=19"},"modified":"2024-06-12T09:57:24","modified_gmt":"2024-06-12T09:57:24","slug":"von-willebrand-disease","status":"publish","type":"page","link":"https:\/\/vwdtest.com\/pt\/von-willebrand-disease\/","title":{"rendered":"SAIBA MAIS SOBRE A DOEN\u00c7A DE VON WILLEBRAND"},"content":{"rendered":"<div class=\"default-block container\">\n<h2>A doen\u00e7a de von Willebrand (DVW) \u00e9 o dist\u00farbio hemorr\u00e1gico mais comum.<\/h2>\n<\/div>\n\n<div class=\"default-block container\">\n<h5 class=\"bleeding-symptoms-title live\">Quando um vaso sangu\u00edneo \u00e9 danificado, alguns gl\u00f3bulos vermelhos unem-se para fechar a ferida e parar a hemorragia. Este processo chama-se coagula\u00e7\u00e3o. Nas pessoas com dist\u00farbios hemorr\u00e1gicos, como a DVW ou a Hemofilia, a coagula\u00e7\u00e3o do sangue n\u00e3o funciona corretamente. Assim, as pessoas com a DVW t\u00eam tend\u00eancia a ter hemorragias com mais frequ\u00eancia e mais prolongadas, por exemplo, hemorragias nasais, das gengivas ou ap\u00f3s pequenas feridas. As mulheres com a DVW t\u00eam frequentemente per\u00edodos menstruais abundantes. Nas pessoas com a DVW, as hemorragias s\u00e3o provocadas por uma defici\u00eancia qualitativa ou quantitativa do fator de von Willebrand (FVW), que \u00e9 importante para a coagula\u00e7\u00e3o do sangue.<sup>1<\/sup><\/h5>\n<\/div>\n\n<img decoding=\"async\" src=\"https:\/\/vwdtest.com\/pt\/wp-content\/uploads\/sites\/33\/2023\/02\/hero2.webp\" alt=\"SAIBA MAIS SOBRE A DOEN\u00c7A DE VON WILLEBRAND\" class=\"page_thumbnail d-xl-none\">\r\n\n\n<div class=\"default-block container\">\n<figure class=\"wp-block-image size-full\"><img decoding=\"async\" loading=\"lazy\" width=\"1024\" height=\"510\" src=\"https:\/\/vwdtest.com\/pt\/wp-content\/uploads\/sites\/33\/2023\/03\/Illustration-01-1024x510-1.png\" alt=\"\" class=\"wp-image-323\" srcset=\"https:\/\/vwdtest.com\/pt\/wp-content\/uploads\/sites\/33\/2023\/03\/Illustration-01-1024x510-1.png 1024w, https:\/\/vwdtest.com\/pt\/wp-content\/uploads\/sites\/33\/2023\/03\/Illustration-01-1024x510-1-300x149.png 300w, https:\/\/vwdtest.com\/pt\/wp-content\/uploads\/sites\/33\/2023\/03\/Illustration-01-1024x510-1-768x383.png 768w\" sizes=\"(max-width: 1024px) 100vw, 1024px\" \/><\/figure>\n<\/div>\n\n<div class=\"default-block container\">\n<h2><strong>O fator de von Willebrand (FVW) \u00e9 importante para a coagula\u00e7\u00e3o do sangue.<\/strong><\/h2>\n<\/div>\n\n<div class=\"default-block container\">\n<p class=\"full\">O FVW \u00e9 uma prote\u00edna que circula no sangue. \u00c9 produzido por c\u00e9lulas, nos vasos sangu\u00edneos e ossos, e libertado na corrente sangu\u00ednea. Em caso de les\u00e3o, o FVW atua em conjunto com outras prote\u00ednas do corpo, de modo a parar a hemorragia e a formar um co\u00e1gulo de sangue. Em pessoas com a DVW, o corpo n\u00e3o produz FVW suficiente ou este n\u00e3o funciona corretamente. Como resultado, a coagula\u00e7\u00e3o do sangue n\u00e3o funciona corretamente e a hemorragia pode ser prolongada.<sup>2<\/sup><\/p>\n<\/div>\n\n\r\n\r\n<div class=\"styledBox\">\r\n    <h2 class=\"styledBox__title\">Existem tr\u00eas tipos da DVW<\/h2>\r\n\r\n    <ul class=\"styledBox__list\">\r\n            <li class=\"styledBox__item\">\r\n            <p>DVW Tipo 1: Cerca de 3 em cada 4 pessoas com a DVW t\u00eam o tipo 1, tornando-o o tipo de doen\u00e7a mais comum. Estas pessoas t\u00eam n\u00edveis baixos de FVW.<sup>2<\/sup><\/p>\n        <\/li>\r\n            <li class=\"styledBox__item\">\r\n            <p>DVW Tipo 2: Em pessoas com a DVW tipo 2, o FVW n\u00e3o funciona corretamente.<sup>2<\/sup><\/p>\n        <\/li>\r\n            <li class=\"styledBox__item\">\r\n            <p>DVW Tipo 3: Esta \u00e9 a forma mais rara da doen\u00e7a, frequentemente, mais grave do que o tipo 1 ou 2. As pessoas com a DVW tipo 3 t\u00eam n\u00edveis muito baixos de FVW.<sup>2<\/sup><\/p>\n        <\/li>\r\n        <\/ul>\r\n<\/div>\n\n<div class=\"default-block container\">\n<h2>Qual \u00e9 a diferen\u00e7a entre a DVW e a Hemofilia?<\/h2>\n<\/div>\n\n<div class=\"default-block container\">\n<p class=\"full\">Tanto a DVW como a Hemofilia s\u00e3o dist\u00farbios hemorr\u00e1gicos. Em qualquer das doen\u00e7as, as pessoas t\u00eam um risco de hemorragia elevado, no entanto os locais do corpo onde as hemorragias normalmente ocorrem s\u00e3o diferentes. Os dist\u00farbios s\u00e3o provocados pelo d\u00e9fice de prote\u00ednas diferentes: no caso da DVW, o dist\u00farbio \u00e9 provocado pelo d\u00e9fice qualitativo ou quantitativo de FVW, enquanto que na Hemofilia ocorre d\u00e9fice parcial ou total de fator VIII ou de fator IX. Estas diferen\u00e7as significam que as doen\u00e7as t\u00eam tratamentos diferentes.<sup>3,4<\/sup><\/p>\n<\/div>\n\n<div class=\"default-block container\">\n<h2><strong>A DVW pode ser tratada.<\/strong><\/h2>\n<\/div>\n\n<div class=\"default-block container\">\n<p>N\u00e3o existe uma cura para a DVW, contudo existem tratamentos eficazes. A maior parte das pessoas com a DVW tem sintomas ligeiros que conseguem ultrapassar no seu dia-a-dia. No entanto, existem pessoas com formas mais graves da doen\u00e7a, que sofrem hemorragias mais frequentes e com maior impacto nas suas vidas.<sup>1<\/sup><\/p>\n<\/div>\n\n<div class=\"default-block container\">\n<p>Caso sofra da DVW, \u00e9 importante que esteja registado num centro de refer\u00eancia local especializado em dist\u00farbios hemorr\u00e1gicos. Os profissionais do centro de refer\u00eancia poder\u00e3o responder a todas as suas d\u00favidas e poder\u00e3o orient\u00e1-lo na gest\u00e3o da doen\u00e7a, para que possa viver uma vida normal.<\/p>\n<\/div>\n\n<div class=\"default-block container\">\n<p>\u00c9 tamb\u00e9m recomend\u00e1vel que contacte uma associa\u00e7\u00e3o de doentes. Existem mais pessoas com dist\u00farbios hemorr\u00e1gicos do que possa imaginar e estas disponibilizar-se-\u00e3o para partilhar as suas experi\u00eancias consigo.<\/p>\n<\/div>\n\n<div class=\"default-block container\">\n<div class=\"is-layout-flex wp-container-3 wp-block-columns are-vertically-aligned-center\">\n<div class=\"is-layout-flow wp-block-column is-vertically-aligned-center\"><div class=\"default-block container\">\n<figure class=\"wp-block-image aligncenter size-full\"><img decoding=\"async\" loading=\"lazy\" width=\"259\" height=\"325\" src=\"https:\/\/vwdtest.com\/pt\/wp-content\/uploads\/sites\/33\/2023\/02\/Illustration-03.png\" alt=\"\" class=\"wp-image-26\" srcset=\"https:\/\/vwdtest.com\/pt\/wp-content\/uploads\/sites\/33\/2023\/02\/Illustration-03.png 259w, https:\/\/vwdtest.com\/pt\/wp-content\/uploads\/sites\/33\/2023\/02\/Illustration-03-239x300.png 239w\" sizes=\"(max-width: 259px) 100vw, 259px\" \/><\/figure>\n<\/div><\/div>\n\n\n\n<div class=\"is-layout-flow wp-block-column is-vertically-aligned-center\"><div class=\"default-block container\">\n<h2>At\u00e9 1% da popula\u00e7\u00e3o mundial pode ter a DVW.<\/h2>\n<\/div>\n\n<div class=\"default-block container\">\n<p>A DVW \u00e9 normalmente heredit\u00e1ria e afeta tanto o sexo masculino como o feminino, de todas as idades, incluindo crian\u00e7as. As mulheres est\u00e3o mais predispostas a ter sintomas da DVW do que os homens, por causa das hemorragias durante a menstrua\u00e7\u00e3o, a gravidez e o parto.<\/p>\n<\/div>\n\n<div class=\"default-block container\">\n<p>Muitas pessoas t\u00eam sintomas ligeiros e n\u00e3o t\u00eam consci\u00eancia que t\u00eam a DVW.<\/p>\n<\/div>\n\n<div class=\"default-block container\">\n<p><br><br><\/p>\n<\/div><\/div>\n<\/div>\n<\/div>\n\n<div class=\"default-block container\">\n<div class=\"is-layout-flex wp-container-8 wp-block-columns are-vertically-aligned-center\">\n<div class=\"is-layout-flow wp-block-column is-vertically-aligned-center\"><div class=\"default-block container\">\n<div class=\"is-layout-flex wp-container-6 wp-block-columns\">\n<div class=\"is-layout-flow wp-block-column\"><div class=\"default-block container\">\n<h2>As pessoas com a DVW geralmente demoram muitos anos at\u00e9 conseguirem ter o diagn\u00f3stico correto.<\/h2>\n<\/div>\n\n<div class=\"default-block container\">\n<p class=\"orange\">\u00c9 muitas vezes dif\u00edcil dizer se uma hemorragia \u00e9 normal ou n\u00e3o. Al\u00e9m disso, a maior parte das pessoas n\u00e3o sabe o que s\u00e3o dist\u00farbios hemorr\u00e1gicos tal como a DVW. Por estas raz\u00f5es, as pessoas com a DVW esperam muitos anos, desde os primeiros sintomas at\u00e9 ao diagn\u00f3stico final. Este atraso \u00e9 superior para as mulheres do que para os homens. Sem um diagn\u00f3stico e um tratamento, os doentes podem sofrer de hemorragias frequentes, de d\u00e9fice de ferro, de dores e de redu\u00e7\u00e3o da qualidade de vida. Mesmo que no dia-a-dia os sintomas da hemorragia sejam ligeiros, existe sempre um risco de hemorragia grave durante uma cirurgia ou na sequ\u00eancia de um acidente.<sup>1<\/sup><\/p>\n<\/div>\n\n<div class=\"default-block container\">\n<p>Assim, \u00e9 fundamental estar ciente dos sintomas de hemorragia e dos dist\u00farbios hemorr\u00e1gicos como a DVW. Se tem d\u00favida sobre alguma hemorragia que tenha tido, fa\u00e7a o teste hemorr\u00e1gico.<\/p>\n<\/div><\/div>\n\n\n\n<div class=\"is-layout-flow wp-block-column is-vertically-aligned-center\"><div class=\"default-block container\">\n<figure class=\"wp-block-image aligncenter size-full is-style-default\"><img decoding=\"async\" loading=\"lazy\" width=\"480\" height=\"331\" src=\"https:\/\/vwdtest.com\/pt\/wp-content\/uploads\/sites\/33\/2023\/02\/Fill-47-1.png\" alt=\"\" class=\"wp-image-50\" srcset=\"https:\/\/vwdtest.com\/pt\/wp-content\/uploads\/sites\/33\/2023\/02\/Fill-47-1.png 480w, https:\/\/vwdtest.com\/pt\/wp-content\/uploads\/sites\/33\/2023\/02\/Fill-47-1-300x207.png 300w\" sizes=\"(max-width: 480px) 100vw, 480px\" \/><\/figure>\n<\/div><\/div>\n<\/div>\n<\/div><\/div>\n<\/div>\n<\/div>\n\n<div class=\"default-block container\">\n<h2><strong><strong>Para diagnosticar a DVW \u00e9 necess\u00e1rio conhecer a hist\u00f3ria hemorr\u00e1gica, mas tamb\u00e9m realizar an\u00e1lises laboratoriais.<\/strong><\/strong><\/h2>\n<\/div>\n\n<div class=\"default-block container\">\n<p class=\"full\">A DVW \u00e9 rara e nem todos os m\u00e9dicos est\u00e3o familiarizados com a doen\u00e7a. Assim, o diagn\u00f3stico definitivo dever\u00e1 ser feito por um m\u00e9dico especialista em dist\u00farbios hemorr\u00e1gicos. O diagn\u00f3stico da DVW tem v\u00e1rias etapas. Inicialmente, o m\u00e9dico necessita de perceber se o doente j\u00e1 teve hemorragias ou eventualmente se algum familiar tamb\u00e9m j\u00e1 teve. A esta informa\u00e7\u00e3o chamamos \u201chist\u00f3ria hemorr\u00e1gica\u201d. De modo a avaliar toda a hist\u00f3ria hemorr\u00e1gica, o seu m\u00e9dico ir\u00e1 fazer-lhe um conjunto de perguntas. Se a hist\u00f3ria hemorr\u00e1gica sugerir que pode ter um dist\u00farbio hemorr\u00e1gico, o seu sangue ser\u00e1 enviado para an\u00e1lises laboratoriais.<sup>1<\/sup> Consoante for o resultado, o seu m\u00e9dico dar-lhe-\u00e1 o diagn\u00f3stico definitivo.<\/p>\n<\/div>\n\n<div class=\"default-block container\">\n<p class=\"full\"><strong><strong>Quanto mais cedo tiver o seu diagn\u00f3stico, mais cedo poder\u00e1 escolher o tratamento e estilo de vida.<\/strong><\/strong><\/p>\n<\/div>\n\n<div class=\"default-block container\">\n<h6>Refer\u00eancias<\/h6>\n<\/div>\n\n<div class=\"default-block container\">\n<ol><div class=\"default-block container\">\n<li>Corrales-Medina FF et al. <em>Blood Rev <\/em>2022; 101018.<a id=\"_msocom_1\"><\/a><\/li>\n<\/div>\n\n<div class=\"default-block container\">\n<li><a id=\"_msocom_1\"><\/a>Leebeek FWG and Eikenboom JCJ. <em>N Engl J Med<\/em> 2016; 21:2067-80.<\/li>\n<\/div>\n\n<div class=\"default-block container\">\n<li>Srivastava A et al. <em>Haemophilia <\/em>2020; 26(Suppl 6):1-158.<\/li>\n<\/div>\n\n<div class=\"default-block container\">\n<li>Connell NT et al. <em>Blood Adv <\/em>2021; 5:301-25.<\/li>\n<\/div><\/ol>\n<\/div>","protected":false},"excerpt":{"rendered":"<p>A doen\u00e7a de von Willebrand (DVW) \u00e9 o dist\u00farbio hemorr\u00e1gico mais comum. Quando um vaso sangu\u00edneo \u00e9 danificado, alguns gl\u00f3bulos vermelhos unem-se para fechar a ferida e parar a hemorragia. Este processo chama-se coagula\u00e7\u00e3o. Nas pessoas com dist\u00farbios hemorr\u00e1gicos, como a DVW ou a Hemofilia, a coagula\u00e7\u00e3o do sangue n\u00e3o funciona corretamente. Assim, as pessoas [&hellip;]<\/p>\n","protected":false},"author":1,"featured_media":231,"parent":0,"menu_order":0,"comment_status":"closed","ping_status":"closed","template":"","meta":{"inline_featured_image":false},"acf":[],"yoast_head":"<!-- This site is optimized with the Yoast SEO plugin v20.4 - https:\/\/yoast.com\/wordpress\/plugins\/seo\/ -->\n<title>SAIBA MAIS SOBRE A DOEN\u00c7A DE VON WILLEBRAND - Portugal<\/title>\n<meta name=\"robots\" content=\"index, follow, max-snippet:-1, max-image-preview:large, max-video-preview:-1\" \/>\n<link rel=\"canonical\" href=\"https:\/\/vwdtest.com\/pt\/von-willebrand-disease\/\" \/>\n<meta property=\"og:locale\" content=\"en_US\" \/>\n<meta property=\"og:type\" content=\"article\" \/>\n<meta property=\"og:title\" content=\"SAIBA MAIS SOBRE A DOEN\u00c7A DE VON WILLEBRAND - Portugal\" \/>\n<meta property=\"og:description\" content=\"A doen\u00e7a de von Willebrand (DVW) \u00e9 o dist\u00farbio hemorr\u00e1gico mais comum. Quando um vaso sangu\u00edneo \u00e9 danificado, alguns gl\u00f3bulos vermelhos unem-se para fechar a ferida e parar a hemorragia. Este processo chama-se coagula\u00e7\u00e3o. Nas pessoas com dist\u00farbios hemorr\u00e1gicos, como a DVW ou a Hemofilia, a coagula\u00e7\u00e3o do sangue n\u00e3o funciona corretamente. Assim, as pessoas [&hellip;]\" \/>\n<meta property=\"og:url\" content=\"https:\/\/vwdtest.com\/pt\/von-willebrand-disease\/\" \/>\n<meta property=\"og:site_name\" content=\"Portugal\" \/>\n<meta property=\"article:modified_time\" content=\"2024-06-12T09:57:24+00:00\" \/>\n<meta property=\"og:image\" content=\"https:\/\/vwdtest.com\/pt\/wp-content\/uploads\/sites\/33\/2023\/02\/hero2.webp\" \/>\n\t<meta property=\"og:image:width\" content=\"774\" \/>\n\t<meta property=\"og:image:height\" content=\"927\" \/>\n\t<meta property=\"og:image:type\" content=\"image\/webp\" \/>\n<meta name=\"twitter:card\" content=\"summary_large_image\" \/>\n<meta name=\"twitter:label1\" content=\"Est. reading time\" \/>\n\t<meta name=\"twitter:data1\" content=\"5 minutes\" \/>\n<script type=\"application\/ld+json\" class=\"yoast-schema-graph\">{\"@context\":\"https:\/\/schema.org\",\"@graph\":[{\"@type\":\"WebPage\",\"@id\":\"https:\/\/vwdtest.com\/pt\/von-willebrand-disease\/\",\"url\":\"https:\/\/vwdtest.com\/pt\/von-willebrand-disease\/\",\"name\":\"SAIBA MAIS SOBRE A DOEN\u00c7A DE VON WILLEBRAND - Portugal\",\"isPartOf\":{\"@id\":\"https:\/\/vwdtest.com\/pt\/#website\"},\"datePublished\":\"2023-02-13T13:51:56+00:00\",\"dateModified\":\"2024-06-12T09:57:24+00:00\",\"breadcrumb\":{\"@id\":\"https:\/\/vwdtest.com\/pt\/von-willebrand-disease\/#breadcrumb\"},\"inLanguage\":\"en-US\",\"potentialAction\":[{\"@type\":\"ReadAction\",\"target\":[\"https:\/\/vwdtest.com\/pt\/von-willebrand-disease\/\"]}]},{\"@type\":\"BreadcrumbList\",\"@id\":\"https:\/\/vwdtest.com\/pt\/von-willebrand-disease\/#breadcrumb\",\"itemListElement\":[{\"@type\":\"ListItem\",\"position\":1,\"name\":\"Home\",\"item\":\"https:\/\/vwdtest.com\/pt\/\"},{\"@type\":\"ListItem\",\"position\":2,\"name\":\"SAIBA MAIS SOBRE A DOEN\u00c7A DE VON WILLEBRAND\"}]},{\"@type\":\"WebSite\",\"@id\":\"https:\/\/vwdtest.com\/pt\/#website\",\"url\":\"https:\/\/vwdtest.com\/pt\/\",\"name\":\"Portugal\",\"description\":\"\",\"potentialAction\":[{\"@type\":\"SearchAction\",\"target\":{\"@type\":\"EntryPoint\",\"urlTemplate\":\"https:\/\/vwdtest.com\/pt\/?s={search_term_string}\"},\"query-input\":\"required name=search_term_string\"}],\"inLanguage\":\"en-US\"}]}<\/script>\n<!-- \/ Yoast SEO plugin. -->","yoast_head_json":{"title":"SAIBA MAIS SOBRE A DOEN\u00c7A DE VON WILLEBRAND - Portugal","robots":{"index":"index","follow":"follow","max-snippet":"max-snippet:-1","max-image-preview":"max-image-preview:large","max-video-preview":"max-video-preview:-1"},"canonical":"https:\/\/vwdtest.com\/pt\/von-willebrand-disease\/","og_locale":"en_US","og_type":"article","og_title":"SAIBA MAIS SOBRE A DOEN\u00c7A DE VON WILLEBRAND - Portugal","og_description":"A doen\u00e7a de von Willebrand (DVW) \u00e9 o dist\u00farbio hemorr\u00e1gico mais comum. Quando um vaso sangu\u00edneo \u00e9 danificado, alguns gl\u00f3bulos vermelhos unem-se para fechar a ferida e parar a hemorragia. Este processo chama-se coagula\u00e7\u00e3o. Nas pessoas com dist\u00farbios hemorr\u00e1gicos, como a DVW ou a Hemofilia, a coagula\u00e7\u00e3o do sangue n\u00e3o funciona corretamente. Assim, as pessoas [&hellip;]","og_url":"https:\/\/vwdtest.com\/pt\/von-willebrand-disease\/","og_site_name":"Portugal","article_modified_time":"2024-06-12T09:57:24+00:00","og_image":[{"width":774,"height":927,"url":"https:\/\/vwdtest.com\/pt\/wp-content\/uploads\/sites\/33\/2023\/02\/hero2.webp","type":"image\/webp"}],"twitter_card":"summary_large_image","twitter_misc":{"Est. reading time":"5 minutes"},"schema":{"@context":"https:\/\/schema.org","@graph":[{"@type":"WebPage","@id":"https:\/\/vwdtest.com\/pt\/von-willebrand-disease\/","url":"https:\/\/vwdtest.com\/pt\/von-willebrand-disease\/","name":"SAIBA MAIS SOBRE A DOEN\u00c7A DE VON WILLEBRAND - Portugal","isPartOf":{"@id":"https:\/\/vwdtest.com\/pt\/#website"},"datePublished":"2023-02-13T13:51:56+00:00","dateModified":"2024-06-12T09:57:24+00:00","breadcrumb":{"@id":"https:\/\/vwdtest.com\/pt\/von-willebrand-disease\/#breadcrumb"},"inLanguage":"en-US","potentialAction":[{"@type":"ReadAction","target":["https:\/\/vwdtest.com\/pt\/von-willebrand-disease\/"]}]},{"@type":"BreadcrumbList","@id":"https:\/\/vwdtest.com\/pt\/von-willebrand-disease\/#breadcrumb","itemListElement":[{"@type":"ListItem","position":1,"name":"Home","item":"https:\/\/vwdtest.com\/pt\/"},{"@type":"ListItem","position":2,"name":"SAIBA MAIS SOBRE A DOEN\u00c7A DE VON WILLEBRAND"}]},{"@type":"WebSite","@id":"https:\/\/vwdtest.com\/pt\/#website","url":"https:\/\/vwdtest.com\/pt\/","name":"Portugal","description":"","potentialAction":[{"@type":"SearchAction","target":{"@type":"EntryPoint","urlTemplate":"https:\/\/vwdtest.com\/pt\/?s={search_term_string}"},"query-input":"required name=search_term_string"}],"inLanguage":"en-US"}]}},"_links":{"self":[{"href":"https:\/\/vwdtest.com\/pt\/wp-json\/wp\/v2\/pages\/19"}],"collection":[{"href":"https:\/\/vwdtest.com\/pt\/wp-json\/wp\/v2\/pages"}],"about":[{"href":"https:\/\/vwdtest.com\/pt\/wp-json\/wp\/v2\/types\/page"}],"author":[{"embeddable":true,"href":"https:\/\/vwdtest.com\/pt\/wp-json\/wp\/v2\/users\/1"}],"replies":[{"embeddable":true,"href":"https:\/\/vwdtest.com\/pt\/wp-json\/wp\/v2\/comments?post=19"}],"version-history":[{"count":105,"href":"https:\/\/vwdtest.com\/pt\/wp-json\/wp\/v2\/pages\/19\/revisions"}],"predecessor-version":[{"id":2655,"href":"https:\/\/vwdtest.com\/pt\/wp-json\/wp\/v2\/pages\/19\/revisions\/2655"}],"wp:featuredmedia":[{"embeddable":true,"href":"https:\/\/vwdtest.com\/pt\/wp-json\/wp\/v2\/media\/231"}],"wp:attachment":[{"href":"https:\/\/vwdtest.com\/pt\/wp-json\/wp\/v2\/media?parent=19"}],"curies":[{"name":"wp","href":"https:\/\/api.w.org\/{rel}","templated":true}]}}