{"id":138,"date":"2023-02-16T10:15:43","date_gmt":"2023-02-16T10:15:43","guid":{"rendered":"https:\/\/new.vwdtest.com\/pt\/?page_id=138"},"modified":"2025-09-26T12:15:02","modified_gmt":"2025-09-26T12:15:02","slug":"heavy-periods","status":"publish","type":"page","link":"https:\/\/vwdtest.com\/pt\/heavy-periods\/","title":{"rendered":"TENHO MENSTRUA\u00c7\u00d5ES ABUNDANTES"},"content":{"rendered":"<div class=\"default-block container\">\n<h3>As suas menstrua\u00e7\u00f5es s\u00e3o muito abundantes ou muito prolongadas?<\/h3>\n<\/div>\n\n<div class=\"default-block container\">\n<h5 class=\"bleeding-symptoms-title help live\">Durante o per\u00edodo menstrual, sente-se constantemente cansada e tem dificuldade em se concentrar durante as aulas ou no trabalho? Sente-se t\u00e3o cansada que evita sair? Sofre de c\u00f3licas menstruais dolorosas? Fica com falta de ar ap\u00f3s um exerc\u00edcio f\u00edsico leve? No ver\u00e3o, tem receio de usar roupas brancas por causa das hemorragias?<\/h5>\n<\/div>\n\n<img decoding=\"async\" src=\"https:\/\/vwdtest.com\/pt\/wp-content\/uploads\/sites\/33\/2023\/02\/periods.webp\" alt=\"TENHO MENSTRUA\u00c7\u00d5ES ABUNDANTES\" class=\"page_thumbnail d-xl-none\">\r\n\n\n<div class=\"default-block container\">\n<h3>Causa das menstrua\u00e7\u00f5es abundantes<\/h3>\n<\/div>\n\n<div class=\"default-block container\">\n<p class=\"full\">Existem diversas causas poss\u00edveis para uma hemorragia menstrual abundante. Saber a causa exata \u00e9 fundamental para selecionar o tratamento adequado.3 Cerca de 1 em cada 5 mulheres com hemorragia menstrual abundante tem um dist\u00farbio hemorr\u00e1gico heredit\u00e1rio. O dist\u00farbio hemorr\u00e1gico mais comum \u00e9 a doen\u00e7a de von Willebrand (DVW). Quase todas as mulheres com a DVW sofrem de hemorragias menstruais abundantes. Infelizmente, a DVW \u00e9 muitas vezes ignorada como causa de hemorragia menstrual abundante. Al\u00e9m disso, alguns tratamentos destinados ao controlo da hemorragia menstrual abundante poder\u00e3o n\u00e3o proteger as mulheres com a DVW de outras complica\u00e7\u00f5es da doen\u00e7a. Sem um diagn\u00f3stico, estas mulheres permanecem em risco de hemorragia excessiva durante a gravidez, bem como durante e no p\u00f3s-parto. A DVW \u00e9 trat\u00e1vel, portanto, se o diagn\u00f3stico for conhecido antes da gravidez, a hemorragia poder\u00e1 ser controlada e as mulheres com a DVW poder\u00e3o ter gravidezes normais.2,4<\/p>\n<\/div>\n\n<div class=\"default-block container\">\n<h3>Pode n\u00e3o ser a \u00fanica pessoa da sua fam\u00edlia com menstrua\u00e7\u00f5es abundantes<\/h3>\n<\/div>\n\n<div class=\"default-block container\">\n<p class=\"full\">Se tem d\u00favidas sobre a sua menstrua\u00e7\u00e3o, \u00e9 prov\u00e1vel que j\u00e1 tenha abordado este tema com outras mulheres da sua fam\u00edlia. A sua m\u00e3e, uma tia ou uma irm\u00e3 podem ter hemorragias semelhantes e dizer-lhe que a sua menstrua\u00e7\u00e3o \u00e9 normal. No entanto, tal nem sempre corresponde \u00e0 verdade. Entre outras causas, a hemorragia menstrual abundante poder\u00e1 ser causada por dist\u00farbios hemorr\u00e1gicos heredit\u00e1rios.2,3 Estes dist\u00farbios podem afetar v\u00e1rios membros da fam\u00edlia. Se a sua menstrua\u00e7\u00e3o afetar a sua vida di\u00e1ria e o seu bem-estar, recomendamos que consulte o seu m\u00e9dico e fale sobre a sua hemorragia.<\/p>\n<\/div>\n\n<div class=\"default-block container\">\n<h3>Descubra se a sua hemorragia \u00e9 normal<\/h3>\n<\/div>\n\n<div class=\"default-block container\">\n<p class=\"full\">Quando \u00e9 que a hemorragia se torna excessiva? \u00c0s vezes \u00e9 dif\u00edcil responder a esta pergunta. Os sinais t\u00edpicos de hemorragia menstrual abundante incluem hemorragias por mais de uma semana consecutiva, a necessidade de trocar o penso higi\u00e9nico ou o tamp\u00e3o com muita regularidade, exist\u00eancia de hemorragia na roupa ou nos len\u00e7\u00f3is e a forma\u00e7\u00e3o de grandes co\u00e1gulos sangu\u00edneos.5 De forma a ajud\u00e1-la a saber mais sobre a sua hemorragia menstrual, os investigadores desenvolveram uma tabela com um sistema simples de pontua\u00e7\u00e3o menstrual. Nesta tabela poder\u00e1 anotar quantos produtos higi\u00e9nicos usa por dia. Estas informa\u00e7\u00f5es ir\u00e3o ajud\u00e1-la e ao seu m\u00e9dico a descobrir se sofre de hemorragia menstrual abundante.6 <\/p>\n<div class=\"video test\" id=\"\">\n    <div class=\"video__box\">\n        <div class=\"popup-main-wrapper\">\n            <div class=\"popup-wrapper\">\n                <div class=\"popup-close-icon\"><img decoding=\"async\" src=\"https:\/\/vwdtest.com\/fr\/wp-content\/uploads\/sites\/22\/2023\/09\/cross-icon1.svg\" alt=\"cross-icon\">\n                <\/div>\n                \n            <\/div>\n        <\/div>\n    <\/div>\n<\/div>\n<\/div>\n\n<div class=\"default-block container\">\n<div style=\"height:30px\" aria-hidden=\"true\" class=\"wp-block-spacer\"><\/div>\n<\/div>\n\n<div class=\"default-block container\">\n<div class=\"is-content-justification-right is-layout-flex wp-container-1 wp-block-buttons\">\n<div class=\"wp-block-button download increase_download_count\"><a class=\"wp-block-button__link wp-element-button\" href=\"https:\/\/vwdtest.com\/pt\/wp-content\/uploads\/sites\/33\/2025\/09\/PBAC-0025-PT.pdf\" target=\"_blank\" rel=\"noreferrer noopener\" download>Descarregar a Tabela de Pontua\u00e7\u00e3o Menstrual<\/a><\/div>\n<\/div>\n<\/div>\n\n<div class=\"default-block container\">\n<p class=\"full\">Se respondeu \u201csim\u201d a qualquer uma destas quest\u00f5es, existe uma forte probabilidade de sofrer de hemorragias menstruais abundantes. A hemorragia menstrual abundante, ou menorragia, \u00e9 bastante comum e pode afetar significativamente a sua vida di\u00e1ria e a sua sa\u00fade f\u00edsica e\/ou mental. Cerca de 1 em cada 4 mulheres e meninas apresentam sintomas de hemorragia menstrual abundante ao longo da vida. Apesar de a hemorragia menstrual abundante ser frequente, \u00e9 muitas vezes ignorada. Isto significa que muitas mulheres e meninas sofrem desnecessariamente, porque as hemorragias menstruais abundantes s\u00e3o trat\u00e1veis.1-3 <\/p>\n<\/div>\n\n<div class=\"default-block container\">\n<div style=\"height:30px\" aria-hidden=\"true\" class=\"wp-block-spacer\"><\/div>\n<\/div>\n\n<div class=\"default-block container\">\n<div style=\"height:60px\" aria-hidden=\"true\" class=\"wp-block-spacer\"><\/div>\n<\/div>\n\n<div class=\"default-block container\">\n<p class=\"full\">Por vezes, as mulheres e as meninas com hemorragia menstrual abundante tamb\u00e9m sangram frequentemente do nariz ou das gengivas. A perda de sangue pode levar \u00e0 defici\u00eancia de ferro e a anemia, e a sentir-se cansada e exausta. Se teve algum destes sintomas ou teve hemorragias ap\u00f3s a extra\u00e7\u00e3o de dentes ou em outro pequeno procedimento cir\u00fargico, recomendamos que fa\u00e7a o teste hemorr\u00e1gico. Os investigadores desenvolveram este teste de forma a ajudar a descobrir se a sua hemorragia \u00e9 normal ou n\u00e3o.2 Demora apenas alguns minutos at\u00e9 ser conclu\u00eddo e dir-lhe-\u00e1 se deve consultar um m\u00e9dico por causa da sua hemorragia. Pode ser ainda mais importante se estiver prestes a ser submetida a uma cirurgia.<\/p>\n<\/div>\n\n<div class=\"default-block container\">\n<div class=\"is-content-justification-right is-layout-flex wp-container-2 wp-block-buttons\">\n<div class=\"wp-block-button take-test\"><a class=\"wp-block-button__link wp-element-button\" href=\"\/pt\/take-test\">Fa\u00e7a o teste<\/a><\/div>\n<\/div>\n<\/div>\n\n<div class=\"default-block container\">\n<h6>Refer\u00eancias<\/h6>\n<\/div>\n\n<div class=\"default-block container\">\n<ol type=\"1\">\n\nFraser IS et al. Int J Gynaecol Obstet 2015; 128:196-200.\nCorrales-Medina FF et al. Blood Rev 2023; 58:101018.\nhttps:\/\/www.acog.org\/womens-health\/faqs\/heavy-menstrual-bleeding; last accessed Jan 2023. \u2013 \u00faltimo acesso em jan. 2023\nhttps:\/\/www.cdc.gov\/ncbddd\/vwd\/women.html; last accessed Jan 2023. &#8211; \u00faltimo acesso em jan. 2023\nhttps:\/\/www.nhs.uk\/conditions\/heavy-periods\/; last accessed Jan 2023. &#8211; \u00faltimo acesso em jan. 2023\nHigham JM et al. Br J Obstet Gynaecol 1990; 97:734-9.\n\n<\/ol>\n<\/div>","protected":false},"excerpt":{"rendered":"<p>As suas menstrua\u00e7\u00f5es s\u00e3o muito abundantes ou muito prolongadas? Durante o per\u00edodo menstrual, sente-se constantemente cansada e tem dificuldade em se concentrar durante as aulas ou no trabalho? Sente-se t\u00e3o cansada que evita sair? Sofre de c\u00f3licas menstruais dolorosas? Fica com falta de ar ap\u00f3s um exerc\u00edcio f\u00edsico leve? No ver\u00e3o, tem receio de usar [&hellip;]<\/p>\n","protected":false},"author":1,"featured_media":227,"parent":0,"menu_order":0,"comment_status":"closed","ping_status":"closed","template":"","meta":{"inline_featured_image":false},"acf":[],"yoast_head":"<!-- This site is optimized with the Yoast SEO plugin v20.4 - https:\/\/yoast.com\/wordpress\/plugins\/seo\/ -->\n<title>TENHO MENSTRUA\u00c7\u00d5ES ABUNDANTES - Portugal<\/title>\n<meta name=\"robots\" content=\"index, follow, max-snippet:-1, max-image-preview:large, max-video-preview:-1\" \/>\n<link rel=\"canonical\" href=\"https:\/\/vwdtest.com\/pt\/heavy-periods\/\" \/>\n<meta property=\"og:locale\" content=\"en_US\" \/>\n<meta property=\"og:type\" content=\"article\" \/>\n<meta property=\"og:title\" content=\"TENHO MENSTRUA\u00c7\u00d5ES ABUNDANTES - Portugal\" \/>\n<meta property=\"og:description\" content=\"As suas menstrua\u00e7\u00f5es s\u00e3o muito abundantes ou muito prolongadas? Durante o per\u00edodo menstrual, sente-se constantemente cansada e tem dificuldade em se concentrar durante as aulas ou no trabalho? Sente-se t\u00e3o cansada que evita sair? Sofre de c\u00f3licas menstruais dolorosas? Fica com falta de ar ap\u00f3s um exerc\u00edcio f\u00edsico leve? No ver\u00e3o, tem receio de usar [&hellip;]\" \/>\n<meta property=\"og:url\" content=\"https:\/\/vwdtest.com\/pt\/heavy-periods\/\" \/>\n<meta property=\"og:site_name\" content=\"Portugal\" \/>\n<meta property=\"article:modified_time\" content=\"2025-09-26T12:15:02+00:00\" \/>\n<meta property=\"og:image\" content=\"https:\/\/vwdtest.com\/pt\/wp-content\/uploads\/sites\/33\/2023\/02\/periods.webp\" \/>\n\t<meta property=\"og:image:width\" content=\"674\" \/>\n\t<meta property=\"og:image:height\" content=\"929\" \/>\n\t<meta property=\"og:image:type\" content=\"image\/webp\" \/>\n<meta name=\"twitter:card\" content=\"summary_large_image\" \/>\n<meta name=\"twitter:label1\" content=\"Est. reading time\" \/>\n\t<meta name=\"twitter:data1\" content=\"4 minutes\" \/>\n<script type=\"application\/ld+json\" class=\"yoast-schema-graph\">{\"@context\":\"https:\/\/schema.org\",\"@graph\":[{\"@type\":\"WebPage\",\"@id\":\"https:\/\/vwdtest.com\/pt\/heavy-periods\/\",\"url\":\"https:\/\/vwdtest.com\/pt\/heavy-periods\/\",\"name\":\"TENHO MENSTRUA\u00c7\u00d5ES ABUNDANTES - Portugal\",\"isPartOf\":{\"@id\":\"https:\/\/vwdtest.com\/pt\/#website\"},\"datePublished\":\"2023-02-16T10:15:43+00:00\",\"dateModified\":\"2025-09-26T12:15:02+00:00\",\"breadcrumb\":{\"@id\":\"https:\/\/vwdtest.com\/pt\/heavy-periods\/#breadcrumb\"},\"inLanguage\":\"en-US\",\"potentialAction\":[{\"@type\":\"ReadAction\",\"target\":[\"https:\/\/vwdtest.com\/pt\/heavy-periods\/\"]}]},{\"@type\":\"BreadcrumbList\",\"@id\":\"https:\/\/vwdtest.com\/pt\/heavy-periods\/#breadcrumb\",\"itemListElement\":[{\"@type\":\"ListItem\",\"position\":1,\"name\":\"Home\",\"item\":\"https:\/\/vwdtest.com\/pt\/\"},{\"@type\":\"ListItem\",\"position\":2,\"name\":\"TENHO MENSTRUA\u00c7\u00d5ES ABUNDANTES\"}]},{\"@type\":\"WebSite\",\"@id\":\"https:\/\/vwdtest.com\/pt\/#website\",\"url\":\"https:\/\/vwdtest.com\/pt\/\",\"name\":\"Portugal\",\"description\":\"\",\"potentialAction\":[{\"@type\":\"SearchAction\",\"target\":{\"@type\":\"EntryPoint\",\"urlTemplate\":\"https:\/\/vwdtest.com\/pt\/?s={search_term_string}\"},\"query-input\":\"required name=search_term_string\"}],\"inLanguage\":\"en-US\"}]}<\/script>\n<!-- \/ Yoast SEO plugin. -->","yoast_head_json":{"title":"TENHO MENSTRUA\u00c7\u00d5ES ABUNDANTES - Portugal","robots":{"index":"index","follow":"follow","max-snippet":"max-snippet:-1","max-image-preview":"max-image-preview:large","max-video-preview":"max-video-preview:-1"},"canonical":"https:\/\/vwdtest.com\/pt\/heavy-periods\/","og_locale":"en_US","og_type":"article","og_title":"TENHO MENSTRUA\u00c7\u00d5ES ABUNDANTES - Portugal","og_description":"As suas menstrua\u00e7\u00f5es s\u00e3o muito abundantes ou muito prolongadas? Durante o per\u00edodo menstrual, sente-se constantemente cansada e tem dificuldade em se concentrar durante as aulas ou no trabalho? Sente-se t\u00e3o cansada que evita sair? Sofre de c\u00f3licas menstruais dolorosas? Fica com falta de ar ap\u00f3s um exerc\u00edcio f\u00edsico leve? No ver\u00e3o, tem receio de usar [&hellip;]","og_url":"https:\/\/vwdtest.com\/pt\/heavy-periods\/","og_site_name":"Portugal","article_modified_time":"2025-09-26T12:15:02+00:00","og_image":[{"width":674,"height":929,"url":"https:\/\/vwdtest.com\/pt\/wp-content\/uploads\/sites\/33\/2023\/02\/periods.webp","type":"image\/webp"}],"twitter_card":"summary_large_image","twitter_misc":{"Est. reading time":"4 minutes"},"schema":{"@context":"https:\/\/schema.org","@graph":[{"@type":"WebPage","@id":"https:\/\/vwdtest.com\/pt\/heavy-periods\/","url":"https:\/\/vwdtest.com\/pt\/heavy-periods\/","name":"TENHO MENSTRUA\u00c7\u00d5ES ABUNDANTES - Portugal","isPartOf":{"@id":"https:\/\/vwdtest.com\/pt\/#website"},"datePublished":"2023-02-16T10:15:43+00:00","dateModified":"2025-09-26T12:15:02+00:00","breadcrumb":{"@id":"https:\/\/vwdtest.com\/pt\/heavy-periods\/#breadcrumb"},"inLanguage":"en-US","potentialAction":[{"@type":"ReadAction","target":["https:\/\/vwdtest.com\/pt\/heavy-periods\/"]}]},{"@type":"BreadcrumbList","@id":"https:\/\/vwdtest.com\/pt\/heavy-periods\/#breadcrumb","itemListElement":[{"@type":"ListItem","position":1,"name":"Home","item":"https:\/\/vwdtest.com\/pt\/"},{"@type":"ListItem","position":2,"name":"TENHO MENSTRUA\u00c7\u00d5ES ABUNDANTES"}]},{"@type":"WebSite","@id":"https:\/\/vwdtest.com\/pt\/#website","url":"https:\/\/vwdtest.com\/pt\/","name":"Portugal","description":"","potentialAction":[{"@type":"SearchAction","target":{"@type":"EntryPoint","urlTemplate":"https:\/\/vwdtest.com\/pt\/?s={search_term_string}"},"query-input":"required name=search_term_string"}],"inLanguage":"en-US"}]}},"_links":{"self":[{"href":"https:\/\/vwdtest.com\/pt\/wp-json\/wp\/v2\/pages\/138"}],"collection":[{"href":"https:\/\/vwdtest.com\/pt\/wp-json\/wp\/v2\/pages"}],"about":[{"href":"https:\/\/vwdtest.com\/pt\/wp-json\/wp\/v2\/types\/page"}],"author":[{"embeddable":true,"href":"https:\/\/vwdtest.com\/pt\/wp-json\/wp\/v2\/users\/1"}],"replies":[{"embeddable":true,"href":"https:\/\/vwdtest.com\/pt\/wp-json\/wp\/v2\/comments?post=138"}],"version-history":[{"count":100,"href":"https:\/\/vwdtest.com\/pt\/wp-json\/wp\/v2\/pages\/138\/revisions"}],"predecessor-version":[{"id":2773,"href":"https:\/\/vwdtest.com\/pt\/wp-json\/wp\/v2\/pages\/138\/revisions\/2773"}],"wp:featuredmedia":[{"embeddable":true,"href":"https:\/\/vwdtest.com\/pt\/wp-json\/wp\/v2\/media\/227"}],"wp:attachment":[{"href":"https:\/\/vwdtest.com\/pt\/wp-json\/wp\/v2\/media?parent=138"}],"curies":[{"name":"wp","href":"https:\/\/api.w.org\/{rel}","templated":true}]}}