{"id":1091,"date":"2023-08-14T07:57:20","date_gmt":"2023-08-14T07:57:20","guid":{"rendered":"https:\/\/new.vwdtest.com\/pt\/?page_id=1091"},"modified":"2025-10-09T12:12:39","modified_gmt":"2025-10-09T12:12:39","slug":"family-doctor-paediatrician","status":"publish","type":"page","link":"https:\/\/vwdtest.com\/pt\/family-doctor-paediatrician\/","title":{"rendered":"M\u00c9DICO DE FAM\u00cdLIA \/ PEDIATRA"},"content":{"rendered":"<div class=\"default-block container\">\n<p><\/p><h5 class=\"bleeding-symptoms-title preocupado\"><strong>A maioria dos pacientes com dist\u00farbios hemorr\u00e1gicos cong\u00eanitos, como a <a href=\"\/pt\/von-willebrand-disease\/\">doen\u00e7a de von Willebrand<\/a> (DVW), apresenta os primeiros sintomas hemorr\u00e1gicos durante inf\u00e2ncia. Infelizmente, devido \u00e0 falta de conhecimento, ao diagn\u00f3stico complexo e aos sintomas leves, os pacientes apresentam atrasos de v\u00e1rios anos entre os primeiros sintomas hemorr\u00e1gicos e o diagn\u00f3stico de um dist\u00farbio hemorr\u00e1gico. Este atraso \u00e9 ainda mais pronunciado nas mulheres do que nos homens. Sem diagn\u00f3stico e tratamento adequado, as crian\u00e7as com um dist\u00farbio hemorr\u00e1gico n\u00e3o diagnosticado correm maior risco de sangramento grave, mesmo ap\u00f3s <a href=\"\/pt\/i-live-with-vwd\/#mental-health\">pequenos traumas<\/a> ou <a href=\"\/pt\/i-live-with-vwd\/#surgery\">cirurgias<\/a> de rotina. , como procedimentos odontol\u00f3gicos ou amigdalectomias.<sup>1-3<\/sup><\/strong><\/h5><p><\/p>\n<\/div>\n\n<img decoding=\"async\" src=\"https:\/\/vwdtest.com\/pt\/wp-content\/uploads\/sites\/33\/2023\/08\/paediatrician-img.png\" alt=\"M\u00c9DICO DE FAM\u00cdLIA \/ PEDIATRA\" class=\"page_thumbnail d-xl-none\">\r\n\n\n<div class=\"default-block container\">\n<p class=\"full\">As crian\u00e7as com a DVW tamb\u00e9m podem enfrentar desafios emocionais e comportamentais na escola e na vida familiar devido ao medo de terem hemorragias frequentes, podendo esta situa\u00e7\u00e3o levar ao absentismo escolar.<sup>4<\/sup> Para al\u00e9m disso, o medo de sofrer uma hemorragia pode tamb\u00e9m representar uma carga psicol\u00f3gica substancial para os cuidadores da crian\u00e7a e lev\u00e1-los a limitar as atividades f\u00edsicas e sociais que s\u00e3o t\u00e3o importantes para o desenvolvimento do seu filho.<sup>5<\/sup><\/p>\n<\/div>\n\n<div class=\"default-block container\">\n<h3>O papel dos m\u00e9dicos de fam\u00edlia e pediatras<\/h3>\n<\/div>\n\n<div class=\"default-block container\">\n<p>A DVW \u00e9 o dist\u00farbio hemorr\u00e1gico mais comum em crian\u00e7as.<sup>6<\/sup> Os sintomas hemorr\u00e1gicos mais frequentes em crian\u00e7as com a DVW incluem hematomas, hemorragias na boca e no nariz e hemorragias prolongadas em pequenas feridas e ap\u00f3s cirurgias.<sup>2<\/sup> Enquanto m\u00e9dico de fam\u00edlia ou pediatra \u00e9, normalmente, o primeiro profissional de sa\u00fade a estar em contacto com as crian\u00e7as que apresentam estes sintomas, e a sua tarefa ser\u00e1 determinar se a crian\u00e7a tem um padr\u00e3o hemorr\u00e1gico an\u00f3malo que mere\u00e7a uma investiga\u00e7\u00e3o mais aprofundada por um especialista.<sup>7<\/sup> Para adultos e crian\u00e7as com um poss\u00edvel dist\u00farbio hemorr\u00e1gico, fazer um historial hemorr\u00e1gico \u00e9 o primeiro passo para o diagn\u00f3stico. Ao avaliar o historial hemorr\u00e1gico de uma crian\u00e7a, \u00e9 crucial ter em considera\u00e7\u00e3o a idade e o estado de desenvolvimento do doente. Os beb\u00e9s que ainda n\u00e3o t\u00eam mobilidade, raramente mostram sinais de hematomas, mas podem apresentar hemorragias incomuns ap\u00f3s a circuncis\u00e3o ou a colheita de sangue.<sup>2,7<\/sup> \u00c0 medida que as crian\u00e7as se tornam mais aut\u00f3nomas, aparecem pequenos arranh\u00f5es e hematomas provocados por pancadas ou quedas. No entanto, os hematomas maiores ou que ocorrem com uma maior frequ\u00eancia podem levantar a suspeita de um dist\u00farbio hemorr\u00e1gico. Os hematomas em locais incomuns, como as costas ou o abd\u00f3men, podem tamb\u00e9m ocorrer em crian\u00e7as com a DVW. Estes hematomas podem ser confundidos com sinais de abuso infantil e os pais podem ficar preocupados com esta possibilidade.<sup>8<\/sup> Finalmente, quando as meninas entram na puberdade, as hemorragias menstruais abundantes tornam-se o sintoma hemorr\u00e1gico mais comum da DVW. Ao falar destes sintomas com os doentes e os seus cuidadores, \u00e9 importante incluir tamb\u00e9m o historial familiar de hemorragias, pois uma hemorragia an\u00f3mala recorrente pode ser desvalorizada no seio da fam\u00edlia.<sup>2,9<\/sup><\/p>\n<\/div>\n\n<div class=\"default-block container\">\n<p>Decidir se os sintomas de hemorragia s\u00e3o incomuns pode ser um desafio.<sup>7<\/sup> Numa primeira avalia\u00e7\u00e3o dos sintomas hemorr\u00e1gicos, e especialmente em doentes com cirurgia marcada, recomendamos que fa\u00e7a o nosso teste hemorr\u00e1gico com o seu doente.<\/p>\n<\/div>\n\n<div class=\"default-block container\">\n<p>O teste mostrar\u00e1 se h\u00e1 necessidade de fazer estudos adicionais \u2013 e poder\u00e1 mudar a vida do seu doente!<\/p>\n<\/div>\n\n<div class=\"default-block container\">\n<p>Um diagn\u00f3stico definitivo da DVW \u00e9 o resultado de um longo processo.<sup>2<\/sup> Portanto, recomendamos que entre em contacto com o centro de refer\u00eancia mais pr\u00f3ximo, caso seja indicada uma avalia\u00e7\u00e3o mais aprofundada do diagn\u00f3stico. As equipas multidisciplinares do centro de refer\u00eancia permitem oferecer aos doentes com dist\u00farbios hemorr\u00e1gicos um cuidado adequado. O VWDtest.com tamb\u00e9m oferece mais informa\u00e7\u00f5es sobre a etiologia, o diagn\u00f3stico e o tratamento da DVW, bem como informa\u00e7\u00f5es sobre o percurso dos doentes com a DVW.<\/p>\n<\/div>\n\n<div class=\"default-block container\">\n<h6>Refer\u00eancias<\/h6>\n<\/div>\n\n<div class=\"default-block container\">\n<ol type=\"1\"><div class=\"default-block container\">\n<li>Atiq F et al. <em>EClinicalMedicine<\/em> 2021; 32:100726.<\/li>\n<\/div>\n\n<div class=\"default-block container\">\n<li>Corrales-Medina FF et al. <em>Blood Rev <\/em>2023; 58:101018.<\/li>\n<\/div>\n\n<div class=\"default-block container\">\n<li>Patel PN et al. Int J <em>Pediatr Otorhinolaryngol<\/em> 2017; 100:216-22.<\/li>\n<\/div>\n\n<div class=\"default-block container\">\n<li>de Wee EM et al. <em>J Thromb Haemost<\/em> 2011; 9:502-9.<\/li>\n<\/div>\n\n<div class=\"default-block container\">\n<li><a target=\"_blank\" href=\"https:\/\/www.hemophilia.org\/sites\/default\/files\/document\/files\/nurses-guide-chapter-13a-child-development-with-bleeding-disorder-transition.pdf\" rel=\"noopener\">https:\/\/www.hemophilia.org\/sites\/default\/files\/document\/files\/nurses-guide-chapter-13a-child-development-with-bleeding-disorder-transition.pdf<\/a>; \u00faltimo acesso em mar\u00e7o de 2023.<\/li>\n<\/div>\n\n<div class=\"default-block container\">\n<li>Klaassen R and Halton <em>JM Paediatr Child Health<\/em> 2002; 7:245-9.<\/li>\n<\/div>\n\n<div class=\"default-block container\">\n<li>Van Ommen CH and Peters M. <em>Eur J Pediatr<\/em> 2012; 171:1-10.<\/li>\n<\/div>\n\n<div class=\"default-block container\">\n<li>Jackson J et al. <em>Child Abuse Negl<\/em> 2012; 36:127-34.<\/li>\n<\/div>\n\n<div class=\"default-block container\">\n<li>VanderMeulen H, et al. <em>Hematology Am Soc Hematol Educ Program<\/em> 2022 1: 631-6.<\/li>\n<\/div><\/ol>\n<\/div>","protected":false},"excerpt":{"rendered":"<p>A maioria dos pacientes com dist\u00farbios hemorr\u00e1gicos cong\u00eanitos, como a doen\u00e7a de von Willebrand (DVW), apresenta os primeiros sintomas hemorr\u00e1gicos durante inf\u00e2ncia. Infelizmente, devido \u00e0 falta de conhecimento, ao diagn\u00f3stico complexo e aos sintomas leves, os pacientes apresentam atrasos de v\u00e1rios anos entre os primeiros sintomas hemorr\u00e1gicos e o diagn\u00f3stico de um dist\u00farbio hemorr\u00e1gico. Este [&hellip;]<\/p>\n","protected":false},"author":1,"featured_media":1095,"parent":0,"menu_order":0,"comment_status":"closed","ping_status":"closed","template":"","meta":{"inline_featured_image":false},"acf":[],"yoast_head":"<!-- This site is optimized with the Yoast SEO plugin v20.4 - https:\/\/yoast.com\/wordpress\/plugins\/seo\/ -->\n<title>M\u00c9DICO DE FAM\u00cdLIA \/ PEDIATRA - Portugal<\/title>\n<meta name=\"robots\" content=\"index, follow, max-snippet:-1, max-image-preview:large, max-video-preview:-1\" \/>\n<link rel=\"canonical\" href=\"https:\/\/vwdtest.com\/pt\/family-doctor-paediatrician\/\" \/>\n<meta property=\"og:locale\" content=\"en_US\" \/>\n<meta property=\"og:type\" content=\"article\" \/>\n<meta property=\"og:title\" content=\"M\u00c9DICO DE FAM\u00cdLIA \/ PEDIATRA - Portugal\" \/>\n<meta property=\"og:description\" content=\"A maioria dos pacientes com dist\u00farbios hemorr\u00e1gicos cong\u00eanitos, como a doen\u00e7a de von Willebrand (DVW), apresenta os primeiros sintomas hemorr\u00e1gicos durante inf\u00e2ncia. Infelizmente, devido \u00e0 falta de conhecimento, ao diagn\u00f3stico complexo e aos sintomas leves, os pacientes apresentam atrasos de v\u00e1rios anos entre os primeiros sintomas hemorr\u00e1gicos e o diagn\u00f3stico de um dist\u00farbio hemorr\u00e1gico. Este [&hellip;]\" \/>\n<meta property=\"og:url\" content=\"https:\/\/vwdtest.com\/pt\/family-doctor-paediatrician\/\" \/>\n<meta property=\"og:site_name\" content=\"Portugal\" \/>\n<meta property=\"article:modified_time\" content=\"2025-10-09T12:12:39+00:00\" \/>\n<meta property=\"og:image\" content=\"https:\/\/vwdtest.com\/pt\/wp-content\/uploads\/sites\/33\/2023\/08\/paediatrician-img.png\" \/>\n\t<meta property=\"og:image:width\" content=\"687\" \/>\n\t<meta property=\"og:image:height\" content=\"799\" \/>\n\t<meta property=\"og:image:type\" content=\"image\/png\" \/>\n<meta name=\"twitter:card\" content=\"summary_large_image\" \/>\n<meta name=\"twitter:label1\" content=\"Est. reading time\" \/>\n\t<meta name=\"twitter:data1\" content=\"4 minutes\" \/>\n<script type=\"application\/ld+json\" class=\"yoast-schema-graph\">{\"@context\":\"https:\/\/schema.org\",\"@graph\":[{\"@type\":\"WebPage\",\"@id\":\"https:\/\/vwdtest.com\/pt\/family-doctor-paediatrician\/\",\"url\":\"https:\/\/vwdtest.com\/pt\/family-doctor-paediatrician\/\",\"name\":\"M\u00c9DICO DE FAM\u00cdLIA \/ PEDIATRA - Portugal\",\"isPartOf\":{\"@id\":\"https:\/\/vwdtest.com\/pt\/#website\"},\"datePublished\":\"2023-08-14T07:57:20+00:00\",\"dateModified\":\"2025-10-09T12:12:39+00:00\",\"breadcrumb\":{\"@id\":\"https:\/\/vwdtest.com\/pt\/family-doctor-paediatrician\/#breadcrumb\"},\"inLanguage\":\"en-US\",\"potentialAction\":[{\"@type\":\"ReadAction\",\"target\":[\"https:\/\/vwdtest.com\/pt\/family-doctor-paediatrician\/\"]}]},{\"@type\":\"BreadcrumbList\",\"@id\":\"https:\/\/vwdtest.com\/pt\/family-doctor-paediatrician\/#breadcrumb\",\"itemListElement\":[{\"@type\":\"ListItem\",\"position\":1,\"name\":\"Home\",\"item\":\"https:\/\/vwdtest.com\/pt\/\"},{\"@type\":\"ListItem\",\"position\":2,\"name\":\"M\u00c9DICO DE FAM\u00cdLIA \/ PEDIATRA\"}]},{\"@type\":\"WebSite\",\"@id\":\"https:\/\/vwdtest.com\/pt\/#website\",\"url\":\"https:\/\/vwdtest.com\/pt\/\",\"name\":\"Portugal\",\"description\":\"\",\"potentialAction\":[{\"@type\":\"SearchAction\",\"target\":{\"@type\":\"EntryPoint\",\"urlTemplate\":\"https:\/\/vwdtest.com\/pt\/?s={search_term_string}\"},\"query-input\":\"required name=search_term_string\"}],\"inLanguage\":\"en-US\"}]}<\/script>\n<!-- \/ Yoast SEO plugin. -->","yoast_head_json":{"title":"M\u00c9DICO DE FAM\u00cdLIA \/ PEDIATRA - Portugal","robots":{"index":"index","follow":"follow","max-snippet":"max-snippet:-1","max-image-preview":"max-image-preview:large","max-video-preview":"max-video-preview:-1"},"canonical":"https:\/\/vwdtest.com\/pt\/family-doctor-paediatrician\/","og_locale":"en_US","og_type":"article","og_title":"M\u00c9DICO DE FAM\u00cdLIA \/ PEDIATRA - Portugal","og_description":"A maioria dos pacientes com dist\u00farbios hemorr\u00e1gicos cong\u00eanitos, como a doen\u00e7a de von Willebrand (DVW), apresenta os primeiros sintomas hemorr\u00e1gicos durante inf\u00e2ncia. Infelizmente, devido \u00e0 falta de conhecimento, ao diagn\u00f3stico complexo e aos sintomas leves, os pacientes apresentam atrasos de v\u00e1rios anos entre os primeiros sintomas hemorr\u00e1gicos e o diagn\u00f3stico de um dist\u00farbio hemorr\u00e1gico. Este [&hellip;]","og_url":"https:\/\/vwdtest.com\/pt\/family-doctor-paediatrician\/","og_site_name":"Portugal","article_modified_time":"2025-10-09T12:12:39+00:00","og_image":[{"width":687,"height":799,"url":"https:\/\/vwdtest.com\/pt\/wp-content\/uploads\/sites\/33\/2023\/08\/paediatrician-img.png","type":"image\/png"}],"twitter_card":"summary_large_image","twitter_misc":{"Est. reading time":"4 minutes"},"schema":{"@context":"https:\/\/schema.org","@graph":[{"@type":"WebPage","@id":"https:\/\/vwdtest.com\/pt\/family-doctor-paediatrician\/","url":"https:\/\/vwdtest.com\/pt\/family-doctor-paediatrician\/","name":"M\u00c9DICO DE FAM\u00cdLIA \/ PEDIATRA - Portugal","isPartOf":{"@id":"https:\/\/vwdtest.com\/pt\/#website"},"datePublished":"2023-08-14T07:57:20+00:00","dateModified":"2025-10-09T12:12:39+00:00","breadcrumb":{"@id":"https:\/\/vwdtest.com\/pt\/family-doctor-paediatrician\/#breadcrumb"},"inLanguage":"en-US","potentialAction":[{"@type":"ReadAction","target":["https:\/\/vwdtest.com\/pt\/family-doctor-paediatrician\/"]}]},{"@type":"BreadcrumbList","@id":"https:\/\/vwdtest.com\/pt\/family-doctor-paediatrician\/#breadcrumb","itemListElement":[{"@type":"ListItem","position":1,"name":"Home","item":"https:\/\/vwdtest.com\/pt\/"},{"@type":"ListItem","position":2,"name":"M\u00c9DICO DE FAM\u00cdLIA \/ PEDIATRA"}]},{"@type":"WebSite","@id":"https:\/\/vwdtest.com\/pt\/#website","url":"https:\/\/vwdtest.com\/pt\/","name":"Portugal","description":"","potentialAction":[{"@type":"SearchAction","target":{"@type":"EntryPoint","urlTemplate":"https:\/\/vwdtest.com\/pt\/?s={search_term_string}"},"query-input":"required name=search_term_string"}],"inLanguage":"en-US"}]}},"_links":{"self":[{"href":"https:\/\/vwdtest.com\/pt\/wp-json\/wp\/v2\/pages\/1091"}],"collection":[{"href":"https:\/\/vwdtest.com\/pt\/wp-json\/wp\/v2\/pages"}],"about":[{"href":"https:\/\/vwdtest.com\/pt\/wp-json\/wp\/v2\/types\/page"}],"author":[{"embeddable":true,"href":"https:\/\/vwdtest.com\/pt\/wp-json\/wp\/v2\/users\/1"}],"replies":[{"embeddable":true,"href":"https:\/\/vwdtest.com\/pt\/wp-json\/wp\/v2\/comments?post=1091"}],"version-history":[{"count":48,"href":"https:\/\/vwdtest.com\/pt\/wp-json\/wp\/v2\/pages\/1091\/revisions"}],"predecessor-version":[{"id":2783,"href":"https:\/\/vwdtest.com\/pt\/wp-json\/wp\/v2\/pages\/1091\/revisions\/2783"}],"wp:featuredmedia":[{"embeddable":true,"href":"https:\/\/vwdtest.com\/pt\/wp-json\/wp\/v2\/media\/1095"}],"wp:attachment":[{"href":"https:\/\/vwdtest.com\/pt\/wp-json\/wp\/v2\/media?parent=1091"}],"curies":[{"name":"wp","href":"https:\/\/api.w.org\/{rel}","templated":true}]}}