{"id":1088,"date":"2023-08-14T07:52:15","date_gmt":"2023-08-14T07:52:15","guid":{"rendered":"https:\/\/new.vwdtest.com\/pt\/?page_id=1088"},"modified":"2025-09-26T12:13:23","modified_gmt":"2025-09-26T12:13:23","slug":"vwd-and-gynaecology-obstetrics","status":"publish","type":"page","link":"https:\/\/vwdtest.com\/pt\/vwd-and-gynaecology-obstetrics\/","title":{"rendered":"DVW E A GINECOLOGIA \/ OBSTETR\u00cdCIA"},"content":{"rendered":"<div class=\"default-block container\">\n<h5 class=\"bleeding-symptoms-title vwd has-medium-font-size\">Estima-se que os dist\u00farbios hemorr\u00e1gicos, incluindo a doen\u00e7a de von Willebrand (DVW), sejam respons\u00e1veis por hemorragias menstruais abundantes (HMA) em uma em cada cinco mulheres.<sup>1<\/sup> Os dist\u00farbios hemorr\u00e1gicos s\u00e3o tamb\u00e9m um importante fator de risco para hemorragias abundantes durante e no p\u00f3s-parto. Apesar do papel proeminente dos dist\u00farbios hemorr\u00e1gicos enquanto causa de hemorragia vaginal excessiva e do facto de a DVW ser o dist\u00farbio hemorr\u00e1gico mais comum, apenas uma fra\u00e7\u00e3o das mulheres que sofrem de hemorragia vaginal excessiva \u00e9 testada para a DVW.<sup>2<\/sup><\/h5>\n<\/div>\n\n<img decoding=\"async\" src=\"https:\/\/vwdtest.com\/pt\/wp-content\/uploads\/sites\/33\/2023\/08\/gynaecology-img.png\" alt=\"DVW E A GINECOLOGIA \/ OBSTETR\u00cdCIA\" class=\"page_thumbnail d-xl-none\">\r\n\n\n<div class=\"default-block container\">\n<p class=\"full\">Devido \u00e0 falta de consciencializa\u00e7\u00e3o e de conhecimento, a DVW permanece muitas vezes sem diagn\u00f3stico ou o diagn\u00f3stico \u00e9 tardio. Sem diagn\u00f3stico e tratamento, estas mulheres podem sofrer graves consequ\u00eancias f\u00edsicas e psicol\u00f3gicas devido \u00e0s HMA, incluindo fadiga, anemia, ansiedade e depress\u00e3o.<sup>1<\/sup><\/p>\n<\/div>\n\n<div class=\"default-block container\">\n<h3>O papel dos ginecologistas e obstetras<\/h3>\n<\/div>\n\n<div class=\"default-block container\">\n<p>Quase todas as mulheres com a DVW em idade reprodutiva sofrem de hemorragia vaginal excessiva.<sup>3<\/sup> Para al\u00e9m disso, as menstrua\u00e7\u00f5es abundantes costumam ser o primeiro sintoma de hemorragia proeminente quando as raparigas com a DVW entram na puberdade. Enquanto ginecologista ou obstetra, o profissional de sa\u00fade \u00e9 frequentemente o primeiro com quem estas meninas ou os seus cuidadores falam sobre a tend\u00eancia para ter hemorragias. As suas consultas representam, portanto, a primeira oportunidade para ajudar a identificar as doentes que podem beneficiar de uma avalia\u00e7\u00e3o de um dist\u00farbio hemorr\u00e1gico. Esta oportunidade \u00e9 particularmente importante em sociedades em que a hemorragia vaginal \u00e9 estigmatizada, ou em doentes que podem ter desvalorizado as menstrua\u00e7\u00f5es abundantes, sentindo-se ignoradas ou mal compreendidas.<sup>2<\/sup> Al\u00e9m disso, uma vez que os dist\u00farbios hemorr\u00e1gicos como a DVW s\u00e3o condi\u00e7\u00f5es heredit\u00e1rias, um diagn\u00f3stico da DVW ajuda muitas vezes a identificar outros membros da fam\u00edlia que possam estar em risco.<\/p>\n<\/div>\n\n<div class=\"default-block container\">\n<p>Embora o aumento da consciencializa\u00e7\u00e3o entre profissionais de sa\u00fade e doentes seja o passo mais importante na identifica\u00e7\u00e3o de doentes em risco de hemorragia, o diagn\u00f3stico da DVW continua a ser um desafio devido \u00e0 complexidade do processo de diagn\u00f3stico.<sup>2<\/sup> Se uma das suas doentes apresentou recentemente hemorragia vaginal excessiva, recomendamos que pe\u00e7a \u00e0 sua doente para documentar a sua menstrua\u00e7\u00e3o na nossa tabela de pontua\u00e7\u00e3o menstrual. Tamb\u00e9m pode sugerir-lhe que fa\u00e7a o nosso teste hemorr\u00e1gico. O teste ir\u00e1 ajud\u00e1-lo a tomar uma primeira decis\u00e3o sobre a necessidade de fazer estudos adicionais \u2013 e poder\u00e1 mudar a qualidade de vida da sua doente!<\/p>\n<\/div>\n\n<div class=\"default-block container\">\n<p>Existem diversas op\u00e7\u00f5es de tratamento dispon\u00edveis para as mulheres com a DVW e HMA, mas tamb\u00e9m est\u00e3o dispon\u00edveis linhas de orienta\u00e7\u00e3o para a gest\u00e3o das HMA devido \u00e0 DVW.<sup>4<\/sup> O tratamento deve ser individualizado, tendo em considera\u00e7\u00e3o fatores como a idade, o estilo de vida, o desejo de engravidar e outras prefer\u00eancias da doente. \u00c9 importante notar que alguns tratamentos, por ex. contracetivos, muitas vezes s\u00e3o eficazes no controlo das HMA, mas n\u00e3o protegem as doentes com a DVW de hemorragias ap\u00f3s o trauma, acidentes ou durante uma cirurgia, portanto, um diagn\u00f3stico completo \u00e9 crucial. Al\u00e9m disso, a hemorragia vaginal excessiva \u00e9 muitas vezes encarada com estigma e rejei\u00e7\u00e3o. Com tantas limita\u00e7\u00f5es na vida quotidiana, nas atividades f\u00edsicas e nas rela\u00e7\u00f5es sociais, a falta de compreens\u00e3o com a HMA pode representar uma pesada carga psicol\u00f3gica para as suas doentes.<sup>5,6<\/sup> Sem apoio social suficiente, as doentes com a DVW podem, inclusive, desenvolver ansiedade e depress\u00e3o.<\/p>\n<\/div>\n\n<div class=\"default-block container\">\n<p>Mulheres com a DVW podem ter gravidezes bem-sucedidas e ter beb\u00e9s saud\u00e1veis. No entanto, sem um diagn\u00f3stico e tratamento adequado, podem sofrer de hemorragia excessiva durante e no p\u00f3s-parto. Portanto, o planeamento e a monitoriza\u00e7\u00e3o s\u00e3o essenciais para garantir um parto normal. Sempre que poss\u00edvel, a gravidez e o parto devem ser discutidos e planeados com bastante anteced\u00eancia e em conjunto com uma equipa multidisciplinar, incluindo um hematologista de um centro de refer\u00eancia.<sup>8,9<\/sup> <\/p>\n<\/div>\n\n<div class=\"default-block container\">\n<p>O VWDtest tamb\u00e9m oferece mais informa\u00e7\u00f5es sobre a etiologia, o diagn\u00f3stico e o tratamento da DVW, bem como informa\u00e7\u00f5es sobre o percurso das doentes com a DVW.<\/p>\n<\/div>\n\n<div class=\"default-block container\">\n<h6>Refer\u00eancias<\/h6>\n<\/div>\n\n<div class=\"default-block container\">\n<ol type=\"1\"><div class=\"default-block container\">\n<li class=\"italic\">Kadir RA et al. <em>Lancet <\/em>1998; 351:485-9.<\/li>\n<\/div>\n\n<div class=\"default-block container\">\n<li>Corrales-Medina FF et al. <em>Blood Rev<\/em> 2023; 58:101018.<\/li>\n<\/div>\n\n<div class=\"default-block container\">\n<li>de Wee EM, et al. <em>Thromb Haemost<\/em> 2012; 108:683-92.<\/li>\n<\/div>\n\n<div class=\"default-block container\">\n<li>Connell NT et al. <em>Blood Adv<\/em> 2021; 5:301-25.<\/li>\n<\/div>\n\n<div class=\"default-block container\">\n<li>VanderMeulen H, et al. <em>Hematology Am Soc Hematol Educ Program<\/em> 2022 1: 631-6.<\/li>\n<\/div>\n\n<div class=\"default-block container\">\n<li>Sanigorska A, et al. <em>Res Pract Thromb Haemost<\/em> 2022; 6:e12652.<\/li>\n<\/div>\n\n<div class=\"default-block container\">\n<li>Roberts JC, et al. <em>Haemophilia <\/em>2022; doi: 10.1111\/hae.14725.<\/li>\n<\/div>\n\n<div class=\"default-block container\">\n<li>Leebeek FWG, et al. <em>Blood <\/em>2020; 136:2143-50.<\/li>\n<\/div>\n\n<div class=\"default-block container\">\n<li>Janbain M and Kouides P <em>Int J Womens Health<\/em> 2022; 14:1307-13.<\/li>\n<\/div><\/ol>\n<\/div>","protected":false},"excerpt":{"rendered":"<p>Estima-se que os dist\u00farbios hemorr\u00e1gicos, incluindo a doen\u00e7a de von Willebrand (DVW), sejam respons\u00e1veis por hemorragias menstruais abundantes (HMA) em uma em cada cinco mulheres.1 Os dist\u00farbios hemorr\u00e1gicos s\u00e3o tamb\u00e9m um importante fator de risco para hemorragias abundantes durante e no p\u00f3s-parto. Apesar do papel proeminente dos dist\u00farbios hemorr\u00e1gicos enquanto causa de hemorragia vaginal excessiva [&hellip;]<\/p>\n","protected":false},"author":1,"featured_media":1096,"parent":0,"menu_order":0,"comment_status":"closed","ping_status":"closed","template":"","meta":{"inline_featured_image":false},"acf":[],"yoast_head":"<!-- This site is optimized with the Yoast SEO plugin v20.4 - https:\/\/yoast.com\/wordpress\/plugins\/seo\/ -->\n<title>DVW E A GINECOLOGIA \/ OBSTETR\u00cdCIA - Portugal<\/title>\n<meta name=\"robots\" content=\"index, follow, max-snippet:-1, max-image-preview:large, max-video-preview:-1\" \/>\n<link rel=\"canonical\" href=\"https:\/\/vwdtest.com\/pt\/vwd-and-gynaecology-obstetrics\/\" \/>\n<meta property=\"og:locale\" content=\"en_US\" \/>\n<meta property=\"og:type\" content=\"article\" \/>\n<meta property=\"og:title\" content=\"DVW E A GINECOLOGIA \/ OBSTETR\u00cdCIA - Portugal\" \/>\n<meta property=\"og:description\" content=\"Estima-se que os dist\u00farbios hemorr\u00e1gicos, incluindo a doen\u00e7a de von Willebrand (DVW), sejam respons\u00e1veis por hemorragias menstruais abundantes (HMA) em uma em cada cinco mulheres.1 Os dist\u00farbios hemorr\u00e1gicos s\u00e3o tamb\u00e9m um importante fator de risco para hemorragias abundantes durante e no p\u00f3s-parto. Apesar do papel proeminente dos dist\u00farbios hemorr\u00e1gicos enquanto causa de hemorragia vaginal excessiva [&hellip;]\" \/>\n<meta property=\"og:url\" content=\"https:\/\/vwdtest.com\/pt\/vwd-and-gynaecology-obstetrics\/\" \/>\n<meta property=\"og:site_name\" content=\"Portugal\" \/>\n<meta property=\"article:modified_time\" content=\"2025-09-26T12:13:23+00:00\" \/>\n<meta property=\"og:image\" content=\"https:\/\/vwdtest.com\/pt\/wp-content\/uploads\/sites\/33\/2023\/08\/gynaecology-img.png\" \/>\n\t<meta property=\"og:image:width\" content=\"611\" \/>\n\t<meta property=\"og:image:height\" content=\"904\" \/>\n\t<meta property=\"og:image:type\" content=\"image\/png\" \/>\n<meta name=\"twitter:card\" content=\"summary_large_image\" \/>\n<meta name=\"twitter:label1\" content=\"Est. reading time\" \/>\n\t<meta name=\"twitter:data1\" content=\"4 minutes\" \/>\n<script type=\"application\/ld+json\" class=\"yoast-schema-graph\">{\"@context\":\"https:\/\/schema.org\",\"@graph\":[{\"@type\":\"WebPage\",\"@id\":\"https:\/\/vwdtest.com\/pt\/vwd-and-gynaecology-obstetrics\/\",\"url\":\"https:\/\/vwdtest.com\/pt\/vwd-and-gynaecology-obstetrics\/\",\"name\":\"DVW E A GINECOLOGIA \/ OBSTETR\u00cdCIA - Portugal\",\"isPartOf\":{\"@id\":\"https:\/\/vwdtest.com\/pt\/#website\"},\"datePublished\":\"2023-08-14T07:52:15+00:00\",\"dateModified\":\"2025-09-26T12:13:23+00:00\",\"breadcrumb\":{\"@id\":\"https:\/\/vwdtest.com\/pt\/vwd-and-gynaecology-obstetrics\/#breadcrumb\"},\"inLanguage\":\"en-US\",\"potentialAction\":[{\"@type\":\"ReadAction\",\"target\":[\"https:\/\/vwdtest.com\/pt\/vwd-and-gynaecology-obstetrics\/\"]}]},{\"@type\":\"BreadcrumbList\",\"@id\":\"https:\/\/vwdtest.com\/pt\/vwd-and-gynaecology-obstetrics\/#breadcrumb\",\"itemListElement\":[{\"@type\":\"ListItem\",\"position\":1,\"name\":\"Home\",\"item\":\"https:\/\/vwdtest.com\/pt\/\"},{\"@type\":\"ListItem\",\"position\":2,\"name\":\"DVW E A GINECOLOGIA \/ OBSTETR\u00cdCIA\"}]},{\"@type\":\"WebSite\",\"@id\":\"https:\/\/vwdtest.com\/pt\/#website\",\"url\":\"https:\/\/vwdtest.com\/pt\/\",\"name\":\"Portugal\",\"description\":\"\",\"potentialAction\":[{\"@type\":\"SearchAction\",\"target\":{\"@type\":\"EntryPoint\",\"urlTemplate\":\"https:\/\/vwdtest.com\/pt\/?s={search_term_string}\"},\"query-input\":\"required name=search_term_string\"}],\"inLanguage\":\"en-US\"}]}<\/script>\n<!-- \/ Yoast SEO plugin. -->","yoast_head_json":{"title":"DVW E A GINECOLOGIA \/ OBSTETR\u00cdCIA - Portugal","robots":{"index":"index","follow":"follow","max-snippet":"max-snippet:-1","max-image-preview":"max-image-preview:large","max-video-preview":"max-video-preview:-1"},"canonical":"https:\/\/vwdtest.com\/pt\/vwd-and-gynaecology-obstetrics\/","og_locale":"en_US","og_type":"article","og_title":"DVW E A GINECOLOGIA \/ OBSTETR\u00cdCIA - Portugal","og_description":"Estima-se que os dist\u00farbios hemorr\u00e1gicos, incluindo a doen\u00e7a de von Willebrand (DVW), sejam respons\u00e1veis por hemorragias menstruais abundantes (HMA) em uma em cada cinco mulheres.1 Os dist\u00farbios hemorr\u00e1gicos s\u00e3o tamb\u00e9m um importante fator de risco para hemorragias abundantes durante e no p\u00f3s-parto. Apesar do papel proeminente dos dist\u00farbios hemorr\u00e1gicos enquanto causa de hemorragia vaginal excessiva [&hellip;]","og_url":"https:\/\/vwdtest.com\/pt\/vwd-and-gynaecology-obstetrics\/","og_site_name":"Portugal","article_modified_time":"2025-09-26T12:13:23+00:00","og_image":[{"width":611,"height":904,"url":"https:\/\/vwdtest.com\/pt\/wp-content\/uploads\/sites\/33\/2023\/08\/gynaecology-img.png","type":"image\/png"}],"twitter_card":"summary_large_image","twitter_misc":{"Est. reading time":"4 minutes"},"schema":{"@context":"https:\/\/schema.org","@graph":[{"@type":"WebPage","@id":"https:\/\/vwdtest.com\/pt\/vwd-and-gynaecology-obstetrics\/","url":"https:\/\/vwdtest.com\/pt\/vwd-and-gynaecology-obstetrics\/","name":"DVW E A GINECOLOGIA \/ OBSTETR\u00cdCIA - Portugal","isPartOf":{"@id":"https:\/\/vwdtest.com\/pt\/#website"},"datePublished":"2023-08-14T07:52:15+00:00","dateModified":"2025-09-26T12:13:23+00:00","breadcrumb":{"@id":"https:\/\/vwdtest.com\/pt\/vwd-and-gynaecology-obstetrics\/#breadcrumb"},"inLanguage":"en-US","potentialAction":[{"@type":"ReadAction","target":["https:\/\/vwdtest.com\/pt\/vwd-and-gynaecology-obstetrics\/"]}]},{"@type":"BreadcrumbList","@id":"https:\/\/vwdtest.com\/pt\/vwd-and-gynaecology-obstetrics\/#breadcrumb","itemListElement":[{"@type":"ListItem","position":1,"name":"Home","item":"https:\/\/vwdtest.com\/pt\/"},{"@type":"ListItem","position":2,"name":"DVW E A GINECOLOGIA \/ OBSTETR\u00cdCIA"}]},{"@type":"WebSite","@id":"https:\/\/vwdtest.com\/pt\/#website","url":"https:\/\/vwdtest.com\/pt\/","name":"Portugal","description":"","potentialAction":[{"@type":"SearchAction","target":{"@type":"EntryPoint","urlTemplate":"https:\/\/vwdtest.com\/pt\/?s={search_term_string}"},"query-input":"required name=search_term_string"}],"inLanguage":"en-US"}]}},"_links":{"self":[{"href":"https:\/\/vwdtest.com\/pt\/wp-json\/wp\/v2\/pages\/1088"}],"collection":[{"href":"https:\/\/vwdtest.com\/pt\/wp-json\/wp\/v2\/pages"}],"about":[{"href":"https:\/\/vwdtest.com\/pt\/wp-json\/wp\/v2\/types\/page"}],"author":[{"embeddable":true,"href":"https:\/\/vwdtest.com\/pt\/wp-json\/wp\/v2\/users\/1"}],"replies":[{"embeddable":true,"href":"https:\/\/vwdtest.com\/pt\/wp-json\/wp\/v2\/comments?post=1088"}],"version-history":[{"count":68,"href":"https:\/\/vwdtest.com\/pt\/wp-json\/wp\/v2\/pages\/1088\/revisions"}],"predecessor-version":[{"id":2769,"href":"https:\/\/vwdtest.com\/pt\/wp-json\/wp\/v2\/pages\/1088\/revisions\/2769"}],"wp:featuredmedia":[{"embeddable":true,"href":"https:\/\/vwdtest.com\/pt\/wp-json\/wp\/v2\/media\/1096"}],"wp:attachment":[{"href":"https:\/\/vwdtest.com\/pt\/wp-json\/wp\/v2\/media?parent=1088"}],"curies":[{"name":"wp","href":"https:\/\/api.w.org\/{rel}","templated":true}]}}