{"id":266,"date":"2023-02-21T21:23:10","date_gmt":"2023-02-21T21:23:10","guid":{"rendered":"https:\/\/new.vwdtest.com\/pe\/?page_id=266"},"modified":"2024-03-13T08:44:36","modified_gmt":"2024-03-13T08:44:36","slug":"cookie-preferences","status":"publish","type":"page","link":"https:\/\/vwdtest.com\/pe\/cookie-preferences\/","title":{"rendered":"Preferencias de cookies"},"content":{"rendered":"<div class=\"default-block container\">\n<h2>Informaci\u00f3n sobre las cookies<\/h2>\n<\/div>\n\n<div class=\"default-block container\">\n<p>Las cookies son fragmentos de datos que un sitio web puede transferir al navegador web de un usuario. Cuando visita <a href=\"http:\/\/www.vwdtest.com\/pe\" target=\"_blank\" rel=\"noreferrer noopener\">www.vwdtest.com<\/a>, si su navegador utiliza la configuraci\u00f3n est\u00e1ndar y acepta cookies, est\u00e1 dando su consentimiento para Las cookies de este sitio se almacenar\u00e1n en su computadora. Las cookies almacenadas pueden permanecer en su ordenador despu\u00e9s de que abandone <a href=\"http:\/\/www.vwdtest.com\/pe\" target=\"_blank\" rel=\"noreferrer noopener\">www.vwdtest.com<\/a>.<\/p>\n<\/div>\n\n<div class=\"default-block container\">\n<p>Si no desea que esto suceda, puede ajustar su navegador web para que rechace las cookies o le avise cuando se est\u00e9n utilizando cookies. Tambi\u00e9n puedes eliminarlos manualmente en la configuraci\u00f3n de tu navegador. La mayor\u00eda de los elementos de <a href=\"https:\/\/www.vwdtest.com\/pe\" target=\"_blank\" rel=\"noreferrer noopener\">www.vwdtest.com<\/a> seguir\u00e1n funcionando si desactiva las cookies en la configuraci\u00f3n de su navegador web.<\/p>\n<\/div>\n\n<div class=\"default-block container\">\n<p>Puede encontrar m\u00e1s informaci\u00f3n sobre las cookies, incluido c\u00f3mo ver qu\u00e9 cookies se han configurado en su dispositivo y c\u00f3mo administrarlas y eliminarlas en <a href=\"https:\/\/www.about-cookies.org\/\" target=\"_blank\" rel=\"noreferrer noopener\">www.aboutcookies.org<\/a>.<\/p>\n<\/div>\n\n<div class=\"default-block container\">\n<p>En <a href=\"https:\/\/www.vwdtest.com\/pe\" target=\"_blank\" rel=\"noreferrer noopener\">www.vwdtest.com<\/a>\u00a0se utilizan diferentes tipos de cookies:<\/p>\n<\/div>\n\n<div class=\"default-block container\">\n<p><strong>Estrictamente necesario<\/strong><\/p>\n<\/div>\n\n<div class=\"default-block container\">\n<figure class=\"wp-block-table\"><table><thead><tr><th>Tipo de galleta<\/th><th>Nombre<\/th><th>Objetivo<\/th><th>Vence<\/th><\/tr><\/thead><tbody><tr><td>Matomo<\/td><td>mtm_cookie_consent<\/td><td>Esto se almacena para recordar que el consentimiento para almacenar y utilizar cookies fue otorgado por el usuario.<\/td><td>30 a\u00f1os<\/td><\/tr><\/tbody><\/table><\/figure>\n<\/div>\n\n<div class=\"default-block container\">\n<p><strong>Performance cookies<\/strong><\/p>\n<\/div>\n\n<div class=\"default-block container\">\n<figure class=\"wp-block-table\"><table><thead><tr><th>Tipo de galleta<\/th><th>Nombre<\/th><th>Objetivo<\/th><th>Vence<\/th><\/tr><\/thead><tbody><tr><td>Matomo<\/td><td>_pk_id<\/td><td>Esto se utiliza para almacenar algunos detalles sobre el usuario, como la identificaci\u00f3n \u00fanica del visitante.<\/td><td>1 a\u00f1o, 1 mes<\/td><\/tr><tr><td>_pk_ref<\/td><td>Esto se utiliza para almacenar la informaci\u00f3n de atribuci\u00f3n que el remitente utiliz\u00f3 inicialmente para visitar el sitio web.<\/td><td>6 meses<\/td><\/tr><tr><td>_pk_ses<\/td><td>Esto se utiliza para almacenar una ID de sesi\u00f3n \u00fanica.<\/td><td>30 minutos<\/td><\/tr><tr><td>_pk_cvar<\/td><td>Esto se utiliza para almacenar una ID de sesi\u00f3n \u00fanica.<\/td><td>30 minutos<\/td><\/tr><tr><td>_pk_hsr<\/td><td>Esto se utiliza para almacenar una ID de sesi\u00f3n \u00fanica.<\/td><td>30 minutos<\/td><\/tr><tr><td>_pk_testcookie<\/td><td>Esto se utiliza para comprobar si el navegador del visitante admite cookies.<\/td><td>Sesi\u00f3n<\/td><\/tr><tr><td>Matomo_sessid<\/td><td>Esto se utiliza para almacenar una ID de sesi\u00f3n \u00fanica.<\/td><td>Sesi\u00f3n<\/td><\/tr><tr><\/tr><\/tbody><\/table><\/figure>\n<\/div>\n\n<div class=\"default-block container\">\n<p>Si cambia activamente la configuraci\u00f3n para permitir cookies de rendimiento, est\u00e1 dando su consentimiento para que Matomo recopile informaci\u00f3n sobre c\u00f3mo usa y navega por nuestro sitio. Durante este proceso, su direcci\u00f3n IP ser\u00e1 an\u00f3nima. Utilizamos esta informaci\u00f3n para mejorar la experiencia del usuario para todos los visitantes de nuestra p\u00e1gina de inicio.<\/p>\n<\/div>\n\n<div class=\"default-block container\">\n<p><strong>Cookies de funcionalidad<\/strong><\/p>\n<\/div>\n\n<div class=\"default-block container\">\n<p>Estas son cookies que no son esenciales, pero mejoran su uso de <a href=\"https:\/\/www.vwdtest.com\/pe\" target=\"_blank\" rel=\"noreferrer noopener\">www.vwdtest.com<\/a>:<\/p>\n<\/div>\n\n<div class=\"default-block container\">\n<figure class=\"wp-block-table\"><table><thead><tr><th>Tipo de galleta<\/th><th>Nombre<\/th><th>Vence<\/th><th>Objetivo<\/th><\/tr><\/thead><tbody><tr><td>Cookie persistente<\/td><td>cookieconsent_status<\/td><td>1 a\u00f1o<\/td><td>Esta cookie est\u00e1 asociada a un script que muestra un aviso de alerta de cookies en el sitio web. Se utiliza para registrar cuando el usuario ha descartado el aviso para evitar que vuelva a aparecer en nuevas visitas.<\/td><\/tr><\/tbody><\/table><\/figure>\n<\/div>","protected":false},"excerpt":{"rendered":"<p>Informaci\u00f3n sobre las cookies Las cookies son fragmentos de datos que un sitio web puede transferir al navegador web de un usuario. Cuando visita www.vwdtest.com, si su navegador utiliza la configuraci\u00f3n est\u00e1ndar y acepta cookies, est\u00e1 dando su consentimiento para Las cookies de este sitio se almacenar\u00e1n en su computadora. Las cookies almacenadas pueden permanecer [&hellip;]<\/p>\n","protected":false},"author":1,"featured_media":0,"parent":0,"menu_order":0,"comment_status":"closed","ping_status":"closed","template":"front-page.php","meta":{"inline_featured_image":false},"acf":[],"yoast_head":"<!-- This site is optimized with the Yoast SEO plugin v20.4 - https:\/\/yoast.com\/wordpress\/plugins\/seo\/ -->\n<title>Preferencias de cookies - Peru<\/title>\n<meta name=\"robots\" content=\"noindex, follow\" \/>\n<meta property=\"og:locale\" content=\"en_US\" \/>\n<meta property=\"og:type\" content=\"article\" \/>\n<meta property=\"og:title\" content=\"Preferencias de cookies - Peru\" \/>\n<meta property=\"og:description\" content=\"Informaci\u00f3n sobre las cookies Las cookies son fragmentos de datos que un sitio web puede transferir al navegador web de un usuario. Cuando visita www.vwdtest.com, si su navegador utiliza la configuraci\u00f3n est\u00e1ndar y acepta cookies, est\u00e1 dando su consentimiento para Las cookies de este sitio se almacenar\u00e1n en su computadora. Las cookies almacenadas pueden permanecer [&hellip;]\" \/>\n<meta property=\"og:url\" content=\"https:\/\/vwdtest.com\/pe\/cookie-preferences\/\" \/>\n<meta property=\"og:site_name\" content=\"Peru\" \/>\n<meta property=\"article:modified_time\" content=\"2024-03-13T08:44:36+00:00\" \/>\n<meta name=\"twitter:card\" content=\"summary_large_image\" \/>\n<meta name=\"twitter:label1\" content=\"Est. reading time\" \/>\n\t<meta name=\"twitter:data1\" content=\"2 minutes\" \/>\n<script type=\"application\/ld+json\" class=\"yoast-schema-graph\">{\"@context\":\"https:\/\/schema.org\",\"@graph\":[{\"@type\":\"WebPage\",\"@id\":\"https:\/\/vwdtest.com\/pe\/cookie-preferences\/\",\"url\":\"https:\/\/vwdtest.com\/pe\/cookie-preferences\/\",\"name\":\"Preferencias de cookies - Peru\",\"isPartOf\":{\"@id\":\"https:\/\/vwdtest.com\/pe\/#website\"},\"datePublished\":\"2023-02-21T21:23:10+00:00\",\"dateModified\":\"2024-03-13T08:44:36+00:00\",\"breadcrumb\":{\"@id\":\"https:\/\/vwdtest.com\/pe\/cookie-preferences\/#breadcrumb\"},\"inLanguage\":\"en-US\",\"potentialAction\":[{\"@type\":\"ReadAction\",\"target\":[\"https:\/\/vwdtest.com\/pe\/cookie-preferences\/\"]}]},{\"@type\":\"BreadcrumbList\",\"@id\":\"https:\/\/vwdtest.com\/pe\/cookie-preferences\/#breadcrumb\",\"itemListElement\":[{\"@type\":\"ListItem\",\"position\":1,\"name\":\"Home\",\"item\":\"https:\/\/vwdtest.com\/pe\/\"},{\"@type\":\"ListItem\",\"position\":2,\"name\":\"Preferencias de cookies\"}]},{\"@type\":\"WebSite\",\"@id\":\"https:\/\/vwdtest.com\/pe\/#website\",\"url\":\"https:\/\/vwdtest.com\/pe\/\",\"name\":\"Peru\",\"description\":\"\",\"potentialAction\":[{\"@type\":\"SearchAction\",\"target\":{\"@type\":\"EntryPoint\",\"urlTemplate\":\"https:\/\/vwdtest.com\/pe\/?s={search_term_string}\"},\"query-input\":\"required name=search_term_string\"}],\"inLanguage\":\"en-US\"}]}<\/script>\n<!-- \/ Yoast SEO plugin. -->","yoast_head_json":{"title":"Preferencias de cookies - Peru","robots":{"index":"noindex","follow":"follow"},"og_locale":"en_US","og_type":"article","og_title":"Preferencias de cookies - Peru","og_description":"Informaci\u00f3n sobre las cookies Las cookies son fragmentos de datos que un sitio web puede transferir al navegador web de un usuario. Cuando visita www.vwdtest.com, si su navegador utiliza la configuraci\u00f3n est\u00e1ndar y acepta cookies, est\u00e1 dando su consentimiento para Las cookies de este sitio se almacenar\u00e1n en su computadora. Las cookies almacenadas pueden permanecer [&hellip;]","og_url":"https:\/\/vwdtest.com\/pe\/cookie-preferences\/","og_site_name":"Peru","article_modified_time":"2024-03-13T08:44:36+00:00","twitter_card":"summary_large_image","twitter_misc":{"Est. reading time":"2 minutes"},"schema":{"@context":"https:\/\/schema.org","@graph":[{"@type":"WebPage","@id":"https:\/\/vwdtest.com\/pe\/cookie-preferences\/","url":"https:\/\/vwdtest.com\/pe\/cookie-preferences\/","name":"Preferencias de cookies - Peru","isPartOf":{"@id":"https:\/\/vwdtest.com\/pe\/#website"},"datePublished":"2023-02-21T21:23:10+00:00","dateModified":"2024-03-13T08:44:36+00:00","breadcrumb":{"@id":"https:\/\/vwdtest.com\/pe\/cookie-preferences\/#breadcrumb"},"inLanguage":"en-US","potentialAction":[{"@type":"ReadAction","target":["https:\/\/vwdtest.com\/pe\/cookie-preferences\/"]}]},{"@type":"BreadcrumbList","@id":"https:\/\/vwdtest.com\/pe\/cookie-preferences\/#breadcrumb","itemListElement":[{"@type":"ListItem","position":1,"name":"Home","item":"https:\/\/vwdtest.com\/pe\/"},{"@type":"ListItem","position":2,"name":"Preferencias de cookies"}]},{"@type":"WebSite","@id":"https:\/\/vwdtest.com\/pe\/#website","url":"https:\/\/vwdtest.com\/pe\/","name":"Peru","description":"","potentialAction":[{"@type":"SearchAction","target":{"@type":"EntryPoint","urlTemplate":"https:\/\/vwdtest.com\/pe\/?s={search_term_string}"},"query-input":"required name=search_term_string"}],"inLanguage":"en-US"}]}},"_links":{"self":[{"href":"https:\/\/vwdtest.com\/pe\/wp-json\/wp\/v2\/pages\/266"}],"collection":[{"href":"https:\/\/vwdtest.com\/pe\/wp-json\/wp\/v2\/pages"}],"about":[{"href":"https:\/\/vwdtest.com\/pe\/wp-json\/wp\/v2\/types\/page"}],"author":[{"embeddable":true,"href":"https:\/\/vwdtest.com\/pe\/wp-json\/wp\/v2\/users\/1"}],"replies":[{"embeddable":true,"href":"https:\/\/vwdtest.com\/pe\/wp-json\/wp\/v2\/comments?post=266"}],"version-history":[{"count":13,"href":"https:\/\/vwdtest.com\/pe\/wp-json\/wp\/v2\/pages\/266\/revisions"}],"predecessor-version":[{"id":2732,"href":"https:\/\/vwdtest.com\/pe\/wp-json\/wp\/v2\/pages\/266\/revisions\/2732"}],"wp:attachment":[{"href":"https:\/\/vwdtest.com\/pe\/wp-json\/wp\/v2\/media?parent=266"}],"curies":[{"name":"wp","href":"https:\/\/api.w.org\/{rel}","templated":true}]}}