{"id":17,"date":"2023-02-13T13:47:59","date_gmt":"2023-02-13T13:47:59","guid":{"rendered":"https:\/\/new.vwdtest.com\/pe\/?page_id=17"},"modified":"2024-03-13T08:40:16","modified_gmt":"2024-03-13T08:40:16","slug":"homepage","status":"publish","type":"page","link":"https:\/\/vwdtest.com\/pe\/","title":{"rendered":"Homepage"},"content":{"rendered":"\r\n\r\n\r\n<div class=\"container hb\">\r\n\t<div class=\"row\"> \r\n\t\t\t<div class=\"col-12 col-lg-5 home-upper\">\r\n\t<div class=\"col-12 col-lg-9 d-none d-lg-flex\">\r\n\t\t\t\t<div class=\"hb__video ltr\">\r\n\t\t\t\t\t<div class=\"hb__video-img play_video\"  data-video=\"video_hb\"><img decoding=\"async\" src=\"https:\/\/vwdtest.com\/pe\/wp-content\/uploads\/sites\/74\/2023\/12\/thumbnail_VWD-thumb-Corrales-ES-1.png\" class=\"hb__video-image\"><\/div>\r\n\t\t\t\t\t<div class=\"hb__video-text\">\r\n\t\t\t\t\t\t<h3 class=\"hb__video-title\">Aprenda sobre la<br \/>\r\niniciativa de VWDtest<\/h3>\r\n\t\t\t\t\t\t<button id=\"home_video\" class=\"hb__video-button button__large play_video\" data-video=\"video_hb\">Introducci\u00f3n<\/button>\r\n\t\t\t\t\t<\/div>\r\n\t\t\t\t<\/div>\r\n\t\t\t<\/div>\r\n\t\t\t<h3><strong>VWDtest.com ha sido desarrollado por el Dr. Fernando Corrales-Medina (Profesor asociado de Pediatr\u00eda Cl\u00ednica, Facultad de Medicina Miller de la Universidad de Miami, EE. UU.), el Profesor Erik Berntorp (Profesor de Investigaci\u00f3n de Coagulaci\u00f3n Cl\u00ednica, Universidad de Lund , Suecia) y su equipo de expertos internacionales en trastornos hemorr\u00e1gicos para responder sus preguntas sobre los s\u00edntomas hemorr\u00e1gicos anormales y la <a href=\"https:\/\/vwdtest.com\/pe\/von-willebrand-disease\/\">enfermedad de von Willebrand <\/a>(VWD).<\/strong><\/h3>\t\t\t<h1>\u00bfC\u00f3mo te describes?<\/h1>\r\n\t\t\t\t<h3><strong>\u00bfLe preocupa estar sangrando demasiado? \u00bfPesenta sangrado nasal frecuente, per\u00edodos menstruales abundantes o sangrado excesivo despu\u00e9s de un procedimiento dental o un accidente? En VWDtest.com, puede encontrar respuestas a sus inquietudes sobre sangrado. <\/strong><\/h3>\n<h4>Tambi\u00e9n encontrar\u00e1 informaci\u00f3n sobre la <a href=\"https:\/\/vwdtest.com\/pe\/von-willebrand-disease\/\"> enfermedad de von Willebrand<\/a>, el trastorno hemorr\u00e1gico m\u00e1s com\u00fan, porque muchas de las personas que padecen esta enfermedad no son conscientes de su condici\u00f3n y, por lo tanto, no reciben la ayuda que necesitan.<\/h4>\n\t\t\t\r\n\t\t<\/div> \t\t<div class=\"col-12 col-lg-7\">\r\n\t\t\t<div class=\"hb__persons row\">\r\n\t\t\t\t\t\t\t\t\t\t\t\r\n\t\t\t\t<div class=\"hb__person col-6\" id=\"person_1\">\r\n\t\t\t\t\t<img decoding=\"async\" class=\"hb__person-image hbi\" src=\"https:\/\/vwdtest.com\/pe\/wp-content\/uploads\/sites\/74\/2023\/08\/bleed-too-much.png\" alt=\"Sangro mucho\">\r\n\t\t\t\t\t<a href=\"https:\/\/vwdtest.com\/pe\/i-bleed-a-lot\/\" class=\"hb__person-button hbb\">\r\n\t\t\t\t\t\t<div class=\"hb__person-text\">\r\n\t\t\t\t\t\t\t<span class=\"hb__person-content\">Sangro mucho<span class=\"hb__person-content-arrow\"><\/span><\/span>\r\n\t\t\t\t\t\t\t<span class=\"hb__person-bg\">\r\n\t\t\t\t\t\t\t\t<span class=\"hb__person-arrow triangle up hba\"><\/span>\r\n\t\t\t\t\t\t\t<\/span>\r\n\t\t\t\t\t\t<\/div>\r\n\t\t\t\t\t\t\r\n\t\t\t\t\t<\/a>\r\n\t\t\t\t<\/div>\r\n\t\t\t\t\t\t\t\t\r\n\t\t\t\t<div class=\"hb__person col-6\" id=\"person_2\">\r\n\t\t\t\t\t<img decoding=\"async\" class=\"hb__person-image hbi\" src=\"https:\/\/vwdtest.com\/pe\/wp-content\/uploads\/sites\/74\/2023\/07\/vwd-person2.png\" alt=\"Tengo periodos abundantes\">\r\n\t\t\t\t\t<a href=\"https:\/\/vwdtest.com\/pe\/heavy-periods\/\" class=\"hb__person-button hbb\">\r\n\t\t\t\t\t\t<div class=\"hb__person-text\">\r\n\t\t\t\t\t\t\t<span class=\"hb__person-content\">Tengo periodos abundantes<span class=\"hb__person-content-arrow\"><\/span><\/span>\r\n\t\t\t\t\t\t\t<span class=\"hb__person-bg\">\r\n\t\t\t\t\t\t\t\t<span class=\"hb__person-arrow triangle up hba\"><\/span>\r\n\t\t\t\t\t\t\t<\/span>\r\n\t\t\t\t\t\t<\/div>\r\n\t\t\t\t\t\t\r\n\t\t\t\t\t<\/a>\r\n\t\t\t\t<\/div>\r\n\t\t\t\t\t\t\t\t\r\n\t\t\t\t<div class=\"hb__person col-6\" id=\"person_3\">\r\n\t\t\t\t\t<img decoding=\"async\" class=\"hb__person-image hbi\" src=\"https:\/\/vwdtest.com\/pe\/wp-content\/uploads\/sites\/74\/2023\/07\/Worried-patients-1.png\" alt=\"Soy un padre preocupado\">\r\n\t\t\t\t\t<a href=\"https:\/\/vwdtest.com\/pe\/i-am-a-worried-parent\/\" class=\"hb__person-button hbb\">\r\n\t\t\t\t\t\t<div class=\"hb__person-text\">\r\n\t\t\t\t\t\t\t<span class=\"hb__person-content\">Soy un padre preocupado<span class=\"hb__person-content-arrow\"><\/span><\/span>\r\n\t\t\t\t\t\t\t<span class=\"hb__person-bg\">\r\n\t\t\t\t\t\t\t\t<span class=\"hb__person-arrow triangle up hba\"><\/span>\r\n\t\t\t\t\t\t\t<\/span>\r\n\t\t\t\t\t\t<\/div>\r\n\t\t\t\t\t\t\r\n\t\t\t\t\t<\/a>\r\n\t\t\t\t<\/div>\r\n\t\t\t\t\t\t\t\t\r\n\t\t\t\t<div class=\"hb__person col-6\" id=\"person_4\">\r\n\t\t\t\t\t<img decoding=\"async\" class=\"hb__person-image hbi\" src=\"https:\/\/vwdtest.com\/pe\/wp-content\/uploads\/sites\/74\/2023\/08\/bnr-img4-1.png\" alt=\"Vivo &lt;br&gt;con vwd\">\r\n\t\t\t\t\t<a href=\"https:\/\/vwdtest.com\/pe\/i-live-with-vwd\/\" class=\"hb__person-button hbb\">\r\n\t\t\t\t\t\t<div class=\"hb__person-text\">\r\n\t\t\t\t\t\t\t<span class=\"hb__person-content\">Vivo <br>con vwd<span class=\"hb__person-content-arrow\"><\/span><\/span>\r\n\t\t\t\t\t\t\t<span class=\"hb__person-bg\">\r\n\t\t\t\t\t\t\t\t<span class=\"hb__person-arrow triangle up hba\"><\/span>\r\n\t\t\t\t\t\t\t<\/span>\r\n\t\t\t\t\t\t<\/div>\r\n\t\t\t\t\t\t\r\n\t\t\t\t\t<\/a>\r\n\t\t\t\t<\/div>\r\n\t\t\t\t\t\t\t\t\t\t\t\t<\/div>\r\n\t<\/div>\r\n\t<div class=\"row d-lg-none\">\r\n\t\t<div class=\"col-12 col-lg-4\">\r\n\t\t\t<div class=\"hb__video\">\r\n\t\t\t\t<div class=\"hb__video-img play_video\" data-video=\"video_hb\"><img decoding=\"async\" src=\"https:\/\/vwdtest.com\/pe\/wp-content\/uploads\/sites\/74\/2023\/12\/thumbnail_VWD-thumb-Corrales-ES-1.png\" class=\"hb__video-image\"><\/div>\r\n\t\t\t\t<div class=\"hb__video-text\">\r\n\t\t\t\t\t<h3 class=\"hb__video-title\">Aprenda sobre la<br \/>\r\niniciativa de VWDtest<\/h3>\r\n\t\t\t\t\t<button class=\"hb__video-button button__large play_video\" data-video=\"video_hb\">Introducci\u00f3n<\/button>\r\n\t\t\t\t<\/div>\r\n\t\t\t<\/div>\r\n\t\t<\/div>\r\n\t<\/div>\r\n<\/div>\r\n<div class=\"video\" id=\"video_hb\">\r\n\t\t<div class=\"video__box\">\r\n\t\t<div class=\"popup-close-icon\"><img decoding=\"async\" src=\"https:\/\/vwdtest.com\/fr\/wp-content\/uploads\/sites\/22\/2023\/09\/cross-icon1.svg\" alt=\"cross-icon\"><\/div>\r\n\t\t\t<video width=\"320\" height=\"240\" controls>\r\n\t\t\t\t<source src=\"https:\/\/vwdtest.com\/pe\/wp-content\/uploads\/sites\/74\/2024\/02\/VWD-Test-Main-Video_12-Corrales-Spanish-proof-4.mp4\" type=\"video\/mp4\">\r\n\t\t\t\tYour browser does not support the video tag.\r\n\t\t\t\t\t\t\t<\/video>\t\r\n\t\t<\/div>\r\n\t<\/div>\r\n\r\n\r\n\n\n<div class=\"default-block container\">\n<div style=\"height:60px\" aria-hidden=\"true\" class=\"wp-block-spacer\"><\/div>\n<\/div>\n\n\r\n\r\n<div class=\"container take-test\">\r\n\t<div class=\"row\">\r\n\t\t<div class=\"col-12 take-test__bg\">\r\n\r\n\t\t\t<div class=\"take-test__items\">\r\n\t\t\t\t<div class=\"row\">\r\n\t\t\t\t\t<div class=\"take-test__item bleed\">\r\n\t\t\t\t\t\t<h2 class=\"take-test__sticker\">\u00bfSANGRO DEMASIADO?<\/h2>\r\n\t\t\t\t\t<\/div>\r\n\t\t\t\t\t<div class=\"take-test__item online-test\">\r\n\t\t\t\t\t\t<h3 class=\"take-test__counter take-test__counter--red\">\r\n\t\t\t\t\t\t\t<span class=\"take-test__counter-number\">52.622<\/span>\r\n\t\t\t\t\t\t\t<span class=\"take-test__counter-text\">personas han realizado la prueba en l\u00ednea.<\/span>\r\n\t\t\t\t\t\t<\/h3>\r\n\t\t\t\t\t<\/div>\r\n\t\t\t\t\t<div class=\"take-test__item people-identify\">\r\n\t\t\t\t\t\t<h3 class=\"take-test__counter take-test__counter--green\">\r\n\t\t\t\t\t\t\t<span class=\"take-test__counter-number\">19.229<\/span>\r\n\t\t\t\t\t\t\t<span class=\"take-test__counter-text\">personas se han identificado con un posible trastorno hemorr\u00e1gico<\/span>\r\n\t\t\t\t\t\t<\/h3>\r\n\t\t\t\t\t<\/div>\r\n\t\t\t\t\t<div class=\"take-test__item take-test-take\">\r\n\t\t\t\t\t\t<h3 class=\"take-test__title\">Realice la prueba para comprender mejor sus s\u00edntomas de sangrado.<\/h3>\r\n\t\t\t\t\t<\/div>\r\n\t\t\t\t\t<div class=\"take-test__item test-btn\">\r\n\t\t\t\t\t\t<h3 class=\"take-test__buttonContainer\">\r\n\t\t\t\t\t\t<a href=\"https:\/\/vwdtest.com\/pe\/take-test\/\" id=\"home_take_test\" class=\"button take-test__button\">Realizar la prueba<\/a>\r\n\t\t\t\t\t\t<\/h3>\r\n\t\t\t\t\t<\/div>\r\n\t\t\t\t<\/div>\r\n\t\t\t<\/div>\r\n\t\t<\/div>\r\n\t<\/div>\r\n<\/div>","protected":false},"excerpt":{"rendered":"","protected":false},"author":1,"featured_media":0,"parent":0,"menu_order":0,"comment_status":"closed","ping_status":"closed","template":"","meta":{"inline_featured_image":false},"acf":[],"yoast_head":"<!-- This site is optimized with the Yoast SEO plugin v20.4 - https:\/\/yoast.com\/wordpress\/plugins\/seo\/ -->\n<title>Homepage - Peru<\/title>\n<meta name=\"robots\" content=\"noindex, follow\" \/>\n<meta property=\"og:locale\" content=\"en_US\" \/>\n<meta property=\"og:type\" content=\"article\" \/>\n<meta property=\"og:title\" content=\"Homepage - Peru\" \/>\n<meta property=\"og:url\" content=\"https:\/\/vwdtest.com\/pe\/\" \/>\n<meta property=\"og:site_name\" content=\"Peru\" \/>\n<meta property=\"article:modified_time\" content=\"2024-03-13T08:40:16+00:00\" \/>\n<meta name=\"twitter:card\" content=\"summary_large_image\" \/>\n<script type=\"application\/ld+json\" class=\"yoast-schema-graph\">{\"@context\":\"https:\/\/schema.org\",\"@graph\":[{\"@type\":\"WebPage\",\"@id\":\"https:\/\/vwdtest.com\/pe\/\",\"url\":\"https:\/\/vwdtest.com\/pe\/\",\"name\":\"Homepage - Peru\",\"isPartOf\":{\"@id\":\"https:\/\/vwdtest.com\/pe\/#website\"},\"datePublished\":\"2023-02-13T13:47:59+00:00\",\"dateModified\":\"2024-03-13T08:40:16+00:00\",\"breadcrumb\":{\"@id\":\"https:\/\/vwdtest.com\/pe\/#breadcrumb\"},\"inLanguage\":\"en-US\",\"potentialAction\":[{\"@type\":\"ReadAction\",\"target\":[\"https:\/\/vwdtest.com\/pe\/\"]}]},{\"@type\":\"BreadcrumbList\",\"@id\":\"https:\/\/vwdtest.com\/pe\/#breadcrumb\",\"itemListElement\":[{\"@type\":\"ListItem\",\"position\":1,\"name\":\"Home\",\"item\":\"https:\/\/vwdtest.com\/pe\/\"},{\"@type\":\"ListItem\",\"position\":2,\"name\":\"Homepage\"}]},{\"@type\":\"WebSite\",\"@id\":\"https:\/\/vwdtest.com\/pe\/#website\",\"url\":\"https:\/\/vwdtest.com\/pe\/\",\"name\":\"Peru\",\"description\":\"\",\"potentialAction\":[{\"@type\":\"SearchAction\",\"target\":{\"@type\":\"EntryPoint\",\"urlTemplate\":\"https:\/\/vwdtest.com\/pe\/?s={search_term_string}\"},\"query-input\":\"required name=search_term_string\"}],\"inLanguage\":\"en-US\"}]}<\/script>\n<!-- \/ Yoast SEO plugin. -->","yoast_head_json":{"title":"Homepage - Peru","robots":{"index":"noindex","follow":"follow"},"og_locale":"en_US","og_type":"article","og_title":"Homepage - Peru","og_url":"https:\/\/vwdtest.com\/pe\/","og_site_name":"Peru","article_modified_time":"2024-03-13T08:40:16+00:00","twitter_card":"summary_large_image","schema":{"@context":"https:\/\/schema.org","@graph":[{"@type":"WebPage","@id":"https:\/\/vwdtest.com\/pe\/","url":"https:\/\/vwdtest.com\/pe\/","name":"Homepage - Peru","isPartOf":{"@id":"https:\/\/vwdtest.com\/pe\/#website"},"datePublished":"2023-02-13T13:47:59+00:00","dateModified":"2024-03-13T08:40:16+00:00","breadcrumb":{"@id":"https:\/\/vwdtest.com\/pe\/#breadcrumb"},"inLanguage":"en-US","potentialAction":[{"@type":"ReadAction","target":["https:\/\/vwdtest.com\/pe\/"]}]},{"@type":"BreadcrumbList","@id":"https:\/\/vwdtest.com\/pe\/#breadcrumb","itemListElement":[{"@type":"ListItem","position":1,"name":"Home","item":"https:\/\/vwdtest.com\/pe\/"},{"@type":"ListItem","position":2,"name":"Homepage"}]},{"@type":"WebSite","@id":"https:\/\/vwdtest.com\/pe\/#website","url":"https:\/\/vwdtest.com\/pe\/","name":"Peru","description":"","potentialAction":[{"@type":"SearchAction","target":{"@type":"EntryPoint","urlTemplate":"https:\/\/vwdtest.com\/pe\/?s={search_term_string}"},"query-input":"required name=search_term_string"}],"inLanguage":"en-US"}]}},"_links":{"self":[{"href":"https:\/\/vwdtest.com\/pe\/wp-json\/wp\/v2\/pages\/17"}],"collection":[{"href":"https:\/\/vwdtest.com\/pe\/wp-json\/wp\/v2\/pages"}],"about":[{"href":"https:\/\/vwdtest.com\/pe\/wp-json\/wp\/v2\/types\/page"}],"author":[{"embeddable":true,"href":"https:\/\/vwdtest.com\/pe\/wp-json\/wp\/v2\/users\/1"}],"replies":[{"embeddable":true,"href":"https:\/\/vwdtest.com\/pe\/wp-json\/wp\/v2\/comments?post=17"}],"version-history":[{"count":211,"href":"https:\/\/vwdtest.com\/pe\/wp-json\/wp\/v2\/pages\/17\/revisions"}],"predecessor-version":[{"id":2726,"href":"https:\/\/vwdtest.com\/pe\/wp-json\/wp\/v2\/pages\/17\/revisions\/2726"}],"wp:attachment":[{"href":"https:\/\/vwdtest.com\/pe\/wp-json\/wp\/v2\/media?parent=17"}],"curies":[{"name":"wp","href":"https:\/\/api.w.org\/{rel}","templated":true}]}}