{"id":1088,"date":"2023-08-14T07:52:15","date_gmt":"2023-08-14T07:52:15","guid":{"rendered":"https:\/\/new.vwdtest.com\/pe\/?page_id=1088"},"modified":"2024-03-15T11:54:50","modified_gmt":"2024-03-15T11:54:50","slug":"vwd-and-gynaecology-obstetrics","status":"publish","type":"page","link":"https:\/\/vwdtest.com\/pe\/vwd-and-gynaecology-obstetrics\/","title":{"rendered":"EVW Y GINECOLOG\u00cdA\/OBSTETRICIA"},"content":{"rendered":"<div class=\"default-block container\">\n<h5 class=\"bleeding-symptoms-title vwd\">Se estima que los trastornos hemorr\u00e1gicos, incluida la <a href=\"https:\/\/vwdtest.com\/pe\/von-willebrand-disease\/\">enfermedad de von Willebrand (EVW)<\/a>, son responsables del sangrado menstrual abundante ( HMB) en una de cada cinco mujeres con esta afecci\u00f3n.<sup>1 <\/sup>Los trastornos hemorr\u00e1gicos tambi\u00e9n son un factor de riesgo importante de sangrado excesivo durante el parto y el posparto. A pesar del papel destacado de los trastornos hemorr\u00e1gicos como causas de sangrado vaginal excesivo y del hecho de que la EvW es el trastorno hemorr\u00e1gico m\u00e1s com\u00fan, solo una fracci\u00f3n de las mujeres que presentan sangrado vaginal excesivo se someten a pruebas de EvW.<sup>2<\/sup> <\/h5>\n<\/div>\n\n<img decoding=\"async\" src=\"https:\/\/vwdtest.com\/pe\/wp-content\/uploads\/sites\/74\/2023\/08\/gynaecology-img.png\" alt=\"EVW Y GINECOLOG\u00cdA\/OBSTETRICIA\" class=\"page_thumbnail d-xl-none\">\r\n\n\n<div class=\"default-block container\">\n<p class=\"full\">Debido a la falta de concientizaci\u00f3n y educaci\u00f3n, la EVW a menudo no se diagnostica o el diagn\u00f3stico se retrasa. Sin diagn\u00f3stico ni tratamiento, estas mujeres pueden experimentar graves consecuencias f\u00edsicas y psicol\u00f3gicas de su HMB, como fatiga, anemia, ansiedad y depresi\u00f3n.<sup>1<\/sup><\/p>\n<\/div>\n\n<div class=\"default-block container\">\n<h3>El papel de los ginec\u00f3logos y obstetras.<\/h3>\n<\/div>\n\n<div class=\"default-block container\">\n<p class=\"full push-text\">Casi todas las mujeres con EvW en edad reproductiva experimentan sangrado vaginal excesivo.<sup>3<\/sup> Adem\u00e1s, los per\u00edodos abundantes suelen ser el primer s\u00edntoma de sangrado prominente cuando las ni\u00f1as con EvW entran en la pubertad. Como ginec\u00f3logo u obstetra, usted suele ser el primer proveedor de atenci\u00f3n m\u00e9dica con quien estas ni\u00f1as o sus cuidadores hablan sobre una tendencia a sangrar extensamente. Por lo tanto, sus consultas presentan una primera oportunidad para ayudar a identificar a las pacientes que pueden beneficiarse de una evaluaci\u00f3n diagn\u00f3stica adicional de un trastorno hemorr\u00e1gico. Esta oportunidad es particularmente importante en sociedades que estigmatizan el sangrado vaginal, o para pacientes que pueden haberse vuelto insensibles a sus per\u00edodos abundantes y pueden sentirse ignoradas o poco comprendidas.<sup>2<\/sup> Adem\u00e1s, dado que los trastornos hemorr\u00e1gicos como la EvW son trastornos hereditarios, un diagn\u00f3stico de EvW a menudo ayuda a identificar a otros miembros de la familia en riesgo.<\/p>\n<\/div>\n\n<div class=\"default-block container\">\n<p class=\"full push-text\">Aunque una mayor concientizaci\u00f3n entre los proveedores de atenci\u00f3n m\u00e9dica y los pacientes es el paso m\u00e1s importante para identificar a los pacientes con riesgo de hemorragia, el diagn\u00f3stico de la EvW sigue siendo una tarea desafiante debido a la complejidad del proceso de diagn\u00f3stico.<sup> 2<\/sup> Si una de sus pacientes ha presentado recientemente sangrado vaginal excesivo, le recomendamos que le pida que documente su per\u00edodo con nuestro <a href=\"\/la\/heavy-periods\/#showPdf\">cuadro de evaluaci\u00f3n del per\u00edodo<\/a>. Tambi\u00e9n puede sugerirle realizar nuestra <a href=\"https:\/\/vwdtest.com\/pe\/take-test\/\">prueba de sangrado<\/a> con su paciente. La prueba le ayudar\u00e1 a tomar una primera decisi\u00f3n sobre si se necesitan m\u00e1s investigaciones y podr\u00eda cambiar la vida de su paciente.<\/p>\n<\/div>\n\n<div class=\"default-block container\">\n<p class=\"full push-text\">Existen varias opciones de tratamiento para mujeres con EvW y HMB, y se encuentran disponibles pautas para el tratamiento de HMB debido a EvW.<sup>4<\/sup> El tratamiento debe individualizarse, tomando en cuenta factores como la edad, el estilo de vida, los deseos de embarazo y otras preferencias del paciente. Es importante tener en cuenta que algunos tratamientos, como los anticonceptivos suelen ser eficaces para controlar la HMB, pero no proteger\u00e1n a sus pacientes con EvW de hemorragias despu\u00e9s de un traumatismo, un accidente o durante una <a href=\"\/i-live-with-vwd\/#surgery\">cirug\u00eda<\/a>, por lo que un diagn\u00f3stico completo es crucial. Adem\u00e1s, el sangrado vaginal excesivo suele provocar estigma y despido. Junto con las limitaciones en la vida cotidiana, las actividades f\u00edsicas y las interacciones sociales debido al HMB, esta falta de reconocimiento puede suponer un <a href=\"https:\/\/vwdtest.com\/pe\/i-live-with-vwd\/#mental-health\">carga mental<\/a> para sus pacientes.<sup>5,6<\/sup> Sin suficiente apoyo social, sus pacientes con EvW pueden incluso desarrollar ansiedad y depresi\u00f3n.<\/p>\n<\/div>\n\n<div class=\"default-block container\">\n<p class=\"full push-text\">Las mujeres con EvW pueden tener <a href=\"https:\/\/vwdtest.com\/pe\/i-live-with-vwd\/#childbirth\">embarazos<\/a> y dar a luz beb\u00e9s sanos. Sin embargo, sin diagn\u00f3stico y tratamiento, pueden experimentar sangrado excesivo durante y despu\u00e9s del parto. Por lo tanto, una planificaci\u00f3n y un seguimiento cuidadosos son esenciales para garantizar un parto normal. Siempre que sea posible, el embarazo y el parto deben discutirse y planificarse con mucha antelaci\u00f3n y junto con un equipo multidisciplinar que incluya un hemat\u00f3logo especializado en un centro de tratamieto <a href=\"https:\/\/vwdtest.com\/pe\/helpful-resources\/\">centro de tratamiento<\/a>.<sup>8,9<\/sup> VWDtest tambi\u00e9n ofrece m\u00e1s informaci\u00f3n sobre el <a href=\"https:\/\/vwdtest.com\/pe\/i-live-with-vwd\/\"> etiolog\u00eda<\/a>, <a href=\"https:\/\/vwdtest.com\/pe\/i-live-with-vwd\/\">diagn\u00f3stico <\/a>y <a href=\"https:\/\/vwdtest.com\/pe\/i-live-with-vwd\/\">manejo de la EvW<\/a>, as\u00ed como informaci\u00f3n sobre el <a href=\"\/sm\/helpful-resources\/#journey\">viaje<\/a> t\u00edpico de pacientes con EvW.<\/p>\n<\/div>\n\n<div class=\"default-block container\">\n<h6>Referencias<\/h6>\n<\/div>\n\n<div class=\"default-block container\">\n<ol type=\"1\"><div class=\"default-block container\">\n<li>Kadir RA et al. <em>Lancet <\/em>1998; 351:485-9.<\/li>\n<\/div>\n\n<div class=\"default-block container\">\n<li><a href=\"https:\/\/pubmed.ncbi.nlm.nih.gov\/36210240\/\" target=\"_blank\" rel=\"noreferrer noopener\">Corrales-Medina FF et al. <em>Blood Rev<\/em><\/a> 2023; 58:101018.<\/li>\n<\/div>\n\n<div class=\"default-block container\">\n<li>de Wee EM, et al. <em>Thromb Haemost<\/em> 2012; 108:683-92.<\/li>\n<\/div>\n\n<div class=\"default-block container\">\n<li>Connell NT et al. <em>Blood Adv<\/em> 2021; 5:301-25.<\/li>\n<\/div>\n\n<div class=\"default-block container\">\n<li>VanderMeulen H, et al. <em>Hematology Am Soc Hematol Educ Program<\/em> 2022 1: 631-6.<\/li>\n<\/div>\n\n<div class=\"default-block container\">\n<li>Sanigorska A, et al. <em>Res Pract Thromb Haemost<\/em> 2022; 6:e12652.<\/li>\n<\/div>\n\n<div class=\"default-block container\">\n<li>Roberts JC, et al. <em>Haemophilia <\/em>2022; doi: 10.1111\/hae.14725.<\/li>\n<\/div>\n\n<div class=\"default-block container\">\n<li>Leebeek FWG, et al. <em>Blood <\/em>2020; 136:2143-50.<\/li>\n<\/div>\n\n<div class=\"default-block container\">\n<li>Janbain M and Kouides P <em>Int J Womens Health<\/em> 2022; 14:1307-13.<\/li>\n<\/div><\/ol>\n<\/div>","protected":false},"excerpt":{"rendered":"<p>Se estima que los trastornos hemorr\u00e1gicos, incluida la enfermedad de von Willebrand (EVW), son responsables del sangrado menstrual abundante ( HMB) en una de cada cinco mujeres con esta afecci\u00f3n.1 Los trastornos hemorr\u00e1gicos tambi\u00e9n son un factor de riesgo importante de sangrado excesivo durante el parto y el posparto. A pesar del papel destacado de [&hellip;]<\/p>\n","protected":false},"author":1,"featured_media":1096,"parent":0,"menu_order":0,"comment_status":"closed","ping_status":"closed","template":"","meta":{"inline_featured_image":false},"acf":[],"yoast_head":"<!-- This site is optimized with the Yoast SEO plugin v20.4 - https:\/\/yoast.com\/wordpress\/plugins\/seo\/ -->\n<title>EVW Y GINECOLOG\u00cdA\/OBSTETRICIA - Peru<\/title>\n<meta name=\"robots\" content=\"noindex, follow\" \/>\n<meta property=\"og:locale\" content=\"en_US\" \/>\n<meta property=\"og:type\" content=\"article\" \/>\n<meta property=\"og:title\" content=\"EVW Y GINECOLOG\u00cdA\/OBSTETRICIA - Peru\" \/>\n<meta property=\"og:description\" content=\"Se estima que los trastornos hemorr\u00e1gicos, incluida la enfermedad de von Willebrand (EVW), son responsables del sangrado menstrual abundante ( HMB) en una de cada cinco mujeres con esta afecci\u00f3n.1 Los trastornos hemorr\u00e1gicos tambi\u00e9n son un factor de riesgo importante de sangrado excesivo durante el parto y el posparto. A pesar del papel destacado de [&hellip;]\" \/>\n<meta property=\"og:url\" content=\"https:\/\/vwdtest.com\/pe\/vwd-and-gynaecology-obstetrics\/\" \/>\n<meta property=\"og:site_name\" content=\"Peru\" \/>\n<meta property=\"article:modified_time\" content=\"2024-03-15T11:54:50+00:00\" \/>\n<meta property=\"og:image\" content=\"https:\/\/vwdtest.com\/pe\/wp-content\/uploads\/sites\/74\/2023\/08\/gynaecology-img.png\" \/>\n\t<meta property=\"og:image:width\" content=\"611\" \/>\n\t<meta property=\"og:image:height\" content=\"904\" \/>\n\t<meta property=\"og:image:type\" content=\"image\/png\" \/>\n<meta name=\"twitter:card\" content=\"summary_large_image\" \/>\n<meta name=\"twitter:label1\" content=\"Est. reading time\" \/>\n\t<meta name=\"twitter:data1\" content=\"4 minutes\" \/>\n<script type=\"application\/ld+json\" class=\"yoast-schema-graph\">{\"@context\":\"https:\/\/schema.org\",\"@graph\":[{\"@type\":\"WebPage\",\"@id\":\"https:\/\/vwdtest.com\/pe\/vwd-and-gynaecology-obstetrics\/\",\"url\":\"https:\/\/vwdtest.com\/pe\/vwd-and-gynaecology-obstetrics\/\",\"name\":\"EVW Y GINECOLOG\u00cdA\/OBSTETRICIA - Peru\",\"isPartOf\":{\"@id\":\"https:\/\/vwdtest.com\/pe\/#website\"},\"datePublished\":\"2023-08-14T07:52:15+00:00\",\"dateModified\":\"2024-03-15T11:54:50+00:00\",\"breadcrumb\":{\"@id\":\"https:\/\/vwdtest.com\/pe\/vwd-and-gynaecology-obstetrics\/#breadcrumb\"},\"inLanguage\":\"en-US\",\"potentialAction\":[{\"@type\":\"ReadAction\",\"target\":[\"https:\/\/vwdtest.com\/pe\/vwd-and-gynaecology-obstetrics\/\"]}]},{\"@type\":\"BreadcrumbList\",\"@id\":\"https:\/\/vwdtest.com\/pe\/vwd-and-gynaecology-obstetrics\/#breadcrumb\",\"itemListElement\":[{\"@type\":\"ListItem\",\"position\":1,\"name\":\"Home\",\"item\":\"https:\/\/vwdtest.com\/pe\/\"},{\"@type\":\"ListItem\",\"position\":2,\"name\":\"EVW Y GINECOLOG\u00cdA\/OBSTETRICIA\"}]},{\"@type\":\"WebSite\",\"@id\":\"https:\/\/vwdtest.com\/pe\/#website\",\"url\":\"https:\/\/vwdtest.com\/pe\/\",\"name\":\"Peru\",\"description\":\"\",\"potentialAction\":[{\"@type\":\"SearchAction\",\"target\":{\"@type\":\"EntryPoint\",\"urlTemplate\":\"https:\/\/vwdtest.com\/pe\/?s={search_term_string}\"},\"query-input\":\"required name=search_term_string\"}],\"inLanguage\":\"en-US\"}]}<\/script>\n<!-- \/ Yoast SEO plugin. -->","yoast_head_json":{"title":"EVW Y GINECOLOG\u00cdA\/OBSTETRICIA - Peru","robots":{"index":"noindex","follow":"follow"},"og_locale":"en_US","og_type":"article","og_title":"EVW Y GINECOLOG\u00cdA\/OBSTETRICIA - Peru","og_description":"Se estima que los trastornos hemorr\u00e1gicos, incluida la enfermedad de von Willebrand (EVW), son responsables del sangrado menstrual abundante ( HMB) en una de cada cinco mujeres con esta afecci\u00f3n.1 Los trastornos hemorr\u00e1gicos tambi\u00e9n son un factor de riesgo importante de sangrado excesivo durante el parto y el posparto. A pesar del papel destacado de [&hellip;]","og_url":"https:\/\/vwdtest.com\/pe\/vwd-and-gynaecology-obstetrics\/","og_site_name":"Peru","article_modified_time":"2024-03-15T11:54:50+00:00","og_image":[{"width":611,"height":904,"url":"https:\/\/vwdtest.com\/pe\/wp-content\/uploads\/sites\/74\/2023\/08\/gynaecology-img.png","type":"image\/png"}],"twitter_card":"summary_large_image","twitter_misc":{"Est. reading time":"4 minutes"},"schema":{"@context":"https:\/\/schema.org","@graph":[{"@type":"WebPage","@id":"https:\/\/vwdtest.com\/pe\/vwd-and-gynaecology-obstetrics\/","url":"https:\/\/vwdtest.com\/pe\/vwd-and-gynaecology-obstetrics\/","name":"EVW Y GINECOLOG\u00cdA\/OBSTETRICIA - Peru","isPartOf":{"@id":"https:\/\/vwdtest.com\/pe\/#website"},"datePublished":"2023-08-14T07:52:15+00:00","dateModified":"2024-03-15T11:54:50+00:00","breadcrumb":{"@id":"https:\/\/vwdtest.com\/pe\/vwd-and-gynaecology-obstetrics\/#breadcrumb"},"inLanguage":"en-US","potentialAction":[{"@type":"ReadAction","target":["https:\/\/vwdtest.com\/pe\/vwd-and-gynaecology-obstetrics\/"]}]},{"@type":"BreadcrumbList","@id":"https:\/\/vwdtest.com\/pe\/vwd-and-gynaecology-obstetrics\/#breadcrumb","itemListElement":[{"@type":"ListItem","position":1,"name":"Home","item":"https:\/\/vwdtest.com\/pe\/"},{"@type":"ListItem","position":2,"name":"EVW Y GINECOLOG\u00cdA\/OBSTETRICIA"}]},{"@type":"WebSite","@id":"https:\/\/vwdtest.com\/pe\/#website","url":"https:\/\/vwdtest.com\/pe\/","name":"Peru","description":"","potentialAction":[{"@type":"SearchAction","target":{"@type":"EntryPoint","urlTemplate":"https:\/\/vwdtest.com\/pe\/?s={search_term_string}"},"query-input":"required name=search_term_string"}],"inLanguage":"en-US"}]}},"_links":{"self":[{"href":"https:\/\/vwdtest.com\/pe\/wp-json\/wp\/v2\/pages\/1088"}],"collection":[{"href":"https:\/\/vwdtest.com\/pe\/wp-json\/wp\/v2\/pages"}],"about":[{"href":"https:\/\/vwdtest.com\/pe\/wp-json\/wp\/v2\/types\/page"}],"author":[{"embeddable":true,"href":"https:\/\/vwdtest.com\/pe\/wp-json\/wp\/v2\/users\/1"}],"replies":[{"embeddable":true,"href":"https:\/\/vwdtest.com\/pe\/wp-json\/wp\/v2\/comments?post=1088"}],"version-history":[{"count":88,"href":"https:\/\/vwdtest.com\/pe\/wp-json\/wp\/v2\/pages\/1088\/revisions"}],"predecessor-version":[{"id":2770,"href":"https:\/\/vwdtest.com\/pe\/wp-json\/wp\/v2\/pages\/1088\/revisions\/2770"}],"wp:featuredmedia":[{"embeddable":true,"href":"https:\/\/vwdtest.com\/pe\/wp-json\/wp\/v2\/media\/1096"}],"wp:attachment":[{"href":"https:\/\/vwdtest.com\/pe\/wp-json\/wp\/v2\/media?parent=1088"}],"curies":[{"name":"wp","href":"https:\/\/api.w.org\/{rel}","templated":true}]}}