{"id":89,"date":"2023-02-14T13:03:21","date_gmt":"2023-02-14T13:03:21","guid":{"rendered":"https:\/\/new.vwdtest.com\/sm\/?page_id=89"},"modified":"2025-10-09T12:25:24","modified_gmt":"2025-10-09T12:25:24","slug":"vwd-and-denstistry","status":"publish","type":"page","link":"https:\/\/vwdtest.com\/mx\/vwd-and-denstistry\/","title":{"rendered":"EvW y odontolog\u00eda"},"content":{"rendered":"<div class=\"default-block container\">\n<h5 class=\"bleeding-symptoms-title dentist\">Pacientes con trastornos hemorr\u00e1gicos como hemofilia o <a href=\"https:\/\/vwdtest.com\/mx\/von-willebrand-disease\/\" target=\"_blank\" rel=\"noreferrer noopener\">enfermedad de von Willebrand (EvW)<\/a> tienen un mayor riesgo de sufrir sangrado bucal, incluso durante el cuidado dental de rutina.<sup>1,2<\/sup> El sangrado puede ocurrir incluso despu\u00e9s de cepillarse los dientes o usar hilo dental y el miedo a sangrar pueden impedir que los pacientes mantengan una buena higiene bucal y visiten a su dentista con regularidad.<sup>2-4<\/sup> Incluso los pacientes que visitan a su proveedor de atenci\u00f3n dental pueden sentir aprensi\u00f3n acerca de los procedimientos dentales debido a malas experiencias previas. o preocupaciones de que no puedan recibir tratamiento.<sup>4<\/sup> Adem\u00e1s, muchos pacientes con EvW no est\u00e1n diagnosticados y no saben que su sangrado no es normal.<sup>5<\/sup><\/h5>\n<\/div>\n\n<img decoding=\"async\" src=\"https:\/\/vwdtest.com\/mx\/wp-content\/uploads\/sites\/40\/2023\/02\/Dentist-button.png\" alt=\"EvW y odontolog\u00eda\" class=\"page_thumbnail d-xl-none\">\r\n\n\n<div class=\"default-block container\">\n<p class=\"full\">El riesgo de hemorragia y la ansiedad resultante contribuyen a una mala salud dental en ni\u00f1os y adolescentes con trastornos hemorr\u00e1gicos.<sup>2<\/sup> Sin educaci\u00f3n y tratamiento adecuados, estos pacientes pueden entrar en un c\u00edrculo vicioso de sangrado frecuente de enc\u00edas, cuidado dental descuidado y deterioro de la salud bucal.<sup>3<\/sup> Para proteger su salud bucal y su calidad de vida, estos pacientes y sus cuidadores dependen en gran medida de un proveedor de atenci\u00f3n dental de confianza que les brinde educaci\u00f3n sobre atenci\u00f3n preventiva y garantiza controles peri\u00f3dicos.<\/p>\n<\/div>\n\n<div class=\"default-block container\">\n<h3>El papel de los proveedores de atenci\u00f3n dental.<\/h3>\n<\/div>\n\n<div class=\"default-block container\">\n<p class=\"full\">Como proveedor de atenci\u00f3n dental, usted se encuentra en una posici\u00f3n \u00fanica para ayudar a identificar a los pacientes que pueden beneficiarse de una evaluaci\u00f3n diagn\u00f3stica adicional de un trastorno hemorr\u00e1gico. Para muchas personas, las visitas a su dentista local son el \u00fanico contacto regular con su sistema sanitario local.<sup>2<\/sup> Adem\u00e1s, la extracci\u00f3n de un diente puede ser a menudo la primera cirug\u00eda (y, por tanto, un gran desaf\u00edo hemost\u00e1tico) para muchos pacientes. Por lo tanto, el sangrado excesivo durante o despu\u00e9s de dicho procedimiento puede ser la primera oportunidad para el diagn\u00f3stico de un trastorno hemorr\u00e1gico no reconocido.<\/p>\n<\/div>\n\n<div class=\"default-block container\">\n<p class=\"full\">El diagn\u00f3stico de EvW sigue siendo una tarea desafiante debido a la falta de concientizaci\u00f3n y a la complejidad del diagn\u00f3stico.<sup>5<\/sup> Si recientemente observ\u00f3 un sangrado inesperado en uno de sus pacientes, le Le recomendamos que realice nuestra <a href=\"https:\/\/vwdtest.com\/mx\/take-test\/\" data-type=\"page\" data-id=\"58\">prueba de sangrado<\/a> con su paciente. La prueba mostrar\u00e1 si es necesario realizar m\u00e1s investigaciones y podr\u00eda cambiar la vida de su paciente.<\/p>\n<\/div>\n\n<div class=\"default-block container\">\n<p class=\"full\">Dado que los pacientes con trastornos hemorr\u00e1gicos pueden evitar los controles dentales por temor a sangrar, se deben alentar las visitas de seguimiento peri\u00f3dicas para proteger la salud bucal y la calidad de vida de los pacientes.<sup>4<\/sup> Para los odont\u00f3logos que desean tratar a pacientes con trastornos hemorr\u00e1gicos, hay recomendaciones de manejo disponibles.<sup>3,6<\/sup> Generalmente, el manejo dental de los pacientes con EvW es similar al de los pacientes con hemofilia.<sup>3 <\/sup> La mayor\u00eda del tratamiento no quir\u00fargico de rutina se puede proporcionar en la pr\u00e1ctica dental general despu\u00e9s de consultar con un hemat\u00f3logo, especialmente en pacientes con EvW leve.<sup>3<\/sup> S\u00f3lo el tratamiento de pacientes con enfermedad moderada o grave y El trabajo dental invasivo debe realizarse en un entorno hospitalario y de acuerdo con un plan de tratamiento.<sup>3,6<\/sup><\/p>\n<\/div>\n\n<div class=\"default-block container\">\n<p class=\"full\">Para encontrar el centro de tratamiento de hemofilia m\u00e1s cercano, <a href=\"https:\/\/vwdtest.com\/mx\/helpful-resources\/\">haga clic aqu\u00ed.<\/a> VWDtest.com tambi\u00e9n ofrece m\u00e1s informaci\u00f3n sobre la etiolog\u00eda, el diagn\u00f3stico y el tratamiento de la VWD, as\u00ed como informaci\u00f3n sobre el recorrido t\u00edpico de los pacientes con VWD.<\/p>\n<\/div>\n\n<div class=\"default-block container\">\n<h6>Referencias<\/h6>\n<\/div>\n\n<div class=\"default-block container\">\n<ol type=\"1\"><div class=\"default-block container\">\n<li>de Wee EM, et al. <em>Thromb Haemost<\/em> 2012; 108:683-92.<\/li>\n<\/div>\n\n<div class=\"default-block container\">\n<li>Brown MC et al. <em>Haemophilia <\/em>2022; 28:73-9.<\/li>\n<\/div>\n\n<div class=\"default-block container\">\n<li>Anderson JAM et al. <em>Br Dent J<\/em> 2013; 215:497-504.<\/li>\n<\/div>\n\n<div class=\"default-block container\">\n<li>Kalsi H et al. <em>Haemophilia<\/em> 2012; 18:510-5.<\/li>\n<\/div>\n\n<div class=\"default-block container\">\n<li><a href=\"https:\/\/pubmed.ncbi.nlm.nih.gov\/36210240\/\" target=\"_blank\" rel=\"noreferrer noopener\">Corrales-Medina FF et al. <em>Blood Rev<\/em><\/a><em><a> <\/a><\/em>2022; 101018.<\/li>\n<\/div>\n\n<div class=\"default-block container\">\n<li>Directrices de la FMH para el tratamiento dental de pacientes con trastornos hemorr\u00e1gicos hereditarios; <a href=\"https:\/\/elearning.wfh.org\/resource\/guidelines-for-dental-treatment-of-patients-with-inherited-bleeding-disorders\/\" target=\"_blank\" rel=\"noreferrer noopener\">https:\/\/elearning.wfh.org\/resource\/guidelines-for-dental-treatment-of-patients-with-inherited-bleeding-disorders\/<\/a>; consultado por \u00faltima vez en noviembre de 2022.<\/li>\n<\/div><\/ol>\n<\/div>","protected":false},"excerpt":{"rendered":"<p>Pacientes con trastornos hemorr\u00e1gicos como hemofilia o enfermedad de von Willebrand (EvW) tienen un mayor riesgo de sufrir sangrado bucal, incluso durante el cuidado dental de rutina.1,2 El sangrado puede ocurrir incluso despu\u00e9s de cepillarse los dientes o usar hilo dental y el miedo a sangrar pueden impedir que los pacientes mantengan una buena higiene [&hellip;]<\/p>\n","protected":false},"author":1,"featured_media":233,"parent":0,"menu_order":0,"comment_status":"closed","ping_status":"closed","template":"","meta":{"inline_featured_image":false},"acf":[],"yoast_head":"<!-- This site is optimized with the Yoast SEO plugin v20.4 - https:\/\/yoast.com\/wordpress\/plugins\/seo\/ -->\n<title>EvW y odontolog\u00eda - Mexico<\/title>\n<meta name=\"robots\" content=\"index, follow, max-snippet:-1, max-image-preview:large, max-video-preview:-1\" \/>\n<link rel=\"canonical\" href=\"https:\/\/vwdtest.com\/mx\/vwd-and-denstistry\/\" \/>\n<meta property=\"og:locale\" content=\"en_US\" \/>\n<meta property=\"og:type\" content=\"article\" \/>\n<meta property=\"og:title\" content=\"EvW y odontolog\u00eda - Mexico\" \/>\n<meta property=\"og:description\" content=\"Pacientes con trastornos hemorr\u00e1gicos como hemofilia o enfermedad de von Willebrand (EvW) tienen un mayor riesgo de sufrir sangrado bucal, incluso durante el cuidado dental de rutina.1,2 El sangrado puede ocurrir incluso despu\u00e9s de cepillarse los dientes o usar hilo dental y el miedo a sangrar pueden impedir que los pacientes mantengan una buena higiene [&hellip;]\" \/>\n<meta property=\"og:url\" content=\"https:\/\/vwdtest.com\/mx\/vwd-and-denstistry\/\" \/>\n<meta property=\"og:site_name\" content=\"Mexico\" \/>\n<meta property=\"article:modified_time\" content=\"2025-10-09T12:25:24+00:00\" \/>\n<meta property=\"og:image\" content=\"http:\/\/vwdtest.com\/mx\/wp-content\/uploads\/sites\/40\/2023\/02\/Dentist-button.png\" \/>\n\t<meta property=\"og:image:width\" content=\"772\" \/>\n\t<meta property=\"og:image:height\" content=\"1021\" \/>\n\t<meta property=\"og:image:type\" content=\"image\/png\" \/>\n<meta name=\"twitter:card\" content=\"summary_large_image\" \/>\n<meta name=\"twitter:label1\" content=\"Est. reading time\" \/>\n\t<meta name=\"twitter:data1\" content=\"3 minutes\" \/>\n<script type=\"application\/ld+json\" class=\"yoast-schema-graph\">{\"@context\":\"https:\/\/schema.org\",\"@graph\":[{\"@type\":\"WebPage\",\"@id\":\"https:\/\/vwdtest.com\/mx\/vwd-and-denstistry\/\",\"url\":\"https:\/\/vwdtest.com\/mx\/vwd-and-denstistry\/\",\"name\":\"EvW y odontolog\u00eda - Mexico\",\"isPartOf\":{\"@id\":\"https:\/\/vwdtest.com\/mx\/#website\"},\"datePublished\":\"2023-02-14T13:03:21+00:00\",\"dateModified\":\"2025-10-09T12:25:24+00:00\",\"breadcrumb\":{\"@id\":\"https:\/\/vwdtest.com\/mx\/vwd-and-denstistry\/#breadcrumb\"},\"inLanguage\":\"en-US\",\"potentialAction\":[{\"@type\":\"ReadAction\",\"target\":[\"https:\/\/vwdtest.com\/mx\/vwd-and-denstistry\/\"]}]},{\"@type\":\"BreadcrumbList\",\"@id\":\"https:\/\/vwdtest.com\/mx\/vwd-and-denstistry\/#breadcrumb\",\"itemListElement\":[{\"@type\":\"ListItem\",\"position\":1,\"name\":\"Home\",\"item\":\"https:\/\/vwdtest.com\/mx\/\"},{\"@type\":\"ListItem\",\"position\":2,\"name\":\"EvW y odontolog\u00eda\"}]},{\"@type\":\"WebSite\",\"@id\":\"https:\/\/vwdtest.com\/mx\/#website\",\"url\":\"https:\/\/vwdtest.com\/mx\/\",\"name\":\"Mexico\",\"description\":\"\",\"potentialAction\":[{\"@type\":\"SearchAction\",\"target\":{\"@type\":\"EntryPoint\",\"urlTemplate\":\"https:\/\/vwdtest.com\/mx\/?s={search_term_string}\"},\"query-input\":\"required name=search_term_string\"}],\"inLanguage\":\"en-US\"}]}<\/script>\n<!-- \/ Yoast SEO plugin. -->","yoast_head_json":{"title":"EvW y odontolog\u00eda - Mexico","robots":{"index":"index","follow":"follow","max-snippet":"max-snippet:-1","max-image-preview":"max-image-preview:large","max-video-preview":"max-video-preview:-1"},"canonical":"https:\/\/vwdtest.com\/mx\/vwd-and-denstistry\/","og_locale":"en_US","og_type":"article","og_title":"EvW y odontolog\u00eda - Mexico","og_description":"Pacientes con trastornos hemorr\u00e1gicos como hemofilia o enfermedad de von Willebrand (EvW) tienen un mayor riesgo de sufrir sangrado bucal, incluso durante el cuidado dental de rutina.1,2 El sangrado puede ocurrir incluso despu\u00e9s de cepillarse los dientes o usar hilo dental y el miedo a sangrar pueden impedir que los pacientes mantengan una buena higiene [&hellip;]","og_url":"https:\/\/vwdtest.com\/mx\/vwd-and-denstistry\/","og_site_name":"Mexico","article_modified_time":"2025-10-09T12:25:24+00:00","og_image":[{"width":772,"height":1021,"url":"http:\/\/vwdtest.com\/mx\/wp-content\/uploads\/sites\/40\/2023\/02\/Dentist-button.png","type":"image\/png"}],"twitter_card":"summary_large_image","twitter_misc":{"Est. reading time":"3 minutes"},"schema":{"@context":"https:\/\/schema.org","@graph":[{"@type":"WebPage","@id":"https:\/\/vwdtest.com\/mx\/vwd-and-denstistry\/","url":"https:\/\/vwdtest.com\/mx\/vwd-and-denstistry\/","name":"EvW y odontolog\u00eda - Mexico","isPartOf":{"@id":"https:\/\/vwdtest.com\/mx\/#website"},"datePublished":"2023-02-14T13:03:21+00:00","dateModified":"2025-10-09T12:25:24+00:00","breadcrumb":{"@id":"https:\/\/vwdtest.com\/mx\/vwd-and-denstistry\/#breadcrumb"},"inLanguage":"en-US","potentialAction":[{"@type":"ReadAction","target":["https:\/\/vwdtest.com\/mx\/vwd-and-denstistry\/"]}]},{"@type":"BreadcrumbList","@id":"https:\/\/vwdtest.com\/mx\/vwd-and-denstistry\/#breadcrumb","itemListElement":[{"@type":"ListItem","position":1,"name":"Home","item":"https:\/\/vwdtest.com\/mx\/"},{"@type":"ListItem","position":2,"name":"EvW y odontolog\u00eda"}]},{"@type":"WebSite","@id":"https:\/\/vwdtest.com\/mx\/#website","url":"https:\/\/vwdtest.com\/mx\/","name":"Mexico","description":"","potentialAction":[{"@type":"SearchAction","target":{"@type":"EntryPoint","urlTemplate":"https:\/\/vwdtest.com\/mx\/?s={search_term_string}"},"query-input":"required name=search_term_string"}],"inLanguage":"en-US"}]}},"_links":{"self":[{"href":"https:\/\/vwdtest.com\/mx\/wp-json\/wp\/v2\/pages\/89"}],"collection":[{"href":"https:\/\/vwdtest.com\/mx\/wp-json\/wp\/v2\/pages"}],"about":[{"href":"https:\/\/vwdtest.com\/mx\/wp-json\/wp\/v2\/types\/page"}],"author":[{"embeddable":true,"href":"https:\/\/vwdtest.com\/mx\/wp-json\/wp\/v2\/users\/1"}],"replies":[{"embeddable":true,"href":"https:\/\/vwdtest.com\/mx\/wp-json\/wp\/v2\/comments?post=89"}],"version-history":[{"count":50,"href":"https:\/\/vwdtest.com\/mx\/wp-json\/wp\/v2\/pages\/89\/revisions"}],"predecessor-version":[{"id":2770,"href":"https:\/\/vwdtest.com\/mx\/wp-json\/wp\/v2\/pages\/89\/revisions\/2770"}],"wp:featuredmedia":[{"embeddable":true,"href":"https:\/\/vwdtest.com\/mx\/wp-json\/wp\/v2\/media\/233"}],"wp:attachment":[{"href":"https:\/\/vwdtest.com\/mx\/wp-json\/wp\/v2\/media?parent=89"}],"curies":[{"name":"wp","href":"https:\/\/api.w.org\/{rel}","templated":true}]}}