{"id":811,"date":"2023-04-27T13:02:19","date_gmt":"2023-04-27T13:02:19","guid":{"rendered":"https:\/\/new.vwdtest.com\/sm\/?page_id=811"},"modified":"2024-02-27T12:06:57","modified_gmt":"2024-02-27T12:06:57","slug":"i-am-a-worried-parent","status":"publish","type":"page","link":"https:\/\/vwdtest.com\/mx\/i-am-a-worried-parent\/","title":{"rendered":"Soy un padre preocupado"},"content":{"rendered":"<div class=\"default-block container\">\n<h2 class=\"worried-parent\">\u00bfEst\u00e1 sangrando demasiado mi hijo?<\/h2>\n<\/div>\n\n<div class=\"default-block container\">\n<h5 class=\"bleeding-symptoms-title worried\">\u00bfLe preocupan las hemorragias nasales recurrentes de su hijo? \u00bfSu hijo tiene moretones con m\u00e1s facilidad y frecuencia que sus compa\u00f1eros? \u00bfSu hijo ha sangrado m\u00e1s de lo esperado despu\u00e9s de una visita reciente al dentista o de una cirug\u00eda menor? \u00bfLe preocupa que los per\u00edodos de su hija sean demasiado abundantes?<\/h5>\n<\/div>\n\n<div class=\"default-block container\">\n<p class=\"full\">Hay muchas razones por las que su hijo puede sangrar de vez en cuando. Los ni\u00f1os juegan y exploran el mundo que los rodea. Al hacerlo, los accidentes son inevitables y, a veces, su hijo tendr\u00e1 hematomas o una peque\u00f1a herida despu\u00e9s de un accidente de este tipo. En ocasiones, una lesi\u00f3n que se produjo sin accidente tambi\u00e9n puede provocar hemorragia. En la mayor\u00eda de los casos, nuestro cuerpo detendr\u00e1 el sangrado r\u00e1pidamente mediante un proceso llamado coagulaci\u00f3n sangu\u00ednea. Sin embargo, a algunos ni\u00f1os les salen moretones con m\u00e1s facilidad y sangran con m\u00e1s frecuencia que otros. Afortunadamente, este tipo de sangrado a menudo se puede tratar o prevenir. Si le preocupa que su hijo parezca sangrar con demasiada frecuencia y facilidad, es importante identificar primero la causa y luego elegir el tratamiento adecuado.<\/p>\n<\/div>\n\n<div class=\"default-block container\">\n<h2>Causas del sangrado frecuente en ni\u00f1os.<\/h2>\n<\/div>\n\n<div class=\"default-block container\">\n<p class=\"full\">Encontrar el motivo de los s\u00edntomas de sangrado de su hijo no siempre es sencillo, porque hay muchos motivos posibles para el sangrado. Las <a href=\"https:\/\/vwdtest.com\/mx\/bleeding-symptoms\/#nosebleed\">Las hemorragias nasales<\/a>, por ejemplo, pueden ser causadas por hurgarse la nariz, el aire seco, una lesi\u00f3n, un resfriado o una alergia, o simplemente por sonarse la nariz demasiado fuerte.<sup>1<\/sup> <a href=\"https:\/\/vwdtest.com\/mx\/bleeding-symptoms\/#oral-bleed\">Sangrado por la boca<\/a> tambi\u00e9n puede ser causada por un accidente, la p\u00e9rdida de un diente de leche, morderse o inflamaci\u00f3n de las enc\u00edas.<sup>2<\/sup> Las hemorragias nasales frecuentes y el sangrado de las enc\u00edas tambi\u00e9n pueden ser un s\u00edntoma de una enfermedad m\u00e9dica m\u00e1s grave. afecci\u00f3n, por ejemplo, un trastorno hemorr\u00e1gico subyacente. En general, los trastornos hemorr\u00e1gicos son raros. Desafortunadamente, el trastorno hemorr\u00e1gico hereditario m\u00e1s com\u00fan, la <a href=\"https:\/\/vwdtest.com\/mx\/von-willebrand-disease\/\">enfermedad de von Willebrand (EvW)<\/a>, a menudo no se diagnostica. Sin diagn\u00f3stico y tratamiento, los ni\u00f1os con EvW pueden experimentar hemorragias graves. Adem\u00e1s de las frecuentes hemorragias nasales y de enc\u00edas, los s\u00edntomas de sangrado m\u00e1s comunes en ni\u00f1os con EvW son la <a href=\"https:\/\/vwdtest.com\/mx\/bleeding-symptoms\/#easy-bruising\">la aparici\u00f3n de moretones con facilidad<\/a> y sangrado prolongado por <a href=\"https:\/\/vwdtest.com\/mx\/bleeding-symptoms\/#minor-wounds\">heridas menores<\/a> y despu\u00e9s de <a href=\"https:\/\/vwdtest.com\/mx\/i-live-with-vwd\/#surgery\">extracciones dentales o cirug\u00eda.<\/a> A medida que las ni\u00f1as con EvW entran en la pubertad, <a href=\"https:\/\/vwdtest.com\/mx\/bleeding-symptoms\/#hmb\">sangrado menstrual abundante<\/a> se convierte en el s\u00edntoma m\u00e1s com\u00fan.<sup>3<\/sup><\/p>\n<\/div>\n\n<div class=\"default-block container\">\n<h2>S\u00edntomas de sangrado en la familia.<\/h2>\n<\/div>\n\n<div class=\"default-block container\">\n<p class=\"full\">Los trastornos hemorr\u00e1gicos hereditarios suelen afectar a varios miembros de una familia a lo largo de generaciones. Si alguno de los padres, los abuelos u otros familiares tambi\u00e9n presenta signos de sangrado excesivo, quiz\u00e1s te preguntes si el sangrado que observas en tu hijo es normal. Sin embargo, si el sangrado o los hematomas afectan el bienestar de su hijo, debe comentar el <a href=\"https:\/\/vwdtest.com\/mx\/bleeding-symptoms\/\" target=\"_blank\" rel=\"noreferrer noopener\">s\u00edntomas<\/a> con su m\u00e9dico.<\/p>\n<\/div>\n\n<div class=\"default-block container\">\n<h2>Descubra si el sangrado de su hijo es normal<\/h2>\n<\/div>\n\n<div class=\"default-block container\">\n<p class=\"full\">\u00bfCu\u00e1nto sangrado es demasiado? Dado que se trata de una pregunta dif\u00edcil de responder, los m\u00e9dicos han desarrollado pruebas que pueden ayudar a evaluar los s\u00edntomas hemorr\u00e1gicos. En VWDtest.com, puede realizar una de estas pruebas. Si su hijo tiene hemorragias nasales recurrentes, le salen moretones con facilidad o muestra cualquier otro s\u00edntoma de sangrado mencionado anteriormente, le recomendamos encarecidamente que se tome unos minutos para realizar la prueba. La prueba es un breve cuestionario sobre los signos y s\u00edntomas de un posible trastorno hemorr\u00e1gico, y el resultado le indicar\u00e1 si usted y su hijo deben consultar a un m\u00e9dico.<\/p>\n<\/div>\n\n<div class=\"default-block container\">\n<div class=\"is-content-justification-right is-layout-flex wp-container-1 wp-block-buttons\">\n<div class=\"wp-block-button take-test\"><a class=\"wp-block-button__link wp-element-button\" href=\"https:\/\/vwdtest.com\/mx\/take-test\/\">Tomar el examen<\/a><\/div>\n<\/div>\n<\/div>\n\n<div class=\"default-block container\">\n<h6>Referencias<\/h6>\n<\/div>\n\n<div class=\"default-block container\">\n<ol><div class=\"default-block container\">\n<li><a href=\"https:\/\/www.hopkinsmedicine.org\/health\/conditions-and-diseases\/nosebleeds\" target=\"_blank\" rel=\"noreferrer noopener\">https:\/\/www.hopkinsmedicine.org\/health\/conditions-and-diseases\/nosebleeds<\/a> consultado por \u00faltima vez en marzo de 2023.<\/li>\n<\/div>\n\n<div class=\"default-block container\">\n<li><a href=\"https:\/\/www.childrensmn.org\/educationmaterials\/childrensmn\/article\/15581\/mouth-bleeding-with-a-bleeding-disorder\/\" target=\"_blank\" rel=\"noreferrer noopener\">https:\/\/www.childrensmn.org\/educationmaterials\/childrensmn\/article\/15581\/mouth-bleeding-with-a-bleeding-disorder\/<\/a>consultado por \u00faltima vez en marzo de 2023.<\/li>\n<\/div>\n\n<div class=\"default-block container\">\n<li><a href=\"https:\/\/pubmed.ncbi.nlm.nih.gov\/36210240\/\" target=\"_blank\" rel=\"noreferrer noopener\">Corrales-Medina FF et al. Blood Rev<\/a> 2022; 58:101018.<\/li>\n<\/div><\/ol>\n<\/div>","protected":false},"excerpt":{"rendered":"<p>\u00bfEst\u00e1 sangrando demasiado mi hijo? \u00bfLe preocupan las hemorragias nasales recurrentes de su hijo? \u00bfSu hijo tiene moretones con m\u00e1s facilidad y frecuencia que sus compa\u00f1eros? \u00bfSu hijo ha sangrado m\u00e1s de lo esperado despu\u00e9s de una visita reciente al dentista o de una cirug\u00eda menor? \u00bfLe preocupa que los per\u00edodos de su hija sean [&hellip;]<\/p>\n","protected":false},"author":1,"featured_media":996,"parent":0,"menu_order":0,"comment_status":"closed","ping_status":"closed","template":"","meta":{"inline_featured_image":false},"acf":[],"yoast_head":"<!-- This site is optimized with the Yoast SEO plugin v20.4 - https:\/\/yoast.com\/wordpress\/plugins\/seo\/ -->\n<title>Soy un padre preocupado - Mexico<\/title>\n<meta name=\"robots\" content=\"index, follow, max-snippet:-1, max-image-preview:large, max-video-preview:-1\" \/>\n<link rel=\"canonical\" href=\"https:\/\/vwdtest.com\/mx\/i-am-a-worried-parent\/\" \/>\n<meta property=\"og:locale\" content=\"en_US\" \/>\n<meta property=\"og:type\" content=\"article\" \/>\n<meta property=\"og:title\" content=\"Soy un padre preocupado - Mexico\" \/>\n<meta property=\"og:description\" content=\"\u00bfEst\u00e1 sangrando demasiado mi hijo? \u00bfLe preocupan las hemorragias nasales recurrentes de su hijo? \u00bfSu hijo tiene moretones con m\u00e1s facilidad y frecuencia que sus compa\u00f1eros? \u00bfSu hijo ha sangrado m\u00e1s de lo esperado despu\u00e9s de una visita reciente al dentista o de una cirug\u00eda menor? \u00bfLe preocupa que los per\u00edodos de su hija sean [&hellip;]\" \/>\n<meta property=\"og:url\" content=\"https:\/\/vwdtest.com\/mx\/i-am-a-worried-parent\/\" \/>\n<meta property=\"og:site_name\" content=\"Mexico\" \/>\n<meta property=\"article:modified_time\" content=\"2024-02-27T12:06:57+00:00\" \/>\n<meta property=\"og:image\" content=\"https:\/\/vwdtest.com\/mx\/wp-content\/uploads\/sites\/40\/2023\/07\/Worried-patients-1-1.png\" \/>\n\t<meta property=\"og:image:width\" content=\"828\" \/>\n\t<meta property=\"og:image:height\" content=\"982\" \/>\n\t<meta property=\"og:image:type\" content=\"image\/png\" \/>\n<meta name=\"twitter:card\" content=\"summary_large_image\" \/>\n<meta name=\"twitter:label1\" content=\"Est. reading time\" \/>\n\t<meta name=\"twitter:data1\" content=\"3 minutes\" \/>\n<script type=\"application\/ld+json\" class=\"yoast-schema-graph\">{\"@context\":\"https:\/\/schema.org\",\"@graph\":[{\"@type\":\"WebPage\",\"@id\":\"https:\/\/vwdtest.com\/mx\/i-am-a-worried-parent\/\",\"url\":\"https:\/\/vwdtest.com\/mx\/i-am-a-worried-parent\/\",\"name\":\"Soy un padre preocupado - Mexico\",\"isPartOf\":{\"@id\":\"https:\/\/vwdtest.com\/mx\/#website\"},\"datePublished\":\"2023-04-27T13:02:19+00:00\",\"dateModified\":\"2024-02-27T12:06:57+00:00\",\"breadcrumb\":{\"@id\":\"https:\/\/vwdtest.com\/mx\/i-am-a-worried-parent\/#breadcrumb\"},\"inLanguage\":\"en-US\",\"potentialAction\":[{\"@type\":\"ReadAction\",\"target\":[\"https:\/\/vwdtest.com\/mx\/i-am-a-worried-parent\/\"]}]},{\"@type\":\"BreadcrumbList\",\"@id\":\"https:\/\/vwdtest.com\/mx\/i-am-a-worried-parent\/#breadcrumb\",\"itemListElement\":[{\"@type\":\"ListItem\",\"position\":1,\"name\":\"Home\",\"item\":\"https:\/\/vwdtest.com\/mx\/\"},{\"@type\":\"ListItem\",\"position\":2,\"name\":\"Soy un padre preocupado\"}]},{\"@type\":\"WebSite\",\"@id\":\"https:\/\/vwdtest.com\/mx\/#website\",\"url\":\"https:\/\/vwdtest.com\/mx\/\",\"name\":\"Mexico\",\"description\":\"\",\"potentialAction\":[{\"@type\":\"SearchAction\",\"target\":{\"@type\":\"EntryPoint\",\"urlTemplate\":\"https:\/\/vwdtest.com\/mx\/?s={search_term_string}\"},\"query-input\":\"required name=search_term_string\"}],\"inLanguage\":\"en-US\"}]}<\/script>\n<!-- \/ Yoast SEO plugin. -->","yoast_head_json":{"title":"Soy un padre preocupado - Mexico","robots":{"index":"index","follow":"follow","max-snippet":"max-snippet:-1","max-image-preview":"max-image-preview:large","max-video-preview":"max-video-preview:-1"},"canonical":"https:\/\/vwdtest.com\/mx\/i-am-a-worried-parent\/","og_locale":"en_US","og_type":"article","og_title":"Soy un padre preocupado - Mexico","og_description":"\u00bfEst\u00e1 sangrando demasiado mi hijo? \u00bfLe preocupan las hemorragias nasales recurrentes de su hijo? \u00bfSu hijo tiene moretones con m\u00e1s facilidad y frecuencia que sus compa\u00f1eros? \u00bfSu hijo ha sangrado m\u00e1s de lo esperado despu\u00e9s de una visita reciente al dentista o de una cirug\u00eda menor? \u00bfLe preocupa que los per\u00edodos de su hija sean [&hellip;]","og_url":"https:\/\/vwdtest.com\/mx\/i-am-a-worried-parent\/","og_site_name":"Mexico","article_modified_time":"2024-02-27T12:06:57+00:00","og_image":[{"width":828,"height":982,"url":"https:\/\/vwdtest.com\/mx\/wp-content\/uploads\/sites\/40\/2023\/07\/Worried-patients-1-1.png","type":"image\/png"}],"twitter_card":"summary_large_image","twitter_misc":{"Est. reading time":"3 minutes"},"schema":{"@context":"https:\/\/schema.org","@graph":[{"@type":"WebPage","@id":"https:\/\/vwdtest.com\/mx\/i-am-a-worried-parent\/","url":"https:\/\/vwdtest.com\/mx\/i-am-a-worried-parent\/","name":"Soy un padre preocupado - Mexico","isPartOf":{"@id":"https:\/\/vwdtest.com\/mx\/#website"},"datePublished":"2023-04-27T13:02:19+00:00","dateModified":"2024-02-27T12:06:57+00:00","breadcrumb":{"@id":"https:\/\/vwdtest.com\/mx\/i-am-a-worried-parent\/#breadcrumb"},"inLanguage":"en-US","potentialAction":[{"@type":"ReadAction","target":["https:\/\/vwdtest.com\/mx\/i-am-a-worried-parent\/"]}]},{"@type":"BreadcrumbList","@id":"https:\/\/vwdtest.com\/mx\/i-am-a-worried-parent\/#breadcrumb","itemListElement":[{"@type":"ListItem","position":1,"name":"Home","item":"https:\/\/vwdtest.com\/mx\/"},{"@type":"ListItem","position":2,"name":"Soy un padre preocupado"}]},{"@type":"WebSite","@id":"https:\/\/vwdtest.com\/mx\/#website","url":"https:\/\/vwdtest.com\/mx\/","name":"Mexico","description":"","potentialAction":[{"@type":"SearchAction","target":{"@type":"EntryPoint","urlTemplate":"https:\/\/vwdtest.com\/mx\/?s={search_term_string}"},"query-input":"required name=search_term_string"}],"inLanguage":"en-US"}]}},"_links":{"self":[{"href":"https:\/\/vwdtest.com\/mx\/wp-json\/wp\/v2\/pages\/811"}],"collection":[{"href":"https:\/\/vwdtest.com\/mx\/wp-json\/wp\/v2\/pages"}],"about":[{"href":"https:\/\/vwdtest.com\/mx\/wp-json\/wp\/v2\/types\/page"}],"author":[{"embeddable":true,"href":"https:\/\/vwdtest.com\/mx\/wp-json\/wp\/v2\/users\/1"}],"replies":[{"embeddable":true,"href":"https:\/\/vwdtest.com\/mx\/wp-json\/wp\/v2\/comments?post=811"}],"version-history":[{"count":48,"href":"https:\/\/vwdtest.com\/mx\/wp-json\/wp\/v2\/pages\/811\/revisions"}],"predecessor-version":[{"id":2657,"href":"https:\/\/vwdtest.com\/mx\/wp-json\/wp\/v2\/pages\/811\/revisions\/2657"}],"wp:featuredmedia":[{"embeddable":true,"href":"https:\/\/vwdtest.com\/mx\/wp-json\/wp\/v2\/media\/996"}],"wp:attachment":[{"href":"https:\/\/vwdtest.com\/mx\/wp-json\/wp\/v2\/media?parent=811"}],"curies":[{"name":"wp","href":"https:\/\/api.w.org\/{rel}","templated":true}]}}