{"id":795,"date":"2023-04-27T12:33:04","date_gmt":"2023-04-27T12:33:04","guid":{"rendered":"https:\/\/new.vwdtest.com\/sm\/?page_id=795"},"modified":"2024-02-27T12:05:39","modified_gmt":"2024-02-27T12:05:39","slug":"i-bleed-a-lot","status":"publish","type":"page","link":"https:\/\/vwdtest.com\/mx\/i-bleed-a-lot\/","title":{"rendered":"sangro mucho"},"content":{"rendered":"<div class=\"default-block container\">\n<h2>\u00bfSangra demasiado?<\/h2>\n<\/div>\n\n<div class=\"default-block container\">\n<h5 class=\"bleeding-symptoms-title helpful live\">\u00bfSe pregunta por qu\u00e9 tiene tantas hemorragias nasales? \u00bfLe sangran las enc\u00edas despu\u00e9s de usar hilo dental o cepillarse los dientes? \u00bfA menudo descubre moretones en su cuerpo y no recuerda de d\u00f3nde pueden haber venido? \u00bfHa experimentado recientemente un sangrado excesivo despu\u00e9s de un accidente menor o de una visita al dentista?<\/h5> <p class=\"full\">La mayor\u00eda de las personas sangran de vez en cuando. La causa del sangrado variar\u00e1, pero en la mayor\u00eda de los casos nuestro cuerpo detendr\u00e1 el sangrado r\u00e1pidamente mediante un proceso llamado coagulaci\u00f3n de la sangre. Sin embargo, algunas personas sangran con m\u00e1s frecuencia y durante m\u00e1s tiempo que otras, y este tipo de sangrado a menudo puede tratarse o prevenirse. Por lo tanto, si responde &#8220;s\u00ed&#8221; al menos a una de las preguntas anteriores, es posible que su sangrado amerite una mayor investigaci\u00f3n.<\/p>\n<\/div>\n\n<div class=\"default-block container\">\n<h2>Causas del sangrado excesivo o prolongado<\/h2>\n<\/div>\n\n<div class=\"default-block container\">\n<p class=\"full push-text\">Hay muchas causas posibles para el sangrado excesivo o prolongado. Identificar la causa de sus s\u00edntomas hemorr\u00e1gicos es muy importante para determinar el tratamiento adecuado. El sangrado puede ser causado por ciertos medicamentos, por ejemplo analg\u00e9sicos como la aspirina o anticoagulantes. Algunas afecciones m\u00e9dicas, como enfermedades hep\u00e1ticas o renales y c\u00e1ncer, tambi\u00e9n pueden causar sangrado.<sup>1,2<\/sup> Tambi\u00e9n existe la posibilidad de que el sangrado se deba a un trastorno hemorr\u00e1gico. Los trastornos hemorr\u00e1gicos son enfermedades raras y pueden ser hereditarias o adquiridas. El trastorno hemorr\u00e1gico hereditario m\u00e1s com\u00fan es la <a href=\"https:\/\/vwdtest.com\/mx\/von-willebrand-disease\/\">enfermedad de von Willebrand<\/a> (EvW). La EvW a menudo no se diagnostica. Sin diagn\u00f3stico y tratamiento, las personas con EvW corren el riesgo de sufrir hemorragias graves. Las personas con EvW suelen tener sangrado en la <a href=\"https:\/\/vwdtest.com\/mx\/bleeding-symptoms\/#nosebleed\">nariz<\/a> y <a href=\"https:\/\/vwdtest.com\/mx\/bleeding-symptoms\/#oral-bleed\">sangrado de enc\u00edas<\/a>, <a href=\"https:\/\/vwdtest.com\/mx\/bleeding-symptoms\/#easy-bruising\">moretones con facilidad <\/a>, y puede experimentar sangrado excesivo despu\u00e9s de <a href=\"https:\/\/vwdtest.com\/mx\/i-live-with-vwd\/#surgery\">extracciones dentales<\/a>, <a href=\"https:\/\/vwdtest.com\/mx\/bleeding-symptoms\/#bleed-surgery\">cirug\u00eda o accidentes menores<\/a>. Entre las mujeres con EvW, el <a href=\"https:\/\/vwdtest.com\/mx\/bleeding-symptoms\/#hmb\">sangrado menstrual abundante<\/a> es el s\u00edntoma m\u00e1s com\u00fan.<sup>3<\/sup><\/p>\n<\/div>\n\n<div class=\"default-block container\">\n<h2>Puede que no sea el \u00fanico en su familia con s\u00edntomas de sangrado<\/h2>\n<\/div>\n\n<div class=\"default-block container\">\n<p class=\"full push-text\">Si sus hermanos, padres u otros familiares tambi\u00e9n experimentan s\u00edntomas de sangrado, puede pensar que son normales. Sin embargo, esto no siempre es cierto. Su sangrado puede ser causado por un trastorno hemorr\u00e1gico hereditario, que a menudo afecta a m\u00e1s de un miembro de la familia. Si su sangrado afecta su vida diaria y su bienestar, le recomendamos que lo comente con su m\u00e9dico.<\/p>\n<\/div>\n\n<div class=\"default-block container\">\n<h2>Descubra si su sangrado es normal<\/h2>\n<\/div>\n\n<div class=\"default-block container\">\n<p class=\"full push-text\">\u00bfMi sangrado es normal o no? Encontrar la respuesta a esta pregunta no siempre es sencillo. Para facilitar la evaluaci\u00f3n de los s\u00edntomas hemorr\u00e1gicos, los investigadores han desarrollado pruebas de sangrado.<sup>3<\/sup> Una de estas pruebas est\u00e1 disponible en este sitio web. Si no est\u00e1 seguro acerca de alg\u00fan s\u00edntoma de sangrado que haya experimentado, le recomendamos encarecidamente que se realice la prueba de sangrado. Esto puede ser a\u00fan m\u00e1s importante si est\u00e1 a punto de someterse a una cirug\u00eda. La prueba solo tarda unos minutos en completarse y le indicar\u00e1 si debe consultar a un m\u00e9dico acerca de su sangrado.<\/p>\n<\/div>\n\n<div class=\"default-block container\">\n<h6>Referencias<\/h6>\n<\/div>\n\n<div class=\"default-block container\">\n<ol><div class=\"default-block container\">\n<li><a href=\"https:\/\/my.clevelandclinic.org\/health\/symptoms\/21654-hemorrhage\" target=\"_blank\" rel=\"noreferrer noopener\">https:\/\/my.clevelandclinic.org\/health\/symptoms\/21654-hemorrhage<\/a> ; consultado por \u00faltima vez en marzo de 2023.<\/li>\n<\/div>\n\n<div class=\"default-block container\">\n<li><a href=\"https:\/\/www.drugs.com\/cg\/postoperative-bleeding.html\" target=\"_blank\" rel=\"noreferrer noopener\">https:\/\/www.drugs.com\/cg\/postoperative-bleeding.html<\/a> ; consultado por \u00faltima vez en marzo de 2023.<\/li>\n<\/div>\n\n<div class=\"default-block container\">\n<li><a href=\"https:\/\/pubmed.ncbi.nlm.nih.gov\/36210240\/\" target=\"_blank\" rel=\"noreferrer noopener\">Corrales-Medina FF et al. Blood Rev<\/a> 2022; 58:101018.<\/li>\n<\/div><\/ol>\n<\/div>","protected":false},"excerpt":{"rendered":"<p>\u00bfSangra demasiado? \u00bfSe pregunta por qu\u00e9 tiene tantas hemorragias nasales? \u00bfLe sangran las enc\u00edas despu\u00e9s de usar hilo dental o cepillarse los dientes? \u00bfA menudo descubre moretones en su cuerpo y no recuerda de d\u00f3nde pueden haber venido? \u00bfHa experimentado recientemente un sangrado excesivo despu\u00e9s de un accidente menor o de una visita al dentista? [&hellip;]<\/p>\n","protected":false},"author":1,"featured_media":788,"parent":0,"menu_order":0,"comment_status":"closed","ping_status":"closed","template":"","meta":{"inline_featured_image":false},"acf":[],"yoast_head":"<!-- This site is optimized with the Yoast SEO plugin v20.4 - https:\/\/yoast.com\/wordpress\/plugins\/seo\/ -->\n<title>sangro mucho - Mexico<\/title>\n<meta name=\"robots\" content=\"index, follow, max-snippet:-1, max-image-preview:large, max-video-preview:-1\" \/>\n<link rel=\"canonical\" href=\"https:\/\/vwdtest.com\/mx\/i-bleed-a-lot\/\" \/>\n<meta property=\"og:locale\" content=\"en_US\" \/>\n<meta property=\"og:type\" content=\"article\" \/>\n<meta property=\"og:title\" content=\"sangro mucho - Mexico\" \/>\n<meta property=\"og:description\" content=\"\u00bfSangra demasiado? \u00bfSe pregunta por qu\u00e9 tiene tantas hemorragias nasales? \u00bfLe sangran las enc\u00edas despu\u00e9s de usar hilo dental o cepillarse los dientes? \u00bfA menudo descubre moretones en su cuerpo y no recuerda de d\u00f3nde pueden haber venido? \u00bfHa experimentado recientemente un sangrado excesivo despu\u00e9s de un accidente menor o de una visita al dentista? [&hellip;]\" \/>\n<meta property=\"og:url\" content=\"https:\/\/vwdtest.com\/mx\/i-bleed-a-lot\/\" \/>\n<meta property=\"og:site_name\" content=\"Mexico\" \/>\n<meta property=\"article:modified_time\" content=\"2024-02-27T12:05:39+00:00\" \/>\n<meta property=\"og:image\" content=\"https:\/\/vwdtest.com\/mx\/wp-content\/uploads\/sites\/40\/2023\/04\/Person-who-bleads-1.png\" \/>\n\t<meta property=\"og:image:width\" content=\"679\" \/>\n\t<meta property=\"og:image:height\" content=\"976\" \/>\n\t<meta property=\"og:image:type\" content=\"image\/png\" \/>\n<meta name=\"twitter:card\" content=\"summary_large_image\" \/>\n<meta name=\"twitter:label1\" content=\"Est. reading time\" \/>\n\t<meta name=\"twitter:data1\" content=\"3 minutes\" \/>\n<script type=\"application\/ld+json\" class=\"yoast-schema-graph\">{\"@context\":\"https:\/\/schema.org\",\"@graph\":[{\"@type\":\"WebPage\",\"@id\":\"https:\/\/vwdtest.com\/mx\/i-bleed-a-lot\/\",\"url\":\"https:\/\/vwdtest.com\/mx\/i-bleed-a-lot\/\",\"name\":\"sangro mucho - Mexico\",\"isPartOf\":{\"@id\":\"https:\/\/vwdtest.com\/mx\/#website\"},\"datePublished\":\"2023-04-27T12:33:04+00:00\",\"dateModified\":\"2024-02-27T12:05:39+00:00\",\"breadcrumb\":{\"@id\":\"https:\/\/vwdtest.com\/mx\/i-bleed-a-lot\/#breadcrumb\"},\"inLanguage\":\"en-US\",\"potentialAction\":[{\"@type\":\"ReadAction\",\"target\":[\"https:\/\/vwdtest.com\/mx\/i-bleed-a-lot\/\"]}]},{\"@type\":\"BreadcrumbList\",\"@id\":\"https:\/\/vwdtest.com\/mx\/i-bleed-a-lot\/#breadcrumb\",\"itemListElement\":[{\"@type\":\"ListItem\",\"position\":1,\"name\":\"Home\",\"item\":\"https:\/\/vwdtest.com\/mx\/\"},{\"@type\":\"ListItem\",\"position\":2,\"name\":\"sangro mucho\"}]},{\"@type\":\"WebSite\",\"@id\":\"https:\/\/vwdtest.com\/mx\/#website\",\"url\":\"https:\/\/vwdtest.com\/mx\/\",\"name\":\"Mexico\",\"description\":\"\",\"potentialAction\":[{\"@type\":\"SearchAction\",\"target\":{\"@type\":\"EntryPoint\",\"urlTemplate\":\"https:\/\/vwdtest.com\/mx\/?s={search_term_string}\"},\"query-input\":\"required name=search_term_string\"}],\"inLanguage\":\"en-US\"}]}<\/script>\n<!-- \/ Yoast SEO plugin. -->","yoast_head_json":{"title":"sangro mucho - Mexico","robots":{"index":"index","follow":"follow","max-snippet":"max-snippet:-1","max-image-preview":"max-image-preview:large","max-video-preview":"max-video-preview:-1"},"canonical":"https:\/\/vwdtest.com\/mx\/i-bleed-a-lot\/","og_locale":"en_US","og_type":"article","og_title":"sangro mucho - Mexico","og_description":"\u00bfSangra demasiado? \u00bfSe pregunta por qu\u00e9 tiene tantas hemorragias nasales? \u00bfLe sangran las enc\u00edas despu\u00e9s de usar hilo dental o cepillarse los dientes? \u00bfA menudo descubre moretones en su cuerpo y no recuerda de d\u00f3nde pueden haber venido? \u00bfHa experimentado recientemente un sangrado excesivo despu\u00e9s de un accidente menor o de una visita al dentista? [&hellip;]","og_url":"https:\/\/vwdtest.com\/mx\/i-bleed-a-lot\/","og_site_name":"Mexico","article_modified_time":"2024-02-27T12:05:39+00:00","og_image":[{"width":679,"height":976,"url":"https:\/\/vwdtest.com\/mx\/wp-content\/uploads\/sites\/40\/2023\/04\/Person-who-bleads-1.png","type":"image\/png"}],"twitter_card":"summary_large_image","twitter_misc":{"Est. reading time":"3 minutes"},"schema":{"@context":"https:\/\/schema.org","@graph":[{"@type":"WebPage","@id":"https:\/\/vwdtest.com\/mx\/i-bleed-a-lot\/","url":"https:\/\/vwdtest.com\/mx\/i-bleed-a-lot\/","name":"sangro mucho - Mexico","isPartOf":{"@id":"https:\/\/vwdtest.com\/mx\/#website"},"datePublished":"2023-04-27T12:33:04+00:00","dateModified":"2024-02-27T12:05:39+00:00","breadcrumb":{"@id":"https:\/\/vwdtest.com\/mx\/i-bleed-a-lot\/#breadcrumb"},"inLanguage":"en-US","potentialAction":[{"@type":"ReadAction","target":["https:\/\/vwdtest.com\/mx\/i-bleed-a-lot\/"]}]},{"@type":"BreadcrumbList","@id":"https:\/\/vwdtest.com\/mx\/i-bleed-a-lot\/#breadcrumb","itemListElement":[{"@type":"ListItem","position":1,"name":"Home","item":"https:\/\/vwdtest.com\/mx\/"},{"@type":"ListItem","position":2,"name":"sangro mucho"}]},{"@type":"WebSite","@id":"https:\/\/vwdtest.com\/mx\/#website","url":"https:\/\/vwdtest.com\/mx\/","name":"Mexico","description":"","potentialAction":[{"@type":"SearchAction","target":{"@type":"EntryPoint","urlTemplate":"https:\/\/vwdtest.com\/mx\/?s={search_term_string}"},"query-input":"required name=search_term_string"}],"inLanguage":"en-US"}]}},"_links":{"self":[{"href":"https:\/\/vwdtest.com\/mx\/wp-json\/wp\/v2\/pages\/795"}],"collection":[{"href":"https:\/\/vwdtest.com\/mx\/wp-json\/wp\/v2\/pages"}],"about":[{"href":"https:\/\/vwdtest.com\/mx\/wp-json\/wp\/v2\/types\/page"}],"author":[{"embeddable":true,"href":"https:\/\/vwdtest.com\/mx\/wp-json\/wp\/v2\/users\/1"}],"replies":[{"embeddable":true,"href":"https:\/\/vwdtest.com\/mx\/wp-json\/wp\/v2\/comments?post=795"}],"version-history":[{"count":59,"href":"https:\/\/vwdtest.com\/mx\/wp-json\/wp\/v2\/pages\/795\/revisions"}],"predecessor-version":[{"id":2654,"href":"https:\/\/vwdtest.com\/mx\/wp-json\/wp\/v2\/pages\/795\/revisions\/2654"}],"wp:featuredmedia":[{"embeddable":true,"href":"https:\/\/vwdtest.com\/mx\/wp-json\/wp\/v2\/media\/788"}],"wp:attachment":[{"href":"https:\/\/vwdtest.com\/mx\/wp-json\/wp\/v2\/media?parent=795"}],"curies":[{"name":"wp","href":"https:\/\/api.w.org\/{rel}","templated":true}]}}