{"id":263,"date":"2023-02-21T21:22:33","date_gmt":"2023-02-21T21:22:33","guid":{"rendered":"https:\/\/new.vwdtest.com\/sm\/?page_id=263"},"modified":"2024-02-19T10:26:30","modified_gmt":"2024-02-19T10:26:30","slug":"legal-statement","status":"publish","type":"page","link":"https:\/\/vwdtest.com\/mx\/legal-statement\/","title":{"rendered":"Sentencia legal"},"content":{"rendered":"<div class=\"default-block container\">\n<h2>ondiciones de uso<\/h2>\n<\/div>\n\n<div class=\"default-block container\">\n<p>Este sitio web est\u00e1 financiado por Octapharma AG, Seidenstrasse 2, 8853 Lachen SZ, Suiza y desarrollado en colaboraci\u00f3n con los expertos m\u00e9dicos Dr. Fernando Corrales-Medina (Profesor asociado de Pediatr\u00eda Cl\u00ednica, Facultad de Medicina Miller de la Universidad de Miami, EE. UU.), Profesor Erik Berntorp (Profesor de Investigaci\u00f3n Cl\u00ednica de Coagulaci\u00f3n, Universidad de Lund, Suecia) y su equipo de expertos internacionales en trastornos de la coagulaci\u00f3n (en adelante, \u201cgrupo internacional de expertos\u201d).<\/p>\n<\/div>\n\n<div class=\"default-block container\">\n<p>Este es un sitio web no promocional destinado a apoyar una campa\u00f1a de concientizaci\u00f3n sobre enfermedades dirigida por el grupo internacional de expertos y destinado \u00fanicamente a fines de informaci\u00f3n general. No debe interpretar nada en este sitio web como una promoci\u00f3n o publicidad de ning\u00fan producto o del uso de cualquier producto del grupo de empresas Octapharma.<\/p>\n<\/div>\n\n<div class=\"default-block container\">\n<p>Octapharma AG, junto con sus subcontratistas, apoya el mantenimiento y la gesti\u00f3n del sitio web. Al utilizar este sitio web, usted acepta cumplir con los t\u00e9rminos y condiciones establecidos a continuaci\u00f3n y todas las leyes aplicables. Si no acepta cumplir con estos t\u00e9rminos y condiciones, no utilice este sitio web.<\/p>\n<\/div>\n\n<div class=\"default-block container\">\n<h2>Modificaciones del sitio web y condiciones de uso<\/h2>\n<\/div>\n\n<div class=\"default-block container\">\n<p>Octapharma AG se reserva el derecho de realizar cambios, modificaciones, adiciones, eliminaciones y correcciones a este sitio web en cualquier momento y sin previo aviso. Octapharma AG tambi\u00e9n puede retirar el acceso a este sitio web en cualquier momento sin previo aviso.<\/p>\n<\/div>\n\n<div class=\"default-block container\">\n<p>Octapharma AG puede revisar en cualquier momento estos T\u00e9rminos de uso peri\u00f3dicamente actualizando esta publicaci\u00f3n. Al continuar accediendo a este sitio web, usted est\u00e1 sujeto a dichas revisiones y, por lo tanto, debe visitar peri\u00f3dicamente esta p\u00e1gina para revisar los T\u00e9rminos de uso y asegurarse de que comprende los t\u00e9rminos que se aplican en ese momento.<\/p>\n<\/div>\n\n<div class=\"default-block container\">\n<h2>Protecci\u00f3n contra el virus<\/h2>\n<\/div>\n\n<div class=\"default-block container\">\n<p>Octapharma AG no garantiza ni declara que este sitio web o los correos electr\u00f3nicos recibidos de Octapharma AG de conformidad con la funci\u00f3n de lista de correo ser\u00e1n ininterrumpidos o estar\u00e1n libres de virus o de otros componentes da\u00f1inos. Octapharma AG (incluidos sus directores, afiliados, funcionarios, empleados, agentes, contratistas, sucesores y cesionarios) no asume ninguna responsabilidad por los da\u00f1os causados \u200b\u200ba su equipo como resultado del acceso a este sitio web, la descarga de cualquier contenido de este sitio web o recibir correos electr\u00f3nicos de Octapharma AG de conformidad con la funci\u00f3n de lista de correo.<\/p>\n<\/div>\n\n<div class=\"default-block container\">\n<h2>Informaci\u00f3n m\u00e9dica<\/h2>\n<\/div>\n\n<div class=\"default-block container\">\n<p>El contenido m\u00e9dico del sitio web ha sido desarrollado y aprobado por el grupo de expertos internacional. Adem\u00e1s, la informaci\u00f3n no pretende proporcionar informaci\u00f3n m\u00e9dica completa. Siempre debe obtener informaci\u00f3n m\u00e9dica completa sobre sus medicamentos o dispositivos m\u00e9dicos recetados (incluidos sus usos m\u00e9dicos beneficiosos y sus posibles efectos adversos) discutiendo el uso apropiado de cualquier medicamento\/dispositivo m\u00e9dico directamente con el m\u00e9dico que lo receta o, cuando corresponda, con otro asesor m\u00e9dico. La informaci\u00f3n m\u00e9dica proporcionada no constituye ni pretende constituir ning\u00fan incentivo para recomendar, comprar, prescribir, vender o administrar un producto particular del grupo de empresas Octapharma.<\/p>\n<\/div>\n\n<div class=\"default-block container\">\n<h2>Protecci\u00f3n de derechos de autor<\/h2>\n<\/div>\n\n<div class=\"default-block container\">\n<p>Los derechos de autor de todo el material contenido en este sitio web son propiedad de Octapharma AG, a menos que se indique lo contrario.<\/p>\n<\/div>\n\n<div class=\"default-block container\">\n<p>Octapharma AG se reserva todos los derechos sobre el contenido y el dise\u00f1o de este sitio web. A menos que Octapharma AG lo permita por escrito, no puede reproducir, usar ni copiar ning\u00fan contenido de este sitio web, incluidos nombres, logotipos, dise\u00f1os, informaci\u00f3n de productos y cualquier otro material\/informaci\u00f3n utilizado en este sitio web (en adelante, denominados conjuntamente la &#8220;Informaci\u00f3n&#8221;). ). No puede utilizar comercialmente ninguna Informaci\u00f3n y no puede hacer que dicha Informaci\u00f3n se enmarque o incruste en otro sitio web sin el permiso previo por escrito de Octapharma AG.<\/p>\n<\/div>\n\n<div class=\"default-block container\">\n<p>Toda la informaci\u00f3n a la que se hace referencia en este sitio web es propiedad de su respectivo propietario y no debe utilizarse total o parcialmente en ninguna jurisdicci\u00f3n sin el consentimiento previo por escrito de su propietario. Tampoco se debe utilizar ning\u00fan gr\u00e1fico que sea sustancialmente similar a cualquier marca comercial, logotipo o nombre al que se haga referencia en este sitio web.<\/p>\n<\/div>\n\n<div class=\"default-block container\">\n<h2>Sin garant\u00edas ni representaci\u00f3n<\/h2>\n<\/div>\n\n<div class=\"default-block container\">\n<p>La Informaci\u00f3n se proporciona &#8220;tal cual&#8221; y sin garant\u00edas de ning\u00fan tipo, ya sea expresa o impl\u00edcita.<\/p>\n<\/div>\n\n<div class=\"default-block container\">\n<p>En la m\u00e1xima medida permitida por la ley, Octapharma AG renuncia expresamente a todas las representaciones y garant\u00edas, expresas o impl\u00edcitas, en relaci\u00f3n con este sitio web o con respecto a este sitio web, incluidas, entre otras, cualquier representaci\u00f3n o garant\u00eda de cualquier tipo en relaci\u00f3n con:<\/p>\n<\/div>\n\n<div class=\"default-block container\">\n<ul><div class=\"default-block container\">\n<li>La exactitud o integridad de cualquier informaci\u00f3n contenida en este sitio web;<\/li>\n<\/div>\n\n<div class=\"default-block container\">\n<li>La exactitud o integridad de cualquier informaci\u00f3n contenida en cualquier sitio web con hiperv\u00ednculo a este sitio web.<\/li>\n<\/div>\n\n<div class=\"default-block container\">\n<li>La Informaci\u00f3n se proporciona sobre la base de que todas las personas que acceden al sitio web asumen la responsabilidad de evaluar la exactitud de su contenido y que conf\u00edan en \u00e9l enteramente bajo su propio riesgo. Octapharma AG (incluidos sus directores, afiliados, funcionarios, empleados, agentes, contratistas, sucesores y cesionarios) no asume ninguna responsabilidad por p\u00e9rdidas o da\u00f1os incurridos por cualquier persona como resultado de la confianza depositada en la Informaci\u00f3n o cualquier otra informaci\u00f3n incorporada por referencia. .<\/li>\n<\/div><\/ul>\n<\/div>\n\n<div class=\"default-block container\">\n<h2>C\u00f3digo de conducta aplicable<\/h2>\n<\/div>\n\n<div class=\"default-block container\">\n<p>Octapharma AG se esfuerza por cumplir con las disposiciones del c\u00f3digo de pr\u00e1cticas de la IFPMA. La \u00faltima versi\u00f3n de dicho c\u00f3digo se puede encontrar en el siguiente enlace:<a rel=\"noreferrer noopener\" href=\"https:\/\/www.ifpma.org\/resource-centre\/ifpma-code-of-practice\/\" target=\"_blank\">https:\/\/www.ifpma.org\/resource-centre\/ifpma-code-of-practice\/<\/a><\/p>\n<\/div>\n\n<div class=\"default-block container\">\n<h2>Limitaci\u00f3n de responsabilidades<\/h2>\n<\/div>\n\n<div class=\"default-block container\">\n<p>En ning\u00fan caso Octapharma AG (incluidos sus directores, afiliados, funcionarios, empleados, agentes, contratistas, sucesores y cesionarios) ser\u00e1 responsable de ning\u00fan da\u00f1o directo, indirecto, punitivo, incidental, especial, consecuente o de cualquier tipo, incluidos, sin limitaci\u00f3n, da\u00f1os por p\u00e9rdida de uso, datos, ganancias u oportunidades perdidas, que surjan de o est\u00e9n relacionados de alguna manera con el uso o desempe\u00f1o de este sitio web.<\/p>\n<\/div>\n\n<div class=\"default-block container\">\n<h2>Sitio web de terceros<\/h2>\n<\/div>\n\n<div class=\"default-block container\">\n<p>Para su comodidad, Octapharma AG puede proporcionar, en este sitio web, enlaces a sitios web operados por otras entidades. Si utiliza estos sitios web, abandonar\u00e1 este sitio web. Si decide visitar cualquier sitio web vinculado, lo hace bajo su propio riesgo y es su responsabilidad tomar todas las medidas de protecci\u00f3n para protegerse contra virus u otros elementos destructivos.<\/p>\n<\/div>\n\n<div class=\"default-block container\">\n<p>Octapharma AG (incluidos sus directores, afiliados, funcionarios, empleados, agentes, contratistas, sucesores y cesionarios) no ofrece ninguna garant\u00eda ni representaci\u00f3n con respecto a, ni respalda, ning\u00fan sitio web vinculado ni la informaci\u00f3n que aparece en \u00e9l ni ninguno de los productos o servicios descritos en el mismo.<\/p>\n<\/div>\n\n<div class=\"default-block container\">\n<p>Los enlaces no implican que Octapharma AG est\u00e9 afiliada o asociada con, o est\u00e9 legalmente autorizada a usar, cualquier marca registrada, nombre comercial, logotipo o s\u00edmbolo de derechos de autor mostrado o accesible a trav\u00e9s de los enlaces, o que cualquier sitio web vinculado est\u00e9 autorizado a usar cualquier marca registrada, nombre comercial, logotipo o s\u00edmbolo de copyright de Octapharma AG.<\/p>\n<\/div>\n\n<div class=\"default-block container\">\n<p>Todos los enlaces a este sitio web deben estar aprobados por Octapharma AG. Octapharma AG se reserva el derecho de revocar este consentimiento para vincular en cualquier momento a su exclusivo criterio.<\/p>\n<\/div>\n\n<div class=\"default-block container\">\n<h2>Ley aplicable<\/h2>\n<\/div>\n\n<div class=\"default-block container\">\n<p>Estos t\u00e9rminos de uso, as\u00ed como la declaraci\u00f3n de privacidad y la resoluci\u00f3n de cualquier disputa relacionada con estos t\u00e9rminos de uso y\/o la declaraci\u00f3n de privacidad se interpretar\u00e1n de acuerdo con las leyes de Suiza. El lugar de jurisdicci\u00f3n exclusivo ser\u00e1 Lachen, SZ, Suiza.<\/p>\n<\/div>","protected":false},"excerpt":{"rendered":"<p>ondiciones de uso Este sitio web est\u00e1 financiado por Octapharma AG, Seidenstrasse 2, 8853 Lachen SZ, Suiza y desarrollado en colaboraci\u00f3n con los expertos m\u00e9dicos Dr. Fernando Corrales-Medina (Profesor asociado de Pediatr\u00eda Cl\u00ednica, Facultad de Medicina Miller de la Universidad de Miami, EE. UU.), Profesor Erik Berntorp (Profesor de Investigaci\u00f3n Cl\u00ednica de Coagulaci\u00f3n, Universidad de [&hellip;]<\/p>\n","protected":false},"author":1,"featured_media":0,"parent":0,"menu_order":0,"comment_status":"closed","ping_status":"closed","template":"front-page.php","meta":{"inline_featured_image":false},"acf":[],"yoast_head":"<!-- This site is optimized with the Yoast SEO plugin v20.4 - https:\/\/yoast.com\/wordpress\/plugins\/seo\/ -->\n<title>Sentencia legal - Mexico<\/title>\n<meta name=\"robots\" content=\"index, follow, max-snippet:-1, max-image-preview:large, max-video-preview:-1\" \/>\n<link rel=\"canonical\" href=\"https:\/\/vwdtest.com\/mx\/legal-statement\/\" \/>\n<meta property=\"og:locale\" content=\"en_US\" \/>\n<meta property=\"og:type\" content=\"article\" \/>\n<meta property=\"og:title\" content=\"Sentencia legal - Mexico\" \/>\n<meta property=\"og:description\" content=\"ondiciones de uso Este sitio web est\u00e1 financiado por Octapharma AG, Seidenstrasse 2, 8853 Lachen SZ, Suiza y desarrollado en colaboraci\u00f3n con los expertos m\u00e9dicos Dr. Fernando Corrales-Medina (Profesor asociado de Pediatr\u00eda Cl\u00ednica, Facultad de Medicina Miller de la Universidad de Miami, EE. UU.), Profesor Erik Berntorp (Profesor de Investigaci\u00f3n Cl\u00ednica de Coagulaci\u00f3n, Universidad de [&hellip;]\" \/>\n<meta property=\"og:url\" content=\"https:\/\/vwdtest.com\/mx\/legal-statement\/\" \/>\n<meta property=\"og:site_name\" content=\"Mexico\" \/>\n<meta property=\"article:modified_time\" content=\"2024-02-19T10:26:30+00:00\" \/>\n<meta name=\"twitter:card\" content=\"summary_large_image\" \/>\n<meta name=\"twitter:label1\" content=\"Est. reading time\" \/>\n\t<meta name=\"twitter:data1\" content=\"6 minutes\" \/>\n<script type=\"application\/ld+json\" class=\"yoast-schema-graph\">{\"@context\":\"https:\/\/schema.org\",\"@graph\":[{\"@type\":\"WebPage\",\"@id\":\"https:\/\/vwdtest.com\/mx\/legal-statement\/\",\"url\":\"https:\/\/vwdtest.com\/mx\/legal-statement\/\",\"name\":\"Sentencia legal - Mexico\",\"isPartOf\":{\"@id\":\"https:\/\/vwdtest.com\/mx\/#website\"},\"datePublished\":\"2023-02-21T21:22:33+00:00\",\"dateModified\":\"2024-02-19T10:26:30+00:00\",\"breadcrumb\":{\"@id\":\"https:\/\/vwdtest.com\/mx\/legal-statement\/#breadcrumb\"},\"inLanguage\":\"en-US\",\"potentialAction\":[{\"@type\":\"ReadAction\",\"target\":[\"https:\/\/vwdtest.com\/mx\/legal-statement\/\"]}]},{\"@type\":\"BreadcrumbList\",\"@id\":\"https:\/\/vwdtest.com\/mx\/legal-statement\/#breadcrumb\",\"itemListElement\":[{\"@type\":\"ListItem\",\"position\":1,\"name\":\"Home\",\"item\":\"https:\/\/vwdtest.com\/mx\/\"},{\"@type\":\"ListItem\",\"position\":2,\"name\":\"Sentencia legal\"}]},{\"@type\":\"WebSite\",\"@id\":\"https:\/\/vwdtest.com\/mx\/#website\",\"url\":\"https:\/\/vwdtest.com\/mx\/\",\"name\":\"Mexico\",\"description\":\"\",\"potentialAction\":[{\"@type\":\"SearchAction\",\"target\":{\"@type\":\"EntryPoint\",\"urlTemplate\":\"https:\/\/vwdtest.com\/mx\/?s={search_term_string}\"},\"query-input\":\"required name=search_term_string\"}],\"inLanguage\":\"en-US\"}]}<\/script>\n<!-- \/ Yoast SEO plugin. -->","yoast_head_json":{"title":"Sentencia legal - Mexico","robots":{"index":"index","follow":"follow","max-snippet":"max-snippet:-1","max-image-preview":"max-image-preview:large","max-video-preview":"max-video-preview:-1"},"canonical":"https:\/\/vwdtest.com\/mx\/legal-statement\/","og_locale":"en_US","og_type":"article","og_title":"Sentencia legal - Mexico","og_description":"ondiciones de uso Este sitio web est\u00e1 financiado por Octapharma AG, Seidenstrasse 2, 8853 Lachen SZ, Suiza y desarrollado en colaboraci\u00f3n con los expertos m\u00e9dicos Dr. Fernando Corrales-Medina (Profesor asociado de Pediatr\u00eda Cl\u00ednica, Facultad de Medicina Miller de la Universidad de Miami, EE. UU.), Profesor Erik Berntorp (Profesor de Investigaci\u00f3n Cl\u00ednica de Coagulaci\u00f3n, Universidad de [&hellip;]","og_url":"https:\/\/vwdtest.com\/mx\/legal-statement\/","og_site_name":"Mexico","article_modified_time":"2024-02-19T10:26:30+00:00","twitter_card":"summary_large_image","twitter_misc":{"Est. reading time":"6 minutes"},"schema":{"@context":"https:\/\/schema.org","@graph":[{"@type":"WebPage","@id":"https:\/\/vwdtest.com\/mx\/legal-statement\/","url":"https:\/\/vwdtest.com\/mx\/legal-statement\/","name":"Sentencia legal - Mexico","isPartOf":{"@id":"https:\/\/vwdtest.com\/mx\/#website"},"datePublished":"2023-02-21T21:22:33+00:00","dateModified":"2024-02-19T10:26:30+00:00","breadcrumb":{"@id":"https:\/\/vwdtest.com\/mx\/legal-statement\/#breadcrumb"},"inLanguage":"en-US","potentialAction":[{"@type":"ReadAction","target":["https:\/\/vwdtest.com\/mx\/legal-statement\/"]}]},{"@type":"BreadcrumbList","@id":"https:\/\/vwdtest.com\/mx\/legal-statement\/#breadcrumb","itemListElement":[{"@type":"ListItem","position":1,"name":"Home","item":"https:\/\/vwdtest.com\/mx\/"},{"@type":"ListItem","position":2,"name":"Sentencia legal"}]},{"@type":"WebSite","@id":"https:\/\/vwdtest.com\/mx\/#website","url":"https:\/\/vwdtest.com\/mx\/","name":"Mexico","description":"","potentialAction":[{"@type":"SearchAction","target":{"@type":"EntryPoint","urlTemplate":"https:\/\/vwdtest.com\/mx\/?s={search_term_string}"},"query-input":"required name=search_term_string"}],"inLanguage":"en-US"}]}},"_links":{"self":[{"href":"https:\/\/vwdtest.com\/mx\/wp-json\/wp\/v2\/pages\/263"}],"collection":[{"href":"https:\/\/vwdtest.com\/mx\/wp-json\/wp\/v2\/pages"}],"about":[{"href":"https:\/\/vwdtest.com\/mx\/wp-json\/wp\/v2\/types\/page"}],"author":[{"embeddable":true,"href":"https:\/\/vwdtest.com\/mx\/wp-json\/wp\/v2\/users\/1"}],"replies":[{"embeddable":true,"href":"https:\/\/vwdtest.com\/mx\/wp-json\/wp\/v2\/comments?post=263"}],"version-history":[{"count":5,"href":"https:\/\/vwdtest.com\/mx\/wp-json\/wp\/v2\/pages\/263\/revisions"}],"predecessor-version":[{"id":2609,"href":"https:\/\/vwdtest.com\/mx\/wp-json\/wp\/v2\/pages\/263\/revisions\/2609"}],"wp:attachment":[{"href":"https:\/\/vwdtest.com\/mx\/wp-json\/wp\/v2\/media?parent=263"}],"curies":[{"name":"wp","href":"https:\/\/api.w.org\/{rel}","templated":true}]}}