{"id":259,"date":"2023-02-21T21:13:32","date_gmt":"2023-02-21T21:13:32","guid":{"rendered":"https:\/\/new.vwdtest.com\/sm\/?page_id=259"},"modified":"2024-02-16T06:56:09","modified_gmt":"2024-02-16T06:56:09","slug":"hcp-vwd","status":"publish","type":"page","link":"https:\/\/vwdtest.com\/mx\/hcp-vwd\/","title":{"rendered":"PS y EvW"},"content":{"rendered":"\r\n\r\n<div class=\"container hb\">\r\n\t<div class=\"row\">\r\n\t\t<div class=\"col-12 col-lg-6 rtl\">\t\t<div class=\"hb__video ltr\">\r\n\t\t\t<div class=\"hb__video-img play_video\" data-video=\"video_hba\"><img decoding=\"async\" src=\"https:\/\/vwdtest.com\/mx\/wp-content\/uploads\/sites\/40\/2023\/12\/thumbnail_VWD-thumb-Corrales-ES.png\"\r\n\t\t\t\t\tclass=\"hb__video-image\"><\/div>\r\n\t\t\t<div class=\"hb__video-text\">\r\n\t\t\t\t<h3 class=\"hb__video-title\">\r\n\t\t\t\t\tAprende sobre el<br \/>\r\nIniciativa VWDtest\t\t\t\t<\/h3>\r\n\t\t\t\t<button id=\"hcp_video\" class=\"hb__video-button button__large play_video\" data-video=\"video_hba\">\r\n\t\t\t\t\tVista\t\t\t\t<\/button>\r\n\t\t\t<\/div>\r\n\t\t<\/div>\r\n\t\t<div class=\"hb__add-text\">\r\n\t\t\t<h3><strong>VWDtest.com ha sido desarrollado por el Dr. Fernando Corrales-Medina (Profesor asociado de Pediatr\u00eda Cl\u00ednica, Facultad de Medicina Miller de la Universidad de Miami, EE. UU.), el Profesor Erik Berntorp (Profesor de Investigaci\u00f3n de Coagulaci\u00f3n Cl\u00ednica, Universidad de Lund , Suecia) y su equipo de expertos internacionales en trastornos hemorr\u00e1gicos para responder sus preguntas sobre los s\u00edntomas hemorr\u00e1gicos anormales y la <a href=\"https:\/\/vwdtest.com\/mx\/von-willebrand-disease\/\">enfermedad de von Willebrand <\/a>(VWD).<\/strong><\/h3>\n\t\t<\/div>\r\n\t\t<h1>\r\n\t\t\tTodos juntos: Cuidando a las personas con EvW\t\t<\/h1>\r\n\t\t<ul>\n<li>\u00bfAlguno de sus pacientes est\u00e1 preocupado por las hemorragias nasales frecuentes o los per\u00edodos abundantes?<\/li>\n<li>\u00bfUn padre est\u00e1 preocupado porque a su hijo le salen moretones con tanta facilidad?<\/li>\n<li>\u00bfSe puso en contacto con usted un paciente con la enfermedad de von Willebrand que buscaba tratamiento, o uno de sus pacientes m\u00e1s antiguos fue diagnosticado recientemente con la enfermedad?<\/li>\n<li>\u00bfSe pregunta si el sangrado durante un procedimiento realizado recientemente sugiere un trastorno hemorr\u00e1gico no diagnosticado?<\/li>\n<\/ul>\n<h4>Muchos pacientes con <span class=\"TextRun SCXP212752330 BCX0\" lang=\"EN-GB\" xml:lang=\"EN-GB\" data-scheme-color=\"@FF0000,,\" data-usefontface=\"false\" data-contrast=\"none\"><span class=\"NormalTextRun SCXP212752330 BCX0\"><a href=\"https:\/\/vwdtest.com\/mx\/von-willebrand-disease\/\">Enfermedad de von Willebrand<\/a> (VWD<\/span><\/span><span class=\"TextRun SCXP212752330 BCX0\" lang=\"EN-GB\" xml:lang=\"EN-GB\" data-usefontface=\"false\" data-contrast=\"none\"> <span class=\"NormalTextRun SCXP212752330 BCX0\">) <\/span><\/span>desconocen su afecci\u00f3n y su diagn\u00f3stico sigue siendo un desaf\u00edo. VWDtest.com brinda apoyo con la identificaci\u00f3n y diagn\u00f3stico de pacientes con trastornos hemorr\u00e1gicos. Tambi\u00e9n encontrar\u00e1 orientaci\u00f3n sobre su papel en el recorrido de su paciente y asesoramiento de expertos sobre el tratamiento de la VWD. El diagn\u00f3stico y el tratamiento de la VWD son siempre esfuerzos multidisciplinarios, y su contribuci\u00f3n y experiencia son esenciales para garantizar que los pacientes reciban la atenci\u00f3n que merecen.<\/h4>\n\t<\/div>\r\n\t<div class=\"col-12 col-lg-6\">\r\n\t<div class=\"hb__persons row\">\r\n\t\t\t\t\t\t\t\t\r\n\t\t\t\t<div class=\"hb__person col-6\" id=\"person_1\">\r\n\t\t\t\t\t<img decoding=\"async\" class=\"hb__person-image hbi\" src=\"https:\/\/vwdtest.com\/mx\/wp-content\/uploads\/sites\/40\/2023\/02\/gynaecologist.png\"\r\n\t\t\t\t\t\talt=\"Ginec\u00f3logo &lt;br&gt; \/ Obstetra\">\r\n\t\t\t\t\t<a href=\"https:\/\/vwdtest.com\/mx\/vwd-and-gynaecology-obstetrics\/\" class=\"hb__person-button hbb\">\r\n\t\t\t\t\t\t<div class=\"hb__person-text\">\r\n\t\t\t\t\t\t\t<span class=\"hb__person-content\">\r\n\t\t\t\t\t\t\t\tGinec\u00f3logo <br> \/ Obstetra<span class=\"hb__person-content-arrow\"><\/span>\r\n\t\t\t\t\t\t\t<\/span>\r\n\t\t\t\t\t\t\t<span class=\"hb__person-bg\">\r\n\t\t\t\t\t\t\t\t<span class=\"hb__person-arrow triangle up hba\"><\/span>\r\n\t\t\t\t\t\t\t<\/span>\r\n\t\t\t\t\t\t<\/div>\r\n\t\t\t\t\t<\/a>\r\n\t\t\t\t<\/div>\r\n\t\t\t\t\t\t\t\r\n\t\t\t\t<div class=\"hb__person col-6\" id=\"person_2\">\r\n\t\t\t\t\t<img decoding=\"async\" class=\"hb__person-image hbi\" src=\"https:\/\/vwdtest.com\/mx\/wp-content\/uploads\/sites\/40\/2023\/02\/dentist.png\"\r\n\t\t\t\t\t\talt=\"DENTISTA\">\r\n\t\t\t\t\t<a href=\"https:\/\/vwdtest.com\/mx\/vwd-and-denstistry\/\" class=\"hb__person-button hbb\">\r\n\t\t\t\t\t\t<div class=\"hb__person-text\">\r\n\t\t\t\t\t\t\t<span class=\"hb__person-content\">\r\n\t\t\t\t\t\t\t\tDENTISTA<span class=\"hb__person-content-arrow\"><\/span>\r\n\t\t\t\t\t\t\t<\/span>\r\n\t\t\t\t\t\t\t<span class=\"hb__person-bg\">\r\n\t\t\t\t\t\t\t\t<span class=\"hb__person-arrow triangle up hba\"><\/span>\r\n\t\t\t\t\t\t\t<\/span>\r\n\t\t\t\t\t\t<\/div>\r\n\t\t\t\t\t<\/a>\r\n\t\t\t\t<\/div>\r\n\t\t\t\t\t\t\t\r\n\t\t\t\t<div class=\"hb__person col-6\" id=\"person_3\">\r\n\t\t\t\t\t<img decoding=\"async\" class=\"hb__person-image hbi\" src=\"https:\/\/vwdtest.com\/mx\/wp-content\/uploads\/sites\/40\/2023\/02\/family-doctor.png\"\r\n\t\t\t\t\t\talt=\"M\u00c9DICO DE FAMILIA \/ &lt;br&gt;PEDIATRA\">\r\n\t\t\t\t\t<a href=\"https:\/\/vwdtest.com\/mx\/family-doctor-paediatrician\/\" class=\"hb__person-button hbb\">\r\n\t\t\t\t\t\t<div class=\"hb__person-text\">\r\n\t\t\t\t\t\t\t<span class=\"hb__person-content\">\r\n\t\t\t\t\t\t\t\tM\u00c9DICO DE FAMILIA \/ <br>PEDIATRA<span class=\"hb__person-content-arrow\"><\/span>\r\n\t\t\t\t\t\t\t<\/span>\r\n\t\t\t\t\t\t\t<span class=\"hb__person-bg\">\r\n\t\t\t\t\t\t\t\t<span class=\"hb__person-arrow triangle up hba\"><\/span>\r\n\t\t\t\t\t\t\t<\/span>\r\n\t\t\t\t\t\t<\/div>\r\n\t\t\t\t\t<\/a>\r\n\t\t\t\t<\/div>\r\n\t\t\t\t\t\t\t\r\n\t\t\t\t<div class=\"hb__person col-6\" id=\"person_4\">\r\n\t\t\t\t\t<img decoding=\"async\" class=\"hb__person-image hbi\" src=\"https:\/\/vwdtest.com\/mx\/wp-content\/uploads\/sites\/40\/2023\/02\/resources.png\"\r\n\t\t\t\t\t\talt=\"Recursos para cl\u00ednicos\">\r\n\t\t\t\t\t<a href=\"https:\/\/vwdtest.com\/mx\/clinician-materials\/\" class=\"hb__person-button hbb\">\r\n\t\t\t\t\t\t<div class=\"hb__person-text\">\r\n\t\t\t\t\t\t\t<span class=\"hb__person-content\">\r\n\t\t\t\t\t\t\t\tRecursos para cl\u00ednicos<span class=\"hb__person-content-arrow\"><\/span>\r\n\t\t\t\t\t\t\t<\/span>\r\n\t\t\t\t\t\t\t<span class=\"hb__person-bg\">\r\n\t\t\t\t\t\t\t\t<span class=\"hb__person-arrow triangle up hba\"><\/span>\r\n\t\t\t\t\t\t\t<\/span>\r\n\t\t\t\t\t\t<\/div>\r\n\t\t\t\t\t<\/a>\r\n\t\t\t\t<\/div>\r\n\t\t\t\t\t\t\t\t\t\t<\/div>\r\n<\/div>\r\n<!-- <div class=\"row\">\r\n\t<div class=\"col-12 col-lg-5\">\r\n\t\t<div class=\"hb__video\">\r\n\t\t\t<div class=\"hb__video-img play_video\" data-video=\"video_hba\"><img decoding=\"async\" src=\"https:\/\/vwdtest.com\/mx\/wp-content\/uploads\/sites\/40\/2023\/12\/thumbnail_VWD-thumb-Corrales-ES.png\"\r\n\t\t\t\t\tclass=\"hb__video-image\"><\/div>\r\n\t\t\t<div class=\"hb__video-text\">\r\n\t\t\t\t<h3 class=\"hb__video-title\">\r\n\t\t\t\t\tAprende sobre el<br \/>\r\nIniciativa VWDtest\t\t\t\t<\/h3>\r\n\t\t\t\t<button class=\"hb__video-button button__large play_video\" data-video=\"video_hba\">\r\n\t\t\t\t\tVista\t\t\t\t<\/button>\r\n\t\t\t<\/div>\r\n\t\t<\/div>\r\n\t<\/div>\r\n\t<div class=\"col-12 col-lg-7\">\r\n\t\t<div class=\"hb__add-text\">\r\n\t\t\t<h3><strong>VWDtest.com ha sido desarrollado por el Dr. Fernando Corrales-Medina (Profesor asociado de Pediatr\u00eda Cl\u00ednica, Facultad de Medicina Miller de la Universidad de Miami, EE. UU.), el Profesor Erik Berntorp (Profesor de Investigaci\u00f3n de Coagulaci\u00f3n Cl\u00ednica, Universidad de Lund , Suecia) y su equipo de expertos internacionales en trastornos hemorr\u00e1gicos para responder sus preguntas sobre los s\u00edntomas hemorr\u00e1gicos anormales y la <a href=\"https:\/\/vwdtest.com\/mx\/von-willebrand-disease\/\">enfermedad de von Willebrand <\/a>(VWD).<\/strong><\/h3>\n\t\t<\/div>\r\n\t<\/div>\r\n<\/div> -->\r\n<\/div>\r\n\r\n<div class=\"video\" id=\"video_hba\">\r\n\t<div class=\"video__box\">\r\n\t\t<div class=\"popup-close-icon\"><img\r\n\t\t\t\tsrc=\"https:\/\/vwdtest.com\/fr\/wp-content\/uploads\/sites\/22\/2023\/09\/cross-icon1.svg\" alt=\"cross-icon\">\r\n\t\t<\/div>\r\n\t\t<video width=\"320\" height=\"240\" controls>\r\n\t\t\t<source src=\"https:\/\/vwdtest.com\/mx\/wp-content\/uploads\/sites\/40\/2024\/02\/VWD-Test-Main-Video_12-Corrales-Spanish-proof-4.mp4\" type=\"video\/mp4\">\r\n\t\t\tYour browser does not support the video tag.\r\n\t\t\t\t\t<\/video>\r\n\t<\/div>\r\n<\/div>","protected":false},"excerpt":{"rendered":"","protected":false},"author":1,"featured_media":0,"parent":0,"menu_order":0,"comment_status":"closed","ping_status":"closed","template":"front-page.php","meta":{"inline_featured_image":false},"acf":[],"yoast_head":"<!-- This site is optimized with the Yoast SEO plugin v20.4 - https:\/\/yoast.com\/wordpress\/plugins\/seo\/ -->\n<title>PS y EvW - Mexico<\/title>\n<meta name=\"robots\" content=\"index, follow, max-snippet:-1, max-image-preview:large, max-video-preview:-1\" \/>\n<link rel=\"canonical\" href=\"https:\/\/vwdtest.com\/mx\/hcp-vwd\/\" \/>\n<meta property=\"og:locale\" content=\"en_US\" \/>\n<meta property=\"og:type\" content=\"article\" \/>\n<meta property=\"og:title\" content=\"PS y EvW - Mexico\" \/>\n<meta property=\"og:url\" content=\"https:\/\/vwdtest.com\/mx\/hcp-vwd\/\" \/>\n<meta property=\"og:site_name\" content=\"Mexico\" \/>\n<meta property=\"article:modified_time\" content=\"2024-02-16T06:56:09+00:00\" \/>\n<meta name=\"twitter:card\" content=\"summary_large_image\" \/>\n<script type=\"application\/ld+json\" class=\"yoast-schema-graph\">{\"@context\":\"https:\/\/schema.org\",\"@graph\":[{\"@type\":\"WebPage\",\"@id\":\"https:\/\/vwdtest.com\/mx\/hcp-vwd\/\",\"url\":\"https:\/\/vwdtest.com\/mx\/hcp-vwd\/\",\"name\":\"PS y EvW - Mexico\",\"isPartOf\":{\"@id\":\"https:\/\/vwdtest.com\/mx\/#website\"},\"datePublished\":\"2023-02-21T21:13:32+00:00\",\"dateModified\":\"2024-02-16T06:56:09+00:00\",\"breadcrumb\":{\"@id\":\"https:\/\/vwdtest.com\/mx\/hcp-vwd\/#breadcrumb\"},\"inLanguage\":\"en-US\",\"potentialAction\":[{\"@type\":\"ReadAction\",\"target\":[\"https:\/\/vwdtest.com\/mx\/hcp-vwd\/\"]}]},{\"@type\":\"BreadcrumbList\",\"@id\":\"https:\/\/vwdtest.com\/mx\/hcp-vwd\/#breadcrumb\",\"itemListElement\":[{\"@type\":\"ListItem\",\"position\":1,\"name\":\"Home\",\"item\":\"https:\/\/vwdtest.com\/mx\/\"},{\"@type\":\"ListItem\",\"position\":2,\"name\":\"PS y EvW\"}]},{\"@type\":\"WebSite\",\"@id\":\"https:\/\/vwdtest.com\/mx\/#website\",\"url\":\"https:\/\/vwdtest.com\/mx\/\",\"name\":\"Mexico\",\"description\":\"\",\"potentialAction\":[{\"@type\":\"SearchAction\",\"target\":{\"@type\":\"EntryPoint\",\"urlTemplate\":\"https:\/\/vwdtest.com\/mx\/?s={search_term_string}\"},\"query-input\":\"required name=search_term_string\"}],\"inLanguage\":\"en-US\"}]}<\/script>\n<!-- \/ Yoast SEO plugin. -->","yoast_head_json":{"title":"PS y EvW - Mexico","robots":{"index":"index","follow":"follow","max-snippet":"max-snippet:-1","max-image-preview":"max-image-preview:large","max-video-preview":"max-video-preview:-1"},"canonical":"https:\/\/vwdtest.com\/mx\/hcp-vwd\/","og_locale":"en_US","og_type":"article","og_title":"PS y EvW - Mexico","og_url":"https:\/\/vwdtest.com\/mx\/hcp-vwd\/","og_site_name":"Mexico","article_modified_time":"2024-02-16T06:56:09+00:00","twitter_card":"summary_large_image","schema":{"@context":"https:\/\/schema.org","@graph":[{"@type":"WebPage","@id":"https:\/\/vwdtest.com\/mx\/hcp-vwd\/","url":"https:\/\/vwdtest.com\/mx\/hcp-vwd\/","name":"PS y EvW - Mexico","isPartOf":{"@id":"https:\/\/vwdtest.com\/mx\/#website"},"datePublished":"2023-02-21T21:13:32+00:00","dateModified":"2024-02-16T06:56:09+00:00","breadcrumb":{"@id":"https:\/\/vwdtest.com\/mx\/hcp-vwd\/#breadcrumb"},"inLanguage":"en-US","potentialAction":[{"@type":"ReadAction","target":["https:\/\/vwdtest.com\/mx\/hcp-vwd\/"]}]},{"@type":"BreadcrumbList","@id":"https:\/\/vwdtest.com\/mx\/hcp-vwd\/#breadcrumb","itemListElement":[{"@type":"ListItem","position":1,"name":"Home","item":"https:\/\/vwdtest.com\/mx\/"},{"@type":"ListItem","position":2,"name":"PS y EvW"}]},{"@type":"WebSite","@id":"https:\/\/vwdtest.com\/mx\/#website","url":"https:\/\/vwdtest.com\/mx\/","name":"Mexico","description":"","potentialAction":[{"@type":"SearchAction","target":{"@type":"EntryPoint","urlTemplate":"https:\/\/vwdtest.com\/mx\/?s={search_term_string}"},"query-input":"required name=search_term_string"}],"inLanguage":"en-US"}]}},"_links":{"self":[{"href":"https:\/\/vwdtest.com\/mx\/wp-json\/wp\/v2\/pages\/259"}],"collection":[{"href":"https:\/\/vwdtest.com\/mx\/wp-json\/wp\/v2\/pages"}],"about":[{"href":"https:\/\/vwdtest.com\/mx\/wp-json\/wp\/v2\/types\/page"}],"author":[{"embeddable":true,"href":"https:\/\/vwdtest.com\/mx\/wp-json\/wp\/v2\/users\/1"}],"replies":[{"embeddable":true,"href":"https:\/\/vwdtest.com\/mx\/wp-json\/wp\/v2\/comments?post=259"}],"version-history":[{"count":71,"href":"https:\/\/vwdtest.com\/mx\/wp-json\/wp\/v2\/pages\/259\/revisions"}],"predecessor-version":[{"id":2604,"href":"https:\/\/vwdtest.com\/mx\/wp-json\/wp\/v2\/pages\/259\/revisions\/2604"}],"wp:attachment":[{"href":"https:\/\/vwdtest.com\/mx\/wp-json\/wp\/v2\/media?parent=259"}],"curies":[{"name":"wp","href":"https:\/\/api.w.org\/{rel}","templated":true}]}}