{"id":19,"date":"2023-02-13T13:51:56","date_gmt":"2023-02-13T13:51:56","guid":{"rendered":"https:\/\/new.vwdtest.com\/sm\/?page_id=19"},"modified":"2024-03-12T04:27:26","modified_gmt":"2024-03-12T04:27:26","slug":"von-willebrand-disease","status":"publish","type":"page","link":"https:\/\/vwdtest.com\/mx\/von-willebrand-disease\/","title":{"rendered":"Obtenga m\u00e1s informaci\u00f3n sobre la enfermedad de von willebrand"},"content":{"rendered":"<div class=\"default-block container\">\n<h2>La enfermedad de von Willebrand (EvW) es<br>el trastorno hemorr\u00e1gico m\u00e1s com\u00fan<\/h2>\n<\/div>\n\n<div class=\"default-block container\">\n<h5 class=\"bleeding-symptoms-title live\">Cuando se lesiona un vaso sangu\u00edneo, algunos de los gl\u00f3bulos rojos se pegan para cerrar la herida y detener el sangrado. Este proceso se llama coagulaci\u00f3n. En personas con trastornos hemorr\u00e1gicos, como EvW o hemofilia, la coagulaci\u00f3n sangu\u00ednea no funciona correctamente. Por tanto, <strong>las personas con EvW tienden a sangrar con m\u00e1s frecuencia y durante m\u00e1s tiempo<\/strong>, por ejemplo <a href=\"https:\/\/vwdtest.com\/mx\/bleeding-symptoms\/#nosebleed\">sangrados nasales<\/a>, <a href=\"https:\/\/vwdtest.com\/mx\/bleeding-symptoms\/#oral-bleed\">sangrado de enc\u00edas<\/a>, o despu\u00e9s de <a href=\"https:\/\/vwdtest.com\/mx\/bleeding-symptoms\/#minor-wounds\">lesiones leves<\/a>. Las mujeres con EvW suelen experimentar <a href=\"https:\/\/vwdtest.com\/mx\/bleeding-symptoms\/#hmb\">sangrado menstrual abundante<\/a>. En las personas con EvW, el sangrado es causado por defectos en la prote\u00edna del factor von Willebrand (VWF), que es importante para la coagulaci\u00f3n de la sangre.<sup>1<\/sup><\/h5>\n<\/div>\n\n<img decoding=\"async\" src=\"https:\/\/vwdtest.com\/mx\/wp-content\/uploads\/sites\/40\/2023\/02\/hero2.webp\" alt=\"Obtenga m\u00e1s informaci\u00f3n sobre la enfermedad de von willebrand\" class=\"page_thumbnail d-xl-none\">\r\n\n\n<div class=\"default-block container\">\n<figure class=\"is-layout-flex wp-block-gallery-1 wp-block-gallery has-nested-images columns-default is-cropped\"><div class=\"default-block container\">\n<figure class=\"wp-block-image size-full\"><img decoding=\"async\" data-id=\"1569\"  src=\"\/mx\/wp-content\/uploads\/sites\/40\/2024\/03\/learn-vwd-ES.png\" alt=\"\" class=\"wp-image-1569\"\/><\/figure>\n<\/div><\/figure>\n<\/div>\n\n<div class=\"default-block container\">\n<h2><strong>El factor von Willebrand (VWF) es importante para la coagulaci\u00f3n sangu\u00ednea<\/strong><\/h2>\n<\/div>\n\n<div class=\"default-block container\">\n<p class=\"full\">VWF es una prote\u00edna que circula en la sangre. Es producido por c\u00e9lulas de los vasos sangu\u00edneos y de los huesos y liberado al torrente sangu\u00edneo. En caso de lesi\u00f3n, el <strong>VWF act\u00faa junto con otras prote\u00ednas para detener el sangrado formando un co\u00e1gulo de sangre<\/strong>. En las personas con EVW, el cuerpo no produce suficiente VWF o la prote\u00edna no funciona correctamente. Como resultado, la coagulaci\u00f3n sangu\u00ednea no funciona correctamente y el sangrado puede prolongarse.<sup>2<\/sup><\/p>\n<\/div>\n\n\r\n\r\n<div class=\"styledBox\">\r\n    <h2 class=\"styledBox__title\">Hay tres tipos principales de EvW<\/h2>\r\n\r\n    <ul class=\"styledBox__list\">\r\n            <li class=\"styledBox__item\">\r\n            <p><strong>EvW tipo 1: <\/strong>Alrededor de 3 de cada 4 personas con EvW tienen tipo 1, lo que la convierte en el tipo m\u00e1s com\u00fan de la enfermedad. Estas personas tienen niveles bajos de la prote\u00edna VWF.<sup>2<\/sup><\/p>\n        <\/li>\r\n            <li class=\"styledBox__item\">\r\n            <p><strong>EvW tipo 2:<\/strong> las personas con EvW tipo 2 tienen prote\u00edna VWF que no funciona correctamente.<sup>2<\/sup><\/p>\n        <\/li>\r\n            <li class=\"styledBox__item\">\r\n            <p><strong>VWD tipo 3:<\/strong> a menudo m\u00e1s grave que el tipo 1 o 2, esta es la forma m\u00e1s rara de la enfermedad. Las personas con EVW tipo 3 tienen niveles muy bajos de prote\u00edna VWF.<sup>2<\/sup><\/p>\n        <\/li>\r\n        <\/ul>\r\n<\/div>\n\n<div class=\"default-block container\">\n<h2>\u00bfCu\u00e1l es la diferencia entre la EvW y la hemofilia?<\/h2>\n<\/div>\n\n<div class=\"default-block container\">\n<p class=\"full\">Tanto la EVW como la hemofilia son trastornos hemorr\u00e1gicos. Las personas con cualquiera de las enfermedades tienen un mayor riesgo de sufrir hemorragias, pero las partes del cuerpo donde suele producirse la hemorragia no son las mismas para las personas con EvW o hemofilia. Los trastornos son causados \u200b\u200bpor defectos en diferentes prote\u00ednas: la EvW es causada por defectos en la prote\u00edna VWF, mientras que la hemofilia ocurre debido a la falta parcial o total de prote\u00ednas llamadas factor VIII y factor IX. Estas diferentes causas hacen que las enfermedades tengan diferentes tratamientos.<sup>3,4<\/sup><\/p>\n<\/div>\n\n<div class=\"default-block container\">\n<h2><strong>VWD puede ser tratado<\/strong><\/h2>\n<\/div>\n\n<div class=\"default-block container\">\n<p class=\"full\">No existe cura para la EvW, pero s\u00ed <a href=\"https:\/\/vwdtest.com\/mx\/i-live-with-vwd\/\">tratamientos eficaces<\/a>. La mayor\u00eda de las personas con EvW tienen s\u00edntomas muy leves que pueden controlar ellos mismos en su vida diaria. Sin embargo, las personas con formas graves de EvW pueden sufrir hemorragias m\u00e1s graves y frecuentes, con un mayor impacto en sus vidas.<sup>1<\/sup><\/p>\n<\/div>\n\n<div class=\"default-block container\">\n<p class=\"full\"><strong>Si tiene VWD, es importante que se registre en un centro de tratamiento local que se especialice en trastornos hemorr\u00e1gicos.<\/strong> El personal del <a href=\"\/es\/helpful-resources\/\">centro de tratamiento<\/a> resolver\u00e1 todas tus dudas y te guiar\u00e1 en el manejo de la enfermedad, para que puedas hacer una vida normal.<\/p>\n<\/div>\n\n<div class=\"default-block container\">\n<p class=\"full\">Tambi\u00e9n recomendamos ponerse en contacto con <a href=\"https:\/\/vwdtest.com\/mx\/helpful-resources\/\"> asociaciones de pacientes<\/a> locales. Hay m\u00e1s personas con trastornos hemorr\u00e1gicos de lo que cree y estar\u00e1n felices de compartir sus experiencias con usted.<\/p>\n<\/div>\n\n<div class=\"default-block container\">\n<div class=\"is-layout-flex wp-container-5 wp-block-columns are-vertically-aligned-center\">\n<div class=\"is-layout-flow wp-block-column is-vertically-aligned-center\"><div class=\"default-block container\">\n<figure class=\"wp-block-image aligncenter size-full\"><img decoding=\"async\" loading=\"lazy\" width=\"259\" height=\"325\" src=\"https:\/\/vwdtest.com\/mx\/wp-content\/uploads\/sites\/40\/2023\/02\/Illustration-03.png\" alt=\"\" class=\"wp-image-26\" srcset=\"https:\/\/vwdtest.com\/mx\/wp-content\/uploads\/sites\/40\/2023\/02\/Illustration-03.png 259w, https:\/\/vwdtest.com\/mx\/wp-content\/uploads\/sites\/40\/2023\/02\/Illustration-03-239x300.png 239w\" sizes=\"(max-width: 259px) 100vw, 259px\" \/><\/figure>\n<\/div><\/div>\n\n\n\n<div class=\"is-layout-flow wp-block-column is-vertically-aligned-center\"><div class=\"default-block container\">\n<h2>Hasta el 1% de la poblaci\u00f3n mundial puede tener EvW<\/h2>\n<\/div>\n\n<div class=\"default-block container\">\n<p>La EVW suele ser hereditaria y afecta tanto a hombres como a mujeres de todas las edades, incluidos los ni\u00f1os. Las mujeres tienen m\u00e1s probabilidades que los hombres de presentar s\u00edntomas de EVW debido al sangrado que ocurre en\n menstruaci\u00f3n, embarazo y parto.<br><br><strong>Muchas personas tienen s\u00edntomas leves y es posible que no se den cuenta de que tienen EvW.<\/strong><\/p>\n<\/div><\/div>\n<\/div>\n<\/div>\n\n<div class=\"default-block container\">\n<div class=\"is-layout-flex wp-container-10 wp-block-columns are-vertically-aligned-center\">\n<div class=\"is-layout-flow wp-block-column is-vertically-aligned-center\"><div class=\"default-block container\">\n<div class=\"is-layout-flex wp-container-8 wp-block-columns\">\n<div class=\"is-layout-flow wp-block-column\"><div class=\"default-block container\">\n<h2><strong>Las personas con EvW suelen esperar muchos a\u00f1os hasta recibir su diagn\u00f3stico.<\/strong><\/h2>\n<\/div>\n\n<div class=\"default-block container\">\n<p class=\"orange\">A menudo es dif\u00edcil saber si el sangrado es normal o no. Adem\u00e1s, muchas personas no son conscientes de los trastornos hemorr\u00e1gicos como la EvW. Por estas razones, las personas con EvW a menudo tienen que esperar varios a\u00f1os desde los primeros s\u00edntomas hemorr\u00e1gicos hasta el diagn\u00f3stico final. Este retraso es mayor en los pacientes femeninos que en los masculinos. <b>Sin diagn\u00f3stico y tratamiento, los pacientes pueden sufrir hemorragias frecuentes, deficiencia de hierro, dolor y una calidad de vida reducida. <\/b>Incluso si los s\u00edntomas de sangrado son leves en la vida diaria, existe el riesgo de sufrir un sangrado grave durante una cirug\u00eda o despu\u00e9s de un accidente.<sup>1<\/sup><\/p>\n<\/div>\n\n<div class=\"default-block container\">\n<p>Por lo tanto,<mark style=\"background-color:rgba(0, 0, 0, 0)\" class=\"has-inline-color has-orange-color\"> <\/mark><strong>es importante estar atento a los s\u00edntomas hemorr\u00e1gicos y a los trastornos hemorr\u00e1gicos, como la EvW<\/strong>. Si no est\u00e1 seguro de alg\u00fan sangrado que haya experimentado, realice nuestra prueba de sangrado.<\/p>\n<\/div><\/div>\n\n\n\n<div class=\"is-layout-flow wp-block-column is-vertically-aligned-center\"><div class=\"default-block container\">\n<figure class=\"wp-block-image aligncenter size-full is-style-default\"><img decoding=\"async\" loading=\"lazy\" width=\"480\" height=\"331\" src=\"https:\/\/vwdtest.com\/mx\/wp-content\/uploads\/sites\/40\/2023\/02\/Fill-47-1.png\" alt=\"\" class=\"wp-image-50\" srcset=\"https:\/\/vwdtest.com\/mx\/wp-content\/uploads\/sites\/40\/2023\/02\/Fill-47-1.png 480w, https:\/\/vwdtest.com\/mx\/wp-content\/uploads\/sites\/40\/2023\/02\/Fill-47-1-300x207.png 300w\" sizes=\"(max-width: 480px) 100vw, 480px\" \/><\/figure>\n<\/div><\/div>\n<\/div>\n<\/div><\/div>\n<\/div>\n<\/div>\n\n<div class=\"default-block container\">\n<h2><strong>Se necesitan antecedentes de hemorragia y pruebas de laboratorio para diagnosticar la EvW.<\/strong><\/h2>\n<\/div>\n\n<div class=\"default-block container\">\nLa EVW es poco com\u00fan y no todos los m\u00e9dicos est\u00e1n familiarizados con la enfermedad. Por lo tanto, el diagn\u00f3stico definitivo debe ser realizado por un m\u00e9dico especializado en trastornos hemorr\u00e1gicos. Un diagn\u00f3stico de EvW es siempre un proceso. Inicialmente, su m\u00e9dico debe comprender cualquier sangrado que usted y posiblemente otros miembros de su familia puedan haber experimentado. Esta informaci\u00f3n se llama &#8220;historial de sangrado&#8221;. Para evaluar el historial completo de hemorragias, su m\u00e9dico le har\u00e1 una serie de preguntas. Si el historial de sangrado sugiere que puede tener un trastorno hemorr\u00e1gico, es necesario analizar su sangre en un laboratorio especializado.1 Con los resultados de los an\u00e1lisis de sangre, su m\u00e9dico har\u00e1 un diagn\u00f3stico definitivo.\n<\/div>\n\n<div class=\"default-block container\">\n<p class=\"full\"><strong>Cuanto antes reciba su diagn\u00f3stico, antes podr\u00e1 comenzar a tomar decisiones informadas sobre su tratamiento y estilo de vida.<\/strong><\/p>\n<\/div>\n\n<div class=\"default-block container\">\n<h6>Referencias<\/h6>\n<\/div>\n\n<div class=\"default-block container\">\n<ol>\n\n\n\n\n\n<\/ol>\n<\/div>","protected":false},"excerpt":{"rendered":"<p>La enfermedad de von Willebrand (EvW) esel trastorno hemorr\u00e1gico m\u00e1s com\u00fan Cuando se lesiona un vaso sangu\u00edneo, algunos de los gl\u00f3bulos rojos se pegan para cerrar la herida y detener el sangrado. Este proceso se llama coagulaci\u00f3n. En personas con trastornos hemorr\u00e1gicos, como EvW o hemofilia, la coagulaci\u00f3n sangu\u00ednea no funciona correctamente. Por tanto, las [&hellip;]<\/p>\n","protected":false},"author":1,"featured_media":231,"parent":0,"menu_order":0,"comment_status":"closed","ping_status":"closed","template":"","meta":{"inline_featured_image":false},"acf":[],"yoast_head":"<!-- This site is optimized with the Yoast SEO plugin v20.4 - https:\/\/yoast.com\/wordpress\/plugins\/seo\/ -->\n<title>Obtenga m\u00e1s informaci\u00f3n sobre la enfermedad de von willebrand - Mexico<\/title>\n<meta name=\"robots\" content=\"index, follow, max-snippet:-1, max-image-preview:large, max-video-preview:-1\" \/>\n<link rel=\"canonical\" href=\"https:\/\/vwdtest.com\/mx\/von-willebrand-disease\/\" \/>\n<meta property=\"og:locale\" content=\"en_US\" \/>\n<meta property=\"og:type\" content=\"article\" \/>\n<meta property=\"og:title\" content=\"Obtenga m\u00e1s informaci\u00f3n sobre la enfermedad de von willebrand - Mexico\" \/>\n<meta property=\"og:description\" content=\"La enfermedad de von Willebrand (EvW) esel trastorno hemorr\u00e1gico m\u00e1s com\u00fan Cuando se lesiona un vaso sangu\u00edneo, algunos de los gl\u00f3bulos rojos se pegan para cerrar la herida y detener el sangrado. Este proceso se llama coagulaci\u00f3n. En personas con trastornos hemorr\u00e1gicos, como EvW o hemofilia, la coagulaci\u00f3n sangu\u00ednea no funciona correctamente. Por tanto, las [&hellip;]\" \/>\n<meta property=\"og:url\" content=\"https:\/\/vwdtest.com\/mx\/von-willebrand-disease\/\" \/>\n<meta property=\"og:site_name\" content=\"Mexico\" \/>\n<meta property=\"article:modified_time\" content=\"2024-03-12T04:27:26+00:00\" \/>\n<meta property=\"og:image\" content=\"https:\/\/vwdtest.com\/mx\/wp-content\/uploads\/sites\/40\/2023\/02\/hero2.webp\" \/>\n\t<meta property=\"og:image:width\" content=\"774\" \/>\n\t<meta property=\"og:image:height\" content=\"927\" \/>\n\t<meta property=\"og:image:type\" content=\"image\/webp\" \/>\n<meta name=\"twitter:card\" content=\"summary_large_image\" \/>\n<meta name=\"twitter:label1\" content=\"Est. reading time\" \/>\n\t<meta name=\"twitter:data1\" content=\"5 minutes\" \/>\n<script type=\"application\/ld+json\" class=\"yoast-schema-graph\">{\"@context\":\"https:\/\/schema.org\",\"@graph\":[{\"@type\":\"WebPage\",\"@id\":\"https:\/\/vwdtest.com\/mx\/von-willebrand-disease\/\",\"url\":\"https:\/\/vwdtest.com\/mx\/von-willebrand-disease\/\",\"name\":\"Obtenga m\u00e1s informaci\u00f3n sobre la enfermedad de von willebrand - Mexico\",\"isPartOf\":{\"@id\":\"https:\/\/vwdtest.com\/mx\/#website\"},\"datePublished\":\"2023-02-13T13:51:56+00:00\",\"dateModified\":\"2024-03-12T04:27:26+00:00\",\"breadcrumb\":{\"@id\":\"https:\/\/vwdtest.com\/mx\/von-willebrand-disease\/#breadcrumb\"},\"inLanguage\":\"en-US\",\"potentialAction\":[{\"@type\":\"ReadAction\",\"target\":[\"https:\/\/vwdtest.com\/mx\/von-willebrand-disease\/\"]}]},{\"@type\":\"BreadcrumbList\",\"@id\":\"https:\/\/vwdtest.com\/mx\/von-willebrand-disease\/#breadcrumb\",\"itemListElement\":[{\"@type\":\"ListItem\",\"position\":1,\"name\":\"Home\",\"item\":\"https:\/\/vwdtest.com\/mx\/\"},{\"@type\":\"ListItem\",\"position\":2,\"name\":\"Obtenga m\u00e1s informaci\u00f3n sobre la enfermedad de von willebrand\"}]},{\"@type\":\"WebSite\",\"@id\":\"https:\/\/vwdtest.com\/mx\/#website\",\"url\":\"https:\/\/vwdtest.com\/mx\/\",\"name\":\"Mexico\",\"description\":\"\",\"potentialAction\":[{\"@type\":\"SearchAction\",\"target\":{\"@type\":\"EntryPoint\",\"urlTemplate\":\"https:\/\/vwdtest.com\/mx\/?s={search_term_string}\"},\"query-input\":\"required name=search_term_string\"}],\"inLanguage\":\"en-US\"}]}<\/script>\n<!-- \/ Yoast SEO plugin. -->","yoast_head_json":{"title":"Obtenga m\u00e1s informaci\u00f3n sobre la enfermedad de von willebrand - Mexico","robots":{"index":"index","follow":"follow","max-snippet":"max-snippet:-1","max-image-preview":"max-image-preview:large","max-video-preview":"max-video-preview:-1"},"canonical":"https:\/\/vwdtest.com\/mx\/von-willebrand-disease\/","og_locale":"en_US","og_type":"article","og_title":"Obtenga m\u00e1s informaci\u00f3n sobre la enfermedad de von willebrand - Mexico","og_description":"La enfermedad de von Willebrand (EvW) esel trastorno hemorr\u00e1gico m\u00e1s com\u00fan Cuando se lesiona un vaso sangu\u00edneo, algunos de los gl\u00f3bulos rojos se pegan para cerrar la herida y detener el sangrado. Este proceso se llama coagulaci\u00f3n. En personas con trastornos hemorr\u00e1gicos, como EvW o hemofilia, la coagulaci\u00f3n sangu\u00ednea no funciona correctamente. Por tanto, las [&hellip;]","og_url":"https:\/\/vwdtest.com\/mx\/von-willebrand-disease\/","og_site_name":"Mexico","article_modified_time":"2024-03-12T04:27:26+00:00","og_image":[{"width":774,"height":927,"url":"https:\/\/vwdtest.com\/mx\/wp-content\/uploads\/sites\/40\/2023\/02\/hero2.webp","type":"image\/webp"}],"twitter_card":"summary_large_image","twitter_misc":{"Est. reading time":"5 minutes"},"schema":{"@context":"https:\/\/schema.org","@graph":[{"@type":"WebPage","@id":"https:\/\/vwdtest.com\/mx\/von-willebrand-disease\/","url":"https:\/\/vwdtest.com\/mx\/von-willebrand-disease\/","name":"Obtenga m\u00e1s informaci\u00f3n sobre la enfermedad de von willebrand - Mexico","isPartOf":{"@id":"https:\/\/vwdtest.com\/mx\/#website"},"datePublished":"2023-02-13T13:51:56+00:00","dateModified":"2024-03-12T04:27:26+00:00","breadcrumb":{"@id":"https:\/\/vwdtest.com\/mx\/von-willebrand-disease\/#breadcrumb"},"inLanguage":"en-US","potentialAction":[{"@type":"ReadAction","target":["https:\/\/vwdtest.com\/mx\/von-willebrand-disease\/"]}]},{"@type":"BreadcrumbList","@id":"https:\/\/vwdtest.com\/mx\/von-willebrand-disease\/#breadcrumb","itemListElement":[{"@type":"ListItem","position":1,"name":"Home","item":"https:\/\/vwdtest.com\/mx\/"},{"@type":"ListItem","position":2,"name":"Obtenga m\u00e1s informaci\u00f3n sobre la enfermedad de von willebrand"}]},{"@type":"WebSite","@id":"https:\/\/vwdtest.com\/mx\/#website","url":"https:\/\/vwdtest.com\/mx\/","name":"Mexico","description":"","potentialAction":[{"@type":"SearchAction","target":{"@type":"EntryPoint","urlTemplate":"https:\/\/vwdtest.com\/mx\/?s={search_term_string}"},"query-input":"required name=search_term_string"}],"inLanguage":"en-US"}]}},"_links":{"self":[{"href":"https:\/\/vwdtest.com\/mx\/wp-json\/wp\/v2\/pages\/19"}],"collection":[{"href":"https:\/\/vwdtest.com\/mx\/wp-json\/wp\/v2\/pages"}],"about":[{"href":"https:\/\/vwdtest.com\/mx\/wp-json\/wp\/v2\/types\/page"}],"author":[{"embeddable":true,"href":"https:\/\/vwdtest.com\/mx\/wp-json\/wp\/v2\/users\/1"}],"replies":[{"embeddable":true,"href":"https:\/\/vwdtest.com\/mx\/wp-json\/wp\/v2\/comments?post=19"}],"version-history":[{"count":107,"href":"https:\/\/vwdtest.com\/mx\/wp-json\/wp\/v2\/pages\/19\/revisions"}],"predecessor-version":[{"id":2675,"href":"https:\/\/vwdtest.com\/mx\/wp-json\/wp\/v2\/pages\/19\/revisions\/2675"}],"wp:featuredmedia":[{"embeddable":true,"href":"https:\/\/vwdtest.com\/mx\/wp-json\/wp\/v2\/media\/231"}],"wp:attachment":[{"href":"https:\/\/vwdtest.com\/mx\/wp-json\/wp\/v2\/media?parent=19"}],"curies":[{"name":"wp","href":"https:\/\/api.w.org\/{rel}","templated":true}]}}