{"id":138,"date":"2023-02-16T10:15:43","date_gmt":"2023-02-16T10:15:43","guid":{"rendered":"https:\/\/new.vwdtest.com\/sm\/?page_id=138"},"modified":"2025-09-04T12:28:37","modified_gmt":"2025-09-04T12:28:37","slug":"heavy-periods","status":"publish","type":"page","link":"https:\/\/vwdtest.com\/mx\/heavy-periods\/","title":{"rendered":"tengo periodos abundantes"},"content":{"rendered":"<div class=\"default-block container\">\n<figure class=\"wp-block-video\"><video autoplay=\"\" controls=\"\" muted=\"\" preload=\"auto\" src=\"https:\/\/vwdtest.com\/mx\/wp-content\/uploads\/sites\/40\/2025\/02\/VWD-Bleeding-girl_720.mp4\" playsinline=\"\"><\/video><\/figure>\n<\/div>\n\n<div class=\"default-block container\">\n<h3>\u00bfTus per\u00edodos son demasiado abundantes o duran demasiado?<\/h3>\n<\/div>\n\n<div class=\"default-block container\">\n<h5 class=\"bleeding-symptoms-title helpful live\">Mientras tienes tu per\u00edodo, \u00bfte sientes constantemente cansada y te resulta dif\u00edcil concentrarte durante las clases o en el trabajo? \u00bfTe sientes tan agotado que evitas salir? \u00bfSientes calambres dolorosos durante tu per\u00edodo? \u00bfLe falta el aire despu\u00e9s de hacer ejercicio ligero? \u00bfTienes miedo de usar ropa blanca en verano debido al sangrado?<\/h5>\n<\/div>\n\n<div class=\"default-block container\">\n<p class=\"full\">Si responde \u201cs\u00ed\u201d a cualquiera de estas preguntas, existe la posibilidad de que experimente <a href=\"https:\/\/vwdtest.com\/mx\/bleeding-symptoms\/#hmb\" data-type=\"page\" data-id=\"69\">sangrado menstrual abundante<\/a>. El sangrado menstrual abundante, o menorragia, es bastante com\u00fan y puede afectar significativamente tu vida diaria y <a href=\"https:\/\/vwdtest.com\/mx\/i-live-with-vwd\/#mental-health\">f\u00edsica. o salud mental<\/a>. Aproximadamente 1 de cada 4 mujeres y ni\u00f1as experimentan s\u00edntomas de sangrado menstrual abundante a lo largo de su vida. Aunque el sangrado menstrual abundante es frecuente, a menudo se pasa por alto. Esto significa que muchas mujeres y ni\u00f1as sufren innecesariamente porque el sangrado menstrual abundante es tratable.<sup>1-3<\/sup><\/p>\n<\/div>\n\n<img decoding=\"async\" src=\"https:\/\/vwdtest.com\/mx\/wp-content\/uploads\/sites\/40\/2023\/02\/periods.webp\" alt=\"tengo periodos abundantes\" class=\"page_thumbnail d-xl-none\">\r\n\n\n<div class=\"default-block container\">\n<h3>Causas de per\u00edodos abundantes<\/h3>\n<\/div>\n\n<div class=\"default-block container\">\n<p class=\"full\">Existe una variedad de causas potenciales para <a data-type=\"page\" data-id=\"69\" href=\"https:\/\/vwdtest.com\/mx\/bleeding-symptoms \/#hmb\">sangrado menstrual abundante<\/a>. Conocer la causa exacta es importante para elegir el tratamiento adecuado.<sup>3<\/sup> Aproximadamente 1 de cada 5 mujeres con sangrado menstrual abundante tiene un trastorno hemorr\u00e1gico subyacente. El trastorno hemorr\u00e1gico m\u00e1s com\u00fan es la <a href=\"https:\/\/vwdtest.com\/mx\/von-willebrand-disease\/\" target=\"_blank\" rel=\"noreferrer noopener\">enfermedad de von Willebrand<\/a> ( EvW). Casi todas las mujeres con EvW tienen sangrado menstrual abundante. Desafortunadamente, con demasiada frecuencia se pasa por alto la EVW como causa de sangrado menstrual abundante. Adem\u00e1s, algunos tratamientos que controlan el sangrado menstrual abundante no proteger\u00e1n a las mujeres con EvW de otras complicaciones de la enfermedad. Sin diagn\u00f3stico, estas mujeres siguen corriendo el riesgo de sufrir sangrado excesivo durante el embarazo, as\u00ed como durante y despu\u00e9s del <a href=\"https:\/\/vwdtest.com\/mx\/i-live-with-vwd\/#childbirth\">parto<\/a>. La VWD es tratable, por lo que si se conoce el diagn\u00f3stico antes del embarazo, se puede controlar el sangrado y las mujeres con VWD pueden tener embarazos normales.<sup>2,4<\/sup><\/p>\n<\/div>\n\n<div class=\"default-block container\">\n<h3>Puede que no seas la \u00fanica en tu familia con per\u00edodos abundantes<\/h3>\n<\/div>\n\n<div class=\"default-block container\">\n<p class=\"full\">Si no est\u00e1s segura de tus per\u00edodos, es posible que hayas hablado de ellos con otras mujeres de tu familia. Tu madre, una t\u00eda o una hermana pueden experimentar un sangrado similar y decirte que tus per\u00edodos son normales. Sin embargo, esto no siempre es cierto. Entre otras causas, el sangrado menstrual abundante puede deberse a trastornos hemorr\u00e1gicos hereditarios.<sup>2,3<\/sup> Estos trastornos pueden afectar a varios miembros de una familia. Si sus per\u00edodos afectan su vida diaria y su bienestar, le recomendamos que hable con su m\u00e9dico sobre su sangrado.<\/p>\n<\/div>\n\n<div class=\"default-block container\">\n<h3>Descubra si su sangrado es normal<\/h3>\n<\/div>\n\n<div class=\"default-block container\">\n<p class=\"full\">\u00bfCu\u00e1nto sangrado es demasiado? Esta pregunta a veces es dif\u00edcil de responder. Los signos t\u00edpicos de sangrado menstrual abundante incluyen sangrado durante m\u00e1s de una semana, necesidad de cambiar la toalla sanitaria o el tamp\u00f3n cada pocas horas, sangrado que llega hasta la ropa o la ropa de cama y expulsi\u00f3n de co\u00e1gulos de sangre grandes.<sup>5<\/sup> Para ayudarte Para obtener m\u00e1s informaci\u00f3n sobre el sangrado menstrual, los cient\u00edficos han desarrollado una sencilla <a href=\"#\" id=\"showPdf\">tarjeta de puntuaci\u00f3n del per\u00edodo<\/a>. En esta tarjeta podr\u00e1s anotar cu\u00e1ntos productos sanitarios utilizas cada d\u00eda. Esta informaci\u00f3n les ayudar\u00e1 a usted y a su m\u00e9dico a saber si tiene un sangrado menstrual abundante.<sup>6<\/sup><\/p>\n<div class=\"video test\" id=\"\">\n\n    <div class=\"video__box\">\n        <div class=\"popup-main-wrapper\">\n            <div class=\"popup-wrapper\">\n                <div class=\"popup-close-icon\"><img decoding=\"async\" src=\"https:\/\/vwdtest.com\/mx\/wp-content\/uploads\/sites\/40\/2023\/09\/close-icon-popup.svg\" alt=\"cross-icon\">\n                <\/div>\n                \n            <\/div>\n        <\/div>\n\n    <\/div>\n<\/div>\n<\/div>\n\n<div class=\"default-block container\">\n<div style=\"height:30px\" aria-hidden=\"true\" class=\"wp-block-spacer\"><\/div>\n<\/div>\n\n<div class=\"default-block container\">\n<div class=\"is-content-justification-right is-layout-flex wp-container-1 wp-block-buttons\">\n<div class=\"wp-block-button download increase_download_count\"><a class=\"wp-block-button__link wp-element-button\" href=\"http:\/\/vwdtest.com\/mx\/wp-content\/uploads\/sites\/40\/2025\/09\/PBAC-0025v2-ES.pdf\" target=\"_blank\" rel=\"noreferrer noopener\" download>Descargar tarjeta de puntuaci\u00f3n<\/a><\/div>\n<\/div>\n<\/div>\n\n<div class=\"default-block container\">\n<div style=\"height:30px\" aria-hidden=\"true\" class=\"wp-block-spacer\"><\/div>\n<\/div>\n\n<div class=\"default-block container\">\n<div style=\"height:60px\" aria-hidden=\"true\" class=\"wp-block-spacer\"><\/div>\n<\/div>\n\n<div class=\"default-block container\">\n<p class=\"full\">A veces, las mujeres y ni\u00f1as con sangrado menstrual abundante tambi\u00e9n sangran con frecuencia en la <a data-type=\"page\" data-id=\"69\" href=\"https:\/\/vwdtest.com\/mx\/bleeding-symptoms\/#nosebleed\">nariz<\/a> o desde su <a data-type=\"page\" data-id=\"69\" href=\"https:\/\/vwdtest.com\/mx\/bleeding-symptoms\/#oral-bleed\">enc\u00edas<\/a>. La p\u00e9rdida de sangre puede provocar <a data-type=\"page\" data-id=\"69\" href=\"https:\/\/vwdtest.com\/mx\/bleeding-symptoms\/#fatigue\">deficiencia de hierro y anemia<\/a>, y hacerte sentir cansado y agotado. Si ha experimentado alguno de estos s\u00edntomas o ha sangrado despu\u00e9s de una extracci\u00f3n dental u otro procedimiento quir\u00fargico menor, le recomendamos que utilice nuestro <a data-type=\"page\" data-id=\"58\" href=\"https:\/\/vwdtest.com\/mx\/take-test\/\">prueba de sangrado<\/a>. Los investigadores han desarrollado esta prueba para ayudarlo a determinar si su sangrado es normal o no.<sup>2<\/sup> Solo toma unos minutos completarlo y le indicar\u00e1 si debe consultar a un m\u00e9dico debido a su sangrado. . Esto puede ser a\u00fan m\u00e1s importante si est\u00e1 a punto de someterse a una cirug\u00eda.<\/p>\n<\/div>\n\n<div class=\"default-block container\">\n<div class=\"is-content-justification-right is-layout-flex wp-container-2 wp-block-buttons\">\n<div class=\"wp-block-button take-test\"><a class=\"wp-block-button__link wp-element-button\" href=\"\/es\/take-test\">Tomar el examen<\/a><\/div>\n<\/div>\n<\/div>\n\n<div class=\"default-block container\">\n<h6>Referencias<\/h6>\n<\/div>\n\n<div class=\"default-block container\">\n<ol type=\"1\"><div class=\"default-block container\">\n<li>Fraser IS et al. Int J Gynaecol Obstet 2015; 128:196-200.<\/li>\n<\/div>\n\n<div class=\"default-block container\">\n<li><a href=\"https:\/\/pubmed.ncbi.nlm.nih.gov\/36210240\/\" target=\"_blank\" rel=\"noreferrer noopener\">Corrales-Medina FF et al. <em>Blood Rev<\/em><\/a><em> <\/em>2022; 101018. <\/li>\n<\/div>\n\n<div class=\"default-block container\">\n<li><a href=\"https:\/\/www.acog.org\/womens-health\/faqs\/heavy-menstrual-bleeding\" target=\"_blank\" rel=\"noreferrer noopener\">https:\/\/www.acog.org\/womens-health\/faqs\/heavy-menstrual-bleeding<\/a>; consultado por \u00faltima vez en enero de 2023.<\/li>\n<\/div>\n\n<div class=\"default-block container\">\n<li><a href=\"https:\/\/www.cdc.gov\/ncbddd\/vwd\/women.html\" target=\"_blank\" rel=\"noreferrer noopener\">https:\/\/www.cdc.gov\/ncbddd\/vwd\/women.html<\/a>; consultado por \u00faltima vez en enero de 2023.<\/li>\n<\/div>\n\n<div class=\"default-block container\">\n<li><a href=\"https:\/\/www.nhs.uk\/conditions\/heavy-periods\/\" target=\"_blank\" rel=\"noreferrer noopener\">https:\/\/www.nhs.uk\/conditions\/heavy-periods\/<\/a>;  consultado por \u00faltima vez en enero de 2023<\/li>\n<\/div>\n\n<div class=\"default-block container\">\n<li>Higham JM et al. Hno. J Obstet Gynaecol 1990; 97:734-9.<\/li>\n<\/div><\/ol>\n<\/div>","protected":false},"excerpt":{"rendered":"<p>\u00bfTus per\u00edodos son demasiado abundantes o duran demasiado? Mientras tienes tu per\u00edodo, \u00bfte sientes constantemente cansada y te resulta dif\u00edcil concentrarte durante las clases o en el trabajo? \u00bfTe sientes tan agotado que evitas salir? \u00bfSientes calambres dolorosos durante tu per\u00edodo? \u00bfLe falta el aire despu\u00e9s de hacer ejercicio ligero? \u00bfTienes miedo de usar ropa [&hellip;]<\/p>\n","protected":false},"author":1,"featured_media":227,"parent":0,"menu_order":0,"comment_status":"closed","ping_status":"closed","template":"","meta":{"inline_featured_image":false},"acf":[],"yoast_head":"<!-- This site is optimized with the Yoast SEO plugin v20.4 - https:\/\/yoast.com\/wordpress\/plugins\/seo\/ -->\n<title>tengo periodos abundantes - Mexico<\/title>\n<meta name=\"robots\" content=\"index, follow, max-snippet:-1, max-image-preview:large, max-video-preview:-1\" \/>\n<link rel=\"canonical\" href=\"https:\/\/vwdtest.com\/mx\/heavy-periods\/\" \/>\n<meta property=\"og:locale\" content=\"en_US\" \/>\n<meta property=\"og:type\" content=\"article\" \/>\n<meta property=\"og:title\" content=\"tengo periodos abundantes - Mexico\" \/>\n<meta property=\"og:description\" content=\"\u00bfTus per\u00edodos son demasiado abundantes o duran demasiado? Mientras tienes tu per\u00edodo, \u00bfte sientes constantemente cansada y te resulta dif\u00edcil concentrarte durante las clases o en el trabajo? \u00bfTe sientes tan agotado que evitas salir? \u00bfSientes calambres dolorosos durante tu per\u00edodo? \u00bfLe falta el aire despu\u00e9s de hacer ejercicio ligero? \u00bfTienes miedo de usar ropa [&hellip;]\" \/>\n<meta property=\"og:url\" content=\"https:\/\/vwdtest.com\/mx\/heavy-periods\/\" \/>\n<meta property=\"og:site_name\" content=\"Mexico\" \/>\n<meta property=\"article:modified_time\" content=\"2025-09-04T12:28:37+00:00\" \/>\n<meta property=\"og:image\" content=\"http:\/\/vwdtest.com\/mx\/wp-content\/uploads\/sites\/40\/2023\/02\/periods.webp\" \/>\n\t<meta property=\"og:image:width\" content=\"674\" \/>\n\t<meta property=\"og:image:height\" content=\"929\" \/>\n\t<meta property=\"og:image:type\" content=\"image\/webp\" \/>\n<meta name=\"twitter:card\" content=\"summary_large_image\" \/>\n<meta name=\"twitter:label1\" content=\"Est. reading time\" \/>\n\t<meta name=\"twitter:data1\" content=\"4 minutes\" \/>\n<script type=\"application\/ld+json\" class=\"yoast-schema-graph\">{\"@context\":\"https:\/\/schema.org\",\"@graph\":[{\"@type\":\"WebPage\",\"@id\":\"https:\/\/vwdtest.com\/mx\/heavy-periods\/\",\"url\":\"https:\/\/vwdtest.com\/mx\/heavy-periods\/\",\"name\":\"tengo periodos abundantes - Mexico\",\"isPartOf\":{\"@id\":\"https:\/\/vwdtest.com\/mx\/#website\"},\"datePublished\":\"2023-02-16T10:15:43+00:00\",\"dateModified\":\"2025-09-04T12:28:37+00:00\",\"breadcrumb\":{\"@id\":\"https:\/\/vwdtest.com\/mx\/heavy-periods\/#breadcrumb\"},\"inLanguage\":\"en-US\",\"potentialAction\":[{\"@type\":\"ReadAction\",\"target\":[\"https:\/\/vwdtest.com\/mx\/heavy-periods\/\"]}]},{\"@type\":\"BreadcrumbList\",\"@id\":\"https:\/\/vwdtest.com\/mx\/heavy-periods\/#breadcrumb\",\"itemListElement\":[{\"@type\":\"ListItem\",\"position\":1,\"name\":\"Home\",\"item\":\"https:\/\/vwdtest.com\/mx\/\"},{\"@type\":\"ListItem\",\"position\":2,\"name\":\"tengo periodos abundantes\"}]},{\"@type\":\"WebSite\",\"@id\":\"https:\/\/vwdtest.com\/mx\/#website\",\"url\":\"https:\/\/vwdtest.com\/mx\/\",\"name\":\"Mexico\",\"description\":\"\",\"potentialAction\":[{\"@type\":\"SearchAction\",\"target\":{\"@type\":\"EntryPoint\",\"urlTemplate\":\"https:\/\/vwdtest.com\/mx\/?s={search_term_string}\"},\"query-input\":\"required name=search_term_string\"}],\"inLanguage\":\"en-US\"}]}<\/script>\n<!-- \/ Yoast SEO plugin. -->","yoast_head_json":{"title":"tengo periodos abundantes - Mexico","robots":{"index":"index","follow":"follow","max-snippet":"max-snippet:-1","max-image-preview":"max-image-preview:large","max-video-preview":"max-video-preview:-1"},"canonical":"https:\/\/vwdtest.com\/mx\/heavy-periods\/","og_locale":"en_US","og_type":"article","og_title":"tengo periodos abundantes - Mexico","og_description":"\u00bfTus per\u00edodos son demasiado abundantes o duran demasiado? Mientras tienes tu per\u00edodo, \u00bfte sientes constantemente cansada y te resulta dif\u00edcil concentrarte durante las clases o en el trabajo? \u00bfTe sientes tan agotado que evitas salir? \u00bfSientes calambres dolorosos durante tu per\u00edodo? \u00bfLe falta el aire despu\u00e9s de hacer ejercicio ligero? \u00bfTienes miedo de usar ropa [&hellip;]","og_url":"https:\/\/vwdtest.com\/mx\/heavy-periods\/","og_site_name":"Mexico","article_modified_time":"2025-09-04T12:28:37+00:00","og_image":[{"width":674,"height":929,"url":"http:\/\/vwdtest.com\/mx\/wp-content\/uploads\/sites\/40\/2023\/02\/periods.webp","type":"image\/webp"}],"twitter_card":"summary_large_image","twitter_misc":{"Est. reading time":"4 minutes"},"schema":{"@context":"https:\/\/schema.org","@graph":[{"@type":"WebPage","@id":"https:\/\/vwdtest.com\/mx\/heavy-periods\/","url":"https:\/\/vwdtest.com\/mx\/heavy-periods\/","name":"tengo periodos abundantes - Mexico","isPartOf":{"@id":"https:\/\/vwdtest.com\/mx\/#website"},"datePublished":"2023-02-16T10:15:43+00:00","dateModified":"2025-09-04T12:28:37+00:00","breadcrumb":{"@id":"https:\/\/vwdtest.com\/mx\/heavy-periods\/#breadcrumb"},"inLanguage":"en-US","potentialAction":[{"@type":"ReadAction","target":["https:\/\/vwdtest.com\/mx\/heavy-periods\/"]}]},{"@type":"BreadcrumbList","@id":"https:\/\/vwdtest.com\/mx\/heavy-periods\/#breadcrumb","itemListElement":[{"@type":"ListItem","position":1,"name":"Home","item":"https:\/\/vwdtest.com\/mx\/"},{"@type":"ListItem","position":2,"name":"tengo periodos abundantes"}]},{"@type":"WebSite","@id":"https:\/\/vwdtest.com\/mx\/#website","url":"https:\/\/vwdtest.com\/mx\/","name":"Mexico","description":"","potentialAction":[{"@type":"SearchAction","target":{"@type":"EntryPoint","urlTemplate":"https:\/\/vwdtest.com\/mx\/?s={search_term_string}"},"query-input":"required name=search_term_string"}],"inLanguage":"en-US"}]}},"_links":{"self":[{"href":"https:\/\/vwdtest.com\/mx\/wp-json\/wp\/v2\/pages\/138"}],"collection":[{"href":"https:\/\/vwdtest.com\/mx\/wp-json\/wp\/v2\/pages"}],"about":[{"href":"https:\/\/vwdtest.com\/mx\/wp-json\/wp\/v2\/types\/page"}],"author":[{"embeddable":true,"href":"https:\/\/vwdtest.com\/mx\/wp-json\/wp\/v2\/users\/1"}],"replies":[{"embeddable":true,"href":"https:\/\/vwdtest.com\/mx\/wp-json\/wp\/v2\/comments?post=138"}],"version-history":[{"count":114,"href":"https:\/\/vwdtest.com\/mx\/wp-json\/wp\/v2\/pages\/138\/revisions"}],"predecessor-version":[{"id":2747,"href":"https:\/\/vwdtest.com\/mx\/wp-json\/wp\/v2\/pages\/138\/revisions\/2747"}],"wp:featuredmedia":[{"embeddable":true,"href":"https:\/\/vwdtest.com\/mx\/wp-json\/wp\/v2\/media\/227"}],"wp:attachment":[{"href":"https:\/\/vwdtest.com\/mx\/wp-json\/wp\/v2\/media?parent=138"}],"curies":[{"name":"wp","href":"https:\/\/api.w.org\/{rel}","templated":true}]}}