{"id":1091,"date":"2023-08-14T07:57:20","date_gmt":"2023-08-14T07:57:20","guid":{"rendered":"https:\/\/new.vwdtest.com\/sm\/?page_id=1091"},"modified":"2025-10-09T12:25:22","modified_gmt":"2025-10-09T12:25:22","slug":"family-doctor-paediatrician","status":"publish","type":"page","link":"https:\/\/vwdtest.com\/mx\/family-doctor-paediatrician\/","title":{"rendered":"M\u00c9DICO DE FAMILIA\/PEDIATRA"},"content":{"rendered":"<div class=\"default-block container\">\n<p><\/p>\n<\/div>\n\n<img decoding=\"async\" src=\"https:\/\/vwdtest.com\/mx\/wp-content\/uploads\/sites\/40\/2023\/08\/paediatrician-img.png\" alt=\"M\u00c9DICO DE FAMILIA\/PEDIATRA\" class=\"page_thumbnail d-xl-none\">\r\n\n\n<div class=\"default-block container\">\n<p><h5 class=\"bleeding-symptoms-title vwd\">Los ni\u00f1os con EvW tambi\u00e9n pueden experimentar desaf\u00edos emocionales y de comportamiento en la escuela y en su vida familiar debido al miedo a sangrar, y el sangrado frecuente puede llevar a ausentarse de la escuela.<sup>4 <\/sup>Adem\u00e1s, el miedo a sangrar tambi\u00e9n puede provocar presentar una <a href=\"https:\/\/vwdtest.com\/mx\/i-live-with-vwd\/#mental-health\">carga psicol\u00f3gica<\/a> para los cuidadores del ni\u00f1o y les incita a limitar la actividades f\u00edsicas y sociales que son importantes para el desarrollo normal de su hijo.<sup>5<\/sup><\/h5><\/p>\n<\/div>\n\n<div class=\"default-block container\">\n<h3>El papel de los m\u00e9dicos de familia y los pediatras<\/h3>\n<\/div>\n\n<div class=\"default-block container\">\n<p class=\"full\">EvW es el trastorno hemorr\u00e1gico m\u00e1s com\u00fan en ni\u00f1os.<sup>6 <\/sup>Los s\u00edntomas hemorr\u00e1gicos frecuentes en ni\u00f1os con EvW incluyen f\u00e1ciles hematomas, sangrado por la boca y nariz y sangrado prolongado por heridas menores y despu\u00e9s de una cirug\u00eda.<sup>2 <\/sup>Como m\u00e9dico de familia o pediatra, usted ser\u00e1 a menudo el primer profesional m\u00e9dico en atender a ni\u00f1os con estos s\u00edntomas y su tarea ser\u00e1 determinar si el ni\u00f1o tiene un patr\u00f3n de sangrado anormal que amerita una mayor investigaci\u00f3n por parte de un especialista.<sup>7 <\/sup>Tanto para adultos como para ni\u00f1os con un posible trastorno hemorr\u00e1gico, conocer el historial hemorr\u00e1gico es el primer paso en el diagn\u00f3stico. Al evaluar el historial hemorr\u00e1gico de un ni\u00f1o, es fundamental tener en cuenta la edad y las capacidades de desarrollo del paciente. Los beb\u00e9s que a\u00fan no tienen movilidad rara vez muestran signos de hematomas, pero pueden experimentar un sangrado inusual despu\u00e9s de la circuncisi\u00f3n o de una extracci\u00f3n de sangre.<sup>2,7 <\/sup>A medida que los ni\u00f1os ganan movilidad, los rasgu\u00f1os y hematomas menores causados \u200b\u200bpor golpes o ca\u00eddas se vuelven m\u00e1s frecuentes. Sin embargo, los hematomas que son m\u00e1s grandes o que ocurren con m\u00e1s frecuencia de lo esperado pueden hacer sospechar de un trastorno hemorr\u00e1gico. En ni\u00f1os con EVW tambi\u00e9n pueden aparecer hematomas en lugares inusuales, como la espalda o el abdomen. Estos moretones pueden confundirse con signos de abuso infantil y los padres pueden preocuparse por esta posibilidad.<sup>8 <\/sup>Finalmente, cuando las ni\u00f1as entran en la pubertad, <a href=\"https:\/\/vwdtest.com\/mx\/bleeding-symptoms\/#hmb\">sangrado menstrual abundante<\/a> se convierte en el s\u00edntoma hemorr\u00e1gico m\u00e1s com\u00fan de la EvW. Al analizar estos s\u00edntomas con los pacientes y sus cuidadores, es importante incluir tambi\u00e9n los antecedentes familiares de hemorragia, ya que el sangrado anormal recurrente puede trivializarse dentro de la familia.<sup>2,9<\/sup><\/p>\n<\/div>\n\n<div class=\"default-block container\">\n<p class=\"full\">Decidir si los s\u00edntomas de sangrado son inusuales puede ser un desaf\u00edo.<sup>7 <\/sup>Para una primera evaluaci\u00f3n de los s\u00edntomas de sangrado, y especialmente para los pacientes que est\u00e1n programados para una cirug\u00eda, le recomendamos que realice nuestra <a href=\"\/mx\/take-test\">prueba de sangrado<\/a> con su paciente. La prueba mostrar\u00e1 si es necesario realizar m\u00e1s investigaciones y podr\u00eda cambiar la vida de su paciente.<\/p>\n<\/div>\n\n<div class=\"default-block container\">\n<p class=\"full\">Un diagn\u00f3stico definitivo de EvW es el resultado de un proceso elaborado.<sup>2<\/sup>Por lo tanto, le recomendamos que se comunique con un <a href=\"\/mx\/helpful-resources\/\">centro de tratamiento de hemofilia<\/a> si est\u00e1 indicada una evaluaci\u00f3n diagn\u00f3stica adicional. Los equipos multidisciplinarios del centro de tratamiento tambi\u00e9n brindar\u00e1n una atenci\u00f3n \u00f3ptima a los pacientes con trastornos hemorr\u00e1gicos. VWDtest tambi\u00e9n ofrece m\u00e1s informaci\u00f3n sobre la <a href=\"https:\/\/vwdtest.com\/mx\/i-live-with-vwd\/\">etiolog\u00eda<\/a>, <a href=\"https:\/\/vwdtest.com\/mx\/i-live-with-vwd\/\">diagn\u00f3stico<\/a> y <a href=\"https:\/\/vwdtest.com\/mx\/i-live-with-vwd\/\"> manejo de la VWD<\/a>, as\u00ed como informaci\u00f3n sobre el <a href=\"\/mx\/helpful-resources\/#journey\">viaje <\/a> t\u00edpico de los pacientes con VWD.<\/p>\n<\/div>\n\n<div class=\"default-block container\">\n<h6>Referencias<\/h6>\n<\/div>\n\n<div class=\"default-block container\">\n<ol type=\"1\"><div class=\"default-block container\">\n<li>Atiq F et al. <em>EClinicalMedicine<\/em> 2021; 32:100726.<\/li>\n<\/div>\n\n<div class=\"default-block container\">\n<li><a href=\"https:\/\/pubmed.ncbi.nlm.nih.gov\/36210240\/\" target=\"_blank\" rel=\"noreferrer noopener\">Corrales-Medina FF et al. <em>Blood Rev <\/em><\/a>2023; 58:101018.<\/li>\n<\/div>\n\n<div class=\"default-block container\">\n<li>Patel PN et al. Int J <em>Pediatr Otorhinolaryngol<\/em> 2017; 100:216-22.<\/li>\n<\/div>\n\n<div class=\"default-block container\">\n<li>de Wee EM et al. <em>J Thromb Haemost<\/em> 2011; 9:502-9.<\/li>\n<\/div>\n\n<div class=\"default-block container\">\n<li><a href=\"https:\/\/www.hemophilia.org\/sites\/default\/files\/document\/files\/nurses-guide-chapter-13a-child-development-with-bleeding-disorder-transition.pdf\" target=\"_blank\" rel=\"noreferrer noopener\">https:\/\/www.hemophilia.org\/sites\/default\/files\/document\/files\/nurses-guide-chapter-13a-child-development-with-bleeding-disorder-transition.pdf<\/a>; last accessed Mar 2023.<\/li>\n<\/div>\n\n<div class=\"default-block container\">\n<li>Klaassen R and Halton <em>JM Paediatr Child Health<\/em> 2002; 7:245-9.<\/li>\n<\/div>\n\n<div class=\"default-block container\">\n<li>Van Ommen CH and Peters M. <em>Eur J Pediatr<\/em> 2012; 171:1-10.<\/li>\n<\/div>\n\n<div class=\"default-block container\">\n<li>Jackson J et al. <em>Child Abuse Negl<\/em> 2012; 36:127-34.<\/li>\n<\/div>\n\n<div class=\"default-block container\">\n<li>VanderMeulen H, et al. <em>Hematology Am Soc Hematol Educ Program<\/em> 2022 1: 631-6.<\/li>\n<\/div><\/ol>\n<\/div>","protected":false},"excerpt":{"rendered":"<p>Los ni\u00f1os con EvW tambi\u00e9n pueden experimentar desaf\u00edos emocionales y de comportamiento en la escuela y en su vida familiar debido al miedo a sangrar, y el sangrado frecuente puede llevar a ausentarse de la escuela.4 Adem\u00e1s, el miedo a sangrar tambi\u00e9n puede provocar presentar una carga psicol\u00f3gica para los cuidadores del ni\u00f1o y les [&hellip;]<\/p>\n","protected":false},"author":1,"featured_media":1095,"parent":0,"menu_order":0,"comment_status":"closed","ping_status":"closed","template":"","meta":{"inline_featured_image":false},"acf":[],"yoast_head":"<!-- This site is optimized with the Yoast SEO plugin v20.4 - https:\/\/yoast.com\/wordpress\/plugins\/seo\/ -->\n<title>M\u00c9DICO DE FAMILIA\/PEDIATRA - Mexico<\/title>\n<meta name=\"robots\" content=\"index, follow, max-snippet:-1, max-image-preview:large, max-video-preview:-1\" \/>\n<link rel=\"canonical\" href=\"https:\/\/vwdtest.com\/mx\/family-doctor-paediatrician\/\" \/>\n<meta property=\"og:locale\" content=\"en_US\" \/>\n<meta property=\"og:type\" content=\"article\" \/>\n<meta property=\"og:title\" content=\"M\u00c9DICO DE FAMILIA\/PEDIATRA - Mexico\" \/>\n<meta property=\"og:description\" content=\"Los ni\u00f1os con EvW tambi\u00e9n pueden experimentar desaf\u00edos emocionales y de comportamiento en la escuela y en su vida familiar debido al miedo a sangrar, y el sangrado frecuente puede llevar a ausentarse de la escuela.4 Adem\u00e1s, el miedo a sangrar tambi\u00e9n puede provocar presentar una carga psicol\u00f3gica para los cuidadores del ni\u00f1o y les [&hellip;]\" \/>\n<meta property=\"og:url\" content=\"https:\/\/vwdtest.com\/mx\/family-doctor-paediatrician\/\" \/>\n<meta property=\"og:site_name\" content=\"Mexico\" \/>\n<meta property=\"article:modified_time\" content=\"2025-10-09T12:25:22+00:00\" \/>\n<meta property=\"og:image\" content=\"http:\/\/vwdtest.com\/mx\/wp-content\/uploads\/sites\/40\/2023\/08\/paediatrician-img.png\" \/>\n\t<meta property=\"og:image:width\" content=\"687\" \/>\n\t<meta property=\"og:image:height\" content=\"799\" \/>\n\t<meta property=\"og:image:type\" content=\"image\/png\" \/>\n<meta name=\"twitter:card\" content=\"summary_large_image\" \/>\n<meta name=\"twitter:label1\" content=\"Est. reading time\" \/>\n\t<meta name=\"twitter:data1\" content=\"3 minutes\" \/>\n<script type=\"application\/ld+json\" class=\"yoast-schema-graph\">{\"@context\":\"https:\/\/schema.org\",\"@graph\":[{\"@type\":\"WebPage\",\"@id\":\"https:\/\/vwdtest.com\/mx\/family-doctor-paediatrician\/\",\"url\":\"https:\/\/vwdtest.com\/mx\/family-doctor-paediatrician\/\",\"name\":\"M\u00c9DICO DE FAMILIA\/PEDIATRA - Mexico\",\"isPartOf\":{\"@id\":\"https:\/\/vwdtest.com\/mx\/#website\"},\"datePublished\":\"2023-08-14T07:57:20+00:00\",\"dateModified\":\"2025-10-09T12:25:22+00:00\",\"breadcrumb\":{\"@id\":\"https:\/\/vwdtest.com\/mx\/family-doctor-paediatrician\/#breadcrumb\"},\"inLanguage\":\"en-US\",\"potentialAction\":[{\"@type\":\"ReadAction\",\"target\":[\"https:\/\/vwdtest.com\/mx\/family-doctor-paediatrician\/\"]}]},{\"@type\":\"BreadcrumbList\",\"@id\":\"https:\/\/vwdtest.com\/mx\/family-doctor-paediatrician\/#breadcrumb\",\"itemListElement\":[{\"@type\":\"ListItem\",\"position\":1,\"name\":\"Home\",\"item\":\"https:\/\/vwdtest.com\/mx\/\"},{\"@type\":\"ListItem\",\"position\":2,\"name\":\"M\u00c9DICO DE FAMILIA\/PEDIATRA\"}]},{\"@type\":\"WebSite\",\"@id\":\"https:\/\/vwdtest.com\/mx\/#website\",\"url\":\"https:\/\/vwdtest.com\/mx\/\",\"name\":\"Mexico\",\"description\":\"\",\"potentialAction\":[{\"@type\":\"SearchAction\",\"target\":{\"@type\":\"EntryPoint\",\"urlTemplate\":\"https:\/\/vwdtest.com\/mx\/?s={search_term_string}\"},\"query-input\":\"required name=search_term_string\"}],\"inLanguage\":\"en-US\"}]}<\/script>\n<!-- \/ Yoast SEO plugin. -->","yoast_head_json":{"title":"M\u00c9DICO DE FAMILIA\/PEDIATRA - Mexico","robots":{"index":"index","follow":"follow","max-snippet":"max-snippet:-1","max-image-preview":"max-image-preview:large","max-video-preview":"max-video-preview:-1"},"canonical":"https:\/\/vwdtest.com\/mx\/family-doctor-paediatrician\/","og_locale":"en_US","og_type":"article","og_title":"M\u00c9DICO DE FAMILIA\/PEDIATRA - Mexico","og_description":"Los ni\u00f1os con EvW tambi\u00e9n pueden experimentar desaf\u00edos emocionales y de comportamiento en la escuela y en su vida familiar debido al miedo a sangrar, y el sangrado frecuente puede llevar a ausentarse de la escuela.4 Adem\u00e1s, el miedo a sangrar tambi\u00e9n puede provocar presentar una carga psicol\u00f3gica para los cuidadores del ni\u00f1o y les [&hellip;]","og_url":"https:\/\/vwdtest.com\/mx\/family-doctor-paediatrician\/","og_site_name":"Mexico","article_modified_time":"2025-10-09T12:25:22+00:00","og_image":[{"width":687,"height":799,"url":"http:\/\/vwdtest.com\/mx\/wp-content\/uploads\/sites\/40\/2023\/08\/paediatrician-img.png","type":"image\/png"}],"twitter_card":"summary_large_image","twitter_misc":{"Est. reading time":"3 minutes"},"schema":{"@context":"https:\/\/schema.org","@graph":[{"@type":"WebPage","@id":"https:\/\/vwdtest.com\/mx\/family-doctor-paediatrician\/","url":"https:\/\/vwdtest.com\/mx\/family-doctor-paediatrician\/","name":"M\u00c9DICO DE FAMILIA\/PEDIATRA - Mexico","isPartOf":{"@id":"https:\/\/vwdtest.com\/mx\/#website"},"datePublished":"2023-08-14T07:57:20+00:00","dateModified":"2025-10-09T12:25:22+00:00","breadcrumb":{"@id":"https:\/\/vwdtest.com\/mx\/family-doctor-paediatrician\/#breadcrumb"},"inLanguage":"en-US","potentialAction":[{"@type":"ReadAction","target":["https:\/\/vwdtest.com\/mx\/family-doctor-paediatrician\/"]}]},{"@type":"BreadcrumbList","@id":"https:\/\/vwdtest.com\/mx\/family-doctor-paediatrician\/#breadcrumb","itemListElement":[{"@type":"ListItem","position":1,"name":"Home","item":"https:\/\/vwdtest.com\/mx\/"},{"@type":"ListItem","position":2,"name":"M\u00c9DICO DE FAMILIA\/PEDIATRA"}]},{"@type":"WebSite","@id":"https:\/\/vwdtest.com\/mx\/#website","url":"https:\/\/vwdtest.com\/mx\/","name":"Mexico","description":"","potentialAction":[{"@type":"SearchAction","target":{"@type":"EntryPoint","urlTemplate":"https:\/\/vwdtest.com\/mx\/?s={search_term_string}"},"query-input":"required name=search_term_string"}],"inLanguage":"en-US"}]}},"_links":{"self":[{"href":"https:\/\/vwdtest.com\/mx\/wp-json\/wp\/v2\/pages\/1091"}],"collection":[{"href":"https:\/\/vwdtest.com\/mx\/wp-json\/wp\/v2\/pages"}],"about":[{"href":"https:\/\/vwdtest.com\/mx\/wp-json\/wp\/v2\/types\/page"}],"author":[{"embeddable":true,"href":"https:\/\/vwdtest.com\/mx\/wp-json\/wp\/v2\/users\/1"}],"replies":[{"embeddable":true,"href":"https:\/\/vwdtest.com\/mx\/wp-json\/wp\/v2\/comments?post=1091"}],"version-history":[{"count":53,"href":"https:\/\/vwdtest.com\/mx\/wp-json\/wp\/v2\/pages\/1091\/revisions"}],"predecessor-version":[{"id":2769,"href":"https:\/\/vwdtest.com\/mx\/wp-json\/wp\/v2\/pages\/1091\/revisions\/2769"}],"wp:featuredmedia":[{"embeddable":true,"href":"https:\/\/vwdtest.com\/mx\/wp-json\/wp\/v2\/media\/1095"}],"wp:attachment":[{"href":"https:\/\/vwdtest.com\/mx\/wp-json\/wp\/v2\/media?parent=1091"}],"curies":[{"name":"wp","href":"https:\/\/api.w.org\/{rel}","templated":true}]}}