{"id":89,"date":"2023-02-14T13:03:21","date_gmt":"2023-02-14T13:03:21","guid":{"rendered":"https:\/\/new.vwdtest.com\/lv\/?page_id=89"},"modified":"2026-04-08T13:02:53","modified_gmt":"2026-04-08T13:02:53","slug":"vwd-and-denstistry","status":"publish","type":"page","link":"https:\/\/vwdtest.com\/lv\/vwd-and-denstistry\/","title":{"rendered":"<strong>VS UN ZOB\u0100RSTNIEC\u012aBA<\/strong>"},"content":{"rendered":"<div class=\"default-block container\">\n<h5 class=\"bleeding-symptoms-title dentist\">Pacientiem ar asinsreces trauc\u0113jumiem, piem\u0113ram, hemofiliju vai <a href=\"https:\/\/vwdtest.com\/lv\/von-willebrand-disease\/\" target=\"_blank\" rel=\"noreferrer noopener\">Villebranda slim\u012bbu (VS)<\/a>, ir palielin\u0101ts mutes dobuma asi\u0146o\u0161anas risks, ar\u012b ikdienas zobu kop\u0161anas laik\u0101.<sup>1,2<\/sup> Asi\u0146o\u0161ana var rasties pat p\u0113c zobu t\u012br\u012b\u0161anas vai diego\u0161anas, un, baidoties no asi\u0146o\u0161anas, pacienti var izvair\u012bties uztur\u0113t labu mutes dobuma higi\u0113nu un regul\u0101ri apmekl\u0113t zob\u0101rstu.<sup>2-4<\/sup> Pat pacienti, kuri apmekl\u0113 zob\u0101rstu, var justies noba\u017e\u012bju\u0161ies par zob\u0101rstniec\u012bbas proced\u016br\u0101m, jo iepriek\u0161 ir bijusi slikta pieredze vai ir ba\u017eas, ka vi\u0146i netiks \u0101rst\u0113ti.<sup>4<\/sup> Turkl\u0101t daudziem pacientiem ar VS nav diagnostic\u0113ta, un vi\u0146i nezina, ka vi\u0146u asi\u0146o\u0161anas veids nav norm\u0101ls.<sup>5<\/sup><\/h5>\n<\/div>\n\n<div class=\"default-block container\">\n<p class=\"full\">Asi\u0146o\u0161anas riska un no t\u0101 izrieto\u0161\u0101s trauksmes d\u0113\u013c b\u0113rniem un pusaud\u017eiem ar asinsreces trauc\u0113jumiem ir slikta mutes vesel\u012bba.<sup>2 <\/sup>Bez atbilsto\u0161as izgl\u012bto\u0161anas un \u0101rst\u0113\u0161anas \u0161ie pacienti var non\u0101kt apburtaj\u0101 lok\u0101, kur\u0101 bie\u017ei asi\u0146o smaganas, tiek nov\u0101rt\u0101 atst\u0101ta zobu kop\u0161ana un pasliktin\u0101s mutes vesel\u012bba.<sup>3<\/sup> Lai aizsarg\u0101tu mutes vesel\u012bbu un dz\u012bves kvalit\u0101ti, \u0161ie pacienti un vi\u0146u apr\u016bp\u0113t\u0101ji ir \u013coti atkar\u012bgi no uzticama mutes vesel\u012bbas speci\u0101lista, kur\u0161 vi\u0146us izgl\u012bto par profilaktisko apr\u016bpi un nodro\u0161ina regul\u0101ras p\u0101rbaudes.<\/p>\n<\/div>\n\n<div class=\"default-block container\">\n<h3><strong>Mutes vesel\u012bbas speci\u0101listu loma<\/strong><\/h3>\n<\/div>\n\n<div class=\"default-block container\">\n<p>Jums k\u0101 mutes vesel\u012bbas speci\u0101listam ir unik\u0101la iesp\u0113ja pal\u012bdz\u0113t identific\u0113t pacientus, kuriem var\u0113tu b\u016bt nepiecie\u0161ama papildu diagnostika asinsreces trauc\u0113jumu noteik\u0161anai. Daudziem cilv\u0113kiem viet\u0113j\u0101 zob\u0101rsta apmekl\u0113jumi ir vien\u012bg\u0101 regul\u0101r\u0101 saskare ar viet\u0113jo vesel\u012bbas apr\u016bpes sist\u0113mu.<sup>2<\/sup> Turkl\u0101t zoba izrau\u0161ana daudziem pacientiem bie\u017ei vien var b\u016bt pirm\u0101 oper\u0101cija un t\u0101d\u0113j\u0101di ar\u012b liel\u0101kais hemostatiskais izaicin\u0101jums. T\u0101d\u0113j\u0101di p\u0101rm\u0113r\u012bga asi\u0146o\u0161ana \u0161\u0101das proced\u016bras laik\u0101 vai p\u0113c t\u0101s var b\u016bt pirm\u0101 iesp\u0113ja diagnostic\u0113t nepaman\u012btus asinsreces trauc\u0113jumus.<\/p>\n<\/div>\n\n<div class=\"default-block container\">\n<p>VS diagnostic\u0113\u0161ana joproj\u0101m ir sare\u017e\u0123\u012bts uzdevums, jo tr\u016bkst inform\u0101cijas un diagnostikas process ir sare\u017e\u0123\u012bts.<sup>5<\/sup> Ja nesen esat nov\u0113rojis negaid\u012btu asi\u0146o\u0161anu k\u0101dam no saviem pacientiem, iesak\u0101m kop\u0101 ar pacientu veikt m\u016bsu <a href=\"https:\/\/vwdtest.com\/lv\/take-test\/\">asi\u0146o\u0161anas testu<\/a>. Tests par\u0101d\u012bs, vai ir nepiecie\u0161ama turpm\u0101ka izmekl\u0113\u0161ana, un tas var main\u012bt j\u016bsu pacienta dz\u012bvi!<\/p>\n<\/div>\n\n<div class=\"default-block container\">\n<p>T\u0101 k\u0101 pacienti ar asinsreces trauc\u0113jumiem var izvair\u012bties no zob\u0101rsta apmekl\u0113jumiem, baidoties no asi\u0146o\u0161anas, ir j\u0101rosina regul\u0101ri apmekl\u0113t zob\u0101rstu, lai aizsarg\u0101tu pacientu mutes vesel\u012bbu un dz\u012bves kvalit\u0101ti.<sup>4<\/sup> Zob\u0101rstiem, kuri v\u0113las \u0101rst\u0113t pacientus ar asinsreces trauc\u0113jumiem, ir pieejami \u0101rst\u0113\u0161anas ieteikumi.<sup>3,6<\/sup> Parasti VS pacientu stomatolo\u0123isk\u0101 \u0101rst\u0113\u0161ana ir l\u012bdz\u012bga hemofilijas pacientu \u0101rst\u0113\u0161anai.<sup>3<\/sup> Liel\u0101k\u0101 da\u013ca ikdienas ne\u0137irur\u0123isk\u0101s \u0101rst\u0113\u0161anas var notikt visp\u0101r\u0113j\u0101 zob\u0101rstniec\u012bbas praks\u0113 p\u0113c konsult\u0101cijas ar hematologu, \u012bpa\u0161i pacientiem ar vieglu VS.<sup>3<\/sup> Tikai pacientiem ar vid\u0113ji smagu vai smagu slim\u012bbu un invaz\u012bvu zob\u0101rstniecisko terapiju j\u0101veic \u0101rst\u0113\u0161ana slimn\u012bc\u0101 un saska\u0146\u0101 ar \u0101rst\u0113\u0161anas pl\u0101nu.<sup>3,6<\/sup><\/p>\n<\/div>\n\n<div class=\"default-block container\">\n<p>Lai atrastu tuv\u0101ko hemofilijas <a href=\"https:\/\/vwdtest.com\/lv\/helpful-resources\/#region\">\u0101rst\u0113\u0161anas centru<\/a>, <a href=\"https:\/\/vwdtest.com\/lv\/helpful-resources\/\">klik\u0161\u0137iniet \u0161eit.<\/a> Vietne vwdtest.com\/lv pied\u0101v\u0101 ar\u012b papildu inform\u0101ciju par VS <a href=\"https:\/\/vwdtest.com\/lv\/von-willebrand-disease\/\">etiolo\u0123iju<\/a>, <a href=\"https:\/\/vwdtest.com\/lv\/von-willebrand-disease\/\">diagnostiku <\/a>un <a href=\"https:\/\/vwdtest.com\/lv\/i-live-with-vwd\/#vwd-management\">\u0101rst\u0113\u0161anu<\/a>, k\u0101 ar\u012b ieskatu par tipisku VS pacientu dz\u012bvi.<\/p>\n<\/div>\n\n<div class=\"default-block container\">\n<h6>Atsauces<\/h6>\n<\/div>\n\n<div class=\"default-block container\">\n<ol type=\"1\"><div class=\"default-block container\">\n<li>de Wee EM, et al. <em>Thromb Haemost<\/em> 2012; 108:683-92.<\/li>\n<\/div>\n\n<div class=\"default-block container\">\n<li>Brown MC et al. <em>Haemophilia <\/em>2022; 28:73-9.<\/li>\n<\/div>\n\n<div class=\"default-block container\">\n<li>Anderson JAM et al. <em>Br Dent J<\/em> 2013; 215:497-504.<\/li>\n<\/div>\n\n<div class=\"default-block container\">\n<li>Kalsi H et al. <em>Haemophilia<\/em> 2012; 18:510-5.<\/li>\n<\/div>\n\n<div class=\"default-block container\">\n<li><a href=\"https:\/\/pubmed.ncbi.nlm.nih.gov\/36210240\/\" target=\"_blank\" rel=\"noreferrer noopener\">Corrales-Medina FF et al. <em>Blood Rev<\/em><\/a><em><a> <\/a><\/em>2023; 58:101018.<\/li>\n<\/div>\n\n<div class=\"default-block container\">\n<li>WFH guidelines for dental treatment of patients with inherited bleeding disorders; <a href=\"https:\/\/elearning.wfh.org\/resource\/guidelines-for-dental-treatment-of-patients-with-inherited-bleeding-disorders\/\" target=\"_blank\" rel=\"noreferrer noopener\">https:\/\/elearning.wfh.org\/resource\/guidelines-for-dental-treatment-of-patients-with-inherited-bleeding-disorders\/<\/a>; last accessed Nov 2022.<\/li>\n<\/div><\/ol>\n<\/div>","protected":false},"excerpt":{"rendered":"<p>Pacientiem ar asinsreces trauc\u0113jumiem, piem\u0113ram, hemofiliju vai Villebranda slim\u012bbu (VS), ir palielin\u0101ts mutes dobuma asi\u0146o\u0161anas risks, ar\u012b ikdienas zobu kop\u0161anas laik\u0101.1,2 Asi\u0146o\u0161ana var rasties pat p\u0113c zobu t\u012br\u012b\u0161anas vai diego\u0161anas, un, baidoties no asi\u0146o\u0161anas, pacienti var izvair\u012bties uztur\u0113t labu mutes dobuma higi\u0113nu un regul\u0101ri apmekl\u0113t zob\u0101rstu.2-4 Pat pacienti, kuri apmekl\u0113 zob\u0101rstu, var justies noba\u017e\u012bju\u0161ies par [&hellip;]<\/p>\n","protected":false},"author":1,"featured_media":233,"parent":0,"menu_order":0,"comment_status":"closed","ping_status":"closed","template":"","meta":{"inline_featured_image":false},"acf":[],"yoast_head":"<!-- This site is optimized with the Yoast SEO plugin v20.4 - https:\/\/yoast.com\/wordpress\/plugins\/seo\/ -->\n<title>VS UN ZOB\u0100RSTNIEC\u012aBA - Latvia<\/title>\n<meta name=\"robots\" content=\"index, follow, max-snippet:-1, max-image-preview:large, max-video-preview:-1\" \/>\n<link rel=\"canonical\" href=\"https:\/\/vwdtest.com\/lv\/vwd-and-denstistry\/\" \/>\n<meta property=\"og:locale\" content=\"en_US\" \/>\n<meta property=\"og:type\" content=\"article\" \/>\n<meta property=\"og:title\" content=\"VS UN ZOB\u0100RSTNIEC\u012aBA - Latvia\" \/>\n<meta property=\"og:description\" content=\"Pacientiem ar asinsreces trauc\u0113jumiem, piem\u0113ram, hemofiliju vai Villebranda slim\u012bbu (VS), ir palielin\u0101ts mutes dobuma asi\u0146o\u0161anas risks, ar\u012b ikdienas zobu kop\u0161anas laik\u0101.1,2 Asi\u0146o\u0161ana var rasties pat p\u0113c zobu t\u012br\u012b\u0161anas vai diego\u0161anas, un, baidoties no asi\u0146o\u0161anas, pacienti var izvair\u012bties uztur\u0113t labu mutes dobuma higi\u0113nu un regul\u0101ri apmekl\u0113t zob\u0101rstu.2-4 Pat pacienti, kuri apmekl\u0113 zob\u0101rstu, var justies noba\u017e\u012bju\u0161ies par [&hellip;]\" \/>\n<meta property=\"og:url\" content=\"https:\/\/vwdtest.com\/lv\/vwd-and-denstistry\/\" \/>\n<meta property=\"og:site_name\" content=\"Latvia\" \/>\n<meta property=\"article:modified_time\" content=\"2026-04-08T13:02:53+00:00\" \/>\n<meta property=\"og:image\" content=\"https:\/\/vwdtest.com\/lv\/wp-content\/uploads\/sites\/76\/2023\/02\/Dentist-button.png\" \/>\n\t<meta property=\"og:image:width\" content=\"772\" \/>\n\t<meta property=\"og:image:height\" content=\"1021\" \/>\n\t<meta property=\"og:image:type\" content=\"image\/png\" \/>\n<meta name=\"twitter:card\" content=\"summary_large_image\" \/>\n<meta name=\"twitter:label1\" content=\"Est. reading time\" \/>\n\t<meta name=\"twitter:data1\" content=\"3 minutes\" \/>\n<script type=\"application\/ld+json\" class=\"yoast-schema-graph\">{\"@context\":\"https:\/\/schema.org\",\"@graph\":[{\"@type\":\"WebPage\",\"@id\":\"https:\/\/vwdtest.com\/lv\/vwd-and-denstistry\/\",\"url\":\"https:\/\/vwdtest.com\/lv\/vwd-and-denstistry\/\",\"name\":\"VS UN ZOB\u0100RSTNIEC\u012aBA - Latvia\",\"isPartOf\":{\"@id\":\"https:\/\/vwdtest.com\/lv\/#website\"},\"datePublished\":\"2023-02-14T13:03:21+00:00\",\"dateModified\":\"2026-04-08T13:02:53+00:00\",\"breadcrumb\":{\"@id\":\"https:\/\/vwdtest.com\/lv\/vwd-and-denstistry\/#breadcrumb\"},\"inLanguage\":\"en-US\",\"potentialAction\":[{\"@type\":\"ReadAction\",\"target\":[\"https:\/\/vwdtest.com\/lv\/vwd-and-denstistry\/\"]}]},{\"@type\":\"BreadcrumbList\",\"@id\":\"https:\/\/vwdtest.com\/lv\/vwd-and-denstistry\/#breadcrumb\",\"itemListElement\":[{\"@type\":\"ListItem\",\"position\":1,\"name\":\"Home\",\"item\":\"https:\/\/vwdtest.com\/lv\/\"},{\"@type\":\"ListItem\",\"position\":2,\"name\":\"VS UN ZOB\u0100RSTNIEC\u012aBA\"}]},{\"@type\":\"WebSite\",\"@id\":\"https:\/\/vwdtest.com\/lv\/#website\",\"url\":\"https:\/\/vwdtest.com\/lv\/\",\"name\":\"Latvia\",\"description\":\"\",\"potentialAction\":[{\"@type\":\"SearchAction\",\"target\":{\"@type\":\"EntryPoint\",\"urlTemplate\":\"https:\/\/vwdtest.com\/lv\/?s={search_term_string}\"},\"query-input\":\"required name=search_term_string\"}],\"inLanguage\":\"en-US\"}]}<\/script>\n<!-- \/ Yoast SEO plugin. -->","yoast_head_json":{"title":"VS UN ZOB\u0100RSTNIEC\u012aBA - Latvia","robots":{"index":"index","follow":"follow","max-snippet":"max-snippet:-1","max-image-preview":"max-image-preview:large","max-video-preview":"max-video-preview:-1"},"canonical":"https:\/\/vwdtest.com\/lv\/vwd-and-denstistry\/","og_locale":"en_US","og_type":"article","og_title":"VS UN ZOB\u0100RSTNIEC\u012aBA - Latvia","og_description":"Pacientiem ar asinsreces trauc\u0113jumiem, piem\u0113ram, hemofiliju vai Villebranda slim\u012bbu (VS), ir palielin\u0101ts mutes dobuma asi\u0146o\u0161anas risks, ar\u012b ikdienas zobu kop\u0161anas laik\u0101.1,2 Asi\u0146o\u0161ana var rasties pat p\u0113c zobu t\u012br\u012b\u0161anas vai diego\u0161anas, un, baidoties no asi\u0146o\u0161anas, pacienti var izvair\u012bties uztur\u0113t labu mutes dobuma higi\u0113nu un regul\u0101ri apmekl\u0113t zob\u0101rstu.2-4 Pat pacienti, kuri apmekl\u0113 zob\u0101rstu, var justies noba\u017e\u012bju\u0161ies par [&hellip;]","og_url":"https:\/\/vwdtest.com\/lv\/vwd-and-denstistry\/","og_site_name":"Latvia","article_modified_time":"2026-04-08T13:02:53+00:00","og_image":[{"width":772,"height":1021,"url":"https:\/\/vwdtest.com\/lv\/wp-content\/uploads\/sites\/76\/2023\/02\/Dentist-button.png","type":"image\/png"}],"twitter_card":"summary_large_image","twitter_misc":{"Est. reading time":"3 minutes"},"schema":{"@context":"https:\/\/schema.org","@graph":[{"@type":"WebPage","@id":"https:\/\/vwdtest.com\/lv\/vwd-and-denstistry\/","url":"https:\/\/vwdtest.com\/lv\/vwd-and-denstistry\/","name":"VS UN ZOB\u0100RSTNIEC\u012aBA - Latvia","isPartOf":{"@id":"https:\/\/vwdtest.com\/lv\/#website"},"datePublished":"2023-02-14T13:03:21+00:00","dateModified":"2026-04-08T13:02:53+00:00","breadcrumb":{"@id":"https:\/\/vwdtest.com\/lv\/vwd-and-denstistry\/#breadcrumb"},"inLanguage":"en-US","potentialAction":[{"@type":"ReadAction","target":["https:\/\/vwdtest.com\/lv\/vwd-and-denstistry\/"]}]},{"@type":"BreadcrumbList","@id":"https:\/\/vwdtest.com\/lv\/vwd-and-denstistry\/#breadcrumb","itemListElement":[{"@type":"ListItem","position":1,"name":"Home","item":"https:\/\/vwdtest.com\/lv\/"},{"@type":"ListItem","position":2,"name":"VS UN ZOB\u0100RSTNIEC\u012aBA"}]},{"@type":"WebSite","@id":"https:\/\/vwdtest.com\/lv\/#website","url":"https:\/\/vwdtest.com\/lv\/","name":"Latvia","description":"","potentialAction":[{"@type":"SearchAction","target":{"@type":"EntryPoint","urlTemplate":"https:\/\/vwdtest.com\/lv\/?s={search_term_string}"},"query-input":"required name=search_term_string"}],"inLanguage":"en-US"}]}},"_links":{"self":[{"href":"https:\/\/vwdtest.com\/lv\/wp-json\/wp\/v2\/pages\/89"}],"collection":[{"href":"https:\/\/vwdtest.com\/lv\/wp-json\/wp\/v2\/pages"}],"about":[{"href":"https:\/\/vwdtest.com\/lv\/wp-json\/wp\/v2\/types\/page"}],"author":[{"embeddable":true,"href":"https:\/\/vwdtest.com\/lv\/wp-json\/wp\/v2\/users\/1"}],"replies":[{"embeddable":true,"href":"https:\/\/vwdtest.com\/lv\/wp-json\/wp\/v2\/comments?post=89"}],"version-history":[{"count":70,"href":"https:\/\/vwdtest.com\/lv\/wp-json\/wp\/v2\/pages\/89\/revisions"}],"predecessor-version":[{"id":3359,"href":"https:\/\/vwdtest.com\/lv\/wp-json\/wp\/v2\/pages\/89\/revisions\/3359"}],"wp:featuredmedia":[{"embeddable":true,"href":"https:\/\/vwdtest.com\/lv\/wp-json\/wp\/v2\/media\/233"}],"wp:attachment":[{"href":"https:\/\/vwdtest.com\/lv\/wp-json\/wp\/v2\/media?parent=89"}],"curies":[{"name":"wp","href":"https:\/\/api.w.org\/{rel}","templated":true}]}}