{"id":795,"date":"2023-04-27T12:33:04","date_gmt":"2023-04-27T12:33:04","guid":{"rendered":"https:\/\/new.vwdtest.com\/lv\/?page_id=795"},"modified":"2026-04-08T13:00:58","modified_gmt":"2026-04-08T13:00:58","slug":"i-bleed-a-lot","status":"publish","type":"page","link":"https:\/\/vwdtest.com\/lv\/i-bleed-a-lot\/","title":{"rendered":"<strong>Man ir stipra asi\u0146o\u0161ana<\/strong>"},"content":{"rendered":"<div class=\"default-block container\">\n<h2>Vai man ir p\u0101r\u0101k stipra asi\u0146o\u0161ana?<\/h2>\n<\/div>\n\n<div class=\"default-block container\">\n<h5 class=\"bleeding-symptoms-title helpful live\">Vai j\u016bs br\u012bn\u0101ties, k\u0101p\u0113c jums tik bie\u017ei asi\u0146o deguns? Vai p\u0113c zobu diego\u0161anas vai t\u012br\u012b\u0161anas jums asi\u0146o smaganas? Vai bie\u017ei paman\u0101t zilumus uz sava \u0137erme\u0146a un neatceraties, k\u0101d\u0113\u013c tie var\u0113tu b\u016bt radu\u0161ies? Vai p\u0113d\u0113j\u0101 laik\u0101 esat piedz\u012bvojis p\u0101rm\u0113r\u012bgu asi\u0146o\u0161anu p\u0113c nelielas traumas vai zob\u0101rsta apmekl\u0113juma?<\/h5> <p class=\"full\">Liel\u0101kajai da\u013cai cilv\u0113ku laiku pa laikam ir asi\u0146o\u0161ana. Asi\u0146o\u0161anas c\u0113lo\u0146i var b\u016bt da\u017e\u0101di, bet vairum\u0101 gad\u012bjumu cilv\u0113ka organisms \u0101tri aptur asi\u0146o\u0161anu, izmantojot procesu, ko sauc par asinsreci. Ta\u010du da\u017eiem cilv\u0113kiem asi\u0146o\u0161ana ir bie\u017e\u0101k un ilg\u0101k nek\u0101 citiem, un \u0161\u0101da veida asi\u0146o\u0161anu bie\u017ei iesp\u0113jams \u0101rst\u0113t vai nov\u0113rst. T\u0101tad, ja vismaz uz vienu no iepriek\u0161 min\u0113tajiem jaut\u0101jumiem atbildat \u201ej\u0101\u201d, j\u016bsu asi\u0146o\u0161ana var\u0113tu b\u016bt iemesls turpm\u0101kai izmekl\u0113\u0161anai.<\/p>\n<\/div>\n\n<div class=\"default-block container\">\n<h2><strong>P\u0101rm\u0113r\u012bgas vai ilgsto\u0161as asi\u0146o\u0161anas c\u0113lo\u0146i<\/strong><\/h2>\n<\/div>\n\n<div class=\"default-block container\">\n<p class=\"full push-text\">P\u0101rm\u0113r\u012bgai vai ilgsto\u0161ai asi\u0146o\u0161anai var b\u016bt daudz c\u0113lo\u0146u. Lai noteiktu piem\u0113rotu \u0101rst\u0113\u0161anu, ir \u013coti svar\u012bgi identific\u0113t asi\u0146o\u0161anas simptomu c\u0113loni. Asi\u0146o\u0161anu var izrais\u012bt da\u017eas z\u0101les, piem\u0113ram, t\u0101di prets\u0101pju l\u012bdzek\u013ci k\u0101 aspir\u012bns vai asinis \u0161\u0137idrino\u0161i l\u012bdzek\u013ci (antikoagulanti). Da\u017ei vesel\u012bbas trauc\u0113jumi, piem\u0113ram, aknu vai nieru slim\u012bbas un v\u0113zis, var izrais\u012bt asi\u0146o\u0161anu.<sup>1,2<\/sup> Ir ar\u012b iesp\u0113ja, ka asi\u0146o\u0161ana ir saist\u012bta ar asinsreces trauc\u0113jumiem. Asinsreces slim\u012bbas ir reti sastopamas un var b\u016bt iedzimtas vai ieg\u016btas. Visbie\u017e\u0101k sastopam\u0101 iedzimt\u0101 asinsreces slim\u012bba ir <a href=\"https:\/\/vwdtest.com\/lv\/von-willebrand-disease\/\">Villebranda slim\u012bba<\/a> (VS). VS bie\u017ei netiek diagnostic\u0113ta. Ja nav noteikta diagnoze un netiek veikta \u0101rst\u0113\u0161ana, cilv\u0113kiem ar VS ir nopietnas asi\u0146o\u0161anas risks. Cilv\u0113kiem ar VS bie\u017ei ir <a href=\"https:\/\/vwdtest.com\/lv\/bleeding-symptoms\/#nosebleed\">deguna<\/a> un <a href=\"https:\/\/vwdtest.com\/lv\/bleeding-symptoms\/#oral-bleed\">smaganu asi\u0146o\u0161ana<\/a>, <a href=\"https:\/\/vwdtest.com\/lv\/bleeding-symptoms\/#easy-bruising\">viegli veidojas zilumi<\/a> un ir iesp\u0113jama p\u0101rm\u0113r\u012bga asi\u0146o\u0161ana p\u0113c <a href=\"https:\/\/vwdtest.com\/lv\/i-live-with-vwd\/#surgery\">zoba izrau\u0161anas<\/a>, <a href=\"https:\/\/vwdtest.com\/lv\/bleeding-symptoms\/#bleed-surgery\">oper\u0101cijas vai neliela negad\u012bjuma<\/a>. Sieviet\u0113m ar VS bie\u017e\u0101kais simptoms ir <a href=\"https:\/\/vwdtest.com\/lv\/bleeding-symptoms\/#hmb\">stipra menstru\u0101l\u0101 asi\u0146o\u0161ana<\/a>.<sup>3<\/sup><\/p>\n<\/div>\n\n<div class=\"default-block container\">\n<h2><strong>Iesp\u0113jams, ka \u0123imen\u0113 neesat vien\u012bgais, kam ir asi\u0146o\u0161anas simptomi<\/strong><\/h2>\n<\/div>\n\n<div class=\"default-block container\">\n<p class=\"full push-text\">Ja ar\u012b j\u016bsu br\u0101\u013ciem, m\u0101s\u0101m, vec\u0101kiem vai citiem radiniekiem ir asi\u0146o\u0161anas simptomi, iesp\u0113jams, j\u016bs dom\u0101jat, ka tas ir norm\u0101li. Tom\u0113r t\u0101 ne vienm\u0113r ir. Asi\u0146o\u0161anas c\u0113lonis var b\u016bt iedzimta asinsreces slim\u012bba, kas bie\u017ei skar vair\u0101k nek\u0101 vienu \u0123imenes locekli. Ja asi\u0146o\u0161ana ietekm\u0113 j\u016bsu ikdienas dz\u012bvi un labsaj\u016btu, iesak\u0101m to p\u0101rrun\u0101t ar \u0101rstu.<\/p>\n<\/div>\n\n<div class=\"default-block container\">\n<h2><strong>Noskaidrojiet, vai j\u016bsu asi\u0146o\u0161ana ir norm\u0101la<\/strong><\/h2>\n<\/div>\n\n<div class=\"default-block container\">\n<p class=\"full push-text\">Vai mana asi\u0146o\u0161ana ir norm\u0101la? Atbild\u0113t uz \u0161o jaut\u0101jumu ne vienm\u0113r ir viegli. Lai atvieglotu asi\u0146o\u0161anas simptomu nov\u0113rt\u0113\u0161anu, p\u0113tnieki ir izstr\u0101d\u0101ju\u0161i asi\u0146o\u0161anas testus.<sup>3<\/sup> Viens no \u0161iem testiem ir pieejams \u0161aj\u0101 t\u012bmek\u013ca vietn\u0113. Ja jums ir neskaidr\u012bbas par k\u0101du no jums nov\u0113rotajiem asi\u0146o\u0161anas simptomiem, m\u0113s stingri iesak\u0101m veikt asi\u0146o\u0161anas testu. Tas var b\u016bt v\u0113l svar\u012bg\u0101k, ja jums ir paredz\u0113ta oper\u0101cija. Tests aiz\u0146em tikai da\u017eas min\u016btes, un tas nor\u0101d\u012bs, vai jums j\u0101v\u0113r\u0161as pie \u0101rsta saist\u012bb\u0101 ar asi\u0146o\u0161anu.<\/p>\n<\/div>\n\n<div class=\"default-block container\">\n<h6>Atsauces<\/h6>\n<\/div>\n\n<div class=\"default-block container\">\n<ol><div class=\"default-block container\">\n<li><a href=\"https:\/\/my.clevelandclinic.org\/health\/symptoms\/21654-hemorrhage\" target=\"_blank\" rel=\"noreferrer noopener\">https:\/\/my.clevelandclinic.org\/health\/symptoms\/21654-hemorrhage<\/a>; last accessed Mar 2023.<\/li>\n<\/div>\n\n<div class=\"default-block container\">\n<li><a href=\"https:\/\/www.drugs.com\/cg\/postoperative-bleeding.html\" target=\"_blank\" rel=\"noreferrer noopener\">https:\/\/www.drugs.com\/cg\/postoperative-bleeding.html<\/a>; last accessed Mar 2023.<\/li>\n<\/div>\n\n<div class=\"default-block container\">\n<li><a href=\"https:\/\/pubmed.ncbi.nlm.nih.gov\/36210240\/\" target=\"_blank\" rel=\"noreferrer noopener\">Corrales-Medina FF et al. Blood Rev<\/a> 2023; 58:101018.<\/li>\n<\/div><\/ol>\n<\/div>","protected":false},"excerpt":{"rendered":"<p>Vai man ir p\u0101r\u0101k stipra asi\u0146o\u0161ana? Vai j\u016bs br\u012bn\u0101ties, k\u0101p\u0113c jums tik bie\u017ei asi\u0146o deguns? Vai p\u0113c zobu diego\u0161anas vai t\u012br\u012b\u0161anas jums asi\u0146o smaganas? Vai bie\u017ei paman\u0101t zilumus uz sava \u0137erme\u0146a un neatceraties, k\u0101d\u0113\u013c tie var\u0113tu b\u016bt radu\u0161ies? Vai p\u0113d\u0113j\u0101 laik\u0101 esat piedz\u012bvojis p\u0101rm\u0113r\u012bgu asi\u0146o\u0161anu p\u0113c nelielas traumas vai zob\u0101rsta apmekl\u0113juma? Liel\u0101kajai da\u013cai cilv\u0113ku laiku [&hellip;]<\/p>\n","protected":false},"author":1,"featured_media":788,"parent":0,"menu_order":0,"comment_status":"closed","ping_status":"closed","template":"","meta":{"inline_featured_image":false},"acf":[],"yoast_head":"<!-- This site is optimized with the Yoast SEO plugin v20.4 - https:\/\/yoast.com\/wordpress\/plugins\/seo\/ -->\n<title>Man ir stipra asi\u0146o\u0161ana - Latvia<\/title>\n<meta name=\"robots\" content=\"index, follow, max-snippet:-1, max-image-preview:large, max-video-preview:-1\" \/>\n<link rel=\"canonical\" href=\"https:\/\/vwdtest.com\/lv\/i-bleed-a-lot\/\" \/>\n<meta property=\"og:locale\" content=\"en_US\" \/>\n<meta property=\"og:type\" content=\"article\" \/>\n<meta property=\"og:title\" content=\"Man ir stipra asi\u0146o\u0161ana - Latvia\" \/>\n<meta property=\"og:description\" content=\"Vai man ir p\u0101r\u0101k stipra asi\u0146o\u0161ana? Vai j\u016bs br\u012bn\u0101ties, k\u0101p\u0113c jums tik bie\u017ei asi\u0146o deguns? Vai p\u0113c zobu diego\u0161anas vai t\u012br\u012b\u0161anas jums asi\u0146o smaganas? Vai bie\u017ei paman\u0101t zilumus uz sava \u0137erme\u0146a un neatceraties, k\u0101d\u0113\u013c tie var\u0113tu b\u016bt radu\u0161ies? Vai p\u0113d\u0113j\u0101 laik\u0101 esat piedz\u012bvojis p\u0101rm\u0113r\u012bgu asi\u0146o\u0161anu p\u0113c nelielas traumas vai zob\u0101rsta apmekl\u0113juma? Liel\u0101kajai da\u013cai cilv\u0113ku laiku [&hellip;]\" \/>\n<meta property=\"og:url\" content=\"https:\/\/vwdtest.com\/lv\/i-bleed-a-lot\/\" \/>\n<meta property=\"og:site_name\" content=\"Latvia\" \/>\n<meta property=\"article:modified_time\" content=\"2026-04-08T13:00:58+00:00\" \/>\n<meta property=\"og:image\" content=\"https:\/\/vwdtest.com\/lv\/wp-content\/uploads\/sites\/76\/2023\/04\/Person-who-bleads-1.png\" \/>\n\t<meta property=\"og:image:width\" content=\"679\" \/>\n\t<meta property=\"og:image:height\" content=\"976\" \/>\n\t<meta property=\"og:image:type\" content=\"image\/png\" \/>\n<meta name=\"twitter:card\" content=\"summary_large_image\" \/>\n<meta name=\"twitter:label1\" content=\"Est. reading time\" \/>\n\t<meta name=\"twitter:data1\" content=\"2 minutes\" \/>\n<script type=\"application\/ld+json\" class=\"yoast-schema-graph\">{\"@context\":\"https:\/\/schema.org\",\"@graph\":[{\"@type\":\"WebPage\",\"@id\":\"https:\/\/vwdtest.com\/lv\/i-bleed-a-lot\/\",\"url\":\"https:\/\/vwdtest.com\/lv\/i-bleed-a-lot\/\",\"name\":\"Man ir stipra asi\u0146o\u0161ana - Latvia\",\"isPartOf\":{\"@id\":\"https:\/\/vwdtest.com\/lv\/#website\"},\"datePublished\":\"2023-04-27T12:33:04+00:00\",\"dateModified\":\"2026-04-08T13:00:58+00:00\",\"breadcrumb\":{\"@id\":\"https:\/\/vwdtest.com\/lv\/i-bleed-a-lot\/#breadcrumb\"},\"inLanguage\":\"en-US\",\"potentialAction\":[{\"@type\":\"ReadAction\",\"target\":[\"https:\/\/vwdtest.com\/lv\/i-bleed-a-lot\/\"]}]},{\"@type\":\"BreadcrumbList\",\"@id\":\"https:\/\/vwdtest.com\/lv\/i-bleed-a-lot\/#breadcrumb\",\"itemListElement\":[{\"@type\":\"ListItem\",\"position\":1,\"name\":\"Home\",\"item\":\"https:\/\/vwdtest.com\/lv\/\"},{\"@type\":\"ListItem\",\"position\":2,\"name\":\"Man ir stipra asi\u0146o\u0161ana\"}]},{\"@type\":\"WebSite\",\"@id\":\"https:\/\/vwdtest.com\/lv\/#website\",\"url\":\"https:\/\/vwdtest.com\/lv\/\",\"name\":\"Latvia\",\"description\":\"\",\"potentialAction\":[{\"@type\":\"SearchAction\",\"target\":{\"@type\":\"EntryPoint\",\"urlTemplate\":\"https:\/\/vwdtest.com\/lv\/?s={search_term_string}\"},\"query-input\":\"required name=search_term_string\"}],\"inLanguage\":\"en-US\"}]}<\/script>\n<!-- \/ Yoast SEO plugin. -->","yoast_head_json":{"title":"Man ir stipra asi\u0146o\u0161ana - Latvia","robots":{"index":"index","follow":"follow","max-snippet":"max-snippet:-1","max-image-preview":"max-image-preview:large","max-video-preview":"max-video-preview:-1"},"canonical":"https:\/\/vwdtest.com\/lv\/i-bleed-a-lot\/","og_locale":"en_US","og_type":"article","og_title":"Man ir stipra asi\u0146o\u0161ana - Latvia","og_description":"Vai man ir p\u0101r\u0101k stipra asi\u0146o\u0161ana? Vai j\u016bs br\u012bn\u0101ties, k\u0101p\u0113c jums tik bie\u017ei asi\u0146o deguns? Vai p\u0113c zobu diego\u0161anas vai t\u012br\u012b\u0161anas jums asi\u0146o smaganas? Vai bie\u017ei paman\u0101t zilumus uz sava \u0137erme\u0146a un neatceraties, k\u0101d\u0113\u013c tie var\u0113tu b\u016bt radu\u0161ies? Vai p\u0113d\u0113j\u0101 laik\u0101 esat piedz\u012bvojis p\u0101rm\u0113r\u012bgu asi\u0146o\u0161anu p\u0113c nelielas traumas vai zob\u0101rsta apmekl\u0113juma? Liel\u0101kajai da\u013cai cilv\u0113ku laiku [&hellip;]","og_url":"https:\/\/vwdtest.com\/lv\/i-bleed-a-lot\/","og_site_name":"Latvia","article_modified_time":"2026-04-08T13:00:58+00:00","og_image":[{"width":679,"height":976,"url":"https:\/\/vwdtest.com\/lv\/wp-content\/uploads\/sites\/76\/2023\/04\/Person-who-bleads-1.png","type":"image\/png"}],"twitter_card":"summary_large_image","twitter_misc":{"Est. reading time":"2 minutes"},"schema":{"@context":"https:\/\/schema.org","@graph":[{"@type":"WebPage","@id":"https:\/\/vwdtest.com\/lv\/i-bleed-a-lot\/","url":"https:\/\/vwdtest.com\/lv\/i-bleed-a-lot\/","name":"Man ir stipra asi\u0146o\u0161ana - Latvia","isPartOf":{"@id":"https:\/\/vwdtest.com\/lv\/#website"},"datePublished":"2023-04-27T12:33:04+00:00","dateModified":"2026-04-08T13:00:58+00:00","breadcrumb":{"@id":"https:\/\/vwdtest.com\/lv\/i-bleed-a-lot\/#breadcrumb"},"inLanguage":"en-US","potentialAction":[{"@type":"ReadAction","target":["https:\/\/vwdtest.com\/lv\/i-bleed-a-lot\/"]}]},{"@type":"BreadcrumbList","@id":"https:\/\/vwdtest.com\/lv\/i-bleed-a-lot\/#breadcrumb","itemListElement":[{"@type":"ListItem","position":1,"name":"Home","item":"https:\/\/vwdtest.com\/lv\/"},{"@type":"ListItem","position":2,"name":"Man ir stipra asi\u0146o\u0161ana"}]},{"@type":"WebSite","@id":"https:\/\/vwdtest.com\/lv\/#website","url":"https:\/\/vwdtest.com\/lv\/","name":"Latvia","description":"","potentialAction":[{"@type":"SearchAction","target":{"@type":"EntryPoint","urlTemplate":"https:\/\/vwdtest.com\/lv\/?s={search_term_string}"},"query-input":"required name=search_term_string"}],"inLanguage":"en-US"}]}},"_links":{"self":[{"href":"https:\/\/vwdtest.com\/lv\/wp-json\/wp\/v2\/pages\/795"}],"collection":[{"href":"https:\/\/vwdtest.com\/lv\/wp-json\/wp\/v2\/pages"}],"about":[{"href":"https:\/\/vwdtest.com\/lv\/wp-json\/wp\/v2\/types\/page"}],"author":[{"embeddable":true,"href":"https:\/\/vwdtest.com\/lv\/wp-json\/wp\/v2\/users\/1"}],"replies":[{"embeddable":true,"href":"https:\/\/vwdtest.com\/lv\/wp-json\/wp\/v2\/comments?post=795"}],"version-history":[{"count":73,"href":"https:\/\/vwdtest.com\/lv\/wp-json\/wp\/v2\/pages\/795\/revisions"}],"predecessor-version":[{"id":3353,"href":"https:\/\/vwdtest.com\/lv\/wp-json\/wp\/v2\/pages\/795\/revisions\/3353"}],"wp:featuredmedia":[{"embeddable":true,"href":"https:\/\/vwdtest.com\/lv\/wp-json\/wp\/v2\/media\/788"}],"wp:attachment":[{"href":"https:\/\/vwdtest.com\/lv\/wp-json\/wp\/v2\/media?parent=795"}],"curies":[{"name":"wp","href":"https:\/\/api.w.org\/{rel}","templated":true}]}}