{"id":3,"date":"2023-02-13T11:33:55","date_gmt":"2023-02-13T11:33:55","guid":{"rendered":"https:\/\/new.vwdtest.com\/lv\/?page_id=3"},"modified":"2026-03-06T14:06:52","modified_gmt":"2026-03-06T14:06:52","slug":"privacy-policy","status":"publish","type":"page","link":"https:\/\/vwdtest.com\/lv\/privacy-policy\/","title":{"rendered":"Priv\u0101tuma politika"},"content":{"rendered":"<div class=\"default-block container\">\n<p>Vietne <a href=\"http:\/\/www.vwdtest.com\/lv\">www.vwdtest.com\/lv<\/a> ir tie\u0161saistes pakalpojums, ko finans\u0113 un nodro\u0161ina <em>Octapharma AG, Seidenstrasse 2, 8853 Lachen SZ<\/em>, \u0160veice (turpm\u0101k \u201e<em>Octapharma<\/em>\u201d vai \u201em\u0113s\u201d) ar VS speci\u0101listu un ekspertu veidotas komitejas atbalstu.<\/p>\n<\/div>\n\n<div class=\"default-block container\">\n<p>\u0160\u012b \u012bpa\u0161i izveidot\u0101 komiteja, kur\u0101 ietilpst ar\u012b <em>Octapharma<\/em>, iev\u0113ro indiv\u012bdu ties\u012bbas attiec\u012bb\u0101 uz vi\u0146u personas datiem. \u0160\u012b datu priv\u0101tuma politika (\u201epolitika\u201d) apraksta veidu, k\u0101d\u0101 tiek apstr\u0101d\u0101ta j\u016bsu personisk\u0101 inform\u0101cija, kad apmekl\u0113jat vietni\u00a0<a href=\"https:\/\/www.vwdtest.com\/lv\/\" target=\"_blank\" rel=\"noreferrer noopener\">www.vwdtest.com\/lv.<\/a><\/p>\n<\/div>\n\n<div class=\"default-block container\">\n<p><em>Octapharma Pharmazeutika Produktionsgesellschaft m.b.H., Oberlaaer Strasse 235<\/em>, 1100 V\u012bne, Austrija, ir iecelta par m\u016bsu p\u0101rst\u0101vi ES\/EEZ saska\u0146\u0101 ar Visp\u0101r\u012bg\u0101s datu aizsardz\u012bbas regulas 27. pantu.<\/p>\n<\/div>\n\n<div class=\"default-block container\">\n<h2>Inform\u0101cijas v\u0101k\u0161ana<\/h2>\n<\/div>\n\n<div class=\"default-block container\">\n<p>Lai pilnv\u0113rt\u012bgi p\u0101rvald\u012btu vietni www.vwdtest.com\/lv, inform\u0101cija var tikt re\u0123istr\u0113ta un apmekl\u0113jumi kategoriz\u0113ti p\u0113c t\u0101diem parametriem k\u0101 dom\u0113na nosaukums, p\u0101rl\u016bka veids un versija, vwdtest.com\/lv vietn\u0113 apmekl\u0113t\u0101s lapas un URL, uz kuru lietot\u0101js p\u0101riet, pametot vietni vwdtest.com\/lv, lai nep\u0101rtraukti uzlabotu vietnes darb\u012bbu. \u0160\u012b inform\u0101cija tiek izmantota tikai apkopot\u0101 veid\u0101, t\u0101d\u0113\u013c personas dati tiek anonimiz\u0113ti.<\/p>\n<\/div>\n\n<div class=\"default-block container\">\n<h2>Personas datu izpau\u0161ana un izmanto\u0161ana<\/h2>\n<\/div>\n\n<div class=\"default-block container\">\n<p>Inform\u0101cija netiks izpausta tre\u0161aj\u0101m person\u0101m, iz\u0146emot gad\u012bjumus, kad tre\u0161\u0101 persona ir pieg\u0101d\u0101t\u0101js vai l\u012bgumsl\u0113dz\u0113js, kas ir iesaist\u012bts personas inform\u0101cijas piepras\u012bjuma no vietnes vwdtest.com\/lv izpild\u0113, vai pieg\u0101d\u0101t\u0101js vai l\u012bgumsl\u0113dz\u0113js, kas ir iesaist\u012bts vietnes www.vwdtest.com\/lv izstr\u0101d\u0113 un p\u0101rvald\u012bb\u0101.<\/p>\n<\/div>\n\n<div class=\"default-block container\">\n<h2>J\u016bsu ties\u012bbas<\/h2>\n<\/div>\n\n<div class=\"default-block container\">\n<p>Ja jums ir k\u0101das ba\u017eas par saviem personas datiem, apmekl\u0113jot vietni www.vwdtest.com\/lv, j\u016bs varat piepras\u012bt inform\u0101ciju par datiem, kas tiek uzglab\u0101ti\/apstr\u0101d\u0101ti par jums. Turkl\u0101t jums ir ties\u012bbas blo\u0137\u0113t vai dz\u0113st jebk\u0101dus personas datus (iz\u0146emot gad\u012bjumus, kad piem\u0113rojamie likumi un noteikumi paredz \u0161o datu glab\u0101\u0161anu), iebilst pret savu datu apstr\u0101di, labot jebk\u0101dus nepareizus datus un piepras\u012bt savu datu nodo\u0161anu tre\u0161ajai personai. Jums ir ar\u012b ties\u012bbas iesniegt s\u016bdz\u012bbu uzraudz\u012bbas iest\u0101dei, ja tas ir piem\u0113rojams.<\/p>\n<\/div>\n\n<div class=\"default-block container\">\n<p>Ja jums ir citi jaut\u0101jumi vai ba\u017eas par \u0161o priv\u0101tuma politiku vai v\u0113laties, lai j\u016bsu dati tiktu dz\u0113sti no m\u016bsu datu b\u0101zes, l\u016bdzu, s\u016btiet e-pasta v\u0113stuli uz adresi &nbsp;<a href=\"mailto:dataprivacy@octapharma.com\" target=\"_blank\" rel=\"noreferrer noopener\">dataprivacy@octapharma.com<\/a>.<\/p>\n<\/div>\n\n<div class=\"default-block container\">\n<p>M\u0113s varam jebkur\u0101 br\u012bd\u012b atjaunin\u0101t vai groz\u012bt \u0161o pazi\u0146ojumu, public\u0113jot groz\u012bto pazi\u0146ojumu t\u012bmek\u013ca vietn\u0113.<\/p>\n<\/div>","protected":false},"excerpt":{"rendered":"<p>Vietne www.vwdtest.com\/lv ir tie\u0161saistes pakalpojums, ko finans\u0113 un nodro\u0161ina Octapharma AG, Seidenstrasse 2, 8853 Lachen SZ, \u0160veice (turpm\u0101k \u201eOctapharma\u201d vai \u201em\u0113s\u201d) ar VS speci\u0101listu un ekspertu veidotas komitejas atbalstu. \u0160\u012b \u012bpa\u0161i izveidot\u0101 komiteja, kur\u0101 ietilpst ar\u012b Octapharma, iev\u0113ro indiv\u012bdu ties\u012bbas attiec\u012bb\u0101 uz vi\u0146u personas datiem. \u0160\u012b datu priv\u0101tuma politika (\u201epolitika\u201d) apraksta veidu, k\u0101d\u0101 tiek apstr\u0101d\u0101ta [&hellip;]<\/p>\n","protected":false},"author":1,"featured_media":0,"parent":0,"menu_order":0,"comment_status":"closed","ping_status":"closed","template":"front-page.php","meta":{"inline_featured_image":false},"acf":[],"yoast_head":"<!-- This site is optimized with the Yoast SEO plugin v20.4 - https:\/\/yoast.com\/wordpress\/plugins\/seo\/ -->\n<title>Priv\u0101tuma politika - Latvia<\/title>\n<meta name=\"robots\" content=\"index, follow, max-snippet:-1, max-image-preview:large, max-video-preview:-1\" \/>\n<link rel=\"canonical\" href=\"https:\/\/vwdtest.com\/lv\/privacy-policy\/\" \/>\n<meta property=\"og:locale\" content=\"en_US\" \/>\n<meta property=\"og:type\" content=\"article\" \/>\n<meta property=\"og:title\" content=\"Priv\u0101tuma politika - Latvia\" \/>\n<meta property=\"og:description\" content=\"Vietne www.vwdtest.com\/lv ir tie\u0161saistes pakalpojums, ko finans\u0113 un nodro\u0161ina Octapharma AG, Seidenstrasse 2, 8853 Lachen SZ, \u0160veice (turpm\u0101k \u201eOctapharma\u201d vai \u201em\u0113s\u201d) ar VS speci\u0101listu un ekspertu veidotas komitejas atbalstu. \u0160\u012b \u012bpa\u0161i izveidot\u0101 komiteja, kur\u0101 ietilpst ar\u012b Octapharma, iev\u0113ro indiv\u012bdu ties\u012bbas attiec\u012bb\u0101 uz vi\u0146u personas datiem. \u0160\u012b datu priv\u0101tuma politika (\u201epolitika\u201d) apraksta veidu, k\u0101d\u0101 tiek apstr\u0101d\u0101ta [&hellip;]\" \/>\n<meta property=\"og:url\" content=\"https:\/\/vwdtest.com\/lv\/privacy-policy\/\" \/>\n<meta property=\"og:site_name\" content=\"Latvia\" \/>\n<meta property=\"article:modified_time\" content=\"2026-03-06T14:06:52+00:00\" \/>\n<meta name=\"twitter:card\" content=\"summary_large_image\" \/>\n<meta name=\"twitter:label1\" content=\"Est. reading time\" \/>\n\t<meta name=\"twitter:data1\" content=\"2 minutes\" \/>\n<script type=\"application\/ld+json\" class=\"yoast-schema-graph\">{\"@context\":\"https:\/\/schema.org\",\"@graph\":[{\"@type\":\"WebPage\",\"@id\":\"https:\/\/vwdtest.com\/lv\/privacy-policy\/\",\"url\":\"https:\/\/vwdtest.com\/lv\/privacy-policy\/\",\"name\":\"Priv\u0101tuma politika - Latvia\",\"isPartOf\":{\"@id\":\"https:\/\/vwdtest.com\/lv\/#website\"},\"datePublished\":\"2023-02-13T11:33:55+00:00\",\"dateModified\":\"2026-03-06T14:06:52+00:00\",\"breadcrumb\":{\"@id\":\"https:\/\/vwdtest.com\/lv\/privacy-policy\/#breadcrumb\"},\"inLanguage\":\"en-US\",\"potentialAction\":[{\"@type\":\"ReadAction\",\"target\":[\"https:\/\/vwdtest.com\/lv\/privacy-policy\/\"]}]},{\"@type\":\"BreadcrumbList\",\"@id\":\"https:\/\/vwdtest.com\/lv\/privacy-policy\/#breadcrumb\",\"itemListElement\":[{\"@type\":\"ListItem\",\"position\":1,\"name\":\"Home\",\"item\":\"https:\/\/vwdtest.com\/lv\/\"},{\"@type\":\"ListItem\",\"position\":2,\"name\":\"Priv\u0101tuma politika\"}]},{\"@type\":\"WebSite\",\"@id\":\"https:\/\/vwdtest.com\/lv\/#website\",\"url\":\"https:\/\/vwdtest.com\/lv\/\",\"name\":\"Latvia\",\"description\":\"\",\"potentialAction\":[{\"@type\":\"SearchAction\",\"target\":{\"@type\":\"EntryPoint\",\"urlTemplate\":\"https:\/\/vwdtest.com\/lv\/?s={search_term_string}\"},\"query-input\":\"required name=search_term_string\"}],\"inLanguage\":\"en-US\"}]}<\/script>\n<!-- \/ Yoast SEO plugin. -->","yoast_head_json":{"title":"Priv\u0101tuma politika - Latvia","robots":{"index":"index","follow":"follow","max-snippet":"max-snippet:-1","max-image-preview":"max-image-preview:large","max-video-preview":"max-video-preview:-1"},"canonical":"https:\/\/vwdtest.com\/lv\/privacy-policy\/","og_locale":"en_US","og_type":"article","og_title":"Priv\u0101tuma politika - Latvia","og_description":"Vietne www.vwdtest.com\/lv ir tie\u0161saistes pakalpojums, ko finans\u0113 un nodro\u0161ina Octapharma AG, Seidenstrasse 2, 8853 Lachen SZ, \u0160veice (turpm\u0101k \u201eOctapharma\u201d vai \u201em\u0113s\u201d) ar VS speci\u0101listu un ekspertu veidotas komitejas atbalstu. \u0160\u012b \u012bpa\u0161i izveidot\u0101 komiteja, kur\u0101 ietilpst ar\u012b Octapharma, iev\u0113ro indiv\u012bdu ties\u012bbas attiec\u012bb\u0101 uz vi\u0146u personas datiem. \u0160\u012b datu priv\u0101tuma politika (\u201epolitika\u201d) apraksta veidu, k\u0101d\u0101 tiek apstr\u0101d\u0101ta [&hellip;]","og_url":"https:\/\/vwdtest.com\/lv\/privacy-policy\/","og_site_name":"Latvia","article_modified_time":"2026-03-06T14:06:52+00:00","twitter_card":"summary_large_image","twitter_misc":{"Est. reading time":"2 minutes"},"schema":{"@context":"https:\/\/schema.org","@graph":[{"@type":"WebPage","@id":"https:\/\/vwdtest.com\/lv\/privacy-policy\/","url":"https:\/\/vwdtest.com\/lv\/privacy-policy\/","name":"Priv\u0101tuma politika - Latvia","isPartOf":{"@id":"https:\/\/vwdtest.com\/lv\/#website"},"datePublished":"2023-02-13T11:33:55+00:00","dateModified":"2026-03-06T14:06:52+00:00","breadcrumb":{"@id":"https:\/\/vwdtest.com\/lv\/privacy-policy\/#breadcrumb"},"inLanguage":"en-US","potentialAction":[{"@type":"ReadAction","target":["https:\/\/vwdtest.com\/lv\/privacy-policy\/"]}]},{"@type":"BreadcrumbList","@id":"https:\/\/vwdtest.com\/lv\/privacy-policy\/#breadcrumb","itemListElement":[{"@type":"ListItem","position":1,"name":"Home","item":"https:\/\/vwdtest.com\/lv\/"},{"@type":"ListItem","position":2,"name":"Priv\u0101tuma politika"}]},{"@type":"WebSite","@id":"https:\/\/vwdtest.com\/lv\/#website","url":"https:\/\/vwdtest.com\/lv\/","name":"Latvia","description":"","potentialAction":[{"@type":"SearchAction","target":{"@type":"EntryPoint","urlTemplate":"https:\/\/vwdtest.com\/lv\/?s={search_term_string}"},"query-input":"required name=search_term_string"}],"inLanguage":"en-US"}]}},"_links":{"self":[{"href":"https:\/\/vwdtest.com\/lv\/wp-json\/wp\/v2\/pages\/3"}],"collection":[{"href":"https:\/\/vwdtest.com\/lv\/wp-json\/wp\/v2\/pages"}],"about":[{"href":"https:\/\/vwdtest.com\/lv\/wp-json\/wp\/v2\/types\/page"}],"author":[{"embeddable":true,"href":"https:\/\/vwdtest.com\/lv\/wp-json\/wp\/v2\/users\/1"}],"replies":[{"embeddable":true,"href":"https:\/\/vwdtest.com\/lv\/wp-json\/wp\/v2\/comments?post=3"}],"version-history":[{"count":5,"href":"https:\/\/vwdtest.com\/lv\/wp-json\/wp\/v2\/pages\/3\/revisions"}],"predecessor-version":[{"id":2959,"href":"https:\/\/vwdtest.com\/lv\/wp-json\/wp\/v2\/pages\/3\/revisions\/2959"}],"wp:attachment":[{"href":"https:\/\/vwdtest.com\/lv\/wp-json\/wp\/v2\/media?parent=3"}],"curies":[{"name":"wp","href":"https:\/\/api.w.org\/{rel}","templated":true}]}}