{"id":266,"date":"2023-02-21T21:23:10","date_gmt":"2023-02-21T21:23:10","guid":{"rendered":"https:\/\/new.vwdtest.com\/lv\/?page_id=266"},"modified":"2026-03-12T11:35:05","modified_gmt":"2026-03-12T11:35:05","slug":"cookie-preferences","status":"publish","type":"page","link":"https:\/\/vwdtest.com\/lv\/cookie-preferences\/","title":{"rendered":"<strong>S\u012bkdat\u0146u preferences<\/strong>"},"content":{"rendered":"<div class=\"default-block container\">\n<h2><strong>Inform\u0101cija par s\u012bkdatn\u0113m<\/strong><\/h2>\n<\/div>\n\n<div class=\"default-block container\">\n<p>S\u012bkdatnes ir dati, kurus t\u012bmek\u013ca vietne var p\u0101rs\u016bt\u012bt uz lietot\u0101ja t\u012bmek\u013ca p\u0101rl\u016bku. Apmekl\u0113jot vietni&nbsp;<a href=\"http:\/\/www.vwdtest.com\/lv\/\">www.vwdtest.com\/lv<\/a>, ja j\u016bsu p\u0101rl\u016bkprogramma izmanto standarta iestat\u012bjumus un pie\u0146em s\u012bkdatnes, j\u016bs piekr\u012btat, ka \u0161\u012bs vietnes s\u012bkdatnes tiek saglab\u0101tas j\u016bsu dator\u0101. Saglab\u0101t\u0101s s\u012bkdatnes var palikt j\u016bsu dator\u0101 p\u0113c tam, kad j\u016bs pametat vietni <a href=\"http:\/\/www.vwdtest.com\/lv\/\">www.vwdtest.com\/lv<\/a>.<\/p>\n<\/div>\n\n<div class=\"default-block container\">\n<p>Ja nev\u0113laties, lai tas notiktu, varat piel\u0101got savu t\u012bmek\u013ca p\u0101rl\u016bku t\u0101, lai tas atteiktu s\u012bkdatnes vai br\u012bdin\u0101tu j\u016bs, kad tiek izmantotas s\u012bkdatnes. J\u016bs varat ar\u012b manu\u0101li dz\u0113st t\u0101s sav\u0101 p\u0101rl\u016bkprogramm\u0101. Liel\u0101k\u0101 da\u013ca <a href=\"https:\/\/www.vwdtest.com\/lv\/\">www.vwdtest.com\/lv<\/a>&nbsp;elementu joproj\u0101m darbosies, ja j\u016bs atsp\u0113josiet s\u012bkdatnes sav\u0101 t\u012bmek\u013ca p\u0101rl\u016bkprogramm\u0101.<\/p>\n<\/div>\n\n<div class=\"default-block container\">\n<p>Vair\u0101k inform\u0101cijas par s\u012bkdatn\u0113m, tostarp par to, k\u0101 redz\u0113t, k\u0101das s\u012bkdatnes ir iestat\u012btas j\u016bsu ier\u012bc\u0113, un k\u0101 t\u0101s p\u0101rvald\u012bt un dz\u0113st, varat atrast vietn\u0113 <a href=\"https:\/\/www.aboutcookies.org\/\" target=\"_blank\" rel=\"noreferrer noopener\">www.aboutcookies.org<\/a>. Vietn\u0113&nbsp;<a href=\"https:\/\/www.vwdtest.com\/lv\/\">www.vwdtest.com\/lv<\/a>&nbsp;tiek izmantotas da\u017e\u0101du veidu s\u012bkdatnes:<\/p>\n<\/div>\n\n<div class=\"default-block container\">\n<p>Oblig\u0101ti nepiecie\u0161ams<\/p>\n<\/div>\n\n<div class=\"default-block container\">\n<figure class=\"wp-block-table\"><table><thead><tr><th>S\u012bkdatnes veids<\/th><th>Nosaukums<\/th><th>M\u0113r\u0137is<\/th><th>Der\u012bguma termi\u0146\u0161<\/th><\/tr><\/thead><tbody><tr><td>Matomo<\/td><td>mtm_cookie_consent<\/td><td>Tiek saglab\u0101ts, lai atcer\u0113tos, ka lietot\u0101js ir devis piekri\u0161anu s\u012bkdat\u0146u saglab\u0101\u0161anai un izmanto\u0161anai.<\/td><td>30 gadi<\/td><\/tr><\/tbody><\/table><\/figure>\n<\/div>\n\n<div class=\"default-block container\">\n<p><strong>Funkcion\u0101l\u0101s s\u012bkdatnes<\/strong><\/p>\n<\/div>\n\n<div class=\"default-block container\">\n<figure class=\"wp-block-table\"><table><thead><tr><th>S\u012bkdatnes veids<\/th><th>Nosaukums<\/th><th>M\u0113r\u0137is<\/th><th>Der\u012bguma termi\u0146\u0161<\/th><\/tr><\/thead><tbody><tr><td>Matomo<\/td><td>_pk_id<\/td><td>Tas tiek izmantots, lai saglab\u0101tu da\u017eas zi\u0146as par lietot\u0101ju, piem\u0113ram, unik\u0101lo apmekl\u0113t\u0101ja identifikatoru.<\/td><td>1 gads, 1 m\u0113nesis<\/td><\/tr><tr><td>_pk_ref<\/td><td>Tiek izmantots, lai uzglab\u0101tu atrib\u016bcijas inform\u0101ciju, s\u0101kotn\u0113ji izmantoto atsauces avotu, lai apmekl\u0113tu t\u012bmek\u013ca vietni.<\/td><td>6 m\u0113ne\u0161i<\/td><\/tr><tr><td>_pk_ses<\/td><td>Tiek izmantots, lai saglab\u0101tu unik\u0101lu sesijas ID.<\/td><td>30 min\u016btes<\/td><\/tr><tr><td>_pk_cvar<\/td><td>Tiek izmantots, lai saglab\u0101tu unik\u0101lu sesijas ID.<\/td><td>30 min\u016btes<\/td><\/tr><tr><td>_pk_hsr<\/td><td>Tiek izmantots, lai saglab\u0101tu unik\u0101lu sesijas ID.<\/td><td>30 min\u016btes<\/td><\/tr><tr><td>_pk_testcookie<\/td><td>Tiek izmantots, lai p\u0101rbaud\u012btu, vai apmekl\u0113t\u0101ja p\u0101rl\u016bkprogramma atbalsta s\u012bkdatnes.<\/td><td>Sesija<\/td><\/tr><tr><td>Matomo_sessid<\/td><td>Tiek izmantots, lai saglab\u0101tu unik\u0101lu sesijas ID.<\/td><td>Sesija<\/td><\/tr><tr><\/tr><\/tbody><\/table><\/figure>\n<\/div>\n\n<div class=\"default-block container\">\n<p>Ja j\u016bs akt\u012bvi main\u0101t iestat\u012bjumus, lai at\u013cautu snieguma s\u012bkdatnes, j\u016bs piekr\u012btat, ka Matomo v\u0101c inform\u0101ciju par to, k\u0101 j\u016bs izmantojat un p\u0101rvietojaties m\u016bsu vietn\u0113. \u0160\u012b procesa laik\u0101 j\u016bsu IP adrese tiks anonimiz\u0113ta. M\u0113s izmantojam \u0161o inform\u0101ciju, lai uzlabotu lietot\u0101ju pieredzi visiem m\u016bsu m\u0101jaslapas apmekl\u0113t\u0101jiem.<\/p>\n<\/div>\n\n<div class=\"default-block container\">\n<p>Funkcion\u0101l\u0101s s\u012bkdatnes<\/p>\n<\/div>\n\n<div class=\"default-block container\">\n<p>T\u0101s ir s\u012bkdatnes, kas nav oblig\u0101tas, bet uzlabo j\u016bsu lieto\u0161anas pieredzi vietn\u0113&nbsp;<a href=\"https:\/\/www.vwdtest.com\/lv\/\">www.vwdtest.com\/lv<\/a>:<\/p>\n<\/div>\n\n<div class=\"default-block container\">\n<figure class=\"wp-block-table\"><table><thead><tr><th>S\u012bkdatnes veids<\/th><th>Nosaukums<\/th><th>Der\u012bguma termi\u0146\u0161<\/th><th>M\u0113r\u0137is<\/th><\/tr><\/thead><tbody><tr><td>Past\u0101v\u012bga s\u012bkdatne<\/td><td>cookieconsent_status<\/td><td>1 gads<\/td><td>\u0160\u012b s\u012bkdatne ir saist\u012bta ar skriptu, kas t\u012bmek\u013ca vietn\u0113 par\u0101da br\u012bdin\u0101jumu par s\u012bdatni. Tiek izmantota, lai re\u0123istr\u0113tu, kad lietot\u0101js ir aizv\u0113ris br\u012bdin\u0101jumu, lai tas atk\u0101rtoti nepar\u0101d\u012btos, atk\u0101rtoti apmekl\u0113jot vietni.<\/td><\/tr><\/tbody><\/table><\/figure>\n<\/div>","protected":false},"excerpt":{"rendered":"<p>Inform\u0101cija par s\u012bkdatn\u0113m S\u012bkdatnes ir dati, kurus t\u012bmek\u013ca vietne var p\u0101rs\u016bt\u012bt uz lietot\u0101ja t\u012bmek\u013ca p\u0101rl\u016bku. Apmekl\u0113jot vietni&nbsp;www.vwdtest.com\/lv, ja j\u016bsu p\u0101rl\u016bkprogramma izmanto standarta iestat\u012bjumus un pie\u0146em s\u012bkdatnes, j\u016bs piekr\u012btat, ka \u0161\u012bs vietnes s\u012bkdatnes tiek saglab\u0101tas j\u016bsu dator\u0101. Saglab\u0101t\u0101s s\u012bkdatnes var palikt j\u016bsu dator\u0101 p\u0113c tam, kad j\u016bs pametat vietni www.vwdtest.com\/lv. Ja nev\u0113laties, lai tas notiktu, varat [&hellip;]<\/p>\n","protected":false},"author":1,"featured_media":0,"parent":0,"menu_order":0,"comment_status":"closed","ping_status":"closed","template":"front-page.php","meta":{"inline_featured_image":false},"acf":[],"yoast_head":"<!-- This site is optimized with the Yoast SEO plugin v20.4 - https:\/\/yoast.com\/wordpress\/plugins\/seo\/ -->\n<title>S\u012bkdat\u0146u preferences - Latvia<\/title>\n<meta name=\"robots\" content=\"index, follow, max-snippet:-1, max-image-preview:large, max-video-preview:-1\" \/>\n<link rel=\"canonical\" href=\"https:\/\/vwdtest.com\/lv\/cookie-preferences\/\" \/>\n<meta property=\"og:locale\" content=\"en_US\" \/>\n<meta property=\"og:type\" content=\"article\" \/>\n<meta property=\"og:title\" content=\"S\u012bkdat\u0146u preferences - Latvia\" \/>\n<meta property=\"og:description\" content=\"Inform\u0101cija par s\u012bkdatn\u0113m S\u012bkdatnes ir dati, kurus t\u012bmek\u013ca vietne var p\u0101rs\u016bt\u012bt uz lietot\u0101ja t\u012bmek\u013ca p\u0101rl\u016bku. Apmekl\u0113jot vietni&nbsp;www.vwdtest.com\/lv, ja j\u016bsu p\u0101rl\u016bkprogramma izmanto standarta iestat\u012bjumus un pie\u0146em s\u012bkdatnes, j\u016bs piekr\u012btat, ka \u0161\u012bs vietnes s\u012bkdatnes tiek saglab\u0101tas j\u016bsu dator\u0101. Saglab\u0101t\u0101s s\u012bkdatnes var palikt j\u016bsu dator\u0101 p\u0113c tam, kad j\u016bs pametat vietni www.vwdtest.com\/lv. Ja nev\u0113laties, lai tas notiktu, varat [&hellip;]\" \/>\n<meta property=\"og:url\" content=\"https:\/\/vwdtest.com\/lv\/cookie-preferences\/\" \/>\n<meta property=\"og:site_name\" content=\"Latvia\" \/>\n<meta property=\"article:modified_time\" content=\"2026-03-12T11:35:05+00:00\" \/>\n<meta name=\"twitter:card\" content=\"summary_large_image\" \/>\n<meta name=\"twitter:label1\" content=\"Est. reading time\" \/>\n\t<meta name=\"twitter:data1\" content=\"2 minutes\" \/>\n<script type=\"application\/ld+json\" class=\"yoast-schema-graph\">{\"@context\":\"https:\/\/schema.org\",\"@graph\":[{\"@type\":\"WebPage\",\"@id\":\"https:\/\/vwdtest.com\/lv\/cookie-preferences\/\",\"url\":\"https:\/\/vwdtest.com\/lv\/cookie-preferences\/\",\"name\":\"S\u012bkdat\u0146u preferences - Latvia\",\"isPartOf\":{\"@id\":\"https:\/\/vwdtest.com\/lv\/#website\"},\"datePublished\":\"2023-02-21T21:23:10+00:00\",\"dateModified\":\"2026-03-12T11:35:05+00:00\",\"breadcrumb\":{\"@id\":\"https:\/\/vwdtest.com\/lv\/cookie-preferences\/#breadcrumb\"},\"inLanguage\":\"en-US\",\"potentialAction\":[{\"@type\":\"ReadAction\",\"target\":[\"https:\/\/vwdtest.com\/lv\/cookie-preferences\/\"]}]},{\"@type\":\"BreadcrumbList\",\"@id\":\"https:\/\/vwdtest.com\/lv\/cookie-preferences\/#breadcrumb\",\"itemListElement\":[{\"@type\":\"ListItem\",\"position\":1,\"name\":\"Home\",\"item\":\"https:\/\/vwdtest.com\/lv\/\"},{\"@type\":\"ListItem\",\"position\":2,\"name\":\"S\u012bkdat\u0146u preferences\"}]},{\"@type\":\"WebSite\",\"@id\":\"https:\/\/vwdtest.com\/lv\/#website\",\"url\":\"https:\/\/vwdtest.com\/lv\/\",\"name\":\"Latvia\",\"description\":\"\",\"potentialAction\":[{\"@type\":\"SearchAction\",\"target\":{\"@type\":\"EntryPoint\",\"urlTemplate\":\"https:\/\/vwdtest.com\/lv\/?s={search_term_string}\"},\"query-input\":\"required name=search_term_string\"}],\"inLanguage\":\"en-US\"}]}<\/script>\n<!-- \/ Yoast SEO plugin. -->","yoast_head_json":{"title":"S\u012bkdat\u0146u preferences - Latvia","robots":{"index":"index","follow":"follow","max-snippet":"max-snippet:-1","max-image-preview":"max-image-preview:large","max-video-preview":"max-video-preview:-1"},"canonical":"https:\/\/vwdtest.com\/lv\/cookie-preferences\/","og_locale":"en_US","og_type":"article","og_title":"S\u012bkdat\u0146u preferences - Latvia","og_description":"Inform\u0101cija par s\u012bkdatn\u0113m S\u012bkdatnes ir dati, kurus t\u012bmek\u013ca vietne var p\u0101rs\u016bt\u012bt uz lietot\u0101ja t\u012bmek\u013ca p\u0101rl\u016bku. Apmekl\u0113jot vietni&nbsp;www.vwdtest.com\/lv, ja j\u016bsu p\u0101rl\u016bkprogramma izmanto standarta iestat\u012bjumus un pie\u0146em s\u012bkdatnes, j\u016bs piekr\u012btat, ka \u0161\u012bs vietnes s\u012bkdatnes tiek saglab\u0101tas j\u016bsu dator\u0101. Saglab\u0101t\u0101s s\u012bkdatnes var palikt j\u016bsu dator\u0101 p\u0113c tam, kad j\u016bs pametat vietni www.vwdtest.com\/lv. Ja nev\u0113laties, lai tas notiktu, varat [&hellip;]","og_url":"https:\/\/vwdtest.com\/lv\/cookie-preferences\/","og_site_name":"Latvia","article_modified_time":"2026-03-12T11:35:05+00:00","twitter_card":"summary_large_image","twitter_misc":{"Est. reading time":"2 minutes"},"schema":{"@context":"https:\/\/schema.org","@graph":[{"@type":"WebPage","@id":"https:\/\/vwdtest.com\/lv\/cookie-preferences\/","url":"https:\/\/vwdtest.com\/lv\/cookie-preferences\/","name":"S\u012bkdat\u0146u preferences - Latvia","isPartOf":{"@id":"https:\/\/vwdtest.com\/lv\/#website"},"datePublished":"2023-02-21T21:23:10+00:00","dateModified":"2026-03-12T11:35:05+00:00","breadcrumb":{"@id":"https:\/\/vwdtest.com\/lv\/cookie-preferences\/#breadcrumb"},"inLanguage":"en-US","potentialAction":[{"@type":"ReadAction","target":["https:\/\/vwdtest.com\/lv\/cookie-preferences\/"]}]},{"@type":"BreadcrumbList","@id":"https:\/\/vwdtest.com\/lv\/cookie-preferences\/#breadcrumb","itemListElement":[{"@type":"ListItem","position":1,"name":"Home","item":"https:\/\/vwdtest.com\/lv\/"},{"@type":"ListItem","position":2,"name":"S\u012bkdat\u0146u preferences"}]},{"@type":"WebSite","@id":"https:\/\/vwdtest.com\/lv\/#website","url":"https:\/\/vwdtest.com\/lv\/","name":"Latvia","description":"","potentialAction":[{"@type":"SearchAction","target":{"@type":"EntryPoint","urlTemplate":"https:\/\/vwdtest.com\/lv\/?s={search_term_string}"},"query-input":"required name=search_term_string"}],"inLanguage":"en-US"}]}},"_links":{"self":[{"href":"https:\/\/vwdtest.com\/lv\/wp-json\/wp\/v2\/pages\/266"}],"collection":[{"href":"https:\/\/vwdtest.com\/lv\/wp-json\/wp\/v2\/pages"}],"about":[{"href":"https:\/\/vwdtest.com\/lv\/wp-json\/wp\/v2\/types\/page"}],"author":[{"embeddable":true,"href":"https:\/\/vwdtest.com\/lv\/wp-json\/wp\/v2\/users\/1"}],"replies":[{"embeddable":true,"href":"https:\/\/vwdtest.com\/lv\/wp-json\/wp\/v2\/comments?post=266"}],"version-history":[{"count":8,"href":"https:\/\/vwdtest.com\/lv\/wp-json\/wp\/v2\/pages\/266\/revisions"}],"predecessor-version":[{"id":3141,"href":"https:\/\/vwdtest.com\/lv\/wp-json\/wp\/v2\/pages\/266\/revisions\/3141"}],"wp:attachment":[{"href":"https:\/\/vwdtest.com\/lv\/wp-json\/wp\/v2\/media?parent=266"}],"curies":[{"name":"wp","href":"https:\/\/api.w.org\/{rel}","templated":true}]}}