{"id":263,"date":"2023-02-21T21:22:33","date_gmt":"2023-02-21T21:22:33","guid":{"rendered":"https:\/\/new.vwdtest.com\/lv\/?page_id=263"},"modified":"2026-03-12T11:30:54","modified_gmt":"2026-03-12T11:30:54","slug":"legal-statement","status":"publish","type":"page","link":"https:\/\/vwdtest.com\/lv\/legal-statement\/","title":{"rendered":"<strong>Juridiskais pazi\u0146ojums<\/strong>"},"content":{"rendered":"<div class=\"default-block container\">\n<h2>Lieto\u0161anas noteikumi<\/h2>\n<\/div>\n\n<div class=\"default-block container\">\n<p>\u0160o t\u012bmek\u013ca vietni finans\u0113 <em>Octapharma AG, Seidenstrasse 2, 8853 Lachen SZ<\/em>, \u0160veice, un t\u0101 ir izstr\u0101d\u0101ta sadarb\u012bb\u0101 ar medic\u012bnas ekspertiem dr. Fernando Koralesu-Medinu (<em>Fernando Corrales-Medina, <\/em>Maiami Universit\u0101tes Millera Medic\u012bnas skolas kl\u012bnisk\u0101s pediatrijas asoci\u0113to profesoru no ASV), profesoru \u0112riku Berntorpu (<em>Erik Berntorp, <\/em>Lundas Universit\u0101tes kl\u012bnisk\u0101s koagul\u0101cijas izp\u0113tes profesoru no Zviedrijas) un vi\u0146u starptautisko ekspertu komandu asinsreces trauc\u0113jumu jom\u0101 (turpm\u0101k tekst\u0101 \u2013 \u201cStarptautiska ekspertu grupa\u201d).<\/p>\n<\/div>\n\n<div class=\"default-block container\">\n<p>\u0160\u012b ir nekomerci\u0101la t\u012bmek\u013ca vietne, kas izveidota, lai atbalst\u012btu starptautiskas ekspertu grupas vad\u012btu inform\u0101cijas kampa\u0146u par slim\u012bbu, un t\u0101 ir veidota tikai visp\u0101r\u012bgas inform\u0113\u0161anas nol\u016bk\u0101.\u00a0J\u016bs nedr\u012bkstat interpret\u0113t \u0161aj\u0101 t\u012bmek\u013ca vietn\u0113 public\u0113to inform\u0101ciju k\u0101 jebk\u0101da produkta vai <em>Octapharma<\/em> uz\u0146\u0113mumu grupas produkta izmanto\u0161anas rekl\u0101mu vai populariz\u0113\u0161anu.<\/p>\n<\/div>\n\n<div class=\"default-block container\">\n<p><em>Octapharma AG<\/em> kop\u0101 ar saviem apak\u0161uz\u0146\u0113m\u0113jiem nodro\u0161ina t\u012bmek\u013ca vietnes uztur\u0113\u0161anu un p\u0101rvald\u012bbu.&nbsp;Izmantojot \u0161o t\u012bmek\u013ca vietni, j\u016bs piekr\u012btat iev\u0113rot turpm\u0101k izkl\u0101st\u012btos noteikumus un nosac\u012bjumus, k\u0101 ar\u012b visus piem\u0113rojamos likumus. Ja j\u016bs nepiekr\u012btat iev\u0113rot \u0161os noteikumus un nosac\u012bjumus, neizmantojiet \u0161o t\u012bmek\u013ca vietni.<\/p>\n<\/div>\n\n<div class=\"default-block container\">\n<h2>T\u012bmek\u013ca vietnes un lieto\u0161anas noteikumu izmai\u0146as<\/h2>\n<\/div>\n\n<div class=\"default-block container\">\n<p><em>Octapharma AG<\/em> patur ties\u012bbas jebkur\u0101 br\u012bd\u012b un bez iepriek\u0161\u0113ja br\u012bdin\u0101juma veikt izmai\u0146as, papildin\u0101jumus, dz\u0113st un labot inform\u0101ciju \u0161aj\u0101 t\u012bmek\u013ca vietn\u0113. <em>Octapharma AG<\/em> var ar\u012b jebkur\u0101 br\u012bd\u012b bez iepriek\u0161\u0113ja br\u012bdin\u0101juma p\u0101rtraukt piek\u013cuvi \u0161ai t\u012bmek\u013ca vietnei. <em>Octapharma AG<\/em> var jebkur\u0101 br\u012bd\u012b p\u0101rskat\u012bt \u0161os lieto\u0161anas noteikumus, atjauninot \u0161o tekstu. Turpinot apmekl\u0113t \u0161o t\u012bmek\u013ca vietni, j\u016bs ap\u0146ematies iev\u0113rot visus \u0161\u0101dus groz\u012bjumus, t\u0101p\u0113c jums periodiski j\u0101apmekl\u0113 \u0161\u012b lapa, lai p\u0101rskat\u012btu lieto\u0161anas noteikumus un p\u0101rliecin\u0101tos, ka saprotat taj\u0101 br\u012bd\u012b sp\u0113k\u0101 eso\u0161os noteikumus.<\/p>\n<\/div>\n\n<div class=\"default-block container\">\n<h2>Aizsardz\u012bba pret v\u012brusiem<\/h2>\n<\/div>\n\n<div class=\"default-block container\">\n<p><em>Octapharma AG<\/em> negarant\u0113 un neapliecina, ka \u0161\u012b t\u012bmek\u013ca vietne vai e-pasta v\u0113stules, kas sa\u0146emtas no <em>Octapharma AG<\/em> saska\u0146\u0101 ar adres\u0101tu saraksta funkciju, b\u016bs nep\u0101rtraukti pieejamas, br\u012bvas no v\u012brusiem vai cit\u0101m kait\u012bg\u0101m komponent\u0113m. <em>Octapharma AG<\/em> (ieskaitot uz\u0146\u0113muma direktorus, fili\u0101les, vad\u012bt\u0101jus, darbiniekus, a\u0123entus, l\u012bgumsl\u0113dz\u0113jus, ties\u012bbu p\u0101r\u0146\u0113m\u0113jus un pilnvarotos) neuz\u0146emas nek\u0101du atbild\u012bbu par jebk\u0101diem boj\u0101jumiem, kas radu\u0161ies j\u016bsu iek\u0101rt\u0101m, piek\u013c\u016bstot \u0161ai t\u012bmek\u013ca vietnei, lejupiel\u0101d\u0113jot jebk\u0101du saturu no \u0161\u012bs t\u012bmek\u013ca vietnes vai sa\u0146emot e-pasta v\u0113stules no <em>Octapharma AG, <\/em>izmantojot adres\u0101tu saraksta funkciju.<\/p>\n<\/div>\n\n<div class=\"default-block container\">\n<h2>Medic\u012bnisk\u0101 inform\u0101cija<\/h2>\n<\/div>\n\n<div class=\"default-block container\">\n<p>&nbsp;T\u012bmek\u013ca vietnes medic\u012bnisko saturu ir izstr\u0101d\u0101jusi un apstiprin\u0101jusi starptautiska ekspertu grupa. Turkl\u0101t \u0161is saturs nav paredz\u0113ts, lai sniegtu piln\u012bgu medic\u012bnisko inform\u0101ciju. Jums vienm\u0113r j\u0101ieg\u016bst piln\u012bga medic\u012bnisk\u0101 inform\u0101cija par sav\u0101m recep\u0161u z\u0101l\u0113m vai medic\u012bniskaj\u0101m ier\u012bc\u0113m (ieskaitot to v\u0113lamo medic\u012bnisko pielietojumu un iesp\u0113jam\u0101s blakuspar\u0101d\u012bbas), apsprie\u017eot jebkuru z\u0101\u013cu\/medic\u012bnisk\u0101s ier\u012bces pareizu lieto\u0161anu tie\u0161i ar savu \u0101rstu, kas izrakst\u012bjis recepti, vai, ja nepiecie\u0161ams, ar citu medic\u012bnas konsultantu. Sniegt\u0101 medic\u012bnisk\u0101 inform\u0101cija nav un nav paredz\u0113ta k\u0101 pamudin\u0101jums ieteikt, ieg\u0101d\u0101ties, izrakst\u012bt, p\u0101rdot vai lietot konkr\u0113tu <em>Octapharma<\/em> uz\u0146\u0113mumu grupas produktu.<\/p>\n<\/div>\n\n<div class=\"default-block container\">\n<h2>Autorties\u012bbu aizsardz\u012bba<\/h2>\n<\/div>\n\n<div class=\"default-block container\">\n<p>Autorties\u012bbas uz visiem \u0161aj\u0101 t\u012bmek\u013ca vietn\u0113 iek\u013cautajiem materi\u0101liem pieder <em>Octapharma AG<\/em>, ja nav nor\u0101d\u012bts cit\u0101di.<\/p>\n<\/div>\n\n<div class=\"default-block container\">\n<p><em>Octapharma AG<\/em> patur visas ties\u012bbas uz \u0161\u012bs t\u012bmek\u013ca vietnes saturu un dizainu. Ja<em> Octapharma AG<\/em> nav devusi rakstisku at\u013cauju, j\u016bs nedr\u012bkstat reproduc\u0113t, izmantot vai kop\u0113t jebk\u0101du \u0161\u012bs t\u012bmek\u013ca vietnes saturu, tai skait\u0101 nosaukumus, logotipus, dizainu, inform\u0101ciju par produktiem un jebk\u0101dus citus \u0161aj\u0101 t\u012bmek\u013ca vietn\u0113 izmantotos materi\u0101lus\/inform\u0101ciju (turpm\u0101k kop\u0101 saukti par \u201eInform\u0101ciju\u201d). J\u016bs nedr\u012bkstat komerci\u0101li izmantot inform\u0101ciju un nedr\u012bkstat veikt inform\u0101cijas ier\u0101m\u0113\u0161anu vai ievieto\u0161anu cit\u0101 t\u012bmek\u013ca vietn\u0113 bez iepriek\u0161\u0113jas rakstiskas at\u013caujas no <em>Octapharma AG.<\/em><\/p>\n<\/div>\n\n<div class=\"default-block container\">\n<p>Visa \u0161aj\u0101 t\u012bmek\u013ca vietn\u0113 min\u0113t\u0101 inform\u0101cija ir t\u0101s attiec\u012bg\u0101 \u012bpa\u0161nieka \u012bpa\u0161ums, un to nedr\u012bkst izmantot piln\u012bb\u0101 vai da\u013c\u0113ji jebkur\u0101 jurisdikcij\u0101 bez iepriek\u0161\u0113jas rakstiskas \u012bpa\u0161nieka piekri\u0161anas. T\u0101pat nedr\u012bkst izmantot nek\u0101dus grafiskos att\u0113lus, kas b\u016btiski l\u012bdzin\u0101s jebkurai pre\u010du z\u012bmei, logotipam vai nosaukumam, kas min\u0113ts \u0161aj\u0101 t\u012bmek\u013ca vietn\u0113.<\/p>\n<\/div>\n\n<div class=\"default-block container\">\n<h2>Bez garantij\u0101m un p\u0101rst\u0101v\u012bbas<\/h2>\n<\/div>\n\n<div class=\"default-block container\">\n<p>Inform\u0101cija tiek sniegta \u201ek\u0101 ir\u201d un bez jebk\u0101da veida garantij\u0101m, gan skaidri izteikt\u0101m, gan netie\u0161\u0101m.<\/p>\n<\/div>\n\n<div class=\"default-block container\">\n<p>Tikt\u0101l, cik to at\u013cauj likums, <em>Octapharma AG<\/em> nep\u0101rprotami atsak\u0101s no jebk\u0101d\u0101m tie\u0161\u0101m vai netie\u0161\u0101m garantij\u0101m saist\u012bb\u0101 ar \u0161o t\u012bmek\u013ca vietni, tostarp, bet neaprobe\u017eojoties ar jebk\u0101d\u0101m garantij\u0101m saist\u012bb\u0101 ar:<\/p>\n<\/div>\n\n<div class=\"default-block container\">\n<ul><div class=\"default-block container\">\n<li>\u0161aj\u0101 t\u012bmek\u013ca vietn\u0113 iek\u013caut\u0101s inform\u0101cijas precizit\u0101ti vai piln\u012bgumu;<\/li>\n<\/div>\n\n<div class=\"default-block container\">\n<li>jebkuras inform\u0101cijas, kas ietverta jebkur\u0101 t\u012bmek\u013ca vietn\u0113, uz kuru ir saite \u0161aj\u0101 t\u012bmek\u013ca vietn\u0113, precizit\u0101ti un piln\u012bgumu.<\/li>\n<\/div>\n\n<div class=\"default-block container\">\n<li>Inform\u0101cija tiek sniegta, pamatojoties uz to, ka visas personas, kas apmekl\u0113 \u0161o t\u012bmek\u013ca vietni, uz\u0146emas atbild\u012bbu par t\u0101s satura pareiz\u012bbas nov\u0113rt\u0113\u0161anu un ka t\u0101s pa\u013caujas uz \u0161o inform\u0101ciju piln\u012bgi uz savu atbild\u012bbu. <em>Octapharma AG <\/em>(ieskaitot t\u0101s direktorus, fili\u0101les, amatpersonas, darbiniekus, a\u0123entus, l\u012bgumsl\u0113dz\u0113jus, ties\u012bbu p\u0101r\u0146\u0113m\u0113jus un pilnvarotos) neuz\u0146emas nek\u0101du atbild\u012bbu par zaud\u0113jumiem vai kait\u0113jumu, kas radies jebkurai personai, uzticoties Inform\u0101cijai vai jebkurai citai inform\u0101cijai, kas iek\u013cauta atsauces veid\u0101.<\/li>\n<\/div><\/ul>\n<\/div>\n\n<div class=\"default-block container\">\n<h2>Piem\u0113rojamais r\u012bc\u012bbas kodekss<\/h2>\n<\/div>\n\n<div class=\"default-block container\">\n<p><em>Octapharma AG<\/em> cen\u0161as iev\u0113rot IFPMA prakses kodeksa noteikumus. Min\u0113t\u0101 koda jaun\u0101k\u0101 versija ir pieejama \u0161aj\u0101 vietn\u0113:&nbsp;<a href=\"https:\/\/www.ifpma.org\/resource-centre\/ifpma-code-of-practice\/\" target=\"_blank\" rel=\"noreferrer noopener\">https:\/\/www.ifpma.org\/resource-centre\/ifpma-code-of-practice\/<\/a><\/p>\n<\/div>\n\n<div class=\"default-block container\">\n<h2>Atbild\u012bbas ierobe\u017eojumi<\/h2>\n<\/div>\n\n<div class=\"default-block container\">\n<p><em>Octapharma AG<\/em> (ieskaitot t\u0101s direktorus, fili\u0101les, vad\u012bt\u0101jus, darbiniekus, a\u0123entus, l\u012bgumsl\u0113dz\u0113jus, ties\u012bbu p\u0101r\u0146\u0113m\u0113jus un pilnvarotos) nek\u0101d\u0101 gad\u012bjum\u0101 nav atbild\u012bga par jebk\u0101diem tie\u0161iem, netie\u0161iem, sodo\u0161iem, nejau\u0161iem, \u012bpa\u0161iem, netie\u0161iem zaud\u0113jumiem vai jebk\u0101diem zaud\u0113jumiem, tostarp, bez ierobe\u017eojuma, lieto\u0161anas, datu, pe\u013c\u0146as vai iesp\u0113ju zaud\u0113jumiem, kas izriet no \u0161\u012bs t\u012bmek\u013ca vietnes izmanto\u0161anas vai darb\u012bbas vai jebk\u0101d\u0101 veid\u0101 saist\u012bti ar to.<\/p>\n<\/div>\n\n<div class=\"default-block container\">\n<h2>Tre\u0161\u0101s puses t\u012bmek\u013ca vietne<\/h2>\n<\/div>\n\n<div class=\"default-block container\">\n<p>J\u016bsu \u0113rt\u012bbai <em>Octapharma AG<\/em> \u0161aj\u0101 t\u012bmek\u013ca vietn\u0113 var nodro\u0161in\u0101t saites uz citu uz\u0146\u0113mumu t\u012bmek\u013ca vietn\u0113m. Ja izmantosiet \u0161\u012bs t\u012bmek\u013ca vietnes, j\u016bs pamet\u012bsiet t\u012bmek\u013ca vietni. Ja izlemjat apmekl\u0113t k\u0101du saist\u012bto t\u012bmek\u013ca vietni, j\u016bs to dar\u0101t uz savu atbild\u012bbu, un j\u016bsu pien\u0101kums ir veikt visus aizsardz\u012bbas pas\u0101kumus pret v\u012brusiem vai citiem destrukt\u012bviem elementiem.<\/p>\n<\/div>\n\n<div class=\"default-block container\">\n<p><em>Octapharma AG<\/em> (ieskaitot t\u0101s direktorus, fili\u0101les, vad\u012bt\u0101jus, darbiniekus, a\u0123entus, l\u012bgumsl\u0113dz\u0113jus, ties\u012bbu p\u0101r\u0146\u0113m\u0113jus un pilnvarotos) nesniedz nek\u0101das garantijas vai apliecin\u0101jumus un neatbalsta nek\u0101das saist\u012bt\u0101s t\u012bmek\u013ca vietnes vai taj\u0101s public\u0113to inform\u0101ciju, k\u0101 ar\u012b taj\u0101s aprakst\u012btos produktus vai pakalpojumus.<\/p>\n<\/div>\n\n<div class=\"default-block container\">\n<p>Saites nenoz\u012bm\u0113, ka <em>Octapharma AG<\/em> ir saist\u012bta vai asoci\u0113ta ar jebkuru pre\u010du z\u012bmi, tirdzniec\u012bbas nosaukumu, logotipu vai autorties\u012bbu simbolu, kas par\u0101d\u0101s sait\u0113s vai ir pieejams caur sait\u0113m, vai ka jebkura saist\u012bt\u0101 t\u012bmek\u013ca vietne ir pilnvarota izmantot jebkuru <em>Octapharma AG<\/em> pre\u010du z\u012bmi, tirdzniec\u012bbas nosaukumu, logotipu vai autorties\u012bbu simbolu. Visas saites uz \u0161o t\u012bmek\u013ca vietni ir j\u0101apstiprina <em>Octapharma AG. Octapharma AG<\/em> patur ties\u012bbas jebkur\u0101 br\u012bd\u012b p\u0113c saviem ieskatiem atsaukt \u0161o piekri\u0161anu saites izveidei.<\/p>\n<\/div>\n\n<div class=\"default-block container\">\n<h2>Piem\u0113rojamie ties\u012bbu akti<\/h2>\n<\/div>\n\n<div class=\"default-block container\">\n<p>\u0160ie lieto\u0161anas noteikumi, k\u0101 ar\u012b priv\u0101tuma politika un jebk\u0101du str\u012bdu iz\u0161\u0137ir\u0161ana saist\u012bb\u0101 ar \u0161iem lieto\u0161anas noteikumiem un\/vai priv\u0101tuma politiku ir interpret\u0113jami saska\u0146\u0101 ar \u0160veices likumiem. Ekskluz\u012bv\u0101 jurisdikcijas vieta ir Lahena<em>, SZ<\/em>, \u0160veice.<\/p>\n<\/div>","protected":false},"excerpt":{"rendered":"<p>Lieto\u0161anas noteikumi \u0160o t\u012bmek\u013ca vietni finans\u0113 Octapharma AG, Seidenstrasse 2, 8853 Lachen SZ, \u0160veice, un t\u0101 ir izstr\u0101d\u0101ta sadarb\u012bb\u0101 ar medic\u012bnas ekspertiem dr. Fernando Koralesu-Medinu (Fernando Corrales-Medina, Maiami Universit\u0101tes Millera Medic\u012bnas skolas kl\u012bnisk\u0101s pediatrijas asoci\u0113to profesoru no ASV), profesoru \u0112riku Berntorpu (Erik Berntorp, Lundas Universit\u0101tes kl\u012bnisk\u0101s koagul\u0101cijas izp\u0113tes profesoru no Zviedrijas) un vi\u0146u starptautisko ekspertu [&hellip;]<\/p>\n","protected":false},"author":1,"featured_media":0,"parent":0,"menu_order":0,"comment_status":"closed","ping_status":"closed","template":"front-page.php","meta":{"inline_featured_image":false},"acf":[],"yoast_head":"<!-- This site is optimized with the Yoast SEO plugin v20.4 - https:\/\/yoast.com\/wordpress\/plugins\/seo\/ -->\n<title>Juridiskais pazi\u0146ojums - Latvia<\/title>\n<meta name=\"robots\" content=\"index, follow, max-snippet:-1, max-image-preview:large, max-video-preview:-1\" \/>\n<link rel=\"canonical\" href=\"https:\/\/vwdtest.com\/lv\/legal-statement\/\" \/>\n<meta property=\"og:locale\" content=\"en_US\" \/>\n<meta property=\"og:type\" content=\"article\" \/>\n<meta property=\"og:title\" content=\"Juridiskais pazi\u0146ojums - Latvia\" \/>\n<meta property=\"og:description\" content=\"Lieto\u0161anas noteikumi \u0160o t\u012bmek\u013ca vietni finans\u0113 Octapharma AG, Seidenstrasse 2, 8853 Lachen SZ, \u0160veice, un t\u0101 ir izstr\u0101d\u0101ta sadarb\u012bb\u0101 ar medic\u012bnas ekspertiem dr. Fernando Koralesu-Medinu (Fernando Corrales-Medina, Maiami Universit\u0101tes Millera Medic\u012bnas skolas kl\u012bnisk\u0101s pediatrijas asoci\u0113to profesoru no ASV), profesoru \u0112riku Berntorpu (Erik Berntorp, Lundas Universit\u0101tes kl\u012bnisk\u0101s koagul\u0101cijas izp\u0113tes profesoru no Zviedrijas) un vi\u0146u starptautisko ekspertu [&hellip;]\" \/>\n<meta property=\"og:url\" content=\"https:\/\/vwdtest.com\/lv\/legal-statement\/\" \/>\n<meta property=\"og:site_name\" content=\"Latvia\" \/>\n<meta property=\"article:modified_time\" content=\"2026-03-12T11:30:54+00:00\" \/>\n<meta name=\"twitter:card\" content=\"summary_large_image\" \/>\n<meta name=\"twitter:label1\" content=\"Est. reading time\" \/>\n\t<meta name=\"twitter:data1\" content=\"5 minutes\" \/>\n<script type=\"application\/ld+json\" class=\"yoast-schema-graph\">{\"@context\":\"https:\/\/schema.org\",\"@graph\":[{\"@type\":\"WebPage\",\"@id\":\"https:\/\/vwdtest.com\/lv\/legal-statement\/\",\"url\":\"https:\/\/vwdtest.com\/lv\/legal-statement\/\",\"name\":\"Juridiskais pazi\u0146ojums - Latvia\",\"isPartOf\":{\"@id\":\"https:\/\/vwdtest.com\/lv\/#website\"},\"datePublished\":\"2023-02-21T21:22:33+00:00\",\"dateModified\":\"2026-03-12T11:30:54+00:00\",\"breadcrumb\":{\"@id\":\"https:\/\/vwdtest.com\/lv\/legal-statement\/#breadcrumb\"},\"inLanguage\":\"en-US\",\"potentialAction\":[{\"@type\":\"ReadAction\",\"target\":[\"https:\/\/vwdtest.com\/lv\/legal-statement\/\"]}]},{\"@type\":\"BreadcrumbList\",\"@id\":\"https:\/\/vwdtest.com\/lv\/legal-statement\/#breadcrumb\",\"itemListElement\":[{\"@type\":\"ListItem\",\"position\":1,\"name\":\"Home\",\"item\":\"https:\/\/vwdtest.com\/lv\/\"},{\"@type\":\"ListItem\",\"position\":2,\"name\":\"Juridiskais pazi\u0146ojums\"}]},{\"@type\":\"WebSite\",\"@id\":\"https:\/\/vwdtest.com\/lv\/#website\",\"url\":\"https:\/\/vwdtest.com\/lv\/\",\"name\":\"Latvia\",\"description\":\"\",\"potentialAction\":[{\"@type\":\"SearchAction\",\"target\":{\"@type\":\"EntryPoint\",\"urlTemplate\":\"https:\/\/vwdtest.com\/lv\/?s={search_term_string}\"},\"query-input\":\"required name=search_term_string\"}],\"inLanguage\":\"en-US\"}]}<\/script>\n<!-- \/ Yoast SEO plugin. -->","yoast_head_json":{"title":"Juridiskais pazi\u0146ojums - Latvia","robots":{"index":"index","follow":"follow","max-snippet":"max-snippet:-1","max-image-preview":"max-image-preview:large","max-video-preview":"max-video-preview:-1"},"canonical":"https:\/\/vwdtest.com\/lv\/legal-statement\/","og_locale":"en_US","og_type":"article","og_title":"Juridiskais pazi\u0146ojums - Latvia","og_description":"Lieto\u0161anas noteikumi \u0160o t\u012bmek\u013ca vietni finans\u0113 Octapharma AG, Seidenstrasse 2, 8853 Lachen SZ, \u0160veice, un t\u0101 ir izstr\u0101d\u0101ta sadarb\u012bb\u0101 ar medic\u012bnas ekspertiem dr. Fernando Koralesu-Medinu (Fernando Corrales-Medina, Maiami Universit\u0101tes Millera Medic\u012bnas skolas kl\u012bnisk\u0101s pediatrijas asoci\u0113to profesoru no ASV), profesoru \u0112riku Berntorpu (Erik Berntorp, Lundas Universit\u0101tes kl\u012bnisk\u0101s koagul\u0101cijas izp\u0113tes profesoru no Zviedrijas) un vi\u0146u starptautisko ekspertu [&hellip;]","og_url":"https:\/\/vwdtest.com\/lv\/legal-statement\/","og_site_name":"Latvia","article_modified_time":"2026-03-12T11:30:54+00:00","twitter_card":"summary_large_image","twitter_misc":{"Est. reading time":"5 minutes"},"schema":{"@context":"https:\/\/schema.org","@graph":[{"@type":"WebPage","@id":"https:\/\/vwdtest.com\/lv\/legal-statement\/","url":"https:\/\/vwdtest.com\/lv\/legal-statement\/","name":"Juridiskais pazi\u0146ojums - Latvia","isPartOf":{"@id":"https:\/\/vwdtest.com\/lv\/#website"},"datePublished":"2023-02-21T21:22:33+00:00","dateModified":"2026-03-12T11:30:54+00:00","breadcrumb":{"@id":"https:\/\/vwdtest.com\/lv\/legal-statement\/#breadcrumb"},"inLanguage":"en-US","potentialAction":[{"@type":"ReadAction","target":["https:\/\/vwdtest.com\/lv\/legal-statement\/"]}]},{"@type":"BreadcrumbList","@id":"https:\/\/vwdtest.com\/lv\/legal-statement\/#breadcrumb","itemListElement":[{"@type":"ListItem","position":1,"name":"Home","item":"https:\/\/vwdtest.com\/lv\/"},{"@type":"ListItem","position":2,"name":"Juridiskais pazi\u0146ojums"}]},{"@type":"WebSite","@id":"https:\/\/vwdtest.com\/lv\/#website","url":"https:\/\/vwdtest.com\/lv\/","name":"Latvia","description":"","potentialAction":[{"@type":"SearchAction","target":{"@type":"EntryPoint","urlTemplate":"https:\/\/vwdtest.com\/lv\/?s={search_term_string}"},"query-input":"required name=search_term_string"}],"inLanguage":"en-US"}]}},"_links":{"self":[{"href":"https:\/\/vwdtest.com\/lv\/wp-json\/wp\/v2\/pages\/263"}],"collection":[{"href":"https:\/\/vwdtest.com\/lv\/wp-json\/wp\/v2\/pages"}],"about":[{"href":"https:\/\/vwdtest.com\/lv\/wp-json\/wp\/v2\/types\/page"}],"author":[{"embeddable":true,"href":"https:\/\/vwdtest.com\/lv\/wp-json\/wp\/v2\/users\/1"}],"replies":[{"embeddable":true,"href":"https:\/\/vwdtest.com\/lv\/wp-json\/wp\/v2\/comments?post=263"}],"version-history":[{"count":7,"href":"https:\/\/vwdtest.com\/lv\/wp-json\/wp\/v2\/pages\/263\/revisions"}],"predecessor-version":[{"id":3139,"href":"https:\/\/vwdtest.com\/lv\/wp-json\/wp\/v2\/pages\/263\/revisions\/3139"}],"wp:attachment":[{"href":"https:\/\/vwdtest.com\/lv\/wp-json\/wp\/v2\/media?parent=263"}],"curies":[{"name":"wp","href":"https:\/\/api.w.org\/{rel}","templated":true}]}}