{"id":259,"date":"2023-02-21T21:13:32","date_gmt":"2023-02-21T21:13:32","guid":{"rendered":"https:\/\/new.vwdtest.com\/lv\/?page_id=259"},"modified":"2026-04-09T06:10:14","modified_gmt":"2026-04-09T06:10:14","slug":"hcp-vwd","status":"publish","type":"page","link":"https:\/\/vwdtest.com\/lv\/hcp-vwd\/","title":{"rendered":"<strong>VAS UN VS<\/strong>"},"content":{"rendered":"\r\n\r\n<div class=\"container hb\">\r\n\t<div class=\"row\">\r\n\t\t<div class=\"col-12 col-lg-6 rtl\">\t\t<div class=\"hb__video ltr\">\r\n\t\t\t<div class=\"hb__video-img play_video\" data-video=\"video_hba\"><img decoding=\"async\" src=\"https:\/\/vwdtest.com\/lv\/wp-content\/uploads\/sites\/76\/2023\/12\/VWD-thumbs-Corrales-English.png\"\r\n\t\t\t\t\tclass=\"hb__video-image\"><\/div>\r\n\t\t\t<div class=\"hb__video-text\">\r\n\t\t\t\t<h3 class=\"hb__video-title\">\r\n\t\t\t\t\tUzziniet vair\u0101k par<br \/>\r\nVWDtest iniciat\u012bvu<br \/>\r\n\t\t\t\t<\/h3>\r\n\t\t\t\t<button id=\"hcp_video\" class=\"hb__video-button button__large play_video\" data-video=\"video_hba\">\r\n\t\t\t\t\tSkat\u012bt\t\t\t\t<\/button>\r\n\t\t\t<\/div>\r\n\t\t<\/div>\r\n\t\t<div class=\"hb__add-text\">\r\n\t\t\t<p><strong>Vietni vwdtest.com\/lv ir izstr\u0101d\u0101jis dr. Fernando Koraless-Medina (<em>Fernando Corrales-Medina, <\/em>Maiami Universit\u0101tes Millera Medic\u012bnas skolas kl\u012bnisk\u0101s pediatrijas asoci\u0113tais profesors no ASV), profesors \u0112riks Berntrops (<em>Erik Berntorp, <\/em>Lundas Universit\u0101te kl\u012bnisk\u0101s koagul\u0101cijas izp\u0113tes profesors no Zviedrijas) un vi\u0146u starptautisko ekspertu komanda asinsreces trauc\u0113jumu jom\u0101, lai atbild\u0113tu uz j\u016bsu jaut\u0101jumiem par patolo\u0123iskas asi\u0146o\u0161anas simptomiem un Villebranda slim\u012bbu (VS).<\/strong><\/p>\n\t\t<\/div>\r\n\t\t<h1>\r\n\t\t\tVisi kop\u0101: r\u016bpes par cilv\u0113kiem ar VS\t\t<\/h1>\r\n\t\t<p>&nbsp;<\/p>\n<ul>\n<li>Vai k\u0101ds no j\u016bsu pacientiem ir noba\u017e\u012bjies par bie\u017eu deguna asi\u0146o\u0161anu vai sp\u0113c\u012bg\u0101m menstru\u0101cij\u0101m?<\/li>\n<li>Vai vec\u0101ki ir noba\u017e\u012bju\u0161ies, ka vi\u0146u b\u0113rnam tik viegli rodas zilumi?<\/li>\n<li>Vai ar jums ir sazin\u0101jies pacients ar Villebranda slim\u012bbu, kas v\u0113las sa\u0146emt \u0101rst\u0113\u0161anu, vai ar\u012b k\u0101dam no j\u016bsu past\u0101v\u012bgajiem pacientiem nesen ir diagnostic\u0113ta \u0161\u012b slim\u012bba?<\/li>\n<li>Vai j\u016bs dom\u0101jat, ka asi\u0146o\u0161ana nesen veiktas proced\u016bras laik\u0101 liecina par nediagnostic\u0113tiem asinsreces trauc\u0113jumiem?<\/li>\n<\/ul>\n<p>&nbsp;<\/p>\n<p><strong>Daudzi pacienti ar <\/strong><a href=\"https:\/\/vwdtest.com\/lv\/von-willebrand-disease\/\"><strong>Villebranda slim\u012bbu<\/strong><\/a><strong> (VS) nav inform\u0113ti par savu st\u0101vokli, un diagnozes noteik\u0161ana vi\u0146iem joproj\u0101m ir izaicin\u0101jums. Vietne vwdtest.com\/lv sniedz atbalstu, identific\u0113jot pacientus, kuriem ir asinsreces trauc\u0113jumi, un nosakot vi\u0146iem diagnozi. J\u016bs atrad\u012bsiet ar\u012b nor\u0101d\u012bjumus par savu lomu pacienta \u0101rst\u0113\u0161anas proces\u0101 un ekspertu ieteikumus par VS \u0101rst\u0113\u0161anu. VS diagnostika un \u0101rst\u0113\u0161ana vienm\u0113r ir starpdiscipl\u012bnu darbs, un j\u016bsu ieguld\u012bjums un pieredze ir b\u016btiska, lai nodro\u0161in\u0101tu pacientiem pien\u0101c\u012bgu apr\u016bpi.<\/strong><\/p>\n\t<\/div>\r\n\t<div class=\"col-12 col-lg-6\">\r\n\t<div class=\"hb__persons row\">\r\n\t\t\t\t\t\t\t\t\r\n\t\t\t\t<div class=\"hb__person col-6\" id=\"person_1\">\r\n\t\t\t\t\t<img decoding=\"async\" class=\"hb__person-image hbi\" src=\"https:\/\/vwdtest.com\/lv\/wp-content\/uploads\/sites\/76\/2023\/02\/gynaecologist.png\"\r\n\t\t\t\t\t\talt=\"GINEKOLOGS\/ &lt;br&gt;DZEMDNIEC\u012aBAS SPECI\u0100LISTS\">\r\n\t\t\t\t\t<a href=\"\/lv\/vwd-and-gynaecology-obstetrics\/\" class=\"hb__person-button hbb\">\r\n\t\t\t\t\t\t<div class=\"hb__person-text\">\r\n\t\t\t\t\t\t\t<span class=\"hb__person-content\">\r\n\t\t\t\t\t\t\t\tGINEKOLOGS\/ <br>DZEMDNIEC\u012aBAS SPECI\u0100LISTS<span class=\"hb__person-content-arrow\"><\/span>\r\n\t\t\t\t\t\t\t<\/span>\r\n\t\t\t\t\t\t\t<span class=\"hb__person-bg\">\r\n\t\t\t\t\t\t\t\t<span class=\"hb__person-arrow triangle up hba\"><\/span>\r\n\t\t\t\t\t\t\t<\/span>\r\n\t\t\t\t\t\t<\/div>\r\n\t\t\t\t\t<\/a>\r\n\t\t\t\t<\/div>\r\n\t\t\t\t\t\t\t\r\n\t\t\t\t<div class=\"hb__person col-6\" id=\"person_2\">\r\n\t\t\t\t\t<img decoding=\"async\" class=\"hb__person-image hbi\" src=\"https:\/\/vwdtest.com\/lv\/wp-content\/uploads\/sites\/76\/2023\/02\/dentist.png\"\r\n\t\t\t\t\t\talt=\"STOMATOLOGS\">\r\n\t\t\t\t\t<a href=\"\/lv\/vwd-and-denstistry\/\" class=\"hb__person-button hbb\">\r\n\t\t\t\t\t\t<div class=\"hb__person-text\">\r\n\t\t\t\t\t\t\t<span class=\"hb__person-content\">\r\n\t\t\t\t\t\t\t\tSTOMATOLOGS<span class=\"hb__person-content-arrow\"><\/span>\r\n\t\t\t\t\t\t\t<\/span>\r\n\t\t\t\t\t\t\t<span class=\"hb__person-bg\">\r\n\t\t\t\t\t\t\t\t<span class=\"hb__person-arrow triangle up hba\"><\/span>\r\n\t\t\t\t\t\t\t<\/span>\r\n\t\t\t\t\t\t<\/div>\r\n\t\t\t\t\t<\/a>\r\n\t\t\t\t<\/div>\r\n\t\t\t\t\t\t\t\r\n\t\t\t\t<div class=\"hb__person col-6\" id=\"person_3\">\r\n\t\t\t\t\t<img decoding=\"async\" class=\"hb__person-image hbi\" src=\"https:\/\/vwdtest.com\/lv\/wp-content\/uploads\/sites\/76\/2023\/02\/resources.png\"\r\n\t\t\t\t\t\talt=\"\u0122IMENES \u0100RSTS \/ &lt;br&gt;PEDIATRS\">\r\n\t\t\t\t\t<a href=\"\/lv\/family-doctor-paediatrician\/\" class=\"hb__person-button hbb\">\r\n\t\t\t\t\t\t<div class=\"hb__person-text\">\r\n\t\t\t\t\t\t\t<span class=\"hb__person-content\">\r\n\t\t\t\t\t\t\t\t\u0122IMENES \u0100RSTS \/ <br>PEDIATRS<span class=\"hb__person-content-arrow\"><\/span>\r\n\t\t\t\t\t\t\t<\/span>\r\n\t\t\t\t\t\t\t<span class=\"hb__person-bg\">\r\n\t\t\t\t\t\t\t\t<span class=\"hb__person-arrow triangle up hba\"><\/span>\r\n\t\t\t\t\t\t\t<\/span>\r\n\t\t\t\t\t\t<\/div>\r\n\t\t\t\t\t<\/a>\r\n\t\t\t\t<\/div>\r\n\t\t\t\t\t\t\t\r\n\t\t\t\t<div class=\"hb__person col-6\" id=\"person_4\">\r\n\t\t\t\t\t<img decoding=\"async\" class=\"hb__person-image hbi\" src=\"https:\/\/vwdtest.com\/lv\/wp-content\/uploads\/sites\/76\/2023\/02\/family-doctor.png\"\r\n\t\t\t\t\t\talt=\"RESURSI&lt;br&gt;\u0100RSTIEM\">\r\n\t\t\t\t\t<a href=\"\/lv\/clinician-materials\/\" class=\"hb__person-button hbb\">\r\n\t\t\t\t\t\t<div class=\"hb__person-text\">\r\n\t\t\t\t\t\t\t<span class=\"hb__person-content\">\r\n\t\t\t\t\t\t\t\tRESURSI<br>\u0100RSTIEM<span class=\"hb__person-content-arrow\"><\/span>\r\n\t\t\t\t\t\t\t<\/span>\r\n\t\t\t\t\t\t\t<span class=\"hb__person-bg\">\r\n\t\t\t\t\t\t\t\t<span class=\"hb__person-arrow triangle up hba\"><\/span>\r\n\t\t\t\t\t\t\t<\/span>\r\n\t\t\t\t\t\t<\/div>\r\n\t\t\t\t\t<\/a>\r\n\t\t\t\t<\/div>\r\n\t\t\t\t\t\t\t\t\t\t<\/div>\r\n<\/div>\r\n<!-- <div class=\"row\">\r\n\t<div class=\"col-12 col-lg-5\">\r\n\t\t<div class=\"hb__video\">\r\n\t\t\t<div class=\"hb__video-img play_video\" data-video=\"video_hba\"><img decoding=\"async\" src=\"https:\/\/vwdtest.com\/lv\/wp-content\/uploads\/sites\/76\/2023\/12\/VWD-thumbs-Corrales-English.png\"\r\n\t\t\t\t\tclass=\"hb__video-image\"><\/div>\r\n\t\t\t<div class=\"hb__video-text\">\r\n\t\t\t\t<h3 class=\"hb__video-title\">\r\n\t\t\t\t\tUzziniet vair\u0101k par<br \/>\r\nVWDtest iniciat\u012bvu<br \/>\r\n\t\t\t\t<\/h3>\r\n\t\t\t\t<button class=\"hb__video-button button__large play_video\" data-video=\"video_hba\">\r\n\t\t\t\t\tSkat\u012bt\t\t\t\t<\/button>\r\n\t\t\t<\/div>\r\n\t\t<\/div>\r\n\t<\/div>\r\n\t<div class=\"col-12 col-lg-7\">\r\n\t\t<div class=\"hb__add-text\">\r\n\t\t\t<p><strong>Vietni vwdtest.com\/lv ir izstr\u0101d\u0101jis dr. Fernando Koraless-Medina (<em>Fernando Corrales-Medina, <\/em>Maiami Universit\u0101tes Millera Medic\u012bnas skolas kl\u012bnisk\u0101s pediatrijas asoci\u0113tais profesors no ASV), profesors \u0112riks Berntrops (<em>Erik Berntorp, <\/em>Lundas Universit\u0101te kl\u012bnisk\u0101s koagul\u0101cijas izp\u0113tes profesors no Zviedrijas) un vi\u0146u starptautisko ekspertu komanda asinsreces trauc\u0113jumu jom\u0101, lai atbild\u0113tu uz j\u016bsu jaut\u0101jumiem par patolo\u0123iskas asi\u0146o\u0161anas simptomiem un Villebranda slim\u012bbu (VS).<\/strong><\/p>\n\t\t<\/div>\r\n\t<\/div>\r\n<\/div> -->\r\n<\/div>\r\n\r\n<div class=\"video\" id=\"video_hba\">\r\n\t<div class=\"video__box\">\r\n\t\t<div class=\"popup-close-icon\"><img\r\n\t\t\t\tsrc=\"https:\/\/vwdtest.com\/fr\/wp-content\/uploads\/sites\/22\/2023\/09\/cross-icon1.svg\" alt=\"cross-icon\">\r\n\t\t<\/div>\r\n\t\t<video width=\"320\" height=\"240\" controls>\r\n\t\t\t<source src=\"https:\/\/vwdtest.com\/lv\/wp-content\/uploads\/sites\/76\/2023\/12\/VWD-Test-Main-Video_12_Corrales-EN.mp4\" type=\"video\/mp4\">\r\n\t\t\tYour browser does not support the video tag.\r\n\t\t\t\t\t<\/video>\r\n\t<\/div>\r\n<\/div>","protected":false},"excerpt":{"rendered":"","protected":false},"author":1,"featured_media":0,"parent":0,"menu_order":0,"comment_status":"closed","ping_status":"closed","template":"front-page.php","meta":{"inline_featured_image":false},"acf":[],"yoast_head":"<!-- This site is optimized with the Yoast SEO plugin v20.4 - https:\/\/yoast.com\/wordpress\/plugins\/seo\/ -->\n<title>VAS UN VS - Latvia<\/title>\n<meta name=\"robots\" content=\"index, follow, max-snippet:-1, max-image-preview:large, max-video-preview:-1\" \/>\n<link rel=\"canonical\" href=\"https:\/\/vwdtest.com\/lv\/hcp-vwd\/\" \/>\n<meta property=\"og:locale\" content=\"en_US\" \/>\n<meta property=\"og:type\" content=\"article\" \/>\n<meta property=\"og:title\" content=\"VAS UN VS - Latvia\" \/>\n<meta property=\"og:url\" content=\"https:\/\/vwdtest.com\/lv\/hcp-vwd\/\" \/>\n<meta property=\"og:site_name\" content=\"Latvia\" \/>\n<meta property=\"article:modified_time\" content=\"2026-04-09T06:10:14+00:00\" \/>\n<meta name=\"twitter:card\" content=\"summary_large_image\" \/>\n<script type=\"application\/ld+json\" class=\"yoast-schema-graph\">{\"@context\":\"https:\/\/schema.org\",\"@graph\":[{\"@type\":\"WebPage\",\"@id\":\"https:\/\/vwdtest.com\/lv\/hcp-vwd\/\",\"url\":\"https:\/\/vwdtest.com\/lv\/hcp-vwd\/\",\"name\":\"VAS UN VS - Latvia\",\"isPartOf\":{\"@id\":\"https:\/\/vwdtest.com\/lv\/#website\"},\"datePublished\":\"2023-02-21T21:13:32+00:00\",\"dateModified\":\"2026-04-09T06:10:14+00:00\",\"breadcrumb\":{\"@id\":\"https:\/\/vwdtest.com\/lv\/hcp-vwd\/#breadcrumb\"},\"inLanguage\":\"en-US\",\"potentialAction\":[{\"@type\":\"ReadAction\",\"target\":[\"https:\/\/vwdtest.com\/lv\/hcp-vwd\/\"]}]},{\"@type\":\"BreadcrumbList\",\"@id\":\"https:\/\/vwdtest.com\/lv\/hcp-vwd\/#breadcrumb\",\"itemListElement\":[{\"@type\":\"ListItem\",\"position\":1,\"name\":\"Home\",\"item\":\"https:\/\/vwdtest.com\/lv\/\"},{\"@type\":\"ListItem\",\"position\":2,\"name\":\"VAS UN VS\"}]},{\"@type\":\"WebSite\",\"@id\":\"https:\/\/vwdtest.com\/lv\/#website\",\"url\":\"https:\/\/vwdtest.com\/lv\/\",\"name\":\"Latvia\",\"description\":\"\",\"potentialAction\":[{\"@type\":\"SearchAction\",\"target\":{\"@type\":\"EntryPoint\",\"urlTemplate\":\"https:\/\/vwdtest.com\/lv\/?s={search_term_string}\"},\"query-input\":\"required name=search_term_string\"}],\"inLanguage\":\"en-US\"}]}<\/script>\n<!-- \/ Yoast SEO plugin. -->","yoast_head_json":{"title":"VAS UN VS - Latvia","robots":{"index":"index","follow":"follow","max-snippet":"max-snippet:-1","max-image-preview":"max-image-preview:large","max-video-preview":"max-video-preview:-1"},"canonical":"https:\/\/vwdtest.com\/lv\/hcp-vwd\/","og_locale":"en_US","og_type":"article","og_title":"VAS UN VS - Latvia","og_url":"https:\/\/vwdtest.com\/lv\/hcp-vwd\/","og_site_name":"Latvia","article_modified_time":"2026-04-09T06:10:14+00:00","twitter_card":"summary_large_image","schema":{"@context":"https:\/\/schema.org","@graph":[{"@type":"WebPage","@id":"https:\/\/vwdtest.com\/lv\/hcp-vwd\/","url":"https:\/\/vwdtest.com\/lv\/hcp-vwd\/","name":"VAS UN VS - Latvia","isPartOf":{"@id":"https:\/\/vwdtest.com\/lv\/#website"},"datePublished":"2023-02-21T21:13:32+00:00","dateModified":"2026-04-09T06:10:14+00:00","breadcrumb":{"@id":"https:\/\/vwdtest.com\/lv\/hcp-vwd\/#breadcrumb"},"inLanguage":"en-US","potentialAction":[{"@type":"ReadAction","target":["https:\/\/vwdtest.com\/lv\/hcp-vwd\/"]}]},{"@type":"BreadcrumbList","@id":"https:\/\/vwdtest.com\/lv\/hcp-vwd\/#breadcrumb","itemListElement":[{"@type":"ListItem","position":1,"name":"Home","item":"https:\/\/vwdtest.com\/lv\/"},{"@type":"ListItem","position":2,"name":"VAS UN VS"}]},{"@type":"WebSite","@id":"https:\/\/vwdtest.com\/lv\/#website","url":"https:\/\/vwdtest.com\/lv\/","name":"Latvia","description":"","potentialAction":[{"@type":"SearchAction","target":{"@type":"EntryPoint","urlTemplate":"https:\/\/vwdtest.com\/lv\/?s={search_term_string}"},"query-input":"required name=search_term_string"}],"inLanguage":"en-US"}]}},"_links":{"self":[{"href":"https:\/\/vwdtest.com\/lv\/wp-json\/wp\/v2\/pages\/259"}],"collection":[{"href":"https:\/\/vwdtest.com\/lv\/wp-json\/wp\/v2\/pages"}],"about":[{"href":"https:\/\/vwdtest.com\/lv\/wp-json\/wp\/v2\/types\/page"}],"author":[{"embeddable":true,"href":"https:\/\/vwdtest.com\/lv\/wp-json\/wp\/v2\/users\/1"}],"replies":[{"embeddable":true,"href":"https:\/\/vwdtest.com\/lv\/wp-json\/wp\/v2\/comments?post=259"}],"version-history":[{"count":99,"href":"https:\/\/vwdtest.com\/lv\/wp-json\/wp\/v2\/pages\/259\/revisions"}],"predecessor-version":[{"id":3363,"href":"https:\/\/vwdtest.com\/lv\/wp-json\/wp\/v2\/pages\/259\/revisions\/3363"}],"wp:attachment":[{"href":"https:\/\/vwdtest.com\/lv\/wp-json\/wp\/v2\/media?parent=259"}],"curies":[{"name":"wp","href":"https:\/\/api.w.org\/{rel}","templated":true}]}}