{"id":89,"date":"2023-02-14T13:03:21","date_gmt":"2023-02-14T13:03:21","guid":{"rendered":"https:\/\/new.vwdtest.com\/lt\/?page_id=89"},"modified":"2025-10-09T12:01:28","modified_gmt":"2025-10-09T12:01:28","slug":"vwd-and-denstistry","status":"publish","type":"page","link":"https:\/\/vwdtest.com\/lt\/vwd-and-denstistry\/","title":{"rendered":"VWL IR ODONTOLOGIJA"},"content":{"rendered":"<div class=\"default-block container\">\n<h5 class=\"bleeding-symptoms-title dentist\">Pacientai, sergantys kraujavimo sutrikimais, pvz., hemofilija arba <a href=\"https:\/\/vwdtest.com\/lt\/von-willebrand-disease\/\" target=\"_blank\" rel=\"noreferrer noopener\">von Willebrando liga (VWL)<\/a>&nbsp;patiria didesn\u0119 kraujavimo i\u0161 burnos rizik\u0105 atliekant \u012fprastin\u0119 dant\u0173 prie\u017ei\u016br\u0105.<sup>1,2<\/sup> Kraujuoti gali net i\u0161sivalius dantis ar panaudojus dant\u0173 si\u016bl\u0105, o kraujavimo baim\u0117 gali u\u017ekirsti keli\u0105 pacientams laikytis geros burnos higienos ir reguliariai lankytis pas odontolog\u0105.<sup>2\u20134<\/sup> Netgi pacientai, kurie lankosi pas odontolog\u0105, gali baimintis d\u0117l odontologini\u0173 proced\u016br\u0173, nes turi ankstesn\u0117s blogos patirties arba bijo, kad gali b\u016bti negydomi.<sup>4<\/sup> Be to, daugeliui pacient\u0173, sergan\u010di\u0173 VWL, n\u0117ra nustatyta diagnoz\u0117 ir jie ne\u017eino, kad j\u0173 kraujavimas yra per didelis.<sup>5<\/sup><\/h5>\n<\/div>\n\n<img decoding=\"async\" src=\"https:\/\/vwdtest.com\/lt\/wp-content\/uploads\/sites\/15\/2023\/02\/Dentist-button.png\" alt=\"VWL IR ODONTOLOGIJA\" class=\"page_thumbnail d-xl-none\">\r\n\n\n<div class=\"default-block container\">\n<p class=\"full\">Kraujavimo rizika ir d\u0117l to kylantis nerimas blogina vaik\u0173 ir paaugli\u0173, kurie turi kraujavimo sutrikim\u0173, dant\u0173 sveikat\u0105.<sup>2<\/sup> Netur\u0117dami \u017eini\u0173 ir negaudami gydymo \u0161ie pacientai gali patekti \u012f u\u017eburt\u0105 da\u017eno kraujavimo i\u0161 danten\u0173 rat\u0105 ir d\u0117l to apleis dant\u0173 prie\u017ei\u016br\u0105, o tai lemia prast\u0117jan\u010di\u0105 burnos sveikat\u0105.<sup>3<\/sup> Kad apsaugot\u0173 savo burnos sveikat\u0105 ir gyvenimo kokyb\u0119, \u0161ie pacientai ir j\u0173 slaugytojai turi tur\u0117ti patikim\u0105 odontologijos paslaug\u0173 teik\u0117j\u0105, patariant\u012f jiems profilaktin\u0117s prie\u017ei\u016bros klausimais ir u\u017etikrinant\u012f reguliari\u0105 patikr\u0105.<\/p>\n<\/div>\n\n<div class=\"default-block container\">\n<h3>Dant\u0173 prie\u017ei\u016bros paslaug\u0173 teik\u0117j\u0173 vaidmuo<\/h3>\n<\/div>\n\n<div class=\"default-block container\">\n<p class=\"full\">Kaip dant\u0173 prie\u017ei\u016bros paslaug\u0173 teik\u0117jas, j\u016bs turite unikali\u0105 galimyb\u0119 pad\u0117ti i\u0161ai\u0161kinti pacientus, kuriems gali b\u016bti naudingas tolesnis kraujavimo sutrikimo diagnostinis \u012fvertinimas. Daugeliui \u017emoni\u0173 vizitai pas vietin\u012f odontolog\u0105 yra vienintelis reguliarus kontaktas su vietine sveikatos prie\u017ei\u016bros sistema.<sup>2<\/sup> Be to, danties traukimas kai kuriems pacientams da\u017enai gali b\u016bti pirmoji operacija, taigi ir didelis hemostaz\u0117s i\u0161\u0161\u016bkis. Taigi per didelis kraujavimas tokios proced\u016bros metu arba po jos gali b\u016bti pirma galimyb\u0117 diagnozuoti neatpa\u017eint\u0105 kraujavimo sutrikim\u0105.<\/p>\n<\/div>\n\n<div class=\"default-block container\">\n<p class=\"full\">D\u0117l s\u0105moningumo stokos ir sud\u0117tingo diagnostinio darbo diagnozuoti VWL yra sud\u0117tinga u\u017eduotis.<sup>5<\/sup> Jei neseniai pasteb\u0117jote, kad vienas i\u0161 j\u016bs\u0173 pacient\u0173 \u0117m\u0117 netik\u0117tai kraujuoti, rekomenduojame jam atlikti <a href=\"https:\/\/vwdtest.com\/lt\/take-test\/\" data-type=\"page\" data-id=\"58\">kraujavimo test\u0105<\/a>. Testas parodys, ar reikalingi tolesni tyrimai \u2013 ir tai gali pakeisti j\u016bs\u0173 paciento gyvenim\u0105!<\/p>\n<\/div>\n\n<div class=\"default-block container\">\n<p class=\"full\">Kadangi pacientai, turintys kraujavimo sutrikim\u0173, gali vengti tikrintis dantis, nes baiminasi kraujavimo, siekiant apsaugoti j\u0173 burnos sveikat\u0105 ir gyvenimo kokyb\u0119, reik\u0117t\u0173 skatinti reguliarius tolesnius vizitus.<sup>4<\/sup> Gydytojai, norintys gydyti kraujavimo sutrikim\u0173 turin\u010dius pacientus, gali gauti gydymo rekomendacij\u0173.<sup>3,6<\/sup> Paprastai VWL sergan\u010di\u0173 pacient\u0173 dant\u0173 gydymas yra pana\u0161us \u012f hemofilija sergan\u010di\u0173 pacient\u0173 gydym\u0105.<sup>3<\/sup> Did\u017eioji dalis \u012fprastinio nechirurginio gydymo gali b\u016bti teikiama bendrosios odontologijos praktikos specialisto, pasikonsultavus su hematologu, ypa\u010d jei pacientas serga lengva VWL.<sup>3<\/sup> Ligonin\u0117je ir pagal gydymo plan\u0105 turi b\u016bti gydomi tik vidutinio sunkumo ar sunkia liga sergantys pacientai, kuriems atliekami invaziniai dant\u0173 gydymo darbai.<sup>3,6<\/sup><\/p>\n<\/div>\n\n<div class=\"default-block container\">\n<p class=\"full\">Jei norite rasti artimiausi\u0105 hemofilijos gydymo centr\u0105, <a data-type=\"page\" data-id=\"17\" href=\"https:\/\/vwdtest.com\/lt\/helpful-resources\/\">spustel\u0117kite \u010dia.<\/a> VWDtest.com irgi pateikia daugiau informacijos apie VWL etiologij\u0105, diagnoz\u0119 ir valdym\u0105, taip pat \u012f\u017evalg\u0173 koks yra tipi\u0161kas VWL sergan\u010di\u0173 pacient\u0173 gyvenimas.<\/p>\n<\/div>\n\n<div class=\"default-block container\">\n<h6>\u0160altiniai<\/h6>\n<\/div>\n\n<div class=\"default-block container\">\n<ol type=\"1\"><div class=\"default-block container\">\n<li>de Wee EM, et al. <em>Thromb Haemost<\/em> 2012; 108:683-92.<\/li>\n<\/div>\n\n<div class=\"default-block container\">\n<li>Brown MC et al. <em>Haemophilia <\/em>2022; 28:73-9.<\/li>\n<\/div>\n\n<div class=\"default-block container\">\n<li>Anderson JAM et al. <em>Br Dent J<\/em> 2013; 215:497-504.<\/li>\n<\/div>\n\n<div class=\"default-block container\">\n<li>Kalsi H et al. <em>Haemophilia<\/em> 2012; 18:510-5.<\/li>\n<\/div>\n\n<div class=\"default-block container\">\n<li>Corrales-Medina FF et al. <em>Blood Rev<a> <\/a><\/em>2022; 101018.<\/li>\n<\/div>\n\n<div class=\"default-block container\">\n<li>WFH guidelines for dental treatment of patients with inherited bleeding disorders; <a href=\"https:\/\/elearning.wfh.org\/resource\/guidelines-for-dental-treatment-of-patients-with-inherited-bleeding-disorders\/\" target=\"_blank\" rel=\"noreferrer noopener\">https:\/\/elearning.wfh.org\/resource\/guidelines-for-dental-treatment-of-patients-with-inherited-bleeding-disorders\/<\/a>; last accessed Nov 2022.<\/li>\n<\/div><\/ol>\n<\/div>","protected":false},"excerpt":{"rendered":"<p>Pacientai, sergantys kraujavimo sutrikimais, pvz., hemofilija arba von Willebrando liga (VWL)&nbsp;patiria didesn\u0119 kraujavimo i\u0161 burnos rizik\u0105 atliekant \u012fprastin\u0119 dant\u0173 prie\u017ei\u016br\u0105.1,2 Kraujuoti gali net i\u0161sivalius dantis ar panaudojus dant\u0173 si\u016bl\u0105, o kraujavimo baim\u0117 gali u\u017ekirsti keli\u0105 pacientams laikytis geros burnos higienos ir reguliariai lankytis pas odontolog\u0105.2\u20134 Netgi pacientai, kurie lankosi pas odontolog\u0105, gali baimintis d\u0117l odontologini\u0173 [&hellip;]<\/p>\n","protected":false},"author":1,"featured_media":233,"parent":0,"menu_order":0,"comment_status":"closed","ping_status":"closed","template":"","meta":{"inline_featured_image":false},"acf":[],"yoast_head":"<!-- This site is optimized with the Yoast SEO plugin v20.4 - https:\/\/yoast.com\/wordpress\/plugins\/seo\/ -->\n<title>VWL IR ODONTOLOGIJA - Lithuania<\/title>\n<meta name=\"robots\" content=\"index, follow, max-snippet:-1, max-image-preview:large, max-video-preview:-1\" \/>\n<link rel=\"canonical\" href=\"https:\/\/vwdtest.com\/lt\/vwd-and-denstistry\/\" \/>\n<meta property=\"og:locale\" content=\"en_US\" \/>\n<meta property=\"og:type\" content=\"article\" \/>\n<meta property=\"og:title\" content=\"VWL IR ODONTOLOGIJA - Lithuania\" \/>\n<meta property=\"og:description\" content=\"Pacientai, sergantys kraujavimo sutrikimais, pvz., hemofilija arba von Willebrando liga (VWL)&nbsp;patiria didesn\u0119 kraujavimo i\u0161 burnos rizik\u0105 atliekant \u012fprastin\u0119 dant\u0173 prie\u017ei\u016br\u0105.1,2 Kraujuoti gali net i\u0161sivalius dantis ar panaudojus dant\u0173 si\u016bl\u0105, o kraujavimo baim\u0117 gali u\u017ekirsti keli\u0105 pacientams laikytis geros burnos higienos ir reguliariai lankytis pas odontolog\u0105.2\u20134 Netgi pacientai, kurie lankosi pas odontolog\u0105, gali baimintis d\u0117l odontologini\u0173 [&hellip;]\" \/>\n<meta property=\"og:url\" content=\"https:\/\/vwdtest.com\/lt\/vwd-and-denstistry\/\" \/>\n<meta property=\"og:site_name\" content=\"Lithuania\" \/>\n<meta property=\"article:modified_time\" content=\"2025-10-09T12:01:28+00:00\" \/>\n<meta property=\"og:image\" content=\"https:\/\/vwdtest.com\/lt\/wp-content\/uploads\/sites\/15\/2023\/02\/Dentist-button.png\" \/>\n\t<meta property=\"og:image:width\" content=\"772\" \/>\n\t<meta property=\"og:image:height\" content=\"1021\" \/>\n\t<meta property=\"og:image:type\" content=\"image\/png\" \/>\n<meta name=\"twitter:card\" content=\"summary_large_image\" \/>\n<meta name=\"twitter:label1\" content=\"Est. reading time\" \/>\n\t<meta name=\"twitter:data1\" content=\"3 minutes\" \/>\n<script type=\"application\/ld+json\" class=\"yoast-schema-graph\">{\"@context\":\"https:\/\/schema.org\",\"@graph\":[{\"@type\":\"WebPage\",\"@id\":\"https:\/\/vwdtest.com\/lt\/vwd-and-denstistry\/\",\"url\":\"https:\/\/vwdtest.com\/lt\/vwd-and-denstistry\/\",\"name\":\"VWL IR ODONTOLOGIJA - Lithuania\",\"isPartOf\":{\"@id\":\"https:\/\/vwdtest.com\/lt\/#website\"},\"datePublished\":\"2023-02-14T13:03:21+00:00\",\"dateModified\":\"2025-10-09T12:01:28+00:00\",\"breadcrumb\":{\"@id\":\"https:\/\/vwdtest.com\/lt\/vwd-and-denstistry\/#breadcrumb\"},\"inLanguage\":\"en-US\",\"potentialAction\":[{\"@type\":\"ReadAction\",\"target\":[\"https:\/\/vwdtest.com\/lt\/vwd-and-denstistry\/\"]}]},{\"@type\":\"BreadcrumbList\",\"@id\":\"https:\/\/vwdtest.com\/lt\/vwd-and-denstistry\/#breadcrumb\",\"itemListElement\":[{\"@type\":\"ListItem\",\"position\":1,\"name\":\"Home\",\"item\":\"https:\/\/vwdtest.com\/lt\/\"},{\"@type\":\"ListItem\",\"position\":2,\"name\":\"VWL IR ODONTOLOGIJA\"}]},{\"@type\":\"WebSite\",\"@id\":\"https:\/\/vwdtest.com\/lt\/#website\",\"url\":\"https:\/\/vwdtest.com\/lt\/\",\"name\":\"Lithuania\",\"description\":\"\",\"potentialAction\":[{\"@type\":\"SearchAction\",\"target\":{\"@type\":\"EntryPoint\",\"urlTemplate\":\"https:\/\/vwdtest.com\/lt\/?s={search_term_string}\"},\"query-input\":\"required name=search_term_string\"}],\"inLanguage\":\"en-US\"}]}<\/script>\n<!-- \/ Yoast SEO plugin. -->","yoast_head_json":{"title":"VWL IR ODONTOLOGIJA - Lithuania","robots":{"index":"index","follow":"follow","max-snippet":"max-snippet:-1","max-image-preview":"max-image-preview:large","max-video-preview":"max-video-preview:-1"},"canonical":"https:\/\/vwdtest.com\/lt\/vwd-and-denstistry\/","og_locale":"en_US","og_type":"article","og_title":"VWL IR ODONTOLOGIJA - Lithuania","og_description":"Pacientai, sergantys kraujavimo sutrikimais, pvz., hemofilija arba von Willebrando liga (VWL)&nbsp;patiria didesn\u0119 kraujavimo i\u0161 burnos rizik\u0105 atliekant \u012fprastin\u0119 dant\u0173 prie\u017ei\u016br\u0105.1,2 Kraujuoti gali net i\u0161sivalius dantis ar panaudojus dant\u0173 si\u016bl\u0105, o kraujavimo baim\u0117 gali u\u017ekirsti keli\u0105 pacientams laikytis geros burnos higienos ir reguliariai lankytis pas odontolog\u0105.2\u20134 Netgi pacientai, kurie lankosi pas odontolog\u0105, gali baimintis d\u0117l odontologini\u0173 [&hellip;]","og_url":"https:\/\/vwdtest.com\/lt\/vwd-and-denstistry\/","og_site_name":"Lithuania","article_modified_time":"2025-10-09T12:01:28+00:00","og_image":[{"width":772,"height":1021,"url":"https:\/\/vwdtest.com\/lt\/wp-content\/uploads\/sites\/15\/2023\/02\/Dentist-button.png","type":"image\/png"}],"twitter_card":"summary_large_image","twitter_misc":{"Est. reading time":"3 minutes"},"schema":{"@context":"https:\/\/schema.org","@graph":[{"@type":"WebPage","@id":"https:\/\/vwdtest.com\/lt\/vwd-and-denstistry\/","url":"https:\/\/vwdtest.com\/lt\/vwd-and-denstistry\/","name":"VWL IR ODONTOLOGIJA - Lithuania","isPartOf":{"@id":"https:\/\/vwdtest.com\/lt\/#website"},"datePublished":"2023-02-14T13:03:21+00:00","dateModified":"2025-10-09T12:01:28+00:00","breadcrumb":{"@id":"https:\/\/vwdtest.com\/lt\/vwd-and-denstistry\/#breadcrumb"},"inLanguage":"en-US","potentialAction":[{"@type":"ReadAction","target":["https:\/\/vwdtest.com\/lt\/vwd-and-denstistry\/"]}]},{"@type":"BreadcrumbList","@id":"https:\/\/vwdtest.com\/lt\/vwd-and-denstistry\/#breadcrumb","itemListElement":[{"@type":"ListItem","position":1,"name":"Home","item":"https:\/\/vwdtest.com\/lt\/"},{"@type":"ListItem","position":2,"name":"VWL IR ODONTOLOGIJA"}]},{"@type":"WebSite","@id":"https:\/\/vwdtest.com\/lt\/#website","url":"https:\/\/vwdtest.com\/lt\/","name":"Lithuania","description":"","potentialAction":[{"@type":"SearchAction","target":{"@type":"EntryPoint","urlTemplate":"https:\/\/vwdtest.com\/lt\/?s={search_term_string}"},"query-input":"required name=search_term_string"}],"inLanguage":"en-US"}]}},"_links":{"self":[{"href":"https:\/\/vwdtest.com\/lt\/wp-json\/wp\/v2\/pages\/89"}],"collection":[{"href":"https:\/\/vwdtest.com\/lt\/wp-json\/wp\/v2\/pages"}],"about":[{"href":"https:\/\/vwdtest.com\/lt\/wp-json\/wp\/v2\/types\/page"}],"author":[{"embeddable":true,"href":"https:\/\/vwdtest.com\/lt\/wp-json\/wp\/v2\/users\/1"}],"replies":[{"embeddable":true,"href":"https:\/\/vwdtest.com\/lt\/wp-json\/wp\/v2\/comments?post=89"}],"version-history":[{"count":68,"href":"https:\/\/vwdtest.com\/lt\/wp-json\/wp\/v2\/pages\/89\/revisions"}],"predecessor-version":[{"id":2311,"href":"https:\/\/vwdtest.com\/lt\/wp-json\/wp\/v2\/pages\/89\/revisions\/2311"}],"wp:featuredmedia":[{"embeddable":true,"href":"https:\/\/vwdtest.com\/lt\/wp-json\/wp\/v2\/media\/233"}],"wp:attachment":[{"href":"https:\/\/vwdtest.com\/lt\/wp-json\/wp\/v2\/media?parent=89"}],"curies":[{"name":"wp","href":"https:\/\/api.w.org\/{rel}","templated":true}]}}