{"id":811,"date":"2023-04-27T13:02:19","date_gmt":"2023-04-27T13:02:19","guid":{"rendered":"https:\/\/new.vwdtest.com\/lt\/?page_id=811"},"modified":"2025-09-26T11:24:14","modified_gmt":"2025-09-26T11:24:14","slug":"i-am-a-worried-parent","status":"publish","type":"page","link":"https:\/\/vwdtest.com\/lt\/i-am-a-worried-parent\/","title":{"rendered":"A\u0160 ESU SUSIR\u016aPIN\u0118S T\u0116VAS"},"content":{"rendered":"<div class=\"default-block container\">\n<h2>Ar mano vaikas per daug kraujuoja?<\/h2>\n<\/div>\n\n<div class=\"default-block container\">\n<h5 class=\"bleeding-symptoms-title worried\">Ar nerimaujate d\u0117l pasikartojan\u010dio savo vaiko kraujavimo i\u0161 nosies? Ar vaikui kraujosruv\u0173 ir poodinio kraujavimo atvej\u0173 pasitaiko da\u017eniau nei jo bendraam\u017eiams? Ar j\u016bs\u0173 vaikas po vizito pas odontolog\u0105 ar nedidel\u0117s operacijos kraujavo ilgiau, nei tik\u0117tasi? Ar nerimaujate, kad j\u016bs\u0173 dukros m\u0117nesin\u0117s gali b\u016bti per gausios?<\/h5><p class=\"full\">Yra daug prie\u017eas\u010di\u0173, kod\u0117l vaikas kartais gali kraujuoti. Vaikai \u017eaid\u017eia ir tyrin\u0117ja supant\u012f pasaul\u012f. Tad nei\u0161vengiama nelaiming\u0173 atsitikim\u0173 ir kartais vaikas tur\u0117s m\u0117lyni\u0173 ar nedideli\u0173 \u017eaizd\u0173. Kartais su\u017ealojimas, \u012fvyk\u0119s be nelaimingo atsitikimo, taip pat gali sukelti kraujavim\u0105. Daugeliu atvej\u0173 m\u016bs\u0173 k\u016bnas greitai susitvarko, nes pradeda proces\u0105, vadinam\u0105 kraujo kre\u0161\u0117jimu. Ta\u010diau kai kuriems vaikams kraujosruvos ir poodinis kraujavimas atsiranda lengviau ir da\u017eniau nei kitiems. Laimei, tok\u012f kraujavim\u0105 da\u017enai galima gydyti arba jo i\u0161vengti. Jei nerimaujate, kad vaikas kraujuoja per da\u017enai ir per greitai, pirmiausia svarbu nustatyti prie\u017east\u012f ir tik tada pasirinkti tinkam\u0105 gydym\u0105.<\/p>\n<\/div>\n\n<div class=\"default-block container\">\n<h2>Vaik\u0173 da\u017eno kraujavimo prie\u017eastys<\/h2>\n<\/div>\n\n<div class=\"default-block container\">\n<p class=\"full\">Rasti vaiko kraujavimo simptom\u0173 prie\u017east\u012f ne visada paprasta, nes yra tiek daug galim\u0173 to prie\u017eas\u010di\u0173. Pavyzd\u017eiui, <a href=\"https:\/\/vwdtest.com\/lt\/bleeding-symptoms\/#nosebleed\">kraujavim\u0105 i\u0161 nosies<\/a> gali sukelti sausas oras, trauma, per\u0161alimas ar alergija arba tiesiog per stiprus nosies p\u016btimas.<sup>1<\/sup> <a href=\"https:\/\/vwdtest.com\/lt\/bleeding-symptoms\/#oral-bleeds\">Kraujuoti i\u0161 burnos<\/a> gali d\u0117l nelaimingo atsitikimo, i\u0161kritus pieniniam dan\u010diui, \u012fsikandus ar d\u0117l danten\u0173 u\u017edegimo.<sup>2<\/sup> Bet da\u017enas nosies ir danten\u0173 kraujavimas taip pat gali b\u016bti sunkesn\u0117s sveikatos b\u016bkl\u0117s, pvz., kraujavimo sutrikimo, simptomas. Apskritai kraujavimo sutrikimai yra reti. Deja, da\u017eniausiai pasitaikantis paveldimas kraujavimo sutrikimas, <a href=\"https:\/\/vwdtest.com\/lt\/von-willebrand-disease\/\">von Willebrando liga (VWL)<\/a>, da\u017enai nediagnozuojamas. Nenusta\u010dius diagnoz\u0117s ir negaunant gydymo VWL sergan\u010dius vaikus gali prad\u0117ti varginti sunkus kraujavimas. Be da\u017eno kraujavimo i\u0161 nosies ir danten\u0173, kiti da\u017eniausi simptomai vaikams, sergantiems VWL, yra <a href=\"https:\/\/vwdtest.com\/lt\/bleeding-symptoms\/\">lengvos kraujosruvos<\/a> ir u\u017esit\u0119s\u0119s kraujavimas i\u0161 <a href=\"https:\/\/vwdtest.com\/lt\/bleeding-symptoms\/#minor-wounds\">nedideli\u0173 \u017eaizd\u0173<\/a> ir po <a href=\"https:\/\/vwdtest.com\/lt\/i-live-with-vwd\/#surgery\">i\u0161traukus dant\u012f arba po operacijos.<\/a> Kai VWL sergan\u010dios merginos pradeda brendimo etap\u0105, <a href=\"https:\/\/vwdtest.com\/lt\/bleeding-symptoms\/#hmb\">sunkus menstruacinis kraujavimas<\/a> tampa da\u017eniausiai pasitaikan\u010diu simptomu.<sup>3<\/sup><\/p>\n<\/div>\n\n<div class=\"default-block container\">\n<h2>Kraujavimo simptomai \u0161eimoje<\/h2>\n<\/div>\n\n<div class=\"default-block container\">\n<p class=\"full\">Paveldimi kraujavimo sutrikimai da\u017enai paveikia ne vien\u0105 \u0161eimos nar\u012f i\u0161 kartos \u012f kart\u0105. Jei vienas i\u0161 t\u0117v\u0173, seneli\u0173 ar giminai\u010di\u0173 irgi patiria gausaus kraujavimo po\u017eymi\u0173, galite susim\u0105styti, ar j\u016bs\u0173 vaiko kraujavimas yra ne per didelis. Ta\u010diau jei kraujavimas ar kraujosruvos turi \u012ftakos j\u016bs\u0173 vaiko savijautai, <a href=\"https:\/\/vwdtest.com\/lt\/bleeding-symptoms\/\" target=\"_blank\" rel=\"noreferrer noopener\">simptomus<\/a> tur\u0117tum\u0117te aptarti su gydytoju.<\/p>\n<\/div>\n\n<div class=\"default-block container\">\n<h2>Su\u017einokite, ar j\u016bs\u0173 vaiko kraujavimas yra normalus<\/h2>\n<\/div>\n\n<div class=\"default-block container\">\n<p class=\"full\">Kada kraujuojama per daug? Kadangi \u012f \u0161\u012f klausim\u0105 sunku atsakyti, gydytojai suk\u016br\u0117 testus, kurie gali pad\u0117ti \u012fvertinti kraujavimo simptomus. Svetain\u0117je VWDtest.com galite atlikti vien\u0105 i\u0161 \u0161i\u0173 test\u0173. Jei j\u016bs\u0173 vaikui pasikartoja kraujavimas i\u0161 nosies, lengvai atsiranda kraujosruv\u0173 arba da\u017enas bet kuris kitas i\u0161 anks\u010diau i\u0161vardyt\u0173 kraujavimo simptom\u0173, labai rekomenduojame skirti kelet\u0105 minu\u010di\u0173 testui. Tai yra trumpas klausimynas apie galimo kraujavimo sutrikimo po\u017eymius ir simptomus, o jo rezultatas parodys, ar j\u016bs su vaiku tur\u0117tum\u0117te kreiptis \u012f gydytoj\u0105.<\/p>\n<\/div>\n\n<div class=\"default-block container\">\n<div class=\"is-content-justification-right is-layout-flex wp-container-1 wp-block-buttons\">\n<div class=\"wp-block-button take-test\"><a class=\"wp-block-button__link wp-element-button\" href=\"https:\/\/vwdtest.com\/lt\/take-test\/\">Atlikite test\u0105<\/a><\/div>\n<\/div>\n<\/div>\n\n<div class=\"default-block container\">\n<h6>\u0160altiniai<\/h6>\n<\/div>\n\n<div class=\"default-block container\">\n<ol><div class=\"default-block container\">\n<li><a href=\"https:\/\/www.hopkinsmedicine.org\/health\/conditions-and-diseases\/nosebleeds\" target=\"_blank\" rel=\"noreferrer noopener\">https:\/\/www.hopkinsmedicine.org\/health\/conditions-and-diseases\/nosebleeds<\/a> last accessed Mar 2023.<\/li>\n<\/div>\n\n<div class=\"default-block container\">\n<li><a href=\"https:\/\/www.childrensmn.org\/educationmaterials\/childrensmn\/article\/15581\/mouth-bleeding-with-a-bleeding-disorder\/\" target=\"_blank\" rel=\"noreferrer noopener\">https:\/\/www.childrensmn.org\/educationmaterials\/childrensmn\/article\/15581\/mouth-bleeding-with-a-bleeding-disorder\/<\/a> last accessed Mar 2023.<\/li>\n<\/div>\n\n<div class=\"default-block container\">\n<li>Corrales-Medina FF et al. Blood Rev 2022; 58:101018.<\/li>\n<\/div><\/ol>\n<\/div>","protected":false},"excerpt":{"rendered":"<p>Ar mano vaikas per daug kraujuoja? Ar nerimaujate d\u0117l pasikartojan\u010dio savo vaiko kraujavimo i\u0161 nosies? Ar vaikui kraujosruv\u0173 ir poodinio kraujavimo atvej\u0173 pasitaiko da\u017eniau nei jo bendraam\u017eiams? Ar j\u016bs\u0173 vaikas po vizito pas odontolog\u0105 ar nedidel\u0117s operacijos kraujavo ilgiau, nei tik\u0117tasi? Ar nerimaujate, kad j\u016bs\u0173 dukros m\u0117nesin\u0117s gali b\u016bti per gausios? Yra daug prie\u017eas\u010di\u0173, kod\u0117l [&hellip;]<\/p>\n","protected":false},"author":1,"featured_media":996,"parent":0,"menu_order":0,"comment_status":"closed","ping_status":"closed","template":"","meta":{"inline_featured_image":false},"acf":[],"yoast_head":"<!-- This site is optimized with the Yoast SEO plugin v20.4 - https:\/\/yoast.com\/wordpress\/plugins\/seo\/ -->\n<title>A\u0160 ESU SUSIR\u016aPIN\u0118S T\u0116VAS - Lithuania<\/title>\n<meta name=\"robots\" content=\"index, follow, max-snippet:-1, max-image-preview:large, max-video-preview:-1\" \/>\n<link rel=\"canonical\" href=\"https:\/\/vwdtest.com\/lt\/i-am-a-worried-parent\/\" \/>\n<meta property=\"og:locale\" content=\"en_US\" \/>\n<meta property=\"og:type\" content=\"article\" \/>\n<meta property=\"og:title\" content=\"A\u0160 ESU SUSIR\u016aPIN\u0118S T\u0116VAS - Lithuania\" \/>\n<meta property=\"og:description\" content=\"Ar mano vaikas per daug kraujuoja? Ar nerimaujate d\u0117l pasikartojan\u010dio savo vaiko kraujavimo i\u0161 nosies? Ar vaikui kraujosruv\u0173 ir poodinio kraujavimo atvej\u0173 pasitaiko da\u017eniau nei jo bendraam\u017eiams? Ar j\u016bs\u0173 vaikas po vizito pas odontolog\u0105 ar nedidel\u0117s operacijos kraujavo ilgiau, nei tik\u0117tasi? Ar nerimaujate, kad j\u016bs\u0173 dukros m\u0117nesin\u0117s gali b\u016bti per gausios? Yra daug prie\u017eas\u010di\u0173, kod\u0117l [&hellip;]\" \/>\n<meta property=\"og:url\" content=\"https:\/\/vwdtest.com\/lt\/i-am-a-worried-parent\/\" \/>\n<meta property=\"og:site_name\" content=\"Lithuania\" \/>\n<meta property=\"article:modified_time\" content=\"2025-09-26T11:24:14+00:00\" \/>\n<meta property=\"og:image\" content=\"https:\/\/vwdtest.com\/lt\/wp-content\/uploads\/sites\/15\/2023\/07\/Worried-patients-1-1.png\" \/>\n\t<meta property=\"og:image:width\" content=\"828\" \/>\n\t<meta property=\"og:image:height\" content=\"982\" \/>\n\t<meta property=\"og:image:type\" content=\"image\/png\" \/>\n<meta name=\"twitter:card\" content=\"summary_large_image\" \/>\n<meta name=\"twitter:label1\" content=\"Est. reading time\" \/>\n\t<meta name=\"twitter:data1\" content=\"2 minutes\" \/>\n<script type=\"application\/ld+json\" class=\"yoast-schema-graph\">{\"@context\":\"https:\/\/schema.org\",\"@graph\":[{\"@type\":\"WebPage\",\"@id\":\"https:\/\/vwdtest.com\/lt\/i-am-a-worried-parent\/\",\"url\":\"https:\/\/vwdtest.com\/lt\/i-am-a-worried-parent\/\",\"name\":\"A\u0160 ESU SUSIR\u016aPIN\u0118S T\u0116VAS - Lithuania\",\"isPartOf\":{\"@id\":\"https:\/\/vwdtest.com\/lt\/#website\"},\"datePublished\":\"2023-04-27T13:02:19+00:00\",\"dateModified\":\"2025-09-26T11:24:14+00:00\",\"breadcrumb\":{\"@id\":\"https:\/\/vwdtest.com\/lt\/i-am-a-worried-parent\/#breadcrumb\"},\"inLanguage\":\"en-US\",\"potentialAction\":[{\"@type\":\"ReadAction\",\"target\":[\"https:\/\/vwdtest.com\/lt\/i-am-a-worried-parent\/\"]}]},{\"@type\":\"BreadcrumbList\",\"@id\":\"https:\/\/vwdtest.com\/lt\/i-am-a-worried-parent\/#breadcrumb\",\"itemListElement\":[{\"@type\":\"ListItem\",\"position\":1,\"name\":\"Home\",\"item\":\"https:\/\/vwdtest.com\/lt\/\"},{\"@type\":\"ListItem\",\"position\":2,\"name\":\"A\u0160 ESU SUSIR\u016aPIN\u0118S T\u0116VAS\"}]},{\"@type\":\"WebSite\",\"@id\":\"https:\/\/vwdtest.com\/lt\/#website\",\"url\":\"https:\/\/vwdtest.com\/lt\/\",\"name\":\"Lithuania\",\"description\":\"\",\"potentialAction\":[{\"@type\":\"SearchAction\",\"target\":{\"@type\":\"EntryPoint\",\"urlTemplate\":\"https:\/\/vwdtest.com\/lt\/?s={search_term_string}\"},\"query-input\":\"required name=search_term_string\"}],\"inLanguage\":\"en-US\"}]}<\/script>\n<!-- \/ Yoast SEO plugin. -->","yoast_head_json":{"title":"A\u0160 ESU SUSIR\u016aPIN\u0118S T\u0116VAS - Lithuania","robots":{"index":"index","follow":"follow","max-snippet":"max-snippet:-1","max-image-preview":"max-image-preview:large","max-video-preview":"max-video-preview:-1"},"canonical":"https:\/\/vwdtest.com\/lt\/i-am-a-worried-parent\/","og_locale":"en_US","og_type":"article","og_title":"A\u0160 ESU SUSIR\u016aPIN\u0118S T\u0116VAS - Lithuania","og_description":"Ar mano vaikas per daug kraujuoja? Ar nerimaujate d\u0117l pasikartojan\u010dio savo vaiko kraujavimo i\u0161 nosies? Ar vaikui kraujosruv\u0173 ir poodinio kraujavimo atvej\u0173 pasitaiko da\u017eniau nei jo bendraam\u017eiams? Ar j\u016bs\u0173 vaikas po vizito pas odontolog\u0105 ar nedidel\u0117s operacijos kraujavo ilgiau, nei tik\u0117tasi? Ar nerimaujate, kad j\u016bs\u0173 dukros m\u0117nesin\u0117s gali b\u016bti per gausios? Yra daug prie\u017eas\u010di\u0173, kod\u0117l [&hellip;]","og_url":"https:\/\/vwdtest.com\/lt\/i-am-a-worried-parent\/","og_site_name":"Lithuania","article_modified_time":"2025-09-26T11:24:14+00:00","og_image":[{"width":828,"height":982,"url":"https:\/\/vwdtest.com\/lt\/wp-content\/uploads\/sites\/15\/2023\/07\/Worried-patients-1-1.png","type":"image\/png"}],"twitter_card":"summary_large_image","twitter_misc":{"Est. reading time":"2 minutes"},"schema":{"@context":"https:\/\/schema.org","@graph":[{"@type":"WebPage","@id":"https:\/\/vwdtest.com\/lt\/i-am-a-worried-parent\/","url":"https:\/\/vwdtest.com\/lt\/i-am-a-worried-parent\/","name":"A\u0160 ESU SUSIR\u016aPIN\u0118S T\u0116VAS - Lithuania","isPartOf":{"@id":"https:\/\/vwdtest.com\/lt\/#website"},"datePublished":"2023-04-27T13:02:19+00:00","dateModified":"2025-09-26T11:24:14+00:00","breadcrumb":{"@id":"https:\/\/vwdtest.com\/lt\/i-am-a-worried-parent\/#breadcrumb"},"inLanguage":"en-US","potentialAction":[{"@type":"ReadAction","target":["https:\/\/vwdtest.com\/lt\/i-am-a-worried-parent\/"]}]},{"@type":"BreadcrumbList","@id":"https:\/\/vwdtest.com\/lt\/i-am-a-worried-parent\/#breadcrumb","itemListElement":[{"@type":"ListItem","position":1,"name":"Home","item":"https:\/\/vwdtest.com\/lt\/"},{"@type":"ListItem","position":2,"name":"A\u0160 ESU SUSIR\u016aPIN\u0118S T\u0116VAS"}]},{"@type":"WebSite","@id":"https:\/\/vwdtest.com\/lt\/#website","url":"https:\/\/vwdtest.com\/lt\/","name":"Lithuania","description":"","potentialAction":[{"@type":"SearchAction","target":{"@type":"EntryPoint","urlTemplate":"https:\/\/vwdtest.com\/lt\/?s={search_term_string}"},"query-input":"required name=search_term_string"}],"inLanguage":"en-US"}]}},"_links":{"self":[{"href":"https:\/\/vwdtest.com\/lt\/wp-json\/wp\/v2\/pages\/811"}],"collection":[{"href":"https:\/\/vwdtest.com\/lt\/wp-json\/wp\/v2\/pages"}],"about":[{"href":"https:\/\/vwdtest.com\/lt\/wp-json\/wp\/v2\/types\/page"}],"author":[{"embeddable":true,"href":"https:\/\/vwdtest.com\/lt\/wp-json\/wp\/v2\/users\/1"}],"replies":[{"embeddable":true,"href":"https:\/\/vwdtest.com\/lt\/wp-json\/wp\/v2\/comments?post=811"}],"version-history":[{"count":39,"href":"https:\/\/vwdtest.com\/lt\/wp-json\/wp\/v2\/pages\/811\/revisions"}],"predecessor-version":[{"id":2304,"href":"https:\/\/vwdtest.com\/lt\/wp-json\/wp\/v2\/pages\/811\/revisions\/2304"}],"wp:featuredmedia":[{"embeddable":true,"href":"https:\/\/vwdtest.com\/lt\/wp-json\/wp\/v2\/media\/996"}],"wp:attachment":[{"href":"https:\/\/vwdtest.com\/lt\/wp-json\/wp\/v2\/media?parent=811"}],"curies":[{"name":"wp","href":"https:\/\/api.w.org\/{rel}","templated":true}]}}