{"id":795,"date":"2023-04-27T12:33:04","date_gmt":"2023-04-27T12:33:04","guid":{"rendered":"https:\/\/new.vwdtest.com\/lt\/?page_id=795"},"modified":"2025-09-26T11:21:41","modified_gmt":"2025-09-26T11:21:41","slug":"i-bleed-a-lot","status":"publish","type":"page","link":"https:\/\/vwdtest.com\/lt\/i-bleed-a-lot\/","title":{"rendered":"A\u0161 daug kraujuoju"},"content":{"rendered":"<div class=\"default-block container\">\n<h2>Ar per daug kraujuojate?<\/h2>\n<\/div>\n\n<div class=\"default-block container\">\n<h5 class=\"bleeding-symptoms-title helpful live\">Ar jums \u012fdomu, kod\u0117l tiek daug kraujuojate i\u0161 nosies? Ar i\u0161sivalius dantis kraujuoja dantenos? Ar da\u017enai aptinkate kraujosruv\u0173 ar poodinio kraujavimo viet\u0173 ant k\u016bno ir neprisimenate, i\u0161 kur jos gal\u0117jo atsirasti? Ar neseniai patyr\u0117te gaus\u0173 kraujavim\u0105 po nedidelio nelaimingo atsitikimo ar vizito pas odontolog\u0105?<\/h5><p class=\"full\">Dauguma \u017emoni\u0173 kartkart\u0117mis kraujuoja. Kraujavimo prie\u017eastis gali skirtis, ta\u010diau daugeliu atvej\u0173 m\u016bs\u0173 organizmas greitai j\u012f sustabdo, nes pradeda proces\u0105, vadinam\u0105 kraujo kre\u0161\u0117jimu. Ta\u010diau kai kurie \u017emon\u0117s kraujuoja da\u017eniau ir ilgiau nei kiti, bet tok\u012f kraujavim\u0105 galima gydyti arba jo i\u0161vengti. Taigi, jei \u012f bent vien\u0105 i\u0161 auk\u0161\u010diau pateikt\u0173 klausim\u0173 atsakysite \u201etaip\u201c, j\u016bs\u0173 atvejis gali b\u016bti vertas tolesnio tyrimo.<\/p>\n<\/div>\n\n<div class=\"default-block container\">\n<h2>Pernelyg gausaus ar u\u017esit\u0119susio kraujavimo prie\u017eastys<\/h2>\n<\/div>\n\n<div class=\"default-block container\">\n<p class=\"full push-text\">Yra daug galim\u0173 pernelyg gausaus ar u\u017esit\u0119susio kraujavimo prie\u017eas\u010di\u0173. Norint nustatyti tinkam\u0105 gydym\u0105, labai svarbu \u012fvardyti kraujavimo simptom\u0173 prie\u017east\u012f. Kraujavim\u0105 gali sukelti tam tikri vaistai, pavyzd\u017eiui, nuo skausmo, tokie kaip aspirinas arba kiti krauj\u0105 skystinantys vaistai (antikoaguliantai). Kai kurios sveikatos b\u016bkl\u0117s, pvz., kepen\u0173 ar inkst\u0173 ligos ir v\u0117\u017eys.<sup>1,2<\/sup> Taip pat yra tikimyb\u0117, kad kraujavim\u0105 sukelia kraujavimo sutrikimas. Kraujavimo sutrikimai yra retos ligos ir gali b\u016bti paveldimos arba \u012fgytos. Da\u017eniausias paveldimas kraujavimo sutrikimas yra <a href=\"https:\/\/vwdtest.com\/lt\/von-willebrand-disease\/\">von Willebrando liga<\/a> (VWL). VWL da\u017enai nediagnozuojama. Nenusta\u010dius diagnoz\u0117s ir negaunant gydymo VWL sergantiems \u017emon\u0117ms gresia rimtas kraujavimas. \u017dmon\u0117ms, sergantiems VWL, da\u017enai pasirei\u0161kia kraujavimas i\u0161 <a href=\"\/lt\/bleeding-symptoms\/#nosebleed\">nosies<\/a> ir <a href=\"https:\/lt\/bleeding-symptoms\/#oral-bleed\">danten\u0173,<\/a><a href=\"https:\/lt\/bleeding-symptoms\/#easy-bruising\"> lengvai atsiranda kraujosruv\u0173<\/a> ir gali gausiai kraujuoti <a href=\"\/lt\/i-live-with-vwd\/#surgery\">i\u0161traukus dant\u012f,<\/a> po <a href=\"\/lt\/bleeding-symptoms\/#bleed-surgery\">operacijos ar nedideli\u0173 nelaiming\u0173 atsitikim\u0173. <\/a>Tarp moter\u0173, sergan\u010di\u0173 VWL, <a href=\"https:\/\/vwdtest.com\/lt\/bleeding-symptoms\/#hmb\">sunkus menstruacinis kraujavimas<\/a> yra da\u017eniausias simptomas.<sup>3<\/sup><\/p>\n<\/div>\n\n<div class=\"default-block container\">\n<h2>J\u016bs galite b\u016bti ne vienintelis \u0161eimoje, patiriantis kraujavimo sutrikimo simptom\u0173<\/h2>\n<\/div>\n\n<div class=\"default-block container\">\n<p class=\"full push-text\">Jei j\u016bs\u0173 broliai, seserys, t\u0117vai ar kiti giminai\u010diai taip pat jau\u010dia kraujavimo sutrikimo simptomus, gali atrodyti, kad tai normalu. Ta\u010diau tai ne visada tiesa. Kraujavim\u0105 jums gali sukelti paveldimas kraujavimo sutrikimas, mat jis da\u017enai paveikia daugiau nei vien\u0105 \u0161eimos nar\u012f. Jei kraujavimas turi \u012ftakos kasdieniam j\u016bs\u0173 gyvenimui ir savijautai, rekomenduojame tai aptarti su gydytoju.<\/p>\n<\/div>\n\n<div class=\"default-block container\">\n<h2>Su\u017einokite, ar j\u016bs\u0173 kraujavimas yra per didelis<\/h2>\n<\/div>\n\n<div class=\"default-block container\">\n<p class=\"full push-text\">Ar mano kraujavimas per didelis, ar ne? Rasti atsakym\u0105 \u012f \u0161\u012f klausim\u0105 ne visada paprasta. Kad b\u016bt\u0173 lengviau \u012fvertinti kraujavimo simptomus, mokslininkai suk\u016br\u0117 kraujavimo testus.<sup>3<\/sup> Vienas i\u0161 \u0161i\u0173 test\u0173 pateikiamas \u0161ioje svetain\u0117je. Jei nesate tikri d\u0117l bet kokio kraujavimo simptom\u0173, primygtinai rekomenduojame atlikti kraujavimo test\u0105. Tai gali b\u016bti dar svarbiau, jei ruo\u0161iat\u0117s operacijai. Testas u\u017etruks tik kelias minutes ir jis atskleis, ar d\u0117l kraujavimo tur\u0117tum\u0117te kreiptis \u012f gydytoj\u0105.<\/p>\n<\/div>\n\n<div class=\"default-block container\">\n<h6>\u0160altiniai<\/h6>\n<\/div>\n\n<div class=\"default-block container\">\n<ol><div class=\"default-block container\">\n<li><a href=\"https:\/\/my.clevelandclinic.org\/health\/symptoms\/21654-hemorrhage\" target=\"_blank\" rel=\"noreferrer noopener\">https:\/\/my.clevelandclinic.org\/health\/symptoms\/21654-hemorrhage<\/a> ; Paskutin\u012f kart\u0105 \u017ei\u016br\u0117ta 2023 m. kovo m\u0117n.<\/li>\n<\/div>\n\n<div class=\"default-block container\">\n<li><a href=\"https:\/\/www.drugs.com\/cg\/postoperative-bleeding.html\" target=\"_blank\" rel=\"noreferrer noopener\">https:\/\/www.drugs.com\/cg\/postoperative-bleeding.html<\/a> ; Paskutin\u012f kart\u0105 \u017ei\u016br\u0117ta 2023 m. kovo m\u0117n.<\/li>\n<\/div>\n\n<div class=\"default-block container\">\n<li>Corrales-Medina FF ir kt. \u201eBlood Rev 2022\u201c; 58:101018.<\/li>\n<\/div><\/ol>\n<\/div>","protected":false},"excerpt":{"rendered":"<p>Ar per daug kraujuojate? Ar jums \u012fdomu, kod\u0117l tiek daug kraujuojate i\u0161 nosies? Ar i\u0161sivalius dantis kraujuoja dantenos? Ar da\u017enai aptinkate kraujosruv\u0173 ar poodinio kraujavimo viet\u0173 ant k\u016bno ir neprisimenate, i\u0161 kur jos gal\u0117jo atsirasti? Ar neseniai patyr\u0117te gaus\u0173 kraujavim\u0105 po nedidelio nelaimingo atsitikimo ar vizito pas odontolog\u0105? Dauguma \u017emoni\u0173 kartkart\u0117mis kraujuoja. Kraujavimo prie\u017eastis gali [&hellip;]<\/p>\n","protected":false},"author":1,"featured_media":788,"parent":0,"menu_order":0,"comment_status":"closed","ping_status":"closed","template":"","meta":{"inline_featured_image":false},"acf":[],"yoast_head":"<!-- This site is optimized with the Yoast SEO plugin v20.4 - https:\/\/yoast.com\/wordpress\/plugins\/seo\/ -->\n<title>A\u0161 daug kraujuoju - Lithuania<\/title>\n<meta name=\"robots\" content=\"index, follow, max-snippet:-1, max-image-preview:large, max-video-preview:-1\" \/>\n<link rel=\"canonical\" href=\"https:\/\/vwdtest.com\/lt\/i-bleed-a-lot\/\" \/>\n<meta property=\"og:locale\" content=\"en_US\" \/>\n<meta property=\"og:type\" content=\"article\" \/>\n<meta property=\"og:title\" content=\"A\u0161 daug kraujuoju - Lithuania\" \/>\n<meta property=\"og:description\" content=\"Ar per daug kraujuojate? Ar jums \u012fdomu, kod\u0117l tiek daug kraujuojate i\u0161 nosies? Ar i\u0161sivalius dantis kraujuoja dantenos? Ar da\u017enai aptinkate kraujosruv\u0173 ar poodinio kraujavimo viet\u0173 ant k\u016bno ir neprisimenate, i\u0161 kur jos gal\u0117jo atsirasti? Ar neseniai patyr\u0117te gaus\u0173 kraujavim\u0105 po nedidelio nelaimingo atsitikimo ar vizito pas odontolog\u0105? Dauguma \u017emoni\u0173 kartkart\u0117mis kraujuoja. Kraujavimo prie\u017eastis gali [&hellip;]\" \/>\n<meta property=\"og:url\" content=\"https:\/\/vwdtest.com\/lt\/i-bleed-a-lot\/\" \/>\n<meta property=\"og:site_name\" content=\"Lithuania\" \/>\n<meta property=\"article:modified_time\" content=\"2025-09-26T11:21:41+00:00\" \/>\n<meta property=\"og:image\" content=\"https:\/\/vwdtest.com\/lt\/wp-content\/uploads\/sites\/15\/2023\/04\/Person-who-bleads-1.png\" \/>\n\t<meta property=\"og:image:width\" content=\"679\" \/>\n\t<meta property=\"og:image:height\" content=\"976\" \/>\n\t<meta property=\"og:image:type\" content=\"image\/png\" \/>\n<meta name=\"twitter:card\" content=\"summary_large_image\" \/>\n<meta name=\"twitter:label1\" content=\"Est. reading time\" \/>\n\t<meta name=\"twitter:data1\" content=\"2 minutes\" \/>\n<script type=\"application\/ld+json\" class=\"yoast-schema-graph\">{\"@context\":\"https:\/\/schema.org\",\"@graph\":[{\"@type\":\"WebPage\",\"@id\":\"https:\/\/vwdtest.com\/lt\/i-bleed-a-lot\/\",\"url\":\"https:\/\/vwdtest.com\/lt\/i-bleed-a-lot\/\",\"name\":\"A\u0161 daug kraujuoju - Lithuania\",\"isPartOf\":{\"@id\":\"https:\/\/vwdtest.com\/lt\/#website\"},\"datePublished\":\"2023-04-27T12:33:04+00:00\",\"dateModified\":\"2025-09-26T11:21:41+00:00\",\"breadcrumb\":{\"@id\":\"https:\/\/vwdtest.com\/lt\/i-bleed-a-lot\/#breadcrumb\"},\"inLanguage\":\"en-US\",\"potentialAction\":[{\"@type\":\"ReadAction\",\"target\":[\"https:\/\/vwdtest.com\/lt\/i-bleed-a-lot\/\"]}]},{\"@type\":\"BreadcrumbList\",\"@id\":\"https:\/\/vwdtest.com\/lt\/i-bleed-a-lot\/#breadcrumb\",\"itemListElement\":[{\"@type\":\"ListItem\",\"position\":1,\"name\":\"Home\",\"item\":\"https:\/\/vwdtest.com\/lt\/\"},{\"@type\":\"ListItem\",\"position\":2,\"name\":\"A\u0161 daug kraujuoju\"}]},{\"@type\":\"WebSite\",\"@id\":\"https:\/\/vwdtest.com\/lt\/#website\",\"url\":\"https:\/\/vwdtest.com\/lt\/\",\"name\":\"Lithuania\",\"description\":\"\",\"potentialAction\":[{\"@type\":\"SearchAction\",\"target\":{\"@type\":\"EntryPoint\",\"urlTemplate\":\"https:\/\/vwdtest.com\/lt\/?s={search_term_string}\"},\"query-input\":\"required name=search_term_string\"}],\"inLanguage\":\"en-US\"}]}<\/script>\n<!-- \/ Yoast SEO plugin. -->","yoast_head_json":{"title":"A\u0161 daug kraujuoju - Lithuania","robots":{"index":"index","follow":"follow","max-snippet":"max-snippet:-1","max-image-preview":"max-image-preview:large","max-video-preview":"max-video-preview:-1"},"canonical":"https:\/\/vwdtest.com\/lt\/i-bleed-a-lot\/","og_locale":"en_US","og_type":"article","og_title":"A\u0161 daug kraujuoju - Lithuania","og_description":"Ar per daug kraujuojate? Ar jums \u012fdomu, kod\u0117l tiek daug kraujuojate i\u0161 nosies? Ar i\u0161sivalius dantis kraujuoja dantenos? Ar da\u017enai aptinkate kraujosruv\u0173 ar poodinio kraujavimo viet\u0173 ant k\u016bno ir neprisimenate, i\u0161 kur jos gal\u0117jo atsirasti? Ar neseniai patyr\u0117te gaus\u0173 kraujavim\u0105 po nedidelio nelaimingo atsitikimo ar vizito pas odontolog\u0105? Dauguma \u017emoni\u0173 kartkart\u0117mis kraujuoja. Kraujavimo prie\u017eastis gali [&hellip;]","og_url":"https:\/\/vwdtest.com\/lt\/i-bleed-a-lot\/","og_site_name":"Lithuania","article_modified_time":"2025-09-26T11:21:41+00:00","og_image":[{"width":679,"height":976,"url":"https:\/\/vwdtest.com\/lt\/wp-content\/uploads\/sites\/15\/2023\/04\/Person-who-bleads-1.png","type":"image\/png"}],"twitter_card":"summary_large_image","twitter_misc":{"Est. reading time":"2 minutes"},"schema":{"@context":"https:\/\/schema.org","@graph":[{"@type":"WebPage","@id":"https:\/\/vwdtest.com\/lt\/i-bleed-a-lot\/","url":"https:\/\/vwdtest.com\/lt\/i-bleed-a-lot\/","name":"A\u0161 daug kraujuoju - Lithuania","isPartOf":{"@id":"https:\/\/vwdtest.com\/lt\/#website"},"datePublished":"2023-04-27T12:33:04+00:00","dateModified":"2025-09-26T11:21:41+00:00","breadcrumb":{"@id":"https:\/\/vwdtest.com\/lt\/i-bleed-a-lot\/#breadcrumb"},"inLanguage":"en-US","potentialAction":[{"@type":"ReadAction","target":["https:\/\/vwdtest.com\/lt\/i-bleed-a-lot\/"]}]},{"@type":"BreadcrumbList","@id":"https:\/\/vwdtest.com\/lt\/i-bleed-a-lot\/#breadcrumb","itemListElement":[{"@type":"ListItem","position":1,"name":"Home","item":"https:\/\/vwdtest.com\/lt\/"},{"@type":"ListItem","position":2,"name":"A\u0161 daug kraujuoju"}]},{"@type":"WebSite","@id":"https:\/\/vwdtest.com\/lt\/#website","url":"https:\/\/vwdtest.com\/lt\/","name":"Lithuania","description":"","potentialAction":[{"@type":"SearchAction","target":{"@type":"EntryPoint","urlTemplate":"https:\/\/vwdtest.com\/lt\/?s={search_term_string}"},"query-input":"required name=search_term_string"}],"inLanguage":"en-US"}]}},"_links":{"self":[{"href":"https:\/\/vwdtest.com\/lt\/wp-json\/wp\/v2\/pages\/795"}],"collection":[{"href":"https:\/\/vwdtest.com\/lt\/wp-json\/wp\/v2\/pages"}],"about":[{"href":"https:\/\/vwdtest.com\/lt\/wp-json\/wp\/v2\/types\/page"}],"author":[{"embeddable":true,"href":"https:\/\/vwdtest.com\/lt\/wp-json\/wp\/v2\/users\/1"}],"replies":[{"embeddable":true,"href":"https:\/\/vwdtest.com\/lt\/wp-json\/wp\/v2\/comments?post=795"}],"version-history":[{"count":48,"href":"https:\/\/vwdtest.com\/lt\/wp-json\/wp\/v2\/pages\/795\/revisions"}],"predecessor-version":[{"id":2300,"href":"https:\/\/vwdtest.com\/lt\/wp-json\/wp\/v2\/pages\/795\/revisions\/2300"}],"wp:featuredmedia":[{"embeddable":true,"href":"https:\/\/vwdtest.com\/lt\/wp-json\/wp\/v2\/media\/788"}],"wp:attachment":[{"href":"https:\/\/vwdtest.com\/lt\/wp-json\/wp\/v2\/media?parent=795"}],"curies":[{"name":"wp","href":"https:\/\/api.w.org\/{rel}","templated":true}]}}