{"id":3,"date":"2023-02-13T11:33:55","date_gmt":"2023-02-13T11:33:55","guid":{"rendered":"https:\/\/new.vwdtest.com\/lt\/?page_id=3"},"modified":"2023-10-10T07:20:47","modified_gmt":"2023-10-10T07:20:47","slug":"privacy-policy","status":"publish","type":"page","link":"https:\/\/vwdtest.com\/lt\/privacy-policy\/","title":{"rendered":"Privatumo politika"},"content":{"rendered":"<div class=\"default-block container\">\n<h2>Kas mes esame<\/h2>\n<\/div>\n\n<div class=\"default-block container\">\n<p><strong class=\"privacy-policy-tutorial\">Si\u016blomas tekstas: <\/strong>M\u016bs\u0173 svetain\u0117s adresas: https:\/\/vwdtest.com\/lt.<\/p>\n<\/div>\n\n<div class=\"default-block container\">\n<h2>Komentarai<\/h2>\n<\/div>\n\n<div class=\"default-block container\">\n<p><strong class=\"privacy-policy-tutorial\">Si\u016blomas tekstas: <\/strong>kai lankytojai komentuoja svetain\u0119, renkame duomenis, rodomus komentar\u0173 formoje, taip pat lankytojo IP adres\u0105 ir nar\u0161ykl\u0117s vartotojo agento eilut\u0119. kad b\u016bt\u0173 lengviau aptikti \u0161lam\u0161t\u0105.<\/p>\n<\/div>\n\n<div class=\"default-block container\">\n<p>Anonimin\u0117 eilut\u0117, sukurta i\u0161 j\u016bs\u0173 el. pa\u0161to adreso (taip pat vadinama mai\u0161a), gali b\u016bti pateikta \u201eGravatar\u201c paslaugai, kad b\u016bt\u0173 galima patikrinti, ar j\u0105 naudojate. Su Gravatar paslaugos privatumo politika galite susipa\u017einti \u010dia: https:\/\/automattic.com\/privacy\/. Patvirtinus j\u016bs\u0173 komentar\u0105, j\u016bs\u0173 profilio nuotrauka bus matoma vie\u0161ai komentaro kontekste.<\/p>\n<\/div>\n\n<div class=\"default-block container\">\n<h2>\u017diniasklaida<\/h2>\n<\/div>\n\n<div class=\"default-block container\">\n<p><strong class=\"privacy-policy-tutorial\">Si\u016blomas tekstas: <\/strong>jei \u012f svetain\u0119 \u012fkeliate vaizdus, \u200b\u200bnetur\u0117tum\u0117te \u012fkelti vaizd\u0173 su \u012fterptais vietos duomenimis (EXIF GPS). Svetain\u0117s lankytojai gali atsisi\u0173sti ir i\u0161gauti bet kokius vietos duomenis i\u0161 svetain\u0117je esan\u010di\u0173 vaizd\u0173.<\/p>\n<\/div>\n\n<div class=\"default-block container\">\n<h2>Slapukai<\/h2>\n<\/div>\n\n<div class=\"default-block container\">\n<p><strong class=\"privacy-policy-tutorial\">Si\u016blomas tekstas: <\/strong>Jei paliksite komentar\u0105 m\u016bs\u0173 svetain\u0117je, galite pasirinkti i\u0161saugoti savo vard\u0105, el. pa\u0161to adres\u0105 ir svetain\u0119 slapukuose. Tai yra j\u016bs\u0173 patogumui, kad jums nereik\u0117t\u0173 dar kart\u0105 pildyti savo duomen\u0173, kai paliekate kit\u0105 komentar\u0105. \u0160ie slapukai galios vienerius metus.<\/p>\n<\/div>\n\n<div class=\"default-block container\">\n<p>Jei apsilankysite m\u016bs\u0173 prisijungimo puslapyje, nustatysime laikin\u0105 slapuk\u0105, kad nustatyt\u0173, ar j\u016bs\u0173 nar\u0161ykl\u0117 priima slapukus. \u0160iame slapuke n\u0117ra asmenini\u0173 duomen\u0173 ir jis atmetamas, kai u\u017edarote nar\u0161ykl\u0119.<\/p>\n<\/div>\n\n<div class=\"default-block container\">\n<p>Kai prisijungsite, mes taip pat nustatysime kelis slapukus, kad i\u0161saugotume prisijungimo informacij\u0105 ir ekrano rodymo parinktis. Prisijungimo slapukai galioja dvi dienas, o ekrano parink\u010di\u0173 slapukai \u2013 metus. Jei pasirinksite \u201ePrisiminti mane\u201c, j\u016bs\u0173 prisijungimas i\u0161liks dvi savaites. Jei atsijungsite nuo paskyros, prisijungimo slapukai bus pa\u0161alinti.<\/p>\n<\/div>\n\n<div class=\"default-block container\">\n<p>Jei redaguosite arba paskelbsite straipsn\u012f, j\u016bs\u0173 nar\u0161ykl\u0117je bus i\u0161saugotas papildomas slapukas. \u0160is slapukas neapima asmenini\u0173 duomen\u0173 ir tiesiog nurodo k\u0105 tik redaguoto straipsnio \u012fra\u0161o ID. Jis nustoja galioti po 1 dienos.<\/p>\n<\/div>\n\n<div class=\"default-block container\">\n<h2>\u012eterptas turinys i\u0161 kit\u0173 svetaini\u0173<\/h2>\n<\/div>\n\n<div class=\"default-block container\">\n<p><strong class=\"privacy-policy-tutorial\">Si\u016blomas tekstas: <\/strong>\u0161ios svetain\u0117s straipsniuose gali b\u016bti \u012fterpto turinio (pvz., vaizdo \u012fra\u0161\u0173, vaizd\u0173, straipsni\u0173 ir kt.). \u012eterptas turinys i\u0161 kit\u0173 svetaini\u0173 veikia lygiai taip pat, lyg lankytojas apsilankyt\u0173 kitoje svetain\u0117je.<\/p>\n<\/div>\n\n<div class=\"default-block container\">\n<p>\u0160ios svetain\u0117s gali rinkti duomenis apie jus, naudoti slapukus, \u012fterpti papildom\u0105 tre\u010di\u0173j\u0173 \u0161ali\u0173 steb\u0117jim\u0105 ir steb\u0117ti j\u016bs\u0173 s\u0105veik\u0105 su tuo \u012fterptu turiniu, \u012fskaitant s\u0105veikos su \u012fterptuoju turiniu steb\u0117jim\u0105, jei turite paskyr\u0105 ir esate prisijung\u0119 prie tos svetain\u0117s. .<\/p>\n<\/div>\n\n<div class=\"default-block container\">\n<h2>Su kuo bendriname j\u016bs\u0173 duomenis<\/h2>\n<\/div>\n\n<div class=\"default-block container\">\n<p><strong class=\"privacy-policy-tutorial\">Si\u016blomas tekstas: <\/strong>jei papra\u0161ysite i\u0161 naujo nustatyti slapta\u017eod\u012f, j\u016bs\u0173 IP adresas bus \u012ftrauktas \u012f nustatymo i\u0161 naujo el. lai\u0161k\u0105.<\/p>\n<\/div>\n\n<div class=\"default-block container\">\n<h2>Kiek laiko saugome j\u016bs\u0173 duomenis<\/h2>\n<\/div>\n\n<div class=\"default-block container\">\n<p><strong class=\"privacy-policy-tutorial\">Si\u016blomas tekstas: <\/strong>jei paliksite komentar\u0105, komentaras ir jo metaduomenys bus saugomi neribot\u0105 laik\u0105. Taip galime automati\u0161kai atpa\u017einti ir patvirtinti bet kokius tolesnius komentarus, o ne laikyti juos moderavimo eil\u0117je.<\/p>\n<\/div>\n\n<div class=\"default-block container\">\n<p>Naudotojams, kurie registruojasi m\u016bs\u0173 svetain\u0117je (jei yra), mes taip pat saugome asmenin\u0119 informacij\u0105, kuri\u0105 jie pateikia savo vartotojo profilyje. Visi vartotojai gali bet kada matyti, redaguoti arba i\u0161trinti savo asmenin\u0119 informacij\u0105 (i\u0161skyrus atvejus, kai negali pakeisti savo vartotojo vardo). Svetain\u0117s administratoriai taip pat gali matyti ir redaguoti \u0161i\u0105 informacij\u0105.<\/p>\n<\/div>\n\n<div class=\"default-block container\">\n<h2>Kokias teises turite \u012f savo duomenis<\/h2>\n<\/div>\n\n<div class=\"default-block container\">\n<p><strong class=\"privacy-policy-tutorial\">Si\u016blomas tekstas: <\/strong>jei turite paskyr\u0105 \u0161ioje svetain\u0117je arba palikote komentar\u0173, galite papra\u0161yti gauti eksportuot\u0105 m\u016bs\u0173 turim\u0173 asmens duomen\u0173 fail\u0105 apie jus, \u012fskaitant visus duomenis, kuriuos mums pateik\u0117te. Taip pat galite pra\u0161yti, kad i\u0161trintume visus turimus asmeninius duomenis apie jus. Tai neapima joki\u0173 duomen\u0173, kuriuos privalome saugoti administraciniais, teisiniais ar saugumo tikslais.<\/p>\n<\/div>\n\n<div class=\"default-block container\">\n<h2>Kur siun\u010diami j\u016bs\u0173 duomenys<\/h2>\n<\/div>\n\n<div class=\"default-block container\">\n<p><strong class=\"privacy-policy-tutorial\">Si\u016blomas tekstas: <\/strong>Lankytoj\u0173 komentarai gali b\u016bti tikrinami naudojant automatin\u0119 \u0161lam\u0161to aptikimo paslaug\u0105.<\/p>\n<\/div>","protected":false},"excerpt":{"rendered":"<p>Kas mes esame Si\u016blomas tekstas: M\u016bs\u0173 svetain\u0117s adresas: https:\/\/vwdtest.com\/lt. Komentarai Si\u016blomas tekstas: kai lankytojai komentuoja svetain\u0119, renkame duomenis, rodomus komentar\u0173 formoje, taip pat lankytojo IP adres\u0105 ir nar\u0161ykl\u0117s vartotojo agento eilut\u0119. kad b\u016bt\u0173 lengviau aptikti \u0161lam\u0161t\u0105. Anonimin\u0117 eilut\u0117, sukurta i\u0161 j\u016bs\u0173 el. pa\u0161to adreso (taip pat vadinama mai\u0161a), gali b\u016bti pateikta \u201eGravatar\u201c paslaugai, kad b\u016bt\u0173 [&hellip;]<\/p>\n","protected":false},"author":1,"featured_media":0,"parent":0,"menu_order":0,"comment_status":"closed","ping_status":"open","template":"front-page.php","meta":{"inline_featured_image":false},"acf":[],"yoast_head":"<!-- This site is optimized with the Yoast SEO plugin v20.4 - https:\/\/yoast.com\/wordpress\/plugins\/seo\/ -->\n<title>Privatumo politika - Lithuania<\/title>\n<meta name=\"robots\" content=\"index, follow, max-snippet:-1, max-image-preview:large, max-video-preview:-1\" \/>\n<link rel=\"canonical\" href=\"https:\/\/vwdtest.com\/lt\/privacy-policy\/\" \/>\n<meta property=\"og:locale\" content=\"en_US\" \/>\n<meta property=\"og:type\" content=\"article\" \/>\n<meta property=\"og:title\" content=\"Privatumo politika - Lithuania\" \/>\n<meta property=\"og:description\" content=\"Kas mes esame Si\u016blomas tekstas: M\u016bs\u0173 svetain\u0117s adresas: https:\/\/vwdtest.com\/lt. Komentarai Si\u016blomas tekstas: kai lankytojai komentuoja svetain\u0119, renkame duomenis, rodomus komentar\u0173 formoje, taip pat lankytojo IP adres\u0105 ir nar\u0161ykl\u0117s vartotojo agento eilut\u0119. kad b\u016bt\u0173 lengviau aptikti \u0161lam\u0161t\u0105. Anonimin\u0117 eilut\u0117, sukurta i\u0161 j\u016bs\u0173 el. pa\u0161to adreso (taip pat vadinama mai\u0161a), gali b\u016bti pateikta \u201eGravatar\u201c paslaugai, kad b\u016bt\u0173 [&hellip;]\" \/>\n<meta property=\"og:url\" content=\"https:\/\/vwdtest.com\/lt\/privacy-policy\/\" \/>\n<meta property=\"og:site_name\" content=\"Lithuania\" \/>\n<meta property=\"article:modified_time\" content=\"2023-10-10T07:20:47+00:00\" \/>\n<meta name=\"twitter:card\" content=\"summary_large_image\" \/>\n<meta name=\"twitter:label1\" content=\"Est. reading time\" \/>\n\t<meta name=\"twitter:data1\" content=\"3 minutes\" \/>\n<script type=\"application\/ld+json\" class=\"yoast-schema-graph\">{\"@context\":\"https:\/\/schema.org\",\"@graph\":[{\"@type\":\"WebPage\",\"@id\":\"https:\/\/vwdtest.com\/lt\/privacy-policy\/\",\"url\":\"https:\/\/vwdtest.com\/lt\/privacy-policy\/\",\"name\":\"Privatumo politika - Lithuania\",\"isPartOf\":{\"@id\":\"https:\/\/vwdtest.com\/lt\/#website\"},\"datePublished\":\"2023-02-13T11:33:55+00:00\",\"dateModified\":\"2023-10-10T07:20:47+00:00\",\"breadcrumb\":{\"@id\":\"https:\/\/vwdtest.com\/lt\/privacy-policy\/#breadcrumb\"},\"inLanguage\":\"en-US\",\"potentialAction\":[{\"@type\":\"ReadAction\",\"target\":[\"https:\/\/vwdtest.com\/lt\/privacy-policy\/\"]}]},{\"@type\":\"BreadcrumbList\",\"@id\":\"https:\/\/vwdtest.com\/lt\/privacy-policy\/#breadcrumb\",\"itemListElement\":[{\"@type\":\"ListItem\",\"position\":1,\"name\":\"Home\",\"item\":\"https:\/\/vwdtest.com\/lt\/\"},{\"@type\":\"ListItem\",\"position\":2,\"name\":\"Privatumo politika\"}]},{\"@type\":\"WebSite\",\"@id\":\"https:\/\/vwdtest.com\/lt\/#website\",\"url\":\"https:\/\/vwdtest.com\/lt\/\",\"name\":\"Lithuania\",\"description\":\"\",\"potentialAction\":[{\"@type\":\"SearchAction\",\"target\":{\"@type\":\"EntryPoint\",\"urlTemplate\":\"https:\/\/vwdtest.com\/lt\/?s={search_term_string}\"},\"query-input\":\"required name=search_term_string\"}],\"inLanguage\":\"en-US\"}]}<\/script>\n<!-- \/ Yoast SEO plugin. -->","yoast_head_json":{"title":"Privatumo politika - Lithuania","robots":{"index":"index","follow":"follow","max-snippet":"max-snippet:-1","max-image-preview":"max-image-preview:large","max-video-preview":"max-video-preview:-1"},"canonical":"https:\/\/vwdtest.com\/lt\/privacy-policy\/","og_locale":"en_US","og_type":"article","og_title":"Privatumo politika - Lithuania","og_description":"Kas mes esame Si\u016blomas tekstas: M\u016bs\u0173 svetain\u0117s adresas: https:\/\/vwdtest.com\/lt. Komentarai Si\u016blomas tekstas: kai lankytojai komentuoja svetain\u0119, renkame duomenis, rodomus komentar\u0173 formoje, taip pat lankytojo IP adres\u0105 ir nar\u0161ykl\u0117s vartotojo agento eilut\u0119. kad b\u016bt\u0173 lengviau aptikti \u0161lam\u0161t\u0105. Anonimin\u0117 eilut\u0117, sukurta i\u0161 j\u016bs\u0173 el. pa\u0161to adreso (taip pat vadinama mai\u0161a), gali b\u016bti pateikta \u201eGravatar\u201c paslaugai, kad b\u016bt\u0173 [&hellip;]","og_url":"https:\/\/vwdtest.com\/lt\/privacy-policy\/","og_site_name":"Lithuania","article_modified_time":"2023-10-10T07:20:47+00:00","twitter_card":"summary_large_image","twitter_misc":{"Est. reading time":"3 minutes"},"schema":{"@context":"https:\/\/schema.org","@graph":[{"@type":"WebPage","@id":"https:\/\/vwdtest.com\/lt\/privacy-policy\/","url":"https:\/\/vwdtest.com\/lt\/privacy-policy\/","name":"Privatumo politika - Lithuania","isPartOf":{"@id":"https:\/\/vwdtest.com\/lt\/#website"},"datePublished":"2023-02-13T11:33:55+00:00","dateModified":"2023-10-10T07:20:47+00:00","breadcrumb":{"@id":"https:\/\/vwdtest.com\/lt\/privacy-policy\/#breadcrumb"},"inLanguage":"en-US","potentialAction":[{"@type":"ReadAction","target":["https:\/\/vwdtest.com\/lt\/privacy-policy\/"]}]},{"@type":"BreadcrumbList","@id":"https:\/\/vwdtest.com\/lt\/privacy-policy\/#breadcrumb","itemListElement":[{"@type":"ListItem","position":1,"name":"Home","item":"https:\/\/vwdtest.com\/lt\/"},{"@type":"ListItem","position":2,"name":"Privatumo politika"}]},{"@type":"WebSite","@id":"https:\/\/vwdtest.com\/lt\/#website","url":"https:\/\/vwdtest.com\/lt\/","name":"Lithuania","description":"","potentialAction":[{"@type":"SearchAction","target":{"@type":"EntryPoint","urlTemplate":"https:\/\/vwdtest.com\/lt\/?s={search_term_string}"},"query-input":"required name=search_term_string"}],"inLanguage":"en-US"}]}},"_links":{"self":[{"href":"https:\/\/vwdtest.com\/lt\/wp-json\/wp\/v2\/pages\/3"}],"collection":[{"href":"https:\/\/vwdtest.com\/lt\/wp-json\/wp\/v2\/pages"}],"about":[{"href":"https:\/\/vwdtest.com\/lt\/wp-json\/wp\/v2\/types\/page"}],"author":[{"embeddable":true,"href":"https:\/\/vwdtest.com\/lt\/wp-json\/wp\/v2\/users\/1"}],"replies":[{"embeddable":true,"href":"https:\/\/vwdtest.com\/lt\/wp-json\/wp\/v2\/comments?post=3"}],"version-history":[{"count":4,"href":"https:\/\/vwdtest.com\/lt\/wp-json\/wp\/v2\/pages\/3\/revisions"}],"predecessor-version":[{"id":1791,"href":"https:\/\/vwdtest.com\/lt\/wp-json\/wp\/v2\/pages\/3\/revisions\/1791"}],"wp:attachment":[{"href":"https:\/\/vwdtest.com\/lt\/wp-json\/wp\/v2\/media?parent=3"}],"curies":[{"name":"wp","href":"https:\/\/api.w.org\/{rel}","templated":true}]}}