{"id":266,"date":"2023-02-21T21:23:10","date_gmt":"2023-02-21T21:23:10","guid":{"rendered":"https:\/\/new.vwdtest.com\/lt\/?page_id=266"},"modified":"2024-03-05T12:34:52","modified_gmt":"2024-03-05T12:34:52","slug":"cookie-preferences","status":"publish","type":"page","link":"https:\/\/vwdtest.com\/lt\/cookie-preferences\/","title":{"rendered":"Slapuk\u0173 nuostatos"},"content":{"rendered":"<div class=\"default-block container\">\n<h2>Informacija apie slapukus<\/h2>\n<\/div>\n\n<div class=\"default-block container\">\n<p>Slapukai yra duomen\u0173 dalys, kurias svetain\u0117 gali perkelti \u012f naudotojo \u017einiatinklio nar\u0161ykl\u0119. Kai lankot\u0117s\u00a0<a href=\"http:\/\/www.vwdtest.com\/lt\">www.vwdtest.com<\/a>, jei j\u016bs\u0173 nar\u0161ykl\u0117 naudoja standartinius nustatymus ir priima slapukus, sutinkate slapukai i\u0161 \u0161ios svetain\u0117s, kurie bus saugomi j\u016bs\u0173 kompiuteryje. I\u0161saugoti slapukai gali likti j\u016bs\u0173 kompiuteryje, kai i\u0161einate i\u0161\u00a0<a href=\"http:\/\/www.vwdtest.com\/lt\">www.vwdtest.com<\/a>.<\/p>\n<\/div>\n\n<div class=\"default-block container\">\n<p>Jei nenorite, kad taip nutikt\u0173, galite pritaikyti savo interneto nar\u0161ykl\u0119 taip, kad ji atsisakyt\u0173 slapuk\u0173 arba \u012fsp\u0117t\u0173 jus, kai naudojami slapukai. Taip pat galite juos rankiniu b\u016bdu i\u0161trinti nar\u0161ykl\u0117s nustatymuose. Dauguma <a href=\"https:\/\/www.vwdtest.com\/lt\">www.vwdtest.com<\/a> element\u0173 vis tiek veiks, jei \u017einiatinklio nar\u0161ykl\u0117s nustatymuose i\u0161jungsite slapukus.<\/p>\n<\/div>\n\n<div class=\"default-block container\">\n<p>Daugiau informacijos apie slapukus, \u012fskaitant tai, kaip su\u017einoti, kokie slapukai buvo nustatyti j\u016bs\u0173 \u012frenginyje ir kaip juos tvarkyti bei i\u0161trinti, rasite adresu&nbsp;<a rel=\"noreferrer noopener\" href=\"https:\/\/www.aboutcookies .org\/\" target=\"_blank\">www.aboutcookies.org<\/a>.<\/p>\n<\/div>\n\n<div class=\"default-block container\">\n<p>\u00a0<a href=\"https:\/\/www.vwdtest.com\/lt\">www.vwdtest.com<\/a>\u00a0naudojami \u012fvairi\u0173 tip\u0173 slapukai:<\/p>\n<\/div>\n\n<div class=\"default-block container\">\n<p><strong>Grie\u017etai b\u016btina<\/strong><\/p>\n<\/div>\n\n<div class=\"default-block container\">\n<figure class=\"wp-block-table\"><table><thead><tr><th>Slapuko tipas<\/th><th>Pavadinimas<\/th><th>Paskirtis<\/th><th>Baigiasi <\/th><\/tr><\/thead><tbody><tr><td>Matomo<\/td><td>mtm_cookie_consent<\/td><td>Tai saugoma siekiant prisiminti, kad sutikimas saugoti ir naudoti slapukus buvo pateik\u0117 naudotojas.<\/td><td>30 met\u0173<\/td><\/tr><\/tbody><\/table><\/figure>\n<\/div>\n\n<div class=\"default-block container\">\n<p><strong>Na\u0161umo slapukai<\/strong><\/p>\n<\/div>\n\n<div class=\"default-block container\">\n<figure class=\"wp-block-table\"><table><thead><tr><th>Slapuko tipas<\/th><th>Pavadinimas<\/th><th>Paskirtis<\/th><th>Baigiasi <\/th><\/tr><\/thead><tbody><tr><td>Matomo<\/td><td>_pk_id<\/td><td>Tai naudojama kai kuriai informacijai apie vartotoj\u0105 i\u0161saugoti, pvz. unikalus lankytojo ID.<\/td><td>1 metai, 1 m\u0117nuo<\/td><\/tr><tr><td>_pk_ref<\/td><td>Jis naudojamas priskyrimo informacijai saugoti, persiuntimo URL i\u0161 prad\u017ei\u0173 buvo naudojamas lankantis svetain\u0117je.<\/td><td>6 m\u0117nesiai<\/td><\/tr><tr><td>_pk_ses<\/td><td>Tai naudojama unikaliam seanso ID saugoti.<\/td><td>30 minu\u010di\u0173<\/td><\/tr><tr><td>_pk_cvar<\/td><td>Tai naudojama unikaliam seanso ID i\u0161saugoti.<\/td><td>30 minu\u010di\u0173<\/td><td> <\/td><\/tr><tr><td>_pk_hsr<\/td><td>Tai naudojama unikaliam seanso ID i\u0161saugoti.<\/td><td>30 minu\u010di\u0173<\/td><\/tr><tr><td>_pk_testcookie<\/td><td>Tai naudojama patikrinti, ar lankytojo nar\u0161ykl\u0117 palaiko slapukus.<\/td><td>Seansas<\/td><\/tr><tr><td>Matomo_sessid<\/td><td>Tai naudojama unikaliam seanso ID i\u0161saugoti.<\/td><td>Seansas<\/td><\/tr><tr><\/tr><\/tbody><\/table><\/figure>\n<\/div>\n\n<div class=\"default-block container\">\n<p>Jei aktyviai kei\u010diate nustatymus, kad leist\u0173 na\u0161umo slapukus, sutinkate, kad \u201eMatomo\u201c rinkt\u0173 informacij\u0105 apie tai, kaip naudojat\u0117s ir nar\u0161ote m\u016bs\u0173 svetain\u0119. \u0160io proceso metu j\u016bs\u0173 IP adresas bus anonimizuotas. \u0160i\u0105 informacij\u0105 naudojame siekdami pagerinti vis\u0173 m\u016bs\u0173 pagrindinio puslapio lankytoj\u0173 patirt\u012f.<\/p>\n<\/div>\n\n<div class=\"default-block container\">\n<p><strong>Funkcionalumo slapukai<\/strong><\/p>\n<\/div>\n\n<div class=\"default-block container\">\n<p>Tai yra slapukai, kurie n\u0117ra b\u016btini, ta\u010diau jie pagerina j\u016bs\u0173 naudojim\u0105si <a href=\"https:\/\/www.vwdtest.com\/lt\">www.vwdtest.com<\/a>:<\/p>\n<\/div>\n\n<div class=\"default-block container\">\n<figure class=\"wp-block-table\"><table><thead><tr><th>Slapuko tipas<\/th><th>Pavadinimas<\/th><th>Baigiasi<\/th><th>Paskirtis <\/th><\/tr><\/thead><tbody><tr><td>Nuolatinis slapukas<\/td><td>cookieconsent_status<\/td><td>1 metai<\/td><td>\u0160is slapukas yra susietas su scenarijumi, kuris svetain\u0117je rodo \u012fsp\u0117jim\u0105 apie slapukus. Jis naudojamas \u012fra\u0161yti, kai vartotojas atmet\u0117 prane\u0161im\u0105, kad jis nepasikartot\u0173 pakartotini\u0173 apsilankym\u0173 metu.<\/td><\/tr><\/tbody><\/table><\/figure>\n<\/div>","protected":false},"excerpt":{"rendered":"<p>Informacija apie slapukus Slapukai yra duomen\u0173 dalys, kurias svetain\u0117 gali perkelti \u012f naudotojo \u017einiatinklio nar\u0161ykl\u0119. Kai lankot\u0117s\u00a0www.vwdtest.com, jei j\u016bs\u0173 nar\u0161ykl\u0117 naudoja standartinius nustatymus ir priima slapukus, sutinkate slapukai i\u0161 \u0161ios svetain\u0117s, kurie bus saugomi j\u016bs\u0173 kompiuteryje. I\u0161saugoti slapukai gali likti j\u016bs\u0173 kompiuteryje, kai i\u0161einate i\u0161\u00a0www.vwdtest.com. Jei nenorite, kad taip nutikt\u0173, galite pritaikyti savo interneto nar\u0161ykl\u0119 [&hellip;]<\/p>\n","protected":false},"author":1,"featured_media":0,"parent":0,"menu_order":0,"comment_status":"closed","ping_status":"closed","template":"front-page.php","meta":{"inline_featured_image":false},"acf":[],"yoast_head":"<!-- This site is optimized with the Yoast SEO plugin v20.4 - https:\/\/yoast.com\/wordpress\/plugins\/seo\/ -->\n<title>Slapuk\u0173 nuostatos - Lithuania<\/title>\n<meta name=\"robots\" content=\"index, follow, max-snippet:-1, max-image-preview:large, max-video-preview:-1\" \/>\n<link rel=\"canonical\" href=\"https:\/\/vwdtest.com\/lt\/cookie-preferences\/\" \/>\n<meta property=\"og:locale\" content=\"en_US\" \/>\n<meta property=\"og:type\" content=\"article\" \/>\n<meta property=\"og:title\" content=\"Slapuk\u0173 nuostatos - Lithuania\" \/>\n<meta property=\"og:description\" content=\"Informacija apie slapukus Slapukai yra duomen\u0173 dalys, kurias svetain\u0117 gali perkelti \u012f naudotojo \u017einiatinklio nar\u0161ykl\u0119. Kai lankot\u0117s\u00a0www.vwdtest.com, jei j\u016bs\u0173 nar\u0161ykl\u0117 naudoja standartinius nustatymus ir priima slapukus, sutinkate slapukai i\u0161 \u0161ios svetain\u0117s, kurie bus saugomi j\u016bs\u0173 kompiuteryje. I\u0161saugoti slapukai gali likti j\u016bs\u0173 kompiuteryje, kai i\u0161einate i\u0161\u00a0www.vwdtest.com. Jei nenorite, kad taip nutikt\u0173, galite pritaikyti savo interneto nar\u0161ykl\u0119 [&hellip;]\" \/>\n<meta property=\"og:url\" content=\"https:\/\/vwdtest.com\/lt\/cookie-preferences\/\" \/>\n<meta property=\"og:site_name\" content=\"Lithuania\" \/>\n<meta property=\"article:modified_time\" content=\"2024-03-05T12:34:52+00:00\" \/>\n<meta name=\"twitter:card\" content=\"summary_large_image\" \/>\n<meta name=\"twitter:label1\" content=\"Est. reading time\" \/>\n\t<meta name=\"twitter:data1\" content=\"2 minutes\" \/>\n<script type=\"application\/ld+json\" class=\"yoast-schema-graph\">{\"@context\":\"https:\/\/schema.org\",\"@graph\":[{\"@type\":\"WebPage\",\"@id\":\"https:\/\/vwdtest.com\/lt\/cookie-preferences\/\",\"url\":\"https:\/\/vwdtest.com\/lt\/cookie-preferences\/\",\"name\":\"Slapuk\u0173 nuostatos - Lithuania\",\"isPartOf\":{\"@id\":\"https:\/\/vwdtest.com\/lt\/#website\"},\"datePublished\":\"2023-02-21T21:23:10+00:00\",\"dateModified\":\"2024-03-05T12:34:52+00:00\",\"breadcrumb\":{\"@id\":\"https:\/\/vwdtest.com\/lt\/cookie-preferences\/#breadcrumb\"},\"inLanguage\":\"en-US\",\"potentialAction\":[{\"@type\":\"ReadAction\",\"target\":[\"https:\/\/vwdtest.com\/lt\/cookie-preferences\/\"]}]},{\"@type\":\"BreadcrumbList\",\"@id\":\"https:\/\/vwdtest.com\/lt\/cookie-preferences\/#breadcrumb\",\"itemListElement\":[{\"@type\":\"ListItem\",\"position\":1,\"name\":\"Home\",\"item\":\"https:\/\/vwdtest.com\/lt\/\"},{\"@type\":\"ListItem\",\"position\":2,\"name\":\"Slapuk\u0173 nuostatos\"}]},{\"@type\":\"WebSite\",\"@id\":\"https:\/\/vwdtest.com\/lt\/#website\",\"url\":\"https:\/\/vwdtest.com\/lt\/\",\"name\":\"Lithuania\",\"description\":\"\",\"potentialAction\":[{\"@type\":\"SearchAction\",\"target\":{\"@type\":\"EntryPoint\",\"urlTemplate\":\"https:\/\/vwdtest.com\/lt\/?s={search_term_string}\"},\"query-input\":\"required name=search_term_string\"}],\"inLanguage\":\"en-US\"}]}<\/script>\n<!-- \/ Yoast SEO plugin. -->","yoast_head_json":{"title":"Slapuk\u0173 nuostatos - Lithuania","robots":{"index":"index","follow":"follow","max-snippet":"max-snippet:-1","max-image-preview":"max-image-preview:large","max-video-preview":"max-video-preview:-1"},"canonical":"https:\/\/vwdtest.com\/lt\/cookie-preferences\/","og_locale":"en_US","og_type":"article","og_title":"Slapuk\u0173 nuostatos - Lithuania","og_description":"Informacija apie slapukus Slapukai yra duomen\u0173 dalys, kurias svetain\u0117 gali perkelti \u012f naudotojo \u017einiatinklio nar\u0161ykl\u0119. Kai lankot\u0117s\u00a0www.vwdtest.com, jei j\u016bs\u0173 nar\u0161ykl\u0117 naudoja standartinius nustatymus ir priima slapukus, sutinkate slapukai i\u0161 \u0161ios svetain\u0117s, kurie bus saugomi j\u016bs\u0173 kompiuteryje. I\u0161saugoti slapukai gali likti j\u016bs\u0173 kompiuteryje, kai i\u0161einate i\u0161\u00a0www.vwdtest.com. Jei nenorite, kad taip nutikt\u0173, galite pritaikyti savo interneto nar\u0161ykl\u0119 [&hellip;]","og_url":"https:\/\/vwdtest.com\/lt\/cookie-preferences\/","og_site_name":"Lithuania","article_modified_time":"2024-03-05T12:34:52+00:00","twitter_card":"summary_large_image","twitter_misc":{"Est. reading time":"2 minutes"},"schema":{"@context":"https:\/\/schema.org","@graph":[{"@type":"WebPage","@id":"https:\/\/vwdtest.com\/lt\/cookie-preferences\/","url":"https:\/\/vwdtest.com\/lt\/cookie-preferences\/","name":"Slapuk\u0173 nuostatos - Lithuania","isPartOf":{"@id":"https:\/\/vwdtest.com\/lt\/#website"},"datePublished":"2023-02-21T21:23:10+00:00","dateModified":"2024-03-05T12:34:52+00:00","breadcrumb":{"@id":"https:\/\/vwdtest.com\/lt\/cookie-preferences\/#breadcrumb"},"inLanguage":"en-US","potentialAction":[{"@type":"ReadAction","target":["https:\/\/vwdtest.com\/lt\/cookie-preferences\/"]}]},{"@type":"BreadcrumbList","@id":"https:\/\/vwdtest.com\/lt\/cookie-preferences\/#breadcrumb","itemListElement":[{"@type":"ListItem","position":1,"name":"Home","item":"https:\/\/vwdtest.com\/lt\/"},{"@type":"ListItem","position":2,"name":"Slapuk\u0173 nuostatos"}]},{"@type":"WebSite","@id":"https:\/\/vwdtest.com\/lt\/#website","url":"https:\/\/vwdtest.com\/lt\/","name":"Lithuania","description":"","potentialAction":[{"@type":"SearchAction","target":{"@type":"EntryPoint","urlTemplate":"https:\/\/vwdtest.com\/lt\/?s={search_term_string}"},"query-input":"required name=search_term_string"}],"inLanguage":"en-US"}]}},"_links":{"self":[{"href":"https:\/\/vwdtest.com\/lt\/wp-json\/wp\/v2\/pages\/266"}],"collection":[{"href":"https:\/\/vwdtest.com\/lt\/wp-json\/wp\/v2\/pages"}],"about":[{"href":"https:\/\/vwdtest.com\/lt\/wp-json\/wp\/v2\/types\/page"}],"author":[{"embeddable":true,"href":"https:\/\/vwdtest.com\/lt\/wp-json\/wp\/v2\/users\/1"}],"replies":[{"embeddable":true,"href":"https:\/\/vwdtest.com\/lt\/wp-json\/wp\/v2\/comments?post=266"}],"version-history":[{"count":11,"href":"https:\/\/vwdtest.com\/lt\/wp-json\/wp\/v2\/pages\/266\/revisions"}],"predecessor-version":[{"id":2201,"href":"https:\/\/vwdtest.com\/lt\/wp-json\/wp\/v2\/pages\/266\/revisions\/2201"}],"wp:attachment":[{"href":"https:\/\/vwdtest.com\/lt\/wp-json\/wp\/v2\/media?parent=266"}],"curies":[{"name":"wp","href":"https:\/\/api.w.org\/{rel}","templated":true}]}}