{"id":259,"date":"2023-02-21T21:13:32","date_gmt":"2023-02-21T21:13:32","guid":{"rendered":"https:\/\/new.vwdtest.com\/lt\/?page_id=259"},"modified":"2024-01-09T09:37:38","modified_gmt":"2024-01-09T09:37:38","slug":"hcp-vwd","status":"publish","type":"page","link":"https:\/\/vwdtest.com\/lt\/hcp-vwd\/","title":{"rendered":"SPS ir VWL"},"content":{"rendered":"\r\n\r\n<div class=\"container hb\">\r\n\t<div class=\"row\">\r\n\t\t<div class=\"col-12 col-lg-6 rtl\">\t\t<div class=\"hb__video ltr\">\r\n\t\t\t<div class=\"hb__video-img play_video\" data-video=\"video_hba\"><img decoding=\"async\" src=\"https:\/\/vwdtest.com\/lt\/wp-content\/uploads\/sites\/15\/2023\/12\/VWD-thumbs-Corrales-English.png\"\r\n\t\t\t\t\tclass=\"hb__video-image\"><\/div>\r\n\t\t\t<div class=\"hb__video-text\">\r\n\t\t\t\t<h3 class=\"hb__video-title\">\r\n\t\t\t\t\t\u017di\u016br\u0117kite prof. Corrales-Medina\t\t\t\t<\/h3>\r\n\t\t\t\t<button id=\"hcp_video\" class=\"hb__video-button button__large play_video\" data-video=\"video_hba\">\r\n\t\t\t\t\t\u017di\u016br\u0117ti\t\t\t\t<\/button>\r\n\t\t\t<\/div>\r\n\t\t<\/div>\r\n\t\t<div class=\"hb__add-text\">\r\n\t\t\t<h3><strong>VWDtest.com suk\u016br\u0117 prof. Corralesas-Medina (Majamio universiteto klinikin\u0117s pediatrijos doc.), prof. Berntorpas (Lundo universiteto klinikini\u0173 koaguliacijos tyrim\u0173 prof.) ir j\u0173 tarptautin\u0117 komanda \u2013 kraujavimo sutrikim\u0173 ekspertai, kad atsakyt\u0173 \u012f j\u016bs\u0173 klausimus apie ne\u012fprastus kraujavimo simptomus ir <a href=\"https:\/\/vwdtest.com\/lt\/von-willebrand-disease\/\">von Willebrando lig\u0105 (VWL).<\/a><\/strong><\/h3>\n\t\t<\/div>\r\n\t\t<h1>\r\n\t\t\tVisi kartu: r\u016bpestis \u017emon\u0117mis, sergan\u010diais VWL\t\t<\/h1>\r\n\t\t<ul>\n<li>Ar bent vienas i\u0161 j\u016bs\u0173 pacient\u0173 nerimauja d\u0117l da\u017eno kraujavimo i\u0161 nosies ar gausi\u0173 m\u0117nesini\u0173?<\/li>\n<li>Ar t\u0117vai jau\u010dia susir\u016bpinim\u0105 d\u0117l to, kad j\u0173 vaikui taip lengvai atsiranda kraujosruv\u0173?<\/li>\n<li>Ar su jumis susisiek\u0117 von Willebrando liga sergantis pacientas, norintis gydytis, o gal vienam i\u0161 j\u016bs\u0173 ilgalaiki\u0173 pacient\u0173 neseniai buvo diagnozuota \u0161i liga?<\/li>\n<li>Ar jums atrodo, kad neseniai atliktos proced\u016bros metu atsirad\u0119s kraujavimas pana\u0161us \u012f nediagnozuot\u0105 kraujavimo sutrikim\u0105?<\/li>\n<\/ul>\n<h4>Daugelis pacient\u0173, sergan\u010di\u0173 <span class=\"TextRun SCXP212752330 BCX0\" lang=\"EN-GB\" xml:lang=\"EN-GB\" data-scheme-color=\"@FF0000,,\" data-usefontface=\"false\" data-contrast=\"none\"><span class=\"NormalTextRun SCXP212752330 BCX0\"><a href=\"https:\/\/vwdtest.com\/lt\/von-willebrand-disease\/\">Von Willebrando liga<\/a> (VWL<\/span><\/span><span class=\"TextRun SCXP212752330 BCX0\" lang=\"EN-GB\" xml:lang=\"EN-GB\" data-usefontface=\"false\" data-contrast=\"none\"><span class=\"NormalTextRun SCXP212752330 BCX0\">),\u00a0<\/span><\/span>ne\u017eino apie savo b\u016bkl\u0119 ir j\u0173 diagnoz\u0117 vis dar neai\u0161ki. VWDtest.com teikia pagalb\u0105 nustatant ir diagnozuojant, ar pacientas turi kraujavimo sutrikim\u0173. Taip pat \u010dia rasite gaires, kok\u012f vaidmen\u012f atliekate paciento kelyje ir kaip valdyti ekspert\u0173 patarimus d\u0117l VWL. VWL diagnoz\u0117 ir valdymas visada yra daugialyp\u0117s pastangos, o j\u016bs\u0173 ind\u0117lis ir kompetencija yra b\u016btini siekiant u\u017etikrinti, kad pacientai gaut\u0173 reikiam\u0105 prie\u017ei\u016br\u0105.<\/h4>\n\t<\/div>\r\n\t<div class=\"col-12 col-lg-6\">\r\n\t<div class=\"hb__persons row\">\r\n\t\t\t\t\t\t\t\t\r\n\t\t\t\t<div class=\"hb__person col-6\" id=\"person_1\">\r\n\t\t\t\t\t<img decoding=\"async\" class=\"hb__person-image hbi\" src=\"https:\/\/vwdtest.com\/lt\/wp-content\/uploads\/sites\/15\/2023\/02\/gynaecologist.png\"\r\n\t\t\t\t\t\talt=\"GINEKOLOGAS&lt;br&gt;\/ AKU\u0160ERIS\">\r\n\t\t\t\t\t<a href=\"https:\/\/vwdtest.com\/lt\/vwd-and-gynaecology-obstetrics\/\" class=\"hb__person-button hbb\">\r\n\t\t\t\t\t\t<div class=\"hb__person-text\">\r\n\t\t\t\t\t\t\t<span class=\"hb__person-content\">\r\n\t\t\t\t\t\t\t\tGINEKOLOGAS<br>\/ AKU\u0160ERIS<span class=\"hb__person-content-arrow\"><\/span>\r\n\t\t\t\t\t\t\t<\/span>\r\n\t\t\t\t\t\t\t<span class=\"hb__person-bg\">\r\n\t\t\t\t\t\t\t\t<span class=\"hb__person-arrow triangle up hba\"><\/span>\r\n\t\t\t\t\t\t\t<\/span>\r\n\t\t\t\t\t\t<\/div>\r\n\t\t\t\t\t<\/a>\r\n\t\t\t\t<\/div>\r\n\t\t\t\t\t\t\t\r\n\t\t\t\t<div class=\"hb__person col-6\" id=\"person_2\">\r\n\t\t\t\t\t<img decoding=\"async\" class=\"hb__person-image hbi\" src=\"https:\/\/vwdtest.com\/lt\/wp-content\/uploads\/sites\/15\/2023\/02\/dentist.png\"\r\n\t\t\t\t\t\talt=\"Odontologas\">\r\n\t\t\t\t\t<a href=\"https:\/\/vwdtest.com\/lt\/vwd-and-denstistry\/\" class=\"hb__person-button hbb\">\r\n\t\t\t\t\t\t<div class=\"hb__person-text\">\r\n\t\t\t\t\t\t\t<span class=\"hb__person-content\">\r\n\t\t\t\t\t\t\t\tOdontologas<span class=\"hb__person-content-arrow\"><\/span>\r\n\t\t\t\t\t\t\t<\/span>\r\n\t\t\t\t\t\t\t<span class=\"hb__person-bg\">\r\n\t\t\t\t\t\t\t\t<span class=\"hb__person-arrow triangle up hba\"><\/span>\r\n\t\t\t\t\t\t\t<\/span>\r\n\t\t\t\t\t\t<\/div>\r\n\t\t\t\t\t<\/a>\r\n\t\t\t\t<\/div>\r\n\t\t\t\t\t\t\t\r\n\t\t\t\t<div class=\"hb__person col-6\" id=\"person_3\">\r\n\t\t\t\t\t<img decoding=\"async\" class=\"hb__person-image hbi\" src=\"https:\/\/vwdtest.com\/lt\/wp-content\/uploads\/sites\/15\/2023\/02\/family-doctor.png\"\r\n\t\t\t\t\t\talt=\"\u0160EIMOS GYDYTOJAS&lt;br&gt;\/ PEDIATRAS\">\r\n\t\t\t\t\t<a href=\"https:\/\/vwdtest.com\/lt\/family-doctor-paediatrician\/\" class=\"hb__person-button hbb\">\r\n\t\t\t\t\t\t<div class=\"hb__person-text\">\r\n\t\t\t\t\t\t\t<span class=\"hb__person-content\">\r\n\t\t\t\t\t\t\t\t\u0160EIMOS GYDYTOJAS<br>\/ PEDIATRAS<span class=\"hb__person-content-arrow\"><\/span>\r\n\t\t\t\t\t\t\t<\/span>\r\n\t\t\t\t\t\t\t<span class=\"hb__person-bg\">\r\n\t\t\t\t\t\t\t\t<span class=\"hb__person-arrow triangle up hba\"><\/span>\r\n\t\t\t\t\t\t\t<\/span>\r\n\t\t\t\t\t\t<\/div>\r\n\t\t\t\t\t<\/a>\r\n\t\t\t\t<\/div>\r\n\t\t\t\t\t\t\t\r\n\t\t\t\t<div class=\"hb__person col-6\" id=\"person_4\">\r\n\t\t\t\t\t<img decoding=\"async\" class=\"hb__person-image hbi\" src=\"https:\/\/vwdtest.com\/lt\/wp-content\/uploads\/sites\/15\/2023\/02\/resources.png\"\r\n\t\t\t\t\t\talt=\"\u012erankiai gydytojui\">\r\n\t\t\t\t\t<a href=\"https:\/\/vwdtest.com\/lt\/clinician-materials\/\" class=\"hb__person-button hbb\">\r\n\t\t\t\t\t\t<div class=\"hb__person-text\">\r\n\t\t\t\t\t\t\t<span class=\"hb__person-content\">\r\n\t\t\t\t\t\t\t\t\u012erankiai gydytojui<span class=\"hb__person-content-arrow\"><\/span>\r\n\t\t\t\t\t\t\t<\/span>\r\n\t\t\t\t\t\t\t<span class=\"hb__person-bg\">\r\n\t\t\t\t\t\t\t\t<span class=\"hb__person-arrow triangle up hba\"><\/span>\r\n\t\t\t\t\t\t\t<\/span>\r\n\t\t\t\t\t\t<\/div>\r\n\t\t\t\t\t<\/a>\r\n\t\t\t\t<\/div>\r\n\t\t\t\t\t\t\t\t\t\t<\/div>\r\n<\/div>\r\n<!-- <div class=\"row\">\r\n\t<div class=\"col-12 col-lg-5\">\r\n\t\t<div class=\"hb__video\">\r\n\t\t\t<div class=\"hb__video-img play_video\" data-video=\"video_hba\"><img decoding=\"async\" src=\"https:\/\/vwdtest.com\/lt\/wp-content\/uploads\/sites\/15\/2023\/12\/VWD-thumbs-Corrales-English.png\"\r\n\t\t\t\t\tclass=\"hb__video-image\"><\/div>\r\n\t\t\t<div class=\"hb__video-text\">\r\n\t\t\t\t<h3 class=\"hb__video-title\">\r\n\t\t\t\t\t\u017di\u016br\u0117kite prof. Corrales-Medina\t\t\t\t<\/h3>\r\n\t\t\t\t<button class=\"hb__video-button button__large play_video\" data-video=\"video_hba\">\r\n\t\t\t\t\t\u017di\u016br\u0117ti\t\t\t\t<\/button>\r\n\t\t\t<\/div>\r\n\t\t<\/div>\r\n\t<\/div>\r\n\t<div class=\"col-12 col-lg-7\">\r\n\t\t<div class=\"hb__add-text\">\r\n\t\t\t<h3><strong>VWDtest.com suk\u016br\u0117 prof. Corralesas-Medina (Majamio universiteto klinikin\u0117s pediatrijos doc.), prof. Berntorpas (Lundo universiteto klinikini\u0173 koaguliacijos tyrim\u0173 prof.) ir j\u0173 tarptautin\u0117 komanda \u2013 kraujavimo sutrikim\u0173 ekspertai, kad atsakyt\u0173 \u012f j\u016bs\u0173 klausimus apie ne\u012fprastus kraujavimo simptomus ir <a href=\"https:\/\/vwdtest.com\/lt\/von-willebrand-disease\/\">von Willebrando lig\u0105 (VWL).<\/a><\/strong><\/h3>\n\t\t<\/div>\r\n\t<\/div>\r\n<\/div> -->\r\n<\/div>\r\n\r\n<div class=\"video\" id=\"video_hba\">\r\n\t<div class=\"video__box\">\r\n\t\t<div class=\"popup-close-icon\"><img\r\n\t\t\t\tsrc=\"https:\/\/vwdtest.com\/fr\/wp-content\/uploads\/sites\/22\/2023\/09\/cross-icon1.svg\" alt=\"cross-icon\">\r\n\t\t<\/div>\r\n\t\t<video width=\"320\" height=\"240\" controls>\r\n\t\t\t<source src=\"https:\/\/vwdtest.com\/lt\/wp-content\/uploads\/sites\/15\/2023\/12\/VWD-Test-Main-Video_12_Corrales-EN.mp4\" type=\"video\/mp4\">\r\n\t\t\tYour browser does not support the video tag.\r\n\t\t\t\t\t<\/video>\r\n\t<\/div>\r\n<\/div>","protected":false},"excerpt":{"rendered":"","protected":false},"author":1,"featured_media":0,"parent":0,"menu_order":0,"comment_status":"closed","ping_status":"closed","template":"front-page.php","meta":{"inline_featured_image":false},"acf":[],"yoast_head":"<!-- This site is optimized with the Yoast SEO plugin v20.4 - https:\/\/yoast.com\/wordpress\/plugins\/seo\/ -->\n<title>SPS ir VWL - Lithuania<\/title>\n<meta name=\"robots\" content=\"index, follow, max-snippet:-1, max-image-preview:large, max-video-preview:-1\" \/>\n<link rel=\"canonical\" href=\"https:\/\/vwdtest.com\/lt\/hcp-vwd\/\" \/>\n<meta property=\"og:locale\" content=\"en_US\" \/>\n<meta property=\"og:type\" content=\"article\" \/>\n<meta property=\"og:title\" content=\"SPS ir VWL - Lithuania\" \/>\n<meta property=\"og:url\" content=\"https:\/\/vwdtest.com\/lt\/hcp-vwd\/\" \/>\n<meta property=\"og:site_name\" content=\"Lithuania\" \/>\n<meta property=\"article:modified_time\" content=\"2024-01-09T09:37:38+00:00\" \/>\n<meta name=\"twitter:card\" content=\"summary_large_image\" \/>\n<script type=\"application\/ld+json\" class=\"yoast-schema-graph\">{\"@context\":\"https:\/\/schema.org\",\"@graph\":[{\"@type\":\"WebPage\",\"@id\":\"https:\/\/vwdtest.com\/lt\/hcp-vwd\/\",\"url\":\"https:\/\/vwdtest.com\/lt\/hcp-vwd\/\",\"name\":\"SPS ir VWL - Lithuania\",\"isPartOf\":{\"@id\":\"https:\/\/vwdtest.com\/lt\/#website\"},\"datePublished\":\"2023-02-21T21:13:32+00:00\",\"dateModified\":\"2024-01-09T09:37:38+00:00\",\"breadcrumb\":{\"@id\":\"https:\/\/vwdtest.com\/lt\/hcp-vwd\/#breadcrumb\"},\"inLanguage\":\"en-US\",\"potentialAction\":[{\"@type\":\"ReadAction\",\"target\":[\"https:\/\/vwdtest.com\/lt\/hcp-vwd\/\"]}]},{\"@type\":\"BreadcrumbList\",\"@id\":\"https:\/\/vwdtest.com\/lt\/hcp-vwd\/#breadcrumb\",\"itemListElement\":[{\"@type\":\"ListItem\",\"position\":1,\"name\":\"Home\",\"item\":\"https:\/\/vwdtest.com\/lt\/\"},{\"@type\":\"ListItem\",\"position\":2,\"name\":\"SPS ir VWL\"}]},{\"@type\":\"WebSite\",\"@id\":\"https:\/\/vwdtest.com\/lt\/#website\",\"url\":\"https:\/\/vwdtest.com\/lt\/\",\"name\":\"Lithuania\",\"description\":\"\",\"potentialAction\":[{\"@type\":\"SearchAction\",\"target\":{\"@type\":\"EntryPoint\",\"urlTemplate\":\"https:\/\/vwdtest.com\/lt\/?s={search_term_string}\"},\"query-input\":\"required name=search_term_string\"}],\"inLanguage\":\"en-US\"}]}<\/script>\n<!-- \/ Yoast SEO plugin. -->","yoast_head_json":{"title":"SPS ir VWL - Lithuania","robots":{"index":"index","follow":"follow","max-snippet":"max-snippet:-1","max-image-preview":"max-image-preview:large","max-video-preview":"max-video-preview:-1"},"canonical":"https:\/\/vwdtest.com\/lt\/hcp-vwd\/","og_locale":"en_US","og_type":"article","og_title":"SPS ir VWL - Lithuania","og_url":"https:\/\/vwdtest.com\/lt\/hcp-vwd\/","og_site_name":"Lithuania","article_modified_time":"2024-01-09T09:37:38+00:00","twitter_card":"summary_large_image","schema":{"@context":"https:\/\/schema.org","@graph":[{"@type":"WebPage","@id":"https:\/\/vwdtest.com\/lt\/hcp-vwd\/","url":"https:\/\/vwdtest.com\/lt\/hcp-vwd\/","name":"SPS ir VWL - Lithuania","isPartOf":{"@id":"https:\/\/vwdtest.com\/lt\/#website"},"datePublished":"2023-02-21T21:13:32+00:00","dateModified":"2024-01-09T09:37:38+00:00","breadcrumb":{"@id":"https:\/\/vwdtest.com\/lt\/hcp-vwd\/#breadcrumb"},"inLanguage":"en-US","potentialAction":[{"@type":"ReadAction","target":["https:\/\/vwdtest.com\/lt\/hcp-vwd\/"]}]},{"@type":"BreadcrumbList","@id":"https:\/\/vwdtest.com\/lt\/hcp-vwd\/#breadcrumb","itemListElement":[{"@type":"ListItem","position":1,"name":"Home","item":"https:\/\/vwdtest.com\/lt\/"},{"@type":"ListItem","position":2,"name":"SPS ir VWL"}]},{"@type":"WebSite","@id":"https:\/\/vwdtest.com\/lt\/#website","url":"https:\/\/vwdtest.com\/lt\/","name":"Lithuania","description":"","potentialAction":[{"@type":"SearchAction","target":{"@type":"EntryPoint","urlTemplate":"https:\/\/vwdtest.com\/lt\/?s={search_term_string}"},"query-input":"required name=search_term_string"}],"inLanguage":"en-US"}]}},"_links":{"self":[{"href":"https:\/\/vwdtest.com\/lt\/wp-json\/wp\/v2\/pages\/259"}],"collection":[{"href":"https:\/\/vwdtest.com\/lt\/wp-json\/wp\/v2\/pages"}],"about":[{"href":"https:\/\/vwdtest.com\/lt\/wp-json\/wp\/v2\/types\/page"}],"author":[{"embeddable":true,"href":"https:\/\/vwdtest.com\/lt\/wp-json\/wp\/v2\/users\/1"}],"replies":[{"embeddable":true,"href":"https:\/\/vwdtest.com\/lt\/wp-json\/wp\/v2\/comments?post=259"}],"version-history":[{"count":58,"href":"https:\/\/vwdtest.com\/lt\/wp-json\/wp\/v2\/pages\/259\/revisions"}],"predecessor-version":[{"id":2145,"href":"https:\/\/vwdtest.com\/lt\/wp-json\/wp\/v2\/pages\/259\/revisions\/2145"}],"wp:attachment":[{"href":"https:\/\/vwdtest.com\/lt\/wp-json\/wp\/v2\/media?parent=259"}],"curies":[{"name":"wp","href":"https:\/\/api.w.org\/{rel}","templated":true}]}}